{"id":6537,"date":"2025-04-15T09:47:22","date_gmt":"2025-04-15T09:47:22","guid":{"rendered":"https:\/\/xenonkungen.com\/product\/bakmarkering-129rm\/"},"modified":"2026-04-24T17:09:26","modified_gmt":"2026-04-24T16:09:26","slug":"bakre-markering-129rm","status":"publish","type":"product","link":"https:\/\/xenonkungen.com\/no\/produkt\/bakre-markering-129rm\/","title":{"rendered":"Bakre merking 129RM"},"content":{"rendered":"<div class=\"container\">\n<h1>Diskret LED-bakmarkeringslys med flere volt og integrert reflektorplate<\/h1>\n<p>Denne LED-bakmarkeringslykten med flere spenninger er utformet for \u00e5 gi maksimal synlighet og sikkerhet for en rekke ulike kj\u00f8ret\u00f8ytyper, fra tilhengere til lastebiler. Med tre lysdioder p\u00e5 venstre side og en integrert refleks p\u00e5 h\u00f8yre side sikrer denne lykten utmerket synlighet under alle v\u00e6rforhold.<\/p>\n<h2>Spesifikasjoner<\/h2>\n<ul>\n<li>Str\u00f8mkilde: Multivolt, egnet for ulike kj\u00f8ret\u00f8ysystemer<\/li>\n<li>LED: 3 kraftige lysdioder for klar og tydelig belysning<\/li>\n<li>Refleksskilt: Integrert p\u00e5 h\u00f8yre side for bedre synlighet<\/li>\n<li>Montering: Fleksibel, kan monteres b\u00e5de vertikalt og horisontalt<\/li>\n<li>Dybde: Kun 13 mm for en diskret utenp\u00e5liggende installasjon<\/li>\n<li>Materialer: Svart ABS-ramme, PMMA-akrylglass for holdbarhet og styrke<\/li>\n<li>Kabellengde: 40 cm fast kabel for enkel installasjon<\/li>\n<li>Holdbarhet: Slagfast, 100% vanntett og st\u00f8vtett for p\u00e5litelig bruk i alle milj\u00f8er<\/li>\n<li>Farger: Tilgjengelig i flere farger for ulike form\u00e5l<\/li>\n<\/ul>\n<h2>Funksjoner og fordeler<\/h2>\n<p>Dette bakre markeringslyset er ideelt for bileiere som setter pris p\u00e5 b\u00e5de funksjon og estetikk. De kraftige LED-lampene og den integrerte refleksplaten gir kraftig belysning, samtidig som de har en lav profil og et diskret utseende.<\/p>\n<ul>\n<li>Garanterer utmerket sikt og sikkerhet for alle typer kj\u00f8ret\u00f8y<\/li>\n<li>Diskret og estetisk tiltalende design som enkelt kan integreres i kj\u00f8ret\u00f8yet<\/li>\n<li>Enkel og allsidig montering for rask installasjon<\/li>\n<li>Slitesterk og p\u00e5litelig med st\u00f8tsikker og vanntett konstruksjon<\/li>\n<li>Multivoltfunksjon gj\u00f8r den kompatibel med et bredt spekter av kj\u00f8ret\u00f8y<\/li>\n<\/ul>\n<\/div>\n<p><strong>Godt \u00e5 vite:<\/strong><br \/>Skruehullene har en avstand p\u00e5 116 mm<br \/>N\u00e5r den er installert, kreves det et 8 mm hull som kabelen deretter tres gjennom.<\/p>\n<p><strong>Informasjon om levering<\/strong><br \/>1. ryggmarkering r\u00f8d<br \/>2 skruer for montering<\/p>\n<p><strong>Garanti<\/strong><br \/>2 \u00e5rs funksjonsgaranti<\/p>","protected":false},"excerpt":{"rendered":"<p><b>Lav profil for sidemarkering<\/b><br \/>\n<b>Multivolt<\/b><br \/>\n<b>R\u00f8dt lys og refleks<\/b><br \/>\n<b>IP67<\/b><br \/>\n<b>2 \u00e5rs funksjonsgaranti<\/b><\/p>","protected":false},"featured_media":6538,"comment_status":"closed","ping_status":"open","template":"","meta":{"_acf_changed":false,"_smort_price_nok":"107","_smort_price_dkk":"68","_smort_price_eur":"9.09","_smort_sale_price_nok":"","_smort_sale_price_dkk":"","_smort_sale_price_eur":"","smort_restorder":"","shipmondo_restorder":"","_kad_blocks_custom_css":"","_kad_blocks_head_custom_js":"","_kad_blocks_body_custom_js":"","_kad_blocks_footer_custom_js":"","smort_custom_pricelist_1":"56","smort_custom_pricelist_2":"56","smort_custom_pricelist_3":"53.2","smort_custom_pricelist_4":"80","smort_custom_pricelist_5":"56"},"anvandningsomrade":[166,238,2816],"bilmarken":[],"product_brand":[1252],"product_cat":[2811,2478],"product_tag":[],"class_list":{"0":"post-6537","1":"product","2":"type-product","3":"status-publish","4":"has-post-thumbnail","6":"anvandningsomrade-lastbil","7":"anvandningsomrade-slap","8":"anvandningsomrade-trailer","9":"product_brand-lea","10":"product_cat-bak","11":"product_cat-positionsljus-slap","12":"pa_fuktskydd-varde-ipxx-ip67","13":"pa_godkannande-ece-e9-emc-r1-ia","14":"pa_storlek-mm-129x32x13","15":"pa_stromforbrukning-0-02a-13-8v","16":"pa_stromforbrukning-0-03a-28v","17":"pa_volt-v-12-24","19":"first","20":"instock","21":"taxable","22":"shipping-taxable","23":"purchasable","24":"product-type-simple"},"bundled_by":[],"bundle_stock_status":"instock","bundle_stock_quantity":11,"bundle_virtual":false,"bundle_layout":"","bundle_add_to_cart_form_location":"","bundle_editable_in_cart":false,"bundle_sold_individually_context":"","bundle_item_grouping":"","bundle_min_size":"","bundle_max_size":"","bundle_price":[],"bundled_items":[],"bundle_sell_ids":[],"acf":[],"yoast_head":"<!-- This site is optimized with the Yoast SEO plugin v27.0 - https:\/\/yoast.com\/product\/yoast-seo-wordpress\/ -->\n<title>Bakmarkering 129RM - Xenonkungen<\/title>\n<meta name=\"robots\" content=\"index, follow, max-snippet:-1, max-image-preview:large, max-video-preview:-1\" \/>\n<link rel=\"canonical\" href=\"https:\/\/xenonkungen.com\/no\/produkt\/bakre-markering-129rm\/\" \/>\n<meta property=\"og:locale\" content=\"nb_NO\" \/>\n<meta property=\"og:type\" content=\"article\" \/>\n<meta property=\"og:title\" content=\"Bakmarkering 129RM - Xenonkungen\" \/>\n<meta property=\"og:description\" content=\"L\u00e5g profil f\u00f6r sidomarkering Multivolt R\u00f6tt ljus och reflex IP67 2 \u00e5rs Funktionsgaranti\" \/>\n<meta property=\"og:url\" content=\"https:\/\/xenonkungen.com\/no\/produkt\/bakre-markering-129rm\/\" \/>\n<meta property=\"og:site_name\" content=\"Xenonkungen\" \/>\n<meta property=\"article:modified_time\" content=\"2026-04-24T16:09:26+00:00\" \/>\n<meta property=\"og:image\" content=\"https:\/\/xenonkungen.com\/wp-content\/uploads\/2025\/04\/21677843-origpic-ec7dde.jpg\" \/>\n\t<meta property=\"og:image:width\" content=\"450\" \/>\n\t<meta property=\"og:image:height\" content=\"450\" \/>\n\t<meta property=\"og:image:type\" content=\"image\/jpeg\" \/>\n<meta name=\"twitter:card\" content=\"summary_large_image\" \/>\n<meta name=\"twitter:label1\" content=\"Ansl. lesetid\" \/>\n\t<meta name=\"twitter:data1\" content=\"2 minutter\" \/>\n<script type=\"application\/ld+json\" class=\"yoast-schema-graph\">{\"@context\":\"https:\/\/schema.org\",\"@graph\":[{\"@type\":\"WebPage\",\"@id\":\"https:\/\/xenonkungen.com\/produkt\/bakmarkering-129rm\/\",\"url\":\"https:\/\/xenonkungen.com\/produkt\/bakmarkering-129rm\/\",\"name\":\"Bakmarkering 129RM - Xenonkungen\",\"isPartOf\":{\"@id\":\"https:\/\/xenonkungen.com\/#website\"},\"primaryImageOfPage\":{\"@id\":\"https:\/\/xenonkungen.com\/produkt\/bakmarkering-129rm\/#primaryimage\"},\"image\":{\"@id\":\"https:\/\/xenonkungen.com\/produkt\/bakmarkering-129rm\/#primaryimage\"},\"thumbnailUrl\":\"https:\/\/xenonkungen.com\/wp-content\/uploads\/2025\/04\/21677843-origpic-ec7dde.jpg\",\"datePublished\":\"2025-04-15T09:47:22+00:00\",\"dateModified\":\"2026-04-24T16:09:26+00:00\",\"breadcrumb\":{\"@id\":\"https:\/\/xenonkungen.com\/produkt\/bakmarkering-129rm\/#breadcrumb\"},\"inLanguage\":\"nb-NO\",\"potentialAction\":[{\"@type\":\"ReadAction\",\"target\":[\"https:\/\/xenonkungen.com\/produkt\/bakmarkering-129rm\/\"]}]},{\"@type\":\"ImageObject\",\"inLanguage\":\"nb-NO\",\"@id\":\"https:\/\/xenonkungen.com\/produkt\/bakmarkering-129rm\/#primaryimage\",\"url\":\"https:\/\/xenonkungen.com\/wp-content\/uploads\/2025\/04\/21677843-origpic-ec7dde.jpg\",\"contentUrl\":\"https:\/\/xenonkungen.com\/wp-content\/uploads\/2025\/04\/21677843-origpic-ec7dde.jpg\",\"width\":450,\"height\":450},{\"@type\":\"BreadcrumbList\",\"@id\":\"https:\/\/xenonkungen.com\/produkt\/bakmarkering-129rm\/#breadcrumb\",\"itemListElement\":[{\"@type\":\"ListItem\",\"position\":1,\"name\":\"Hem\",\"item\":\"https:\/\/xenonkungen.com\/\"},{\"@type\":\"ListItem\",\"position\":2,\"name\":\"Shop\",\"item\":\"https:\/\/xenonkungen.com\/shop\/\"},{\"@type\":\"ListItem\",\"position\":3,\"name\":\"Bakmarkering 129RM\"}]},{\"@type\":\"WebSite\",\"@id\":\"https:\/\/xenonkungen.com\/#website\",\"url\":\"https:\/\/xenonkungen.com\/\",\"name\":\"Xenonkungen\",\"description\":\"\",\"potentialAction\":[{\"@type\":\"SearchAction\",\"target\":{\"@type\":\"EntryPoint\",\"urlTemplate\":\"https:\/\/xenonkungen.com\/?s={search_term_string}\"},\"query-input\":{\"@type\":\"PropertyValueSpecification\",\"valueRequired\":true,\"valueName\":\"search_term_string\"}}],\"inLanguage\":\"nb-NO\"}]}<\/script>\n<!-- \/ Yoast SEO plugin. -->","yoast_head_json":{"title":"Bakre markering 129RM - Xenon-kongen","robots":{"index":"index","follow":"follow","max-snippet":"max-snippet:-1","max-image-preview":"max-image-preview:large","max-video-preview":"max-video-preview:-1"},"canonical":"https:\/\/xenonkungen.com\/no\/produkt\/bakre-markering-129rm\/","og_locale":"nb_NO","og_type":"article","og_title":"Bakmarkering 129RM - Xenonkungen","og_description":"L\u00e5g profil f\u00f6r sidomarkering Multivolt R\u00f6tt ljus och reflex IP67 2 \u00e5rs Funktionsgaranti","og_url":"https:\/\/xenonkungen.com\/no\/produkt\/bakre-markering-129rm\/","og_site_name":"Xenonkungen","article_modified_time":"2026-04-24T16:09:26+00:00","og_image":[{"width":450,"height":450,"url":"https:\/\/xenonkungen.com\/wp-content\/uploads\/2025\/04\/21677843-origpic-ec7dde.jpg","type":"image\/jpeg"}],"twitter_card":"summary_large_image","twitter_misc":{"Ansl. lesetid":"2 minutter"},"schema":{"@context":"https:\/\/schema.org","@graph":[{"@type":"WebPage","@id":"https:\/\/xenonkungen.com\/produkt\/bakmarkering-129rm\/","url":"https:\/\/xenonkungen.com\/produkt\/bakmarkering-129rm\/","name":"Bakre markering 129RM - Xenon-kongen","isPartOf":{"@id":"https:\/\/xenonkungen.com\/#website"},"primaryImageOfPage":{"@id":"https:\/\/xenonkungen.com\/produkt\/bakmarkering-129rm\/#primaryimage"},"image":{"@id":"https:\/\/xenonkungen.com\/produkt\/bakmarkering-129rm\/#primaryimage"},"thumbnailUrl":"https:\/\/xenonkungen.com\/wp-content\/uploads\/2025\/04\/21677843-origpic-ec7dde.jpg","datePublished":"2025-04-15T09:47:22+00:00","dateModified":"2026-04-24T16:09:26+00:00","breadcrumb":{"@id":"https:\/\/xenonkungen.com\/produkt\/bakmarkering-129rm\/#breadcrumb"},"inLanguage":"nb-NO","potentialAction":[{"@type":"ReadAction","target":["https:\/\/xenonkungen.com\/produkt\/bakmarkering-129rm\/"]}]},{"@type":"ImageObject","inLanguage":"nb-NO","@id":"https:\/\/xenonkungen.com\/produkt\/bakmarkering-129rm\/#primaryimage","url":"https:\/\/xenonkungen.com\/wp-content\/uploads\/2025\/04\/21677843-origpic-ec7dde.jpg","contentUrl":"https:\/\/xenonkungen.com\/wp-content\/uploads\/2025\/04\/21677843-origpic-ec7dde.jpg","width":450,"height":450},{"@type":"BreadcrumbList","@id":"https:\/\/xenonkungen.com\/produkt\/bakmarkering-129rm\/#breadcrumb","itemListElement":[{"@type":"ListItem","position":1,"name":"Hem","item":"https:\/\/xenonkungen.com\/"},{"@type":"ListItem","position":2,"name":"Shop","item":"https:\/\/xenonkungen.com\/shop\/"},{"@type":"ListItem","position":3,"name":"Bakmarkering 129RM"}]},{"@type":"WebSite","@id":"https:\/\/xenonkungen.com\/#website","url":"https:\/\/xenonkungen.com\/","name":"Xenonkungen","description":"","potentialAction":[{"@type":"SearchAction","target":{"@type":"EntryPoint","urlTemplate":"https:\/\/xenonkungen.com\/?s={search_term_string}"},"query-input":{"@type":"PropertyValueSpecification","valueRequired":true,"valueName":"search_term_string"}}],"inLanguage":"nb-NO"}]}},"taxonomy_info":{"anvandningsomrade":[{"value":166,"label":"Lastbil"},{"value":238,"label":"SL\u00c4P"},{"value":2816,"label":"TRAILER"}],"product_brand":[{"value":1252,"label":"LEA"}],"product_cat":[{"value":2811,"label":"Bak"},{"value":2478,"label":"Positionsljus"}],"pa_fuktskydd-varde-ipxx":[{"value":333,"label":"IP67"}],"pa_godkannande":[{"value":1780,"label":"ECE, E9, EMC, R1, IA"}],"pa_storlek-mm":[{"value":1779,"label":"129x32x13"}],"pa_stromforbrukning":[{"value":1775,"label":"0.02A @13.8V"},{"value":1776,"label":"0.03A @28V"}],"pa_volt-v":[{"value":348,"label":"12, 24"}]},"featured_image_src_large":["https:\/\/xenonkungen.com\/wp-content\/uploads\/2025\/04\/21677843-origpic-ec7dde.jpg",450,450,false],"author_info":[],"comment_info":0,"_links":{"self":[{"href":"https:\/\/xenonkungen.com\/no\/wp-json\/wp\/v2\/product\/6537","targetHints":{"allow":["GET"]}}],"collection":[{"href":"https:\/\/xenonkungen.com\/no\/wp-json\/wp\/v2\/product"}],"about":[{"href":"https:\/\/xenonkungen.com\/no\/wp-json\/wp\/v2\/types\/product"}],"replies":[{"embeddable":true,"href":"https:\/\/xenonkungen.com\/no\/wp-json\/wp\/v2\/comments?post=6537"}],"wp:featuredmedia":[{"embeddable":true,"href":"https:\/\/xenonkungen.com\/no\/wp-json\/wp\/v2\/media\/6538"}],"wp:attachment":[{"href":"https:\/\/xenonkungen.com\/no\/wp-json\/wp\/v2\/media?parent=6537"}],"wp:term":[{"taxonomy":"anvandningsomrade","embeddable":true,"href":"https:\/\/xenonkungen.com\/no\/wp-json\/wp\/v2\/anvandningsomrade?post=6537"},{"taxonomy":"bilmarken","embeddable":true,"href":"https:\/\/xenonkungen.com\/no\/wp-json\/wp\/v2\/bilmarken?post=6537"},{"taxonomy":"product_brand","embeddable":true,"href":"https:\/\/xenonkungen.com\/no\/wp-json\/wp\/v2\/product_brand?post=6537"},{"taxonomy":"product_cat","embeddable":true,"href":"https:\/\/xenonkungen.com\/no\/wp-json\/wp\/v2\/product_cat?post=6537"},{"taxonomy":"product_tag","embeddable":true,"href":"https:\/\/xenonkungen.com\/no\/wp-json\/wp\/v2\/product_tag?post=6537"}],"curies":[{"name":"wp","href":"https:\/\/api.w.org\/{rel}","templated":true}]}}