{"id":6555,"date":"2025-04-15T09:47:34","date_gmt":"2025-04-15T09:47:34","guid":{"rendered":"https:\/\/xenonkungen.com\/product\/baklampa-130rme-rod\/"},"modified":"2026-04-24T17:09:40","modified_gmt":"2026-04-24T16:09:40","slug":"baklys-130rme-stang","status":"publish","type":"product","link":"https:\/\/xenonkungen.com\/no\/produkt\/baklys-130rme-stang\/","title":{"rendered":"Baklys 130RME R\u00f8d"},"content":{"rendered":"<div class=\"container\">\n<h1>Forbedret sikkerhet og kommunikasjon med LED-baklys 130RME<\/h1>\n<p>Kj\u00f8ret\u00f8ybelysning spiller en avgj\u00f8rende rolle for sikkerhet og kommunikasjon. Med b\u00e5de stopp- og baklysfunksjon tilbyr LED-baklyset 130RME en betydelig oppgradering for ethvert kj\u00f8ret\u00f8y, og kombinerer moderne teknologi med en funksjonell og estetisk design.<\/p>\n<h2>Funksjoner og fordeler:<\/h2>\n<ul>\n<li><strong>Stopp- og baklysfunksjon:<\/strong> Gir tydelig signalering til andre trafikanter ved bremsing og ved kj\u00f8ring i svakt lys eller m\u00f8rke.<\/li>\n<li><strong>Moderne LED-teknologi:<\/strong> Gir lyssterk, langvarig og energieffektiv belysning sammenlignet med tradisjonelle lamper.<\/li>\n<li><strong>B\u00e6rekraftig bygging:<\/strong> Lekkasjesikkert og st\u00f8tsikkert lampehus sikrer at lampen t\u00e5ler t\u00f8ffe forhold og varer lenger.<\/li>\n<li><strong>Estetisk design:<\/strong> Moderne utseende som fremhever bilens generelle utseende og samtidig gir overlegen funksjonalitet.<\/li>\n<\/ul>\n<h2>Bruksomr\u00e5der:<\/h2>\n<p>LED-baklyset 130RME passer til en rekke kj\u00f8ret\u00f8y, fra personbiler til nyttekj\u00f8ret\u00f8y, og er en ideell l\u00f8sning for alle som er ute etter en p\u00e5litelig og funksjonell oppgradering av belysningen, samtidig som den tilf\u00f8rer bilen estetisk verdi.<\/p>\n<p>Invester i LED-baklys 130RME for \u00e5 sikre at kj\u00f8ret\u00f8yet ditt ikke bare er synlig og trygt, men ogs\u00e5 kommuniserer effektivt med andre trafikanter. Oppgrader belysningen din i dag, og opplev forskjellen.<\/p>\n<p><\/span><\/p>\n<p><span><strong>Garanti:<\/strong> 5 \u00e5r<\/span><\/p>\n<\/div>","protected":false},"excerpt":{"rendered":"<p>F\u00f6rb\u00e4ttrad S\u00e4kerhet och Kommunikation med LED Baklampa 130RME Fordonets belysning spelar en kritisk roll i s\u00e4kerhet och kommunikation. Utrustad med b\u00e5de stopp och bakljus funktion, erbjuder v\u00e5r LED baklampa 130RME en betydande uppgradering f\u00f6r alla fordon, genom att kombinera modern teknik med en funktionell och estetisk design. Funktioner och F\u00f6rdelar: Stopp och Bakljus Funktion: Ger [&hellip;]<\/p>","protected":false},"featured_media":6556,"comment_status":"closed","ping_status":"open","template":"","meta":{"_acf_changed":false,"_smort_price_nok":"406","_smort_price_dkk":"258","_smort_price_eur":"34.54","_smort_sale_price_nok":"","_smort_sale_price_dkk":"","_smort_sale_price_eur":"","smort_restorder":"","shipmondo_restorder":"","_kad_blocks_custom_css":"","_kad_blocks_head_custom_js":"","_kad_blocks_body_custom_js":"","_kad_blocks_footer_custom_js":"","smort_custom_pricelist_1":"212.8","smort_custom_pricelist_2":"212.8","smort_custom_pricelist_3":"202.16","smort_custom_pricelist_4":"304","smort_custom_pricelist_5":"212.8"},"anvandningsomrade":[166,238,2816],"bilmarken":[],"product_brand":[1252],"product_cat":[3049,2552],"product_tag":[],"class_list":{"0":"post-6555","1":"product","2":"type-product","3":"status-publish","4":"has-post-thumbnail","6":"anvandningsomrade-lastbil","7":"anvandningsomrade-slap","8":"anvandningsomrade-trailer","9":"product_brand-lea","10":"product_cat-bakljus-enkel-rektangular","11":"product_cat-bakljus-slap","12":"pa_fuktskydd-varde-ipxx-ip67","13":"pa_godkannande-ece-emc","14":"pa_storlek-mm-134x86x48","15":"pa_volt-v-12-24","17":"first","18":"onbackorder","19":"taxable","20":"shipping-taxable","21":"purchasable","22":"product-type-simple"},"bundled_by":[],"bundle_stock_status":"onbackorder","bundle_stock_quantity":0,"bundle_virtual":false,"bundle_layout":"","bundle_add_to_cart_form_location":"","bundle_editable_in_cart":false,"bundle_sold_individually_context":"","bundle_item_grouping":"","bundle_min_size":"","bundle_max_size":"","bundle_price":[],"bundled_items":[],"bundle_sell_ids":[],"acf":[],"yoast_head":"<!-- This site is optimized with the Yoast SEO plugin v27.0 - https:\/\/yoast.com\/product\/yoast-seo-wordpress\/ -->\n<title>Baklampa 130RME R\u00f6d - Xenonkungen<\/title>\n<meta name=\"robots\" content=\"index, follow, max-snippet:-1, max-image-preview:large, max-video-preview:-1\" \/>\n<link rel=\"canonical\" href=\"https:\/\/xenonkungen.com\/no\/produkt\/baklys-130rme-stang\/\" \/>\n<meta property=\"og:locale\" content=\"nb_NO\" \/>\n<meta property=\"og:type\" content=\"article\" \/>\n<meta property=\"og:title\" content=\"Baklampa 130RME R\u00f6d - Xenonkungen\" \/>\n<meta property=\"og:description\" content=\"F\u00f6rb\u00e4ttrad S\u00e4kerhet och Kommunikation med LED Baklampa 130RME Fordonets belysning spelar en kritisk roll i s\u00e4kerhet och kommunikation. Utrustad med b\u00e5de stopp och bakljus funktion, erbjuder v\u00e5r LED baklampa 130RME en betydande uppgradering f\u00f6r alla fordon, genom att kombinera modern teknik med en funktionell och estetisk design. Funktioner och F\u00f6rdelar: Stopp och Bakljus Funktion: Ger [&hellip;]\" \/>\n<meta property=\"og:url\" content=\"https:\/\/xenonkungen.com\/no\/produkt\/baklys-130rme-stang\/\" \/>\n<meta property=\"og:site_name\" content=\"Xenonkungen\" \/>\n<meta property=\"article:modified_time\" content=\"2026-04-24T16:09:40+00:00\" \/>\n<meta property=\"og:image\" content=\"https:\/\/xenonkungen.com\/wp-content\/uploads\/2025\/04\/7293338-origpic-8b59d1.jpg\" \/>\n\t<meta property=\"og:image:width\" content=\"800\" \/>\n\t<meta property=\"og:image:height\" content=\"800\" \/>\n\t<meta property=\"og:image:type\" content=\"image\/jpeg\" \/>\n<meta name=\"twitter:card\" content=\"summary_large_image\" \/>\n<meta name=\"twitter:label1\" content=\"Ansl. lesetid\" \/>\n\t<meta name=\"twitter:data1\" content=\"1 minutt\" \/>\n<script type=\"application\/ld+json\" class=\"yoast-schema-graph\">{\"@context\":\"https:\/\/schema.org\",\"@graph\":[{\"@type\":\"WebPage\",\"@id\":\"https:\/\/xenonkungen.com\/produkt\/baklampa-130rme-rod\/\",\"url\":\"https:\/\/xenonkungen.com\/produkt\/baklampa-130rme-rod\/\",\"name\":\"Baklampa 130RME R\u00f6d - Xenonkungen\",\"isPartOf\":{\"@id\":\"https:\/\/xenonkungen.com\/#website\"},\"primaryImageOfPage\":{\"@id\":\"https:\/\/xenonkungen.com\/produkt\/baklampa-130rme-rod\/#primaryimage\"},\"image\":{\"@id\":\"https:\/\/xenonkungen.com\/produkt\/baklampa-130rme-rod\/#primaryimage\"},\"thumbnailUrl\":\"https:\/\/xenonkungen.com\/wp-content\/uploads\/2025\/04\/7293338-origpic-8b59d1.jpg\",\"datePublished\":\"2025-04-15T09:47:34+00:00\",\"dateModified\":\"2026-04-24T16:09:40+00:00\",\"breadcrumb\":{\"@id\":\"https:\/\/xenonkungen.com\/produkt\/baklampa-130rme-rod\/#breadcrumb\"},\"inLanguage\":\"nb-NO\",\"potentialAction\":[{\"@type\":\"ReadAction\",\"target\":[\"https:\/\/xenonkungen.com\/produkt\/baklampa-130rme-rod\/\"]}]},{\"@type\":\"ImageObject\",\"inLanguage\":\"nb-NO\",\"@id\":\"https:\/\/xenonkungen.com\/produkt\/baklampa-130rme-rod\/#primaryimage\",\"url\":\"https:\/\/xenonkungen.com\/wp-content\/uploads\/2025\/04\/7293338-origpic-8b59d1.jpg\",\"contentUrl\":\"https:\/\/xenonkungen.com\/wp-content\/uploads\/2025\/04\/7293338-origpic-8b59d1.jpg\",\"width\":800,\"height\":800},{\"@type\":\"BreadcrumbList\",\"@id\":\"https:\/\/xenonkungen.com\/produkt\/baklampa-130rme-rod\/#breadcrumb\",\"itemListElement\":[{\"@type\":\"ListItem\",\"position\":1,\"name\":\"Hem\",\"item\":\"https:\/\/xenonkungen.com\/\"},{\"@type\":\"ListItem\",\"position\":2,\"name\":\"Shop\",\"item\":\"https:\/\/xenonkungen.com\/shop\/\"},{\"@type\":\"ListItem\",\"position\":3,\"name\":\"Baklampa 130RME R\u00f6d\"}]},{\"@type\":\"WebSite\",\"@id\":\"https:\/\/xenonkungen.com\/#website\",\"url\":\"https:\/\/xenonkungen.com\/\",\"name\":\"Xenonkungen\",\"description\":\"\",\"potentialAction\":[{\"@type\":\"SearchAction\",\"target\":{\"@type\":\"EntryPoint\",\"urlTemplate\":\"https:\/\/xenonkungen.com\/?s={search_term_string}\"},\"query-input\":{\"@type\":\"PropertyValueSpecification\",\"valueRequired\":true,\"valueName\":\"search_term_string\"}}],\"inLanguage\":\"nb-NO\"}]}<\/script>\n<!-- \/ Yoast SEO plugin. -->","yoast_head_json":{"title":"Baklykt 130RME R\u00f8d - Xenonkungen","robots":{"index":"index","follow":"follow","max-snippet":"max-snippet:-1","max-image-preview":"max-image-preview:large","max-video-preview":"max-video-preview:-1"},"canonical":"https:\/\/xenonkungen.com\/no\/produkt\/baklys-130rme-stang\/","og_locale":"nb_NO","og_type":"article","og_title":"Baklampa 130RME R\u00f6d - Xenonkungen","og_description":"F\u00f6rb\u00e4ttrad S\u00e4kerhet och Kommunikation med LED Baklampa 130RME Fordonets belysning spelar en kritisk roll i s\u00e4kerhet och kommunikation. Utrustad med b\u00e5de stopp och bakljus funktion, erbjuder v\u00e5r LED baklampa 130RME en betydande uppgradering f\u00f6r alla fordon, genom att kombinera modern teknik med en funktionell och estetisk design. Funktioner och F\u00f6rdelar: Stopp och Bakljus Funktion: Ger [&hellip;]","og_url":"https:\/\/xenonkungen.com\/no\/produkt\/baklys-130rme-stang\/","og_site_name":"Xenonkungen","article_modified_time":"2026-04-24T16:09:40+00:00","og_image":[{"width":800,"height":800,"url":"https:\/\/xenonkungen.com\/wp-content\/uploads\/2025\/04\/7293338-origpic-8b59d1.jpg","type":"image\/jpeg"}],"twitter_card":"summary_large_image","twitter_misc":{"Ansl. lesetid":"1 minutt"},"schema":{"@context":"https:\/\/schema.org","@graph":[{"@type":"WebPage","@id":"https:\/\/xenonkungen.com\/produkt\/baklampa-130rme-rod\/","url":"https:\/\/xenonkungen.com\/produkt\/baklampa-130rme-rod\/","name":"Baklykt 130RME R\u00f8d - Xenonkungen","isPartOf":{"@id":"https:\/\/xenonkungen.com\/#website"},"primaryImageOfPage":{"@id":"https:\/\/xenonkungen.com\/produkt\/baklampa-130rme-rod\/#primaryimage"},"image":{"@id":"https:\/\/xenonkungen.com\/produkt\/baklampa-130rme-rod\/#primaryimage"},"thumbnailUrl":"https:\/\/xenonkungen.com\/wp-content\/uploads\/2025\/04\/7293338-origpic-8b59d1.jpg","datePublished":"2025-04-15T09:47:34+00:00","dateModified":"2026-04-24T16:09:40+00:00","breadcrumb":{"@id":"https:\/\/xenonkungen.com\/produkt\/baklampa-130rme-rod\/#breadcrumb"},"inLanguage":"nb-NO","potentialAction":[{"@type":"ReadAction","target":["https:\/\/xenonkungen.com\/produkt\/baklampa-130rme-rod\/"]}]},{"@type":"ImageObject","inLanguage":"nb-NO","@id":"https:\/\/xenonkungen.com\/produkt\/baklampa-130rme-rod\/#primaryimage","url":"https:\/\/xenonkungen.com\/wp-content\/uploads\/2025\/04\/7293338-origpic-8b59d1.jpg","contentUrl":"https:\/\/xenonkungen.com\/wp-content\/uploads\/2025\/04\/7293338-origpic-8b59d1.jpg","width":800,"height":800},{"@type":"BreadcrumbList","@id":"https:\/\/xenonkungen.com\/produkt\/baklampa-130rme-rod\/#breadcrumb","itemListElement":[{"@type":"ListItem","position":1,"name":"Hem","item":"https:\/\/xenonkungen.com\/"},{"@type":"ListItem","position":2,"name":"Shop","item":"https:\/\/xenonkungen.com\/shop\/"},{"@type":"ListItem","position":3,"name":"Baklampa 130RME R\u00f6d"}]},{"@type":"WebSite","@id":"https:\/\/xenonkungen.com\/#website","url":"https:\/\/xenonkungen.com\/","name":"Xenonkungen","description":"","potentialAction":[{"@type":"SearchAction","target":{"@type":"EntryPoint","urlTemplate":"https:\/\/xenonkungen.com\/?s={search_term_string}"},"query-input":{"@type":"PropertyValueSpecification","valueRequired":true,"valueName":"search_term_string"}}],"inLanguage":"nb-NO"}]}},"taxonomy_info":{"anvandningsomrade":[{"value":166,"label":"Lastbil"},{"value":238,"label":"SL\u00c4P"},{"value":2816,"label":"TRAILER"}],"product_brand":[{"value":1252,"label":"LEA"}],"product_cat":[{"value":3049,"label":"Bakljus Enkel Rektangul\u00e4r"},{"value":2552,"label":"Bakljus"}],"pa_fuktskydd-varde-ipxx":[{"value":333,"label":"IP67"}],"pa_godkannande":[{"value":1262,"label":"ECE, EMC"}],"pa_storlek-mm":[{"value":1783,"label":"134x86x48"}],"pa_volt-v":[{"value":348,"label":"12, 24"}]},"featured_image_src_large":["https:\/\/xenonkungen.com\/wp-content\/uploads\/2025\/04\/7293338-origpic-8b59d1.jpg",800,800,false],"author_info":[],"comment_info":0,"_links":{"self":[{"href":"https:\/\/xenonkungen.com\/no\/wp-json\/wp\/v2\/product\/6555","targetHints":{"allow":["GET"]}}],"collection":[{"href":"https:\/\/xenonkungen.com\/no\/wp-json\/wp\/v2\/product"}],"about":[{"href":"https:\/\/xenonkungen.com\/no\/wp-json\/wp\/v2\/types\/product"}],"replies":[{"embeddable":true,"href":"https:\/\/xenonkungen.com\/no\/wp-json\/wp\/v2\/comments?post=6555"}],"wp:featuredmedia":[{"embeddable":true,"href":"https:\/\/xenonkungen.com\/no\/wp-json\/wp\/v2\/media\/6556"}],"wp:attachment":[{"href":"https:\/\/xenonkungen.com\/no\/wp-json\/wp\/v2\/media?parent=6555"}],"wp:term":[{"taxonomy":"anvandningsomrade","embeddable":true,"href":"https:\/\/xenonkungen.com\/no\/wp-json\/wp\/v2\/anvandningsomrade?post=6555"},{"taxonomy":"bilmarken","embeddable":true,"href":"https:\/\/xenonkungen.com\/no\/wp-json\/wp\/v2\/bilmarken?post=6555"},{"taxonomy":"product_brand","embeddable":true,"href":"https:\/\/xenonkungen.com\/no\/wp-json\/wp\/v2\/product_brand?post=6555"},{"taxonomy":"product_cat","embeddable":true,"href":"https:\/\/xenonkungen.com\/no\/wp-json\/wp\/v2\/product_cat?post=6555"},{"taxonomy":"product_tag","embeddable":true,"href":"https:\/\/xenonkungen.com\/no\/wp-json\/wp\/v2\/product_tag?post=6555"}],"curies":[{"name":"wp","href":"https:\/\/api.w.org\/{rel}","templated":true}]}}