{"id":6591,"date":"2025-04-15T09:47:47","date_gmt":"2025-04-15T09:47:47","guid":{"rendered":"https:\/\/xenonkungen.com\/product\/baklampa-135rmge-rod\/"},"modified":"2026-04-11T00:39:27","modified_gmt":"2026-04-10T23:39:27","slug":"baklys-135rmge-rod","status":"publish","type":"product","link":"https:\/\/xenonkungen.com\/no\/produkt\/baklys-135rmge-rod\/","title":{"rendered":"Baklys 135RMGE R\u00f8d"},"content":{"rendered":"<div class=\"container\">\n<div class=\"feature\">\n<h1 class=\"title\">Stopp- og baklys med svart hus 135x48 mm for utenp\u00e5liggende montering<\/h1>\n<p class=\"description\">Dette stopp- og baklyset er utstyrt med den nyeste LED-teknologien og forbedrer bilens synlighet og sikkerhet. Den kompakte st\u00f8rrelsen og den svarte finishen gj\u00f8r den ideell for en lang rekke kj\u00f8ret\u00f8y, mens den lekkasjetettede elektronikken sikrer p\u00e5litelig drift under alle v\u00e6rforhold.<\/p>\n<\/div>\n<div class=\"feature\">\n<h2 class=\"subtitle\">Funksjoner og egenskaper:<\/h2>\n<ul class=\"list\">\n<li>LED-teknologi med h\u00f8y ytelse for klare signaler ved bremsing og i m\u00f8rket.<\/li>\n<li>Moderne svart ramme for en enkel og stilig installasjon.<\/li>\n<li>Lekkasjetett elektronikk som beskytter mot fukt og vann.<\/li>\n<li>Kompakt design som passer perfekt p\u00e5 kj\u00f8ret\u00f8y der det er begrenset med plass.<\/li>\n<\/ul>\n<\/div>\n<div class=\"accessories\">\n<h2 class=\"subtitle\">Alternativt tilbeh\u00f8r:<\/h2>\n<p class=\"description\">Kompatible lampefatninger og str\u00f8mkontakter for en tilpasset installasjon, selges separat.<\/p>\n<\/div>\n<\/div>\n<p><\/strong> 5 \u00e5r<\/p>","protected":false},"excerpt":{"rendered":"<p>Stopp- och Baklampa med Svart Sarg 135x48mm f\u00f6r Utanp\u00e5liggande Montage Utrustad med den senaste LED-teknologin, denna stopp- och baklampa f\u00f6rb\u00e4ttrar ditt fordons synlighet och s\u00e4kerhet. Den kompakta storleken och den svarta sargen g\u00f6r den idealisk f\u00f6r ett brett utbud av fordon, medan den l\u00e4ckagef\u00f6rseglade elektroniken garanterar p\u00e5litlig funktion i alla v\u00e4der. Funktioner och Egenskaper: H\u00f6gpresterande [&hellip;]<\/p>","protected":false},"featured_media":6592,"comment_status":"closed","ping_status":"open","template":"","meta":{"_acf_changed":false,"_smort_price_nok":"256","_smort_price_dkk":"163","_smort_price_eur":"21.82","_smort_sale_price_nok":"","_smort_sale_price_dkk":"","_smort_sale_price_eur":"","smort_restorder":"","shipmondo_restorder":"","_kad_blocks_custom_css":"","_kad_blocks_head_custom_js":"","_kad_blocks_body_custom_js":"","_kad_blocks_footer_custom_js":"","smort_custom_pricelist_1":"134.4","smort_custom_pricelist_2":"134.4","smort_custom_pricelist_3":"127.68","smort_custom_pricelist_4":"192","smort_custom_pricelist_5":"134.4"},"anvandningsomrade":[166,238,2816],"bilmarken":[],"product_brand":[1252],"product_cat":[2552],"product_tag":[],"class_list":{"0":"post-6591","1":"product","2":"type-product","3":"status-publish","4":"has-post-thumbnail","6":"anvandningsomrade-lastbil","7":"anvandningsomrade-slap","8":"anvandningsomrade-trailer","9":"product_brand-lea","10":"product_cat-bakljus-slap","11":"pa_storlek-mm-135x48","12":"pa_volt-v-12-24","14":"first","15":"onbackorder","16":"taxable","17":"shipping-taxable","18":"purchasable","19":"product-type-simple"},"bundled_by":[],"bundle_stock_status":"onbackorder","bundle_stock_quantity":0,"bundle_virtual":false,"bundle_layout":"","bundle_add_to_cart_form_location":"","bundle_editable_in_cart":false,"bundle_sold_individually_context":"","bundle_item_grouping":"","bundle_min_size":"","bundle_max_size":"","bundle_price":[],"bundled_items":[],"bundle_sell_ids":[],"acf":[],"yoast_head":"<!-- This site is optimized with the Yoast SEO plugin v27.0 - https:\/\/yoast.com\/product\/yoast-seo-wordpress\/ -->\n<title>Baklampa 135RMGE R\u00f6d - Xenonkungen<\/title>\n<meta name=\"robots\" content=\"index, follow, max-snippet:-1, max-image-preview:large, max-video-preview:-1\" \/>\n<link rel=\"canonical\" href=\"https:\/\/xenonkungen.com\/no\/produkt\/baklys-135rmge-rod\/\" \/>\n<meta property=\"og:locale\" content=\"nb_NO\" \/>\n<meta property=\"og:type\" content=\"article\" \/>\n<meta property=\"og:title\" content=\"Baklampa 135RMGE R\u00f6d - Xenonkungen\" \/>\n<meta property=\"og:description\" content=\"Stopp- och Baklampa med Svart Sarg 135x48mm f\u00f6r Utanp\u00e5liggande Montage Utrustad med den senaste LED-teknologin, denna stopp- och baklampa f\u00f6rb\u00e4ttrar ditt fordons synlighet och s\u00e4kerhet. Den kompakta storleken och den svarta sargen g\u00f6r den idealisk f\u00f6r ett brett utbud av fordon, medan den l\u00e4ckagef\u00f6rseglade elektroniken garanterar p\u00e5litlig funktion i alla v\u00e4der. Funktioner och Egenskaper: H\u00f6gpresterande [&hellip;]\" \/>\n<meta property=\"og:url\" content=\"https:\/\/xenonkungen.com\/no\/produkt\/baklys-135rmge-rod\/\" \/>\n<meta property=\"og:site_name\" content=\"Xenonkungen\" \/>\n<meta property=\"article:modified_time\" content=\"2026-04-10T23:39:27+00:00\" \/>\n<meta property=\"og:image\" content=\"https:\/\/xenonkungen.com\/wp-content\/uploads\/2025\/04\/7290668-origpic-ac341f.jpg\" \/>\n\t<meta property=\"og:image:width\" content=\"600\" \/>\n\t<meta property=\"og:image:height\" content=\"600\" \/>\n\t<meta property=\"og:image:type\" content=\"image\/jpeg\" \/>\n<meta name=\"twitter:card\" content=\"summary_large_image\" \/>\n<meta name=\"twitter:label1\" content=\"Ansl. lesetid\" \/>\n\t<meta name=\"twitter:data1\" content=\"1 minutt\" \/>\n<script type=\"application\/ld+json\" class=\"yoast-schema-graph\">{\"@context\":\"https:\/\/schema.org\",\"@graph\":[{\"@type\":\"WebPage\",\"@id\":\"https:\/\/xenonkungen.com\/en\/product\/baklampa-135rmge-rod\/\",\"url\":\"https:\/\/xenonkungen.com\/en\/product\/baklampa-135rmge-rod\/\",\"name\":\"Baklampa 135RMGE R\u00f6d - Xenonkungen\",\"isPartOf\":{\"@id\":\"https:\/\/xenonkungen.com\/#website\"},\"primaryImageOfPage\":{\"@id\":\"https:\/\/xenonkungen.com\/en\/product\/baklampa-135rmge-rod\/#primaryimage\"},\"image\":{\"@id\":\"https:\/\/xenonkungen.com\/en\/product\/baklampa-135rmge-rod\/#primaryimage\"},\"thumbnailUrl\":\"https:\/\/xenonkungen.com\/wp-content\/uploads\/2025\/04\/7290668-origpic-ac341f.jpg\",\"datePublished\":\"2025-04-15T09:47:47+00:00\",\"dateModified\":\"2026-04-10T23:39:27+00:00\",\"breadcrumb\":{\"@id\":\"https:\/\/xenonkungen.com\/en\/product\/baklampa-135rmge-rod\/#breadcrumb\"},\"inLanguage\":\"nb-NO\",\"potentialAction\":[{\"@type\":\"ReadAction\",\"target\":[\"https:\/\/xenonkungen.com\/en\/product\/baklampa-135rmge-rod\/\"]}]},{\"@type\":\"ImageObject\",\"inLanguage\":\"nb-NO\",\"@id\":\"https:\/\/xenonkungen.com\/en\/product\/baklampa-135rmge-rod\/#primaryimage\",\"url\":\"https:\/\/xenonkungen.com\/wp-content\/uploads\/2025\/04\/7290668-origpic-ac341f.jpg\",\"contentUrl\":\"https:\/\/xenonkungen.com\/wp-content\/uploads\/2025\/04\/7290668-origpic-ac341f.jpg\",\"width\":600,\"height\":600},{\"@type\":\"BreadcrumbList\",\"@id\":\"https:\/\/xenonkungen.com\/en\/product\/baklampa-135rmge-rod\/#breadcrumb\",\"itemListElement\":[{\"@type\":\"ListItem\",\"position\":1,\"name\":\"Hem\",\"item\":\"https:\/\/xenonkungen.com\/\"},{\"@type\":\"ListItem\",\"position\":2,\"name\":\"Shop\",\"item\":\"https:\/\/xenonkungen.com\/shop\/\"},{\"@type\":\"ListItem\",\"position\":3,\"name\":\"Baklampa 135RMGE R\u00f6d\"}]},{\"@type\":\"WebSite\",\"@id\":\"https:\/\/xenonkungen.com\/#website\",\"url\":\"https:\/\/xenonkungen.com\/\",\"name\":\"Xenonkungen\",\"description\":\"\",\"potentialAction\":[{\"@type\":\"SearchAction\",\"target\":{\"@type\":\"EntryPoint\",\"urlTemplate\":\"https:\/\/xenonkungen.com\/?s={search_term_string}\"},\"query-input\":{\"@type\":\"PropertyValueSpecification\",\"valueRequired\":true,\"valueName\":\"search_term_string\"}}],\"inLanguage\":\"nb-NO\"}]}<\/script>\n<!-- \/ Yoast SEO plugin. -->","yoast_head_json":{"title":"Baklykt 135RMGE R\u00f8d - Xenonkungen","robots":{"index":"index","follow":"follow","max-snippet":"max-snippet:-1","max-image-preview":"max-image-preview:large","max-video-preview":"max-video-preview:-1"},"canonical":"https:\/\/xenonkungen.com\/no\/produkt\/baklys-135rmge-rod\/","og_locale":"nb_NO","og_type":"article","og_title":"Baklampa 135RMGE R\u00f6d - Xenonkungen","og_description":"Stopp- och Baklampa med Svart Sarg 135x48mm f\u00f6r Utanp\u00e5liggande Montage Utrustad med den senaste LED-teknologin, denna stopp- och baklampa f\u00f6rb\u00e4ttrar ditt fordons synlighet och s\u00e4kerhet. Den kompakta storleken och den svarta sargen g\u00f6r den idealisk f\u00f6r ett brett utbud av fordon, medan den l\u00e4ckagef\u00f6rseglade elektroniken garanterar p\u00e5litlig funktion i alla v\u00e4der. Funktioner och Egenskaper: H\u00f6gpresterande [&hellip;]","og_url":"https:\/\/xenonkungen.com\/no\/produkt\/baklys-135rmge-rod\/","og_site_name":"Xenonkungen","article_modified_time":"2026-04-10T23:39:27+00:00","og_image":[{"width":600,"height":600,"url":"https:\/\/xenonkungen.com\/wp-content\/uploads\/2025\/04\/7290668-origpic-ac341f.jpg","type":"image\/jpeg"}],"twitter_card":"summary_large_image","twitter_misc":{"Ansl. lesetid":"1 minutt"},"schema":{"@context":"https:\/\/schema.org","@graph":[{"@type":"WebPage","@id":"https:\/\/xenonkungen.com\/en\/product\/baklampa-135rmge-rod\/","url":"https:\/\/xenonkungen.com\/en\/product\/baklampa-135rmge-rod\/","name":"Baklykt 135RMGE R\u00f8d - Xenonkungen","isPartOf":{"@id":"https:\/\/xenonkungen.com\/#website"},"primaryImageOfPage":{"@id":"https:\/\/xenonkungen.com\/en\/product\/baklampa-135rmge-rod\/#primaryimage"},"image":{"@id":"https:\/\/xenonkungen.com\/en\/product\/baklampa-135rmge-rod\/#primaryimage"},"thumbnailUrl":"https:\/\/xenonkungen.com\/wp-content\/uploads\/2025\/04\/7290668-origpic-ac341f.jpg","datePublished":"2025-04-15T09:47:47+00:00","dateModified":"2026-04-10T23:39:27+00:00","breadcrumb":{"@id":"https:\/\/xenonkungen.com\/en\/product\/baklampa-135rmge-rod\/#breadcrumb"},"inLanguage":"nb-NO","potentialAction":[{"@type":"ReadAction","target":["https:\/\/xenonkungen.com\/en\/product\/baklampa-135rmge-rod\/"]}]},{"@type":"ImageObject","inLanguage":"nb-NO","@id":"https:\/\/xenonkungen.com\/en\/product\/baklampa-135rmge-rod\/#primaryimage","url":"https:\/\/xenonkungen.com\/wp-content\/uploads\/2025\/04\/7290668-origpic-ac341f.jpg","contentUrl":"https:\/\/xenonkungen.com\/wp-content\/uploads\/2025\/04\/7290668-origpic-ac341f.jpg","width":600,"height":600},{"@type":"BreadcrumbList","@id":"https:\/\/xenonkungen.com\/en\/product\/baklampa-135rmge-rod\/#breadcrumb","itemListElement":[{"@type":"ListItem","position":1,"name":"Hem","item":"https:\/\/xenonkungen.com\/"},{"@type":"ListItem","position":2,"name":"Shop","item":"https:\/\/xenonkungen.com\/shop\/"},{"@type":"ListItem","position":3,"name":"Baklampa 135RMGE R\u00f6d"}]},{"@type":"WebSite","@id":"https:\/\/xenonkungen.com\/#website","url":"https:\/\/xenonkungen.com\/","name":"Xenonkungen","description":"","potentialAction":[{"@type":"SearchAction","target":{"@type":"EntryPoint","urlTemplate":"https:\/\/xenonkungen.com\/?s={search_term_string}"},"query-input":{"@type":"PropertyValueSpecification","valueRequired":true,"valueName":"search_term_string"}}],"inLanguage":"nb-NO"}]}},"taxonomy_info":{"anvandningsomrade":[{"value":166,"label":"Lastbil"},{"value":238,"label":"SL\u00c4P"},{"value":2816,"label":"TRAILER"}],"product_brand":[{"value":1252,"label":"LEA"}],"product_cat":[{"value":2552,"label":"Bakljus"}],"pa_storlek-mm":[{"value":1793,"label":"135x48"}],"pa_volt-v":[{"value":348,"label":"12, 24"}]},"featured_image_src_large":["https:\/\/xenonkungen.com\/wp-content\/uploads\/2025\/04\/7290668-origpic-ac341f.jpg",600,600,false],"author_info":[],"comment_info":0,"_links":{"self":[{"href":"https:\/\/xenonkungen.com\/no\/wp-json\/wp\/v2\/product\/6591","targetHints":{"allow":["GET"]}}],"collection":[{"href":"https:\/\/xenonkungen.com\/no\/wp-json\/wp\/v2\/product"}],"about":[{"href":"https:\/\/xenonkungen.com\/no\/wp-json\/wp\/v2\/types\/product"}],"replies":[{"embeddable":true,"href":"https:\/\/xenonkungen.com\/no\/wp-json\/wp\/v2\/comments?post=6591"}],"wp:featuredmedia":[{"embeddable":true,"href":"https:\/\/xenonkungen.com\/no\/wp-json\/wp\/v2\/media\/6592"}],"wp:attachment":[{"href":"https:\/\/xenonkungen.com\/no\/wp-json\/wp\/v2\/media?parent=6591"}],"wp:term":[{"taxonomy":"anvandningsomrade","embeddable":true,"href":"https:\/\/xenonkungen.com\/no\/wp-json\/wp\/v2\/anvandningsomrade?post=6591"},{"taxonomy":"bilmarken","embeddable":true,"href":"https:\/\/xenonkungen.com\/no\/wp-json\/wp\/v2\/bilmarken?post=6591"},{"taxonomy":"product_brand","embeddable":true,"href":"https:\/\/xenonkungen.com\/no\/wp-json\/wp\/v2\/product_brand?post=6591"},{"taxonomy":"product_cat","embeddable":true,"href":"https:\/\/xenonkungen.com\/no\/wp-json\/wp\/v2\/product_cat?post=6591"},{"taxonomy":"product_tag","embeddable":true,"href":"https:\/\/xenonkungen.com\/no\/wp-json\/wp\/v2\/product_tag?post=6591"}],"curies":[{"name":"wp","href":"https:\/\/api.w.org\/{rel}","templated":true}]}}