{"id":6630,"date":"2025-04-15T09:48:04","date_gmt":"2025-04-15T09:48:04","guid":{"rendered":"https:\/\/xenonkungen.com\/product\/backlampa-145wme-vit\/"},"modified":"2026-04-24T17:10:37","modified_gmt":"2026-04-24T16:10:37","slug":"ryggelys-145wme-hvitt","status":"publish","type":"product","link":"https:\/\/xenonkungen.com\/no\/produkt\/ryggelys-145wme-hvitt\/","title":{"rendered":"Bakgrunnsbelysning 145WME Hvit"},"content":{"rendered":"<div class=\"container\">\n<h1>Moderne og stilfull LED-bakgrunnsbelysning med bakgrunnsbelysningsfunksjon 145WME Hvit<\/h1>\n<p>Denne LED-baklykten gir ikke bare avansert lysytelse med sin ryggelysfunksjon, men ogs\u00e5 en estetisk oppgradering av kj\u00f8ret\u00f8yet ditt med sin elegante kromfinish. Perfekt for utenp\u00e5liggende montering, og er en ideell l\u00f8sning for \u00e5 \u00f8ke b\u00e5de synligheten og sikkerheten, samtidig som du forbedrer bilens utseende.<\/p>\n<h2>Funksjoner og fordeler:<\/h2>\n<ul>\n<li><strong>Funksjon for bakgrunnsbelysning:<\/strong> Gir klart og kraftig lys for bedre sikt n\u00e5r du rygger.<\/li>\n<li><strong>Krom finish:<\/strong> Gir et stilig og moderne utseende som passer til alle typer kj\u00f8ret\u00f8y.<\/li>\n<li><strong>Avansert LED-teknologi:<\/strong> Gir h\u00f8yytelsesbelysning med lang levetid og energieffektivitet.<\/li>\n<li><strong>Enkel overflatemontering:<\/strong> Designet for enkel montering p\u00e5 en lang rekke kj\u00f8ret\u00f8y.<\/li>\n<\/ul>\n<p>Med LED-baklys med reversfunksjon i kromfinish for utenp\u00e5liggende montering 145WME White tar du bilen din til neste niv\u00e5. Ikke bare vil du forbedre sikkerheten p\u00e5 veien, men du vil ogs\u00e5 legge til et s\u00e6regent estetisk preg som vil f\u00e5 bilen din til \u00e5 skille seg ut.<\/p>\n<h2>Produktspesifikasjoner<\/h2>\n<p><strong>Garanti:<\/strong> 5 \u00e5r<\/p>\n<\/div>","protected":false},"excerpt":{"rendered":"<p>Modern och Stilfull LED Baklampa med Backljusfunktion 145WME Vit Denna LED-baklampa erbjuder inte bara avancerad belysningsprestanda med sin backljusfunktion, men ocks\u00e5 en estetisk uppgradering f\u00f6r ditt fordon med dess eleganta kromfinish. Perfekt f\u00f6r ytmontage, \u00e4r det en idealisk l\u00f6sning f\u00f6r att \u00f6ka b\u00e5de synlighet och s\u00e4kerhet samtidigt som fordonets utseende f\u00f6rb\u00e4ttras. Egenskaper och F\u00f6rdelar: Backljusfunktion: [&hellip;]<\/p>","protected":false},"featured_media":6631,"comment_status":"closed","ping_status":"open","template":"","meta":{"_acf_changed":false,"_smort_price_nok":"577","_smort_price_dkk":"366","_smort_price_eur":"49.09","_smort_sale_price_nok":"","_smort_sale_price_dkk":"","_smort_sale_price_eur":"","smort_restorder":"","shipmondo_restorder":"","_kad_blocks_custom_css":"","_kad_blocks_head_custom_js":"","_kad_blocks_body_custom_js":"","_kad_blocks_footer_custom_js":"","smort_custom_pricelist_1":"302.4","smort_custom_pricelist_2":"302.4","smort_custom_pricelist_3":"287.28","smort_custom_pricelist_4":"432","smort_custom_pricelist_5":"302.4"},"anvandningsomrade":[166,238,2816],"bilmarken":[],"product_brand":[1252],"product_cat":[3050,2585],"product_tag":[],"class_list":{"0":"post-6630","1":"product","2":"type-product","3":"status-publish","4":"has-post-thumbnail","6":"anvandningsomrade-lastbil","7":"anvandningsomrade-slap","8":"anvandningsomrade-trailer","9":"product_brand-lea","10":"product_cat-bakljus-enkel-rund","11":"product_cat-backljus","12":"pa_godkannande-ece-emc","13":"pa_storlek-mm-145x23","14":"pa_stromforbrukning-0-10a-13-8v","15":"pa_stromforbrukning-0-17a-28v","16":"pa_volt-v-12-24","18":"first","19":"onbackorder","20":"taxable","21":"shipping-taxable","22":"purchasable","23":"product-type-simple"},"bundled_by":[],"bundle_stock_status":"onbackorder","bundle_stock_quantity":0,"bundle_virtual":false,"bundle_layout":"","bundle_add_to_cart_form_location":"","bundle_editable_in_cart":false,"bundle_sold_individually_context":"","bundle_item_grouping":"","bundle_min_size":"","bundle_max_size":"","bundle_price":[],"bundled_items":[],"bundle_sell_ids":[],"acf":[],"yoast_head":"<!-- This site is optimized with the Yoast SEO plugin v27.0 - https:\/\/yoast.com\/product\/yoast-seo-wordpress\/ -->\n<title>Backlampa 145WME Vit - Xenonkungen<\/title>\n<meta name=\"robots\" content=\"index, follow, max-snippet:-1, max-image-preview:large, max-video-preview:-1\" \/>\n<link rel=\"canonical\" href=\"https:\/\/xenonkungen.com\/no\/produkt\/ryggelys-145wme-hvitt\/\" \/>\n<meta property=\"og:locale\" content=\"nb_NO\" \/>\n<meta property=\"og:type\" content=\"article\" \/>\n<meta property=\"og:title\" content=\"Backlampa 145WME Vit - Xenonkungen\" \/>\n<meta property=\"og:description\" content=\"Modern och Stilfull LED Baklampa med Backljusfunktion 145WME Vit Denna LED-baklampa erbjuder inte bara avancerad belysningsprestanda med sin backljusfunktion, men ocks\u00e5 en estetisk uppgradering f\u00f6r ditt fordon med dess eleganta kromfinish. Perfekt f\u00f6r ytmontage, \u00e4r det en idealisk l\u00f6sning f\u00f6r att \u00f6ka b\u00e5de synlighet och s\u00e4kerhet samtidigt som fordonets utseende f\u00f6rb\u00e4ttras. Egenskaper och F\u00f6rdelar: Backljusfunktion: [&hellip;]\" \/>\n<meta property=\"og:url\" content=\"https:\/\/xenonkungen.com\/no\/produkt\/ryggelys-145wme-hvitt\/\" \/>\n<meta property=\"og:site_name\" content=\"Xenonkungen\" \/>\n<meta property=\"article:modified_time\" content=\"2026-04-24T16:10:37+00:00\" \/>\n<meta property=\"og:image\" content=\"https:\/\/xenonkungen.com\/wp-content\/uploads\/2025\/04\/7293838-origpic-3f22ff.jpg\" \/>\n\t<meta property=\"og:image:width\" content=\"550\" \/>\n\t<meta property=\"og:image:height\" content=\"550\" \/>\n\t<meta property=\"og:image:type\" content=\"image\/jpeg\" \/>\n<meta name=\"twitter:card\" content=\"summary_large_image\" \/>\n<meta name=\"twitter:label1\" content=\"Ansl. lesetid\" \/>\n\t<meta name=\"twitter:data1\" content=\"1 minutt\" \/>\n<script type=\"application\/ld+json\" class=\"yoast-schema-graph\">{\"@context\":\"https:\/\/schema.org\",\"@graph\":[{\"@type\":\"WebPage\",\"@id\":\"https:\/\/xenonkungen.com\/produkt\/backlampa-145wme-vit\/\",\"url\":\"https:\/\/xenonkungen.com\/produkt\/backlampa-145wme-vit\/\",\"name\":\"Backlampa 145WME Vit - Xenonkungen\",\"isPartOf\":{\"@id\":\"https:\/\/xenonkungen.com\/#website\"},\"primaryImageOfPage\":{\"@id\":\"https:\/\/xenonkungen.com\/produkt\/backlampa-145wme-vit\/#primaryimage\"},\"image\":{\"@id\":\"https:\/\/xenonkungen.com\/produkt\/backlampa-145wme-vit\/#primaryimage\"},\"thumbnailUrl\":\"https:\/\/xenonkungen.com\/wp-content\/uploads\/2025\/04\/7293838-origpic-3f22ff.jpg\",\"datePublished\":\"2025-04-15T09:48:04+00:00\",\"dateModified\":\"2026-04-24T16:10:37+00:00\",\"breadcrumb\":{\"@id\":\"https:\/\/xenonkungen.com\/produkt\/backlampa-145wme-vit\/#breadcrumb\"},\"inLanguage\":\"nb-NO\",\"potentialAction\":[{\"@type\":\"ReadAction\",\"target\":[\"https:\/\/xenonkungen.com\/produkt\/backlampa-145wme-vit\/\"]}]},{\"@type\":\"ImageObject\",\"inLanguage\":\"nb-NO\",\"@id\":\"https:\/\/xenonkungen.com\/produkt\/backlampa-145wme-vit\/#primaryimage\",\"url\":\"https:\/\/xenonkungen.com\/wp-content\/uploads\/2025\/04\/7293838-origpic-3f22ff.jpg\",\"contentUrl\":\"https:\/\/xenonkungen.com\/wp-content\/uploads\/2025\/04\/7293838-origpic-3f22ff.jpg\",\"width\":550,\"height\":550},{\"@type\":\"BreadcrumbList\",\"@id\":\"https:\/\/xenonkungen.com\/produkt\/backlampa-145wme-vit\/#breadcrumb\",\"itemListElement\":[{\"@type\":\"ListItem\",\"position\":1,\"name\":\"Hem\",\"item\":\"https:\/\/xenonkungen.com\/\"},{\"@type\":\"ListItem\",\"position\":2,\"name\":\"Shop\",\"item\":\"https:\/\/xenonkungen.com\/shop\/\"},{\"@type\":\"ListItem\",\"position\":3,\"name\":\"Backlampa 145WME Vit\"}]},{\"@type\":\"WebSite\",\"@id\":\"https:\/\/xenonkungen.com\/#website\",\"url\":\"https:\/\/xenonkungen.com\/\",\"name\":\"Xenonkungen\",\"description\":\"\",\"potentialAction\":[{\"@type\":\"SearchAction\",\"target\":{\"@type\":\"EntryPoint\",\"urlTemplate\":\"https:\/\/xenonkungen.com\/?s={search_term_string}\"},\"query-input\":{\"@type\":\"PropertyValueSpecification\",\"valueRequired\":true,\"valueName\":\"search_term_string\"}}],\"inLanguage\":\"nb-NO\"}]}<\/script>\n<!-- \/ Yoast SEO plugin. -->","yoast_head_json":{"title":"Baklys 145WME Hvit \u2013 Xenon-kongen","robots":{"index":"index","follow":"follow","max-snippet":"max-snippet:-1","max-image-preview":"max-image-preview:large","max-video-preview":"max-video-preview:-1"},"canonical":"https:\/\/xenonkungen.com\/no\/produkt\/ryggelys-145wme-hvitt\/","og_locale":"nb_NO","og_type":"article","og_title":"Backlampa 145WME Vit - Xenonkungen","og_description":"Modern och Stilfull LED Baklampa med Backljusfunktion 145WME Vit Denna LED-baklampa erbjuder inte bara avancerad belysningsprestanda med sin backljusfunktion, men ocks\u00e5 en estetisk uppgradering f\u00f6r ditt fordon med dess eleganta kromfinish. Perfekt f\u00f6r ytmontage, \u00e4r det en idealisk l\u00f6sning f\u00f6r att \u00f6ka b\u00e5de synlighet och s\u00e4kerhet samtidigt som fordonets utseende f\u00f6rb\u00e4ttras. Egenskaper och F\u00f6rdelar: Backljusfunktion: [&hellip;]","og_url":"https:\/\/xenonkungen.com\/no\/produkt\/ryggelys-145wme-hvitt\/","og_site_name":"Xenonkungen","article_modified_time":"2026-04-24T16:10:37+00:00","og_image":[{"width":550,"height":550,"url":"https:\/\/xenonkungen.com\/wp-content\/uploads\/2025\/04\/7293838-origpic-3f22ff.jpg","type":"image\/jpeg"}],"twitter_card":"summary_large_image","twitter_misc":{"Ansl. lesetid":"1 minutt"},"schema":{"@context":"https:\/\/schema.org","@graph":[{"@type":"WebPage","@id":"https:\/\/xenonkungen.com\/produkt\/backlampa-145wme-vit\/","url":"https:\/\/xenonkungen.com\/produkt\/backlampa-145wme-vit\/","name":"Baklys 145WME Hvit \u2013 Xenon-kongen","isPartOf":{"@id":"https:\/\/xenonkungen.com\/#website"},"primaryImageOfPage":{"@id":"https:\/\/xenonkungen.com\/produkt\/backlampa-145wme-vit\/#primaryimage"},"image":{"@id":"https:\/\/xenonkungen.com\/produkt\/backlampa-145wme-vit\/#primaryimage"},"thumbnailUrl":"https:\/\/xenonkungen.com\/wp-content\/uploads\/2025\/04\/7293838-origpic-3f22ff.jpg","datePublished":"2025-04-15T09:48:04+00:00","dateModified":"2026-04-24T16:10:37+00:00","breadcrumb":{"@id":"https:\/\/xenonkungen.com\/produkt\/backlampa-145wme-vit\/#breadcrumb"},"inLanguage":"nb-NO","potentialAction":[{"@type":"ReadAction","target":["https:\/\/xenonkungen.com\/produkt\/backlampa-145wme-vit\/"]}]},{"@type":"ImageObject","inLanguage":"nb-NO","@id":"https:\/\/xenonkungen.com\/produkt\/backlampa-145wme-vit\/#primaryimage","url":"https:\/\/xenonkungen.com\/wp-content\/uploads\/2025\/04\/7293838-origpic-3f22ff.jpg","contentUrl":"https:\/\/xenonkungen.com\/wp-content\/uploads\/2025\/04\/7293838-origpic-3f22ff.jpg","width":550,"height":550},{"@type":"BreadcrumbList","@id":"https:\/\/xenonkungen.com\/produkt\/backlampa-145wme-vit\/#breadcrumb","itemListElement":[{"@type":"ListItem","position":1,"name":"Hem","item":"https:\/\/xenonkungen.com\/"},{"@type":"ListItem","position":2,"name":"Shop","item":"https:\/\/xenonkungen.com\/shop\/"},{"@type":"ListItem","position":3,"name":"Backlampa 145WME Vit"}]},{"@type":"WebSite","@id":"https:\/\/xenonkungen.com\/#website","url":"https:\/\/xenonkungen.com\/","name":"Xenonkungen","description":"","potentialAction":[{"@type":"SearchAction","target":{"@type":"EntryPoint","urlTemplate":"https:\/\/xenonkungen.com\/?s={search_term_string}"},"query-input":{"@type":"PropertyValueSpecification","valueRequired":true,"valueName":"search_term_string"}}],"inLanguage":"nb-NO"}]}},"taxonomy_info":{"anvandningsomrade":[{"value":166,"label":"Lastbil"},{"value":238,"label":"SL\u00c4P"},{"value":2816,"label":"TRAILER"}],"product_brand":[{"value":1252,"label":"LEA"}],"product_cat":[{"value":3050,"label":"Bakljus Enkel Rund"},{"value":2585,"label":"Backljus"}],"pa_godkannande":[{"value":1262,"label":"ECE, EMC"}],"pa_storlek-mm":[{"value":1804,"label":"145x23"}],"pa_stromforbrukning":[{"value":1809,"label":"0.10A @13.8V"},{"value":1810,"label":"0.17A @28V"}],"pa_volt-v":[{"value":348,"label":"12, 24"}]},"featured_image_src_large":["https:\/\/xenonkungen.com\/wp-content\/uploads\/2025\/04\/7293838-origpic-3f22ff.jpg",550,550,false],"author_info":[],"comment_info":0,"_links":{"self":[{"href":"https:\/\/xenonkungen.com\/no\/wp-json\/wp\/v2\/product\/6630","targetHints":{"allow":["GET"]}}],"collection":[{"href":"https:\/\/xenonkungen.com\/no\/wp-json\/wp\/v2\/product"}],"about":[{"href":"https:\/\/xenonkungen.com\/no\/wp-json\/wp\/v2\/types\/product"}],"replies":[{"embeddable":true,"href":"https:\/\/xenonkungen.com\/no\/wp-json\/wp\/v2\/comments?post=6630"}],"wp:featuredmedia":[{"embeddable":true,"href":"https:\/\/xenonkungen.com\/no\/wp-json\/wp\/v2\/media\/6631"}],"wp:attachment":[{"href":"https:\/\/xenonkungen.com\/no\/wp-json\/wp\/v2\/media?parent=6630"}],"wp:term":[{"taxonomy":"anvandningsomrade","embeddable":true,"href":"https:\/\/xenonkungen.com\/no\/wp-json\/wp\/v2\/anvandningsomrade?post=6630"},{"taxonomy":"bilmarken","embeddable":true,"href":"https:\/\/xenonkungen.com\/no\/wp-json\/wp\/v2\/bilmarken?post=6630"},{"taxonomy":"product_brand","embeddable":true,"href":"https:\/\/xenonkungen.com\/no\/wp-json\/wp\/v2\/product_brand?post=6630"},{"taxonomy":"product_cat","embeddable":true,"href":"https:\/\/xenonkungen.com\/no\/wp-json\/wp\/v2\/product_cat?post=6630"},{"taxonomy":"product_tag","embeddable":true,"href":"https:\/\/xenonkungen.com\/no\/wp-json\/wp\/v2\/product_tag?post=6630"}],"curies":[{"name":"wp","href":"https:\/\/api.w.org\/{rel}","templated":true}]}}