{"id":6733,"date":"2025-04-15T09:48:52","date_gmt":"2025-04-15T09:48:52","guid":{"rendered":"https:\/\/xenonkungen.com\/product\/rund-markering-28mm-bla\/"},"modified":"2026-04-11T00:42:06","modified_gmt":"2026-04-10T23:42:06","slug":"rund-markering-28-mm-bla","status":"publish","type":"product","link":"https:\/\/xenonkungen.com\/no\/produkt\/rund-markering-28-mm-bla\/","title":{"rendered":"Rund merking 28 mm bl\u00e5"},"content":{"rendered":"<h1>Slitesterkt, rundt LED-frontmarkeringslys med bl\u00e5tt lys<\/h1>\n<p>Dette runde markeringslyset foran er utstyrt med 3 lysdioder som avgir et sterkt bl\u00e5tt lys, perfekt for \u00e5 forsterke eller komplettere kj\u00f8ret\u00f8yets eksisterende belysning. Den lave profilen og den robuste konstruksjonen gj\u00f8r den til et ideelt valg for en rekke ulike kj\u00f8ret\u00f8y, fra lastebiler til tilhengere, og ogs\u00e5 som et tillegg til eksisterende frontmarkeringer.<\/p>\n<p>Denne markeringslykten er laget av slitesterk plast og beskyttet av et kraftig gummihus, og er designet for \u00e5 t\u00e5le t\u00f8ffe forhold. Den kappekledde tilkoblingskabelen bidrar til en sikker og holdbar installasjon. Lampen er multispenningsbasert, noe som betyr at den er kompatibel med b\u00e5de 12 V- og 24 V-systemer, og gir en fleksibel l\u00f8sning for ulike kj\u00f8ret\u00f8ytyper.<\/p>\n<h2>Spesifikasjoner<\/h2>\n<ul>\n<li>Lyskilde: 3 lysdioder for intenst bl\u00e5tt lys<\/li>\n<li>Konstruksjon: Plast med kraftig gummihylster og kabelmantel<\/li>\n<li>Funksjon: Multivolt, egnet for b\u00e5de 12 V og 24 V-systemer<\/li>\n<li>Holdbarhet: Nedsenkbar, rustfri, st\u00f8tsikker, med livstidsforseglet elektronikk<\/li>\n<li>Fargevalg: Tilgjengelig i flere farger for ulike bruksomr\u00e5der<\/li>\n<\/ul>\n<h2>Funksjoner og fordeler<\/h2>\n<p>Med sin moderne design og avanserte teknologi er dette markeringslyset foran en overlegen l\u00f8sning for \u00e5 \u00f8ke synligheten og sikkerheten til bilen din. Ikke bare er den energieffektiv takket v\u00e6re LED-teknologien, men den er ogs\u00e5 ekstremt slitesterk med sin konstruksjon i rustfritt st\u00e5l og slagfasthet. Den livstidsforseglede elektronikken sikrer langvarig ytelse og p\u00e5litelighet under alle forhold.<\/p>\n<ul>\n<li>\u00d8kt sikkerhet og synlighet med intenst bl\u00e5tt LED-lys<\/li>\n<li>Lav profil og robust konstruksjon for holdbarhet og diskret installasjon<\/li>\n<li>Fleksibel bruk p\u00e5 et bredt spekter av kj\u00f8ret\u00f8y<\/li>\n<li>Enkel installasjon med kablene i kappe for langvarig bruk<\/li>\n<li>Livstidsforseglet elektronikk for best mulig holdbarhet og ytelse<\/li>\n<\/ul>","protected":false},"excerpt":{"rendered":"<p><strong>Liten st\u00f8rrelse<\/strong><\/p>\n<p><strong>Godkjent for bruk p\u00e5 veier<\/strong><\/p>\n<p><strong>5 \u00e5rs funksjonsgaranti<\/strong><\/p>\n<p><strong>Multivolt<\/strong><\/p>\n<p><strong>lavt str\u00f8mforbruk<\/strong><\/p>","protected":false},"featured_media":6734,"comment_status":"closed","ping_status":"open","template":"","meta":{"_acf_changed":false,"_smort_price_nok":"155","_smort_price_dkk":"98","_smort_price_eur":"13.18","_smort_sale_price_nok":"","_smort_sale_price_dkk":"","_smort_sale_price_eur":"","smort_restorder":"","shipmondo_restorder":"","_kad_blocks_custom_css":"","_kad_blocks_head_custom_js":"","_kad_blocks_body_custom_js":"","_kad_blocks_footer_custom_js":"","smort_custom_pricelist_1":"92.8","smort_custom_pricelist_2":"81.2","smort_custom_pricelist_3":"75.4","smort_custom_pricelist_4":"116","smort_custom_pricelist_5":"81.2"},"anvandningsomrade":[166,238,2816],"bilmarken":[],"product_brand":[1252],"product_cat":[2478],"product_tag":[],"class_list":{"0":"post-6733","1":"product","2":"type-product","3":"status-publish","4":"has-post-thumbnail","6":"anvandningsomrade-lastbil","7":"anvandningsomrade-slap","8":"anvandningsomrade-trailer","9":"product_brand-lea","10":"product_cat-positionsljus-slap","11":"pa_fargtemperatur-bla","12":"pa_fuktskydd-varde-ipxx-ip67","13":"pa_godkannande-ece","14":"pa_storlek-mm-28x5","15":"pa_stromforbrukning-003a-138v","16":"pa_stromforbrukning-003a-28v","17":"pa_volt-v-12-24","19":"first","20":"instock","21":"taxable","22":"shipping-taxable","23":"purchasable","24":"product-type-simple"},"bundled_by":[],"bundle_stock_status":"instock","bundle_stock_quantity":4,"bundle_virtual":false,"bundle_layout":"","bundle_add_to_cart_form_location":"","bundle_editable_in_cart":false,"bundle_sold_individually_context":"","bundle_item_grouping":"","bundle_min_size":"","bundle_max_size":"","bundle_price":[],"bundled_items":[],"bundle_sell_ids":[],"acf":[],"yoast_head":"<!-- This site is optimized with the Yoast SEO plugin v27.0 - https:\/\/yoast.com\/product\/yoast-seo-wordpress\/ -->\n<title>Rund Markering 28mm Bl\u00e5 - Xenonkungen<\/title>\n<meta name=\"robots\" content=\"index, follow, max-snippet:-1, max-image-preview:large, max-video-preview:-1\" \/>\n<link rel=\"canonical\" href=\"https:\/\/xenonkungen.com\/no\/produkt\/rund-markering-28-mm-bla\/\" \/>\n<meta property=\"og:locale\" content=\"nb_NO\" \/>\n<meta property=\"og:type\" content=\"article\" \/>\n<meta property=\"og:title\" content=\"Rund Markering 28mm Bl\u00e5 - Xenonkungen\" \/>\n<meta property=\"og:description\" content=\"Liten storlekGodk\u00e4nd f\u00f6r bruk p\u00e5 v\u00e4g5 \u00e5rs funktionsgarantiMultivoltl\u00e5g str\u00f6mf\u00f6rbrukning\" \/>\n<meta property=\"og:url\" content=\"https:\/\/xenonkungen.com\/no\/produkt\/rund-markering-28-mm-bla\/\" \/>\n<meta property=\"og:site_name\" content=\"Xenonkungen\" \/>\n<meta property=\"article:modified_time\" content=\"2026-04-10T23:42:06+00:00\" \/>\n<meta property=\"og:image\" content=\"https:\/\/xenonkungen.com\/wp-content\/uploads\/2025\/04\/181BME-800x800-1.jpg\" \/>\n\t<meta property=\"og:image:width\" content=\"800\" \/>\n\t<meta property=\"og:image:height\" content=\"800\" \/>\n\t<meta property=\"og:image:type\" content=\"image\/jpeg\" \/>\n<meta name=\"twitter:card\" content=\"summary_large_image\" \/>\n<meta name=\"twitter:label1\" content=\"Ansl. lesetid\" \/>\n\t<meta name=\"twitter:data1\" content=\"2 minutter\" \/>\n<script type=\"application\/ld+json\" class=\"yoast-schema-graph\">{\"@context\":\"https:\/\/schema.org\",\"@graph\":[{\"@type\":\"WebPage\",\"@id\":\"https:\/\/xenonkungen.com\/produkt\/rund-markering-28mm-bla\/\",\"url\":\"https:\/\/xenonkungen.com\/produkt\/rund-markering-28mm-bla\/\",\"name\":\"Rund Markering 28mm Bl\u00e5 - Xenonkungen\",\"isPartOf\":{\"@id\":\"https:\/\/xenonkungen.com\/#website\"},\"primaryImageOfPage\":{\"@id\":\"https:\/\/xenonkungen.com\/produkt\/rund-markering-28mm-bla\/#primaryimage\"},\"image\":{\"@id\":\"https:\/\/xenonkungen.com\/produkt\/rund-markering-28mm-bla\/#primaryimage\"},\"thumbnailUrl\":\"https:\/\/xenonkungen.com\/wp-content\/uploads\/2025\/04\/181BME-800x800-1.jpg\",\"datePublished\":\"2025-04-15T09:48:52+00:00\",\"dateModified\":\"2026-04-10T23:42:06+00:00\",\"breadcrumb\":{\"@id\":\"https:\/\/xenonkungen.com\/produkt\/rund-markering-28mm-bla\/#breadcrumb\"},\"inLanguage\":\"nb-NO\",\"potentialAction\":[{\"@type\":\"ReadAction\",\"target\":[\"https:\/\/xenonkungen.com\/produkt\/rund-markering-28mm-bla\/\"]}]},{\"@type\":\"ImageObject\",\"inLanguage\":\"nb-NO\",\"@id\":\"https:\/\/xenonkungen.com\/produkt\/rund-markering-28mm-bla\/#primaryimage\",\"url\":\"https:\/\/xenonkungen.com\/wp-content\/uploads\/2025\/04\/181BME-800x800-1.jpg\",\"contentUrl\":\"https:\/\/xenonkungen.com\/wp-content\/uploads\/2025\/04\/181BME-800x800-1.jpg\",\"width\":800,\"height\":800},{\"@type\":\"BreadcrumbList\",\"@id\":\"https:\/\/xenonkungen.com\/produkt\/rund-markering-28mm-bla\/#breadcrumb\",\"itemListElement\":[{\"@type\":\"ListItem\",\"position\":1,\"name\":\"Hem\",\"item\":\"https:\/\/xenonkungen.com\/\"},{\"@type\":\"ListItem\",\"position\":2,\"name\":\"Shop\",\"item\":\"https:\/\/xenonkungen.com\/shop\/\"},{\"@type\":\"ListItem\",\"position\":3,\"name\":\"Rund Markering 28mm Bl\u00e5\"}]},{\"@type\":\"WebSite\",\"@id\":\"https:\/\/xenonkungen.com\/#website\",\"url\":\"https:\/\/xenonkungen.com\/\",\"name\":\"Xenonkungen\",\"description\":\"\",\"potentialAction\":[{\"@type\":\"SearchAction\",\"target\":{\"@type\":\"EntryPoint\",\"urlTemplate\":\"https:\/\/xenonkungen.com\/?s={search_term_string}\"},\"query-input\":{\"@type\":\"PropertyValueSpecification\",\"valueRequired\":true,\"valueName\":\"search_term_string\"}}],\"inLanguage\":\"nb-NO\"}]}<\/script>\n<!-- \/ Yoast SEO plugin. -->","yoast_head_json":{"title":"Rund mark\u00f8r 28mm bl\u00e5 - Xenon-kongen","robots":{"index":"index","follow":"follow","max-snippet":"max-snippet:-1","max-image-preview":"max-image-preview:large","max-video-preview":"max-video-preview:-1"},"canonical":"https:\/\/xenonkungen.com\/no\/produkt\/rund-markering-28-mm-bla\/","og_locale":"nb_NO","og_type":"article","og_title":"Rund Markering 28mm Bl\u00e5 - Xenonkungen","og_description":"Liten storlekGodk\u00e4nd f\u00f6r bruk p\u00e5 v\u00e4g5 \u00e5rs funktionsgarantiMultivoltl\u00e5g str\u00f6mf\u00f6rbrukning","og_url":"https:\/\/xenonkungen.com\/no\/produkt\/rund-markering-28-mm-bla\/","og_site_name":"Xenonkungen","article_modified_time":"2026-04-10T23:42:06+00:00","og_image":[{"width":800,"height":800,"url":"https:\/\/xenonkungen.com\/wp-content\/uploads\/2025\/04\/181BME-800x800-1.jpg","type":"image\/jpeg"}],"twitter_card":"summary_large_image","twitter_misc":{"Ansl. lesetid":"2 minutter"},"schema":{"@context":"https:\/\/schema.org","@graph":[{"@type":"WebPage","@id":"https:\/\/xenonkungen.com\/produkt\/rund-markering-28mm-bla\/","url":"https:\/\/xenonkungen.com\/produkt\/rund-markering-28mm-bla\/","name":"Rund mark\u00f8r 28mm bl\u00e5 - Xenon-kongen","isPartOf":{"@id":"https:\/\/xenonkungen.com\/#website"},"primaryImageOfPage":{"@id":"https:\/\/xenonkungen.com\/produkt\/rund-markering-28mm-bla\/#primaryimage"},"image":{"@id":"https:\/\/xenonkungen.com\/produkt\/rund-markering-28mm-bla\/#primaryimage"},"thumbnailUrl":"https:\/\/xenonkungen.com\/wp-content\/uploads\/2025\/04\/181BME-800x800-1.jpg","datePublished":"2025-04-15T09:48:52+00:00","dateModified":"2026-04-10T23:42:06+00:00","breadcrumb":{"@id":"https:\/\/xenonkungen.com\/produkt\/rund-markering-28mm-bla\/#breadcrumb"},"inLanguage":"nb-NO","potentialAction":[{"@type":"ReadAction","target":["https:\/\/xenonkungen.com\/produkt\/rund-markering-28mm-bla\/"]}]},{"@type":"ImageObject","inLanguage":"nb-NO","@id":"https:\/\/xenonkungen.com\/produkt\/rund-markering-28mm-bla\/#primaryimage","url":"https:\/\/xenonkungen.com\/wp-content\/uploads\/2025\/04\/181BME-800x800-1.jpg","contentUrl":"https:\/\/xenonkungen.com\/wp-content\/uploads\/2025\/04\/181BME-800x800-1.jpg","width":800,"height":800},{"@type":"BreadcrumbList","@id":"https:\/\/xenonkungen.com\/produkt\/rund-markering-28mm-bla\/#breadcrumb","itemListElement":[{"@type":"ListItem","position":1,"name":"Hem","item":"https:\/\/xenonkungen.com\/"},{"@type":"ListItem","position":2,"name":"Shop","item":"https:\/\/xenonkungen.com\/shop\/"},{"@type":"ListItem","position":3,"name":"Rund Markering 28mm Bl\u00e5"}]},{"@type":"WebSite","@id":"https:\/\/xenonkungen.com\/#website","url":"https:\/\/xenonkungen.com\/","name":"Xenonkungen","description":"","potentialAction":[{"@type":"SearchAction","target":{"@type":"EntryPoint","urlTemplate":"https:\/\/xenonkungen.com\/?s={search_term_string}"},"query-input":{"@type":"PropertyValueSpecification","valueRequired":true,"valueName":"search_term_string"}}],"inLanguage":"nb-NO"}]}},"taxonomy_info":{"anvandningsomrade":[{"value":166,"label":"Lastbil"},{"value":238,"label":"SL\u00c4P"},{"value":2816,"label":"TRAILER"}],"product_brand":[{"value":1252,"label":"LEA"}],"product_cat":[{"value":2478,"label":"Positionsljus"}],"pa_fargtemperatur":[{"value":1828,"label":"Bl\u00e5"}],"pa_fuktskydd-varde-ipxx":[{"value":333,"label":"IP67"}],"pa_godkannande":[{"value":192,"label":"ECE"}],"pa_storlek-mm":[{"value":1827,"label":"28x5"}],"pa_stromforbrukning":[{"value":1829,"label":"0,03A @13,8V"},{"value":1825,"label":"0,03A @28V"}],"pa_volt-v":[{"value":348,"label":"12, 24"}]},"featured_image_src_large":["https:\/\/xenonkungen.com\/wp-content\/uploads\/2025\/04\/181BME-800x800-1.jpg",800,800,false],"author_info":[],"comment_info":0,"_links":{"self":[{"href":"https:\/\/xenonkungen.com\/no\/wp-json\/wp\/v2\/product\/6733","targetHints":{"allow":["GET"]}}],"collection":[{"href":"https:\/\/xenonkungen.com\/no\/wp-json\/wp\/v2\/product"}],"about":[{"href":"https:\/\/xenonkungen.com\/no\/wp-json\/wp\/v2\/types\/product"}],"replies":[{"embeddable":true,"href":"https:\/\/xenonkungen.com\/no\/wp-json\/wp\/v2\/comments?post=6733"}],"wp:featuredmedia":[{"embeddable":true,"href":"https:\/\/xenonkungen.com\/no\/wp-json\/wp\/v2\/media\/6734"}],"wp:attachment":[{"href":"https:\/\/xenonkungen.com\/no\/wp-json\/wp\/v2\/media?parent=6733"}],"wp:term":[{"taxonomy":"anvandningsomrade","embeddable":true,"href":"https:\/\/xenonkungen.com\/no\/wp-json\/wp\/v2\/anvandningsomrade?post=6733"},{"taxonomy":"bilmarken","embeddable":true,"href":"https:\/\/xenonkungen.com\/no\/wp-json\/wp\/v2\/bilmarken?post=6733"},{"taxonomy":"product_brand","embeddable":true,"href":"https:\/\/xenonkungen.com\/no\/wp-json\/wp\/v2\/product_brand?post=6733"},{"taxonomy":"product_cat","embeddable":true,"href":"https:\/\/xenonkungen.com\/no\/wp-json\/wp\/v2\/product_cat?post=6733"},{"taxonomy":"product_tag","embeddable":true,"href":"https:\/\/xenonkungen.com\/no\/wp-json\/wp\/v2\/product_tag?post=6733"}],"curies":[{"name":"wp","href":"https:\/\/api.w.org\/{rel}","templated":true}]}}