{"id":6739,"date":"2025-04-15T09:48:52","date_gmt":"2025-04-15T09:48:52","guid":{"rendered":"https:\/\/xenonkungen.com\/product\/rund-bakmarkering-28mm-rod\/"},"modified":"2026-04-21T16:05:33","modified_gmt":"2026-04-21T15:05:33","slug":"rund-bakre-markeringsstang-28-mm","status":"publish","type":"product","link":"https:\/\/xenonkungen.com\/no\/produkt\/rund-bakre-markeringsstang-28-mm\/","title":{"rendered":"Rund ryggmarkering 28 mm r\u00f8d"},"content":{"rendered":"<h1>Robust, rundt LED-baklys for innfelt montering<\/h1>\n<p>Denne slitesterke og effektive runde LED-bakmarkeringslykten er skreddersydd for innfelt montering, noe som gir bilen en elegant og lavprofilert look. Med livstidsforseglet elektronikk som garanterer p\u00e5litelig ytelse med 5 \u00e5rs garanti, er denne lykten designet for \u00e5 t\u00e5le t\u00f8ffe forhold.<\/p>\n<h2>Spesifikasjoner<\/h2>\n<ul>\n<li>Belysningsteknologi: Rund LED av h\u00f8y kvalitet<\/li>\n<li>Installasjon: Innfelt for et rent og integrert utseende<\/li>\n<li>Elektronikk: Livstidsforseglet med 5 \u00e5rs garanti<\/li>\n<li>Vanntett: Fullt nedsenkbar design<\/li>\n<li>Kapsling: Montert i kraftig gummi<\/li>\n<li>Kabling: Mantlet tilkoblingskabel<\/li>\n<\/ul>\n<h2>Funksjoner og fordeler<\/h2>\n<p>Denne runde LED-bakmarkeringslykten kombinerer avansert teknologi med robust konstruksjon for \u00e5 gi overlegen ytelse og holdbarhet.<\/p>\n<ul>\n<li>Effektiv belysning med tydelig LED-teknologi<\/li>\n<li>Innfelt montering for en profesjonell finish<\/li>\n<li>Livstidsforseglet elektronikk for langvarig drift<\/li>\n<li>Helt nedsenkbar og i rustfritt st\u00e5l<\/li>\n<li>Motstandsdyktig under t\u00f8ffe forhold<\/li>\n<\/ul>","protected":false},"excerpt":{"rendered":"<p>Robust Rund LED Bakmarkeringslampa f\u00f6r Inf\u00e4llt Montage Denna h\u00e5llbara och effektiva rund LED bakmarkeringslampa \u00e4r skr\u00e4ddarsydd f\u00f6r inf\u00e4llt montage, vilket ger en sl\u00e4t och l\u00e5gprofil look till ditt fordon. Med livstidsf\u00f6rseglad elektronik som garanterar tillf\u00f6rlitlig prestanda under en garanti p\u00e5 5 \u00e5r, \u00e4r denna lampa designad f\u00f6r att motst\u00e5 tuffa f\u00f6rh\u00e5llanden. Specifikationer Belysningsteknologi: H\u00f6gkvalitativ rund [&hellip;]<\/p>","protected":false},"featured_media":6740,"comment_status":"closed","ping_status":"open","template":"","meta":{"_acf_changed":false,"_smort_price_nok":"141","_smort_price_dkk":"90","_smort_price_eur":"12","_smort_sale_price_nok":"","_smort_sale_price_dkk":"","_smort_sale_price_eur":"","smort_restorder":"","shipmondo_restorder":"","_kad_blocks_custom_css":"","_kad_blocks_head_custom_js":"","_kad_blocks_body_custom_js":"","_kad_blocks_footer_custom_js":"","smort_custom_pricelist_1":"82.56","smort_custom_pricelist_2":"72.24","smort_custom_pricelist_3":"67.08","smort_custom_pricelist_4":"103.2","smort_custom_pricelist_5":"72.24"},"anvandningsomrade":[166,238,2816],"bilmarken":[],"product_brand":[1252],"product_cat":[2811,2478],"product_tag":[],"class_list":{"0":"post-6739","1":"product","2":"type-product","3":"status-publish","4":"has-post-thumbnail","6":"anvandningsomrade-lastbil","7":"anvandningsomrade-slap","8":"anvandningsomrade-trailer","9":"product_brand-lea","10":"product_cat-bak","11":"product_cat-positionsljus-slap","12":"pa_fargtemperatur-rod","13":"pa_fuktskydd-varde-ipxx-ip67","14":"pa_godkannande-ece","15":"pa_storlek-mm-28x5","16":"pa_stromforbrukning-002a-138v","17":"pa_stromforbrukning-003a-28v","18":"pa_volt-v-12-24","20":"first","21":"instock","22":"taxable","23":"shipping-taxable","24":"purchasable","25":"product-type-simple"},"bundled_by":[],"bundle_stock_status":"instock","bundle_stock_quantity":36,"bundle_virtual":false,"bundle_layout":"","bundle_add_to_cart_form_location":"","bundle_editable_in_cart":false,"bundle_sold_individually_context":"","bundle_item_grouping":"","bundle_min_size":"","bundle_max_size":"","bundle_price":[],"bundled_items":[],"bundle_sell_ids":[],"acf":[],"yoast_head":"<!-- This site is optimized with the Yoast SEO plugin v27.0 - https:\/\/yoast.com\/product\/yoast-seo-wordpress\/ -->\n<title>Rund Bakmarkering 28mm R\u00f6d - Xenonkungen<\/title>\n<meta name=\"robots\" content=\"index, follow, max-snippet:-1, max-image-preview:large, max-video-preview:-1\" \/>\n<link rel=\"canonical\" href=\"https:\/\/xenonkungen.com\/no\/produkt\/rund-bakre-markeringsstang-28-mm\/\" \/>\n<meta property=\"og:locale\" content=\"nb_NO\" \/>\n<meta property=\"og:type\" content=\"article\" \/>\n<meta property=\"og:title\" content=\"Rund Bakmarkering 28mm R\u00f6d - Xenonkungen\" \/>\n<meta property=\"og:description\" content=\"Robust Rund LED Bakmarkeringslampa f\u00f6r Inf\u00e4llt Montage Denna h\u00e5llbara och effektiva rund LED bakmarkeringslampa \u00e4r skr\u00e4ddarsydd f\u00f6r inf\u00e4llt montage, vilket ger en sl\u00e4t och l\u00e5gprofil look till ditt fordon. Med livstidsf\u00f6rseglad elektronik som garanterar tillf\u00f6rlitlig prestanda under en garanti p\u00e5 5 \u00e5r, \u00e4r denna lampa designad f\u00f6r att motst\u00e5 tuffa f\u00f6rh\u00e5llanden. Specifikationer Belysningsteknologi: H\u00f6gkvalitativ rund [&hellip;]\" \/>\n<meta property=\"og:url\" content=\"https:\/\/xenonkungen.com\/no\/produkt\/rund-bakre-markeringsstang-28-mm\/\" \/>\n<meta property=\"og:site_name\" content=\"Xenonkungen\" \/>\n<meta property=\"article:modified_time\" content=\"2026-04-21T15:05:33+00:00\" \/>\n<meta property=\"og:image\" content=\"https:\/\/xenonkungen.com\/wp-content\/uploads\/2025\/04\/8669141-origpic-d425f7.jpg\" \/>\n\t<meta property=\"og:image:width\" content=\"600\" \/>\n\t<meta property=\"og:image:height\" content=\"600\" \/>\n\t<meta property=\"og:image:type\" content=\"image\/jpeg\" \/>\n<meta name=\"twitter:card\" content=\"summary_large_image\" \/>\n<meta name=\"twitter:label1\" content=\"Ansl. lesetid\" \/>\n\t<meta name=\"twitter:data1\" content=\"1 minutt\" \/>\n<script type=\"application\/ld+json\" class=\"yoast-schema-graph\">{\"@context\":\"https:\/\/schema.org\",\"@graph\":[{\"@type\":\"WebPage\",\"@id\":\"https:\/\/xenonkungen.com\/nl\/product\/ronde-markering-aan-de-achterzijde-28-mm-staaf\/\",\"url\":\"https:\/\/xenonkungen.com\/nl\/product\/ronde-markering-aan-de-achterzijde-28-mm-staaf\/\",\"name\":\"Rund Bakmarkering 28mm R\u00f6d - Xenonkungen\",\"isPartOf\":{\"@id\":\"https:\/\/xenonkungen.com\/#website\"},\"primaryImageOfPage\":{\"@id\":\"https:\/\/xenonkungen.com\/nl\/product\/ronde-markering-aan-de-achterzijde-28-mm-staaf\/#primaryimage\"},\"image\":{\"@id\":\"https:\/\/xenonkungen.com\/nl\/product\/ronde-markering-aan-de-achterzijde-28-mm-staaf\/#primaryimage\"},\"thumbnailUrl\":\"https:\/\/xenonkungen.com\/wp-content\/uploads\/2025\/04\/8669141-origpic-d425f7.jpg\",\"datePublished\":\"2025-04-15T09:48:52+00:00\",\"dateModified\":\"2026-04-21T15:05:33+00:00\",\"breadcrumb\":{\"@id\":\"https:\/\/xenonkungen.com\/nl\/product\/ronde-markering-aan-de-achterzijde-28-mm-staaf\/#breadcrumb\"},\"inLanguage\":\"nb-NO\",\"potentialAction\":[{\"@type\":\"ReadAction\",\"target\":[\"https:\/\/xenonkungen.com\/nl\/product\/ronde-markering-aan-de-achterzijde-28-mm-staaf\/\"]}]},{\"@type\":\"ImageObject\",\"inLanguage\":\"nb-NO\",\"@id\":\"https:\/\/xenonkungen.com\/nl\/product\/ronde-markering-aan-de-achterzijde-28-mm-staaf\/#primaryimage\",\"url\":\"https:\/\/xenonkungen.com\/wp-content\/uploads\/2025\/04\/8669141-origpic-d425f7.jpg\",\"contentUrl\":\"https:\/\/xenonkungen.com\/wp-content\/uploads\/2025\/04\/8669141-origpic-d425f7.jpg\",\"width\":600,\"height\":600},{\"@type\":\"BreadcrumbList\",\"@id\":\"https:\/\/xenonkungen.com\/nl\/product\/ronde-markering-aan-de-achterzijde-28-mm-staaf\/#breadcrumb\",\"itemListElement\":[{\"@type\":\"ListItem\",\"position\":1,\"name\":\"Hem\",\"item\":\"https:\/\/xenonkungen.com\/\"},{\"@type\":\"ListItem\",\"position\":2,\"name\":\"Shop\",\"item\":\"https:\/\/xenonkungen.com\/shop\/\"},{\"@type\":\"ListItem\",\"position\":3,\"name\":\"Rund Bakmarkering 28mm R\u00f6d\"}]},{\"@type\":\"WebSite\",\"@id\":\"https:\/\/xenonkungen.com\/#website\",\"url\":\"https:\/\/xenonkungen.com\/\",\"name\":\"Xenonkungen\",\"description\":\"\",\"potentialAction\":[{\"@type\":\"SearchAction\",\"target\":{\"@type\":\"EntryPoint\",\"urlTemplate\":\"https:\/\/xenonkungen.com\/?s={search_term_string}\"},\"query-input\":{\"@type\":\"PropertyValueSpecification\",\"valueRequired\":true,\"valueName\":\"search_term_string\"}}],\"inLanguage\":\"nb-NO\"}]}<\/script>\n<!-- \/ Yoast SEO plugin. -->","yoast_head_json":{"title":"Rund bakmarkering 28mm r\u00f8d - Xenonkungen","robots":{"index":"index","follow":"follow","max-snippet":"max-snippet:-1","max-image-preview":"max-image-preview:large","max-video-preview":"max-video-preview:-1"},"canonical":"https:\/\/xenonkungen.com\/no\/produkt\/rund-bakre-markeringsstang-28-mm\/","og_locale":"nb_NO","og_type":"article","og_title":"Rund Bakmarkering 28mm R\u00f6d - Xenonkungen","og_description":"Robust Rund LED Bakmarkeringslampa f\u00f6r Inf\u00e4llt Montage Denna h\u00e5llbara och effektiva rund LED bakmarkeringslampa \u00e4r skr\u00e4ddarsydd f\u00f6r inf\u00e4llt montage, vilket ger en sl\u00e4t och l\u00e5gprofil look till ditt fordon. Med livstidsf\u00f6rseglad elektronik som garanterar tillf\u00f6rlitlig prestanda under en garanti p\u00e5 5 \u00e5r, \u00e4r denna lampa designad f\u00f6r att motst\u00e5 tuffa f\u00f6rh\u00e5llanden. Specifikationer Belysningsteknologi: H\u00f6gkvalitativ rund [&hellip;]","og_url":"https:\/\/xenonkungen.com\/no\/produkt\/rund-bakre-markeringsstang-28-mm\/","og_site_name":"Xenonkungen","article_modified_time":"2026-04-21T15:05:33+00:00","og_image":[{"width":600,"height":600,"url":"https:\/\/xenonkungen.com\/wp-content\/uploads\/2025\/04\/8669141-origpic-d425f7.jpg","type":"image\/jpeg"}],"twitter_card":"summary_large_image","twitter_misc":{"Ansl. lesetid":"1 minutt"},"schema":{"@context":"https:\/\/schema.org","@graph":[{"@type":"WebPage","@id":"https:\/\/xenonkungen.com\/nl\/product\/ronde-markering-aan-de-achterzijde-28-mm-staaf\/","url":"https:\/\/xenonkungen.com\/nl\/product\/ronde-markering-aan-de-achterzijde-28-mm-staaf\/","name":"Rund bakmarkering 28mm r\u00f8d - Xenonkungen","isPartOf":{"@id":"https:\/\/xenonkungen.com\/#website"},"primaryImageOfPage":{"@id":"https:\/\/xenonkungen.com\/nl\/product\/ronde-markering-aan-de-achterzijde-28-mm-staaf\/#primaryimage"},"image":{"@id":"https:\/\/xenonkungen.com\/nl\/product\/ronde-markering-aan-de-achterzijde-28-mm-staaf\/#primaryimage"},"thumbnailUrl":"https:\/\/xenonkungen.com\/wp-content\/uploads\/2025\/04\/8669141-origpic-d425f7.jpg","datePublished":"2025-04-15T09:48:52+00:00","dateModified":"2026-04-21T15:05:33+00:00","breadcrumb":{"@id":"https:\/\/xenonkungen.com\/nl\/product\/ronde-markering-aan-de-achterzijde-28-mm-staaf\/#breadcrumb"},"inLanguage":"nb-NO","potentialAction":[{"@type":"ReadAction","target":["https:\/\/xenonkungen.com\/nl\/product\/ronde-markering-aan-de-achterzijde-28-mm-staaf\/"]}]},{"@type":"ImageObject","inLanguage":"nb-NO","@id":"https:\/\/xenonkungen.com\/nl\/product\/ronde-markering-aan-de-achterzijde-28-mm-staaf\/#primaryimage","url":"https:\/\/xenonkungen.com\/wp-content\/uploads\/2025\/04\/8669141-origpic-d425f7.jpg","contentUrl":"https:\/\/xenonkungen.com\/wp-content\/uploads\/2025\/04\/8669141-origpic-d425f7.jpg","width":600,"height":600},{"@type":"BreadcrumbList","@id":"https:\/\/xenonkungen.com\/nl\/product\/ronde-markering-aan-de-achterzijde-28-mm-staaf\/#breadcrumb","itemListElement":[{"@type":"ListItem","position":1,"name":"Hem","item":"https:\/\/xenonkungen.com\/"},{"@type":"ListItem","position":2,"name":"Shop","item":"https:\/\/xenonkungen.com\/shop\/"},{"@type":"ListItem","position":3,"name":"Rund Bakmarkering 28mm R\u00f6d"}]},{"@type":"WebSite","@id":"https:\/\/xenonkungen.com\/#website","url":"https:\/\/xenonkungen.com\/","name":"Xenonkungen","description":"","potentialAction":[{"@type":"SearchAction","target":{"@type":"EntryPoint","urlTemplate":"https:\/\/xenonkungen.com\/?s={search_term_string}"},"query-input":{"@type":"PropertyValueSpecification","valueRequired":true,"valueName":"search_term_string"}}],"inLanguage":"nb-NO"}]}},"taxonomy_info":{"anvandningsomrade":[{"value":166,"label":"Lastbil"},{"value":238,"label":"SL\u00c4P"},{"value":2816,"label":"TRAILER"}],"product_brand":[{"value":1252,"label":"LEA"}],"product_cat":[{"value":2811,"label":"Bak"},{"value":2478,"label":"Positionsljus"}],"pa_fargtemperatur":[{"value":1201,"label":"R\u00f6d"}],"pa_fuktskydd-varde-ipxx":[{"value":333,"label":"IP67"}],"pa_godkannande":[{"value":192,"label":"ECE"}],"pa_storlek-mm":[{"value":1827,"label":"28x5"}],"pa_stromforbrukning":[{"value":1832,"label":"0,02A @13,8V"},{"value":1825,"label":"0,03A @28V"}],"pa_volt-v":[{"value":348,"label":"12, 24"}]},"featured_image_src_large":["https:\/\/xenonkungen.com\/wp-content\/uploads\/2025\/04\/8669141-origpic-d425f7.jpg",600,600,false],"author_info":[],"comment_info":0,"_links":{"self":[{"href":"https:\/\/xenonkungen.com\/no\/wp-json\/wp\/v2\/product\/6739","targetHints":{"allow":["GET"]}}],"collection":[{"href":"https:\/\/xenonkungen.com\/no\/wp-json\/wp\/v2\/product"}],"about":[{"href":"https:\/\/xenonkungen.com\/no\/wp-json\/wp\/v2\/types\/product"}],"replies":[{"embeddable":true,"href":"https:\/\/xenonkungen.com\/no\/wp-json\/wp\/v2\/comments?post=6739"}],"wp:featuredmedia":[{"embeddable":true,"href":"https:\/\/xenonkungen.com\/no\/wp-json\/wp\/v2\/media\/6740"}],"wp:attachment":[{"href":"https:\/\/xenonkungen.com\/no\/wp-json\/wp\/v2\/media?parent=6739"}],"wp:term":[{"taxonomy":"anvandningsomrade","embeddable":true,"href":"https:\/\/xenonkungen.com\/no\/wp-json\/wp\/v2\/anvandningsomrade?post=6739"},{"taxonomy":"bilmarken","embeddable":true,"href":"https:\/\/xenonkungen.com\/no\/wp-json\/wp\/v2\/bilmarken?post=6739"},{"taxonomy":"product_brand","embeddable":true,"href":"https:\/\/xenonkungen.com\/no\/wp-json\/wp\/v2\/product_brand?post=6739"},{"taxonomy":"product_cat","embeddable":true,"href":"https:\/\/xenonkungen.com\/no\/wp-json\/wp\/v2\/product_cat?post=6739"},{"taxonomy":"product_tag","embeddable":true,"href":"https:\/\/xenonkungen.com\/no\/wp-json\/wp\/v2\/product_tag?post=6739"}],"curies":[{"name":"wp","href":"https:\/\/api.w.org\/{rel}","templated":true}]}}