{"id":6813,"date":"2025-04-15T09:49:34","date_gmt":"2025-04-15T09:49:34","guid":{"rendered":"https:\/\/xenonkungen.com\/product\/dimljuslampa-200mm-rod-svart\/"},"modified":"2026-04-24T17:12:43","modified_gmt":"2026-04-24T16:12:43","slug":"takelyspaere-200-mm-stang-svart","status":"publish","type":"product","link":"https:\/\/xenonkungen.com\/no\/produkt\/takelyspaere-200-mm-stang-svart\/","title":{"rendered":"T\u00e5kelysp\u00e6re 200 mm r\u00f8d | svart"},"content":{"rendered":"<h1>T\u00e5kelyslykt med svart dekor<\/h1>\n<p>Denne svarte t\u00e5kelysrammen er utformet for \u00e5 forbedre sikten og sikkerheten ved kj\u00f8ring i vanskelige v\u00e6rforhold. Den integrerer s\u00f8ml\u00f8st t\u00e5kelysfunksjonen for \u00e5 gi et mykt og diffust lys, noe som er spesielt nyttig i t\u00e5ke, regn eller sn\u00f8.<\/p>\n<h2>Funksjoner og egenskaper:<\/h2>\n<ul>\n<li><strong>T\u00e5kelysfunksjon:<\/strong> Gir et mykt og diffust lys for \u00f8kt synlighet i d\u00e5rlige v\u00e6rforhold.<\/li>\n<li><strong>Alternativt tilbeh\u00f8r:<\/strong> Lampeholderen og st\u00f8pselet selges separat, slik at du kan tilpasse installasjonen til dine spesifikke behov og preferanser.<\/li>\n<li><strong>Lekkasjetett elektronikk:<\/strong> Beskytter elektroniske komponenter mot fukt og vanninntrengning for langvarig og p\u00e5litelig ytelse, selv under ekstreme v\u00e6rforhold.<\/li>\n<\/ul>\n<p><strong>V\u00e6r oppmerksom p\u00e5 dette:<\/strong> For best resultat b\u00f8r du kj\u00f8pe passende lampeholder og st\u00f8psel separat.<\/p>\n<p>Dette t\u00e5kelyset med svart innfatning er den perfekte l\u00f8sningen for \u00e5 \u00f8ke sikkerheten og sikten p\u00e5 veien, spesielt under vanskelige v\u00e6rforhold. Med sin allsidighet, p\u00e5litelighet og avanserte teknologi er det et utmerket valg for alle bileiere som er p\u00e5 utkikk etter en p\u00e5litelig belysningsl\u00f8sning.<\/p>","protected":false},"excerpt":{"rendered":"<p>Dimljus lampa med svart sarg Denna dimljus lampa med svart sarg \u00e4r utformad f\u00f6r att f\u00f6rb\u00e4ttra synligheten och s\u00e4kerheten vid k\u00f6rning under sv\u00e5ra v\u00e4derf\u00f6rh\u00e5llanden. Den integrerar smidigt dimljusfunktionen f\u00f6r att ge ett mjukt och diffust ljus, vilket \u00e4r s\u00e4rskilt anv\u00e4ndbart vid dimma, regn eller sn\u00f6. Funktioner och Egenskaper: Dimljusfunktion: Erbjuder ett mjukt och diffust ljus [&hellip;]<\/p>","protected":false},"featured_media":6814,"comment_status":"closed","ping_status":"open","template":"","meta":{"_acf_changed":false,"_smort_price_nok":"742","_smort_price_dkk":"472","_smort_price_eur":"63.18","_smort_sale_price_nok":"","_smort_sale_price_dkk":"","_smort_sale_price_eur":"","smort_restorder":"","shipmondo_restorder":"","_kad_blocks_custom_css":"","_kad_blocks_head_custom_js":"","_kad_blocks_body_custom_js":"","_kad_blocks_footer_custom_js":"","smort_custom_pricelist_1":"444.8","smort_custom_pricelist_2":"389.2","smort_custom_pricelist_3":"361.4","smort_custom_pricelist_4":"556","smort_custom_pricelist_5":"389.2"},"anvandningsomrade":[166,238,2816],"bilmarken":[],"product_brand":[1252],"product_cat":[3051,2584],"product_tag":[],"class_list":{"0":"post-6813","1":"product","2":"type-product","3":"status-publish","4":"has-post-thumbnail","6":"anvandningsomrade-lastbil","7":"anvandningsomrade-slap","8":"anvandningsomrade-trailer","9":"product_brand-lea","10":"product_cat-bakljus-enkel-slim","11":"product_cat-dimljus-slap","12":"pa_fuktskydd-varde-ipxx-ip67","13":"pa_godkannande-ece-emc","14":"pa_storlek-mm-200x50x28","15":"pa_stromforbrukning-02a-28v","16":"pa_stromforbrukning-035a-138v","17":"pa_volt-v-12-24","19":"first","20":"instock","21":"taxable","22":"shipping-taxable","23":"purchasable","24":"product-type-simple"},"bundled_by":[],"bundle_stock_status":"instock","bundle_stock_quantity":1,"bundle_virtual":false,"bundle_layout":"","bundle_add_to_cart_form_location":"","bundle_editable_in_cart":false,"bundle_sold_individually_context":"","bundle_item_grouping":"","bundle_min_size":"","bundle_max_size":"","bundle_price":[],"bundled_items":[],"bundle_sell_ids":[],"acf":[],"yoast_head":"<!-- This site is optimized with the Yoast SEO plugin v27.0 - https:\/\/yoast.com\/product\/yoast-seo-wordpress\/ -->\n<title>Dimljuslampa 200mm R\u00f6d | Svart - Xenonkungen<\/title>\n<meta name=\"robots\" content=\"index, follow, max-snippet:-1, max-image-preview:large, max-video-preview:-1\" \/>\n<link rel=\"canonical\" href=\"https:\/\/xenonkungen.com\/no\/produkt\/takelyspaere-200-mm-stang-svart\/\" \/>\n<meta property=\"og:locale\" content=\"nb_NO\" \/>\n<meta property=\"og:type\" content=\"article\" \/>\n<meta property=\"og:title\" content=\"Dimljuslampa 200mm R\u00f6d | Svart - Xenonkungen\" \/>\n<meta property=\"og:description\" content=\"Dimljus lampa med svart sarg Denna dimljus lampa med svart sarg \u00e4r utformad f\u00f6r att f\u00f6rb\u00e4ttra synligheten och s\u00e4kerheten vid k\u00f6rning under sv\u00e5ra v\u00e4derf\u00f6rh\u00e5llanden. Den integrerar smidigt dimljusfunktionen f\u00f6r att ge ett mjukt och diffust ljus, vilket \u00e4r s\u00e4rskilt anv\u00e4ndbart vid dimma, regn eller sn\u00f6. Funktioner och Egenskaper: Dimljusfunktion: Erbjuder ett mjukt och diffust ljus [&hellip;]\" \/>\n<meta property=\"og:url\" content=\"https:\/\/xenonkungen.com\/no\/produkt\/takelyspaere-200-mm-stang-svart\/\" \/>\n<meta property=\"og:site_name\" content=\"Xenonkungen\" \/>\n<meta property=\"article:modified_time\" content=\"2026-04-24T16:12:43+00:00\" \/>\n<meta property=\"og:image\" content=\"https:\/\/xenonkungen.com\/wp-content\/uploads\/2025\/04\/200FME-800x800-1.jpg\" \/>\n\t<meta property=\"og:image:width\" content=\"800\" \/>\n\t<meta property=\"og:image:height\" content=\"800\" \/>\n\t<meta property=\"og:image:type\" content=\"image\/jpeg\" \/>\n<meta name=\"twitter:card\" content=\"summary_large_image\" \/>\n<meta name=\"twitter:label1\" content=\"Ansl. lesetid\" \/>\n\t<meta name=\"twitter:data1\" content=\"1 minutt\" \/>\n<script type=\"application\/ld+json\" class=\"yoast-schema-graph\">{\"@context\":\"https:\/\/schema.org\",\"@graph\":[{\"@type\":\"WebPage\",\"@id\":\"https:\/\/xenonkungen.com\/produkt\/dimljuslampa-200mm-rod-svart\/\",\"url\":\"https:\/\/xenonkungen.com\/produkt\/dimljuslampa-200mm-rod-svart\/\",\"name\":\"Dimljuslampa 200mm R\u00f6d | Svart - Xenonkungen\",\"isPartOf\":{\"@id\":\"https:\/\/xenonkungen.com\/#website\"},\"primaryImageOfPage\":{\"@id\":\"https:\/\/xenonkungen.com\/produkt\/dimljuslampa-200mm-rod-svart\/#primaryimage\"},\"image\":{\"@id\":\"https:\/\/xenonkungen.com\/produkt\/dimljuslampa-200mm-rod-svart\/#primaryimage\"},\"thumbnailUrl\":\"https:\/\/xenonkungen.com\/wp-content\/uploads\/2025\/04\/200FME-800x800-1.jpg\",\"datePublished\":\"2025-04-15T09:49:34+00:00\",\"dateModified\":\"2026-04-24T16:12:43+00:00\",\"breadcrumb\":{\"@id\":\"https:\/\/xenonkungen.com\/produkt\/dimljuslampa-200mm-rod-svart\/#breadcrumb\"},\"inLanguage\":\"nb-NO\",\"potentialAction\":[{\"@type\":\"ReadAction\",\"target\":[\"https:\/\/xenonkungen.com\/produkt\/dimljuslampa-200mm-rod-svart\/\"]}]},{\"@type\":\"ImageObject\",\"inLanguage\":\"nb-NO\",\"@id\":\"https:\/\/xenonkungen.com\/produkt\/dimljuslampa-200mm-rod-svart\/#primaryimage\",\"url\":\"https:\/\/xenonkungen.com\/wp-content\/uploads\/2025\/04\/200FME-800x800-1.jpg\",\"contentUrl\":\"https:\/\/xenonkungen.com\/wp-content\/uploads\/2025\/04\/200FME-800x800-1.jpg\",\"width\":800,\"height\":800},{\"@type\":\"BreadcrumbList\",\"@id\":\"https:\/\/xenonkungen.com\/produkt\/dimljuslampa-200mm-rod-svart\/#breadcrumb\",\"itemListElement\":[{\"@type\":\"ListItem\",\"position\":1,\"name\":\"Hem\",\"item\":\"https:\/\/xenonkungen.com\/\"},{\"@type\":\"ListItem\",\"position\":2,\"name\":\"Shop\",\"item\":\"https:\/\/xenonkungen.com\/shop\/\"},{\"@type\":\"ListItem\",\"position\":3,\"name\":\"Dimljuslampa 200mm R\u00f6d | Svart\"}]},{\"@type\":\"WebSite\",\"@id\":\"https:\/\/xenonkungen.com\/#website\",\"url\":\"https:\/\/xenonkungen.com\/\",\"name\":\"Xenonkungen\",\"description\":\"\",\"potentialAction\":[{\"@type\":\"SearchAction\",\"target\":{\"@type\":\"EntryPoint\",\"urlTemplate\":\"https:\/\/xenonkungen.com\/?s={search_term_string}\"},\"query-input\":{\"@type\":\"PropertyValueSpecification\",\"valueRequired\":true,\"valueName\":\"search_term_string\"}}],\"inLanguage\":\"nb-NO\"}]}<\/script>\n<!-- \/ Yoast SEO plugin. -->","yoast_head_json":{"title":"T\u00e5kelysp\u00e6re 200mm R\u00f8d | Svart - Xenonkungen","robots":{"index":"index","follow":"follow","max-snippet":"max-snippet:-1","max-image-preview":"max-image-preview:large","max-video-preview":"max-video-preview:-1"},"canonical":"https:\/\/xenonkungen.com\/no\/produkt\/takelyspaere-200-mm-stang-svart\/","og_locale":"nb_NO","og_type":"article","og_title":"Dimljuslampa 200mm R\u00f6d | Svart - Xenonkungen","og_description":"Dimljus lampa med svart sarg Denna dimljus lampa med svart sarg \u00e4r utformad f\u00f6r att f\u00f6rb\u00e4ttra synligheten och s\u00e4kerheten vid k\u00f6rning under sv\u00e5ra v\u00e4derf\u00f6rh\u00e5llanden. Den integrerar smidigt dimljusfunktionen f\u00f6r att ge ett mjukt och diffust ljus, vilket \u00e4r s\u00e4rskilt anv\u00e4ndbart vid dimma, regn eller sn\u00f6. Funktioner och Egenskaper: Dimljusfunktion: Erbjuder ett mjukt och diffust ljus [&hellip;]","og_url":"https:\/\/xenonkungen.com\/no\/produkt\/takelyspaere-200-mm-stang-svart\/","og_site_name":"Xenonkungen","article_modified_time":"2026-04-24T16:12:43+00:00","og_image":[{"width":800,"height":800,"url":"https:\/\/xenonkungen.com\/wp-content\/uploads\/2025\/04\/200FME-800x800-1.jpg","type":"image\/jpeg"}],"twitter_card":"summary_large_image","twitter_misc":{"Ansl. lesetid":"1 minutt"},"schema":{"@context":"https:\/\/schema.org","@graph":[{"@type":"WebPage","@id":"https:\/\/xenonkungen.com\/produkt\/dimljuslampa-200mm-rod-svart\/","url":"https:\/\/xenonkungen.com\/produkt\/dimljuslampa-200mm-rod-svart\/","name":"T\u00e5kelysp\u00e6re 200mm R\u00f8d | Svart - Xenonkungen","isPartOf":{"@id":"https:\/\/xenonkungen.com\/#website"},"primaryImageOfPage":{"@id":"https:\/\/xenonkungen.com\/produkt\/dimljuslampa-200mm-rod-svart\/#primaryimage"},"image":{"@id":"https:\/\/xenonkungen.com\/produkt\/dimljuslampa-200mm-rod-svart\/#primaryimage"},"thumbnailUrl":"https:\/\/xenonkungen.com\/wp-content\/uploads\/2025\/04\/200FME-800x800-1.jpg","datePublished":"2025-04-15T09:49:34+00:00","dateModified":"2026-04-24T16:12:43+00:00","breadcrumb":{"@id":"https:\/\/xenonkungen.com\/produkt\/dimljuslampa-200mm-rod-svart\/#breadcrumb"},"inLanguage":"nb-NO","potentialAction":[{"@type":"ReadAction","target":["https:\/\/xenonkungen.com\/produkt\/dimljuslampa-200mm-rod-svart\/"]}]},{"@type":"ImageObject","inLanguage":"nb-NO","@id":"https:\/\/xenonkungen.com\/produkt\/dimljuslampa-200mm-rod-svart\/#primaryimage","url":"https:\/\/xenonkungen.com\/wp-content\/uploads\/2025\/04\/200FME-800x800-1.jpg","contentUrl":"https:\/\/xenonkungen.com\/wp-content\/uploads\/2025\/04\/200FME-800x800-1.jpg","width":800,"height":800},{"@type":"BreadcrumbList","@id":"https:\/\/xenonkungen.com\/produkt\/dimljuslampa-200mm-rod-svart\/#breadcrumb","itemListElement":[{"@type":"ListItem","position":1,"name":"Hem","item":"https:\/\/xenonkungen.com\/"},{"@type":"ListItem","position":2,"name":"Shop","item":"https:\/\/xenonkungen.com\/shop\/"},{"@type":"ListItem","position":3,"name":"Dimljuslampa 200mm R\u00f6d | Svart"}]},{"@type":"WebSite","@id":"https:\/\/xenonkungen.com\/#website","url":"https:\/\/xenonkungen.com\/","name":"Xenonkungen","description":"","potentialAction":[{"@type":"SearchAction","target":{"@type":"EntryPoint","urlTemplate":"https:\/\/xenonkungen.com\/?s={search_term_string}"},"query-input":{"@type":"PropertyValueSpecification","valueRequired":true,"valueName":"search_term_string"}}],"inLanguage":"nb-NO"}]}},"taxonomy_info":{"anvandningsomrade":[{"value":166,"label":"Lastbil"},{"value":238,"label":"SL\u00c4P"},{"value":2816,"label":"TRAILER"}],"product_brand":[{"value":1252,"label":"LEA"}],"product_cat":[{"value":3051,"label":"Bakljus Enkel Slim"},{"value":2584,"label":"Dimljus"}],"pa_fuktskydd-varde-ipxx":[{"value":333,"label":"IP67"}],"pa_godkannande":[{"value":1262,"label":"ECE, EMC"}],"pa_storlek-mm":[{"value":1850,"label":"200x50x28"}],"pa_stromforbrukning":[{"value":1853,"label":"0,2A @28V"},{"value":1852,"label":"0,35A @13,8V"}],"pa_volt-v":[{"value":348,"label":"12, 24"}]},"featured_image_src_large":["https:\/\/xenonkungen.com\/wp-content\/uploads\/2025\/04\/200FME-800x800-1.jpg",800,800,false],"author_info":[],"comment_info":0,"_links":{"self":[{"href":"https:\/\/xenonkungen.com\/no\/wp-json\/wp\/v2\/product\/6813","targetHints":{"allow":["GET"]}}],"collection":[{"href":"https:\/\/xenonkungen.com\/no\/wp-json\/wp\/v2\/product"}],"about":[{"href":"https:\/\/xenonkungen.com\/no\/wp-json\/wp\/v2\/types\/product"}],"replies":[{"embeddable":true,"href":"https:\/\/xenonkungen.com\/no\/wp-json\/wp\/v2\/comments?post=6813"}],"wp:featuredmedia":[{"embeddable":true,"href":"https:\/\/xenonkungen.com\/no\/wp-json\/wp\/v2\/media\/6814"}],"wp:attachment":[{"href":"https:\/\/xenonkungen.com\/no\/wp-json\/wp\/v2\/media?parent=6813"}],"wp:term":[{"taxonomy":"anvandningsomrade","embeddable":true,"href":"https:\/\/xenonkungen.com\/no\/wp-json\/wp\/v2\/anvandningsomrade?post=6813"},{"taxonomy":"bilmarken","embeddable":true,"href":"https:\/\/xenonkungen.com\/no\/wp-json\/wp\/v2\/bilmarken?post=6813"},{"taxonomy":"product_brand","embeddable":true,"href":"https:\/\/xenonkungen.com\/no\/wp-json\/wp\/v2\/product_brand?post=6813"},{"taxonomy":"product_cat","embeddable":true,"href":"https:\/\/xenonkungen.com\/no\/wp-json\/wp\/v2\/product_cat?post=6813"},{"taxonomy":"product_tag","embeddable":true,"href":"https:\/\/xenonkungen.com\/no\/wp-json\/wp\/v2\/product_tag?post=6813"}],"curies":[{"name":"wp","href":"https:\/\/api.w.org\/{rel}","templated":true}]}}