{"id":6867,"date":"2025-04-15T09:50:02","date_gmt":"2025-04-15T09:50:02","guid":{"rendered":"https:\/\/xenonkungen.com\/product\/neoprenskydd-triple-r-750-238-mm-bred\/"},"modified":"2025-12-10T14:48:27","modified_gmt":"2025-12-10T13:48:27","slug":"neoprenbeskyttelse-trippel-r-750-238-mm-bred","status":"publish","type":"product","link":"https:\/\/xenonkungen.com\/no\/produkt\/neoprenbeskyttelse-trippel-r-750-238-mm-bred\/","title":{"rendered":"Neoprenovertrekk Triple-R 750 (238 mm bredt)"},"content":{"rendered":"<h1>Lazer-lysstangdeksel \u2013 Hold lysstangen din i topp stand<\/h1>\n<p>Lazer-lysbjelkedeksler for Triple-R- og Linear-seriene gir overlegen beskyttelse for LED-lysbjelken din. De er laget av slitesterk og vaskbar neopren med h\u00f8yteknologisk slagbeskyttelse for \u00e5 gi langvarig bruk og utmerket beskyttelse. Med disse beskyttelsene kan du holde lyktestangen i topp stand og redusere vindst\u00f8yen n\u00e5r stangen er montert p\u00e5 taket.<\/p>\n<h2>Funksjoner og fordeler<\/h2>\n<p>Lazer-lysbeskyttelsen har en rekke fordeler:<\/p>\n<ul>\n<li><strong>Robust konstruksjon:<\/strong> Disse lyktestolpetrekkene er laget av slitesterk og vaskbar neopren og beskytter LED-lyktestangen mot slitasje og holder den i topp stand.<\/li>\n<li><strong>Enkel \u00e5 montere:<\/strong> Med borrel\u00e5s for rask og enkel montering kan disse dekslene enkelt festes n\u00e5r rampen ikke er i bruk.<\/li>\n<li><strong>Reduserer vindst\u00f8y:<\/strong> De smart utformede dekslene reduserer vindst\u00f8yen fra ramper montert p\u00e5 taket betydelig, noe som gj\u00f8r kj\u00f8reopplevelsen roligere og morsommere.<\/li>\n<li><strong>Beskyttelse mot st\u00f8t:<\/strong> Trekkene er utstyrt med h\u00f8yteknologisk st\u00f8tbeskyttelse for \u00e5 gi ekstra beskyttelse mot st\u00f8t og slag.<\/li>\n<\/ul>\n<p>Med Lazer Light Ramp Protection kan du enkelt holde LED-rampen din i topp stand og forbedre kj\u00f8reopplevelsen. Sikre rampens levetid og nyt fordelene med en roligere og mer komfortabel kj\u00f8retur!<\/p>","protected":false},"excerpt":{"rendered":"<p>Lazer Ljusrampsskydd &#8211; Bevara Din Ljusramp i Toppskick Lazer ljusrampsskydd f\u00f6r Triple-R och Linear-serierna erbjuder \u00f6verl\u00e4gsen skydd f\u00f6r din LED-ramp. De \u00e4r tillverkade av h\u00e5llbar och tv\u00e4ttbar neopren med h\u00f6gteknologiskt st\u00f6tskydd f\u00f6r att ge l\u00e5ngvarig anv\u00e4ndning och utm\u00e4rkt skydd. Med dessa skydd kan du h\u00e5lla din ljusramp i toppskick och reducera vindbruset n\u00e4r rampen \u00e4r [&hellip;]<\/p>","protected":false},"featured_media":6868,"comment_status":"closed","ping_status":"open","template":"","meta":{"_acf_changed":false,"_smort_price_nok":"801","_smort_price_dkk":"509","_smort_price_eur":"68.18","_smort_sale_price_nok":"","_smort_sale_price_dkk":"","_smort_sale_price_eur":"","smort_restorder":"","shipmondo_restorder":"","_kad_blocks_custom_css":"","_kad_blocks_head_custom_js":"","_kad_blocks_body_custom_js":"","_kad_blocks_footer_custom_js":"","smort_custom_pricelist_1":"480","smort_custom_pricelist_2":"480","smort_custom_pricelist_3":"480","smort_custom_pricelist_4":"600","smort_custom_pricelist_5":"480"},"anvandningsomrade":[],"bilmarken":[],"product_brand":[2793],"product_cat":[2612,2828,2539,2613],"product_tag":[2735],"class_list":{"0":"post-6867","1":"product","2":"type-product","3":"status-publish","4":"has-post-thumbnail","6":"product_brand-ovrigt","7":"product_cat-tillbehor-installation-ledramper","8":"product_cat-installation-led-ramper","9":"product_cat-ledramper","10":"product_cat-ovriga-tillbehor-tillbehor-installation-ledramper","11":"product_tag-lazer","13":"first","14":"onbackorder","15":"taxable","16":"shipping-taxable","17":"purchasable","18":"product-type-simple"},"bundled_by":[],"bundle_stock_status":"onbackorder","bundle_stock_quantity":0,"bundle_virtual":false,"bundle_layout":"","bundle_add_to_cart_form_location":"","bundle_editable_in_cart":false,"bundle_sold_individually_context":"","bundle_item_grouping":"","bundle_min_size":"","bundle_max_size":"","bundle_price":[],"bundled_items":[],"bundle_sell_ids":[],"acf":[],"yoast_head":"<!-- This site is optimized with the Yoast SEO plugin v27.0 - https:\/\/yoast.com\/product\/yoast-seo-wordpress\/ -->\n<title>Neoprenskydd Triple-R 750 (238 mm bred) - Xenonkungen<\/title>\n<meta name=\"robots\" content=\"index, follow, max-snippet:-1, max-image-preview:large, max-video-preview:-1\" \/>\n<link rel=\"canonical\" href=\"https:\/\/xenonkungen.com\/no\/produkt\/neoprenbeskyttelse-trippel-r-750-238-mm-bred\/\" \/>\n<meta property=\"og:locale\" content=\"nb_NO\" \/>\n<meta property=\"og:type\" content=\"article\" \/>\n<meta property=\"og:title\" content=\"Neoprenskydd Triple-R 750 (238 mm bred) - Xenonkungen\" \/>\n<meta property=\"og:description\" content=\"Lazer Ljusrampsskydd &#8211; Bevara Din Ljusramp i Toppskick Lazer ljusrampsskydd f\u00f6r Triple-R och Linear-serierna erbjuder \u00f6verl\u00e4gsen skydd f\u00f6r din LED-ramp. De \u00e4r tillverkade av h\u00e5llbar och tv\u00e4ttbar neopren med h\u00f6gteknologiskt st\u00f6tskydd f\u00f6r att ge l\u00e5ngvarig anv\u00e4ndning och utm\u00e4rkt skydd. Med dessa skydd kan du h\u00e5lla din ljusramp i toppskick och reducera vindbruset n\u00e4r rampen \u00e4r [&hellip;]\" \/>\n<meta property=\"og:url\" content=\"https:\/\/xenonkungen.com\/no\/produkt\/neoprenbeskyttelse-trippel-r-750-238-mm-bred\/\" \/>\n<meta property=\"og:site_name\" content=\"Xenonkungen\" \/>\n<meta property=\"article:modified_time\" content=\"2025-12-10T13:48:27+00:00\" \/>\n<meta property=\"og:image\" content=\"https:\/\/xenonkungen.com\/wp-content\/uploads\/2025\/04\/neoprene_impact_cover_web.jpg\" \/>\n\t<meta property=\"og:image:width\" content=\"1000\" \/>\n\t<meta property=\"og:image:height\" content=\"750\" \/>\n\t<meta property=\"og:image:type\" content=\"image\/jpeg\" \/>\n<meta name=\"twitter:card\" content=\"summary_large_image\" \/>\n<meta name=\"twitter:label1\" content=\"Ansl. lesetid\" \/>\n\t<meta name=\"twitter:data1\" content=\"1 minutt\" \/>\n<script type=\"application\/ld+json\" class=\"yoast-schema-graph\">{\"@context\":\"https:\/\/schema.org\",\"@graph\":[{\"@type\":\"WebPage\",\"@id\":\"https:\/\/xenonkungen.com\/es\/producto\/proteccion-de-neopreno-triple-r-750-238-mm-de-ancho\/\",\"url\":\"https:\/\/xenonkungen.com\/es\/producto\/proteccion-de-neopreno-triple-r-750-238-mm-de-ancho\/\",\"name\":\"Neoprenskydd Triple-R 750 (238 mm bred) - Xenonkungen\",\"isPartOf\":{\"@id\":\"https:\/\/xenonkungen.com\/#website\"},\"primaryImageOfPage\":{\"@id\":\"https:\/\/xenonkungen.com\/es\/producto\/proteccion-de-neopreno-triple-r-750-238-mm-de-ancho\/#primaryimage\"},\"image\":{\"@id\":\"https:\/\/xenonkungen.com\/es\/producto\/proteccion-de-neopreno-triple-r-750-238-mm-de-ancho\/#primaryimage\"},\"thumbnailUrl\":\"https:\/\/xenonkungen.com\/wp-content\/uploads\/2025\/04\/neoprene_impact_cover_web.jpg\",\"datePublished\":\"2025-04-15T09:50:02+00:00\",\"dateModified\":\"2025-12-10T13:48:27+00:00\",\"breadcrumb\":{\"@id\":\"https:\/\/xenonkungen.com\/es\/producto\/proteccion-de-neopreno-triple-r-750-238-mm-de-ancho\/#breadcrumb\"},\"inLanguage\":\"nb-NO\",\"potentialAction\":[{\"@type\":\"ReadAction\",\"target\":[\"https:\/\/xenonkungen.com\/es\/producto\/proteccion-de-neopreno-triple-r-750-238-mm-de-ancho\/\"]}]},{\"@type\":\"ImageObject\",\"inLanguage\":\"nb-NO\",\"@id\":\"https:\/\/xenonkungen.com\/es\/producto\/proteccion-de-neopreno-triple-r-750-238-mm-de-ancho\/#primaryimage\",\"url\":\"https:\/\/xenonkungen.com\/wp-content\/uploads\/2025\/04\/neoprene_impact_cover_web.jpg\",\"contentUrl\":\"https:\/\/xenonkungen.com\/wp-content\/uploads\/2025\/04\/neoprene_impact_cover_web.jpg\",\"width\":1000,\"height\":750},{\"@type\":\"BreadcrumbList\",\"@id\":\"https:\/\/xenonkungen.com\/es\/producto\/proteccion-de-neopreno-triple-r-750-238-mm-de-ancho\/#breadcrumb\",\"itemListElement\":[{\"@type\":\"ListItem\",\"position\":1,\"name\":\"Hem\",\"item\":\"https:\/\/xenonkungen.com\/\"},{\"@type\":\"ListItem\",\"position\":2,\"name\":\"Shop\",\"item\":\"https:\/\/xenonkungen.com\/shop\/\"},{\"@type\":\"ListItem\",\"position\":3,\"name\":\"Neoprenskydd Triple-R 750 (238 mm bred)\"}]},{\"@type\":\"WebSite\",\"@id\":\"https:\/\/xenonkungen.com\/#website\",\"url\":\"https:\/\/xenonkungen.com\/\",\"name\":\"Xenonkungen\",\"description\":\"\",\"potentialAction\":[{\"@type\":\"SearchAction\",\"target\":{\"@type\":\"EntryPoint\",\"urlTemplate\":\"https:\/\/xenonkungen.com\/?s={search_term_string}\"},\"query-input\":{\"@type\":\"PropertyValueSpecification\",\"valueRequired\":true,\"valueName\":\"search_term_string\"}}],\"inLanguage\":\"nb-NO\"}]}<\/script>\n<!-- \/ Yoast SEO plugin. -->","yoast_head_json":{"title":"Neoprenbeskyttelse Triple-R 750 (238 mm bred) \u2013 Xenon-kongen","robots":{"index":"index","follow":"follow","max-snippet":"max-snippet:-1","max-image-preview":"max-image-preview:large","max-video-preview":"max-video-preview:-1"},"canonical":"https:\/\/xenonkungen.com\/no\/produkt\/neoprenbeskyttelse-trippel-r-750-238-mm-bred\/","og_locale":"nb_NO","og_type":"article","og_title":"Neoprenskydd Triple-R 750 (238 mm bred) - Xenonkungen","og_description":"Lazer Ljusrampsskydd &#8211; Bevara Din Ljusramp i Toppskick Lazer ljusrampsskydd f\u00f6r Triple-R och Linear-serierna erbjuder \u00f6verl\u00e4gsen skydd f\u00f6r din LED-ramp. De \u00e4r tillverkade av h\u00e5llbar och tv\u00e4ttbar neopren med h\u00f6gteknologiskt st\u00f6tskydd f\u00f6r att ge l\u00e5ngvarig anv\u00e4ndning och utm\u00e4rkt skydd. Med dessa skydd kan du h\u00e5lla din ljusramp i toppskick och reducera vindbruset n\u00e4r rampen \u00e4r [&hellip;]","og_url":"https:\/\/xenonkungen.com\/no\/produkt\/neoprenbeskyttelse-trippel-r-750-238-mm-bred\/","og_site_name":"Xenonkungen","article_modified_time":"2025-12-10T13:48:27+00:00","og_image":[{"width":1000,"height":750,"url":"https:\/\/xenonkungen.com\/wp-content\/uploads\/2025\/04\/neoprene_impact_cover_web.jpg","type":"image\/jpeg"}],"twitter_card":"summary_large_image","twitter_misc":{"Ansl. lesetid":"1 minutt"},"schema":{"@context":"https:\/\/schema.org","@graph":[{"@type":"WebPage","@id":"https:\/\/xenonkungen.com\/es\/producto\/proteccion-de-neopreno-triple-r-750-238-mm-de-ancho\/","url":"https:\/\/xenonkungen.com\/es\/producto\/proteccion-de-neopreno-triple-r-750-238-mm-de-ancho\/","name":"Neoprenbeskyttelse Triple-R 750 (238 mm bred) \u2013 Xenon-kongen","isPartOf":{"@id":"https:\/\/xenonkungen.com\/#website"},"primaryImageOfPage":{"@id":"https:\/\/xenonkungen.com\/es\/producto\/proteccion-de-neopreno-triple-r-750-238-mm-de-ancho\/#primaryimage"},"image":{"@id":"https:\/\/xenonkungen.com\/es\/producto\/proteccion-de-neopreno-triple-r-750-238-mm-de-ancho\/#primaryimage"},"thumbnailUrl":"https:\/\/xenonkungen.com\/wp-content\/uploads\/2025\/04\/neoprene_impact_cover_web.jpg","datePublished":"2025-04-15T09:50:02+00:00","dateModified":"2025-12-10T13:48:27+00:00","breadcrumb":{"@id":"https:\/\/xenonkungen.com\/es\/producto\/proteccion-de-neopreno-triple-r-750-238-mm-de-ancho\/#breadcrumb"},"inLanguage":"nb-NO","potentialAction":[{"@type":"ReadAction","target":["https:\/\/xenonkungen.com\/es\/producto\/proteccion-de-neopreno-triple-r-750-238-mm-de-ancho\/"]}]},{"@type":"ImageObject","inLanguage":"nb-NO","@id":"https:\/\/xenonkungen.com\/es\/producto\/proteccion-de-neopreno-triple-r-750-238-mm-de-ancho\/#primaryimage","url":"https:\/\/xenonkungen.com\/wp-content\/uploads\/2025\/04\/neoprene_impact_cover_web.jpg","contentUrl":"https:\/\/xenonkungen.com\/wp-content\/uploads\/2025\/04\/neoprene_impact_cover_web.jpg","width":1000,"height":750},{"@type":"BreadcrumbList","@id":"https:\/\/xenonkungen.com\/es\/producto\/proteccion-de-neopreno-triple-r-750-238-mm-de-ancho\/#breadcrumb","itemListElement":[{"@type":"ListItem","position":1,"name":"Hem","item":"https:\/\/xenonkungen.com\/"},{"@type":"ListItem","position":2,"name":"Shop","item":"https:\/\/xenonkungen.com\/shop\/"},{"@type":"ListItem","position":3,"name":"Neoprenskydd Triple-R 750 (238 mm bred)"}]},{"@type":"WebSite","@id":"https:\/\/xenonkungen.com\/#website","url":"https:\/\/xenonkungen.com\/","name":"Xenonkungen","description":"","potentialAction":[{"@type":"SearchAction","target":{"@type":"EntryPoint","urlTemplate":"https:\/\/xenonkungen.com\/?s={search_term_string}"},"query-input":{"@type":"PropertyValueSpecification","valueRequired":true,"valueName":"search_term_string"}}],"inLanguage":"nb-NO"}]}},"taxonomy_info":{"product_brand":[{"value":2793,"label":"\u00d6VRIGT"}],"product_cat":[{"value":2612,"label":"INSTALLATION"},{"value":2828,"label":"Installation LED-ramper"},{"value":2539,"label":"LEDRAMPER"},{"value":2613,"label":"\u00d6vriga Tillbeh\u00f6r"}],"product_tag":[{"value":2735,"label":"Lazer"}]},"featured_image_src_large":["https:\/\/xenonkungen.com\/wp-content\/uploads\/2025\/04\/neoprene_impact_cover_web.jpg",1000,750,false],"author_info":[],"comment_info":0,"_links":{"self":[{"href":"https:\/\/xenonkungen.com\/no\/wp-json\/wp\/v2\/product\/6867","targetHints":{"allow":["GET"]}}],"collection":[{"href":"https:\/\/xenonkungen.com\/no\/wp-json\/wp\/v2\/product"}],"about":[{"href":"https:\/\/xenonkungen.com\/no\/wp-json\/wp\/v2\/types\/product"}],"replies":[{"embeddable":true,"href":"https:\/\/xenonkungen.com\/no\/wp-json\/wp\/v2\/comments?post=6867"}],"wp:featuredmedia":[{"embeddable":true,"href":"https:\/\/xenonkungen.com\/no\/wp-json\/wp\/v2\/media\/6868"}],"wp:attachment":[{"href":"https:\/\/xenonkungen.com\/no\/wp-json\/wp\/v2\/media?parent=6867"}],"wp:term":[{"taxonomy":"anvandningsomrade","embeddable":true,"href":"https:\/\/xenonkungen.com\/no\/wp-json\/wp\/v2\/anvandningsomrade?post=6867"},{"taxonomy":"bilmarken","embeddable":true,"href":"https:\/\/xenonkungen.com\/no\/wp-json\/wp\/v2\/bilmarken?post=6867"},{"taxonomy":"product_brand","embeddable":true,"href":"https:\/\/xenonkungen.com\/no\/wp-json\/wp\/v2\/product_brand?post=6867"},{"taxonomy":"product_cat","embeddable":true,"href":"https:\/\/xenonkungen.com\/no\/wp-json\/wp\/v2\/product_cat?post=6867"},{"taxonomy":"product_tag","embeddable":true,"href":"https:\/\/xenonkungen.com\/no\/wp-json\/wp\/v2\/product_tag?post=6867"}],"curies":[{"name":"wp","href":"https:\/\/api.w.org\/{rel}","templated":true}]}}