{"id":6887,"date":"2025-04-15T09:50:09","date_gmt":"2025-04-15T09:50:09","guid":{"rendered":"https:\/\/xenonkungen.com\/product\/orange-rafflat-linskit-horisontell-triple-r-std\/"},"modified":"2025-12-10T14:48:28","modified_gmt":"2025-12-10T13:48:28","slug":"oransje-riflet-linskit-horisontal-trippel-r-standard","status":"publish","type":"product","link":"https:\/\/xenonkungen.com\/no\/produkt\/oransje-riflet-linskit-horisontal-trippel-r-standard\/","title":{"rendered":"Oransje riflet linsesett horisontalt Triple-R Std"},"content":{"rendered":"<h1>Lazer Scatter-linser for Triple-R - bedre synlighet og beskyttelse<\/h1>\n<p>Lazer-diffusjonslinsene er laget av slitesterk akryl med lang levetid og er kompatible med Triple-R-serien. Hvert linseelement dekker fire LED-moduler, noe som gir deg fleksibilitet til \u00e5 bruke \u00e9n eller flere linser for \u00e5 tilpasse lengre rampekonfigurasjoner. Det er enkelt \u00e5 feste diffusorlinsene ved hjelp av de fire medf\u00f8lgende klipsene.<\/p>\n<p>Disse linsene har ogs\u00e5 en beskyttende funksjon, og fungerer som en steinsprutbeskyttelse for \u00e5 forhindre riper og slitasje p\u00e5 den originale linsen. De tette pakningene p\u00e5 linsene forhindrer ogs\u00e5 inntrengning av vann og smuss, noe som gir ekstra beskyttelse og opprettholder ytelsen under alle v\u00e6rforhold.<\/p>\n<p>De klare linsene har en ribbedesign som gir en lysspredning p\u00e5 enten 15\u00b0 eller 30\u00b0. Dette utvider det opprinnelige lysm\u00f8nsteret og forbedrer sikten til sidene av bilen. Det ribbede m\u00f8nsteret bidrar til \u00e5 spre lyset jevnt og gir \u00f8kt perifer sikt.<\/p>\n<p>I tillegg til den ribbede designen finnes det ogs\u00e5 gule linser med glatt overflate. Den store fordelen med de gule linsene er at de forbedrer sikten i regn, sn\u00f8 og t\u00e5ke. Ved \u00e5 filtrere lyset p\u00e5 en spesiell m\u00e5te reduserer de gule linsene blending og gir klarere syn og \u00f8kt sikkerhet under ugunstige v\u00e6rforhold.<\/p>\n<p>Med Lazer-diffusjonslinser kan du ikke bare forbedre sikten og lysdiffusjonen, men ogs\u00e5 gi ekstra beskyttelse for ekstralysene dine. Utforsk de ulike alternativene, og velg de linsene som passer dine behov for \u00e5 forbedre kj\u00f8reopplevelsen under alle forhold.<\/p>","protected":false},"excerpt":{"rendered":"<p>Lazer Spridningslinser f\u00f6r Triple-R &#8211; F\u00f6rb\u00e4ttrad synlighet och skydd Lazer spridningslinser tillverkas av h\u00e5llbar och t\u00e5lig akryl och \u00e4r kompatibla med Triple-R-serierna. Varje linselement t\u00e4cker fyra LED-moduler, vilket ger dig flexibiliteten att anv\u00e4nda en eller flera linser f\u00f6r att anpassa l\u00e4ngre rampkonfigurationer. F\u00e4stning av spridningslinserna \u00e4r enkelt med hj\u00e4lp av de fyra medf\u00f6ljande klippen. Dessa [&hellip;]<\/p>","protected":false},"featured_media":6888,"comment_status":"closed","ping_status":"open","template":"","meta":{"_acf_changed":false,"_smort_price_nok":"310","_smort_price_dkk":"197","_smort_price_eur":"26.36","_smort_sale_price_nok":"","_smort_sale_price_dkk":"","_smort_sale_price_eur":"","smort_restorder":"","shipmondo_restorder":"","_kad_blocks_custom_css":"","_kad_blocks_head_custom_js":"","_kad_blocks_body_custom_js":"","_kad_blocks_footer_custom_js":"","smort_custom_pricelist_1":"185.6","smort_custom_pricelist_2":"185.6","smort_custom_pricelist_3":"185.6","smort_custom_pricelist_4":"232","smort_custom_pricelist_5":"185.6"},"anvandningsomrade":[],"bilmarken":[],"product_brand":[2793],"product_cat":[2612,2828,2539,2613],"product_tag":[2735],"class_list":{"0":"post-6887","1":"product","2":"type-product","3":"status-publish","4":"has-post-thumbnail","6":"product_brand-ovrigt","7":"product_cat-tillbehor-installation-ledramper","8":"product_cat-installation-led-ramper","9":"product_cat-ledramper","10":"product_cat-ovriga-tillbehor-tillbehor-installation-ledramper","11":"product_tag-lazer","13":"first","14":"instock","15":"taxable","16":"shipping-taxable","17":"purchasable","18":"product-type-simple"},"bundled_by":[],"bundle_stock_status":"instock","bundle_stock_quantity":1,"bundle_virtual":false,"bundle_layout":"","bundle_add_to_cart_form_location":"","bundle_editable_in_cart":false,"bundle_sold_individually_context":"","bundle_item_grouping":"","bundle_min_size":"","bundle_max_size":"","bundle_price":[],"bundled_items":[],"bundle_sell_ids":[],"acf":[],"yoast_head":"<!-- This site is optimized with the Yoast SEO plugin v27.0 - https:\/\/yoast.com\/product\/yoast-seo-wordpress\/ -->\n<title>Orange r\u00e4fflat linskit horisontell Triple-R Std - Xenonkungen<\/title>\n<meta name=\"robots\" content=\"index, follow, max-snippet:-1, max-image-preview:large, max-video-preview:-1\" \/>\n<link rel=\"canonical\" href=\"https:\/\/xenonkungen.com\/no\/produkt\/oransje-riflet-linskit-horisontal-trippel-r-standard\/\" \/>\n<meta property=\"og:locale\" content=\"nb_NO\" \/>\n<meta property=\"og:type\" content=\"article\" \/>\n<meta property=\"og:title\" content=\"Orange r\u00e4fflat linskit horisontell Triple-R Std - Xenonkungen\" \/>\n<meta property=\"og:description\" content=\"Lazer Spridningslinser f\u00f6r Triple-R &#8211; F\u00f6rb\u00e4ttrad synlighet och skydd Lazer spridningslinser tillverkas av h\u00e5llbar och t\u00e5lig akryl och \u00e4r kompatibla med Triple-R-serierna. Varje linselement t\u00e4cker fyra LED-moduler, vilket ger dig flexibiliteten att anv\u00e4nda en eller flera linser f\u00f6r att anpassa l\u00e4ngre rampkonfigurationer. F\u00e4stning av spridningslinserna \u00e4r enkelt med hj\u00e4lp av de fyra medf\u00f6ljande klippen. Dessa [&hellip;]\" \/>\n<meta property=\"og:url\" content=\"https:\/\/xenonkungen.com\/no\/produkt\/oransje-riflet-linskit-horisontal-trippel-r-standard\/\" \/>\n<meta property=\"og:site_name\" content=\"Xenonkungen\" \/>\n<meta property=\"article:modified_time\" content=\"2025-12-10T13:48:28+00:00\" \/>\n<meta property=\"og:image\" content=\"https:\/\/xenonkungen.com\/wp-content\/uploads\/2025\/04\/ylw_15_degree_web-1.jpg\" \/>\n\t<meta property=\"og:image:width\" content=\"1000\" \/>\n\t<meta property=\"og:image:height\" content=\"750\" \/>\n\t<meta property=\"og:image:type\" content=\"image\/jpeg\" \/>\n<meta name=\"twitter:card\" content=\"summary_large_image\" \/>\n<meta name=\"twitter:label1\" content=\"Ansl. lesetid\" \/>\n\t<meta name=\"twitter:data1\" content=\"1 minutt\" \/>\n<script type=\"application\/ld+json\" class=\"yoast-schema-graph\">{\"@context\":\"https:\/\/schema.org\",\"@graph\":[{\"@type\":\"WebPage\",\"@id\":\"https:\/\/xenonkungen.com\/produkt\/orange-rafflat-linskit-horisontell-triple-r-std\/\",\"url\":\"https:\/\/xenonkungen.com\/produkt\/orange-rafflat-linskit-horisontell-triple-r-std\/\",\"name\":\"Orange r\u00e4fflat linskit horisontell Triple-R Std - Xenonkungen\",\"isPartOf\":{\"@id\":\"https:\/\/xenonkungen.com\/#website\"},\"primaryImageOfPage\":{\"@id\":\"https:\/\/xenonkungen.com\/produkt\/orange-rafflat-linskit-horisontell-triple-r-std\/#primaryimage\"},\"image\":{\"@id\":\"https:\/\/xenonkungen.com\/produkt\/orange-rafflat-linskit-horisontell-triple-r-std\/#primaryimage\"},\"thumbnailUrl\":\"https:\/\/xenonkungen.com\/wp-content\/uploads\/2025\/04\/ylw_15_degree_web-1.jpg\",\"datePublished\":\"2025-04-15T09:50:09+00:00\",\"dateModified\":\"2025-12-10T13:48:28+00:00\",\"breadcrumb\":{\"@id\":\"https:\/\/xenonkungen.com\/produkt\/orange-rafflat-linskit-horisontell-triple-r-std\/#breadcrumb\"},\"inLanguage\":\"nb-NO\",\"potentialAction\":[{\"@type\":\"ReadAction\",\"target\":[\"https:\/\/xenonkungen.com\/produkt\/orange-rafflat-linskit-horisontell-triple-r-std\/\"]}]},{\"@type\":\"ImageObject\",\"inLanguage\":\"nb-NO\",\"@id\":\"https:\/\/xenonkungen.com\/produkt\/orange-rafflat-linskit-horisontell-triple-r-std\/#primaryimage\",\"url\":\"https:\/\/xenonkungen.com\/wp-content\/uploads\/2025\/04\/ylw_15_degree_web-1.jpg\",\"contentUrl\":\"https:\/\/xenonkungen.com\/wp-content\/uploads\/2025\/04\/ylw_15_degree_web-1.jpg\",\"width\":1000,\"height\":750},{\"@type\":\"BreadcrumbList\",\"@id\":\"https:\/\/xenonkungen.com\/produkt\/orange-rafflat-linskit-horisontell-triple-r-std\/#breadcrumb\",\"itemListElement\":[{\"@type\":\"ListItem\",\"position\":1,\"name\":\"Hem\",\"item\":\"https:\/\/xenonkungen.com\/\"},{\"@type\":\"ListItem\",\"position\":2,\"name\":\"Shop\",\"item\":\"https:\/\/xenonkungen.com\/shop\/\"},{\"@type\":\"ListItem\",\"position\":3,\"name\":\"Orange r\u00e4fflat linskit horisontell Triple-R Std\"}]},{\"@type\":\"WebSite\",\"@id\":\"https:\/\/xenonkungen.com\/#website\",\"url\":\"https:\/\/xenonkungen.com\/\",\"name\":\"Xenonkungen\",\"description\":\"\",\"potentialAction\":[{\"@type\":\"SearchAction\",\"target\":{\"@type\":\"EntryPoint\",\"urlTemplate\":\"https:\/\/xenonkungen.com\/?s={search_term_string}\"},\"query-input\":{\"@type\":\"PropertyValueSpecification\",\"valueRequired\":true,\"valueName\":\"search_term_string\"}}],\"inLanguage\":\"nb-NO\"}]}<\/script>\n<!-- \/ Yoast SEO plugin. -->","yoast_head_json":{"title":"Oransje rillet linsesett horisontalt Triple-R Std - Xenonkungen","robots":{"index":"index","follow":"follow","max-snippet":"max-snippet:-1","max-image-preview":"max-image-preview:large","max-video-preview":"max-video-preview:-1"},"canonical":"https:\/\/xenonkungen.com\/no\/produkt\/oransje-riflet-linskit-horisontal-trippel-r-standard\/","og_locale":"nb_NO","og_type":"article","og_title":"Orange r\u00e4fflat linskit horisontell Triple-R Std - Xenonkungen","og_description":"Lazer Spridningslinser f\u00f6r Triple-R &#8211; F\u00f6rb\u00e4ttrad synlighet och skydd Lazer spridningslinser tillverkas av h\u00e5llbar och t\u00e5lig akryl och \u00e4r kompatibla med Triple-R-serierna. Varje linselement t\u00e4cker fyra LED-moduler, vilket ger dig flexibiliteten att anv\u00e4nda en eller flera linser f\u00f6r att anpassa l\u00e4ngre rampkonfigurationer. F\u00e4stning av spridningslinserna \u00e4r enkelt med hj\u00e4lp av de fyra medf\u00f6ljande klippen. Dessa [&hellip;]","og_url":"https:\/\/xenonkungen.com\/no\/produkt\/oransje-riflet-linskit-horisontal-trippel-r-standard\/","og_site_name":"Xenonkungen","article_modified_time":"2025-12-10T13:48:28+00:00","og_image":[{"width":1000,"height":750,"url":"https:\/\/xenonkungen.com\/wp-content\/uploads\/2025\/04\/ylw_15_degree_web-1.jpg","type":"image\/jpeg"}],"twitter_card":"summary_large_image","twitter_misc":{"Ansl. lesetid":"1 minutt"},"schema":{"@context":"https:\/\/schema.org","@graph":[{"@type":"WebPage","@id":"https:\/\/xenonkungen.com\/produkt\/orange-rafflat-linskit-horisontell-triple-r-std\/","url":"https:\/\/xenonkungen.com\/produkt\/orange-rafflat-linskit-horisontell-triple-r-std\/","name":"Oransje rillet linsesett horisontalt Triple-R Std - Xenonkungen","isPartOf":{"@id":"https:\/\/xenonkungen.com\/#website"},"primaryImageOfPage":{"@id":"https:\/\/xenonkungen.com\/produkt\/orange-rafflat-linskit-horisontell-triple-r-std\/#primaryimage"},"image":{"@id":"https:\/\/xenonkungen.com\/produkt\/orange-rafflat-linskit-horisontell-triple-r-std\/#primaryimage"},"thumbnailUrl":"https:\/\/xenonkungen.com\/wp-content\/uploads\/2025\/04\/ylw_15_degree_web-1.jpg","datePublished":"2025-04-15T09:50:09+00:00","dateModified":"2025-12-10T13:48:28+00:00","breadcrumb":{"@id":"https:\/\/xenonkungen.com\/produkt\/orange-rafflat-linskit-horisontell-triple-r-std\/#breadcrumb"},"inLanguage":"nb-NO","potentialAction":[{"@type":"ReadAction","target":["https:\/\/xenonkungen.com\/produkt\/orange-rafflat-linskit-horisontell-triple-r-std\/"]}]},{"@type":"ImageObject","inLanguage":"nb-NO","@id":"https:\/\/xenonkungen.com\/produkt\/orange-rafflat-linskit-horisontell-triple-r-std\/#primaryimage","url":"https:\/\/xenonkungen.com\/wp-content\/uploads\/2025\/04\/ylw_15_degree_web-1.jpg","contentUrl":"https:\/\/xenonkungen.com\/wp-content\/uploads\/2025\/04\/ylw_15_degree_web-1.jpg","width":1000,"height":750},{"@type":"BreadcrumbList","@id":"https:\/\/xenonkungen.com\/produkt\/orange-rafflat-linskit-horisontell-triple-r-std\/#breadcrumb","itemListElement":[{"@type":"ListItem","position":1,"name":"Hem","item":"https:\/\/xenonkungen.com\/"},{"@type":"ListItem","position":2,"name":"Shop","item":"https:\/\/xenonkungen.com\/shop\/"},{"@type":"ListItem","position":3,"name":"Orange r\u00e4fflat linskit horisontell Triple-R Std"}]},{"@type":"WebSite","@id":"https:\/\/xenonkungen.com\/#website","url":"https:\/\/xenonkungen.com\/","name":"Xenonkungen","description":"","potentialAction":[{"@type":"SearchAction","target":{"@type":"EntryPoint","urlTemplate":"https:\/\/xenonkungen.com\/?s={search_term_string}"},"query-input":{"@type":"PropertyValueSpecification","valueRequired":true,"valueName":"search_term_string"}}],"inLanguage":"nb-NO"}]}},"taxonomy_info":{"product_brand":[{"value":2793,"label":"\u00d6VRIGT"}],"product_cat":[{"value":2612,"label":"INSTALLATION"},{"value":2828,"label":"Installation LED-ramper"},{"value":2539,"label":"LEDRAMPER"},{"value":2613,"label":"\u00d6vriga Tillbeh\u00f6r"}],"product_tag":[{"value":2735,"label":"Lazer"}]},"featured_image_src_large":["https:\/\/xenonkungen.com\/wp-content\/uploads\/2025\/04\/ylw_15_degree_web-1.jpg",1000,750,false],"author_info":[],"comment_info":0,"_links":{"self":[{"href":"https:\/\/xenonkungen.com\/no\/wp-json\/wp\/v2\/product\/6887","targetHints":{"allow":["GET"]}}],"collection":[{"href":"https:\/\/xenonkungen.com\/no\/wp-json\/wp\/v2\/product"}],"about":[{"href":"https:\/\/xenonkungen.com\/no\/wp-json\/wp\/v2\/types\/product"}],"replies":[{"embeddable":true,"href":"https:\/\/xenonkungen.com\/no\/wp-json\/wp\/v2\/comments?post=6887"}],"wp:featuredmedia":[{"embeddable":true,"href":"https:\/\/xenonkungen.com\/no\/wp-json\/wp\/v2\/media\/6888"}],"wp:attachment":[{"href":"https:\/\/xenonkungen.com\/no\/wp-json\/wp\/v2\/media?parent=6887"}],"wp:term":[{"taxonomy":"anvandningsomrade","embeddable":true,"href":"https:\/\/xenonkungen.com\/no\/wp-json\/wp\/v2\/anvandningsomrade?post=6887"},{"taxonomy":"bilmarken","embeddable":true,"href":"https:\/\/xenonkungen.com\/no\/wp-json\/wp\/v2\/bilmarken?post=6887"},{"taxonomy":"product_brand","embeddable":true,"href":"https:\/\/xenonkungen.com\/no\/wp-json\/wp\/v2\/product_brand?post=6887"},{"taxonomy":"product_cat","embeddable":true,"href":"https:\/\/xenonkungen.com\/no\/wp-json\/wp\/v2\/product_cat?post=6887"},{"taxonomy":"product_tag","embeddable":true,"href":"https:\/\/xenonkungen.com\/no\/wp-json\/wp\/v2\/product_tag?post=6887"}],"curies":[{"name":"wp","href":"https:\/\/api.w.org\/{rel}","templated":true}]}}