{"id":6992,"date":"2025-04-15T09:51:22","date_gmt":"2025-04-15T09:51:22","guid":{"rendered":"https:\/\/xenonkungen.com\/product\/kombinationslampa-355barwml-black-left\/"},"modified":"2026-04-11T00:45:35","modified_gmt":"2026-04-10T23:45:35","slug":"kombinasjonslampe-355-barwml-svart-venstre","status":"publish","type":"product","link":"https:\/\/xenonkungen.com\/no\/produkt\/kombinasjonslampe-355-barwml-svart-venstre\/","title":{"rendered":"Kombinasjonslampe 355BARWML Svart | Venstre"},"content":{"rendered":"<h1>LED Autolamps 355-serien - stilige og innovative baklykter for alle kj\u00f8ret\u00f8y<\/h1>\n<p>Ta bilbelysningen til neste niv\u00e5 med <strong>LED billys i 355-serien<\/strong> - en perfekt kombinasjon av moderne design og avansert funksjonalitet. Med sine elegante, diffuse gl\u00f8delys og progressive sekvensielle blinklys gir disse lyktene ikke bare sikkerhet, men ogs\u00e5 en visuelt i\u00f8ynefallende oppgradering av bilen din.<\/p>\n<h3>Alt-i-ett-l\u00f8sning for enkelhet og ytelse<\/h3>\n<p>355-serien leverer allsidighet og kvalitet i en forseglet enhet som kombinerer:<\/p>\n<ul>\n<li><strong>Stopp- og baklys<\/strong><\/li>\n<li><strong>Blinkers<\/strong><\/li>\n<li><strong>Reverseringslys og reflektor<br \/><\/strong><\/li>\n<\/ul>\n<h3><strong>Fargekoder for koblinger<\/strong><\/h3>\n<ul>\n<li>BRUNT: Baklys [+]<\/li>\n<li>R\u00d8DT: Bremselys [+]<\/li>\n<li>SORT: Bakgrunnsbelysning [+]<\/li>\n<li>GULT \/ GR\u00d8NT: Blinklys [+]<\/li>\n<li>HVITT: Jord [-]<\/li>\n<\/ul>\n<h3>Bygget for \u00e5 holde i alle milj\u00f8er<\/h3>\n<p>Disse baklyktene er designet for \u00e5 t\u00e5le de t\u00f8ffeste forhold. Med en robust konstruksjon som er:<\/p>\n<ul>\n<li><strong>IP67-beskyttet:<\/strong> Helt st\u00f8v- og vanntett<\/li>\n<li><strong>St\u00f8t- og vibrasjonsbestandig<\/strong><\/li>\n<li><strong>5 \u00e5rs garanti:<\/strong> For trygghet og ro i sjelen<\/li>\n<\/ul>\n<h3>Energieffektiv LED-teknologi<\/h3>\n<p>Med den nyeste <strong>LED-teknologi<\/strong> tilbyr 355-serien:<\/p>\n<ul>\n<li>Lang produktlevetid<\/li>\n<li>Lavere energiforbruk for \u00e5 beskytte batteriet<\/li>\n<li>Synlig lysstyrke, selv under t\u00f8ffe v\u00e6rforhold<\/li>\n<\/ul>\n<h3>Allsidighet for alle kj\u00f8ret\u00f8y<\/h3>\n<p>Med <strong>Kompatibel med 12\/24 V multispenning<\/strong> Disse lysene er perfekte for en rekke kj\u00f8ret\u00f8y, inkludert<\/p>\n<ul>\n<li>Ombygging av varebiler<\/li>\n<li>Nyttekj\u00f8ret\u00f8y<\/li>\n<li>Kommersielle og private kj\u00f8ret\u00f8y<\/li>\n<\/ul>\n<p><strong>Oppdag forskjellen med LED Autolamps 355-serien - der stil m\u00f8ter holdbarhet og innovasjon.<\/strong><\/p>","protected":false},"excerpt":{"rendered":"<p><strong>Venstre lykt<\/strong><\/p>\n<p>- Svart design<br \/>- 12\/24 V multispenning<br \/>- Progressiv indikatorsekvens<br \/>- Diffust \"glow-track\"-baklys<br \/>- Fullstendig ECE-godkjent<br \/>- IP67 - helt vanntett<br \/>- 5 \u00e5rs garanti<br \/>- Sv\u00e6rt effektiv LED-teknologi<br \/>- St\u00f8t- og vibrasjonstestet<\/p>","protected":false},"featured_media":6993,"comment_status":"closed","ping_status":"open","template":"","meta":{"_acf_changed":false,"_smort_price_nok":"1810","_smort_price_dkk":"1150","_smort_price_eur":"154.08","_smort_sale_price_nok":"","_smort_sale_price_dkk":"","_smort_sale_price_eur":"","smort_restorder":"","shipmondo_restorder":"","_kad_blocks_custom_css":"","_kad_blocks_head_custom_js":"","_kad_blocks_body_custom_js":"","_kad_blocks_footer_custom_js":"","smort_custom_pricelist_1":"1084.8","smort_custom_pricelist_2":"949.2","smort_custom_pricelist_3":"881.4","smort_custom_pricelist_4":"1356","smort_custom_pricelist_5":"949.2"},"anvandningsomrade":[166,238,2816],"bilmarken":[],"product_brand":[1252],"product_cat":[2552],"product_tag":[],"class_list":{"0":"post-6992","1":"product","2":"type-product","3":"status-publish","4":"has-post-thumbnail","6":"anvandningsomrade-lastbil","7":"anvandningsomrade-slap","8":"anvandningsomrade-trailer","9":"product_brand-lea","10":"product_cat-bakljus-slap","11":"pa_fuktskydd-varde-ipxx-ip67","12":"pa_godkannande-ece-r10-r3-r6-r7-r23","13":"pa_storlek-mm-356x86x35","14":"pa_volt-v-12-24","16":"first","17":"instock","18":"taxable","19":"shipping-taxable","20":"purchasable","21":"product-type-simple"},"bundled_by":[],"bundle_stock_status":"instock","bundle_stock_quantity":4,"bundle_virtual":false,"bundle_layout":"","bundle_add_to_cart_form_location":"","bundle_editable_in_cart":false,"bundle_sold_individually_context":"","bundle_item_grouping":"","bundle_min_size":"","bundle_max_size":"","bundle_price":[],"bundled_items":[],"bundle_sell_ids":[],"acf":[],"yoast_head":"<!-- This site is optimized with the Yoast SEO plugin v27.0 - https:\/\/yoast.com\/product\/yoast-seo-wordpress\/ -->\n<title>Kombinationslampa 355BARWML Black | Left - Xenonkungen<\/title>\n<meta name=\"robots\" content=\"index, follow, max-snippet:-1, max-image-preview:large, max-video-preview:-1\" \/>\n<link rel=\"canonical\" href=\"https:\/\/xenonkungen.com\/no\/produkt\/kombinasjonslampe-355-barwml-svart-venstre\/\" \/>\n<meta property=\"og:locale\" content=\"nb_NO\" \/>\n<meta property=\"og:type\" content=\"article\" \/>\n<meta property=\"og:title\" content=\"Kombinationslampa 355BARWML Black | Left - Xenonkungen\" \/>\n<meta property=\"og:description\" content=\"V\u00e4nster Lykta\u2022 Svart Design\u2022 12\/24V multivolt\u2022 Progressiv indikatorsekvens\u2022 Diffusat &#039;glow-track&#039; bakljus\u2022 Helt ECE-godk\u00e4nd\u2022 IP67 \u2013 helt vattent\u00e4t\u2022 5 \u00e5rs garanti\u2022 Mycket effektiv LED-teknik\u2022 St\u00f6t- och vibrationstestade\" \/>\n<meta property=\"og:url\" content=\"https:\/\/xenonkungen.com\/no\/produkt\/kombinasjonslampe-355-barwml-svart-venstre\/\" \/>\n<meta property=\"og:site_name\" content=\"Xenonkungen\" \/>\n<meta property=\"article:modified_time\" content=\"2026-04-10T23:45:35+00:00\" \/>\n<meta property=\"og:image\" content=\"https:\/\/xenonkungen.com\/wp-content\/uploads\/2025\/04\/190276689-origpic-b4ddd8.jpg\" \/>\n\t<meta property=\"og:image:width\" content=\"800\" \/>\n\t<meta property=\"og:image:height\" content=\"800\" \/>\n\t<meta property=\"og:image:type\" content=\"image\/jpeg\" \/>\n<meta name=\"twitter:card\" content=\"summary_large_image\" \/>\n<meta name=\"twitter:label1\" content=\"Ansl. lesetid\" \/>\n\t<meta name=\"twitter:data1\" content=\"1 minutt\" \/>\n<script type=\"application\/ld+json\" class=\"yoast-schema-graph\">{\"@context\":\"https:\/\/schema.org\",\"@graph\":[{\"@type\":\"WebPage\",\"@id\":\"https:\/\/xenonkungen.com\/nl\/product\/combinatielamp-355barwml-zwart-links\/\",\"url\":\"https:\/\/xenonkungen.com\/nl\/product\/combinatielamp-355barwml-zwart-links\/\",\"name\":\"Kombinationslampa 355BARWML Black | Left - Xenonkungen\",\"isPartOf\":{\"@id\":\"https:\/\/xenonkungen.com\/#website\"},\"primaryImageOfPage\":{\"@id\":\"https:\/\/xenonkungen.com\/nl\/product\/combinatielamp-355barwml-zwart-links\/#primaryimage\"},\"image\":{\"@id\":\"https:\/\/xenonkungen.com\/nl\/product\/combinatielamp-355barwml-zwart-links\/#primaryimage\"},\"thumbnailUrl\":\"https:\/\/xenonkungen.com\/wp-content\/uploads\/2025\/04\/190276689-origpic-b4ddd8.jpg\",\"datePublished\":\"2025-04-15T09:51:22+00:00\",\"dateModified\":\"2026-04-10T23:45:35+00:00\",\"breadcrumb\":{\"@id\":\"https:\/\/xenonkungen.com\/nl\/product\/combinatielamp-355barwml-zwart-links\/#breadcrumb\"},\"inLanguage\":\"nb-NO\",\"potentialAction\":[{\"@type\":\"ReadAction\",\"target\":[\"https:\/\/xenonkungen.com\/nl\/product\/combinatielamp-355barwml-zwart-links\/\"]}]},{\"@type\":\"ImageObject\",\"inLanguage\":\"nb-NO\",\"@id\":\"https:\/\/xenonkungen.com\/nl\/product\/combinatielamp-355barwml-zwart-links\/#primaryimage\",\"url\":\"https:\/\/xenonkungen.com\/wp-content\/uploads\/2025\/04\/190276689-origpic-b4ddd8.jpg\",\"contentUrl\":\"https:\/\/xenonkungen.com\/wp-content\/uploads\/2025\/04\/190276689-origpic-b4ddd8.jpg\",\"width\":800,\"height\":800},{\"@type\":\"BreadcrumbList\",\"@id\":\"https:\/\/xenonkungen.com\/nl\/product\/combinatielamp-355barwml-zwart-links\/#breadcrumb\",\"itemListElement\":[{\"@type\":\"ListItem\",\"position\":1,\"name\":\"Hem\",\"item\":\"https:\/\/xenonkungen.com\/\"},{\"@type\":\"ListItem\",\"position\":2,\"name\":\"Shop\",\"item\":\"https:\/\/xenonkungen.com\/shop\/\"},{\"@type\":\"ListItem\",\"position\":3,\"name\":\"Kombinationslampa 355BARWML Black | Left\"}]},{\"@type\":\"WebSite\",\"@id\":\"https:\/\/xenonkungen.com\/#website\",\"url\":\"https:\/\/xenonkungen.com\/\",\"name\":\"Xenonkungen\",\"description\":\"\",\"potentialAction\":[{\"@type\":\"SearchAction\",\"target\":{\"@type\":\"EntryPoint\",\"urlTemplate\":\"https:\/\/xenonkungen.com\/?s={search_term_string}\"},\"query-input\":{\"@type\":\"PropertyValueSpecification\",\"valueRequired\":true,\"valueName\":\"search_term_string\"}}],\"inLanguage\":\"nb-NO\"}]}<\/script>\n<!-- \/ Yoast SEO plugin. -->","yoast_head_json":{"title":"Kombinasjonslampe 355BARWML Svart | Venstre - Xenon-kongen","robots":{"index":"index","follow":"follow","max-snippet":"max-snippet:-1","max-image-preview":"max-image-preview:large","max-video-preview":"max-video-preview:-1"},"canonical":"https:\/\/xenonkungen.com\/no\/produkt\/kombinasjonslampe-355-barwml-svart-venstre\/","og_locale":"nb_NO","og_type":"article","og_title":"Kombinationslampa 355BARWML Black | Left - Xenonkungen","og_description":"V\u00e4nster Lykta\u2022 Svart Design\u2022 12\/24V multivolt\u2022 Progressiv indikatorsekvens\u2022 Diffusat 'glow-track' bakljus\u2022 Helt ECE-godk\u00e4nd\u2022 IP67 \u2013 helt vattent\u00e4t\u2022 5 \u00e5rs garanti\u2022 Mycket effektiv LED-teknik\u2022 St\u00f6t- och vibrationstestade","og_url":"https:\/\/xenonkungen.com\/no\/produkt\/kombinasjonslampe-355-barwml-svart-venstre\/","og_site_name":"Xenonkungen","article_modified_time":"2026-04-10T23:45:35+00:00","og_image":[{"width":800,"height":800,"url":"https:\/\/xenonkungen.com\/wp-content\/uploads\/2025\/04\/190276689-origpic-b4ddd8.jpg","type":"image\/jpeg"}],"twitter_card":"summary_large_image","twitter_misc":{"Ansl. lesetid":"1 minutt"},"schema":{"@context":"https:\/\/schema.org","@graph":[{"@type":"WebPage","@id":"https:\/\/xenonkungen.com\/nl\/product\/combinatielamp-355barwml-zwart-links\/","url":"https:\/\/xenonkungen.com\/nl\/product\/combinatielamp-355barwml-zwart-links\/","name":"Kombinasjonslampe 355BARWML Svart | Venstre - Xenon-kongen","isPartOf":{"@id":"https:\/\/xenonkungen.com\/#website"},"primaryImageOfPage":{"@id":"https:\/\/xenonkungen.com\/nl\/product\/combinatielamp-355barwml-zwart-links\/#primaryimage"},"image":{"@id":"https:\/\/xenonkungen.com\/nl\/product\/combinatielamp-355barwml-zwart-links\/#primaryimage"},"thumbnailUrl":"https:\/\/xenonkungen.com\/wp-content\/uploads\/2025\/04\/190276689-origpic-b4ddd8.jpg","datePublished":"2025-04-15T09:51:22+00:00","dateModified":"2026-04-10T23:45:35+00:00","breadcrumb":{"@id":"https:\/\/xenonkungen.com\/nl\/product\/combinatielamp-355barwml-zwart-links\/#breadcrumb"},"inLanguage":"nb-NO","potentialAction":[{"@type":"ReadAction","target":["https:\/\/xenonkungen.com\/nl\/product\/combinatielamp-355barwml-zwart-links\/"]}]},{"@type":"ImageObject","inLanguage":"nb-NO","@id":"https:\/\/xenonkungen.com\/nl\/product\/combinatielamp-355barwml-zwart-links\/#primaryimage","url":"https:\/\/xenonkungen.com\/wp-content\/uploads\/2025\/04\/190276689-origpic-b4ddd8.jpg","contentUrl":"https:\/\/xenonkungen.com\/wp-content\/uploads\/2025\/04\/190276689-origpic-b4ddd8.jpg","width":800,"height":800},{"@type":"BreadcrumbList","@id":"https:\/\/xenonkungen.com\/nl\/product\/combinatielamp-355barwml-zwart-links\/#breadcrumb","itemListElement":[{"@type":"ListItem","position":1,"name":"Hem","item":"https:\/\/xenonkungen.com\/"},{"@type":"ListItem","position":2,"name":"Shop","item":"https:\/\/xenonkungen.com\/shop\/"},{"@type":"ListItem","position":3,"name":"Kombinationslampa 355BARWML Black | Left"}]},{"@type":"WebSite","@id":"https:\/\/xenonkungen.com\/#website","url":"https:\/\/xenonkungen.com\/","name":"Xenonkungen","description":"","potentialAction":[{"@type":"SearchAction","target":{"@type":"EntryPoint","urlTemplate":"https:\/\/xenonkungen.com\/?s={search_term_string}"},"query-input":{"@type":"PropertyValueSpecification","valueRequired":true,"valueName":"search_term_string"}}],"inLanguage":"nb-NO"}]}},"taxonomy_info":{"anvandningsomrade":[{"value":166,"label":"Lastbil"},{"value":238,"label":"SL\u00c4P"},{"value":2816,"label":"TRAILER"}],"product_brand":[{"value":1252,"label":"LEA"}],"product_cat":[{"value":2552,"label":"Bakljus"}],"pa_fuktskydd-varde-ipxx":[{"value":333,"label":"IP67"}],"pa_godkannande":[{"value":1867,"label":"ECE, R10, R3, R6, R7, R23"}],"pa_storlek-mm":[{"value":1866,"label":"356x86x35"}],"pa_volt-v":[{"value":348,"label":"12, 24"}]},"featured_image_src_large":["https:\/\/xenonkungen.com\/wp-content\/uploads\/2025\/04\/190276689-origpic-b4ddd8.jpg",800,800,false],"author_info":[],"comment_info":0,"_links":{"self":[{"href":"https:\/\/xenonkungen.com\/no\/wp-json\/wp\/v2\/product\/6992","targetHints":{"allow":["GET"]}}],"collection":[{"href":"https:\/\/xenonkungen.com\/no\/wp-json\/wp\/v2\/product"}],"about":[{"href":"https:\/\/xenonkungen.com\/no\/wp-json\/wp\/v2\/types\/product"}],"replies":[{"embeddable":true,"href":"https:\/\/xenonkungen.com\/no\/wp-json\/wp\/v2\/comments?post=6992"}],"wp:featuredmedia":[{"embeddable":true,"href":"https:\/\/xenonkungen.com\/no\/wp-json\/wp\/v2\/media\/6993"}],"wp:attachment":[{"href":"https:\/\/xenonkungen.com\/no\/wp-json\/wp\/v2\/media?parent=6992"}],"wp:term":[{"taxonomy":"anvandningsomrade","embeddable":true,"href":"https:\/\/xenonkungen.com\/no\/wp-json\/wp\/v2\/anvandningsomrade?post=6992"},{"taxonomy":"bilmarken","embeddable":true,"href":"https:\/\/xenonkungen.com\/no\/wp-json\/wp\/v2\/bilmarken?post=6992"},{"taxonomy":"product_brand","embeddable":true,"href":"https:\/\/xenonkungen.com\/no\/wp-json\/wp\/v2\/product_brand?post=6992"},{"taxonomy":"product_cat","embeddable":true,"href":"https:\/\/xenonkungen.com\/no\/wp-json\/wp\/v2\/product_cat?post=6992"},{"taxonomy":"product_tag","embeddable":true,"href":"https:\/\/xenonkungen.com\/no\/wp-json\/wp\/v2\/product_tag?post=6992"}],"curies":[{"name":"wp","href":"https:\/\/api.w.org\/{rel}","templated":true}]}}