{"id":7058,"date":"2025-04-15T09:52:04","date_gmt":"2025-04-15T09:52:04","guid":{"rendered":"https:\/\/xenonkungen.com\/product\/bakmarkering-37rm\/"},"modified":"2026-04-11T00:46:27","modified_gmt":"2026-04-10T23:46:27","slug":"bakre-markering-37rm","status":"publish","type":"product","link":"https:\/\/xenonkungen.com\/no\/produkt\/bakre-markering-37rm\/","title":{"rendered":"Ryggmarkering 37RM"},"content":{"rendered":"<h1>Moderne LED-bakmarkeringslys i svart innkapsling<\/h1>\n<p>Denne stilige LED-bakmarkeringslykten skiller seg ut med sin svarte innfatning og innovative design, noe som gj\u00f8r den til et godt valg for alle som er ute etter b\u00e5de funksjonalitet og estetikk til bilen sin. Med lekkasjesikker elektronikk og enkel installasjon er dette lyset bygget for \u00e5 vare.<\/p>\n<h2>Spesifikasjoner<\/h2>\n<ul>\n<li>Belysningsteknologi: LED av h\u00f8y kvalitet<\/li>\n<li>Monteringsl\u00f8sning: 3M tape og plugger, ingen boring n\u00f8dvendig<\/li>\n<li>Design: Svart ramme for en ren estetikk<\/li>\n<li>Beskyttelsesniv\u00e5: IP67, lekkasjetett elektronikk<\/li>\n<li>Bruksomr\u00e5der: Ideell for en rekke kj\u00f8ret\u00f8y<\/li>\n<\/ul>\n<h2>Funksjoner og fordeler<\/h2>\n<p>Med sin energieffektive LED-teknologi og stilige design forbedrer dette lyset b\u00e5de sikkerheten og synligheten til kj\u00f8ret\u00f8yet ditt.<\/p>\n<ul>\n<li>Energieffektiv LED-belysning med h\u00f8y ytelse<\/li>\n<li>Svart ramme for et diskret og elegant utseende<\/li>\n<li>IP67-klassifisering for eksepsjonell beskyttelse<\/li>\n<li>Enkel og skruefri installasjon<\/li>\n<li>Fleksibel bruk p\u00e5 et bredt spekter av kj\u00f8ret\u00f8y<\/li>\n<\/ul>","protected":false},"excerpt":{"rendered":"<p>Modern LED Bakmarkeringslampa i Svart Sarg Denna stilrena LED bakmarkeringslampa utm\u00e4rker sig med sin svarta sarg och innovativa design, vilket g\u00f6r den till ett utm\u00e4rkt val f\u00f6r alla som s\u00f6ker b\u00e5de funktionalitet och estetik f\u00f6r sitt fordon. Med l\u00e4ckagef\u00f6rseglad elektronik och enkel montering, \u00e4r denna lampa byggd f\u00f6r att h\u00e5lla. Specifikationer Belysningsteknologi: H\u00f6gkvalitativ LED Monteringsl\u00f6sning: [&hellip;]<\/p>","protected":false},"featured_media":7059,"comment_status":"closed","ping_status":"open","template":"","meta":{"_acf_changed":false,"_smort_price_nok":"128","_smort_price_dkk":"81","_smort_price_eur":"10.91","_smort_sale_price_nok":"","_smort_sale_price_dkk":"","_smort_sale_price_eur":"","smort_restorder":"","shipmondo_restorder":"","_kad_blocks_custom_css":"","_kad_blocks_head_custom_js":"","_kad_blocks_body_custom_js":"","_kad_blocks_footer_custom_js":"","smort_custom_pricelist_1":"67.2","smort_custom_pricelist_2":"67.2","smort_custom_pricelist_3":"63.84","smort_custom_pricelist_4":"96","smort_custom_pricelist_5":"67.2"},"anvandningsomrade":[166,238,2816],"bilmarken":[],"product_brand":[1252],"product_cat":[2811,2478],"product_tag":[],"class_list":{"0":"post-7058","1":"product","2":"type-product","3":"status-publish","4":"has-post-thumbnail","6":"anvandningsomrade-lastbil","7":"anvandningsomrade-slap","8":"anvandningsomrade-trailer","9":"product_brand-lea","10":"product_cat-bak","11":"product_cat-positionsljus-slap","12":"pa_fuktskydd-varde-ipxx-ip67","13":"pa_godkannande-ece-emc","14":"pa_storlek-mm-70x35x20","15":"pa_stromforbrukning-002a-28v","16":"pa_stromforbrukning-003a-138v","17":"pa_volt-v-12-24","19":"first","20":"instock","21":"taxable","22":"shipping-taxable","23":"purchasable","24":"product-type-simple"},"bundled_by":[],"bundle_stock_status":"instock","bundle_stock_quantity":6,"bundle_virtual":false,"bundle_layout":"","bundle_add_to_cart_form_location":"","bundle_editable_in_cart":false,"bundle_sold_individually_context":"","bundle_item_grouping":"","bundle_min_size":"","bundle_max_size":"","bundle_price":[],"bundled_items":[],"bundle_sell_ids":[],"acf":[],"yoast_head":"<!-- This site is optimized with the Yoast SEO plugin v27.0 - https:\/\/yoast.com\/product\/yoast-seo-wordpress\/ -->\n<title>Bakmarkering 37RM - Xenonkungen<\/title>\n<meta name=\"robots\" content=\"index, follow, max-snippet:-1, max-image-preview:large, max-video-preview:-1\" \/>\n<link rel=\"canonical\" href=\"https:\/\/xenonkungen.com\/no\/produkt\/bakre-markering-37rm\/\" \/>\n<meta property=\"og:locale\" content=\"nb_NO\" \/>\n<meta property=\"og:type\" content=\"article\" \/>\n<meta property=\"og:title\" content=\"Bakmarkering 37RM - Xenonkungen\" \/>\n<meta property=\"og:description\" content=\"Modern LED Bakmarkeringslampa i Svart Sarg Denna stilrena LED bakmarkeringslampa utm\u00e4rker sig med sin svarta sarg och innovativa design, vilket g\u00f6r den till ett utm\u00e4rkt val f\u00f6r alla som s\u00f6ker b\u00e5de funktionalitet och estetik f\u00f6r sitt fordon. Med l\u00e4ckagef\u00f6rseglad elektronik och enkel montering, \u00e4r denna lampa byggd f\u00f6r att h\u00e5lla. Specifikationer Belysningsteknologi: H\u00f6gkvalitativ LED Monteringsl\u00f6sning: [&hellip;]\" \/>\n<meta property=\"og:url\" content=\"https:\/\/xenonkungen.com\/no\/produkt\/bakre-markering-37rm\/\" \/>\n<meta property=\"og:site_name\" content=\"Xenonkungen\" \/>\n<meta property=\"article:modified_time\" content=\"2026-04-10T23:46:27+00:00\" \/>\n<meta property=\"og:image\" content=\"https:\/\/xenonkungen.com\/wp-content\/uploads\/2025\/04\/37RM-800x800-1.jpg\" \/>\n\t<meta property=\"og:image:width\" content=\"800\" \/>\n\t<meta property=\"og:image:height\" content=\"800\" \/>\n\t<meta property=\"og:image:type\" content=\"image\/jpeg\" \/>\n<meta name=\"twitter:card\" content=\"summary_large_image\" \/>\n<meta name=\"twitter:label1\" content=\"Ansl. lesetid\" \/>\n\t<meta name=\"twitter:data1\" content=\"1 minutt\" \/>\n<script type=\"application\/ld+json\" class=\"yoast-schema-graph\">{\"@context\":\"https:\/\/schema.org\",\"@graph\":[{\"@type\":\"WebPage\",\"@id\":\"https:\/\/xenonkungen.com\/no\/produkt\/bakre-markering-37rm\/\",\"url\":\"https:\/\/xenonkungen.com\/no\/produkt\/bakre-markering-37rm\/\",\"name\":\"Bakmarkering 37RM - Xenonkungen\",\"isPartOf\":{\"@id\":\"https:\/\/xenonkungen.com\/#website\"},\"primaryImageOfPage\":{\"@id\":\"https:\/\/xenonkungen.com\/no\/produkt\/bakre-markering-37rm\/#primaryimage\"},\"image\":{\"@id\":\"https:\/\/xenonkungen.com\/no\/produkt\/bakre-markering-37rm\/#primaryimage\"},\"thumbnailUrl\":\"https:\/\/xenonkungen.com\/wp-content\/uploads\/2025\/04\/37RM-800x800-1.jpg\",\"datePublished\":\"2025-04-15T09:52:04+00:00\",\"dateModified\":\"2026-04-10T23:46:27+00:00\",\"breadcrumb\":{\"@id\":\"https:\/\/xenonkungen.com\/no\/produkt\/bakre-markering-37rm\/#breadcrumb\"},\"inLanguage\":\"nb-NO\",\"potentialAction\":[{\"@type\":\"ReadAction\",\"target\":[\"https:\/\/xenonkungen.com\/no\/produkt\/bakre-markering-37rm\/\"]}]},{\"@type\":\"ImageObject\",\"inLanguage\":\"nb-NO\",\"@id\":\"https:\/\/xenonkungen.com\/no\/produkt\/bakre-markering-37rm\/#primaryimage\",\"url\":\"https:\/\/xenonkungen.com\/wp-content\/uploads\/2025\/04\/37RM-800x800-1.jpg\",\"contentUrl\":\"https:\/\/xenonkungen.com\/wp-content\/uploads\/2025\/04\/37RM-800x800-1.jpg\",\"width\":800,\"height\":800},{\"@type\":\"BreadcrumbList\",\"@id\":\"https:\/\/xenonkungen.com\/no\/produkt\/bakre-markering-37rm\/#breadcrumb\",\"itemListElement\":[{\"@type\":\"ListItem\",\"position\":1,\"name\":\"Hem\",\"item\":\"https:\/\/xenonkungen.com\/\"},{\"@type\":\"ListItem\",\"position\":2,\"name\":\"Shop\",\"item\":\"https:\/\/xenonkungen.com\/shop\/\"},{\"@type\":\"ListItem\",\"position\":3,\"name\":\"Bakmarkering 37RM\"}]},{\"@type\":\"WebSite\",\"@id\":\"https:\/\/xenonkungen.com\/#website\",\"url\":\"https:\/\/xenonkungen.com\/\",\"name\":\"Xenonkungen\",\"description\":\"\",\"potentialAction\":[{\"@type\":\"SearchAction\",\"target\":{\"@type\":\"EntryPoint\",\"urlTemplate\":\"https:\/\/xenonkungen.com\/?s={search_term_string}\"},\"query-input\":{\"@type\":\"PropertyValueSpecification\",\"valueRequired\":true,\"valueName\":\"search_term_string\"}}],\"inLanguage\":\"nb-NO\"}]}<\/script>\n<!-- \/ Yoast SEO plugin. -->","yoast_head_json":{"title":"Bakre markering 37RM - Xenon-kongen","robots":{"index":"index","follow":"follow","max-snippet":"max-snippet:-1","max-image-preview":"max-image-preview:large","max-video-preview":"max-video-preview:-1"},"canonical":"https:\/\/xenonkungen.com\/no\/produkt\/bakre-markering-37rm\/","og_locale":"nb_NO","og_type":"article","og_title":"Bakmarkering 37RM - Xenonkungen","og_description":"Modern LED Bakmarkeringslampa i Svart Sarg Denna stilrena LED bakmarkeringslampa utm\u00e4rker sig med sin svarta sarg och innovativa design, vilket g\u00f6r den till ett utm\u00e4rkt val f\u00f6r alla som s\u00f6ker b\u00e5de funktionalitet och estetik f\u00f6r sitt fordon. Med l\u00e4ckagef\u00f6rseglad elektronik och enkel montering, \u00e4r denna lampa byggd f\u00f6r att h\u00e5lla. Specifikationer Belysningsteknologi: H\u00f6gkvalitativ LED Monteringsl\u00f6sning: [&hellip;]","og_url":"https:\/\/xenonkungen.com\/no\/produkt\/bakre-markering-37rm\/","og_site_name":"Xenonkungen","article_modified_time":"2026-04-10T23:46:27+00:00","og_image":[{"width":800,"height":800,"url":"https:\/\/xenonkungen.com\/wp-content\/uploads\/2025\/04\/37RM-800x800-1.jpg","type":"image\/jpeg"}],"twitter_card":"summary_large_image","twitter_misc":{"Ansl. lesetid":"1 minutt"},"schema":{"@context":"https:\/\/schema.org","@graph":[{"@type":"WebPage","@id":"https:\/\/xenonkungen.com\/no\/produkt\/bakre-markering-37rm\/","url":"https:\/\/xenonkungen.com\/no\/produkt\/bakre-markering-37rm\/","name":"Bakre markering 37RM - Xenon-kongen","isPartOf":{"@id":"https:\/\/xenonkungen.com\/#website"},"primaryImageOfPage":{"@id":"https:\/\/xenonkungen.com\/no\/produkt\/bakre-markering-37rm\/#primaryimage"},"image":{"@id":"https:\/\/xenonkungen.com\/no\/produkt\/bakre-markering-37rm\/#primaryimage"},"thumbnailUrl":"https:\/\/xenonkungen.com\/wp-content\/uploads\/2025\/04\/37RM-800x800-1.jpg","datePublished":"2025-04-15T09:52:04+00:00","dateModified":"2026-04-10T23:46:27+00:00","breadcrumb":{"@id":"https:\/\/xenonkungen.com\/no\/produkt\/bakre-markering-37rm\/#breadcrumb"},"inLanguage":"nb-NO","potentialAction":[{"@type":"ReadAction","target":["https:\/\/xenonkungen.com\/no\/produkt\/bakre-markering-37rm\/"]}]},{"@type":"ImageObject","inLanguage":"nb-NO","@id":"https:\/\/xenonkungen.com\/no\/produkt\/bakre-markering-37rm\/#primaryimage","url":"https:\/\/xenonkungen.com\/wp-content\/uploads\/2025\/04\/37RM-800x800-1.jpg","contentUrl":"https:\/\/xenonkungen.com\/wp-content\/uploads\/2025\/04\/37RM-800x800-1.jpg","width":800,"height":800},{"@type":"BreadcrumbList","@id":"https:\/\/xenonkungen.com\/no\/produkt\/bakre-markering-37rm\/#breadcrumb","itemListElement":[{"@type":"ListItem","position":1,"name":"Hem","item":"https:\/\/xenonkungen.com\/"},{"@type":"ListItem","position":2,"name":"Shop","item":"https:\/\/xenonkungen.com\/shop\/"},{"@type":"ListItem","position":3,"name":"Bakmarkering 37RM"}]},{"@type":"WebSite","@id":"https:\/\/xenonkungen.com\/#website","url":"https:\/\/xenonkungen.com\/","name":"Xenonkungen","description":"","potentialAction":[{"@type":"SearchAction","target":{"@type":"EntryPoint","urlTemplate":"https:\/\/xenonkungen.com\/?s={search_term_string}"},"query-input":{"@type":"PropertyValueSpecification","valueRequired":true,"valueName":"search_term_string"}}],"inLanguage":"nb-NO"}]}},"taxonomy_info":{"anvandningsomrade":[{"value":166,"label":"Lastbil"},{"value":238,"label":"SL\u00c4P"},{"value":2816,"label":"TRAILER"}],"product_brand":[{"value":1252,"label":"LEA"}],"product_cat":[{"value":2811,"label":"Bak"},{"value":2478,"label":"Positionsljus"}],"pa_fuktskydd-varde-ipxx":[{"value":333,"label":"IP67"}],"pa_godkannande":[{"value":1262,"label":"ECE, EMC"}],"pa_storlek-mm":[{"value":1878,"label":"70x35x20"}],"pa_stromforbrukning":[{"value":1874,"label":"0,02A @28V"},{"value":1829,"label":"0,03A @13,8V"}],"pa_volt-v":[{"value":348,"label":"12, 24"}]},"featured_image_src_large":["https:\/\/xenonkungen.com\/wp-content\/uploads\/2025\/04\/37RM-800x800-1.jpg",800,800,false],"author_info":[],"comment_info":0,"_links":{"self":[{"href":"https:\/\/xenonkungen.com\/no\/wp-json\/wp\/v2\/product\/7058","targetHints":{"allow":["GET"]}}],"collection":[{"href":"https:\/\/xenonkungen.com\/no\/wp-json\/wp\/v2\/product"}],"about":[{"href":"https:\/\/xenonkungen.com\/no\/wp-json\/wp\/v2\/types\/product"}],"replies":[{"embeddable":true,"href":"https:\/\/xenonkungen.com\/no\/wp-json\/wp\/v2\/comments?post=7058"}],"wp:featuredmedia":[{"embeddable":true,"href":"https:\/\/xenonkungen.com\/no\/wp-json\/wp\/v2\/media\/7059"}],"wp:attachment":[{"href":"https:\/\/xenonkungen.com\/no\/wp-json\/wp\/v2\/media?parent=7058"}],"wp:term":[{"taxonomy":"anvandningsomrade","embeddable":true,"href":"https:\/\/xenonkungen.com\/no\/wp-json\/wp\/v2\/anvandningsomrade?post=7058"},{"taxonomy":"bilmarken","embeddable":true,"href":"https:\/\/xenonkungen.com\/no\/wp-json\/wp\/v2\/bilmarken?post=7058"},{"taxonomy":"product_brand","embeddable":true,"href":"https:\/\/xenonkungen.com\/no\/wp-json\/wp\/v2\/product_brand?post=7058"},{"taxonomy":"product_cat","embeddable":true,"href":"https:\/\/xenonkungen.com\/no\/wp-json\/wp\/v2\/product_cat?post=7058"},{"taxonomy":"product_tag","embeddable":true,"href":"https:\/\/xenonkungen.com\/no\/wp-json\/wp\/v2\/product_tag?post=7058"}],"curies":[{"name":"wp","href":"https:\/\/api.w.org\/{rel}","templated":true}]}}