{"id":7125,"date":"2025-04-15T09:52:38","date_gmt":"2025-04-15T09:52:38","guid":{"rendered":"https:\/\/xenonkungen.com\/product\/bakmarkering-vit-3led-rod\/"},"modified":"2026-04-21T17:03:42","modified_gmt":"2026-04-21T16:03:42","slug":"bakre-markering-hvit-3-led-rod","status":"publish","type":"product","link":"https:\/\/xenonkungen.com\/no\/produkt\/bakre-markering-hvit-3-led-rod\/","title":{"rendered":"Bakre markering Hvit 3LED R\u00f8d"},"content":{"rendered":"<h1>LED-bakmarkeringslys med reflekterende plate i hvit Coffin<\/h1>\n<p>Denne moderne LED-bakmarkeringslykten er utstyrt med tre SMD-lysdioder og en reflekterende plate for \u00e5 sikre optimal synlighet og sikkerhet for kj\u00f8ret\u00f8yet ditt. Den hvite rammen gir et rent og sofistikert utseende som passer til alle bilfarger og -stiler.<\/p>\n<h2>Spesifikasjoner<\/h2>\n<ul>\n<li>Belysning: 3 SMD-lysdioder for h\u00f8y lysstyrke og effektivitet<\/li>\n<li>Refleksskilt: Integrert for bedre synlighet<\/li>\n<li>Kiste: Elegant hvit kiste som passer til alle kj\u00f8ret\u00f8y<\/li>\n<li>Beskyttelse: Lekkasjetett elektronikk med IP67-klassifisering<\/li>\n<li>Installasjon: Enkel installasjon med skruefrie alternativer<\/li>\n<\/ul>\n<h2>Funksjoner og fordeler<\/h2>\n<p>Med sin avanserte LED-teknologi og integrerte refleksplate s\u00f8rger denne baklykten for synlighet under alle forhold, noe som \u00f8ker sikkerheten for deg og andre trafikanter.<\/p>\n<ul>\n<li>Eksepsjonell lysstyrke og synlighet med SMD LED og reflekterende plate<\/li>\n<li>Hvit ramme for et elegant og moderne utseende<\/li>\n<li>IP67-klassifisering for optimal beskyttelse mot vann og st\u00f8v<\/li>\n<li>Enkel og rask montering uten behov for skruer<\/li>\n<li>Langvarig ytelse og p\u00e5litelighet<\/li>\n<\/ul>","protected":false},"excerpt":{"rendered":"<p>LED Bakmarkeringslampa med Reflexplatta i Vit Sarg Denna moderna LED bakmarkeringslampa \u00e4r utrustad med tre SMD LED-lampor och en reflexplatta f\u00f6r att s\u00e4kerst\u00e4lla optimal synlighet och s\u00e4kerhet f\u00f6r ditt fordon. Den vita sargen ger en ren och sofistikerad look som kompletterar alla fordonets f\u00e4rger och stilar. Specifikationer Belysning: 3st SMD LED f\u00f6r h\u00f6g ljusstyrka och [&hellip;]<\/p>","protected":false},"featured_media":7126,"comment_status":"closed","ping_status":"open","template":"","meta":{"_acf_changed":false,"_smort_price_nok":"176","_smort_price_dkk":"112","_smort_price_eur":"15","_smort_sale_price_nok":"","_smort_sale_price_dkk":"","_smort_sale_price_eur":"","smort_restorder":"","shipmondo_restorder":"","_kad_blocks_custom_css":"","_kad_blocks_head_custom_js":"","_kad_blocks_body_custom_js":"","_kad_blocks_footer_custom_js":"","smort_custom_pricelist_1":"105.6","smort_custom_pricelist_2":"92.4","smort_custom_pricelist_3":"85.8","smort_custom_pricelist_4":"132","smort_custom_pricelist_5":"92.4"},"anvandningsomrade":[166,238,2816],"bilmarken":[],"product_brand":[1252],"product_cat":[2811,2478],"product_tag":[],"class_list":{"0":"post-7125","1":"product","2":"type-product","3":"status-publish","4":"has-post-thumbnail","6":"anvandningsomrade-lastbil","7":"anvandningsomrade-slap","8":"anvandningsomrade-trailer","9":"product_brand-lea","10":"product_cat-bak","11":"product_cat-positionsljus-slap","12":"pa_fuktskydd-varde-ipxx-ip67","13":"pa_godkannande-ece-r7","14":"pa_storlek-mm-100x44x12","15":"pa_stromforbrukning-002a-138v","16":"pa_stromforbrukning-003a-28v","17":"pa_volt-v-12-24","19":"first","20":"instock","21":"taxable","22":"shipping-taxable","23":"purchasable","24":"product-type-simple"},"bundled_by":[],"bundle_stock_status":"instock","bundle_stock_quantity":13,"bundle_virtual":false,"bundle_layout":"","bundle_add_to_cart_form_location":"","bundle_editable_in_cart":false,"bundle_sold_individually_context":"","bundle_item_grouping":"","bundle_min_size":"","bundle_max_size":"","bundle_price":[],"bundled_items":[],"bundle_sell_ids":[],"acf":[],"yoast_head":"<!-- This site is optimized with the Yoast SEO plugin v27.0 - https:\/\/yoast.com\/product\/yoast-seo-wordpress\/ -->\n<title>Bakmarkering Vit 3LED R\u00f6d - Xenonkungen<\/title>\n<meta name=\"robots\" content=\"index, follow, max-snippet:-1, max-image-preview:large, max-video-preview:-1\" \/>\n<link rel=\"canonical\" href=\"https:\/\/xenonkungen.com\/no\/produkt\/bakre-markering-hvit-3-led-rod\/\" \/>\n<meta property=\"og:locale\" content=\"nb_NO\" \/>\n<meta property=\"og:type\" content=\"article\" \/>\n<meta property=\"og:title\" content=\"Bakmarkering Vit 3LED R\u00f6d - Xenonkungen\" \/>\n<meta property=\"og:description\" content=\"LED Bakmarkeringslampa med Reflexplatta i Vit Sarg Denna moderna LED bakmarkeringslampa \u00e4r utrustad med tre SMD LED-lampor och en reflexplatta f\u00f6r att s\u00e4kerst\u00e4lla optimal synlighet och s\u00e4kerhet f\u00f6r ditt fordon. Den vita sargen ger en ren och sofistikerad look som kompletterar alla fordonets f\u00e4rger och stilar. Specifikationer Belysning: 3st SMD LED f\u00f6r h\u00f6g ljusstyrka och [&hellip;]\" \/>\n<meta property=\"og:url\" content=\"https:\/\/xenonkungen.com\/no\/produkt\/bakre-markering-hvit-3-led-rod\/\" \/>\n<meta property=\"og:site_name\" content=\"Xenonkungen\" \/>\n<meta property=\"article:modified_time\" content=\"2026-04-21T16:03:42+00:00\" \/>\n<meta property=\"og:image\" content=\"https:\/\/xenonkungen.com\/wp-content\/uploads\/2025\/04\/10191009-origpic-ef2e63.jpg\" \/>\n\t<meta property=\"og:image:width\" content=\"600\" \/>\n\t<meta property=\"og:image:height\" content=\"600\" \/>\n\t<meta property=\"og:image:type\" content=\"image\/jpeg\" \/>\n<meta name=\"twitter:card\" content=\"summary_large_image\" \/>\n<meta name=\"twitter:label1\" content=\"Ansl. lesetid\" \/>\n\t<meta name=\"twitter:data1\" content=\"1 minutt\" \/>\n<script type=\"application\/ld+json\" class=\"yoast-schema-graph\">{\"@context\":\"https:\/\/schema.org\",\"@graph\":[{\"@type\":\"WebPage\",\"@id\":\"https:\/\/xenonkungen.com\/no\/produkt\/bakre-markering-hvit-3-led-rod\/\",\"url\":\"https:\/\/xenonkungen.com\/no\/produkt\/bakre-markering-hvit-3-led-rod\/\",\"name\":\"Bakmarkering Vit 3LED R\u00f6d - Xenonkungen\",\"isPartOf\":{\"@id\":\"https:\/\/xenonkungen.com\/#website\"},\"primaryImageOfPage\":{\"@id\":\"https:\/\/xenonkungen.com\/no\/produkt\/bakre-markering-hvit-3-led-rod\/#primaryimage\"},\"image\":{\"@id\":\"https:\/\/xenonkungen.com\/no\/produkt\/bakre-markering-hvit-3-led-rod\/#primaryimage\"},\"thumbnailUrl\":\"https:\/\/xenonkungen.com\/wp-content\/uploads\/2025\/04\/10191009-origpic-ef2e63.jpg\",\"datePublished\":\"2025-04-15T09:52:38+00:00\",\"dateModified\":\"2026-04-21T16:03:42+00:00\",\"breadcrumb\":{\"@id\":\"https:\/\/xenonkungen.com\/no\/produkt\/bakre-markering-hvit-3-led-rod\/#breadcrumb\"},\"inLanguage\":\"nb-NO\",\"potentialAction\":[{\"@type\":\"ReadAction\",\"target\":[\"https:\/\/xenonkungen.com\/no\/produkt\/bakre-markering-hvit-3-led-rod\/\"]}]},{\"@type\":\"ImageObject\",\"inLanguage\":\"nb-NO\",\"@id\":\"https:\/\/xenonkungen.com\/no\/produkt\/bakre-markering-hvit-3-led-rod\/#primaryimage\",\"url\":\"https:\/\/xenonkungen.com\/wp-content\/uploads\/2025\/04\/10191009-origpic-ef2e63.jpg\",\"contentUrl\":\"https:\/\/xenonkungen.com\/wp-content\/uploads\/2025\/04\/10191009-origpic-ef2e63.jpg\",\"width\":600,\"height\":600},{\"@type\":\"BreadcrumbList\",\"@id\":\"https:\/\/xenonkungen.com\/no\/produkt\/bakre-markering-hvit-3-led-rod\/#breadcrumb\",\"itemListElement\":[{\"@type\":\"ListItem\",\"position\":1,\"name\":\"Hem\",\"item\":\"https:\/\/xenonkungen.com\/\"},{\"@type\":\"ListItem\",\"position\":2,\"name\":\"Shop\",\"item\":\"https:\/\/xenonkungen.com\/shop\/\"},{\"@type\":\"ListItem\",\"position\":3,\"name\":\"Bakmarkering Vit 3LED R\u00f6d\"}]},{\"@type\":\"WebSite\",\"@id\":\"https:\/\/xenonkungen.com\/#website\",\"url\":\"https:\/\/xenonkungen.com\/\",\"name\":\"Xenonkungen\",\"description\":\"\",\"potentialAction\":[{\"@type\":\"SearchAction\",\"target\":{\"@type\":\"EntryPoint\",\"urlTemplate\":\"https:\/\/xenonkungen.com\/?s={search_term_string}\"},\"query-input\":{\"@type\":\"PropertyValueSpecification\",\"valueRequired\":true,\"valueName\":\"search_term_string\"}}],\"inLanguage\":\"nb-NO\"}]}<\/script>\n<!-- \/ Yoast SEO plugin. -->","yoast_head_json":{"title":"Bakmarkeringslys hvite 3LED r\u00f8de - Xenonkungen","robots":{"index":"index","follow":"follow","max-snippet":"max-snippet:-1","max-image-preview":"max-image-preview:large","max-video-preview":"max-video-preview:-1"},"canonical":"https:\/\/xenonkungen.com\/no\/produkt\/bakre-markering-hvit-3-led-rod\/","og_locale":"nb_NO","og_type":"article","og_title":"Bakmarkering Vit 3LED R\u00f6d - Xenonkungen","og_description":"LED Bakmarkeringslampa med Reflexplatta i Vit Sarg Denna moderna LED bakmarkeringslampa \u00e4r utrustad med tre SMD LED-lampor och en reflexplatta f\u00f6r att s\u00e4kerst\u00e4lla optimal synlighet och s\u00e4kerhet f\u00f6r ditt fordon. Den vita sargen ger en ren och sofistikerad look som kompletterar alla fordonets f\u00e4rger och stilar. Specifikationer Belysning: 3st SMD LED f\u00f6r h\u00f6g ljusstyrka och [&hellip;]","og_url":"https:\/\/xenonkungen.com\/no\/produkt\/bakre-markering-hvit-3-led-rod\/","og_site_name":"Xenonkungen","article_modified_time":"2026-04-21T16:03:42+00:00","og_image":[{"width":600,"height":600,"url":"https:\/\/xenonkungen.com\/wp-content\/uploads\/2025\/04\/10191009-origpic-ef2e63.jpg","type":"image\/jpeg"}],"twitter_card":"summary_large_image","twitter_misc":{"Ansl. lesetid":"1 minutt"},"schema":{"@context":"https:\/\/schema.org","@graph":[{"@type":"WebPage","@id":"https:\/\/xenonkungen.com\/no\/produkt\/bakre-markering-hvit-3-led-rod\/","url":"https:\/\/xenonkungen.com\/no\/produkt\/bakre-markering-hvit-3-led-rod\/","name":"Bakmarkeringslys hvite 3LED r\u00f8de - Xenonkungen","isPartOf":{"@id":"https:\/\/xenonkungen.com\/#website"},"primaryImageOfPage":{"@id":"https:\/\/xenonkungen.com\/no\/produkt\/bakre-markering-hvit-3-led-rod\/#primaryimage"},"image":{"@id":"https:\/\/xenonkungen.com\/no\/produkt\/bakre-markering-hvit-3-led-rod\/#primaryimage"},"thumbnailUrl":"https:\/\/xenonkungen.com\/wp-content\/uploads\/2025\/04\/10191009-origpic-ef2e63.jpg","datePublished":"2025-04-15T09:52:38+00:00","dateModified":"2026-04-21T16:03:42+00:00","breadcrumb":{"@id":"https:\/\/xenonkungen.com\/no\/produkt\/bakre-markering-hvit-3-led-rod\/#breadcrumb"},"inLanguage":"nb-NO","potentialAction":[{"@type":"ReadAction","target":["https:\/\/xenonkungen.com\/no\/produkt\/bakre-markering-hvit-3-led-rod\/"]}]},{"@type":"ImageObject","inLanguage":"nb-NO","@id":"https:\/\/xenonkungen.com\/no\/produkt\/bakre-markering-hvit-3-led-rod\/#primaryimage","url":"https:\/\/xenonkungen.com\/wp-content\/uploads\/2025\/04\/10191009-origpic-ef2e63.jpg","contentUrl":"https:\/\/xenonkungen.com\/wp-content\/uploads\/2025\/04\/10191009-origpic-ef2e63.jpg","width":600,"height":600},{"@type":"BreadcrumbList","@id":"https:\/\/xenonkungen.com\/no\/produkt\/bakre-markering-hvit-3-led-rod\/#breadcrumb","itemListElement":[{"@type":"ListItem","position":1,"name":"Hem","item":"https:\/\/xenonkungen.com\/"},{"@type":"ListItem","position":2,"name":"Shop","item":"https:\/\/xenonkungen.com\/shop\/"},{"@type":"ListItem","position":3,"name":"Bakmarkering Vit 3LED R\u00f6d"}]},{"@type":"WebSite","@id":"https:\/\/xenonkungen.com\/#website","url":"https:\/\/xenonkungen.com\/","name":"Xenonkungen","description":"","potentialAction":[{"@type":"SearchAction","target":{"@type":"EntryPoint","urlTemplate":"https:\/\/xenonkungen.com\/?s={search_term_string}"},"query-input":{"@type":"PropertyValueSpecification","valueRequired":true,"valueName":"search_term_string"}}],"inLanguage":"nb-NO"}]}},"taxonomy_info":{"anvandningsomrade":[{"value":166,"label":"Lastbil"},{"value":238,"label":"SL\u00c4P"},{"value":2816,"label":"TRAILER"}],"product_brand":[{"value":1252,"label":"LEA"}],"product_cat":[{"value":2811,"label":"Bak"},{"value":2478,"label":"Positionsljus"}],"pa_fuktskydd-varde-ipxx":[{"value":333,"label":"IP67"}],"pa_godkannande":[{"value":1347,"label":"ECE, R7"}],"pa_storlek-mm":[{"value":1823,"label":"100x44x12"}],"pa_stromforbrukning":[{"value":1832,"label":"0,02A @13,8V"},{"value":1825,"label":"0,03A @28V"}],"pa_volt-v":[{"value":348,"label":"12, 24"}]},"featured_image_src_large":["https:\/\/xenonkungen.com\/wp-content\/uploads\/2025\/04\/10191009-origpic-ef2e63.jpg",600,600,false],"author_info":[],"comment_info":0,"_links":{"self":[{"href":"https:\/\/xenonkungen.com\/no\/wp-json\/wp\/v2\/product\/7125","targetHints":{"allow":["GET"]}}],"collection":[{"href":"https:\/\/xenonkungen.com\/no\/wp-json\/wp\/v2\/product"}],"about":[{"href":"https:\/\/xenonkungen.com\/no\/wp-json\/wp\/v2\/types\/product"}],"replies":[{"embeddable":true,"href":"https:\/\/xenonkungen.com\/no\/wp-json\/wp\/v2\/comments?post=7125"}],"wp:featuredmedia":[{"embeddable":true,"href":"https:\/\/xenonkungen.com\/no\/wp-json\/wp\/v2\/media\/7126"}],"wp:attachment":[{"href":"https:\/\/xenonkungen.com\/no\/wp-json\/wp\/v2\/media?parent=7125"}],"wp:term":[{"taxonomy":"anvandningsomrade","embeddable":true,"href":"https:\/\/xenonkungen.com\/no\/wp-json\/wp\/v2\/anvandningsomrade?post=7125"},{"taxonomy":"bilmarken","embeddable":true,"href":"https:\/\/xenonkungen.com\/no\/wp-json\/wp\/v2\/bilmarken?post=7125"},{"taxonomy":"product_brand","embeddable":true,"href":"https:\/\/xenonkungen.com\/no\/wp-json\/wp\/v2\/product_brand?post=7125"},{"taxonomy":"product_cat","embeddable":true,"href":"https:\/\/xenonkungen.com\/no\/wp-json\/wp\/v2\/product_cat?post=7125"},{"taxonomy":"product_tag","embeddable":true,"href":"https:\/\/xenonkungen.com\/no\/wp-json\/wp\/v2\/product_tag?post=7125"}],"curies":[{"name":"wp","href":"https:\/\/api.w.org\/{rel}","templated":true}]}}