{"id":7175,"date":"2025-04-15T09:52:56","date_gmt":"2025-04-15T09:52:56","guid":{"rendered":"https:\/\/xenonkungen.com\/product\/d1s-osram-xenarc-original\/"},"modified":"2026-05-13T16:11:02","modified_gmt":"2026-05-13T15:11:02","slug":"d1s-osram-xenarc-original","status":"publish","type":"product","link":"https:\/\/xenonkungen.com\/no\/produkt\/d1s-osram-xenarc-original\/","title":{"rendered":"D1S Osram Xenarc\u00ae Original"},"content":{"rendered":"<p>OSRAM Xenarc D1S xenonlampe serie 66144 for original bytte og erstatning.<\/p>\n<p>Kompatibel med Osram-serienumrene: 66042, 66140, 66142, 66143, 66043, 66145 og 66147 og de fleste andre D1S 4300K-lamper.<\/p>\n<p>Osram Xenarc er en av de beste lampene p\u00e5 markedet. Den har lang levetid og lang garanti. Lysfargen p\u00e5 4250k er optimal for arbeid \u00e5ret rundt. For b\u00e5de v\u00e5te og t\u00f8rre overflater. <\/p>\n<p>Standard fargetemperatur ca 4250K original standard hvit. I begynnelsen kremhvit, men gradvis (ca. 100 timer) antar mer hvitere 5000K.<\/p>\n<p>E-merket.<\/p>\n<p><strong>Merk!<\/strong> <em>Bilens instruksjonsbok kan angi feil lampetype. Den sikreste m\u00e5ten er \u00e5 identifisere lampen direkte i bilen. Sammenlign ogs\u00e5 med Osrams lampeguide.<\/em><\/p>\n<p>4 \u00e5rs garanti.<\/p>","protected":false},"excerpt":{"rendered":"<p>Den perfekte lampen til \u00e5 erstatte de fabrikkmonterte lysene i bilen din.<\/p>","protected":false},"featured_media":7176,"comment_status":"closed","ping_status":"open","template":"","meta":{"_acf_changed":false,"_smort_price_nok":"630","_smort_price_dkk":"400","_smort_price_eur":"53.63","_smort_sale_price_nok":"","_smort_sale_price_dkk":"","_smort_sale_price_eur":"","smort_restorder":"","shipmondo_restorder":"","_kad_blocks_custom_css":"","_kad_blocks_head_custom_js":"","_kad_blocks_body_custom_js":"","_kad_blocks_footer_custom_js":"","smort_custom_pricelist_1":"377.6","smort_custom_pricelist_2":"377.6","smort_custom_pricelist_3":"358.72","smort_custom_pricelist_4":"472","smort_custom_pricelist_5":"377.6"},"anvandningsomrade":[],"bilmarken":[],"product_brand":[108],"product_cat":[2483,733],"product_tag":[],"class_list":{"0":"post-7175","1":"product","2":"type-product","3":"status-publish","4":"has-post-thumbnail","6":"product_brand-osram","7":"product_cat-xenon","8":"product_cat-halvljus-helljus","9":"pa_faktisk-effekts-forbrukning-847","10":"pa_fargtemperatur-4500k","11":"pa_lampsockel-kontakt-d1s","12":"pa_volt-v-12-24","14":"first","15":"instock","16":"taxable","17":"shipping-taxable","18":"purchasable","19":"product-type-simple"},"bundled_by":[],"bundle_stock_status":"instock","bundle_stock_quantity":16,"bundle_virtual":false,"bundle_layout":"","bundle_add_to_cart_form_location":"","bundle_editable_in_cart":false,"bundle_sold_individually_context":"","bundle_item_grouping":"","bundle_min_size":"","bundle_max_size":"","bundle_price":[],"bundled_items":[],"bundle_sell_ids":[],"acf":[],"yoast_head":"<!-- This site is optimized with the Yoast SEO plugin v27.0 - https:\/\/yoast.com\/product\/yoast-seo-wordpress\/ -->\n<title>D1S Osram Xenarc\u00ae Original - Xenonkungen<\/title>\n<meta name=\"robots\" content=\"index, follow, max-snippet:-1, max-image-preview:large, max-video-preview:-1\" \/>\n<link rel=\"canonical\" href=\"https:\/\/xenonkungen.com\/no\/produkt\/d1s-osram-xenarc-original\/\" \/>\n<meta property=\"og:locale\" content=\"nb_NO\" \/>\n<meta property=\"og:type\" content=\"article\" \/>\n<meta property=\"og:title\" content=\"D1S Osram Xenarc\u00ae Original - Xenonkungen\" \/>\n<meta property=\"og:description\" content=\"Den perfekta lampan f\u00f6r att ers\u00e4tta lamporna som sitter fr\u00e5n fabrik i bilen.\" \/>\n<meta property=\"og:url\" content=\"https:\/\/xenonkungen.com\/no\/produkt\/d1s-osram-xenarc-original\/\" \/>\n<meta property=\"og:site_name\" content=\"Xenonkungen\" \/>\n<meta property=\"article:modified_time\" content=\"2026-05-13T15:11:02+00:00\" \/>\n<meta property=\"og:image\" content=\"https:\/\/xenonkungen.com\/wp-content\/uploads\/2025\/04\/857407-origpic-c703af.jpg\" \/>\n\t<meta property=\"og:image:width\" content=\"1000\" \/>\n\t<meta property=\"og:image:height\" content=\"1000\" \/>\n\t<meta property=\"og:image:type\" content=\"image\/jpeg\" \/>\n<meta name=\"twitter:card\" content=\"summary_large_image\" \/>\n<meta name=\"twitter:label1\" content=\"Ansl. lesetid\" \/>\n\t<meta name=\"twitter:data1\" content=\"1 minutt\" \/>\n<script type=\"application\/ld+json\" class=\"yoast-schema-graph\">{\"@context\":\"https:\/\/schema.org\",\"@graph\":[{\"@type\":\"WebPage\",\"@id\":\"https:\/\/xenonkungen.com\/produkt\/d1s-osram-xenarc-original\/\",\"url\":\"https:\/\/xenonkungen.com\/produkt\/d1s-osram-xenarc-original\/\",\"name\":\"D1S Osram Xenarc\u00ae Original - Xenonkungen\",\"isPartOf\":{\"@id\":\"https:\/\/xenonkungen.com\/#website\"},\"primaryImageOfPage\":{\"@id\":\"https:\/\/xenonkungen.com\/produkt\/d1s-osram-xenarc-original\/#primaryimage\"},\"image\":{\"@id\":\"https:\/\/xenonkungen.com\/produkt\/d1s-osram-xenarc-original\/#primaryimage\"},\"thumbnailUrl\":\"https:\/\/xenonkungen.com\/wp-content\/uploads\/2025\/04\/857407-origpic-c703af.jpg\",\"datePublished\":\"2025-04-15T09:52:56+00:00\",\"dateModified\":\"2026-05-13T15:11:02+00:00\",\"breadcrumb\":{\"@id\":\"https:\/\/xenonkungen.com\/produkt\/d1s-osram-xenarc-original\/#breadcrumb\"},\"inLanguage\":\"nb-NO\",\"potentialAction\":[{\"@type\":\"ReadAction\",\"target\":[\"https:\/\/xenonkungen.com\/produkt\/d1s-osram-xenarc-original\/\"]}]},{\"@type\":\"ImageObject\",\"inLanguage\":\"nb-NO\",\"@id\":\"https:\/\/xenonkungen.com\/produkt\/d1s-osram-xenarc-original\/#primaryimage\",\"url\":\"https:\/\/xenonkungen.com\/wp-content\/uploads\/2025\/04\/857407-origpic-c703af.jpg\",\"contentUrl\":\"https:\/\/xenonkungen.com\/wp-content\/uploads\/2025\/04\/857407-origpic-c703af.jpg\",\"width\":1000,\"height\":1000},{\"@type\":\"BreadcrumbList\",\"@id\":\"https:\/\/xenonkungen.com\/produkt\/d1s-osram-xenarc-original\/#breadcrumb\",\"itemListElement\":[{\"@type\":\"ListItem\",\"position\":1,\"name\":\"Hem\",\"item\":\"https:\/\/xenonkungen.com\/\"},{\"@type\":\"ListItem\",\"position\":2,\"name\":\"Shop\",\"item\":\"https:\/\/xenonkungen.com\/shop\/\"},{\"@type\":\"ListItem\",\"position\":3,\"name\":\"D1S Osram Xenarc\u00ae Original\"}]},{\"@type\":\"WebSite\",\"@id\":\"https:\/\/xenonkungen.com\/#website\",\"url\":\"https:\/\/xenonkungen.com\/\",\"name\":\"Xenonkungen\",\"description\":\"\",\"potentialAction\":[{\"@type\":\"SearchAction\",\"target\":{\"@type\":\"EntryPoint\",\"urlTemplate\":\"https:\/\/xenonkungen.com\/?s={search_term_string}\"},\"query-input\":{\"@type\":\"PropertyValueSpecification\",\"valueRequired\":true,\"valueName\":\"search_term_string\"}}],\"inLanguage\":\"nb-NO\"}]}<\/script>\n<!-- \/ Yoast SEO plugin. -->","yoast_head_json":{"title":"D1S Osram Xenarc\u00ae Original \u2013 Xenon-kongen","robots":{"index":"index","follow":"follow","max-snippet":"max-snippet:-1","max-image-preview":"max-image-preview:large","max-video-preview":"max-video-preview:-1"},"canonical":"https:\/\/xenonkungen.com\/no\/produkt\/d1s-osram-xenarc-original\/","og_locale":"nb_NO","og_type":"article","og_title":"D1S Osram Xenarc\u00ae Original - Xenonkungen","og_description":"Den perfekta lampan f\u00f6r att ers\u00e4tta lamporna som sitter fr\u00e5n fabrik i bilen.","og_url":"https:\/\/xenonkungen.com\/no\/produkt\/d1s-osram-xenarc-original\/","og_site_name":"Xenonkungen","article_modified_time":"2026-05-13T15:11:02+00:00","og_image":[{"width":1000,"height":1000,"url":"https:\/\/xenonkungen.com\/wp-content\/uploads\/2025\/04\/857407-origpic-c703af.jpg","type":"image\/jpeg"}],"twitter_card":"summary_large_image","twitter_misc":{"Ansl. lesetid":"1 minutt"},"schema":{"@context":"https:\/\/schema.org","@graph":[{"@type":"WebPage","@id":"https:\/\/xenonkungen.com\/produkt\/d1s-osram-xenarc-original\/","url":"https:\/\/xenonkungen.com\/produkt\/d1s-osram-xenarc-original\/","name":"D1S Osram Xenarc\u00ae Original \u2013 Xenon-kongen","isPartOf":{"@id":"https:\/\/xenonkungen.com\/#website"},"primaryImageOfPage":{"@id":"https:\/\/xenonkungen.com\/produkt\/d1s-osram-xenarc-original\/#primaryimage"},"image":{"@id":"https:\/\/xenonkungen.com\/produkt\/d1s-osram-xenarc-original\/#primaryimage"},"thumbnailUrl":"https:\/\/xenonkungen.com\/wp-content\/uploads\/2025\/04\/857407-origpic-c703af.jpg","datePublished":"2025-04-15T09:52:56+00:00","dateModified":"2026-05-13T15:11:02+00:00","breadcrumb":{"@id":"https:\/\/xenonkungen.com\/produkt\/d1s-osram-xenarc-original\/#breadcrumb"},"inLanguage":"nb-NO","potentialAction":[{"@type":"ReadAction","target":["https:\/\/xenonkungen.com\/produkt\/d1s-osram-xenarc-original\/"]}]},{"@type":"ImageObject","inLanguage":"nb-NO","@id":"https:\/\/xenonkungen.com\/produkt\/d1s-osram-xenarc-original\/#primaryimage","url":"https:\/\/xenonkungen.com\/wp-content\/uploads\/2025\/04\/857407-origpic-c703af.jpg","contentUrl":"https:\/\/xenonkungen.com\/wp-content\/uploads\/2025\/04\/857407-origpic-c703af.jpg","width":1000,"height":1000},{"@type":"BreadcrumbList","@id":"https:\/\/xenonkungen.com\/produkt\/d1s-osram-xenarc-original\/#breadcrumb","itemListElement":[{"@type":"ListItem","position":1,"name":"Hem","item":"https:\/\/xenonkungen.com\/"},{"@type":"ListItem","position":2,"name":"Shop","item":"https:\/\/xenonkungen.com\/shop\/"},{"@type":"ListItem","position":3,"name":"D1S Osram Xenarc\u00ae Original"}]},{"@type":"WebSite","@id":"https:\/\/xenonkungen.com\/#website","url":"https:\/\/xenonkungen.com\/","name":"Xenonkungen","description":"","potentialAction":[{"@type":"SearchAction","target":{"@type":"EntryPoint","urlTemplate":"https:\/\/xenonkungen.com\/?s={search_term_string}"},"query-input":{"@type":"PropertyValueSpecification","valueRequired":true,"valueName":"search_term_string"}}],"inLanguage":"nb-NO"}]}},"taxonomy_info":{"product_brand":[{"value":108,"label":"OSRAM"}],"product_cat":[{"value":2483,"label":"Xenon"},{"value":733,"label":"Halvljus \/ Helljus"}],"pa_faktisk-effekts-forbrukning":[{"value":847,"label":"35"}],"pa_fargtemperatur":[{"value":842,"label":"4500K"}],"pa_lampsockel-kontakt":[{"value":756,"label":"D1S"}],"pa_volt-v":[{"value":348,"label":"12, 24"}]},"featured_image_src_large":["https:\/\/xenonkungen.com\/wp-content\/uploads\/2025\/04\/857407-origpic-c703af.jpg",1000,1000,false],"author_info":[],"comment_info":5,"_links":{"self":[{"href":"https:\/\/xenonkungen.com\/no\/wp-json\/wp\/v2\/product\/7175","targetHints":{"allow":["GET"]}}],"collection":[{"href":"https:\/\/xenonkungen.com\/no\/wp-json\/wp\/v2\/product"}],"about":[{"href":"https:\/\/xenonkungen.com\/no\/wp-json\/wp\/v2\/types\/product"}],"replies":[{"embeddable":true,"href":"https:\/\/xenonkungen.com\/no\/wp-json\/wp\/v2\/comments?post=7175"}],"wp:featuredmedia":[{"embeddable":true,"href":"https:\/\/xenonkungen.com\/no\/wp-json\/wp\/v2\/media\/7176"}],"wp:attachment":[{"href":"https:\/\/xenonkungen.com\/no\/wp-json\/wp\/v2\/media?parent=7175"}],"wp:term":[{"taxonomy":"anvandningsomrade","embeddable":true,"href":"https:\/\/xenonkungen.com\/no\/wp-json\/wp\/v2\/anvandningsomrade?post=7175"},{"taxonomy":"bilmarken","embeddable":true,"href":"https:\/\/xenonkungen.com\/no\/wp-json\/wp\/v2\/bilmarken?post=7175"},{"taxonomy":"product_brand","embeddable":true,"href":"https:\/\/xenonkungen.com\/no\/wp-json\/wp\/v2\/product_brand?post=7175"},{"taxonomy":"product_cat","embeddable":true,"href":"https:\/\/xenonkungen.com\/no\/wp-json\/wp\/v2\/product_cat?post=7175"},{"taxonomy":"product_tag","embeddable":true,"href":"https:\/\/xenonkungen.com\/no\/wp-json\/wp\/v2\/product_tag?post=7175"}],"curies":[{"name":"wp","href":"https:\/\/api.w.org\/{rel}","templated":true}]}}