{"id":7280,"date":"2025-04-15T09:53:42","date_gmt":"2025-04-15T09:53:42","guid":{"rendered":"https:\/\/xenonkungen.com\/product\/osram-xenarc-night-breaker-220-d4s\/"},"modified":"2026-04-24T17:39:00","modified_gmt":"2026-04-24T16:39:00","slug":"osram-xenarc-night-breaker-220-d4s","status":"publish","type":"product","link":"https:\/\/xenonkungen.com\/no\/produkt\/osram-xenarc-night-breaker-220-d4s\/","title":{"rendered":"Osram Xenarc Night Breaker 220 D4S"},"content":{"rendered":"<h1 class=\"font-headline-text-bold orange\">OSRAMs kraftigste D4S xenonlampe<\/h1>\n<p><span>XENARC NIGHT BREAKER 220 er OSRAMs kraftigste xenonlampe. Denne kraftige lampen med effektiv xenon-teknologi gir bedre sikt p\u00e5 veien: opptil 220 % mer lys sammenlignet med den lovbestemte minimumsstandarden. <\/span><\/p>\n<p><span>Mer lys betyr at du ser lenger og dermed kan reagere raskere. I tillegg er sikten opptil 250 meter lengre og opptil 20 % hvitere, noe som gir et mer moderne utseende (sammenlignet med den lovp\u00e5lagte minimumsstandarden). <\/span><\/p>\n<p><span>Oppdag den fantastiske ytelsen til XENARC NIGHT BREAKER 220 - OSRAMs kraftigste xenonlampe.<\/span><\/p>\n<p><span><strong> OBS!<\/strong> Utskifting av XENARC-lamper b\u00f8r gj\u00f8res parvis og av en fagperson.<\/span><\/p>\n<p><span><strong>Elektriske data:<\/strong><br \/>- Maksimal effekt: 35 W<br \/>- Nominell nominell spenning: 42,0 V<br \/>- Nominell wattstyrke: 35W<br \/>- Testspenning i volt: 13,5 V<br \/>- Toleranse for str\u00f8mforbruk: \u00b13<\/span><\/p>\n<p><span><strong>Fotometriske data:<\/strong><br \/>- Lysstr\u00f8m: 3200 lm<br \/>- Lysstr\u00f8m, toleranse: \u00b115 %<br \/><\/span><\/p>\n<p><span><strong>Dimensjoner:<\/strong><br \/>- Diameter: 9,0 mm<br \/>- Lengde: 77,3 mm<br \/>- Produktvekt: 16,30 g<br \/><\/span><\/p>\n<p><span><strong>Forventet levealder:<\/strong><br \/>- Levetid B3: 2000 timer<br \/>- Levetid Tc i timer: 3000 timer<\/span><\/p>\n<p><span><strong>Garanti:<\/strong><br \/>- 3 \u00e5r<\/span><\/p>","protected":false},"excerpt":{"rendered":"<p>OSRAM:s kraftfullaste D4S xenonlampa XENARC NIGHT BREAKER 220 \u00e4r OSRAMs mest kraftfulla xenonlampa. Denna kraftfulla lampa med effektiv xenonteknik ger b\u00e4ttre sikt p\u00e5 v\u00e4gen: upp till 220 % mer ljus j\u00e4mf\u00f6rt med minsta lagstadgad standard. Mer ljus g\u00f6r att du ser l\u00e4ngre och d\u00e4rf\u00f6r reagerar tidigare. Dessutom \u00e4r siktstr\u00e4ckan upp till 250 meter l\u00e5ng och [&hellip;]<\/p>","protected":false},"featured_media":7281,"comment_status":"closed","ping_status":"open","template":"","meta":{"_acf_changed":false,"_smort_price_nok":"1276","_smort_price_dkk":"811","_smort_price_eur":"108.63","_smort_sale_price_nok":"","_smort_sale_price_dkk":"","_smort_sale_price_eur":"","smort_restorder":"","shipmondo_restorder":"","_kad_blocks_custom_css":"","_kad_blocks_head_custom_js":"","_kad_blocks_body_custom_js":"","_kad_blocks_footer_custom_js":"","smort_custom_pricelist_1":"764.8","smort_custom_pricelist_2":"669.2","smort_custom_pricelist_3":"621.4","smort_custom_pricelist_4":"956","smort_custom_pricelist_5":"669.2"},"anvandningsomrade":[],"bilmarken":[],"product_brand":[108],"product_cat":[2483,733],"product_tag":[],"class_list":{"0":"post-7280","1":"product","2":"type-product","3":"status-publish","4":"has-post-thumbnail","6":"product_brand-osram","7":"product_cat-xenon","8":"product_cat-halvljus-helljus","9":"pa_faktisk-effekts-forbrukning-847","10":"pa_lampsockel-kontakt-d4s","12":"first","13":"instock","14":"taxable","15":"shipping-taxable","16":"purchasable","17":"product-type-simple"},"bundled_by":[],"bundle_stock_status":"instock","bundle_stock_quantity":6,"bundle_virtual":false,"bundle_layout":"","bundle_add_to_cart_form_location":"","bundle_editable_in_cart":false,"bundle_sold_individually_context":"","bundle_item_grouping":"","bundle_min_size":"","bundle_max_size":"","bundle_price":[],"bundled_items":[],"bundle_sell_ids":[],"acf":[],"yoast_head":"<!-- This site is optimized with the Yoast SEO plugin v27.0 - https:\/\/yoast.com\/product\/yoast-seo-wordpress\/ -->\n<title>Osram Xenarc Night Breaker 220 D4S - Xenonkungen<\/title>\n<meta name=\"robots\" content=\"index, follow, max-snippet:-1, max-image-preview:large, max-video-preview:-1\" \/>\n<link rel=\"canonical\" href=\"https:\/\/xenonkungen.com\/no\/produkt\/osram-xenarc-night-breaker-220-d4s\/\" \/>\n<meta property=\"og:locale\" content=\"nb_NO\" \/>\n<meta property=\"og:type\" content=\"article\" \/>\n<meta property=\"og:title\" content=\"Osram Xenarc Night Breaker 220 D4S - Xenonkungen\" \/>\n<meta property=\"og:description\" content=\"OSRAM:s kraftfullaste D4S xenonlampa XENARC NIGHT BREAKER 220 \u00e4r OSRAMs mest kraftfulla xenonlampa. Denna kraftfulla lampa med effektiv xenonteknik ger b\u00e4ttre sikt p\u00e5 v\u00e4gen: upp till 220 % mer ljus j\u00e4mf\u00f6rt med minsta lagstadgad standard. Mer ljus g\u00f6r att du ser l\u00e4ngre och d\u00e4rf\u00f6r reagerar tidigare. Dessutom \u00e4r siktstr\u00e4ckan upp till 250 meter l\u00e5ng och [&hellip;]\" \/>\n<meta property=\"og:url\" content=\"https:\/\/xenonkungen.com\/no\/produkt\/osram-xenarc-night-breaker-220-d4s\/\" \/>\n<meta property=\"og:site_name\" content=\"Xenonkungen\" \/>\n<meta property=\"article:modified_time\" content=\"2026-04-24T16:39:00+00:00\" \/>\n<meta property=\"og:image\" content=\"https:\/\/xenonkungen.com\/wp-content\/uploads\/2025\/04\/215467527-origpic-698232.jpg\" \/>\n\t<meta property=\"og:image:width\" content=\"851\" \/>\n\t<meta property=\"og:image:height\" content=\"826\" \/>\n\t<meta property=\"og:image:type\" content=\"image\/jpeg\" \/>\n<meta name=\"twitter:card\" content=\"summary_large_image\" \/>\n<meta name=\"twitter:label1\" content=\"Ansl. lesetid\" \/>\n\t<meta name=\"twitter:data1\" content=\"1 minutt\" \/>\n<script type=\"application\/ld+json\" class=\"yoast-schema-graph\">{\"@context\":\"https:\/\/schema.org\",\"@graph\":[{\"@type\":\"WebPage\",\"@id\":\"https:\/\/xenonkungen.com\/produkt\/osram-xenarc-night-breaker-220-d4s\/\",\"url\":\"https:\/\/xenonkungen.com\/produkt\/osram-xenarc-night-breaker-220-d4s\/\",\"name\":\"Osram Xenarc Night Breaker 220 D4S - Xenonkungen\",\"isPartOf\":{\"@id\":\"https:\/\/xenonkungen.com\/#website\"},\"primaryImageOfPage\":{\"@id\":\"https:\/\/xenonkungen.com\/produkt\/osram-xenarc-night-breaker-220-d4s\/#primaryimage\"},\"image\":{\"@id\":\"https:\/\/xenonkungen.com\/produkt\/osram-xenarc-night-breaker-220-d4s\/#primaryimage\"},\"thumbnailUrl\":\"https:\/\/xenonkungen.com\/wp-content\/uploads\/2025\/04\/215467527-origpic-698232.jpg\",\"datePublished\":\"2025-04-15T09:53:42+00:00\",\"dateModified\":\"2026-04-24T16:39:00+00:00\",\"breadcrumb\":{\"@id\":\"https:\/\/xenonkungen.com\/produkt\/osram-xenarc-night-breaker-220-d4s\/#breadcrumb\"},\"inLanguage\":\"nb-NO\",\"potentialAction\":[{\"@type\":\"ReadAction\",\"target\":[\"https:\/\/xenonkungen.com\/produkt\/osram-xenarc-night-breaker-220-d4s\/\"]}]},{\"@type\":\"ImageObject\",\"inLanguage\":\"nb-NO\",\"@id\":\"https:\/\/xenonkungen.com\/produkt\/osram-xenarc-night-breaker-220-d4s\/#primaryimage\",\"url\":\"https:\/\/xenonkungen.com\/wp-content\/uploads\/2025\/04\/215467527-origpic-698232.jpg\",\"contentUrl\":\"https:\/\/xenonkungen.com\/wp-content\/uploads\/2025\/04\/215467527-origpic-698232.jpg\",\"width\":851,\"height\":826},{\"@type\":\"BreadcrumbList\",\"@id\":\"https:\/\/xenonkungen.com\/produkt\/osram-xenarc-night-breaker-220-d4s\/#breadcrumb\",\"itemListElement\":[{\"@type\":\"ListItem\",\"position\":1,\"name\":\"Hem\",\"item\":\"https:\/\/xenonkungen.com\/\"},{\"@type\":\"ListItem\",\"position\":2,\"name\":\"Shop\",\"item\":\"https:\/\/xenonkungen.com\/shop\/\"},{\"@type\":\"ListItem\",\"position\":3,\"name\":\"Osram Xenarc Night Breaker 220 D4S\"}]},{\"@type\":\"WebSite\",\"@id\":\"https:\/\/xenonkungen.com\/#website\",\"url\":\"https:\/\/xenonkungen.com\/\",\"name\":\"Xenonkungen\",\"description\":\"\",\"potentialAction\":[{\"@type\":\"SearchAction\",\"target\":{\"@type\":\"EntryPoint\",\"urlTemplate\":\"https:\/\/xenonkungen.com\/?s={search_term_string}\"},\"query-input\":{\"@type\":\"PropertyValueSpecification\",\"valueRequired\":true,\"valueName\":\"search_term_string\"}}],\"inLanguage\":\"nb-NO\"}]}<\/script>\n<!-- \/ Yoast SEO plugin. -->","yoast_head_json":{"title":"Osram Xenarc Night Breaker 220 D4S \u2013 Xenon-kongen","robots":{"index":"index","follow":"follow","max-snippet":"max-snippet:-1","max-image-preview":"max-image-preview:large","max-video-preview":"max-video-preview:-1"},"canonical":"https:\/\/xenonkungen.com\/no\/produkt\/osram-xenarc-night-breaker-220-d4s\/","og_locale":"nb_NO","og_type":"article","og_title":"Osram Xenarc Night Breaker 220 D4S - Xenonkungen","og_description":"OSRAM:s kraftfullaste D4S xenonlampa XENARC NIGHT BREAKER 220 \u00e4r OSRAMs mest kraftfulla xenonlampa. Denna kraftfulla lampa med effektiv xenonteknik ger b\u00e4ttre sikt p\u00e5 v\u00e4gen: upp till 220 % mer ljus j\u00e4mf\u00f6rt med minsta lagstadgad standard. Mer ljus g\u00f6r att du ser l\u00e4ngre och d\u00e4rf\u00f6r reagerar tidigare. Dessutom \u00e4r siktstr\u00e4ckan upp till 250 meter l\u00e5ng och [&hellip;]","og_url":"https:\/\/xenonkungen.com\/no\/produkt\/osram-xenarc-night-breaker-220-d4s\/","og_site_name":"Xenonkungen","article_modified_time":"2026-04-24T16:39:00+00:00","og_image":[{"width":851,"height":826,"url":"https:\/\/xenonkungen.com\/wp-content\/uploads\/2025\/04\/215467527-origpic-698232.jpg","type":"image\/jpeg"}],"twitter_card":"summary_large_image","twitter_misc":{"Ansl. lesetid":"1 minutt"},"schema":{"@context":"https:\/\/schema.org","@graph":[{"@type":"WebPage","@id":"https:\/\/xenonkungen.com\/produkt\/osram-xenarc-night-breaker-220-d4s\/","url":"https:\/\/xenonkungen.com\/produkt\/osram-xenarc-night-breaker-220-d4s\/","name":"Osram Xenarc Night Breaker 220 D4S \u2013 Xenon-kongen","isPartOf":{"@id":"https:\/\/xenonkungen.com\/#website"},"primaryImageOfPage":{"@id":"https:\/\/xenonkungen.com\/produkt\/osram-xenarc-night-breaker-220-d4s\/#primaryimage"},"image":{"@id":"https:\/\/xenonkungen.com\/produkt\/osram-xenarc-night-breaker-220-d4s\/#primaryimage"},"thumbnailUrl":"https:\/\/xenonkungen.com\/wp-content\/uploads\/2025\/04\/215467527-origpic-698232.jpg","datePublished":"2025-04-15T09:53:42+00:00","dateModified":"2026-04-24T16:39:00+00:00","breadcrumb":{"@id":"https:\/\/xenonkungen.com\/produkt\/osram-xenarc-night-breaker-220-d4s\/#breadcrumb"},"inLanguage":"nb-NO","potentialAction":[{"@type":"ReadAction","target":["https:\/\/xenonkungen.com\/produkt\/osram-xenarc-night-breaker-220-d4s\/"]}]},{"@type":"ImageObject","inLanguage":"nb-NO","@id":"https:\/\/xenonkungen.com\/produkt\/osram-xenarc-night-breaker-220-d4s\/#primaryimage","url":"https:\/\/xenonkungen.com\/wp-content\/uploads\/2025\/04\/215467527-origpic-698232.jpg","contentUrl":"https:\/\/xenonkungen.com\/wp-content\/uploads\/2025\/04\/215467527-origpic-698232.jpg","width":851,"height":826},{"@type":"BreadcrumbList","@id":"https:\/\/xenonkungen.com\/produkt\/osram-xenarc-night-breaker-220-d4s\/#breadcrumb","itemListElement":[{"@type":"ListItem","position":1,"name":"Hem","item":"https:\/\/xenonkungen.com\/"},{"@type":"ListItem","position":2,"name":"Shop","item":"https:\/\/xenonkungen.com\/shop\/"},{"@type":"ListItem","position":3,"name":"Osram Xenarc Night Breaker 220 D4S"}]},{"@type":"WebSite","@id":"https:\/\/xenonkungen.com\/#website","url":"https:\/\/xenonkungen.com\/","name":"Xenonkungen","description":"","potentialAction":[{"@type":"SearchAction","target":{"@type":"EntryPoint","urlTemplate":"https:\/\/xenonkungen.com\/?s={search_term_string}"},"query-input":{"@type":"PropertyValueSpecification","valueRequired":true,"valueName":"search_term_string"}}],"inLanguage":"nb-NO"}]}},"taxonomy_info":{"product_brand":[{"value":108,"label":"OSRAM"}],"product_cat":[{"value":2483,"label":"Xenon"},{"value":733,"label":"Halvljus \/ Helljus"}],"pa_faktisk-effekts-forbrukning":[{"value":847,"label":"35"}],"pa_lampsockel-kontakt":[{"value":762,"label":"D4S"}]},"featured_image_src_large":["https:\/\/xenonkungen.com\/wp-content\/uploads\/2025\/04\/215467527-origpic-698232.jpg",851,826,false],"author_info":[],"comment_info":0,"_links":{"self":[{"href":"https:\/\/xenonkungen.com\/no\/wp-json\/wp\/v2\/product\/7280","targetHints":{"allow":["GET"]}}],"collection":[{"href":"https:\/\/xenonkungen.com\/no\/wp-json\/wp\/v2\/product"}],"about":[{"href":"https:\/\/xenonkungen.com\/no\/wp-json\/wp\/v2\/types\/product"}],"replies":[{"embeddable":true,"href":"https:\/\/xenonkungen.com\/no\/wp-json\/wp\/v2\/comments?post=7280"}],"wp:featuredmedia":[{"embeddable":true,"href":"https:\/\/xenonkungen.com\/no\/wp-json\/wp\/v2\/media\/7281"}],"wp:attachment":[{"href":"https:\/\/xenonkungen.com\/no\/wp-json\/wp\/v2\/media?parent=7280"}],"wp:term":[{"taxonomy":"anvandningsomrade","embeddable":true,"href":"https:\/\/xenonkungen.com\/no\/wp-json\/wp\/v2\/anvandningsomrade?post=7280"},{"taxonomy":"bilmarken","embeddable":true,"href":"https:\/\/xenonkungen.com\/no\/wp-json\/wp\/v2\/bilmarken?post=7280"},{"taxonomy":"product_brand","embeddable":true,"href":"https:\/\/xenonkungen.com\/no\/wp-json\/wp\/v2\/product_brand?post=7280"},{"taxonomy":"product_cat","embeddable":true,"href":"https:\/\/xenonkungen.com\/no\/wp-json\/wp\/v2\/product_cat?post=7280"},{"taxonomy":"product_tag","embeddable":true,"href":"https:\/\/xenonkungen.com\/no\/wp-json\/wp\/v2\/product_tag?post=7280"}],"curies":[{"name":"wp","href":"https:\/\/api.w.org\/{rel}","templated":true}]}}