{"id":7354,"date":"2025-04-15T09:54:34","date_gmt":"2025-04-15T09:54:34","guid":{"rendered":"https:\/\/xenonkungen.com\/product\/ledriving-hl-bright-h7-h18\/"},"modified":"2026-04-11T01:25:02","modified_gmt":"2026-04-11T00:25:02","slug":"led-kjoring-hl-lyssterk-h7-h18","status":"publish","type":"product","link":"https:\/\/xenonkungen.com\/no\/produkt\/led-kjoring-hl-lyssterk-h7-h18\/","title":{"rendered":"LEDriving\u00ae HL BRIGHT H7\/H18"},"content":{"rendered":"<h1>Oppdag OSRAM LEDriving HL BRIGHT<\/h1>\n<p>Den ultimate LED-ettermonteringslampen for overlegen lysstyrke og stil. Med opptil <strong>+300% mer lys<\/strong> sammenlignet med standard halogenlamper (i henhold til ECE R112), f\u00e5r du ikke bare bedre sikt, men ogs\u00e5 et moderne utseende med kj\u00f8lig hvitt lys p\u00e5 <strong>6 000K<\/strong>. Disse lyktene gj\u00f8r det lettere \u00e5 oppdage skilt, hindringer og farer i tide, samtidig som de reduserer blending takket v\u00e6re en optimalisert lysfordeling.<\/p>\n<p>Med en levetid p\u00e5 opptil <strong>5 ganger lengre<\/strong> enn vanlige lamper og OSRAMs f\u00f8rsteklasses kvalitet, investerer du i en l\u00f8sning med lang levetid.<\/p>\n<h2>Enkel installasjon og h\u00f8y kompatibilitet<\/h2>\n<p>De kompakte LEDriving HL BRIGHT-lampene er <strong>enkel \u00e5 installere<\/strong> og 12 V-kompatible, noe som gj\u00f8r dem til et perfekt valg for biler som bruker halogenlamper. Gi bilen din en oppgradering med moderne belysning og forbedret sikkerhet - alt sammen med OSRAMs velkjente kvalitet og a <strong>4 \u00e5rs garanti<\/strong>.<\/p>\n<p>V\u00e6r oppmerksom p\u00e5 at disse lyktene er beregnet for offroad-bruk og ikke er <strong>ECE-godkjent<\/strong> for offentlige veier.<\/p>\n<p><strong>Ta steget inn i fremtidens belysning<\/strong> med OSRAM LEDriving HL BRIGHT - kj\u00f8r tryggere, se lenger og opplev et helt nytt lys!<\/p>\n<h3><strong>Tekniske spesifikasjoner<\/strong><\/h3>\n<p><strong>Elektriske data<\/strong><\/p>\n<p>- Str\u00f8mforbruk: 19 W<br \/>- Nominell spenning: 12,0 V<br \/>- Nominell effekt: 19 W<\/p>\n<p><strong>Fotometriske data<\/strong><\/p>\n<p>- Nominell lysstr\u00f8m: 1700 lm<br \/>- Lysstr\u00f8mstoleranse: \u00b120 %<br \/>- LED-lysfarge: Kj\u00f8lig hvit<br \/>- Fargetemperatur: 6000 K<\/p>\n<p><strong>Fysiske egenskaper og dimensjoner<\/strong><\/p>\n<p>- Lengde: 76,2 mm<br \/>- Diameter: 14,0 mm<br \/>- Produktvekt: 60,00 g<br \/>- Lampeholdere: <span>PX26d<\/span><\/p>\n<p><strong>Livstidsdata<\/strong><\/p>\n<p>- Levetid Tc: 5000 timer<\/p>\n<p><strong>Garanti:<\/strong><\/p>\n<p>- 4 \u00e5r<\/p>","protected":false},"excerpt":{"rendered":"<p>Oppdag LEDriving\u00ae HL BRIGHT H7\/H18, en kraftig 12 V LED-lampe med en lysstr\u00f8m p\u00e5 1700 lumen og en kj\u00f8lig hvit fargetemperatur p\u00e5 6000K. Den er perfekt for moderne kj\u00f8ret\u00f8y og gir bedre sikt og et stilig utseende p\u00e5 veien.<\/p>","protected":false},"featured_media":7355,"comment_status":"closed","ping_status":"open","template":"","meta":{"_acf_changed":false,"_smort_price_nok":"1383","_smort_price_dkk":"879","_smort_price_eur":"117.72","_smort_sale_price_nok":"","_smort_sale_price_dkk":"","_smort_sale_price_eur":"","smort_restorder":"","shipmondo_restorder":"","_kad_blocks_custom_css":"","_kad_blocks_head_custom_js":"","_kad_blocks_body_custom_js":"","_kad_blocks_footer_custom_js":"","smort_custom_pricelist_1":"828.8","smort_custom_pricelist_2":"725.2","smort_custom_pricelist_3":"673.4","smort_custom_pricelist_4":"1036","smort_custom_pricelist_5":"725.2"},"anvandningsomrade":[],"bilmarken":[],"product_brand":[108],"product_cat":[2633,733],"product_tag":[],"class_list":{"0":"post-7354","1":"product","2":"type-product","3":"status-publish","4":"has-post-thumbnail","6":"product_brand-osram","7":"product_cat-osram-ledriving-halvljus-helljus","8":"product_cat-halvljus-helljus","9":"pa_faktisk-effekts-forbrukning-1904","10":"pa_fargtemperatur-6000k","11":"pa_lampsockel-kontakt-h7-h18","12":"pa_volt-v-159","14":"first","15":"instock","16":"taxable","17":"shipping-taxable","18":"purchasable","19":"product-type-simple"},"bundled_by":[],"bundle_stock_status":"instock","bundle_stock_quantity":15,"bundle_virtual":false,"bundle_layout":"","bundle_add_to_cart_form_location":"","bundle_editable_in_cart":false,"bundle_sold_individually_context":"","bundle_item_grouping":"","bundle_min_size":"","bundle_max_size":"","bundle_price":[],"bundled_items":[],"bundle_sell_ids":[],"acf":[],"yoast_head":"<!-- This site is optimized with the Yoast SEO plugin v27.0 - https:\/\/yoast.com\/product\/yoast-seo-wordpress\/ -->\n<title>LEDriving\u00ae HL BRIGHT H7\/H18 - Xenonkungen<\/title>\n<meta name=\"robots\" content=\"index, follow, max-snippet:-1, max-image-preview:large, max-video-preview:-1\" \/>\n<link rel=\"canonical\" href=\"https:\/\/xenonkungen.com\/no\/produkt\/led-kjoring-hl-lyssterk-h7-h18\/\" \/>\n<meta property=\"og:locale\" content=\"nb_NO\" \/>\n<meta property=\"og:type\" content=\"article\" \/>\n<meta property=\"og:title\" content=\"LEDriving\u00ae HL BRIGHT H7\/H18 - Xenonkungen\" \/>\n<meta property=\"og:description\" content=\"Uppt\u00e4ck LEDriving\u00ae HL BRIGHT H7\/H18, en kraftfull LED-lampa med 12V och ett ljusfl\u00f6de p\u00e5 1700 lumen och en kall vit f\u00e4rgtemperatur p\u00e5 6000K. Perfekt f\u00f6r moderna fordon, den erbjuder starkare sikt och ett stilrent utseende p\u00e5 v\u00e4gen.\" \/>\n<meta property=\"og:url\" content=\"https:\/\/xenonkungen.com\/no\/produkt\/led-kjoring-hl-lyssterk-h7-h18\/\" \/>\n<meta property=\"og:site_name\" content=\"Xenonkungen\" \/>\n<meta property=\"article:modified_time\" content=\"2026-04-11T00:25:02+00:00\" \/>\n<meta property=\"og:image\" content=\"https:\/\/xenonkungen.com\/wp-content\/uploads\/2025\/04\/215797579-origpic-5dd45e.jpg\" \/>\n\t<meta property=\"og:image:width\" content=\"1024\" \/>\n\t<meta property=\"og:image:height\" content=\"674\" \/>\n\t<meta property=\"og:image:type\" content=\"image\/jpeg\" \/>\n<meta name=\"twitter:card\" content=\"summary_large_image\" \/>\n<meta name=\"twitter:label1\" content=\"Ansl. lesetid\" \/>\n\t<meta name=\"twitter:data1\" content=\"1 minutt\" \/>\n<script type=\"application\/ld+json\" class=\"yoast-schema-graph\">{\"@context\":\"https:\/\/schema.org\",\"@graph\":[{\"@type\":\"WebPage\",\"@id\":\"https:\/\/xenonkungen.com\/produkt\/ledriving-hl-bright-h7-h18\/\",\"url\":\"https:\/\/xenonkungen.com\/produkt\/ledriving-hl-bright-h7-h18\/\",\"name\":\"LEDriving\u00ae HL BRIGHT H7\/H18 - Xenonkungen\",\"isPartOf\":{\"@id\":\"https:\/\/xenonkungen.com\/#website\"},\"primaryImageOfPage\":{\"@id\":\"https:\/\/xenonkungen.com\/produkt\/ledriving-hl-bright-h7-h18\/#primaryimage\"},\"image\":{\"@id\":\"https:\/\/xenonkungen.com\/produkt\/ledriving-hl-bright-h7-h18\/#primaryimage\"},\"thumbnailUrl\":\"https:\/\/xenonkungen.com\/wp-content\/uploads\/2025\/04\/215797579-origpic-5dd45e.jpg\",\"datePublished\":\"2025-04-15T09:54:34+00:00\",\"dateModified\":\"2026-04-11T00:25:02+00:00\",\"breadcrumb\":{\"@id\":\"https:\/\/xenonkungen.com\/produkt\/ledriving-hl-bright-h7-h18\/#breadcrumb\"},\"inLanguage\":\"nb-NO\",\"potentialAction\":[{\"@type\":\"ReadAction\",\"target\":[\"https:\/\/xenonkungen.com\/produkt\/ledriving-hl-bright-h7-h18\/\"]}]},{\"@type\":\"ImageObject\",\"inLanguage\":\"nb-NO\",\"@id\":\"https:\/\/xenonkungen.com\/produkt\/ledriving-hl-bright-h7-h18\/#primaryimage\",\"url\":\"https:\/\/xenonkungen.com\/wp-content\/uploads\/2025\/04\/215797579-origpic-5dd45e.jpg\",\"contentUrl\":\"https:\/\/xenonkungen.com\/wp-content\/uploads\/2025\/04\/215797579-origpic-5dd45e.jpg\",\"width\":1024,\"height\":674},{\"@type\":\"BreadcrumbList\",\"@id\":\"https:\/\/xenonkungen.com\/produkt\/ledriving-hl-bright-h7-h18\/#breadcrumb\",\"itemListElement\":[{\"@type\":\"ListItem\",\"position\":1,\"name\":\"Hem\",\"item\":\"https:\/\/xenonkungen.com\/\"},{\"@type\":\"ListItem\",\"position\":2,\"name\":\"Shop\",\"item\":\"https:\/\/xenonkungen.com\/shop\/\"},{\"@type\":\"ListItem\",\"position\":3,\"name\":\"LEDriving\u00ae HL BRIGHT H7\/H18\"}]},{\"@type\":\"WebSite\",\"@id\":\"https:\/\/xenonkungen.com\/#website\",\"url\":\"https:\/\/xenonkungen.com\/\",\"name\":\"Xenonkungen\",\"description\":\"\",\"potentialAction\":[{\"@type\":\"SearchAction\",\"target\":{\"@type\":\"EntryPoint\",\"urlTemplate\":\"https:\/\/xenonkungen.com\/?s={search_term_string}\"},\"query-input\":{\"@type\":\"PropertyValueSpecification\",\"valueRequired\":true,\"valueName\":\"search_term_string\"}}],\"inLanguage\":\"nb-NO\"}]}<\/script>\n<!-- \/ Yoast SEO plugin. -->","yoast_head_json":{"title":"LEDriving\u00ae HL BRIGHT H7\/H18 \u2013 Xenon-kongen","robots":{"index":"index","follow":"follow","max-snippet":"max-snippet:-1","max-image-preview":"max-image-preview:large","max-video-preview":"max-video-preview:-1"},"canonical":"https:\/\/xenonkungen.com\/no\/produkt\/led-kjoring-hl-lyssterk-h7-h18\/","og_locale":"nb_NO","og_type":"article","og_title":"LEDriving\u00ae HL BRIGHT H7\/H18 - Xenonkungen","og_description":"Uppt\u00e4ck LEDriving\u00ae HL BRIGHT H7\/H18, en kraftfull LED-lampa med 12V och ett ljusfl\u00f6de p\u00e5 1700 lumen och en kall vit f\u00e4rgtemperatur p\u00e5 6000K. Perfekt f\u00f6r moderna fordon, den erbjuder starkare sikt och ett stilrent utseende p\u00e5 v\u00e4gen.","og_url":"https:\/\/xenonkungen.com\/no\/produkt\/led-kjoring-hl-lyssterk-h7-h18\/","og_site_name":"Xenonkungen","article_modified_time":"2026-04-11T00:25:02+00:00","og_image":[{"width":1024,"height":674,"url":"https:\/\/xenonkungen.com\/wp-content\/uploads\/2025\/04\/215797579-origpic-5dd45e.jpg","type":"image\/jpeg"}],"twitter_card":"summary_large_image","twitter_misc":{"Ansl. lesetid":"1 minutt"},"schema":{"@context":"https:\/\/schema.org","@graph":[{"@type":"WebPage","@id":"https:\/\/xenonkungen.com\/produkt\/ledriving-hl-bright-h7-h18\/","url":"https:\/\/xenonkungen.com\/produkt\/ledriving-hl-bright-h7-h18\/","name":"LEDriving\u00ae HL BRIGHT H7\/H18 \u2013 Xenon-kongen","isPartOf":{"@id":"https:\/\/xenonkungen.com\/#website"},"primaryImageOfPage":{"@id":"https:\/\/xenonkungen.com\/produkt\/ledriving-hl-bright-h7-h18\/#primaryimage"},"image":{"@id":"https:\/\/xenonkungen.com\/produkt\/ledriving-hl-bright-h7-h18\/#primaryimage"},"thumbnailUrl":"https:\/\/xenonkungen.com\/wp-content\/uploads\/2025\/04\/215797579-origpic-5dd45e.jpg","datePublished":"2025-04-15T09:54:34+00:00","dateModified":"2026-04-11T00:25:02+00:00","breadcrumb":{"@id":"https:\/\/xenonkungen.com\/produkt\/ledriving-hl-bright-h7-h18\/#breadcrumb"},"inLanguage":"nb-NO","potentialAction":[{"@type":"ReadAction","target":["https:\/\/xenonkungen.com\/produkt\/ledriving-hl-bright-h7-h18\/"]}]},{"@type":"ImageObject","inLanguage":"nb-NO","@id":"https:\/\/xenonkungen.com\/produkt\/ledriving-hl-bright-h7-h18\/#primaryimage","url":"https:\/\/xenonkungen.com\/wp-content\/uploads\/2025\/04\/215797579-origpic-5dd45e.jpg","contentUrl":"https:\/\/xenonkungen.com\/wp-content\/uploads\/2025\/04\/215797579-origpic-5dd45e.jpg","width":1024,"height":674},{"@type":"BreadcrumbList","@id":"https:\/\/xenonkungen.com\/produkt\/ledriving-hl-bright-h7-h18\/#breadcrumb","itemListElement":[{"@type":"ListItem","position":1,"name":"Hem","item":"https:\/\/xenonkungen.com\/"},{"@type":"ListItem","position":2,"name":"Shop","item":"https:\/\/xenonkungen.com\/shop\/"},{"@type":"ListItem","position":3,"name":"LEDriving\u00ae HL BRIGHT H7\/H18"}]},{"@type":"WebSite","@id":"https:\/\/xenonkungen.com\/#website","url":"https:\/\/xenonkungen.com\/","name":"Xenonkungen","description":"","potentialAction":[{"@type":"SearchAction","target":{"@type":"EntryPoint","urlTemplate":"https:\/\/xenonkungen.com\/?s={search_term_string}"},"query-input":{"@type":"PropertyValueSpecification","valueRequired":true,"valueName":"search_term_string"}}],"inLanguage":"nb-NO"}]}},"taxonomy_info":{"product_brand":[{"value":108,"label":"OSRAM"}],"product_cat":[{"value":2633,"label":"OSRAM Ledriving"},{"value":733,"label":"Halvljus \/ Helljus"}],"pa_faktisk-effekts-forbrukning":[{"value":1904,"label":"19"}],"pa_fargtemperatur":[{"value":188,"label":"6000K"}],"pa_lampsockel-kontakt":[{"value":1905,"label":"H7\/H18"}],"pa_volt-v":[{"value":159,"label":"12"}]},"featured_image_src_large":["https:\/\/xenonkungen.com\/wp-content\/uploads\/2025\/04\/215797579-origpic-5dd45e.jpg",1024,674,false],"author_info":[],"comment_info":0,"_links":{"self":[{"href":"https:\/\/xenonkungen.com\/no\/wp-json\/wp\/v2\/product\/7354","targetHints":{"allow":["GET"]}}],"collection":[{"href":"https:\/\/xenonkungen.com\/no\/wp-json\/wp\/v2\/product"}],"about":[{"href":"https:\/\/xenonkungen.com\/no\/wp-json\/wp\/v2\/types\/product"}],"replies":[{"embeddable":true,"href":"https:\/\/xenonkungen.com\/no\/wp-json\/wp\/v2\/comments?post=7354"}],"wp:featuredmedia":[{"embeddable":true,"href":"https:\/\/xenonkungen.com\/no\/wp-json\/wp\/v2\/media\/7355"}],"wp:attachment":[{"href":"https:\/\/xenonkungen.com\/no\/wp-json\/wp\/v2\/media?parent=7354"}],"wp:term":[{"taxonomy":"anvandningsomrade","embeddable":true,"href":"https:\/\/xenonkungen.com\/no\/wp-json\/wp\/v2\/anvandningsomrade?post=7354"},{"taxonomy":"bilmarken","embeddable":true,"href":"https:\/\/xenonkungen.com\/no\/wp-json\/wp\/v2\/bilmarken?post=7354"},{"taxonomy":"product_brand","embeddable":true,"href":"https:\/\/xenonkungen.com\/no\/wp-json\/wp\/v2\/product_brand?post=7354"},{"taxonomy":"product_cat","embeddable":true,"href":"https:\/\/xenonkungen.com\/no\/wp-json\/wp\/v2\/product_cat?post=7354"},{"taxonomy":"product_tag","embeddable":true,"href":"https:\/\/xenonkungen.com\/no\/wp-json\/wp\/v2\/product_tag?post=7354"}],"curies":[{"name":"wp","href":"https:\/\/api.w.org\/{rel}","templated":true}]}}