{"id":7371,"date":"2025-04-15T09:54:51","date_gmt":"2025-04-15T09:54:51","guid":{"rendered":"https:\/\/xenonkungen.com\/product\/night-breaker-led-mc-h7-led\/"},"modified":"2026-04-10T16:58:14","modified_gmt":"2026-04-10T15:58:14","slug":"nattbryter-led-mc-h7-led","status":"publish","type":"product","link":"https:\/\/xenonkungen.com\/no\/produkt\/nattbryter-led-mc-h7-led\/","title":{"rendered":"NIGHT BREAKER\u00ae LED | MC | H7-LED"},"content":{"rendered":"<section id=\"osram-night-breaker-led\">\n<h1>Oppgrader motorsykkelen din med OSRAM NIGHT BREAKER LED GEN 2 H7 - den f\u00f8rste H7 LED-lampen for motorsykler som er godkjent for gatebruk!<\/h1>\n<p>Gi motorsykkelen din det moderne l\u00f8ftet den fortjener med den nyeste LED-teknologien fra OSRAM. NIGHT BREAKER LED GEN 2 H7 leverer opp til <strong>230% mer lysstyrke<\/strong> og et sterkt hvitt lys med en fargetemperatur p\u00e5 opptil <strong>6000 Kelvin<\/strong>. Se lenger, kj\u00f8r tryggere og opplev en lysere og klarere vei uten \u00e5 blende andre trafikanter.<\/p>\n<h2>Spar energi og kj\u00f8r lenger<\/h2>\n<p>Disse LED-ettermonteringslampene bruker opptil <strong>60% mindre energi<\/strong> sammenlignet med tradisjonelle halogenlamper, noe som reduserer belastningen p\u00e5 det elektriske systemet og forlenger kj\u00f8relengden. Den robuste og vibrasjonsbestandige konstruksjonen gj\u00f8r at lampene kan vare i opptil <strong>5 ganger lengre<\/strong>noe som betyr f\u00e6rre endringer og mer tid p\u00e5 veien.<\/p>\n<h2>Enkel installasjon og revolusjonerende lys<\/h2>\n<p>Med NIGHT BREAKER LED GEN 2 H7 f\u00e5r du en rask og enkel oppgradering. Bytt ut de gamle lyktene og f\u00e5 kraftig belysning som b\u00e5de forbedrer sikten og gir motorsykkelen din et rent og moderne utseende. Godkjent for bruk p\u00e5 vei, slik at du kan kj\u00f8re trygt og lovlig.<\/p>\n<h2>Sats p\u00e5 ytelse, holdbarhet og stil - OSRAM har det du trenger!<\/h2>\n<p>Med en dedikert garanti fra OSRAM kan du f\u00f8le deg trygg p\u00e5 valget ditt. NIGHT BREAKER LED GEN 2 H7 er den ultimate l\u00f8sningen for deg som vil ha det beste for motorsykkelen din.<\/p>\n<p><span><strong>Elektriske data:<\/strong><br \/>- Nominell spenning: 12 V<br \/>- Nominell effekt: 16 W<br \/>- Testspenning: 13,2 V<br \/>- Effekttoleranse: \u00b110 %<br \/>- Str\u00f8mforbruk: 16 W<\/span><\/p>\n<p><span><strong>Fotometriske data:<\/strong><br \/>- Lysstr\u00f8m: 1500 lm<br \/>- Lysfarge: Cool White<br \/>- Fargetemperatur: 6000 K<\/span><\/p>\n<p><span><strong>Dimensjoner:<\/strong><br \/>- Diameter: 13,9 mm<br \/>- Lengde: 77,9 mm<br \/>- Produktvekt: 60 g<br \/><\/span><\/p>\n<p><span><strong>Forventet levealder:<\/strong><br \/>- Levetid Tc i timer: 2500 timer<br \/>- Levetid B3 i timer: 1500 t<\/span><\/p>\n<p><strong>Garanti:<br \/><\/strong>- 4 \u00e5r<\/p>\n<\/section>","protected":false},"excerpt":{"rendered":"<p>OSRAM presenterer NIGHT BREAKER LED GEN 2, den f\u00f8rste H7 LED retrofit-lampen for motorsykler som er lovlig i gatene. Opplev kraftig, hvitt lys med opptil 230% mer lysstyrke og 6000K fargetemperatur, samtidig som du sparer energi og kj\u00f8rer med lengre holdbarhet og sikkerhet.<\/p>","protected":false},"featured_media":7372,"comment_status":"closed","ping_status":"closed","template":"","meta":{"_acf_changed":false,"_smort_price_nok":"766","_smort_price_dkk":"811","_smort_price_eur":"108.63","_smort_sale_price_nok":"766","_smort_sale_price_dkk":"","_smort_sale_price_eur":"65.18","smort_restorder":"","shipmondo_restorder":"","_kad_blocks_custom_css":"","_kad_blocks_head_custom_js":"","_kad_blocks_body_custom_js":"","_kad_blocks_footer_custom_js":"","smort_custom_pricelist_1":"764.8","smort_custom_pricelist_2":"669.2","smort_custom_pricelist_3":"621.4","smort_custom_pricelist_4":"956","smort_custom_pricelist_5":"669.2"},"anvandningsomrade":[],"bilmarken":[],"product_brand":[108],"product_cat":[733],"product_tag":[],"class_list":{"0":"post-7371","1":"product","2":"type-product","3":"status-publish","4":"has-post-thumbnail","6":"product_brand-osram","7":"product_cat-halvljus-helljus","8":"pa_faktisk-effekts-forbrukning-187","9":"pa_fargtemperatur-6000k","10":"pa_lampsockel-kontakt-h7","11":"pa_volt-v-159","13":"first","14":"instock","15":"sale","16":"taxable","17":"shipping-taxable","18":"purchasable","19":"product-type-simple"},"bundled_by":[],"bundle_stock_status":"instock","bundle_stock_quantity":14,"bundle_virtual":false,"bundle_layout":"","bundle_add_to_cart_form_location":"","bundle_editable_in_cart":false,"bundle_sold_individually_context":"","bundle_item_grouping":"","bundle_min_size":"","bundle_max_size":"","bundle_price":[],"bundled_items":[],"bundle_sell_ids":[],"acf":[],"yoast_head":"<!-- This site is optimized with the Yoast SEO plugin v27.0 - https:\/\/yoast.com\/product\/yoast-seo-wordpress\/ -->\n<title>NIGHT BREAKER\u00ae LED | MC | H7-LED - Xenonkungen<\/title>\n<meta name=\"robots\" content=\"index, follow, max-snippet:-1, max-image-preview:large, max-video-preview:-1\" \/>\n<link rel=\"canonical\" href=\"https:\/\/xenonkungen.com\/no\/produkt\/nattbryter-led-mc-h7-led\/\" \/>\n<meta property=\"og:locale\" content=\"nb_NO\" \/>\n<meta property=\"og:type\" content=\"article\" \/>\n<meta property=\"og:title\" content=\"NIGHT BREAKER\u00ae LED | MC | H7-LED - Xenonkungen\" \/>\n<meta property=\"og:description\" content=\"OSRAM presenterar NIGHT BREAKER LED GEN 2, den f\u00f6rsta gatulagliga H7 LED-retrofitlampan f\u00f6r motorcyklar. Upplev kraftfullt, vitt ljus med upp till 230% mer ljusstyrka och 6000K f\u00e4rgtemperatur, samtidigt som du sparar energi och k\u00f6r med l\u00e4ngre h\u00e5llbarhet och s\u00e4kerhet.\" \/>\n<meta property=\"og:url\" content=\"https:\/\/xenonkungen.com\/no\/produkt\/nattbryter-led-mc-h7-led\/\" \/>\n<meta property=\"og:site_name\" content=\"Xenonkungen\" \/>\n<meta property=\"article:modified_time\" content=\"2026-04-10T15:58:14+00:00\" \/>\n<meta property=\"og:image\" content=\"https:\/\/xenonkungen.com\/wp-content\/uploads\/2025\/04\/215596829-origpic-9dac19.jpg\" \/>\n\t<meta property=\"og:image:width\" content=\"913\" \/>\n\t<meta property=\"og:image:height\" content=\"913\" \/>\n\t<meta property=\"og:image:type\" content=\"image\/jpeg\" \/>\n<meta name=\"twitter:card\" content=\"summary_large_image\" \/>\n<meta name=\"twitter:label1\" content=\"Ansl. lesetid\" \/>\n\t<meta name=\"twitter:data1\" content=\"2 minutter\" \/>\n<script type=\"application\/ld+json\" class=\"yoast-schema-graph\">{\"@context\":\"https:\/\/schema.org\",\"@graph\":[{\"@type\":\"WebPage\",\"@id\":\"https:\/\/xenonkungen.com\/produkt\/night-breaker-led-mc-h7-led\/\",\"url\":\"https:\/\/xenonkungen.com\/produkt\/night-breaker-led-mc-h7-led\/\",\"name\":\"NIGHT BREAKER\u00ae LED | MC | H7-LED - Xenonkungen\",\"isPartOf\":{\"@id\":\"https:\/\/xenonkungen.com\/#website\"},\"primaryImageOfPage\":{\"@id\":\"https:\/\/xenonkungen.com\/produkt\/night-breaker-led-mc-h7-led\/#primaryimage\"},\"image\":{\"@id\":\"https:\/\/xenonkungen.com\/produkt\/night-breaker-led-mc-h7-led\/#primaryimage\"},\"thumbnailUrl\":\"https:\/\/xenonkungen.com\/wp-content\/uploads\/2025\/04\/215596829-origpic-9dac19.jpg\",\"datePublished\":\"2025-04-15T09:54:51+00:00\",\"dateModified\":\"2026-04-10T15:58:14+00:00\",\"breadcrumb\":{\"@id\":\"https:\/\/xenonkungen.com\/produkt\/night-breaker-led-mc-h7-led\/#breadcrumb\"},\"inLanguage\":\"nb-NO\",\"potentialAction\":[{\"@type\":\"ReadAction\",\"target\":[\"https:\/\/xenonkungen.com\/produkt\/night-breaker-led-mc-h7-led\/\"]}]},{\"@type\":\"ImageObject\",\"inLanguage\":\"nb-NO\",\"@id\":\"https:\/\/xenonkungen.com\/produkt\/night-breaker-led-mc-h7-led\/#primaryimage\",\"url\":\"https:\/\/xenonkungen.com\/wp-content\/uploads\/2025\/04\/215596829-origpic-9dac19.jpg\",\"contentUrl\":\"https:\/\/xenonkungen.com\/wp-content\/uploads\/2025\/04\/215596829-origpic-9dac19.jpg\",\"width\":913,\"height\":913},{\"@type\":\"BreadcrumbList\",\"@id\":\"https:\/\/xenonkungen.com\/produkt\/night-breaker-led-mc-h7-led\/#breadcrumb\",\"itemListElement\":[{\"@type\":\"ListItem\",\"position\":1,\"name\":\"Hem\",\"item\":\"https:\/\/xenonkungen.com\/\"},{\"@type\":\"ListItem\",\"position\":2,\"name\":\"Shop\",\"item\":\"https:\/\/xenonkungen.com\/shop\/\"},{\"@type\":\"ListItem\",\"position\":3,\"name\":\"NIGHT BREAKER\u00ae LED | MC | H7-LED\"}]},{\"@type\":\"WebSite\",\"@id\":\"https:\/\/xenonkungen.com\/#website\",\"url\":\"https:\/\/xenonkungen.com\/\",\"name\":\"Xenonkungen\",\"description\":\"\",\"potentialAction\":[{\"@type\":\"SearchAction\",\"target\":{\"@type\":\"EntryPoint\",\"urlTemplate\":\"https:\/\/xenonkungen.com\/?s={search_term_string}\"},\"query-input\":{\"@type\":\"PropertyValueSpecification\",\"valueRequired\":true,\"valueName\":\"search_term_string\"}}],\"inLanguage\":\"nb-NO\"}]}<\/script>\n<!-- \/ Yoast SEO plugin. -->","yoast_head_json":{"title":"NIGHT BREAKER\u00ae LED | MC | H7-LED \u2013 Xenon-kongen","robots":{"index":"index","follow":"follow","max-snippet":"max-snippet:-1","max-image-preview":"max-image-preview:large","max-video-preview":"max-video-preview:-1"},"canonical":"https:\/\/xenonkungen.com\/no\/produkt\/nattbryter-led-mc-h7-led\/","og_locale":"nb_NO","og_type":"article","og_title":"NIGHT BREAKER\u00ae LED | MC | H7-LED - Xenonkungen","og_description":"OSRAM presenterar NIGHT BREAKER LED GEN 2, den f\u00f6rsta gatulagliga H7 LED-retrofitlampan f\u00f6r motorcyklar. Upplev kraftfullt, vitt ljus med upp till 230% mer ljusstyrka och 6000K f\u00e4rgtemperatur, samtidigt som du sparar energi och k\u00f6r med l\u00e4ngre h\u00e5llbarhet och s\u00e4kerhet.","og_url":"https:\/\/xenonkungen.com\/no\/produkt\/nattbryter-led-mc-h7-led\/","og_site_name":"Xenonkungen","article_modified_time":"2026-04-10T15:58:14+00:00","og_image":[{"width":913,"height":913,"url":"https:\/\/xenonkungen.com\/wp-content\/uploads\/2025\/04\/215596829-origpic-9dac19.jpg","type":"image\/jpeg"}],"twitter_card":"summary_large_image","twitter_misc":{"Ansl. lesetid":"2 minutter"},"schema":{"@context":"https:\/\/schema.org","@graph":[{"@type":"WebPage","@id":"https:\/\/xenonkungen.com\/produkt\/night-breaker-led-mc-h7-led\/","url":"https:\/\/xenonkungen.com\/produkt\/night-breaker-led-mc-h7-led\/","name":"NIGHT BREAKER\u00ae LED | MC | H7-LED \u2013 Xenon-kongen","isPartOf":{"@id":"https:\/\/xenonkungen.com\/#website"},"primaryImageOfPage":{"@id":"https:\/\/xenonkungen.com\/produkt\/night-breaker-led-mc-h7-led\/#primaryimage"},"image":{"@id":"https:\/\/xenonkungen.com\/produkt\/night-breaker-led-mc-h7-led\/#primaryimage"},"thumbnailUrl":"https:\/\/xenonkungen.com\/wp-content\/uploads\/2025\/04\/215596829-origpic-9dac19.jpg","datePublished":"2025-04-15T09:54:51+00:00","dateModified":"2026-04-10T15:58:14+00:00","breadcrumb":{"@id":"https:\/\/xenonkungen.com\/produkt\/night-breaker-led-mc-h7-led\/#breadcrumb"},"inLanguage":"nb-NO","potentialAction":[{"@type":"ReadAction","target":["https:\/\/xenonkungen.com\/produkt\/night-breaker-led-mc-h7-led\/"]}]},{"@type":"ImageObject","inLanguage":"nb-NO","@id":"https:\/\/xenonkungen.com\/produkt\/night-breaker-led-mc-h7-led\/#primaryimage","url":"https:\/\/xenonkungen.com\/wp-content\/uploads\/2025\/04\/215596829-origpic-9dac19.jpg","contentUrl":"https:\/\/xenonkungen.com\/wp-content\/uploads\/2025\/04\/215596829-origpic-9dac19.jpg","width":913,"height":913},{"@type":"BreadcrumbList","@id":"https:\/\/xenonkungen.com\/produkt\/night-breaker-led-mc-h7-led\/#breadcrumb","itemListElement":[{"@type":"ListItem","position":1,"name":"Hem","item":"https:\/\/xenonkungen.com\/"},{"@type":"ListItem","position":2,"name":"Shop","item":"https:\/\/xenonkungen.com\/shop\/"},{"@type":"ListItem","position":3,"name":"NIGHT BREAKER\u00ae LED | MC | H7-LED"}]},{"@type":"WebSite","@id":"https:\/\/xenonkungen.com\/#website","url":"https:\/\/xenonkungen.com\/","name":"Xenonkungen","description":"","potentialAction":[{"@type":"SearchAction","target":{"@type":"EntryPoint","urlTemplate":"https:\/\/xenonkungen.com\/?s={search_term_string}"},"query-input":{"@type":"PropertyValueSpecification","valueRequired":true,"valueName":"search_term_string"}}],"inLanguage":"nb-NO"}]}},"taxonomy_info":{"product_brand":[{"value":108,"label":"OSRAM"}],"product_cat":[{"value":733,"label":"Halvljus \/ Helljus"}],"pa_faktisk-effekts-forbrukning":[{"value":187,"label":"16"}],"pa_fargtemperatur":[{"value":188,"label":"6000K"}],"pa_lampsockel-kontakt":[{"value":206,"label":"H7"}],"pa_volt-v":[{"value":159,"label":"12"}]},"featured_image_src_large":["https:\/\/xenonkungen.com\/wp-content\/uploads\/2025\/04\/215596829-origpic-9dac19.jpg",913,913,false],"author_info":[],"comment_info":0,"_links":{"self":[{"href":"https:\/\/xenonkungen.com\/no\/wp-json\/wp\/v2\/product\/7371","targetHints":{"allow":["GET"]}}],"collection":[{"href":"https:\/\/xenonkungen.com\/no\/wp-json\/wp\/v2\/product"}],"about":[{"href":"https:\/\/xenonkungen.com\/no\/wp-json\/wp\/v2\/types\/product"}],"replies":[{"embeddable":true,"href":"https:\/\/xenonkungen.com\/no\/wp-json\/wp\/v2\/comments?post=7371"}],"wp:featuredmedia":[{"embeddable":true,"href":"https:\/\/xenonkungen.com\/no\/wp-json\/wp\/v2\/media\/7372"}],"wp:attachment":[{"href":"https:\/\/xenonkungen.com\/no\/wp-json\/wp\/v2\/media?parent=7371"}],"wp:term":[{"taxonomy":"anvandningsomrade","embeddable":true,"href":"https:\/\/xenonkungen.com\/no\/wp-json\/wp\/v2\/anvandningsomrade?post=7371"},{"taxonomy":"bilmarken","embeddable":true,"href":"https:\/\/xenonkungen.com\/no\/wp-json\/wp\/v2\/bilmarken?post=7371"},{"taxonomy":"product_brand","embeddable":true,"href":"https:\/\/xenonkungen.com\/no\/wp-json\/wp\/v2\/product_brand?post=7371"},{"taxonomy":"product_cat","embeddable":true,"href":"https:\/\/xenonkungen.com\/no\/wp-json\/wp\/v2\/product_cat?post=7371"},{"taxonomy":"product_tag","embeddable":true,"href":"https:\/\/xenonkungen.com\/no\/wp-json\/wp\/v2\/product_tag?post=7371"}],"curies":[{"name":"wp","href":"https:\/\/api.w.org\/{rel}","templated":true}]}}