{"id":7413,"date":"2025-04-15T09:55:06","date_gmt":"2025-04-15T09:55:06","guid":{"rendered":"https:\/\/xenonkungen.com\/product\/ledrampspaket-dbl-x16-spot-320w\/"},"modified":"2026-04-01T08:04:51","modified_gmt":"2026-04-01T07:04:51","slug":"led-rampepakke-dobbel-x16-spot-320w","status":"publish","type":"product","link":"https:\/\/xenonkungen.com\/no\/produkt\/led-rampepakke-dobbel-x16-spot-320w\/","title":{"rendered":"LED-spotlight-pakke DBL X16 Spot | 320W <93cm>"},"content":{"rendered":"<p>Luxtar\u00ae X-seriens ledede ekstralysbjelke har en unik design og er utstyrt med reflektorer med sidemonterte diodelamper, noe som gir betydelig bedre ytelse.<\/p>\n<p>160 W | 16 000 Lumen er de teoretiske verdiene for Luxtar X16 led-spotlighten, og som du kan ta i betraktning n\u00e5r du sammenligner med andre alternativer p\u00e5 markedet (som vektlegger teoretiske data).<\/p>\n<p>240W | 13 400 Lumen er de faktiske lysverdiene som denne LED-spotlight-pakken gir. Den kan sammenlignes med halogen som med 55W har en lysverdi p\u00e5 rundt 1 000 Lumen (+-200lm).<\/p>\n<p>DBL X16 leddrampepakke er en passende pakke for din bil\/personbil eller transportkj\u00f8ret\u00f8y som varebiler, pickuper eller lignende.<\/p>\n<p>Luxtar X-Series Spot.<br \/>Spot passer for dem som prioriterer en lang lysrekkevidde eller ved h\u00f8yere hastigheter der fokuset naturlig nok ligger p\u00e5 lengre avstander.<\/p>\n<p>X16 har en rekkevidde p\u00e5 1 lux p\u00e5 ca. 450 meters avstand, som reduseres til 0,25 lux p\u00e5 ca. 630 meters avstand.<\/p>\n<p><strong>Innhold i leveransen<\/strong><br \/>2 stk Luxtar X16<br \/>1. Brakett for regnskjerm<br \/>2 stk DT rel\u00e9brett<\/p>","protected":false},"excerpt":{"rendered":"<p>En ekstra lyspakke for deg som vil ha maksimal ytelse! 2 X16 gir deg en total lyseffekt p\u00e5 13 400 lumen.  Pakken gir et stilig utseende, som passer de som liker det litt r\u00e5ere utseendet med 2 LED-ramper!<\/p>\n<p><b>Effekt<\/b><br \/>\n240 watt<\/p>\n<p><b>Mengde lys<\/b><br \/>\n2x 6700 = 13 400 ekte lumen!<\/p>\n<p><b>Multivolt<\/b><br \/>\n9-32V<\/p>\n<p><b>Innhold i leveransen<\/b><br \/>\n2 stk Luxtar X16<br \/>\n1. Brakett for regnskjerm<br \/>\n2 stk DT rel\u00e9brett<\/p>","protected":false},"featured_media":7414,"comment_status":"closed","ping_status":"open","template":"","meta":{"_acf_changed":false,"_smort_price_nok":"5335","_smort_price_dkk":"3389","_smort_price_eur":"454.07","_smort_sale_price_nok":"","_smort_sale_price_dkk":"","_smort_sale_price_eur":"","smort_restorder":"","shipmondo_restorder":"","_kad_blocks_custom_css":"","_kad_blocks_head_custom_js":"","_kad_blocks_body_custom_js":"","_kad_blocks_footer_custom_js":"","smort_custom_pricelist_1":"3196.8","smort_custom_pricelist_2":"2597.4","smort_custom_pricelist_3":"2467.53","smort_custom_pricelist_4":"3996","smort_custom_pricelist_5":"2597.4"},"anvandningsomrade":[207,166,167,1915],"bilmarken":[208,240,194,241,242,195,243,209,244,245,246,247,248,210,249,196,250,251,252,253,197,211,254,212,255,256,257,258,259,213,260,261,198,262,263,264,265,266,267,199,268,269,270,271,200,272,273,274,215,275,276,277,278,201,279,202,280,281,216,282,203,283,284,285,286,204,217,218,287,288,289,290,219,205,169,291],"product_brand":[103],"product_cat":[2826,2820,1916],"product_tag":[],"class_list":{"0":"post-7413","1":"product","2":"type-product","3":"status-publish","4":"has-post-thumbnail","6":"anvandningsomrade-husbil","7":"anvandningsomrade-lastbil","8":"anvandningsomrade-personbil","9":"anvandningsomrade-skapbil","10":"bilmarken-abarth","11":"bilmarken-acura","12":"bilmarken-alfa-romeo","13":"bilmarken-alpina","14":"bilmarken-aston-martin","15":"bilmarken-audi","16":"bilmarken-bentley","17":"bilmarken-bmw","18":"bilmarken-bugatti","19":"bilmarken-buick","20":"bilmarken-cadillac","21":"bilmarken-chevrolet","22":"bilmarken-chrysler","23":"bilmarken-citroen","24":"bilmarken-cupra","25":"bilmarken-dacia","26":"bilmarken-daewoo","27":"bilmarken-daihatsu","28":"bilmarken-dodge","29":"bilmarken-ds","30":"bilmarken-ferrari","31":"bilmarken-fiat","32":"bilmarken-fisker","33":"bilmarken-ford","34":"bilmarken-geely","35":"bilmarken-genesis","36":"bilmarken-gmc","37":"bilmarken-honda","38":"bilmarken-hummer","39":"bilmarken-hyundai","40":"bilmarken-infiniti","41":"bilmarken-isuzu","42":"bilmarken-iveco","43":"bilmarken-jaguar","44":"bilmarken-jeep","45":"bilmarken-kia","46":"bilmarken-koenigsegg","47":"bilmarken-lada","48":"bilmarken-lamborghini","49":"bilmarken-lancia","50":"bilmarken-land-rover","51":"bilmarken-lexus","52":"bilmarken-lincoln","53":"bilmarken-lotus","54":"bilmarken-maserati","55":"bilmarken-maxus","56":"bilmarken-mazda","57":"bilmarken-mclaren","58":"bilmarken-mercedes-benz","59":"bilmarken-mg","60":"bilmarken-mini","61":"bilmarken-mitsubishi","62":"bilmarken-nissan","63":"bilmarken-opel","64":"bilmarken-pagani","65":"bilmarken-peugeot","66":"bilmarken-polestar","67":"bilmarken-pontiac","68":"bilmarken-porsche","69":"bilmarken-ram","70":"bilmarken-renault","71":"bilmarken-rivian","72":"bilmarken-rolls-royce","73":"bilmarken-rover","74":"bilmarken-saab","75":"bilmarken-seat","76":"bilmarken-skoda","77":"bilmarken-smart","78":"bilmarken-ssangyong","79":"bilmarken-subaru","80":"bilmarken-suzuki","81":"bilmarken-tesla","82":"bilmarken-toyota","83":"bilmarken-volkswagen","84":"bilmarken-volvo","85":"bilmarken-wiesmann","86":"product_brand-luxtar","87":"product_cat-luxtar","88":"product_cat-luxtar-paketlosningar","89":"product_cat-ledrampspaket","90":"pa_faktisk-effekts-forbrukning-1918","91":"pa_fuktskydd-varde-ipxx-ip68","92":"pa_ljusbild-spot","93":"pa_storlek-mm-932x63x85","94":"pa_stromforbrukning-10a-24v","95":"pa_stromforbrukning-20a-12v","96":"pa_volt-v-multivolt-9-12-16-18-24-28-30-32","98":"first","99":"onbackorder","100":"taxable","101":"shipping-taxable","102":"purchasable","103":"product-type-simple"},"bundled_by":[],"bundle_stock_status":"onbackorder","bundle_stock_quantity":0,"bundle_virtual":false,"bundle_layout":"","bundle_add_to_cart_form_location":"","bundle_editable_in_cart":false,"bundle_sold_individually_context":"","bundle_item_grouping":"","bundle_min_size":"","bundle_max_size":"","bundle_price":[],"bundled_items":[],"bundle_sell_ids":[],"acf":[],"yoast_head":"<!-- This site is optimized with the Yoast SEO plugin v27.0 - https:\/\/yoast.com\/product\/yoast-seo-wordpress\/ -->\n<title>Ledrampspaket DBL X16 Spot | 320W  - Xenonkungen<\/title>\n<meta name=\"robots\" content=\"index, follow, max-snippet:-1, max-image-preview:large, max-video-preview:-1\" \/>\n<link rel=\"canonical\" href=\"https:\/\/xenonkungen.com\/no\/produkt\/led-rampepakke-dobbel-x16-spot-320w\/\" \/>\n<meta property=\"og:locale\" content=\"nb_NO\" \/>\n<meta property=\"og:type\" content=\"article\" \/>\n<meta property=\"og:title\" content=\"Ledrampspaket DBL X16 Spot | 320W  - Xenonkungen\" \/>\n<meta property=\"og:description\" content=\"Ett Extraljuspaket f\u00f6r den som vill ha maximal prestanda! 2 stycken X16 ger dig en total ljusm\u00e4ngd av 13 400 lumen. Paketet ger ett snyggt utseende, som passar dig som gillar det lite mer r\u00e5a stuket med 2 ledramper! Effekt 240 Watt Ljusm\u00e4ngd 2x 6700 = 13 400 Real Lumen! Multivolt 9-32V Leveransinneh\u00e5ll 2 st Luxtar X16 1st Regskyltf\u00e4ste 2stk DT Rel\u00e4kablage\" \/>\n<meta property=\"og:url\" content=\"https:\/\/xenonkungen.com\/no\/produkt\/led-rampepakke-dobbel-x16-spot-320w\/\" \/>\n<meta property=\"og:site_name\" content=\"Xenonkungen\" \/>\n<meta property=\"article:modified_time\" content=\"2026-04-01T07:04:51+00:00\" \/>\n<meta property=\"og:image\" content=\"https:\/\/xenonkungen.com\/wp-content\/uploads\/2025\/04\/176592475-origpic-4c36fe.png\" \/>\n\t<meta property=\"og:image:width\" content=\"1000\" \/>\n\t<meta property=\"og:image:height\" content=\"1000\" \/>\n\t<meta property=\"og:image:type\" content=\"image\/png\" \/>\n<meta name=\"twitter:card\" content=\"summary_large_image\" \/>\n<meta name=\"twitter:label1\" content=\"Ansl. lesetid\" \/>\n\t<meta name=\"twitter:data1\" content=\"1 minutt\" \/>\n<script type=\"application\/ld+json\" class=\"yoast-schema-graph\">{\"@context\":\"https:\/\/schema.org\",\"@graph\":[{\"@type\":\"WebPage\",\"@id\":\"https:\/\/xenonkungen.com\/produkt\/ledrampspaket-dbl-x16-spot-320w\/\",\"url\":\"https:\/\/xenonkungen.com\/produkt\/ledrampspaket-dbl-x16-spot-320w\/\",\"name\":\"Ledrampspaket DBL X16 Spot | 320W - Xenonkungen\",\"isPartOf\":{\"@id\":\"https:\/\/xenonkungen.com\/#website\"},\"primaryImageOfPage\":{\"@id\":\"https:\/\/xenonkungen.com\/produkt\/ledrampspaket-dbl-x16-spot-320w\/#primaryimage\"},\"image\":{\"@id\":\"https:\/\/xenonkungen.com\/produkt\/ledrampspaket-dbl-x16-spot-320w\/#primaryimage\"},\"thumbnailUrl\":\"https:\/\/xenonkungen.com\/wp-content\/uploads\/2025\/04\/176592475-origpic-4c36fe.png\",\"datePublished\":\"2025-04-15T09:55:06+00:00\",\"dateModified\":\"2026-04-01T07:04:51+00:00\",\"breadcrumb\":{\"@id\":\"https:\/\/xenonkungen.com\/produkt\/ledrampspaket-dbl-x16-spot-320w\/#breadcrumb\"},\"inLanguage\":\"nb-NO\",\"potentialAction\":[{\"@type\":\"ReadAction\",\"target\":[\"https:\/\/xenonkungen.com\/produkt\/ledrampspaket-dbl-x16-spot-320w\/\"]}]},{\"@type\":\"ImageObject\",\"inLanguage\":\"nb-NO\",\"@id\":\"https:\/\/xenonkungen.com\/produkt\/ledrampspaket-dbl-x16-spot-320w\/#primaryimage\",\"url\":\"https:\/\/xenonkungen.com\/wp-content\/uploads\/2025\/04\/176592475-origpic-4c36fe.png\",\"contentUrl\":\"https:\/\/xenonkungen.com\/wp-content\/uploads\/2025\/04\/176592475-origpic-4c36fe.png\",\"width\":1000,\"height\":1000},{\"@type\":\"BreadcrumbList\",\"@id\":\"https:\/\/xenonkungen.com\/produkt\/ledrampspaket-dbl-x16-spot-320w\/#breadcrumb\",\"itemListElement\":[{\"@type\":\"ListItem\",\"position\":1,\"name\":\"Hem\",\"item\":\"https:\/\/xenonkungen.com\/\"},{\"@type\":\"ListItem\",\"position\":2,\"name\":\"Shop\",\"item\":\"https:\/\/xenonkungen.com\/shop\/\"},{\"@type\":\"ListItem\",\"position\":3,\"name\":\"Ledrampspaket DBL X16 Spot | 320W\"}]},{\"@type\":\"WebSite\",\"@id\":\"https:\/\/xenonkungen.com\/#website\",\"url\":\"https:\/\/xenonkungen.com\/\",\"name\":\"Xenonkungen\",\"description\":\"\",\"potentialAction\":[{\"@type\":\"SearchAction\",\"target\":{\"@type\":\"EntryPoint\",\"urlTemplate\":\"https:\/\/xenonkungen.com\/?s={search_term_string}\"},\"query-input\":{\"@type\":\"PropertyValueSpecification\",\"valueRequired\":true,\"valueName\":\"search_term_string\"}}],\"inLanguage\":\"nb-NO\"}]}<\/script>\n<!-- \/ Yoast SEO plugin. -->","yoast_head_json":{"title":"Rulletrapppakke DBL X16 Spot | 320W - Xenon-kongen","robots":{"index":"index","follow":"follow","max-snippet":"max-snippet:-1","max-image-preview":"max-image-preview:large","max-video-preview":"max-video-preview:-1"},"canonical":"https:\/\/xenonkungen.com\/no\/produkt\/led-rampepakke-dobbel-x16-spot-320w\/","og_locale":"nb_NO","og_type":"article","og_title":"Ledrampspaket DBL X16 Spot | 320W  - Xenonkungen","og_description":"Ett Extraljuspaket f\u00f6r den som vill ha maximal prestanda! 2 stycken X16 ger dig en total ljusm\u00e4ngd av 13 400 lumen. Paketet ger ett snyggt utseende, som passar dig som gillar det lite mer r\u00e5a stuket med 2 ledramper! Effekt 240 Watt Ljusm\u00e4ngd 2x 6700 = 13 400 Real Lumen! Multivolt 9-32V Leveransinneh\u00e5ll 2 st Luxtar X16 1st Regskyltf\u00e4ste 2stk DT Rel\u00e4kablage","og_url":"https:\/\/xenonkungen.com\/no\/produkt\/led-rampepakke-dobbel-x16-spot-320w\/","og_site_name":"Xenonkungen","article_modified_time":"2026-04-01T07:04:51+00:00","og_image":[{"width":1000,"height":1000,"url":"https:\/\/xenonkungen.com\/wp-content\/uploads\/2025\/04\/176592475-origpic-4c36fe.png","type":"image\/png"}],"twitter_card":"summary_large_image","twitter_misc":{"Ansl. lesetid":"1 minutt"},"schema":{"@context":"https:\/\/schema.org","@graph":[{"@type":"WebPage","@id":"https:\/\/xenonkungen.com\/produkt\/ledrampspaket-dbl-x16-spot-320w\/","url":"https:\/\/xenonkungen.com\/produkt\/ledrampspaket-dbl-x16-spot-320w\/","name":"Rulletrapppakke DBL X16 Spot | 320W - Xenon-kongen","isPartOf":{"@id":"https:\/\/xenonkungen.com\/#website"},"primaryImageOfPage":{"@id":"https:\/\/xenonkungen.com\/produkt\/ledrampspaket-dbl-x16-spot-320w\/#primaryimage"},"image":{"@id":"https:\/\/xenonkungen.com\/produkt\/ledrampspaket-dbl-x16-spot-320w\/#primaryimage"},"thumbnailUrl":"https:\/\/xenonkungen.com\/wp-content\/uploads\/2025\/04\/176592475-origpic-4c36fe.png","datePublished":"2025-04-15T09:55:06+00:00","dateModified":"2026-04-01T07:04:51+00:00","breadcrumb":{"@id":"https:\/\/xenonkungen.com\/produkt\/ledrampspaket-dbl-x16-spot-320w\/#breadcrumb"},"inLanguage":"nb-NO","potentialAction":[{"@type":"ReadAction","target":["https:\/\/xenonkungen.com\/produkt\/ledrampspaket-dbl-x16-spot-320w\/"]}]},{"@type":"ImageObject","inLanguage":"nb-NO","@id":"https:\/\/xenonkungen.com\/produkt\/ledrampspaket-dbl-x16-spot-320w\/#primaryimage","url":"https:\/\/xenonkungen.com\/wp-content\/uploads\/2025\/04\/176592475-origpic-4c36fe.png","contentUrl":"https:\/\/xenonkungen.com\/wp-content\/uploads\/2025\/04\/176592475-origpic-4c36fe.png","width":1000,"height":1000},{"@type":"BreadcrumbList","@id":"https:\/\/xenonkungen.com\/produkt\/ledrampspaket-dbl-x16-spot-320w\/#breadcrumb","itemListElement":[{"@type":"ListItem","position":1,"name":"Hem","item":"https:\/\/xenonkungen.com\/"},{"@type":"ListItem","position":2,"name":"Shop","item":"https:\/\/xenonkungen.com\/shop\/"},{"@type":"ListItem","position":3,"name":"Ledrampspaket DBL X16 Spot | 320W"}]},{"@type":"WebSite","@id":"https:\/\/xenonkungen.com\/#website","url":"https:\/\/xenonkungen.com\/","name":"Xenonkungen","description":"","potentialAction":[{"@type":"SearchAction","target":{"@type":"EntryPoint","urlTemplate":"https:\/\/xenonkungen.com\/?s={search_term_string}"},"query-input":{"@type":"PropertyValueSpecification","valueRequired":true,"valueName":"search_term_string"}}],"inLanguage":"nb-NO"}]}},"taxonomy_info":{"anvandningsomrade":[{"value":207,"label":"Husbil"},{"value":166,"label":"Lastbil"},{"value":167,"label":"PERSONBIL"},{"value":1915,"label":"Sk\u00e5pbil"}],"bilmarken":[{"value":208,"label":"Abarth"},{"value":240,"label":"Acura"},{"value":194,"label":"Alfa Romeo"},{"value":241,"label":"Alpina"},{"value":242,"label":"Aston Martin"},{"value":195,"label":"Audi"},{"value":243,"label":"Bentley"},{"value":209,"label":"BMW"},{"value":244,"label":"Bugatti"},{"value":245,"label":"Buick"},{"value":246,"label":"Cadillac"},{"value":247,"label":"Chevrolet"},{"value":248,"label":"Chrysler"},{"value":210,"label":"Citroen"},{"value":249,"label":"Cupra"},{"value":196,"label":"Dacia"},{"value":250,"label":"Daewoo"},{"value":251,"label":"Daihatsu"},{"value":252,"label":"Dodge"},{"value":253,"label":"DS"},{"value":197,"label":"Ferrari"},{"value":211,"label":"Fiat"},{"value":254,"label":"Fisker"},{"value":212,"label":"Ford"},{"value":255,"label":"Geely"},{"value":256,"label":"Genesis"},{"value":257,"label":"GMC"},{"value":258,"label":"Honda"},{"value":259,"label":"Hummer"},{"value":213,"label":"Hyundai"},{"value":260,"label":"Infiniti"},{"value":261,"label":"Isuzu"},{"value":198,"label":"Iveco"},{"value":262,"label":"Jaguar"},{"value":263,"label":"Jeep"},{"value":264,"label":"Kia"},{"value":265,"label":"Koenigsegg"},{"value":266,"label":"Lada"},{"value":267,"label":"Lamborghini"},{"value":199,"label":"Lancia"},{"value":268,"label":"Land Rover"},{"value":269,"label":"Lexus"},{"value":270,"label":"Lincoln"},{"value":271,"label":"Lotus"},{"value":200,"label":"Maserati"},{"value":272,"label":"Maxus"},{"value":273,"label":"Mazda"},{"value":274,"label":"McLaren"},{"value":215,"label":"Mercedes-Benz"},{"value":275,"label":"MG"},{"value":276,"label":"Mini"},{"value":277,"label":"Mitsubishi"},{"value":278,"label":"Nissan"},{"value":201,"label":"Opel"},{"value":279,"label":"Pagani"},{"value":202,"label":"Peugeot"},{"value":280,"label":"Polestar"},{"value":281,"label":"Pontiac"},{"value":216,"label":"Porsche"},{"value":282,"label":"RAM"},{"value":203,"label":"Renault"},{"value":283,"label":"Rivian"},{"value":284,"label":"Rolls-Royce"},{"value":285,"label":"Rover"},{"value":286,"label":"Saab"},{"value":204,"label":"Seat"},{"value":217,"label":"Skoda"},{"value":218,"label":"Smart"},{"value":287,"label":"SsangYong"},{"value":288,"label":"Subaru"},{"value":289,"label":"Suzuki"},{"value":290,"label":"Tesla"},{"value":219,"label":"Toyota"},{"value":205,"label":"Volkswagen"},{"value":169,"label":"volvo"},{"value":291,"label":"Wiesmann"}],"product_brand":[{"value":103,"label":"LUXTAR"}],"product_cat":[{"value":2826,"label":"LUXTAR"},{"value":2820,"label":"Luxtar - Paketl\u00f6sningar"},{"value":1916,"label":"Ledrampspaket"}],"pa_faktisk-effekts-forbrukning":[{"value":1918,"label":"240"}],"pa_fuktskydd-varde-ipxx":[{"value":177,"label":"IP68"}],"pa_ljusbild":[{"value":1177,"label":"Spot"}],"pa_storlek-mm":[{"value":1917,"label":"932x63x85"}],"pa_stromforbrukning":[{"value":1920,"label":"10A @24V"},{"value":1919,"label":"20A @12V"}],"pa_volt-v":[{"value":521,"label":"Multivolt, 9, 12, 16, 18, 24, 28, 30, 32"}]},"featured_image_src_large":["https:\/\/xenonkungen.com\/wp-content\/uploads\/2025\/04\/176592475-origpic-4c36fe.png",1000,1000,false],"author_info":[],"comment_info":0,"_links":{"self":[{"href":"https:\/\/xenonkungen.com\/no\/wp-json\/wp\/v2\/product\/7413","targetHints":{"allow":["GET"]}}],"collection":[{"href":"https:\/\/xenonkungen.com\/no\/wp-json\/wp\/v2\/product"}],"about":[{"href":"https:\/\/xenonkungen.com\/no\/wp-json\/wp\/v2\/types\/product"}],"replies":[{"embeddable":true,"href":"https:\/\/xenonkungen.com\/no\/wp-json\/wp\/v2\/comments?post=7413"}],"wp:featuredmedia":[{"embeddable":true,"href":"https:\/\/xenonkungen.com\/no\/wp-json\/wp\/v2\/media\/7414"}],"wp:attachment":[{"href":"https:\/\/xenonkungen.com\/no\/wp-json\/wp\/v2\/media?parent=7413"}],"wp:term":[{"taxonomy":"anvandningsomrade","embeddable":true,"href":"https:\/\/xenonkungen.com\/no\/wp-json\/wp\/v2\/anvandningsomrade?post=7413"},{"taxonomy":"bilmarken","embeddable":true,"href":"https:\/\/xenonkungen.com\/no\/wp-json\/wp\/v2\/bilmarken?post=7413"},{"taxonomy":"product_brand","embeddable":true,"href":"https:\/\/xenonkungen.com\/no\/wp-json\/wp\/v2\/product_brand?post=7413"},{"taxonomy":"product_cat","embeddable":true,"href":"https:\/\/xenonkungen.com\/no\/wp-json\/wp\/v2\/product_cat?post=7413"},{"taxonomy":"product_tag","embeddable":true,"href":"https:\/\/xenonkungen.com\/no\/wp-json\/wp\/v2\/product_tag?post=7413"}],"curies":[{"name":"wp","href":"https:\/\/api.w.org\/{rel}","templated":true}]}}