{"id":7505,"date":"2025-04-15T09:56:25","date_gmt":"2025-04-15T09:56:25","guid":{"rendered":"https:\/\/xenonkungen.com\/product\/ledriving-ledramp-sx500-cb\/"},"modified":"2026-04-24T17:40:57","modified_gmt":"2026-04-24T16:40:57","slug":"ledriving-led-rampe-sx500-cb","status":"publish","type":"product","link":"https:\/\/xenonkungen.com\/no\/produkt\/ledriving-led-rampe-sx500-cb\/","title":{"rendered":"LEDriving\u00ae LEDrampe SX500-CB <56cm>"},"content":{"rendered":"<h1>Lys opp livet ditt med OSRAM LEDriving kj\u00f8re- og arbeidslys<\/h1>\n<p>OSRAM LEDriving Lightbar SX500-CB lyser opp m\u00f8rke landeveier og skogsstier. OSRAM LEDriving Lightbar SX500-CB har 18 kraftige og h\u00f8ytytende LED-lamper med lang levetid, og har en rekkevidde p\u00e5 opptil 300 meter, noe som gir f\u00f8reren god varsling b\u00e5de p\u00e5 veien og i terrenget. Selv under d\u00e5rlige lysforhold gir OSRAM LEDriving Lightbar SX500-CB et dagslyslignende milj\u00f8 takket v\u00e6re en fargetemperatur p\u00e5 opptil 6 000 Kelvin. Den intense lysstr\u00f8mmen p\u00e5 opptil 3900 lumen kombineres med sv\u00e6rt h\u00f8y optisk effektivitet og jevn lysfordeling. Dette gj\u00f8r at du ser bedre og at kj\u00f8ret\u00f8yet ditt lettere blir oppfattet av andre trafikanter, noe som bidrar til \u00f8kt trafikksikkerhet b\u00e5de p\u00e5 veien og i terrenget.<\/p>\n<p>P\u00e5 veien eller i terrenget? <br \/>OSRAM LEDriving Lightbar SX500-CB imponerer med sin kraftige ytelse og lange levetid p\u00e5 opptil 5 000 timer. Det allsidige lyset t\u00e5ler t\u00f8ffe milj\u00f8forhold takket v\u00e6re materialer av h\u00f8y kvalitet, som et aluminiumshus og en robust polykarbonatlinse, og er b\u00e5de lett og robust. OSRAM LEDriving Lightbar SX500-CB er testet i v\u00e5rt DIN-sertifiserte milj\u00f8simuleringslaboratorium for ekstreme ytre forhold som vann, st\u00f8v, st\u00f8t, h\u00f8ye og lave temperaturer og permanente vibrasjoner, og er validert med beskyttelsesklasse IP69K. En integrert drivenhet og et termisk styringssystem regulerer LED-lysbjelkens temperatur og forhindrer skader for\u00e5rsaket av overoppheting. Polaritetsbeskyttelse forhindrer feil polaritet i str\u00f8mforsyningen og forebygger potensielle skader ved \u00e5 sl\u00e5 av LED-lampene automatisk. <\/p>\n<p>P\u00e5 veien eller i terrenget? <br \/>OSRAM LED-kj\u00f8relys SX500-CB er en effektiv oppgradering for kj\u00f8ret\u00f8yet ditt. De ECE-sertifiserte LED-kj\u00f8relysene krever ingen omregistrering og ingen tillegg i kj\u00f8ret\u00f8yets dokumentasjon.<br \/>ECEs referansenummer: 20<\/p>\n<p>OSRAM LEDriving Lightbar SX500-CB kan monteres p\u00e5 biler, lastebiler, landbruksmaskiner, nyttekj\u00f8ret\u00f8y, anleggskj\u00f8ret\u00f8y, skogsmaskiner, campingvogner, terrengkj\u00f8ret\u00f8y og firehjulinger.<br \/>OSRAM LEDriving Lightbar SX500-CB er allsidig og fleksibel.<\/p>","protected":false},"excerpt":{"rendered":"<p>Lys upp ditt liv med OSRAM LEDriving k\u00f6r- och arbetsljus OSRAM LEDriving Lightbar SX500-CB lyser upp m\u00f6rka landsv\u00e4gar och skogsv\u00e4gar. Med 18 kraftfulla och h\u00f6gpresterande LED-lampor med l\u00e5ng livsl\u00e4ngd har OSRAM LEDriving Lightbar SX500-CB en r\u00e4ckvidd p\u00e5 upp till 300 meter och ger f\u00f6raren gott om f\u00f6rvarning b\u00e5de p\u00e5 v\u00e4gen och i terr\u00e4ngen. \u00c4ven i [&hellip;]<\/p>","protected":false},"featured_media":7506,"comment_status":"closed","ping_status":"open","template":"","meta":{"_acf_changed":false,"_smort_price_nok":"3279","_smort_price_dkk":"2083","_smort_price_eur":"279.08","_smort_sale_price_nok":"","_smort_sale_price_dkk":"","_smort_sale_price_eur":"","smort_restorder":"","shipmondo_restorder":"","_kad_blocks_custom_css":"","_kad_blocks_head_custom_js":"","_kad_blocks_body_custom_js":"","_kad_blocks_footer_custom_js":"","smort_custom_pricelist_1":"1964.8","smort_custom_pricelist_2":"1964.8","smort_custom_pricelist_3":"1866.56","smort_custom_pricelist_4":"2456","smort_custom_pricelist_5":"1964.8"},"anvandningsomrade":[],"bilmarken":[],"product_brand":[108],"product_cat":[2966,2539,2640,2183],"product_tag":[],"class_list":{"0":"post-7505","1":"product","2":"type-product","3":"status-publish","4":"has-post-thumbnail","6":"product_brand-osram","7":"product_cat-ledramp-rak","8":"product_cat-ledramper","9":"product_cat-osram-ledriving-ledramper","10":"product_cat-osram-ledriving","11":"pa_faktisk-effekts-forbrukning-695","12":"pa_fargtemperatur-1428","13":"pa_fuktskydd-varde-ipxx-ip69","14":"pa_godkannande-e4-ece-r10-r112","15":"pa_lampsockel-kontakt-open-wire","16":"pa_storlek-mm-61-5x38x556","17":"pa_volt-v-12-24","19":"first","20":"onbackorder","21":"taxable","22":"shipping-taxable","23":"purchasable","24":"product-type-simple"},"bundled_by":[],"bundle_stock_status":"onbackorder","bundle_stock_quantity":0,"bundle_virtual":false,"bundle_layout":"","bundle_add_to_cart_form_location":"","bundle_editable_in_cart":false,"bundle_sold_individually_context":"","bundle_item_grouping":"","bundle_min_size":"","bundle_max_size":"","bundle_price":[],"bundled_items":[],"bundle_sell_ids":[],"acf":[],"yoast_head":"<!-- This site is optimized with the Yoast SEO plugin v27.0 - https:\/\/yoast.com\/product\/yoast-seo-wordpress\/ -->\n<title>LEDriving\u00ae LEDramp SX500-CB  - Xenonkungen<\/title>\n<meta name=\"robots\" content=\"index, follow, max-snippet:-1, max-image-preview:large, max-video-preview:-1\" \/>\n<link rel=\"canonical\" href=\"https:\/\/xenonkungen.com\/no\/produkt\/ledriving-led-rampe-sx500-cb\/\" \/>\n<meta property=\"og:locale\" content=\"nb_NO\" \/>\n<meta property=\"og:type\" content=\"article\" \/>\n<meta property=\"og:title\" content=\"LEDriving\u00ae LEDramp SX500-CB  - Xenonkungen\" \/>\n<meta property=\"og:description\" content=\"Lys upp ditt liv med OSRAM LEDriving k\u00f6r- och arbetsljus OSRAM LEDriving Lightbar SX500-CB lyser upp m\u00f6rka landsv\u00e4gar och skogsv\u00e4gar. Med 18 kraftfulla och h\u00f6gpresterande LED-lampor med l\u00e5ng livsl\u00e4ngd har OSRAM LEDriving Lightbar SX500-CB en r\u00e4ckvidd p\u00e5 upp till 300 meter och ger f\u00f6raren gott om f\u00f6rvarning b\u00e5de p\u00e5 v\u00e4gen och i terr\u00e4ngen. \u00c4ven i [&hellip;]\" \/>\n<meta property=\"og:url\" content=\"https:\/\/xenonkungen.com\/no\/produkt\/ledriving-led-rampe-sx500-cb\/\" \/>\n<meta property=\"og:site_name\" content=\"Xenonkungen\" \/>\n<meta property=\"article:modified_time\" content=\"2026-04-24T16:40:57+00:00\" \/>\n<meta property=\"og:image\" content=\"https:\/\/xenonkungen.com\/wp-content\/uploads\/2025\/04\/178262221-origpic-eda86e.jpg\" \/>\n\t<meta property=\"og:image:width\" content=\"900\" \/>\n\t<meta property=\"og:image:height\" content=\"552\" \/>\n\t<meta property=\"og:image:type\" content=\"image\/jpeg\" \/>\n<meta name=\"twitter:card\" content=\"summary_large_image\" \/>\n<meta name=\"twitter:label1\" content=\"Ansl. lesetid\" \/>\n\t<meta name=\"twitter:data1\" content=\"2 minutter\" \/>\n<script type=\"application\/ld+json\" class=\"yoast-schema-graph\">{\"@context\":\"https:\/\/schema.org\",\"@graph\":[{\"@type\":\"WebPage\",\"@id\":\"https:\/\/xenonkungen.com\/produkt\/ledriving-ledramp-sx500-cb\/\",\"url\":\"https:\/\/xenonkungen.com\/produkt\/ledriving-ledramp-sx500-cb\/\",\"name\":\"LEDriving\u00ae LEDramp SX500-CB - Xenonkungen\",\"isPartOf\":{\"@id\":\"https:\/\/xenonkungen.com\/#website\"},\"primaryImageOfPage\":{\"@id\":\"https:\/\/xenonkungen.com\/produkt\/ledriving-ledramp-sx500-cb\/#primaryimage\"},\"image\":{\"@id\":\"https:\/\/xenonkungen.com\/produkt\/ledriving-ledramp-sx500-cb\/#primaryimage\"},\"thumbnailUrl\":\"https:\/\/xenonkungen.com\/wp-content\/uploads\/2025\/04\/178262221-origpic-eda86e.jpg\",\"datePublished\":\"2025-04-15T09:56:25+00:00\",\"dateModified\":\"2026-04-24T16:40:57+00:00\",\"breadcrumb\":{\"@id\":\"https:\/\/xenonkungen.com\/produkt\/ledriving-ledramp-sx500-cb\/#breadcrumb\"},\"inLanguage\":\"nb-NO\",\"potentialAction\":[{\"@type\":\"ReadAction\",\"target\":[\"https:\/\/xenonkungen.com\/produkt\/ledriving-ledramp-sx500-cb\/\"]}]},{\"@type\":\"ImageObject\",\"inLanguage\":\"nb-NO\",\"@id\":\"https:\/\/xenonkungen.com\/produkt\/ledriving-ledramp-sx500-cb\/#primaryimage\",\"url\":\"https:\/\/xenonkungen.com\/wp-content\/uploads\/2025\/04\/178262221-origpic-eda86e.jpg\",\"contentUrl\":\"https:\/\/xenonkungen.com\/wp-content\/uploads\/2025\/04\/178262221-origpic-eda86e.jpg\",\"width\":900,\"height\":552},{\"@type\":\"BreadcrumbList\",\"@id\":\"https:\/\/xenonkungen.com\/produkt\/ledriving-ledramp-sx500-cb\/#breadcrumb\",\"itemListElement\":[{\"@type\":\"ListItem\",\"position\":1,\"name\":\"Hem\",\"item\":\"https:\/\/xenonkungen.com\/\"},{\"@type\":\"ListItem\",\"position\":2,\"name\":\"Shop\",\"item\":\"https:\/\/xenonkungen.com\/shop\/\"},{\"@type\":\"ListItem\",\"position\":3,\"name\":\"LEDriving\u00ae LEDramp SX500-CB\"}]},{\"@type\":\"WebSite\",\"@id\":\"https:\/\/xenonkungen.com\/#website\",\"url\":\"https:\/\/xenonkungen.com\/\",\"name\":\"Xenonkungen\",\"description\":\"\",\"potentialAction\":[{\"@type\":\"SearchAction\",\"target\":{\"@type\":\"EntryPoint\",\"urlTemplate\":\"https:\/\/xenonkungen.com\/?s={search_term_string}\"},\"query-input\":{\"@type\":\"PropertyValueSpecification\",\"valueRequired\":true,\"valueName\":\"search_term_string\"}}],\"inLanguage\":\"nb-NO\"}]}<\/script>\n<!-- \/ Yoast SEO plugin. -->","yoast_head_json":{"title":"LEDriving\u00ae LEDramp SX500-CB \u2013 Xenon-kongen","robots":{"index":"index","follow":"follow","max-snippet":"max-snippet:-1","max-image-preview":"max-image-preview:large","max-video-preview":"max-video-preview:-1"},"canonical":"https:\/\/xenonkungen.com\/no\/produkt\/ledriving-led-rampe-sx500-cb\/","og_locale":"nb_NO","og_type":"article","og_title":"LEDriving\u00ae LEDramp SX500-CB  - Xenonkungen","og_description":"Lys upp ditt liv med OSRAM LEDriving k\u00f6r- och arbetsljus OSRAM LEDriving Lightbar SX500-CB lyser upp m\u00f6rka landsv\u00e4gar och skogsv\u00e4gar. Med 18 kraftfulla och h\u00f6gpresterande LED-lampor med l\u00e5ng livsl\u00e4ngd har OSRAM LEDriving Lightbar SX500-CB en r\u00e4ckvidd p\u00e5 upp till 300 meter och ger f\u00f6raren gott om f\u00f6rvarning b\u00e5de p\u00e5 v\u00e4gen och i terr\u00e4ngen. \u00c4ven i [&hellip;]","og_url":"https:\/\/xenonkungen.com\/no\/produkt\/ledriving-led-rampe-sx500-cb\/","og_site_name":"Xenonkungen","article_modified_time":"2026-04-24T16:40:57+00:00","og_image":[{"width":900,"height":552,"url":"https:\/\/xenonkungen.com\/wp-content\/uploads\/2025\/04\/178262221-origpic-eda86e.jpg","type":"image\/jpeg"}],"twitter_card":"summary_large_image","twitter_misc":{"Ansl. lesetid":"2 minutter"},"schema":{"@context":"https:\/\/schema.org","@graph":[{"@type":"WebPage","@id":"https:\/\/xenonkungen.com\/produkt\/ledriving-ledramp-sx500-cb\/","url":"https:\/\/xenonkungen.com\/produkt\/ledriving-ledramp-sx500-cb\/","name":"LEDriving\u00ae LEDramp SX500-CB \u2013 Xenon-kongen","isPartOf":{"@id":"https:\/\/xenonkungen.com\/#website"},"primaryImageOfPage":{"@id":"https:\/\/xenonkungen.com\/produkt\/ledriving-ledramp-sx500-cb\/#primaryimage"},"image":{"@id":"https:\/\/xenonkungen.com\/produkt\/ledriving-ledramp-sx500-cb\/#primaryimage"},"thumbnailUrl":"https:\/\/xenonkungen.com\/wp-content\/uploads\/2025\/04\/178262221-origpic-eda86e.jpg","datePublished":"2025-04-15T09:56:25+00:00","dateModified":"2026-04-24T16:40:57+00:00","breadcrumb":{"@id":"https:\/\/xenonkungen.com\/produkt\/ledriving-ledramp-sx500-cb\/#breadcrumb"},"inLanguage":"nb-NO","potentialAction":[{"@type":"ReadAction","target":["https:\/\/xenonkungen.com\/produkt\/ledriving-ledramp-sx500-cb\/"]}]},{"@type":"ImageObject","inLanguage":"nb-NO","@id":"https:\/\/xenonkungen.com\/produkt\/ledriving-ledramp-sx500-cb\/#primaryimage","url":"https:\/\/xenonkungen.com\/wp-content\/uploads\/2025\/04\/178262221-origpic-eda86e.jpg","contentUrl":"https:\/\/xenonkungen.com\/wp-content\/uploads\/2025\/04\/178262221-origpic-eda86e.jpg","width":900,"height":552},{"@type":"BreadcrumbList","@id":"https:\/\/xenonkungen.com\/produkt\/ledriving-ledramp-sx500-cb\/#breadcrumb","itemListElement":[{"@type":"ListItem","position":1,"name":"Hem","item":"https:\/\/xenonkungen.com\/"},{"@type":"ListItem","position":2,"name":"Shop","item":"https:\/\/xenonkungen.com\/shop\/"},{"@type":"ListItem","position":3,"name":"LEDriving\u00ae LEDramp SX500-CB"}]},{"@type":"WebSite","@id":"https:\/\/xenonkungen.com\/#website","url":"https:\/\/xenonkungen.com\/","name":"Xenonkungen","description":"","potentialAction":[{"@type":"SearchAction","target":{"@type":"EntryPoint","urlTemplate":"https:\/\/xenonkungen.com\/?s={search_term_string}"},"query-input":{"@type":"PropertyValueSpecification","valueRequired":true,"valueName":"search_term_string"}}],"inLanguage":"nb-NO"}]}},"taxonomy_info":{"product_brand":[{"value":108,"label":"OSRAM"}],"product_cat":[{"value":2966,"label":"Ledramp Rak"},{"value":2539,"label":"LEDRAMPER"},{"value":2640,"label":"OSRAM Ledriving Serie"},{"value":2183,"label":"OSRAM LEDriving\u00ae"}],"pa_faktisk-effekts-forbrukning":[{"value":695,"label":"45"}],"pa_fargtemperatur":[{"value":1428,"label":"6000"}],"pa_fuktskydd-varde-ipxx":[{"value":960,"label":"IP69"}],"pa_godkannande":[{"value":1930,"label":"E4, ECE R10, R112"}],"pa_lampsockel-kontakt":[{"value":324,"label":"Open Wire"}],"pa_storlek-mm":[{"value":1939,"label":"61.5x38x556"}],"pa_volt-v":[{"value":348,"label":"12, 24"}]},"featured_image_src_large":["https:\/\/xenonkungen.com\/wp-content\/uploads\/2025\/04\/178262221-origpic-eda86e.jpg",900,552,false],"author_info":[],"comment_info":0,"_links":{"self":[{"href":"https:\/\/xenonkungen.com\/no\/wp-json\/wp\/v2\/product\/7505","targetHints":{"allow":["GET"]}}],"collection":[{"href":"https:\/\/xenonkungen.com\/no\/wp-json\/wp\/v2\/product"}],"about":[{"href":"https:\/\/xenonkungen.com\/no\/wp-json\/wp\/v2\/types\/product"}],"replies":[{"embeddable":true,"href":"https:\/\/xenonkungen.com\/no\/wp-json\/wp\/v2\/comments?post=7505"}],"wp:featuredmedia":[{"embeddable":true,"href":"https:\/\/xenonkungen.com\/no\/wp-json\/wp\/v2\/media\/7506"}],"wp:attachment":[{"href":"https:\/\/xenonkungen.com\/no\/wp-json\/wp\/v2\/media?parent=7505"}],"wp:term":[{"taxonomy":"anvandningsomrade","embeddable":true,"href":"https:\/\/xenonkungen.com\/no\/wp-json\/wp\/v2\/anvandningsomrade?post=7505"},{"taxonomy":"bilmarken","embeddable":true,"href":"https:\/\/xenonkungen.com\/no\/wp-json\/wp\/v2\/bilmarken?post=7505"},{"taxonomy":"product_brand","embeddable":true,"href":"https:\/\/xenonkungen.com\/no\/wp-json\/wp\/v2\/product_brand?post=7505"},{"taxonomy":"product_cat","embeddable":true,"href":"https:\/\/xenonkungen.com\/no\/wp-json\/wp\/v2\/product_cat?post=7505"},{"taxonomy":"product_tag","embeddable":true,"href":"https:\/\/xenonkungen.com\/no\/wp-json\/wp\/v2\/product_tag?post=7505"}],"curies":[{"name":"wp","href":"https:\/\/api.w.org\/{rel}","templated":true}]}}