{"id":7547,"date":"2025-04-15T09:56:39","date_gmt":"2025-04-15T09:56:39","guid":{"rendered":"https:\/\/xenonkungen.com\/product\/ledriving-cube-mx240-cb\/"},"modified":"2025-12-10T14:49:12","modified_gmt":"2025-12-10T13:49:12","slug":"ledriving-cube-mx240-cb","status":"publish","type":"product","link":"https:\/\/xenonkungen.com\/no\/produkt\/ledriving-cube-mx240-cb\/","title":{"rendered":"LEDriving\u00ae CUBE MX240-CB"},"content":{"rendered":"<h2>Lys opp livet ditt med OSRAM LEDriving Extra Light<\/h2>\n<p>OSRAM LEDriving Cube MX240-CB lyser opp m\u00f8rke landeveier og skogsstier. OSRAM LEDriving Cube MX240-CB har 16 kraftige LED-lamper med lang levetid og h\u00f8y ytelse, og har en rekkevidde p\u00e5 opptil 430 meter, noe som gir f\u00f8reren god varsling b\u00e5de p\u00e5 veien og i terrenget. <\/p>\n<p>Selv under d\u00e5rlige lysforhold gir OSRAM LEDriving Cube MX240-CB et dagslyslignende milj\u00f8 takket v\u00e6re en fargetemperatur p\u00e5 opptil 6 000 Kelvin. Den intense lysstr\u00f8mmen p\u00e5 opptil 4 000 lumen kombineres med sv\u00e6rt h\u00f8y optisk effektivitet og jevn lysfordeling. Dette gj\u00f8r at du ser bedre og at kj\u00f8ret\u00f8yet ditt lettere blir oppfattet av andre trafikanter, noe som bidrar til \u00f8kt trafikksikkerhet b\u00e5de p\u00e5 veien og i terrenget.<\/p>\n<p>P\u00e5 veien eller i terrenget? <br \/>OSRAM LEDriving Cube MX240-CB imponerer med sin kraftige ytelse og lange levetid p\u00e5 opptil 5 000 timer. Den allsidige lampen t\u00e5ler t\u00f8ffe milj\u00f8forhold takket v\u00e6re materialer av h\u00f8y kvalitet, som et aluminiumshus og en robust polykarbonatlinse, og den er b\u00e5de lett og slitesterk. <\/p>\n<p>OSRAM LEDriving Cube MX240-CB er testet i v\u00e5rt DIN-sertifiserte milj\u00f8simuleringslaboratorium for ekstreme ytre forhold som vann, st\u00f8v, st\u00f8t, h\u00f8ye og lave temperaturer og permanente vibrasjoner, og er validert med beskyttelsesklasse IP69K. Et integrert driv- og varmestyringssystem regulerer LED-lysbjelkens temperatur og forhindrer skader som f\u00f8lge av overoppheting. Polaritetsbeskyttelse forhindrer feil polaritet i str\u00f8mforsyningen og forebygger potensielle skader ved \u00e5 sl\u00e5 av LED-lampene automatisk. <\/p>\n<p>P\u00e5 veien eller i terrenget? <br \/>OSRAM LEDriving Cube MX240-CB er en effektiv oppgradering for kj\u00f8ret\u00f8yet ditt. De ECE-sertifiserte LED-kj\u00f8relysene krever ingen omregistrering og ingen tillegg til kj\u00f8ret\u00f8yets dokumentasjon.<br \/>ECEs referansenummer: 50<br \/>OSRAM LEDriving Cube MX240-CB kan monteres p\u00e5 biler, lastebiler, landbruksmaskiner, nyttekj\u00f8ret\u00f8y, anleggskj\u00f8ret\u00f8y, skogsmaskiner, campingvogner, terrengkj\u00f8ret\u00f8y og firehjulinger.<\/p>\n<p>OSRAM LEDriving Cube MX240-CB er allsidig og fleksibel.<\/p>\n<p>OSRAM LEDriving ekstralys er ECE-godkjent og kan derfor monteres og deretter brukes p\u00e5 offentlig vei. <br \/><strong>NB:<\/strong> Spesielle monteringsregler gjelder. I tillegg til ECE-godkjenningen m\u00e5 individuelle s\u00e6rkrav og lovgivning i de enkelte landene overholdes.<\/p>","protected":false},"excerpt":{"rendered":"<p>Kvadratiske, kraftige ekstralys fra Osram!<\/p>","protected":false},"featured_media":7548,"comment_status":"closed","ping_status":"open","template":"","meta":{"_acf_changed":false,"_smort_price_nok":"4710","_smort_price_dkk":"2992","_smort_price_eur":"400.89","_smort_sale_price_nok":"","_smort_sale_price_dkk":"","_smort_sale_price_eur":"","smort_restorder":"","shipmondo_restorder":"","_kad_blocks_custom_css":"","_kad_blocks_head_custom_js":"","_kad_blocks_body_custom_js":"","_kad_blocks_footer_custom_js":"","smort_custom_pricelist_1":"2822.4","smort_custom_pricelist_2":"2822.4","smort_custom_pricelist_3":"2681.28","smort_custom_pricelist_4":"3528","smort_custom_pricelist_5":"2822.4"},"anvandningsomrade":[],"bilmarken":[],"product_brand":[108],"product_cat":[142],"product_tag":[],"class_list":{"0":"post-7547","1":"product","2":"type-product","3":"status-publish","4":"has-post-thumbnail","6":"product_brand-osram","7":"product_cat-extraljus","8":"pa_faktisk-effekts-forbrukning-1694","9":"pa_fargtemperatur-1428","10":"pa_fuktskydd-varde-ipxx-ip69k","11":"pa_godkannande-e4-ece-r10-r1-12-r7","12":"pa_lampsockel-kontakt-open-wire","13":"pa_storlek-mm-169x134x241","14":"pa_volt-v-12-24","16":"first","17":"onbackorder","18":"taxable","19":"shipping-taxable","20":"purchasable","21":"product-type-simple"},"bundled_by":[],"bundle_stock_status":"onbackorder","bundle_stock_quantity":0,"bundle_virtual":false,"bundle_layout":"","bundle_add_to_cart_form_location":"","bundle_editable_in_cart":false,"bundle_sold_individually_context":"","bundle_item_grouping":"","bundle_min_size":"","bundle_max_size":"","bundle_price":[],"bundled_items":[],"bundle_sell_ids":[],"acf":[],"yoast_head":"<!-- This site is optimized with the Yoast SEO plugin v27.0 - https:\/\/yoast.com\/product\/yoast-seo-wordpress\/ -->\n<title>LEDriving\u00ae CUBE MX240-CB - Xenonkungen<\/title>\n<meta name=\"robots\" content=\"index, follow, max-snippet:-1, max-image-preview:large, max-video-preview:-1\" \/>\n<link rel=\"canonical\" href=\"https:\/\/xenonkungen.com\/no\/produkt\/ledriving-cube-mx240-cb\/\" \/>\n<meta property=\"og:locale\" content=\"nb_NO\" \/>\n<meta property=\"og:type\" content=\"article\" \/>\n<meta property=\"og:title\" content=\"LEDriving\u00ae CUBE MX240-CB - Xenonkungen\" \/>\n<meta property=\"og:description\" content=\"Fyrkantiga kraftfulla Extraljus fr\u00e5n Osram!\" \/>\n<meta property=\"og:url\" content=\"https:\/\/xenonkungen.com\/no\/produkt\/ledriving-cube-mx240-cb\/\" \/>\n<meta property=\"og:site_name\" content=\"Xenonkungen\" \/>\n<meta property=\"article:modified_time\" content=\"2025-12-10T13:49:12+00:00\" \/>\n<meta property=\"og:image\" content=\"https:\/\/xenonkungen.com\/wp-content\/uploads\/2025\/04\/178265649-origpic-d1ff8b.jpg\" \/>\n\t<meta property=\"og:image:width\" content=\"900\" \/>\n\t<meta property=\"og:image:height\" content=\"900\" \/>\n\t<meta property=\"og:image:type\" content=\"image\/jpeg\" \/>\n<meta name=\"twitter:card\" content=\"summary_large_image\" \/>\n<meta name=\"twitter:label1\" content=\"Ansl. lesetid\" \/>\n\t<meta name=\"twitter:data1\" content=\"2 minutter\" \/>\n<script type=\"application\/ld+json\" class=\"yoast-schema-graph\">{\"@context\":\"https:\/\/schema.org\",\"@graph\":[{\"@type\":\"WebPage\",\"@id\":\"https:\/\/xenonkungen.com\/produkt\/ledriving-cube-mx240-cb\/\",\"url\":\"https:\/\/xenonkungen.com\/produkt\/ledriving-cube-mx240-cb\/\",\"name\":\"LEDriving\u00ae CUBE MX240-CB - Xenonkungen\",\"isPartOf\":{\"@id\":\"https:\/\/xenonkungen.com\/#website\"},\"primaryImageOfPage\":{\"@id\":\"https:\/\/xenonkungen.com\/produkt\/ledriving-cube-mx240-cb\/#primaryimage\"},\"image\":{\"@id\":\"https:\/\/xenonkungen.com\/produkt\/ledriving-cube-mx240-cb\/#primaryimage\"},\"thumbnailUrl\":\"https:\/\/xenonkungen.com\/wp-content\/uploads\/2025\/04\/178265649-origpic-d1ff8b.jpg\",\"datePublished\":\"2025-04-15T09:56:39+00:00\",\"dateModified\":\"2025-12-10T13:49:12+00:00\",\"breadcrumb\":{\"@id\":\"https:\/\/xenonkungen.com\/produkt\/ledriving-cube-mx240-cb\/#breadcrumb\"},\"inLanguage\":\"nb-NO\",\"potentialAction\":[{\"@type\":\"ReadAction\",\"target\":[\"https:\/\/xenonkungen.com\/produkt\/ledriving-cube-mx240-cb\/\"]}]},{\"@type\":\"ImageObject\",\"inLanguage\":\"nb-NO\",\"@id\":\"https:\/\/xenonkungen.com\/produkt\/ledriving-cube-mx240-cb\/#primaryimage\",\"url\":\"https:\/\/xenonkungen.com\/wp-content\/uploads\/2025\/04\/178265649-origpic-d1ff8b.jpg\",\"contentUrl\":\"https:\/\/xenonkungen.com\/wp-content\/uploads\/2025\/04\/178265649-origpic-d1ff8b.jpg\",\"width\":900,\"height\":900},{\"@type\":\"BreadcrumbList\",\"@id\":\"https:\/\/xenonkungen.com\/produkt\/ledriving-cube-mx240-cb\/#breadcrumb\",\"itemListElement\":[{\"@type\":\"ListItem\",\"position\":1,\"name\":\"Hem\",\"item\":\"https:\/\/xenonkungen.com\/\"},{\"@type\":\"ListItem\",\"position\":2,\"name\":\"Shop\",\"item\":\"https:\/\/xenonkungen.com\/shop\/\"},{\"@type\":\"ListItem\",\"position\":3,\"name\":\"LEDriving\u00ae CUBE MX240-CB\"}]},{\"@type\":\"WebSite\",\"@id\":\"https:\/\/xenonkungen.com\/#website\",\"url\":\"https:\/\/xenonkungen.com\/\",\"name\":\"Xenonkungen\",\"description\":\"\",\"potentialAction\":[{\"@type\":\"SearchAction\",\"target\":{\"@type\":\"EntryPoint\",\"urlTemplate\":\"https:\/\/xenonkungen.com\/?s={search_term_string}\"},\"query-input\":{\"@type\":\"PropertyValueSpecification\",\"valueRequired\":true,\"valueName\":\"search_term_string\"}}],\"inLanguage\":\"nb-NO\"}]}<\/script>\n<!-- \/ Yoast SEO plugin. -->","yoast_head_json":{"title":"LEDriving\u00ae CUBE MX240-CB \u2013 Xenon-kongen","robots":{"index":"index","follow":"follow","max-snippet":"max-snippet:-1","max-image-preview":"max-image-preview:large","max-video-preview":"max-video-preview:-1"},"canonical":"https:\/\/xenonkungen.com\/no\/produkt\/ledriving-cube-mx240-cb\/","og_locale":"nb_NO","og_type":"article","og_title":"LEDriving\u00ae CUBE MX240-CB - Xenonkungen","og_description":"Fyrkantiga kraftfulla Extraljus fr\u00e5n Osram!","og_url":"https:\/\/xenonkungen.com\/no\/produkt\/ledriving-cube-mx240-cb\/","og_site_name":"Xenonkungen","article_modified_time":"2025-12-10T13:49:12+00:00","og_image":[{"width":900,"height":900,"url":"https:\/\/xenonkungen.com\/wp-content\/uploads\/2025\/04\/178265649-origpic-d1ff8b.jpg","type":"image\/jpeg"}],"twitter_card":"summary_large_image","twitter_misc":{"Ansl. lesetid":"2 minutter"},"schema":{"@context":"https:\/\/schema.org","@graph":[{"@type":"WebPage","@id":"https:\/\/xenonkungen.com\/produkt\/ledriving-cube-mx240-cb\/","url":"https:\/\/xenonkungen.com\/produkt\/ledriving-cube-mx240-cb\/","name":"LEDriving\u00ae CUBE MX240-CB \u2013 Xenon-kongen","isPartOf":{"@id":"https:\/\/xenonkungen.com\/#website"},"primaryImageOfPage":{"@id":"https:\/\/xenonkungen.com\/produkt\/ledriving-cube-mx240-cb\/#primaryimage"},"image":{"@id":"https:\/\/xenonkungen.com\/produkt\/ledriving-cube-mx240-cb\/#primaryimage"},"thumbnailUrl":"https:\/\/xenonkungen.com\/wp-content\/uploads\/2025\/04\/178265649-origpic-d1ff8b.jpg","datePublished":"2025-04-15T09:56:39+00:00","dateModified":"2025-12-10T13:49:12+00:00","breadcrumb":{"@id":"https:\/\/xenonkungen.com\/produkt\/ledriving-cube-mx240-cb\/#breadcrumb"},"inLanguage":"nb-NO","potentialAction":[{"@type":"ReadAction","target":["https:\/\/xenonkungen.com\/produkt\/ledriving-cube-mx240-cb\/"]}]},{"@type":"ImageObject","inLanguage":"nb-NO","@id":"https:\/\/xenonkungen.com\/produkt\/ledriving-cube-mx240-cb\/#primaryimage","url":"https:\/\/xenonkungen.com\/wp-content\/uploads\/2025\/04\/178265649-origpic-d1ff8b.jpg","contentUrl":"https:\/\/xenonkungen.com\/wp-content\/uploads\/2025\/04\/178265649-origpic-d1ff8b.jpg","width":900,"height":900},{"@type":"BreadcrumbList","@id":"https:\/\/xenonkungen.com\/produkt\/ledriving-cube-mx240-cb\/#breadcrumb","itemListElement":[{"@type":"ListItem","position":1,"name":"Hem","item":"https:\/\/xenonkungen.com\/"},{"@type":"ListItem","position":2,"name":"Shop","item":"https:\/\/xenonkungen.com\/shop\/"},{"@type":"ListItem","position":3,"name":"LEDriving\u00ae CUBE MX240-CB"}]},{"@type":"WebSite","@id":"https:\/\/xenonkungen.com\/#website","url":"https:\/\/xenonkungen.com\/","name":"Xenonkungen","description":"","potentialAction":[{"@type":"SearchAction","target":{"@type":"EntryPoint","urlTemplate":"https:\/\/xenonkungen.com\/?s={search_term_string}"},"query-input":{"@type":"PropertyValueSpecification","valueRequired":true,"valueName":"search_term_string"}}],"inLanguage":"nb-NO"}]}},"taxonomy_info":{"product_brand":[{"value":108,"label":"OSRAM"}],"product_cat":[{"value":142,"label":"Extraljus"}],"pa_faktisk-effekts-forbrukning":[{"value":1694,"label":"70"}],"pa_fargtemperatur":[{"value":1428,"label":"6000"}],"pa_fuktskydd-varde-ipxx":[{"value":155,"label":"IP69K"}],"pa_godkannande":[{"value":1952,"label":"E4, ECE R10, R1 12 , R7"}],"pa_lampsockel-kontakt":[{"value":324,"label":"Open Wire"}],"pa_storlek-mm":[{"value":1951,"label":"169x134x241"}],"pa_volt-v":[{"value":348,"label":"12, 24"}]},"featured_image_src_large":["https:\/\/xenonkungen.com\/wp-content\/uploads\/2025\/04\/178265649-origpic-d1ff8b.jpg",900,900,false],"author_info":[],"comment_info":0,"_links":{"self":[{"href":"https:\/\/xenonkungen.com\/no\/wp-json\/wp\/v2\/product\/7547","targetHints":{"allow":["GET"]}}],"collection":[{"href":"https:\/\/xenonkungen.com\/no\/wp-json\/wp\/v2\/product"}],"about":[{"href":"https:\/\/xenonkungen.com\/no\/wp-json\/wp\/v2\/types\/product"}],"replies":[{"embeddable":true,"href":"https:\/\/xenonkungen.com\/no\/wp-json\/wp\/v2\/comments?post=7547"}],"wp:featuredmedia":[{"embeddable":true,"href":"https:\/\/xenonkungen.com\/no\/wp-json\/wp\/v2\/media\/7548"}],"wp:attachment":[{"href":"https:\/\/xenonkungen.com\/no\/wp-json\/wp\/v2\/media?parent=7547"}],"wp:term":[{"taxonomy":"anvandningsomrade","embeddable":true,"href":"https:\/\/xenonkungen.com\/no\/wp-json\/wp\/v2\/anvandningsomrade?post=7547"},{"taxonomy":"bilmarken","embeddable":true,"href":"https:\/\/xenonkungen.com\/no\/wp-json\/wp\/v2\/bilmarken?post=7547"},{"taxonomy":"product_brand","embeddable":true,"href":"https:\/\/xenonkungen.com\/no\/wp-json\/wp\/v2\/product_brand?post=7547"},{"taxonomy":"product_cat","embeddable":true,"href":"https:\/\/xenonkungen.com\/no\/wp-json\/wp\/v2\/product_cat?post=7547"},{"taxonomy":"product_tag","embeddable":true,"href":"https:\/\/xenonkungen.com\/no\/wp-json\/wp\/v2\/product_tag?post=7547"}],"curies":[{"name":"wp","href":"https:\/\/api.w.org\/{rel}","templated":true}]}}