{"id":7560,"date":"2025-04-15T09:57:00","date_gmt":"2025-04-15T09:57:00","guid":{"rendered":"https:\/\/xenonkungen.com\/product\/ledriving-ledramp-vx500-sp\/"},"modified":"2026-04-24T17:41:10","modified_gmt":"2026-04-24T16:41:10","slug":"led-rampe-vx500-sp","status":"publish","type":"product","link":"https:\/\/xenonkungen.com\/no\/produkt\/led-rampe-vx500-sp\/","title":{"rendered":"LEDriving\u00ae LEDrampe VX500-SP <53cm>"},"content":{"rendered":"<h1>Lys opp livet ditt med OSRAM LEDriving kj\u00f8re- og arbeidslys<\/h1>\n<p>OSRAM LEDriving Lightbar VX500-SP lyser opp m\u00f8rke landeveier og skogsbilveier. <\/p>\n<p>OSRAM LEDriving Lightbar VX500-SP har 18 kraftige og h\u00f8ytytende LED-lamper med lang levetid, og har en rekkevidde p\u00e5 opptil 415 meter, noe som gir sj\u00e5f\u00f8rene mange advarsler b\u00e5de p\u00e5 veien og i terrenget. Selv under d\u00e5rlige lysforhold gir OSRAM LEDriving Lightbar VX500-SP et dagslyslignende milj\u00f8 takket v\u00e6re en fargetemperatur p\u00e5 opptil 6 000 Kelvin. Den intense lysstr\u00f8mmen p\u00e5 opptil 2 800 lumen er kombinert med sv\u00e6rt h\u00f8y optisk effektivitet og jevn lysfordeling. Dette gj\u00f8r at du ser bedre og at kj\u00f8ret\u00f8yet ditt lettere blir oppfattet av andre trafikanter, noe som bidrar til \u00f8kt trafikksikkerhet b\u00e5de p\u00e5 veien og i terrenget.<\/p>\n<p>P\u00e5 veien eller i terrenget? <br \/>OSRAM LEDriving Lightbar VX500-SP imponerer med sin kraftige ytelse og lange levetid p\u00e5 opptil 5 000 timer. Den allsidige lykten t\u00e5ler t\u00f8ffe milj\u00f8forhold takket v\u00e6re materialer av h\u00f8y kvalitet, som et aluminiumshus og en robust polykarbonatlinse, og er b\u00e5de lett og slitesterk. OSRAM LEDriving Lightbar VX500-SP er testet i v\u00e5rt DIN-sertifiserte milj\u00f8simuleringslaboratorium for ekstreme ytre forhold som vann, st\u00f8v, st\u00f8t, h\u00f8ye og lave temperaturer og permanente vibrasjoner, og er validert med beskyttelsesklasse IP67. Et integrert driver- og varmestyringssystem regulerer LED-lysbjelkens temperatur og forhindrer skader som f\u00f8lge av overoppheting. Polaritetsbeskyttelse forhindrer feil polaritet i str\u00f8mforsyningen og forebygger potensielle skader ved \u00e5 sl\u00e5 av LED-lampene automatisk.<\/p>\n<p>P\u00e5 veien eller i terrenget? <br \/>OSRAM LED-kj\u00f8relysrampen VX500-SP er en effektiv oppgradering for kj\u00f8ret\u00f8yet ditt. De ECE-sertifiserte LED-kj\u00f8relysene krever ingen omregistrering og ingen tillegg i kj\u00f8ret\u00f8yets dokumentasjon.<br \/>ECEs referansenummer: 50<\/p>\n<p>OSRAM LEDriving Lightbar VX500-SP kan monteres p\u00e5 biler, lastebiler, landbruksmaskiner, nyttekj\u00f8ret\u00f8y, anleggskj\u00f8ret\u00f8y, skogsmaskiner, campingvogner, terrengkj\u00f8ret\u00f8y og firehjulinger2).<br \/>OSRAM LEDriving VX500-SP er allsidig og fleksibel.<\/p>","protected":false},"excerpt":{"rendered":"<p>Spotlight-rampe fra velkjente Osram med spotlight-bilde. Gir deg 1 lux p\u00e5 415 meters avstand!<\/p>","protected":false},"featured_media":7561,"comment_status":"closed","ping_status":"open","template":"","meta":{"_acf_changed":false,"_smort_price_nok":"1688","_smort_price_dkk":"1072","_smort_price_eur":"143.63","_smort_sale_price_nok":"","_smort_sale_price_dkk":"","_smort_sale_price_eur":"","smort_restorder":"","shipmondo_restorder":"","_kad_blocks_custom_css":"","_kad_blocks_head_custom_js":"","_kad_blocks_body_custom_js":"","_kad_blocks_footer_custom_js":"","smort_custom_pricelist_1":"1011.2","smort_custom_pricelist_2":"1011.2","smort_custom_pricelist_3":"960.64","smort_custom_pricelist_4":"1264","smort_custom_pricelist_5":"1011.2"},"anvandningsomrade":[],"bilmarken":[],"product_brand":[108],"product_cat":[2966,2539,2640,2183],"product_tag":[],"class_list":{"0":"post-7560","1":"product","2":"type-product","3":"status-publish","4":"has-post-thumbnail","6":"product_brand-osram","7":"product_cat-ledramp-rak","8":"product_cat-ledramper","9":"product_cat-osram-ledriving-ledramper","10":"product_cat-osram-ledriving","11":"pa_faktisk-effekts-forbrukning-385","12":"pa_fargtemperatur-1428","13":"pa_fuktskydd-varde-ipxx-ip67","14":"pa_godkannande-e4-ece-r10-r112","15":"pa_lampsockel-kontakt-oppna-kablar","16":"pa_storlek-mm-36x67x526","17":"pa_volt-v-12-24","19":"first","20":"onbackorder","21":"taxable","22":"shipping-taxable","23":"purchasable","24":"product-type-simple"},"bundled_by":[],"bundle_stock_status":"onbackorder","bundle_stock_quantity":0,"bundle_virtual":false,"bundle_layout":"","bundle_add_to_cart_form_location":"","bundle_editable_in_cart":false,"bundle_sold_individually_context":"","bundle_item_grouping":"","bundle_min_size":"","bundle_max_size":"","bundle_price":[],"bundled_items":[],"bundle_sell_ids":[],"acf":[],"yoast_head":"<!-- This site is optimized with the Yoast SEO plugin v27.0 - https:\/\/yoast.com\/product\/yoast-seo-wordpress\/ -->\n<title>LEDriving\u00ae LEDramp VX500-SP  - Xenonkungen<\/title>\n<meta name=\"robots\" content=\"index, follow, max-snippet:-1, max-image-preview:large, max-video-preview:-1\" \/>\n<link rel=\"canonical\" href=\"https:\/\/xenonkungen.com\/no\/produkt\/led-rampe-vx500-sp\/\" \/>\n<meta property=\"og:locale\" content=\"nb_NO\" \/>\n<meta property=\"og:type\" content=\"article\" \/>\n<meta property=\"og:title\" content=\"LEDriving\u00ae LEDramp VX500-SP  - Xenonkungen\" \/>\n<meta property=\"og:description\" content=\"Spotljusramp fr\u00e5n v\u00e4lk\u00e4nda Osram med en Spotljusbild. Ger er 1 lux p\u00e5 415 meter!\" \/>\n<meta property=\"og:url\" content=\"https:\/\/xenonkungen.com\/no\/produkt\/led-rampe-vx500-sp\/\" \/>\n<meta property=\"og:site_name\" content=\"Xenonkungen\" \/>\n<meta property=\"article:modified_time\" content=\"2026-04-24T16:41:10+00:00\" \/>\n<meta property=\"og:image\" content=\"https:\/\/xenonkungen.com\/wp-content\/uploads\/2025\/04\/178265933-origpic-6a6edd.jpg\" \/>\n\t<meta property=\"og:image:width\" content=\"900\" \/>\n\t<meta property=\"og:image:height\" content=\"900\" \/>\n\t<meta property=\"og:image:type\" content=\"image\/jpeg\" \/>\n<meta name=\"twitter:card\" content=\"summary_large_image\" \/>\n<meta name=\"twitter:label1\" content=\"Ansl. lesetid\" \/>\n\t<meta name=\"twitter:data1\" content=\"2 minutter\" \/>\n<script type=\"application\/ld+json\" class=\"yoast-schema-graph\">{\"@context\":\"https:\/\/schema.org\",\"@graph\":[{\"@type\":\"WebPage\",\"@id\":\"https:\/\/xenonkungen.com\/produkt\/ledriving-ledramp-vx500-sp\/\",\"url\":\"https:\/\/xenonkungen.com\/produkt\/ledriving-ledramp-vx500-sp\/\",\"name\":\"LEDriving\u00ae LEDramp VX500-SP - Xenonkungen\",\"isPartOf\":{\"@id\":\"https:\/\/xenonkungen.com\/#website\"},\"primaryImageOfPage\":{\"@id\":\"https:\/\/xenonkungen.com\/produkt\/ledriving-ledramp-vx500-sp\/#primaryimage\"},\"image\":{\"@id\":\"https:\/\/xenonkungen.com\/produkt\/ledriving-ledramp-vx500-sp\/#primaryimage\"},\"thumbnailUrl\":\"https:\/\/xenonkungen.com\/wp-content\/uploads\/2025\/04\/178265933-origpic-6a6edd.jpg\",\"datePublished\":\"2025-04-15T09:57:00+00:00\",\"dateModified\":\"2026-04-24T16:41:10+00:00\",\"breadcrumb\":{\"@id\":\"https:\/\/xenonkungen.com\/produkt\/ledriving-ledramp-vx500-sp\/#breadcrumb\"},\"inLanguage\":\"nb-NO\",\"potentialAction\":[{\"@type\":\"ReadAction\",\"target\":[\"https:\/\/xenonkungen.com\/produkt\/ledriving-ledramp-vx500-sp\/\"]}]},{\"@type\":\"ImageObject\",\"inLanguage\":\"nb-NO\",\"@id\":\"https:\/\/xenonkungen.com\/produkt\/ledriving-ledramp-vx500-sp\/#primaryimage\",\"url\":\"https:\/\/xenonkungen.com\/wp-content\/uploads\/2025\/04\/178265933-origpic-6a6edd.jpg\",\"contentUrl\":\"https:\/\/xenonkungen.com\/wp-content\/uploads\/2025\/04\/178265933-origpic-6a6edd.jpg\",\"width\":900,\"height\":900},{\"@type\":\"BreadcrumbList\",\"@id\":\"https:\/\/xenonkungen.com\/produkt\/ledriving-ledramp-vx500-sp\/#breadcrumb\",\"itemListElement\":[{\"@type\":\"ListItem\",\"position\":1,\"name\":\"Hem\",\"item\":\"https:\/\/xenonkungen.com\/\"},{\"@type\":\"ListItem\",\"position\":2,\"name\":\"Shop\",\"item\":\"https:\/\/xenonkungen.com\/shop\/\"},{\"@type\":\"ListItem\",\"position\":3,\"name\":\"LEDriving\u00ae LEDramp VX500-SP\"}]},{\"@type\":\"WebSite\",\"@id\":\"https:\/\/xenonkungen.com\/#website\",\"url\":\"https:\/\/xenonkungen.com\/\",\"name\":\"Xenonkungen\",\"description\":\"\",\"potentialAction\":[{\"@type\":\"SearchAction\",\"target\":{\"@type\":\"EntryPoint\",\"urlTemplate\":\"https:\/\/xenonkungen.com\/?s={search_term_string}\"},\"query-input\":{\"@type\":\"PropertyValueSpecification\",\"valueRequired\":true,\"valueName\":\"search_term_string\"}}],\"inLanguage\":\"nb-NO\"}]}<\/script>\n<!-- \/ Yoast SEO plugin. -->","yoast_head_json":{"title":"LEDriving\u00ae LEDramp VX500-SP \u2013 Xenon-kongen","robots":{"index":"index","follow":"follow","max-snippet":"max-snippet:-1","max-image-preview":"max-image-preview:large","max-video-preview":"max-video-preview:-1"},"canonical":"https:\/\/xenonkungen.com\/no\/produkt\/led-rampe-vx500-sp\/","og_locale":"nb_NO","og_type":"article","og_title":"LEDriving\u00ae LEDramp VX500-SP  - Xenonkungen","og_description":"Spotljusramp fr\u00e5n v\u00e4lk\u00e4nda Osram med en Spotljusbild. Ger er 1 lux p\u00e5 415 meter!","og_url":"https:\/\/xenonkungen.com\/no\/produkt\/led-rampe-vx500-sp\/","og_site_name":"Xenonkungen","article_modified_time":"2026-04-24T16:41:10+00:00","og_image":[{"width":900,"height":900,"url":"https:\/\/xenonkungen.com\/wp-content\/uploads\/2025\/04\/178265933-origpic-6a6edd.jpg","type":"image\/jpeg"}],"twitter_card":"summary_large_image","twitter_misc":{"Ansl. lesetid":"2 minutter"},"schema":{"@context":"https:\/\/schema.org","@graph":[{"@type":"WebPage","@id":"https:\/\/xenonkungen.com\/produkt\/ledriving-ledramp-vx500-sp\/","url":"https:\/\/xenonkungen.com\/produkt\/ledriving-ledramp-vx500-sp\/","name":"LEDriving\u00ae LEDramp VX500-SP \u2013 Xenon-kongen","isPartOf":{"@id":"https:\/\/xenonkungen.com\/#website"},"primaryImageOfPage":{"@id":"https:\/\/xenonkungen.com\/produkt\/ledriving-ledramp-vx500-sp\/#primaryimage"},"image":{"@id":"https:\/\/xenonkungen.com\/produkt\/ledriving-ledramp-vx500-sp\/#primaryimage"},"thumbnailUrl":"https:\/\/xenonkungen.com\/wp-content\/uploads\/2025\/04\/178265933-origpic-6a6edd.jpg","datePublished":"2025-04-15T09:57:00+00:00","dateModified":"2026-04-24T16:41:10+00:00","breadcrumb":{"@id":"https:\/\/xenonkungen.com\/produkt\/ledriving-ledramp-vx500-sp\/#breadcrumb"},"inLanguage":"nb-NO","potentialAction":[{"@type":"ReadAction","target":["https:\/\/xenonkungen.com\/produkt\/ledriving-ledramp-vx500-sp\/"]}]},{"@type":"ImageObject","inLanguage":"nb-NO","@id":"https:\/\/xenonkungen.com\/produkt\/ledriving-ledramp-vx500-sp\/#primaryimage","url":"https:\/\/xenonkungen.com\/wp-content\/uploads\/2025\/04\/178265933-origpic-6a6edd.jpg","contentUrl":"https:\/\/xenonkungen.com\/wp-content\/uploads\/2025\/04\/178265933-origpic-6a6edd.jpg","width":900,"height":900},{"@type":"BreadcrumbList","@id":"https:\/\/xenonkungen.com\/produkt\/ledriving-ledramp-vx500-sp\/#breadcrumb","itemListElement":[{"@type":"ListItem","position":1,"name":"Hem","item":"https:\/\/xenonkungen.com\/"},{"@type":"ListItem","position":2,"name":"Shop","item":"https:\/\/xenonkungen.com\/shop\/"},{"@type":"ListItem","position":3,"name":"LEDriving\u00ae LEDramp VX500-SP"}]},{"@type":"WebSite","@id":"https:\/\/xenonkungen.com\/#website","url":"https:\/\/xenonkungen.com\/","name":"Xenonkungen","description":"","potentialAction":[{"@type":"SearchAction","target":{"@type":"EntryPoint","urlTemplate":"https:\/\/xenonkungen.com\/?s={search_term_string}"},"query-input":{"@type":"PropertyValueSpecification","valueRequired":true,"valueName":"search_term_string"}}],"inLanguage":"nb-NO"}]}},"taxonomy_info":{"product_brand":[{"value":108,"label":"OSRAM"}],"product_cat":[{"value":2966,"label":"Ledramp Rak"},{"value":2539,"label":"LEDRAMPER"},{"value":2640,"label":"OSRAM Ledriving Serie"},{"value":2183,"label":"OSRAM LEDriving\u00ae"}],"pa_faktisk-effekts-forbrukning":[{"value":385,"label":"5,4"}],"pa_fargtemperatur":[{"value":1428,"label":"6000"}],"pa_fuktskydd-varde-ipxx":[{"value":333,"label":"IP67"}],"pa_godkannande":[{"value":1930,"label":"E4, ECE R10, R112"}],"pa_lampsockel-kontakt":[{"value":1955,"label":"\u00d6ppna kablar"}],"pa_storlek-mm":[{"value":1954,"label":"36x67x526"}],"pa_volt-v":[{"value":348,"label":"12, 24"}]},"featured_image_src_large":["https:\/\/xenonkungen.com\/wp-content\/uploads\/2025\/04\/178265933-origpic-6a6edd.jpg",900,900,false],"author_info":[],"comment_info":0,"_links":{"self":[{"href":"https:\/\/xenonkungen.com\/no\/wp-json\/wp\/v2\/product\/7560","targetHints":{"allow":["GET"]}}],"collection":[{"href":"https:\/\/xenonkungen.com\/no\/wp-json\/wp\/v2\/product"}],"about":[{"href":"https:\/\/xenonkungen.com\/no\/wp-json\/wp\/v2\/types\/product"}],"replies":[{"embeddable":true,"href":"https:\/\/xenonkungen.com\/no\/wp-json\/wp\/v2\/comments?post=7560"}],"wp:featuredmedia":[{"embeddable":true,"href":"https:\/\/xenonkungen.com\/no\/wp-json\/wp\/v2\/media\/7561"}],"wp:attachment":[{"href":"https:\/\/xenonkungen.com\/no\/wp-json\/wp\/v2\/media?parent=7560"}],"wp:term":[{"taxonomy":"anvandningsomrade","embeddable":true,"href":"https:\/\/xenonkungen.com\/no\/wp-json\/wp\/v2\/anvandningsomrade?post=7560"},{"taxonomy":"bilmarken","embeddable":true,"href":"https:\/\/xenonkungen.com\/no\/wp-json\/wp\/v2\/bilmarken?post=7560"},{"taxonomy":"product_brand","embeddable":true,"href":"https:\/\/xenonkungen.com\/no\/wp-json\/wp\/v2\/product_brand?post=7560"},{"taxonomy":"product_cat","embeddable":true,"href":"https:\/\/xenonkungen.com\/no\/wp-json\/wp\/v2\/product_cat?post=7560"},{"taxonomy":"product_tag","embeddable":true,"href":"https:\/\/xenonkungen.com\/no\/wp-json\/wp\/v2\/product_tag?post=7560"}],"curies":[{"name":"wp","href":"https:\/\/api.w.org\/{rel}","templated":true}]}}