{"id":7584,"date":"2025-04-15T09:57:00","date_gmt":"2025-04-15T09:57:00","guid":{"rendered":"https:\/\/xenonkungen.com\/product\/tyreinflate-cykelpump-2000-fs1\/"},"modified":"2026-05-08T13:33:08","modified_gmt":"2026-05-08T12:33:08","slug":"dekkpumpe-til-sykkel-2000-fs1","status":"publish","type":"product","link":"https:\/\/xenonkungen.com\/no\/produkt\/dekkpumpe-til-sykkel-2000-fs1\/","title":{"rendered":"TYREINFLATE Sykkelpumpe 2000 FS1"},"content":{"rendered":"<h2>OSRAM TYREinflate 2000 - din kompakte og oppladbare dekkpumpe for alle anledninger<\/h2>\n<p>Opplev bekvemmeligheten av <strong>OSRAM TYREinflate 2000<\/strong>, en smart oppladbar dekktrykksm\u00e5ler som gj\u00f8r det enkelt og n\u00f8yaktig \u00e5 pumpe opp dekkene. Med det digitale displayet med bakgrunnsbelysning f\u00e5r du n\u00f8yaktige trykkm\u00e5linger i BAR, kPA og PSI, og med den smarte minnefunksjonen kan du lagre opptil 4 forskjellige dekktrykkverdier. Perfekt for bil-, sykkel-, scooter- og motorsykkeldekk!<\/p>\n<p><strong>Automatisk stopp-funksjon<\/strong> s\u00f8rger for at pumpen automatisk stopper n\u00e5r det riktige trykket er n\u00e5dd, noe som gir deg trygghet og bekvemmelighet hver gang. Med <strong>USB-lading<\/strong> trenger ingen 12 V-kontakt, noe som gj\u00f8r den perfekt for bruk p\u00e5 farten - du trenger ikke lenger bekymre deg for dekktrykket uansett hvor du er!<\/p>\n<p>Takket v\u00e6re den kompakte og lette designen kan du enkelt oppbevare <strong>OSRAM TYREinflate 2000<\/strong> i bilens hanskerom, i en ryggsekk eller med det medf\u00f8lgende sykkelfestet. Den fungerer ogs\u00e5 som en <strong>str\u00f8mbank<\/strong> for elektroniske enheter, slik at du kan lade mobiltelefonen uansett hvor du er. Og med den innebygde lommelykten har du lys selv i m\u00f8rke situasjoner.<\/p>\n<p>Ideell for dekk, baller og andre oppbl\u00e5sbare gjenstander med Presta-ventiler, og et 2-delt adaptersett er inkludert for maksimal bruk.<\/p>\n<h3>Hvorfor velge OSRAM TYREinflate 2000?<\/h3>\n<ul>\n<li><strong>Digital presisjon<\/strong> - F\u00e5 n\u00f8yaktige trykkm\u00e5linger og lagre innstillingene dine<\/li>\n<li><strong>Hitchhiking<\/strong> - Pumpen stopper automatisk ved riktig trykk<\/li>\n<li><strong>USB-oppladbar<\/strong> - Ikke behov for en 12V stikkontakt<\/li>\n<li><strong>Powerbank-funksjon<\/strong> - Lad enhetene dine uansett hvor du er<\/li>\n<li><strong>Kompakt design<\/strong> - Lett \u00e5 ta med seg p\u00e5 reise<\/li>\n<li><strong>Innebygd lommelykt<\/strong> - For belysning i m\u00f8rket<\/li>\n<\/ul>\n<p>Med <strong>OSRAM TYREinflate 2000<\/strong> har du alltid en p\u00e5litelig og allsidig dekktrykker for h\u00e5nden. OSRAM tilbyr ogs\u00e5 <strong>2 \u00e5rs garanti<\/strong>slik at du kan f\u00f8le deg trygg p\u00e5 kj\u00f8pet ditt!<\/p>","protected":false},"excerpt":{"rendered":"<p>Oppdag OSRAM TYREinflate 2000, en kompakt og oppladbar dekktrykker som er perfekt for sykler, motorsykler og biler. Med digital presisjon, automatisk stoppfunksjon og USB-lading er det raskt, enkelt og alltid tilgjengelig n\u00e5r du trenger det.<\/p>","protected":false},"featured_media":7585,"comment_status":"closed","ping_status":"closed","template":"","meta":{"_acf_changed":false,"_smort_price_nok":"641","_smort_price_dkk":"577","_smort_price_eur":"77.27","_smort_sale_price_nok":"641","_smort_sale_price_dkk":"","_smort_sale_price_eur":"","smort_restorder":"","shipmondo_restorder":"","_kad_blocks_custom_css":"","_kad_blocks_head_custom_js":"","_kad_blocks_body_custom_js":"","_kad_blocks_footer_custom_js":"","smort_custom_pricelist_1":"544","smort_custom_pricelist_2":"476","smort_custom_pricelist_3":"442","smort_custom_pricelist_4":"680","smort_custom_pricelist_5":"476"},"anvandningsomrade":[239],"bilmarken":[],"product_brand":[108],"product_cat":[377,1962,1402],"product_tag":[],"class_list":{"0":"post-7584","1":"product","2":"type-product","3":"status-publish","4":"has-post-thumbnail","6":"anvandningsomrade-cykel","7":"product_brand-osram","8":"product_cat-biltillbehor","9":"product_cat-cykel","10":"product_cat-outlet","11":"pa_storlek-mm-170x70x70","13":"first","14":"instock","15":"sale","16":"taxable","17":"shipping-taxable","18":"purchasable","19":"product-type-simple"},"bundled_by":[],"bundle_stock_status":"instock","bundle_stock_quantity":3,"bundle_virtual":false,"bundle_layout":"","bundle_add_to_cart_form_location":"","bundle_editable_in_cart":false,"bundle_sold_individually_context":"","bundle_item_grouping":"","bundle_min_size":"","bundle_max_size":"","bundle_price":[],"bundled_items":[],"bundle_sell_ids":[],"acf":[],"yoast_head":"<!-- This site is optimized with the Yoast SEO plugin v27.0 - https:\/\/yoast.com\/product\/yoast-seo-wordpress\/ -->\n<title>TYREINFLATE Cykelpump 2000 FS1 - Xenonkungen<\/title>\n<meta name=\"robots\" content=\"index, follow, max-snippet:-1, max-image-preview:large, max-video-preview:-1\" \/>\n<link rel=\"canonical\" href=\"https:\/\/xenonkungen.com\/no\/produkt\/dekkpumpe-til-sykkel-2000-fs1\/\" \/>\n<meta property=\"og:locale\" content=\"nb_NO\" \/>\n<meta property=\"og:type\" content=\"article\" \/>\n<meta property=\"og:title\" content=\"TYREINFLATE Cykelpump 2000 FS1 - Xenonkungen\" \/>\n<meta property=\"og:description\" content=\"Uppt\u00e4ck OSRAM TYREinflate 2000, en kompakt och laddningsbar d\u00e4ckpump som \u00e4r perfekt f\u00f6r cyklar, motorcyklar och bilar. Med digital precision, auto-stop-funktion och USB-laddning blir d\u00e4ckpumpningen snabb, enkel och alltid tillg\u00e4nglig n\u00e4r du beh\u00f6ver det.\" \/>\n<meta property=\"og:url\" content=\"https:\/\/xenonkungen.com\/no\/produkt\/dekkpumpe-til-sykkel-2000-fs1\/\" \/>\n<meta property=\"og:site_name\" content=\"Xenonkungen\" \/>\n<meta property=\"article:modified_time\" content=\"2026-05-08T12:33:08+00:00\" \/>\n<meta property=\"og:image\" content=\"https:\/\/xenonkungen.com\/wp-content\/uploads\/2025\/04\/215792521-origpic-249647.jpg\" \/>\n\t<meta property=\"og:image:width\" content=\"912\" \/>\n\t<meta property=\"og:image:height\" content=\"914\" \/>\n\t<meta property=\"og:image:type\" content=\"image\/jpeg\" \/>\n<meta name=\"twitter:card\" content=\"summary_large_image\" \/>\n<meta name=\"twitter:label1\" content=\"Ansl. lesetid\" \/>\n\t<meta name=\"twitter:data1\" content=\"2 minutter\" \/>\n<script type=\"application\/ld+json\" class=\"yoast-schema-graph\">{\"@context\":\"https:\/\/schema.org\",\"@graph\":[{\"@type\":\"WebPage\",\"@id\":\"https:\/\/xenonkungen.com\/produkt\/tyreinflate-cykelpump-2000-fs1\/\",\"url\":\"https:\/\/xenonkungen.com\/produkt\/tyreinflate-cykelpump-2000-fs1\/\",\"name\":\"TYREINFLATE Cykelpump 2000 FS1 - Xenonkungen\",\"isPartOf\":{\"@id\":\"https:\/\/xenonkungen.com\/#website\"},\"primaryImageOfPage\":{\"@id\":\"https:\/\/xenonkungen.com\/produkt\/tyreinflate-cykelpump-2000-fs1\/#primaryimage\"},\"image\":{\"@id\":\"https:\/\/xenonkungen.com\/produkt\/tyreinflate-cykelpump-2000-fs1\/#primaryimage\"},\"thumbnailUrl\":\"https:\/\/xenonkungen.com\/wp-content\/uploads\/2025\/04\/215792521-origpic-249647.jpg\",\"datePublished\":\"2025-04-15T09:57:00+00:00\",\"dateModified\":\"2026-05-08T12:33:08+00:00\",\"breadcrumb\":{\"@id\":\"https:\/\/xenonkungen.com\/produkt\/tyreinflate-cykelpump-2000-fs1\/#breadcrumb\"},\"inLanguage\":\"nb-NO\",\"potentialAction\":[{\"@type\":\"ReadAction\",\"target\":[\"https:\/\/xenonkungen.com\/produkt\/tyreinflate-cykelpump-2000-fs1\/\"]}]},{\"@type\":\"ImageObject\",\"inLanguage\":\"nb-NO\",\"@id\":\"https:\/\/xenonkungen.com\/produkt\/tyreinflate-cykelpump-2000-fs1\/#primaryimage\",\"url\":\"https:\/\/xenonkungen.com\/wp-content\/uploads\/2025\/04\/215792521-origpic-249647.jpg\",\"contentUrl\":\"https:\/\/xenonkungen.com\/wp-content\/uploads\/2025\/04\/215792521-origpic-249647.jpg\",\"width\":912,\"height\":914},{\"@type\":\"BreadcrumbList\",\"@id\":\"https:\/\/xenonkungen.com\/produkt\/tyreinflate-cykelpump-2000-fs1\/#breadcrumb\",\"itemListElement\":[{\"@type\":\"ListItem\",\"position\":1,\"name\":\"Hem\",\"item\":\"https:\/\/xenonkungen.com\/\"},{\"@type\":\"ListItem\",\"position\":2,\"name\":\"Shop\",\"item\":\"https:\/\/xenonkungen.com\/shop\/\"},{\"@type\":\"ListItem\",\"position\":3,\"name\":\"TYREINFLATE Cykelpump 2000 FS1\"}]},{\"@type\":\"WebSite\",\"@id\":\"https:\/\/xenonkungen.com\/#website\",\"url\":\"https:\/\/xenonkungen.com\/\",\"name\":\"Xenonkungen\",\"description\":\"\",\"potentialAction\":[{\"@type\":\"SearchAction\",\"target\":{\"@type\":\"EntryPoint\",\"urlTemplate\":\"https:\/\/xenonkungen.com\/?s={search_term_string}\"},\"query-input\":{\"@type\":\"PropertyValueSpecification\",\"valueRequired\":true,\"valueName\":\"search_term_string\"}}],\"inLanguage\":\"nb-NO\"}]}<\/script>\n<!-- \/ Yoast SEO plugin. -->","yoast_head_json":{"title":"TYREINFLATE Sykkelpumpe 2000 FS1 - Xenon-kongen","robots":{"index":"index","follow":"follow","max-snippet":"max-snippet:-1","max-image-preview":"max-image-preview:large","max-video-preview":"max-video-preview:-1"},"canonical":"https:\/\/xenonkungen.com\/no\/produkt\/dekkpumpe-til-sykkel-2000-fs1\/","og_locale":"nb_NO","og_type":"article","og_title":"TYREINFLATE Cykelpump 2000 FS1 - Xenonkungen","og_description":"Uppt\u00e4ck OSRAM TYREinflate 2000, en kompakt och laddningsbar d\u00e4ckpump som \u00e4r perfekt f\u00f6r cyklar, motorcyklar och bilar. Med digital precision, auto-stop-funktion och USB-laddning blir d\u00e4ckpumpningen snabb, enkel och alltid tillg\u00e4nglig n\u00e4r du beh\u00f6ver det.","og_url":"https:\/\/xenonkungen.com\/no\/produkt\/dekkpumpe-til-sykkel-2000-fs1\/","og_site_name":"Xenonkungen","article_modified_time":"2026-05-08T12:33:08+00:00","og_image":[{"width":912,"height":914,"url":"https:\/\/xenonkungen.com\/wp-content\/uploads\/2025\/04\/215792521-origpic-249647.jpg","type":"image\/jpeg"}],"twitter_card":"summary_large_image","twitter_misc":{"Ansl. lesetid":"2 minutter"},"schema":{"@context":"https:\/\/schema.org","@graph":[{"@type":"WebPage","@id":"https:\/\/xenonkungen.com\/produkt\/tyreinflate-cykelpump-2000-fs1\/","url":"https:\/\/xenonkungen.com\/produkt\/tyreinflate-cykelpump-2000-fs1\/","name":"TYREINFLATE Sykkelpumpe 2000 FS1 - Xenon-kongen","isPartOf":{"@id":"https:\/\/xenonkungen.com\/#website"},"primaryImageOfPage":{"@id":"https:\/\/xenonkungen.com\/produkt\/tyreinflate-cykelpump-2000-fs1\/#primaryimage"},"image":{"@id":"https:\/\/xenonkungen.com\/produkt\/tyreinflate-cykelpump-2000-fs1\/#primaryimage"},"thumbnailUrl":"https:\/\/xenonkungen.com\/wp-content\/uploads\/2025\/04\/215792521-origpic-249647.jpg","datePublished":"2025-04-15T09:57:00+00:00","dateModified":"2026-05-08T12:33:08+00:00","breadcrumb":{"@id":"https:\/\/xenonkungen.com\/produkt\/tyreinflate-cykelpump-2000-fs1\/#breadcrumb"},"inLanguage":"nb-NO","potentialAction":[{"@type":"ReadAction","target":["https:\/\/xenonkungen.com\/produkt\/tyreinflate-cykelpump-2000-fs1\/"]}]},{"@type":"ImageObject","inLanguage":"nb-NO","@id":"https:\/\/xenonkungen.com\/produkt\/tyreinflate-cykelpump-2000-fs1\/#primaryimage","url":"https:\/\/xenonkungen.com\/wp-content\/uploads\/2025\/04\/215792521-origpic-249647.jpg","contentUrl":"https:\/\/xenonkungen.com\/wp-content\/uploads\/2025\/04\/215792521-origpic-249647.jpg","width":912,"height":914},{"@type":"BreadcrumbList","@id":"https:\/\/xenonkungen.com\/produkt\/tyreinflate-cykelpump-2000-fs1\/#breadcrumb","itemListElement":[{"@type":"ListItem","position":1,"name":"Hem","item":"https:\/\/xenonkungen.com\/"},{"@type":"ListItem","position":2,"name":"Shop","item":"https:\/\/xenonkungen.com\/shop\/"},{"@type":"ListItem","position":3,"name":"TYREINFLATE Cykelpump 2000 FS1"}]},{"@type":"WebSite","@id":"https:\/\/xenonkungen.com\/#website","url":"https:\/\/xenonkungen.com\/","name":"Xenonkungen","description":"","potentialAction":[{"@type":"SearchAction","target":{"@type":"EntryPoint","urlTemplate":"https:\/\/xenonkungen.com\/?s={search_term_string}"},"query-input":{"@type":"PropertyValueSpecification","valueRequired":true,"valueName":"search_term_string"}}],"inLanguage":"nb-NO"}]}},"taxonomy_info":{"anvandningsomrade":[{"value":239,"label":"Cykel"}],"product_brand":[{"value":108,"label":"OSRAM"}],"product_cat":[{"value":377,"label":"Biltillbeh\u00f6r"},{"value":1962,"label":"Cykel"},{"value":1402,"label":"Outlet"}],"pa_storlek-mm":[{"value":1960,"label":"170x70x70"}]},"featured_image_src_large":["https:\/\/xenonkungen.com\/wp-content\/uploads\/2025\/04\/215792521-origpic-249647.jpg",912,914,false],"author_info":[],"comment_info":1,"_links":{"self":[{"href":"https:\/\/xenonkungen.com\/no\/wp-json\/wp\/v2\/product\/7584","targetHints":{"allow":["GET"]}}],"collection":[{"href":"https:\/\/xenonkungen.com\/no\/wp-json\/wp\/v2\/product"}],"about":[{"href":"https:\/\/xenonkungen.com\/no\/wp-json\/wp\/v2\/types\/product"}],"replies":[{"embeddable":true,"href":"https:\/\/xenonkungen.com\/no\/wp-json\/wp\/v2\/comments?post=7584"}],"wp:featuredmedia":[{"embeddable":true,"href":"https:\/\/xenonkungen.com\/no\/wp-json\/wp\/v2\/media\/7585"}],"wp:attachment":[{"href":"https:\/\/xenonkungen.com\/no\/wp-json\/wp\/v2\/media?parent=7584"}],"wp:term":[{"taxonomy":"anvandningsomrade","embeddable":true,"href":"https:\/\/xenonkungen.com\/no\/wp-json\/wp\/v2\/anvandningsomrade?post=7584"},{"taxonomy":"bilmarken","embeddable":true,"href":"https:\/\/xenonkungen.com\/no\/wp-json\/wp\/v2\/bilmarken?post=7584"},{"taxonomy":"product_brand","embeddable":true,"href":"https:\/\/xenonkungen.com\/no\/wp-json\/wp\/v2\/product_brand?post=7584"},{"taxonomy":"product_cat","embeddable":true,"href":"https:\/\/xenonkungen.com\/no\/wp-json\/wp\/v2\/product_cat?post=7584"},{"taxonomy":"product_tag","embeddable":true,"href":"https:\/\/xenonkungen.com\/no\/wp-json\/wp\/v2\/product_tag?post=7584"}],"curies":[{"name":"wp","href":"https:\/\/api.w.org\/{rel}","templated":true}]}}