{"id":7596,"date":"2025-04-15T09:57:25","date_gmt":"2025-04-15T09:57:25","guid":{"rendered":"https:\/\/xenonkungen.com\/product\/tyreinflate-dackpump-450-fs1\/"},"modified":"2026-04-24T17:43:47","modified_gmt":"2026-04-24T16:43:47","slug":"tyreinflate-dekkpumpe-450-fs1","status":"publish","type":"product","link":"https:\/\/xenonkungen.com\/no\/produkt\/tyreinflate-dekkpumpe-450-fs1\/","title":{"rendered":"TYREINFLATE Dekkpumpe 450 FS1"},"content":{"rendered":"<h1>OSRAM TYREinflate 450<\/h1>\n<p>Denne dekktrykkeren fyller et flatt dekk p\u00e5 3,5 minutter. Den har en automatisk stoppfunksjon som gir n\u00f8yaktig riktig trykk for dekket ditt. Utstyrt med et opplyst digitalt display og en LED-lommelykt for optimal h\u00e5ndtering under d\u00e5rlige lysforhold.<\/p>\n<p>For \u00e5 fylle hjulet stiller du bare inn \u00f8nsket dekktrykk og trykker p\u00e5 startknappen. <\/p>\n<p>TYREinflate 450s robuste konstruksjon holder kompressoren stasjon\u00e6r n\u00e5r den er i bruk, og en kabeltrommel ruller opp kabelen slik at du raskt kan komme deg unna.<br \/>Et sett med 3 adaptere for sykkeldekk, baller og andre oppbl\u00e5sbare gjenstander f\u00f8lger med.<\/p>","protected":false},"excerpt":{"rendered":"<p>Dekkpumpe som fyller et punktert dekk p\u00e5 3,5 minutter<\/p>","protected":false},"featured_media":7597,"comment_status":"closed","ping_status":"closed","template":"","meta":{"_acf_changed":false,"_smort_price_nok":"401","_smort_price_dkk":"360","_smort_price_eur":"48.18","_smort_sale_price_nok":"401","_smort_sale_price_dkk":"","_smort_sale_price_eur":"33.63","smort_restorder":"","shipmondo_restorder":"","_kad_blocks_custom_css":"","_kad_blocks_head_custom_js":"","_kad_blocks_body_custom_js":"","_kad_blocks_footer_custom_js":"","smort_custom_pricelist_1":"339.2","smort_custom_pricelist_2":"339.2","smort_custom_pricelist_3":"322.24","smort_custom_pricelist_4":"424","smort_custom_pricelist_5":"339.2"},"anvandningsomrade":[],"bilmarken":[],"product_brand":[108],"product_cat":[2653,377,1402],"product_tag":[],"class_list":{"0":"post-7596","1":"product","2":"type-product","3":"status-publish","4":"has-post-thumbnail","6":"product_brand-osram","7":"product_cat-dackpump","8":"product_cat-biltillbehor","9":"product_cat-outlet","10":"pa_storlek-mm-88x180x197","11":"pa_volt-v-159","13":"first","14":"instock","15":"sale","16":"taxable","17":"shipping-taxable","18":"purchasable","19":"product-type-simple"},"bundled_by":[],"bundle_stock_status":"instock","bundle_stock_quantity":3,"bundle_virtual":false,"bundle_layout":"","bundle_add_to_cart_form_location":"","bundle_editable_in_cart":false,"bundle_sold_individually_context":"","bundle_item_grouping":"","bundle_min_size":"","bundle_max_size":"","bundle_price":[],"bundled_items":[],"bundle_sell_ids":[],"acf":[],"yoast_head":"<!-- This site is optimized with the Yoast SEO plugin v27.0 - https:\/\/yoast.com\/product\/yoast-seo-wordpress\/ -->\n<title>TYREINFLATE D\u00e4ckpump 450 FS1 - Xenonkungen<\/title>\n<meta name=\"robots\" content=\"index, follow, max-snippet:-1, max-image-preview:large, max-video-preview:-1\" \/>\n<link rel=\"canonical\" href=\"https:\/\/xenonkungen.com\/no\/produkt\/tyreinflate-dekkpumpe-450-fs1\/\" \/>\n<meta property=\"og:locale\" content=\"nb_NO\" \/>\n<meta property=\"og:type\" content=\"article\" \/>\n<meta property=\"og:title\" content=\"TYREINFLATE D\u00e4ckpump 450 FS1 - Xenonkungen\" \/>\n<meta property=\"og:description\" content=\"D\u00e4ckpump som fyller ett tomt d\u00e4ck p\u00e5 3,5 minuter\" \/>\n<meta property=\"og:url\" content=\"https:\/\/xenonkungen.com\/no\/produkt\/tyreinflate-dekkpumpe-450-fs1\/\" \/>\n<meta property=\"og:site_name\" content=\"Xenonkungen\" \/>\n<meta property=\"article:modified_time\" content=\"2026-04-24T16:43:47+00:00\" \/>\n<meta property=\"og:image\" content=\"https:\/\/xenonkungen.com\/wp-content\/uploads\/2025\/04\/182469111-origpic-15e8e9.jpg\" \/>\n\t<meta property=\"og:image:width\" content=\"900\" \/>\n\t<meta property=\"og:image:height\" content=\"900\" \/>\n\t<meta property=\"og:image:type\" content=\"image\/jpeg\" \/>\n<meta name=\"twitter:card\" content=\"summary_large_image\" \/>\n<meta name=\"twitter:label1\" content=\"Ansl. lesetid\" \/>\n\t<meta name=\"twitter:data1\" content=\"1 minutt\" \/>\n<script type=\"application\/ld+json\" class=\"yoast-schema-graph\">{\"@context\":\"https:\/\/schema.org\",\"@graph\":[{\"@type\":\"WebPage\",\"@id\":\"https:\/\/xenonkungen.com\/produkt\/tyreinflate-dackpump-450-fs1\/\",\"url\":\"https:\/\/xenonkungen.com\/produkt\/tyreinflate-dackpump-450-fs1\/\",\"name\":\"TYREINFLATE D\u00e4ckpump 450 FS1 - Xenonkungen\",\"isPartOf\":{\"@id\":\"https:\/\/xenonkungen.com\/#website\"},\"primaryImageOfPage\":{\"@id\":\"https:\/\/xenonkungen.com\/produkt\/tyreinflate-dackpump-450-fs1\/#primaryimage\"},\"image\":{\"@id\":\"https:\/\/xenonkungen.com\/produkt\/tyreinflate-dackpump-450-fs1\/#primaryimage\"},\"thumbnailUrl\":\"https:\/\/xenonkungen.com\/wp-content\/uploads\/2025\/04\/182469111-origpic-15e8e9.jpg\",\"datePublished\":\"2025-04-15T09:57:25+00:00\",\"dateModified\":\"2026-04-24T16:43:47+00:00\",\"breadcrumb\":{\"@id\":\"https:\/\/xenonkungen.com\/produkt\/tyreinflate-dackpump-450-fs1\/#breadcrumb\"},\"inLanguage\":\"nb-NO\",\"potentialAction\":[{\"@type\":\"ReadAction\",\"target\":[\"https:\/\/xenonkungen.com\/produkt\/tyreinflate-dackpump-450-fs1\/\"]}]},{\"@type\":\"ImageObject\",\"inLanguage\":\"nb-NO\",\"@id\":\"https:\/\/xenonkungen.com\/produkt\/tyreinflate-dackpump-450-fs1\/#primaryimage\",\"url\":\"https:\/\/xenonkungen.com\/wp-content\/uploads\/2025\/04\/182469111-origpic-15e8e9.jpg\",\"contentUrl\":\"https:\/\/xenonkungen.com\/wp-content\/uploads\/2025\/04\/182469111-origpic-15e8e9.jpg\",\"width\":900,\"height\":900},{\"@type\":\"BreadcrumbList\",\"@id\":\"https:\/\/xenonkungen.com\/produkt\/tyreinflate-dackpump-450-fs1\/#breadcrumb\",\"itemListElement\":[{\"@type\":\"ListItem\",\"position\":1,\"name\":\"Hem\",\"item\":\"https:\/\/xenonkungen.com\/\"},{\"@type\":\"ListItem\",\"position\":2,\"name\":\"Shop\",\"item\":\"https:\/\/xenonkungen.com\/shop\/\"},{\"@type\":\"ListItem\",\"position\":3,\"name\":\"TYREINFLATE D\u00e4ckpump 450 FS1\"}]},{\"@type\":\"WebSite\",\"@id\":\"https:\/\/xenonkungen.com\/#website\",\"url\":\"https:\/\/xenonkungen.com\/\",\"name\":\"Xenonkungen\",\"description\":\"\",\"potentialAction\":[{\"@type\":\"SearchAction\",\"target\":{\"@type\":\"EntryPoint\",\"urlTemplate\":\"https:\/\/xenonkungen.com\/?s={search_term_string}\"},\"query-input\":{\"@type\":\"PropertyValueSpecification\",\"valueRequired\":true,\"valueName\":\"search_term_string\"}}],\"inLanguage\":\"nb-NO\"}]}<\/script>\n<!-- \/ Yoast SEO plugin. -->","yoast_head_json":{"title":"TYREINFLATE Dekkpumpe 450 FS1 - Xenon-kongen","robots":{"index":"index","follow":"follow","max-snippet":"max-snippet:-1","max-image-preview":"max-image-preview:large","max-video-preview":"max-video-preview:-1"},"canonical":"https:\/\/xenonkungen.com\/no\/produkt\/tyreinflate-dekkpumpe-450-fs1\/","og_locale":"nb_NO","og_type":"article","og_title":"TYREINFLATE D\u00e4ckpump 450 FS1 - Xenonkungen","og_description":"D\u00e4ckpump som fyller ett tomt d\u00e4ck p\u00e5 3,5 minuter","og_url":"https:\/\/xenonkungen.com\/no\/produkt\/tyreinflate-dekkpumpe-450-fs1\/","og_site_name":"Xenonkungen","article_modified_time":"2026-04-24T16:43:47+00:00","og_image":[{"width":900,"height":900,"url":"https:\/\/xenonkungen.com\/wp-content\/uploads\/2025\/04\/182469111-origpic-15e8e9.jpg","type":"image\/jpeg"}],"twitter_card":"summary_large_image","twitter_misc":{"Ansl. lesetid":"1 minutt"},"schema":{"@context":"https:\/\/schema.org","@graph":[{"@type":"WebPage","@id":"https:\/\/xenonkungen.com\/produkt\/tyreinflate-dackpump-450-fs1\/","url":"https:\/\/xenonkungen.com\/produkt\/tyreinflate-dackpump-450-fs1\/","name":"TYREINFLATE Dekkpumpe 450 FS1 - Xenon-kongen","isPartOf":{"@id":"https:\/\/xenonkungen.com\/#website"},"primaryImageOfPage":{"@id":"https:\/\/xenonkungen.com\/produkt\/tyreinflate-dackpump-450-fs1\/#primaryimage"},"image":{"@id":"https:\/\/xenonkungen.com\/produkt\/tyreinflate-dackpump-450-fs1\/#primaryimage"},"thumbnailUrl":"https:\/\/xenonkungen.com\/wp-content\/uploads\/2025\/04\/182469111-origpic-15e8e9.jpg","datePublished":"2025-04-15T09:57:25+00:00","dateModified":"2026-04-24T16:43:47+00:00","breadcrumb":{"@id":"https:\/\/xenonkungen.com\/produkt\/tyreinflate-dackpump-450-fs1\/#breadcrumb"},"inLanguage":"nb-NO","potentialAction":[{"@type":"ReadAction","target":["https:\/\/xenonkungen.com\/produkt\/tyreinflate-dackpump-450-fs1\/"]}]},{"@type":"ImageObject","inLanguage":"nb-NO","@id":"https:\/\/xenonkungen.com\/produkt\/tyreinflate-dackpump-450-fs1\/#primaryimage","url":"https:\/\/xenonkungen.com\/wp-content\/uploads\/2025\/04\/182469111-origpic-15e8e9.jpg","contentUrl":"https:\/\/xenonkungen.com\/wp-content\/uploads\/2025\/04\/182469111-origpic-15e8e9.jpg","width":900,"height":900},{"@type":"BreadcrumbList","@id":"https:\/\/xenonkungen.com\/produkt\/tyreinflate-dackpump-450-fs1\/#breadcrumb","itemListElement":[{"@type":"ListItem","position":1,"name":"Hem","item":"https:\/\/xenonkungen.com\/"},{"@type":"ListItem","position":2,"name":"Shop","item":"https:\/\/xenonkungen.com\/shop\/"},{"@type":"ListItem","position":3,"name":"TYREINFLATE D\u00e4ckpump 450 FS1"}]},{"@type":"WebSite","@id":"https:\/\/xenonkungen.com\/#website","url":"https:\/\/xenonkungen.com\/","name":"Xenonkungen","description":"","potentialAction":[{"@type":"SearchAction","target":{"@type":"EntryPoint","urlTemplate":"https:\/\/xenonkungen.com\/?s={search_term_string}"},"query-input":{"@type":"PropertyValueSpecification","valueRequired":true,"valueName":"search_term_string"}}],"inLanguage":"nb-NO"}]}},"taxonomy_info":{"product_brand":[{"value":108,"label":"OSRAM"}],"product_cat":[{"value":2653,"label":"D\u00e4ckpump"},{"value":377,"label":"Biltillbeh\u00f6r"},{"value":1402,"label":"Outlet"}],"pa_storlek-mm":[{"value":1963,"label":"88x180x197"}],"pa_volt-v":[{"value":159,"label":"12"}]},"featured_image_src_large":["https:\/\/xenonkungen.com\/wp-content\/uploads\/2025\/04\/182469111-origpic-15e8e9.jpg",900,900,false],"author_info":[],"comment_info":0,"_links":{"self":[{"href":"https:\/\/xenonkungen.com\/no\/wp-json\/wp\/v2\/product\/7596","targetHints":{"allow":["GET"]}}],"collection":[{"href":"https:\/\/xenonkungen.com\/no\/wp-json\/wp\/v2\/product"}],"about":[{"href":"https:\/\/xenonkungen.com\/no\/wp-json\/wp\/v2\/types\/product"}],"replies":[{"embeddable":true,"href":"https:\/\/xenonkungen.com\/no\/wp-json\/wp\/v2\/comments?post=7596"}],"wp:featuredmedia":[{"embeddable":true,"href":"https:\/\/xenonkungen.com\/no\/wp-json\/wp\/v2\/media\/7597"}],"wp:attachment":[{"href":"https:\/\/xenonkungen.com\/no\/wp-json\/wp\/v2\/media?parent=7596"}],"wp:term":[{"taxonomy":"anvandningsomrade","embeddable":true,"href":"https:\/\/xenonkungen.com\/no\/wp-json\/wp\/v2\/anvandningsomrade?post=7596"},{"taxonomy":"bilmarken","embeddable":true,"href":"https:\/\/xenonkungen.com\/no\/wp-json\/wp\/v2\/bilmarken?post=7596"},{"taxonomy":"product_brand","embeddable":true,"href":"https:\/\/xenonkungen.com\/no\/wp-json\/wp\/v2\/product_brand?post=7596"},{"taxonomy":"product_cat","embeddable":true,"href":"https:\/\/xenonkungen.com\/no\/wp-json\/wp\/v2\/product_cat?post=7596"},{"taxonomy":"product_tag","embeddable":true,"href":"https:\/\/xenonkungen.com\/no\/wp-json\/wp\/v2\/product_tag?post=7596"}],"curies":[{"name":"wp","href":"https:\/\/api.w.org\/{rel}","templated":true}]}}