{"id":7607,"date":"2025-04-15T09:57:25","date_gmt":"2025-04-15T09:57:25","guid":{"rendered":"https:\/\/xenonkungen.com\/product\/dashcam-roadsight-rear-10-fs1\/"},"modified":"2026-04-24T17:43:35","modified_gmt":"2026-04-24T16:43:35","slug":"dashkamera-roadsight-bak-10-fs1","status":"publish","type":"product","link":"https:\/\/xenonkungen.com\/no\/produkt\/dashkamera-roadsight-bak-10-fs1\/","title":{"rendered":"Dashcam ROADSIGHT REAR 10 FS1"},"content":{"rendered":"<h1>OSRAM ROADsight REAR 10<\/h1>\n<p>Med et bilkamera kan du f\u00f8le deg trygg mens du kj\u00f8rer. Sammen med OSRAM ROADsight 50 gj\u00f8r dette bakovervendte kameraet deg oppmerksom p\u00e5 hva som skjer bak deg mens du kj\u00f8rer. Takket v\u00e6re 1080p, 30 fps-opptak, gir OSRAM ROADsight REAR 10 et klart opptak av h\u00f8y kvalitet som fanger opp alle detaljer som kan v\u00e6re nyttige. <\/p>\n<p>OSRAM ROADsight Rear 10 er et diskret bilkamera - st\u00f8rrelsen og fargen gj\u00f8r at kameraet er ute av syne og ikke distraherer under kj\u00f8ring. En 130-graders linse gir et vidvinkelbilde av veien bak deg.<br \/>Med OSRAM ROADsight 50 f\u00e5r du en sv\u00e6rt god oversikt over fronten og bakenden av bilen din.<\/p>","protected":false},"excerpt":{"rendered":"<p>Ekstra kamera for filming bak p\u00e5 OSRAM ROADsight 50<\/p>","protected":false},"featured_media":7608,"comment_status":"closed","ping_status":"closed","template":"","meta":{"_acf_changed":false,"_smort_price_nok":"422","_smort_price_dkk":"353","_smort_price_eur":"47.27","_smort_sale_price_nok":"422","_smort_sale_price_dkk":"","_smort_sale_price_eur":"","smort_restorder":"","shipmondo_restorder":"","_kad_blocks_custom_css":"","_kad_blocks_head_custom_js":"","_kad_blocks_body_custom_js":"","_kad_blocks_footer_custom_js":"","smort_custom_pricelist_1":"332.8","smort_custom_pricelist_2":"332.8","smort_custom_pricelist_3":"316.16","smort_custom_pricelist_4":"416","smort_custom_pricelist_5":"332.8"},"anvandningsomrade":[],"bilmarken":[],"product_brand":[108],"product_cat":[2652,377,1402],"product_tag":[],"class_list":{"0":"post-7607","1":"product","2":"type-product","3":"status-publish","4":"has-post-thumbnail","6":"product_brand-osram","7":"product_cat-dashcam","8":"product_cat-biltillbehor","9":"product_cat-outlet","10":"pa_storlek-mm-195x150x390","12":"first","13":"instock","14":"sale","15":"taxable","16":"shipping-taxable","17":"purchasable","18":"product-type-simple"},"bundled_by":[],"bundle_stock_status":"instock","bundle_stock_quantity":9,"bundle_virtual":false,"bundle_layout":"","bundle_add_to_cart_form_location":"","bundle_editable_in_cart":false,"bundle_sold_individually_context":"","bundle_item_grouping":"","bundle_min_size":"","bundle_max_size":"","bundle_price":[],"bundled_items":[],"bundle_sell_ids":[],"acf":[],"yoast_head":"<!-- This site is optimized with the Yoast SEO plugin v27.0 - https:\/\/yoast.com\/product\/yoast-seo-wordpress\/ -->\n<title>Dashcam ROADSIGHT REAR 10 FS1 - Xenonkungen<\/title>\n<meta name=\"robots\" content=\"index, follow, max-snippet:-1, max-image-preview:large, max-video-preview:-1\" \/>\n<link rel=\"canonical\" href=\"https:\/\/xenonkungen.com\/no\/produkt\/dashkamera-roadsight-bak-10-fs1\/\" \/>\n<meta property=\"og:locale\" content=\"nb_NO\" \/>\n<meta property=\"og:type\" content=\"article\" \/>\n<meta property=\"og:title\" content=\"Dashcam ROADSIGHT REAR 10 FS1 - Xenonkungen\" \/>\n<meta property=\"og:description\" content=\"Till\u00e4ggskamera f\u00f6r filmning bak\u00e5t p\u00e5 OSRAM ROADsight 50\" \/>\n<meta property=\"og:url\" content=\"https:\/\/xenonkungen.com\/no\/produkt\/dashkamera-roadsight-bak-10-fs1\/\" \/>\n<meta property=\"og:site_name\" content=\"Xenonkungen\" \/>\n<meta property=\"article:modified_time\" content=\"2026-04-24T16:43:35+00:00\" \/>\n<meta property=\"og:image\" content=\"https:\/\/xenonkungen.com\/wp-content\/uploads\/2025\/04\/182441147-origpic-10b5d0.jpg\" \/>\n\t<meta property=\"og:image:width\" content=\"900\" \/>\n\t<meta property=\"og:image:height\" content=\"900\" \/>\n\t<meta property=\"og:image:type\" content=\"image\/jpeg\" \/>\n<meta name=\"twitter:card\" content=\"summary_large_image\" \/>\n<meta name=\"twitter:label1\" content=\"Ansl. lesetid\" \/>\n\t<meta name=\"twitter:data1\" content=\"1 minutt\" \/>\n<script type=\"application\/ld+json\" class=\"yoast-schema-graph\">{\"@context\":\"https:\/\/schema.org\",\"@graph\":[{\"@type\":\"WebPage\",\"@id\":\"https:\/\/xenonkungen.com\/produkt\/dashcam-roadsight-rear-10-fs1\/\",\"url\":\"https:\/\/xenonkungen.com\/produkt\/dashcam-roadsight-rear-10-fs1\/\",\"name\":\"Dashcam ROADSIGHT REAR 10 FS1 - Xenonkungen\",\"isPartOf\":{\"@id\":\"https:\/\/xenonkungen.com\/#website\"},\"primaryImageOfPage\":{\"@id\":\"https:\/\/xenonkungen.com\/produkt\/dashcam-roadsight-rear-10-fs1\/#primaryimage\"},\"image\":{\"@id\":\"https:\/\/xenonkungen.com\/produkt\/dashcam-roadsight-rear-10-fs1\/#primaryimage\"},\"thumbnailUrl\":\"https:\/\/xenonkungen.com\/wp-content\/uploads\/2025\/04\/182441147-origpic-10b5d0.jpg\",\"datePublished\":\"2025-04-15T09:57:25+00:00\",\"dateModified\":\"2026-04-24T16:43:35+00:00\",\"breadcrumb\":{\"@id\":\"https:\/\/xenonkungen.com\/produkt\/dashcam-roadsight-rear-10-fs1\/#breadcrumb\"},\"inLanguage\":\"nb-NO\",\"potentialAction\":[{\"@type\":\"ReadAction\",\"target\":[\"https:\/\/xenonkungen.com\/produkt\/dashcam-roadsight-rear-10-fs1\/\"]}]},{\"@type\":\"ImageObject\",\"inLanguage\":\"nb-NO\",\"@id\":\"https:\/\/xenonkungen.com\/produkt\/dashcam-roadsight-rear-10-fs1\/#primaryimage\",\"url\":\"https:\/\/xenonkungen.com\/wp-content\/uploads\/2025\/04\/182441147-origpic-10b5d0.jpg\",\"contentUrl\":\"https:\/\/xenonkungen.com\/wp-content\/uploads\/2025\/04\/182441147-origpic-10b5d0.jpg\",\"width\":900,\"height\":900},{\"@type\":\"BreadcrumbList\",\"@id\":\"https:\/\/xenonkungen.com\/produkt\/dashcam-roadsight-rear-10-fs1\/#breadcrumb\",\"itemListElement\":[{\"@type\":\"ListItem\",\"position\":1,\"name\":\"Hem\",\"item\":\"https:\/\/xenonkungen.com\/\"},{\"@type\":\"ListItem\",\"position\":2,\"name\":\"Shop\",\"item\":\"https:\/\/xenonkungen.com\/shop\/\"},{\"@type\":\"ListItem\",\"position\":3,\"name\":\"Dashcam ROADSIGHT REAR 10 FS1\"}]},{\"@type\":\"WebSite\",\"@id\":\"https:\/\/xenonkungen.com\/#website\",\"url\":\"https:\/\/xenonkungen.com\/\",\"name\":\"Xenonkungen\",\"description\":\"\",\"potentialAction\":[{\"@type\":\"SearchAction\",\"target\":{\"@type\":\"EntryPoint\",\"urlTemplate\":\"https:\/\/xenonkungen.com\/?s={search_term_string}\"},\"query-input\":{\"@type\":\"PropertyValueSpecification\",\"valueRequired\":true,\"valueName\":\"search_term_string\"}}],\"inLanguage\":\"nb-NO\"}]}<\/script>\n<!-- \/ Yoast SEO plugin. -->","yoast_head_json":{"title":"Dashkamera ROADSIGHT REAR 10 FS1 \u2013 Xenon-kongen","robots":{"index":"index","follow":"follow","max-snippet":"max-snippet:-1","max-image-preview":"max-image-preview:large","max-video-preview":"max-video-preview:-1"},"canonical":"https:\/\/xenonkungen.com\/no\/produkt\/dashkamera-roadsight-bak-10-fs1\/","og_locale":"nb_NO","og_type":"article","og_title":"Dashcam ROADSIGHT REAR 10 FS1 - Xenonkungen","og_description":"Till\u00e4ggskamera f\u00f6r filmning bak\u00e5t p\u00e5 OSRAM ROADsight 50","og_url":"https:\/\/xenonkungen.com\/no\/produkt\/dashkamera-roadsight-bak-10-fs1\/","og_site_name":"Xenonkungen","article_modified_time":"2026-04-24T16:43:35+00:00","og_image":[{"width":900,"height":900,"url":"https:\/\/xenonkungen.com\/wp-content\/uploads\/2025\/04\/182441147-origpic-10b5d0.jpg","type":"image\/jpeg"}],"twitter_card":"summary_large_image","twitter_misc":{"Ansl. lesetid":"1 minutt"},"schema":{"@context":"https:\/\/schema.org","@graph":[{"@type":"WebPage","@id":"https:\/\/xenonkungen.com\/produkt\/dashcam-roadsight-rear-10-fs1\/","url":"https:\/\/xenonkungen.com\/produkt\/dashcam-roadsight-rear-10-fs1\/","name":"Dashkamera ROADSIGHT REAR 10 FS1 \u2013 Xenon-kongen","isPartOf":{"@id":"https:\/\/xenonkungen.com\/#website"},"primaryImageOfPage":{"@id":"https:\/\/xenonkungen.com\/produkt\/dashcam-roadsight-rear-10-fs1\/#primaryimage"},"image":{"@id":"https:\/\/xenonkungen.com\/produkt\/dashcam-roadsight-rear-10-fs1\/#primaryimage"},"thumbnailUrl":"https:\/\/xenonkungen.com\/wp-content\/uploads\/2025\/04\/182441147-origpic-10b5d0.jpg","datePublished":"2025-04-15T09:57:25+00:00","dateModified":"2026-04-24T16:43:35+00:00","breadcrumb":{"@id":"https:\/\/xenonkungen.com\/produkt\/dashcam-roadsight-rear-10-fs1\/#breadcrumb"},"inLanguage":"nb-NO","potentialAction":[{"@type":"ReadAction","target":["https:\/\/xenonkungen.com\/produkt\/dashcam-roadsight-rear-10-fs1\/"]}]},{"@type":"ImageObject","inLanguage":"nb-NO","@id":"https:\/\/xenonkungen.com\/produkt\/dashcam-roadsight-rear-10-fs1\/#primaryimage","url":"https:\/\/xenonkungen.com\/wp-content\/uploads\/2025\/04\/182441147-origpic-10b5d0.jpg","contentUrl":"https:\/\/xenonkungen.com\/wp-content\/uploads\/2025\/04\/182441147-origpic-10b5d0.jpg","width":900,"height":900},{"@type":"BreadcrumbList","@id":"https:\/\/xenonkungen.com\/produkt\/dashcam-roadsight-rear-10-fs1\/#breadcrumb","itemListElement":[{"@type":"ListItem","position":1,"name":"Hem","item":"https:\/\/xenonkungen.com\/"},{"@type":"ListItem","position":2,"name":"Shop","item":"https:\/\/xenonkungen.com\/shop\/"},{"@type":"ListItem","position":3,"name":"Dashcam ROADSIGHT REAR 10 FS1"}]},{"@type":"WebSite","@id":"https:\/\/xenonkungen.com\/#website","url":"https:\/\/xenonkungen.com\/","name":"Xenonkungen","description":"","potentialAction":[{"@type":"SearchAction","target":{"@type":"EntryPoint","urlTemplate":"https:\/\/xenonkungen.com\/?s={search_term_string}"},"query-input":{"@type":"PropertyValueSpecification","valueRequired":true,"valueName":"search_term_string"}}],"inLanguage":"nb-NO"}]}},"taxonomy_info":{"product_brand":[{"value":108,"label":"OSRAM"}],"product_cat":[{"value":2652,"label":"Dashcam"},{"value":377,"label":"Biltillbeh\u00f6r"},{"value":1402,"label":"Outlet"}],"pa_storlek-mm":[{"value":1966,"label":"195x150x390"}]},"featured_image_src_large":["https:\/\/xenonkungen.com\/wp-content\/uploads\/2025\/04\/182441147-origpic-10b5d0.jpg",900,900,false],"author_info":[],"comment_info":0,"_links":{"self":[{"href":"https:\/\/xenonkungen.com\/no\/wp-json\/wp\/v2\/product\/7607","targetHints":{"allow":["GET"]}}],"collection":[{"href":"https:\/\/xenonkungen.com\/no\/wp-json\/wp\/v2\/product"}],"about":[{"href":"https:\/\/xenonkungen.com\/no\/wp-json\/wp\/v2\/types\/product"}],"replies":[{"embeddable":true,"href":"https:\/\/xenonkungen.com\/no\/wp-json\/wp\/v2\/comments?post=7607"}],"wp:featuredmedia":[{"embeddable":true,"href":"https:\/\/xenonkungen.com\/no\/wp-json\/wp\/v2\/media\/7608"}],"wp:attachment":[{"href":"https:\/\/xenonkungen.com\/no\/wp-json\/wp\/v2\/media?parent=7607"}],"wp:term":[{"taxonomy":"anvandningsomrade","embeddable":true,"href":"https:\/\/xenonkungen.com\/no\/wp-json\/wp\/v2\/anvandningsomrade?post=7607"},{"taxonomy":"bilmarken","embeddable":true,"href":"https:\/\/xenonkungen.com\/no\/wp-json\/wp\/v2\/bilmarken?post=7607"},{"taxonomy":"product_brand","embeddable":true,"href":"https:\/\/xenonkungen.com\/no\/wp-json\/wp\/v2\/product_brand?post=7607"},{"taxonomy":"product_cat","embeddable":true,"href":"https:\/\/xenonkungen.com\/no\/wp-json\/wp\/v2\/product_cat?post=7607"},{"taxonomy":"product_tag","embeddable":true,"href":"https:\/\/xenonkungen.com\/no\/wp-json\/wp\/v2\/product_tag?post=7607"}],"curies":[{"name":"wp","href":"https:\/\/api.w.org\/{rel}","templated":true}]}}