{"id":7626,"date":"2025-04-15T09:57:38","date_gmt":"2025-04-15T09:57:38","guid":{"rendered":"https:\/\/xenonkungen.com\/product\/batteriladdare-osr-908\/"},"modified":"2026-04-24T17:43:23","modified_gmt":"2026-04-24T16:43:23","slug":"batterilader-osr-908","status":"publish","type":"product","link":"https:\/\/xenonkungen.com\/no\/produkt\/batterilader-osr-908\/","title":{"rendered":"Batterilader OSR 908"},"content":{"rendered":"<h1>OSRAM BATTERILADER 908<\/h1>\n<p>En smart 8A lader og batterivedlikeholder for 12 V og 24 V kj\u00f8ret\u00f8y, inkludert de fleste personbiler, varebiler og mindre lastebiler. <br \/>Vedlikeholder og lader et bilbatteri med en 7-trinns ladesyklus for litiumbatterier og 9-trinns for blybatterier\/AGM-batterier ved \u00e5 trykke p\u00e5 en knapp. Utstyrt med en opplyst digital LCD-skjerm som gj\u00f8r det enkelt \u00e5 lade under d\u00e5rlige lysforhold. <\/p>\n<p>Utstyrt med en rekke beskyttelsesfunksjoner, som beskyttelse mot omvendt polaritet og kortslutning, for \u00e5 beskytte b\u00e5de brukeren og kj\u00f8ret\u00f8yet. Koble til og v\u00e6r trygg p\u00e5 at laderen tar vare p\u00e5 batteriet ditt - laderen g\u00e5r automatisk over i modus for langtidsvedlikehold n\u00e5r batteriet er fulladet.<\/p>","protected":false},"excerpt":{"rendered":"<p>Smart batterilading og -vedlikehold med ladesyklus i flere trinn<\/p>","protected":false},"featured_media":7627,"comment_status":"closed","ping_status":"closed","template":"","meta":{"_acf_changed":false,"_smort_price_nok":"788","_smort_price_dkk":"672","_smort_price_eur":"90","_smort_sale_price_nok":"788","_smort_sale_price_dkk":"","_smort_sale_price_eur":"75.06","smort_restorder":"","shipmondo_restorder":"","_kad_blocks_custom_css":"","_kad_blocks_head_custom_js":"","_kad_blocks_body_custom_js":"","_kad_blocks_footer_custom_js":"","smort_custom_pricelist_1":"633.6","smort_custom_pricelist_2":"633.6","smort_custom_pricelist_3":"601.92","smort_custom_pricelist_4":"792","smort_custom_pricelist_5":"633.6"},"anvandningsomrade":[],"bilmarken":[],"product_brand":[108],"product_cat":[2651,377,1402],"product_tag":[],"class_list":{"0":"post-7626","1":"product","2":"type-product","3":"status-publish","4":"has-post-thumbnail","6":"product_brand-osram","7":"product_cat-batteriladdare","8":"product_cat-biltillbehor","9":"product_cat-outlet","10":"pa_godkannande-emc-rohs-ce","11":"pa_storlek-mm-106x70x185","12":"pa_volt-v-12-24","14":"first","15":"instock","16":"sale","17":"taxable","18":"shipping-taxable","19":"purchasable","20":"product-type-simple"},"bundled_by":[],"bundle_stock_status":"instock","bundle_stock_quantity":7,"bundle_virtual":false,"bundle_layout":"","bundle_add_to_cart_form_location":"","bundle_editable_in_cart":false,"bundle_sold_individually_context":"","bundle_item_grouping":"","bundle_min_size":"","bundle_max_size":"","bundle_price":[],"bundled_items":[],"bundle_sell_ids":[],"acf":[],"yoast_head":"<!-- This site is optimized with the Yoast SEO plugin v27.0 - https:\/\/yoast.com\/product\/yoast-seo-wordpress\/ -->\n<title>Batteriladdare OSR 908 - Xenonkungen<\/title>\n<meta name=\"robots\" content=\"index, follow, max-snippet:-1, max-image-preview:large, max-video-preview:-1\" \/>\n<link rel=\"canonical\" href=\"https:\/\/xenonkungen.com\/no\/produkt\/batterilader-osr-908\/\" \/>\n<meta property=\"og:locale\" content=\"nb_NO\" \/>\n<meta property=\"og:type\" content=\"article\" \/>\n<meta property=\"og:title\" content=\"Batteriladdare OSR 908 - Xenonkungen\" \/>\n<meta property=\"og:description\" content=\"Smart batteriladdning och underh\u00e5ll med laddningscykel i flera steg\" \/>\n<meta property=\"og:url\" content=\"https:\/\/xenonkungen.com\/no\/produkt\/batterilader-osr-908\/\" \/>\n<meta property=\"og:site_name\" content=\"Xenonkungen\" \/>\n<meta property=\"article:modified_time\" content=\"2026-04-24T16:43:23+00:00\" \/>\n<meta property=\"og:image\" content=\"https:\/\/xenonkungen.com\/wp-content\/uploads\/2025\/04\/182438383-origpic-bfeec8.jpg\" \/>\n\t<meta property=\"og:image:width\" content=\"900\" \/>\n\t<meta property=\"og:image:height\" content=\"900\" \/>\n\t<meta property=\"og:image:type\" content=\"image\/jpeg\" \/>\n<meta name=\"twitter:card\" content=\"summary_large_image\" \/>\n<meta name=\"twitter:label1\" content=\"Ansl. lesetid\" \/>\n\t<meta name=\"twitter:data1\" content=\"1 minutt\" \/>\n<script type=\"application\/ld+json\" class=\"yoast-schema-graph\">{\"@context\":\"https:\/\/schema.org\",\"@graph\":[{\"@type\":\"WebPage\",\"@id\":\"https:\/\/xenonkungen.com\/produkt\/batteriladdare-osr-908\/\",\"url\":\"https:\/\/xenonkungen.com\/produkt\/batteriladdare-osr-908\/\",\"name\":\"Batteriladdare OSR 908 - Xenonkungen\",\"isPartOf\":{\"@id\":\"https:\/\/xenonkungen.com\/#website\"},\"primaryImageOfPage\":{\"@id\":\"https:\/\/xenonkungen.com\/produkt\/batteriladdare-osr-908\/#primaryimage\"},\"image\":{\"@id\":\"https:\/\/xenonkungen.com\/produkt\/batteriladdare-osr-908\/#primaryimage\"},\"thumbnailUrl\":\"https:\/\/xenonkungen.com\/wp-content\/uploads\/2025\/04\/182438383-origpic-bfeec8.jpg\",\"datePublished\":\"2025-04-15T09:57:38+00:00\",\"dateModified\":\"2026-04-24T16:43:23+00:00\",\"breadcrumb\":{\"@id\":\"https:\/\/xenonkungen.com\/produkt\/batteriladdare-osr-908\/#breadcrumb\"},\"inLanguage\":\"nb-NO\",\"potentialAction\":[{\"@type\":\"ReadAction\",\"target\":[\"https:\/\/xenonkungen.com\/produkt\/batteriladdare-osr-908\/\"]}]},{\"@type\":\"ImageObject\",\"inLanguage\":\"nb-NO\",\"@id\":\"https:\/\/xenonkungen.com\/produkt\/batteriladdare-osr-908\/#primaryimage\",\"url\":\"https:\/\/xenonkungen.com\/wp-content\/uploads\/2025\/04\/182438383-origpic-bfeec8.jpg\",\"contentUrl\":\"https:\/\/xenonkungen.com\/wp-content\/uploads\/2025\/04\/182438383-origpic-bfeec8.jpg\",\"width\":900,\"height\":900},{\"@type\":\"BreadcrumbList\",\"@id\":\"https:\/\/xenonkungen.com\/produkt\/batteriladdare-osr-908\/#breadcrumb\",\"itemListElement\":[{\"@type\":\"ListItem\",\"position\":1,\"name\":\"Hem\",\"item\":\"https:\/\/xenonkungen.com\/\"},{\"@type\":\"ListItem\",\"position\":2,\"name\":\"Shop\",\"item\":\"https:\/\/xenonkungen.com\/shop\/\"},{\"@type\":\"ListItem\",\"position\":3,\"name\":\"Batteriladdare OSR 908\"}]},{\"@type\":\"WebSite\",\"@id\":\"https:\/\/xenonkungen.com\/#website\",\"url\":\"https:\/\/xenonkungen.com\/\",\"name\":\"Xenonkungen\",\"description\":\"\",\"potentialAction\":[{\"@type\":\"SearchAction\",\"target\":{\"@type\":\"EntryPoint\",\"urlTemplate\":\"https:\/\/xenonkungen.com\/?s={search_term_string}\"},\"query-input\":{\"@type\":\"PropertyValueSpecification\",\"valueRequired\":true,\"valueName\":\"search_term_string\"}}],\"inLanguage\":\"nb-NO\"}]}<\/script>\n<!-- \/ Yoast SEO plugin. -->","yoast_head_json":{"title":"Batterilader OSR 908 - Xenonkungen","robots":{"index":"index","follow":"follow","max-snippet":"max-snippet:-1","max-image-preview":"max-image-preview:large","max-video-preview":"max-video-preview:-1"},"canonical":"https:\/\/xenonkungen.com\/no\/produkt\/batterilader-osr-908\/","og_locale":"nb_NO","og_type":"article","og_title":"Batteriladdare OSR 908 - Xenonkungen","og_description":"Smart batteriladdning och underh\u00e5ll med laddningscykel i flera steg","og_url":"https:\/\/xenonkungen.com\/no\/produkt\/batterilader-osr-908\/","og_site_name":"Xenonkungen","article_modified_time":"2026-04-24T16:43:23+00:00","og_image":[{"width":900,"height":900,"url":"https:\/\/xenonkungen.com\/wp-content\/uploads\/2025\/04\/182438383-origpic-bfeec8.jpg","type":"image\/jpeg"}],"twitter_card":"summary_large_image","twitter_misc":{"Ansl. lesetid":"1 minutt"},"schema":{"@context":"https:\/\/schema.org","@graph":[{"@type":"WebPage","@id":"https:\/\/xenonkungen.com\/produkt\/batteriladdare-osr-908\/","url":"https:\/\/xenonkungen.com\/produkt\/batteriladdare-osr-908\/","name":"Batterilader OSR 908 - Xenonkungen","isPartOf":{"@id":"https:\/\/xenonkungen.com\/#website"},"primaryImageOfPage":{"@id":"https:\/\/xenonkungen.com\/produkt\/batteriladdare-osr-908\/#primaryimage"},"image":{"@id":"https:\/\/xenonkungen.com\/produkt\/batteriladdare-osr-908\/#primaryimage"},"thumbnailUrl":"https:\/\/xenonkungen.com\/wp-content\/uploads\/2025\/04\/182438383-origpic-bfeec8.jpg","datePublished":"2025-04-15T09:57:38+00:00","dateModified":"2026-04-24T16:43:23+00:00","breadcrumb":{"@id":"https:\/\/xenonkungen.com\/produkt\/batteriladdare-osr-908\/#breadcrumb"},"inLanguage":"nb-NO","potentialAction":[{"@type":"ReadAction","target":["https:\/\/xenonkungen.com\/produkt\/batteriladdare-osr-908\/"]}]},{"@type":"ImageObject","inLanguage":"nb-NO","@id":"https:\/\/xenonkungen.com\/produkt\/batteriladdare-osr-908\/#primaryimage","url":"https:\/\/xenonkungen.com\/wp-content\/uploads\/2025\/04\/182438383-origpic-bfeec8.jpg","contentUrl":"https:\/\/xenonkungen.com\/wp-content\/uploads\/2025\/04\/182438383-origpic-bfeec8.jpg","width":900,"height":900},{"@type":"BreadcrumbList","@id":"https:\/\/xenonkungen.com\/produkt\/batteriladdare-osr-908\/#breadcrumb","itemListElement":[{"@type":"ListItem","position":1,"name":"Hem","item":"https:\/\/xenonkungen.com\/"},{"@type":"ListItem","position":2,"name":"Shop","item":"https:\/\/xenonkungen.com\/shop\/"},{"@type":"ListItem","position":3,"name":"Batteriladdare OSR 908"}]},{"@type":"WebSite","@id":"https:\/\/xenonkungen.com\/#website","url":"https:\/\/xenonkungen.com\/","name":"Xenonkungen","description":"","potentialAction":[{"@type":"SearchAction","target":{"@type":"EntryPoint","urlTemplate":"https:\/\/xenonkungen.com\/?s={search_term_string}"},"query-input":{"@type":"PropertyValueSpecification","valueRequired":true,"valueName":"search_term_string"}}],"inLanguage":"nb-NO"}]}},"taxonomy_info":{"product_brand":[{"value":108,"label":"OSRAM"}],"product_cat":[{"value":2651,"label":"Batteriladdare"},{"value":377,"label":"Biltillbeh\u00f6r"},{"value":1402,"label":"Outlet"}],"pa_godkannande":[{"value":1968,"label":"EMC, RoHs, CE"}],"pa_storlek-mm":[{"value":1967,"label":"106x70x185"}],"pa_volt-v":[{"value":348,"label":"12, 24"}]},"featured_image_src_large":["https:\/\/xenonkungen.com\/wp-content\/uploads\/2025\/04\/182438383-origpic-bfeec8.jpg",900,900,false],"author_info":[],"comment_info":0,"_links":{"self":[{"href":"https:\/\/xenonkungen.com\/no\/wp-json\/wp\/v2\/product\/7626","targetHints":{"allow":["GET"]}}],"collection":[{"href":"https:\/\/xenonkungen.com\/no\/wp-json\/wp\/v2\/product"}],"about":[{"href":"https:\/\/xenonkungen.com\/no\/wp-json\/wp\/v2\/types\/product"}],"replies":[{"embeddable":true,"href":"https:\/\/xenonkungen.com\/no\/wp-json\/wp\/v2\/comments?post=7626"}],"wp:featuredmedia":[{"embeddable":true,"href":"https:\/\/xenonkungen.com\/no\/wp-json\/wp\/v2\/media\/7627"}],"wp:attachment":[{"href":"https:\/\/xenonkungen.com\/no\/wp-json\/wp\/v2\/media?parent=7626"}],"wp:term":[{"taxonomy":"anvandningsomrade","embeddable":true,"href":"https:\/\/xenonkungen.com\/no\/wp-json\/wp\/v2\/anvandningsomrade?post=7626"},{"taxonomy":"bilmarken","embeddable":true,"href":"https:\/\/xenonkungen.com\/no\/wp-json\/wp\/v2\/bilmarken?post=7626"},{"taxonomy":"product_brand","embeddable":true,"href":"https:\/\/xenonkungen.com\/no\/wp-json\/wp\/v2\/product_brand?post=7626"},{"taxonomy":"product_cat","embeddable":true,"href":"https:\/\/xenonkungen.com\/no\/wp-json\/wp\/v2\/product_cat?post=7626"},{"taxonomy":"product_tag","embeddable":true,"href":"https:\/\/xenonkungen.com\/no\/wp-json\/wp\/v2\/product_tag?post=7626"}],"curies":[{"name":"wp","href":"https:\/\/api.w.org\/{rel}","templated":true}]}}