{"id":7678,"date":"2025-04-15T09:58:07","date_gmt":"2025-04-15T09:58:07","guid":{"rendered":"https:\/\/xenonkungen.com\/product\/ledriving-cube-vx80-sp\/"},"modified":"2025-12-10T14:49:19","modified_gmt":"2025-12-10T13:49:19","slug":"ledende-kube-vx80-sp","status":"publish","type":"product","link":"https:\/\/xenonkungen.com\/no\/produkt\/ledende-kube-vx80-sp\/","title":{"rendered":"LEDriving\u00ae CUBE VX80-SP"},"content":{"rendered":"<p>Lys opp livet ditt med OSRAM LEDriving kj\u00f8re- og arbeidslys.<\/p>\n<p>OSRAM LEDriving Cube VX80-SP lyser opp m\u00f8rke landeveier, skogsstier og jorder. Med 4 kraftige og h\u00f8ytytende LED-lamper med lang levetid har OSRAM LEDriving Cube VX80-SP en rekkevidde p\u00e5 opptil 114 meter og gir sj\u00e5f\u00f8rene god varsling b\u00e5de p\u00e5 jobb og i terrenget. Selv under d\u00e5rlige lysforhold gir OSRAM LEDriving Cube VX80-SP et dagslyslignende milj\u00f8 takket v\u00e6re en fargetemperatur p\u00e5 opptil 6000 Kelvin. Den intense lysstr\u00f8mmen p\u00e5 opptil 1300 lumen kombineres med sv\u00e6rt h\u00f8y optisk effektivitet og jevn lysfordeling. Dette gj\u00f8r at du ser bedre og oppfatter arbeidsmilj\u00f8et tydeligere, noe som bidrar til \u00f8kt sikkerhet.<\/p>\n<p>OSRAM LEDriving Cube VX80-SP imponerer med sin kraftige ytelse og lange levetid p\u00e5 opptil 5 000 timer. Den allsidige lampen t\u00e5ler t\u00f8ffe milj\u00f8forhold takket v\u00e6re materialer av h\u00f8y kvalitet, som et aluminiumshus og en robust polykarbonatlinse, og den er b\u00e5de lett og robust. OSRAM LEDriving Cube VX80-SP er testet i v\u00e5rt DIN-sertifiserte milj\u00f8simuleringslaboratorium for ekstreme ytre forhold som vann, st\u00f8v, st\u00f8t, h\u00f8ye og lave temperaturer og permanente vibrasjoner, og er validert med beskyttelsesklasse IP67. En integrert drivenhet og et termisk styringssystem regulerer LED-spotlightens temperatur og forhindrer skader som f\u00f8lge av overoppheting. Polaritetsbeskyttelse forhindrer feil polaritet i str\u00f8mforsyningen og forebygger potensielle skader ved \u00e5 sl\u00e5 av LED-lampene automatisk. <br \/>OSRAM LEDriving Cube VX80-SP er en effektiv oppgradering for kj\u00f8ret\u00f8yet ditt.<br \/>OSRAM LEDriving Cube VX80-SP kan monteres p\u00e5 biler, lastebiler, landbruksmaskiner, nyttekj\u00f8ret\u00f8y, anleggskj\u00f8ret\u00f8y, skogsmaskiner, terrengkj\u00f8ret\u00f8y og firehjulinger.<br \/>OSRAM LEDriving Cube VX80-SP er allsidig og fleksibel.<\/p>","protected":false},"excerpt":{"rendered":"<p>Arbeidslampe med spotlight, n\u00e5r du trenger god belysning p\u00e5 lengre avstand.<\/p>","protected":false},"featured_media":7679,"comment_status":"closed","ping_status":"open","template":"","meta":{"_acf_changed":false,"_smort_price_nok":"1196","_smort_price_dkk":"760","_smort_price_eur":"101.81","_smort_sale_price_nok":"","_smort_sale_price_dkk":"","_smort_sale_price_eur":"","smort_restorder":"","shipmondo_restorder":"","_kad_blocks_custom_css":"","_kad_blocks_head_custom_js":"","_kad_blocks_body_custom_js":"","_kad_blocks_footer_custom_js":"","smort_custom_pricelist_1":"716.8","smort_custom_pricelist_2":"716.8","smort_custom_pricelist_3":"680.96","smort_custom_pricelist_4":"896","smort_custom_pricelist_5":"716.8"},"anvandningsomrade":[],"bilmarken":[],"product_brand":[108],"product_cat":[2639,508],"product_tag":[],"class_list":{"0":"post-7678","1":"product","2":"type-product","3":"status-publish","4":"has-post-thumbnail","6":"product_brand-osram","7":"product_cat-osram-ledriving-arbetsbelysning","8":"product_cat-arbetsbelysning","9":"pa_fargtemperatur-6000k","10":"pa_fuktskydd-varde-ipxx-ip67","11":"pa_godkannande-ece-r10","12":"pa_storlek-mm-80x70x85","13":"pa_volt-v-12-24","15":"first","16":"instock","17":"taxable","18":"shipping-taxable","19":"purchasable","20":"product-type-simple"},"bundled_by":[],"bundle_stock_status":"instock","bundle_stock_quantity":2,"bundle_virtual":false,"bundle_layout":"","bundle_add_to_cart_form_location":"","bundle_editable_in_cart":false,"bundle_sold_individually_context":"","bundle_item_grouping":"","bundle_min_size":"","bundle_max_size":"","bundle_price":[],"bundled_items":[],"bundle_sell_ids":[],"acf":[],"yoast_head":"<!-- This site is optimized with the Yoast SEO plugin v27.0 - https:\/\/yoast.com\/product\/yoast-seo-wordpress\/ -->\n<title>LEDriving\u00ae CUBE VX80-SP - Xenonkungen<\/title>\n<meta name=\"robots\" content=\"index, follow, max-snippet:-1, max-image-preview:large, max-video-preview:-1\" \/>\n<link rel=\"canonical\" href=\"https:\/\/xenonkungen.com\/no\/produkt\/ledende-kube-vx80-sp\/\" \/>\n<meta property=\"og:locale\" content=\"nb_NO\" \/>\n<meta property=\"og:type\" content=\"article\" \/>\n<meta property=\"og:title\" content=\"LEDriving\u00ae CUBE VX80-SP - Xenonkungen\" \/>\n<meta property=\"og:description\" content=\"Arbetsljus med spotljusbild, n\u00e4r ni beh\u00f6ver bra belysning l\u00e4ngre bort.\" \/>\n<meta property=\"og:url\" content=\"https:\/\/xenonkungen.com\/no\/produkt\/ledende-kube-vx80-sp\/\" \/>\n<meta property=\"og:site_name\" content=\"Xenonkungen\" \/>\n<meta property=\"article:modified_time\" content=\"2025-12-10T13:49:19+00:00\" \/>\n<meta property=\"og:image\" content=\"https:\/\/xenonkungen.com\/wp-content\/uploads\/2025\/04\/178266353-origpic-da9ecc.jpg\" \/>\n\t<meta property=\"og:image:width\" content=\"900\" \/>\n\t<meta property=\"og:image:height\" content=\"900\" \/>\n\t<meta property=\"og:image:type\" content=\"image\/jpeg\" \/>\n<meta name=\"twitter:card\" content=\"summary_large_image\" \/>\n<meta name=\"twitter:label1\" content=\"Ansl. lesetid\" \/>\n\t<meta name=\"twitter:data1\" content=\"2 minutter\" \/>\n<script type=\"application\/ld+json\" class=\"yoast-schema-graph\">{\"@context\":\"https:\/\/schema.org\",\"@graph\":[{\"@type\":\"WebPage\",\"@id\":\"https:\/\/xenonkungen.com\/produkt\/ledriving-cube-vx80-sp\/\",\"url\":\"https:\/\/xenonkungen.com\/produkt\/ledriving-cube-vx80-sp\/\",\"name\":\"LEDriving\u00ae CUBE VX80-SP - Xenonkungen\",\"isPartOf\":{\"@id\":\"https:\/\/xenonkungen.com\/#website\"},\"primaryImageOfPage\":{\"@id\":\"https:\/\/xenonkungen.com\/produkt\/ledriving-cube-vx80-sp\/#primaryimage\"},\"image\":{\"@id\":\"https:\/\/xenonkungen.com\/produkt\/ledriving-cube-vx80-sp\/#primaryimage\"},\"thumbnailUrl\":\"https:\/\/xenonkungen.com\/wp-content\/uploads\/2025\/04\/178266353-origpic-da9ecc.jpg\",\"datePublished\":\"2025-04-15T09:58:07+00:00\",\"dateModified\":\"2025-12-10T13:49:19+00:00\",\"breadcrumb\":{\"@id\":\"https:\/\/xenonkungen.com\/produkt\/ledriving-cube-vx80-sp\/#breadcrumb\"},\"inLanguage\":\"nb-NO\",\"potentialAction\":[{\"@type\":\"ReadAction\",\"target\":[\"https:\/\/xenonkungen.com\/produkt\/ledriving-cube-vx80-sp\/\"]}]},{\"@type\":\"ImageObject\",\"inLanguage\":\"nb-NO\",\"@id\":\"https:\/\/xenonkungen.com\/produkt\/ledriving-cube-vx80-sp\/#primaryimage\",\"url\":\"https:\/\/xenonkungen.com\/wp-content\/uploads\/2025\/04\/178266353-origpic-da9ecc.jpg\",\"contentUrl\":\"https:\/\/xenonkungen.com\/wp-content\/uploads\/2025\/04\/178266353-origpic-da9ecc.jpg\",\"width\":900,\"height\":900},{\"@type\":\"BreadcrumbList\",\"@id\":\"https:\/\/xenonkungen.com\/produkt\/ledriving-cube-vx80-sp\/#breadcrumb\",\"itemListElement\":[{\"@type\":\"ListItem\",\"position\":1,\"name\":\"Hem\",\"item\":\"https:\/\/xenonkungen.com\/\"},{\"@type\":\"ListItem\",\"position\":2,\"name\":\"Shop\",\"item\":\"https:\/\/xenonkungen.com\/shop\/\"},{\"@type\":\"ListItem\",\"position\":3,\"name\":\"LEDriving\u00ae CUBE VX80-SP\"}]},{\"@type\":\"WebSite\",\"@id\":\"https:\/\/xenonkungen.com\/#website\",\"url\":\"https:\/\/xenonkungen.com\/\",\"name\":\"Xenonkungen\",\"description\":\"\",\"potentialAction\":[{\"@type\":\"SearchAction\",\"target\":{\"@type\":\"EntryPoint\",\"urlTemplate\":\"https:\/\/xenonkungen.com\/?s={search_term_string}\"},\"query-input\":{\"@type\":\"PropertyValueSpecification\",\"valueRequired\":true,\"valueName\":\"search_term_string\"}}],\"inLanguage\":\"nb-NO\"}]}<\/script>\n<!-- \/ Yoast SEO plugin. -->","yoast_head_json":{"title":"LEDriving\u00ae CUBE VX80-SP \u2013 Xenon-kongen","robots":{"index":"index","follow":"follow","max-snippet":"max-snippet:-1","max-image-preview":"max-image-preview:large","max-video-preview":"max-video-preview:-1"},"canonical":"https:\/\/xenonkungen.com\/no\/produkt\/ledende-kube-vx80-sp\/","og_locale":"nb_NO","og_type":"article","og_title":"LEDriving\u00ae CUBE VX80-SP - Xenonkungen","og_description":"Arbetsljus med spotljusbild, n\u00e4r ni beh\u00f6ver bra belysning l\u00e4ngre bort.","og_url":"https:\/\/xenonkungen.com\/no\/produkt\/ledende-kube-vx80-sp\/","og_site_name":"Xenonkungen","article_modified_time":"2025-12-10T13:49:19+00:00","og_image":[{"width":900,"height":900,"url":"https:\/\/xenonkungen.com\/wp-content\/uploads\/2025\/04\/178266353-origpic-da9ecc.jpg","type":"image\/jpeg"}],"twitter_card":"summary_large_image","twitter_misc":{"Ansl. lesetid":"2 minutter"},"schema":{"@context":"https:\/\/schema.org","@graph":[{"@type":"WebPage","@id":"https:\/\/xenonkungen.com\/produkt\/ledriving-cube-vx80-sp\/","url":"https:\/\/xenonkungen.com\/produkt\/ledriving-cube-vx80-sp\/","name":"LEDriving\u00ae CUBE VX80-SP \u2013 Xenon-kongen","isPartOf":{"@id":"https:\/\/xenonkungen.com\/#website"},"primaryImageOfPage":{"@id":"https:\/\/xenonkungen.com\/produkt\/ledriving-cube-vx80-sp\/#primaryimage"},"image":{"@id":"https:\/\/xenonkungen.com\/produkt\/ledriving-cube-vx80-sp\/#primaryimage"},"thumbnailUrl":"https:\/\/xenonkungen.com\/wp-content\/uploads\/2025\/04\/178266353-origpic-da9ecc.jpg","datePublished":"2025-04-15T09:58:07+00:00","dateModified":"2025-12-10T13:49:19+00:00","breadcrumb":{"@id":"https:\/\/xenonkungen.com\/produkt\/ledriving-cube-vx80-sp\/#breadcrumb"},"inLanguage":"nb-NO","potentialAction":[{"@type":"ReadAction","target":["https:\/\/xenonkungen.com\/produkt\/ledriving-cube-vx80-sp\/"]}]},{"@type":"ImageObject","inLanguage":"nb-NO","@id":"https:\/\/xenonkungen.com\/produkt\/ledriving-cube-vx80-sp\/#primaryimage","url":"https:\/\/xenonkungen.com\/wp-content\/uploads\/2025\/04\/178266353-origpic-da9ecc.jpg","contentUrl":"https:\/\/xenonkungen.com\/wp-content\/uploads\/2025\/04\/178266353-origpic-da9ecc.jpg","width":900,"height":900},{"@type":"BreadcrumbList","@id":"https:\/\/xenonkungen.com\/produkt\/ledriving-cube-vx80-sp\/#breadcrumb","itemListElement":[{"@type":"ListItem","position":1,"name":"Hem","item":"https:\/\/xenonkungen.com\/"},{"@type":"ListItem","position":2,"name":"Shop","item":"https:\/\/xenonkungen.com\/shop\/"},{"@type":"ListItem","position":3,"name":"LEDriving\u00ae CUBE VX80-SP"}]},{"@type":"WebSite","@id":"https:\/\/xenonkungen.com\/#website","url":"https:\/\/xenonkungen.com\/","name":"Xenonkungen","description":"","potentialAction":[{"@type":"SearchAction","target":{"@type":"EntryPoint","urlTemplate":"https:\/\/xenonkungen.com\/?s={search_term_string}"},"query-input":{"@type":"PropertyValueSpecification","valueRequired":true,"valueName":"search_term_string"}}],"inLanguage":"nb-NO"}]}},"taxonomy_info":{"product_brand":[{"value":108,"label":"OSRAM"}],"product_cat":[{"value":2639,"label":"OSRAM Ledriving"},{"value":508,"label":"Arbetsbelysning"}],"pa_fargtemperatur":[{"value":188,"label":"6000K"}],"pa_fuktskydd-varde-ipxx":[{"value":333,"label":"IP67"}],"pa_godkannande":[{"value":966,"label":"ECE, R10"}],"pa_storlek-mm":[{"value":1981,"label":"80x70x85"}],"pa_volt-v":[{"value":348,"label":"12, 24"}]},"featured_image_src_large":["https:\/\/xenonkungen.com\/wp-content\/uploads\/2025\/04\/178266353-origpic-da9ecc.jpg",900,900,false],"author_info":[],"comment_info":0,"_links":{"self":[{"href":"https:\/\/xenonkungen.com\/no\/wp-json\/wp\/v2\/product\/7678","targetHints":{"allow":["GET"]}}],"collection":[{"href":"https:\/\/xenonkungen.com\/no\/wp-json\/wp\/v2\/product"}],"about":[{"href":"https:\/\/xenonkungen.com\/no\/wp-json\/wp\/v2\/types\/product"}],"replies":[{"embeddable":true,"href":"https:\/\/xenonkungen.com\/no\/wp-json\/wp\/v2\/comments?post=7678"}],"wp:featuredmedia":[{"embeddable":true,"href":"https:\/\/xenonkungen.com\/no\/wp-json\/wp\/v2\/media\/7679"}],"wp:attachment":[{"href":"https:\/\/xenonkungen.com\/no\/wp-json\/wp\/v2\/media?parent=7678"}],"wp:term":[{"taxonomy":"anvandningsomrade","embeddable":true,"href":"https:\/\/xenonkungen.com\/no\/wp-json\/wp\/v2\/anvandningsomrade?post=7678"},{"taxonomy":"bilmarken","embeddable":true,"href":"https:\/\/xenonkungen.com\/no\/wp-json\/wp\/v2\/bilmarken?post=7678"},{"taxonomy":"product_brand","embeddable":true,"href":"https:\/\/xenonkungen.com\/no\/wp-json\/wp\/v2\/product_brand?post=7678"},{"taxonomy":"product_cat","embeddable":true,"href":"https:\/\/xenonkungen.com\/no\/wp-json\/wp\/v2\/product_cat?post=7678"},{"taxonomy":"product_tag","embeddable":true,"href":"https:\/\/xenonkungen.com\/no\/wp-json\/wp\/v2\/product_tag?post=7678"}],"curies":[{"name":"wp","href":"https:\/\/api.w.org\/{rel}","templated":true}]}}