{"id":7686,"date":"2025-04-15T09:58:35","date_gmt":"2025-04-15T09:58:35","guid":{"rendered":"https:\/\/xenonkungen.com\/product\/ledguardian-road-flare-signal-ta20\/"},"modified":"2026-03-04T16:36:51","modified_gmt":"2026-03-04T15:36:51","slug":"ledguardian-veisignal-ta20","status":"publish","type":"product","link":"https:\/\/xenonkungen.com\/no\/produkt\/ledguardian-veisignal-ta20\/","title":{"rendered":"LEDguardian\u00ae ROAD FLARE Signal TA20"},"content":{"rendered":"<h1>Alltid forberedt med OSRAM LEDguardian ROAD FLARE Signal TA20<\/h1>\n<p>N\u00e5r sikkerheten st\u00e5r p\u00e5 spill, er det viktig \u00e5 v\u00e6re godt forberedt. OSRAM LEDguardian ROAD FLARE Signal TA20 er din p\u00e5litelige f\u00f8lgesvenn i n\u00f8dsituasjoner p\u00e5 veien. Det er godkjent i henhold til \u00a753(a) TA20 StVZO, og oppfyller alle krav for bruk i Tyskland som et supplement til den obligatoriske varseltrekanten. Med sitt 360-graders synlige gule lys er det synlig p\u00e5 lang avstand og advarer effektivt andre trafikanter mot potensielle farer.<\/p>\n<p>I tilfelle en ulykke eller et havari kan du raskt og enkelt plassere LEDguardian ROAD FLARE p\u00e5 biltaket ved hjelp av det kraftige magnetfestet. I motsetning til passive, reflekterende varseltrekanter har dette varsellyset aktiv, blinkende belysning som umiddelbart gj\u00f8r oppmerksom p\u00e5 faresonen - b\u00e5de dag og natt. Med 18 lysdioder med lang levetid, en lysstyrke p\u00e5 opptil 140 lumen og en fargetemperatur p\u00e5 2 000 K er du godt synlig n\u00e5r som helst p\u00e5 d\u00f8gnet.<\/p>\n<p>Denne varsellampen er designet for \u00e5 v\u00e6re kompakt og enkel \u00e5 bruke, og den er lett \u00e5 oppbevare i bilen slik at den alltid er klar til bruk ved behov. Det integrerte litiumionbatteriet p\u00e5 5 200 mAh lades enkelt via den medf\u00f8lgende USB-C-kabelen, slik at du alltid har str\u00f8m n\u00e5r du trenger det.<\/p>\n<p>OSRAM LEDguardian ROAD FLARE Signal TA20 er bygget for \u00e5 t\u00e5le ekstreme forhold. Den er grundig testet i v\u00e5rt sertifiserte milj\u00f8simuleringslaboratorium og oppfyller beskyttelsesklasse IP54, noe som betyr at den er motstandsdyktig mot vann, st\u00f8v og st\u00f8t, og t\u00e5ler sterk vind p\u00e5 opptil 210 N\/m.<\/p>\n<p>Uansett hvor du er, s\u00f8rg for at du er klar for det uventede med OSRAM LEDguardian ROAD FLARE Signal TA20. V\u00e6r oppmerksom p\u00e5 at det kan gjelde spesielle lovkrav for bruk av denne typen varsellys utenfor Tyskland. Vi tilbyr 2 \u00e5rs garanti p\u00e5 dette produktet* - for din trygghet p\u00e5 veien.<\/p>","protected":false},"excerpt":{"rendered":"<p>Lys er sikkerhet, og med OSRAM f\u00e5r du den tryggheten du trenger p\u00e5 veien. Enten du kj\u00f8rer gjennom m\u00f8rke landskap eller i tett trafikk, er det avgj\u00f8rende at du b\u00e5de ser og blir sett. OSRAMs innovative belysningsl\u00f8sninger sikrer ikke bare optimal synlighet, men ogs\u00e5 \u00f8kt sikkerhet for deg og dine medtrafikanter. Invester i kvalitet, invester i sikkerhet - velg OSRAM for \u00e5 lyse opp veien og sikre at du alltid er synlig.<\/p>","protected":false},"featured_media":7687,"comment_status":"closed","ping_status":"open","template":"","meta":{"_acf_changed":false,"_smort_price_nok":"849","_smort_price_dkk":"539","_smort_price_eur":"72.27","_smort_sale_price_nok":"","_smort_sale_price_dkk":"","_smort_sale_price_eur":"","smort_restorder":"","shipmondo_restorder":"","_kad_blocks_custom_css":"","_kad_blocks_head_custom_js":"","_kad_blocks_body_custom_js":"","_kad_blocks_footer_custom_js":"","smort_custom_pricelist_1":"508.8","smort_custom_pricelist_2":"445.2","smort_custom_pricelist_3":"413.4","smort_custom_pricelist_4":"636","smort_custom_pricelist_5":"445.2"},"anvandningsomrade":[],"bilmarken":[],"product_brand":[108],"product_cat":[2554,1061],"product_tag":[],"class_list":{"0":"post-7686","1":"product","2":"type-product","3":"status-publish","4":"has-post-thumbnail","6":"product_brand-osram","7":"product_cat-portabla-varningsljus","8":"product_cat-varningsljus","9":"pa_fargtemperatur-amber-1900k","10":"pa_fuktskydd-varde-ipxx-ip54","11":"pa_storlek-mm-73x91x91","12":"pa_volt-v-1987","14":"first","15":"instock","16":"taxable","17":"shipping-taxable","18":"purchasable","19":"product-type-simple"},"bundled_by":[],"bundle_stock_status":"instock","bundle_stock_quantity":3,"bundle_virtual":false,"bundle_layout":"","bundle_add_to_cart_form_location":"","bundle_editable_in_cart":false,"bundle_sold_individually_context":"","bundle_item_grouping":"","bundle_min_size":"","bundle_max_size":"","bundle_price":[],"bundled_items":[],"bundle_sell_ids":[],"acf":[],"yoast_head":"<!-- This site is optimized with the Yoast SEO plugin v27.0 - https:\/\/yoast.com\/product\/yoast-seo-wordpress\/ -->\n<title>LEDguardian\u00ae ROAD FLARE Signal TA20 - Xenonkungen<\/title>\n<meta name=\"robots\" content=\"index, follow, max-snippet:-1, max-image-preview:large, max-video-preview:-1\" \/>\n<link rel=\"canonical\" href=\"https:\/\/xenonkungen.com\/no\/produkt\/ledguardian-veisignal-ta20\/\" \/>\n<meta property=\"og:locale\" content=\"nb_NO\" \/>\n<meta property=\"og:type\" content=\"article\" \/>\n<meta property=\"og:title\" content=\"LEDguardian\u00ae ROAD FLARE Signal TA20 - Xenonkungen\" \/>\n<meta property=\"og:description\" content=\"Ljus \u00e4r s\u00e4kerhet, och med OSRAM f\u00e5r du den trygghet du beh\u00f6ver p\u00e5 v\u00e4gen. Oavsett om du k\u00f6r genom m\u00f6rka landskap eller i t\u00e4t trafik, \u00e4r det avg\u00f6rande att b\u00e5de se och bli sedd. OSRAM innovativa belysningsl\u00f6sningar garanterar inte bara optimal synlighet, utan ocks\u00e5 \u00f6kad s\u00e4kerhet f\u00f6r dig och dina medtrafikanter. Investera i kvalitet, investera i s\u00e4kerhet \u2013 v\u00e4lj OSRAM f\u00f6r att lysa upp v\u00e4gen och s\u00e4kerst\u00e4lla att du alltid \u00e4r synlig.\" \/>\n<meta property=\"og:url\" content=\"https:\/\/xenonkungen.com\/no\/produkt\/ledguardian-veisignal-ta20\/\" \/>\n<meta property=\"og:site_name\" content=\"Xenonkungen\" \/>\n<meta property=\"article:modified_time\" content=\"2026-03-04T15:36:51+00:00\" \/>\n<meta property=\"og:image\" content=\"https:\/\/xenonkungen.com\/wp-content\/uploads\/2025\/04\/215221483-origpic-cffc5e.jpg\" \/>\n\t<meta property=\"og:image:width\" content=\"736\" \/>\n\t<meta property=\"og:image:height\" content=\"770\" \/>\n\t<meta property=\"og:image:type\" content=\"image\/jpeg\" \/>\n<meta name=\"twitter:card\" content=\"summary_large_image\" \/>\n<meta name=\"twitter:label1\" content=\"Ansl. lesetid\" \/>\n\t<meta name=\"twitter:data1\" content=\"2 minutter\" \/>\n<script type=\"application\/ld+json\" class=\"yoast-schema-graph\">{\"@context\":\"https:\/\/schema.org\",\"@graph\":[{\"@type\":\"WebPage\",\"@id\":\"https:\/\/xenonkungen.com\/produkt\/ledguardian-road-flare-signal-ta20\/\",\"url\":\"https:\/\/xenonkungen.com\/produkt\/ledguardian-road-flare-signal-ta20\/\",\"name\":\"LEDguardian\u00ae ROAD FLARE Signal TA20 - Xenonkungen\",\"isPartOf\":{\"@id\":\"https:\/\/xenonkungen.com\/#website\"},\"primaryImageOfPage\":{\"@id\":\"https:\/\/xenonkungen.com\/produkt\/ledguardian-road-flare-signal-ta20\/#primaryimage\"},\"image\":{\"@id\":\"https:\/\/xenonkungen.com\/produkt\/ledguardian-road-flare-signal-ta20\/#primaryimage\"},\"thumbnailUrl\":\"https:\/\/xenonkungen.com\/wp-content\/uploads\/2025\/04\/215221483-origpic-cffc5e.jpg\",\"datePublished\":\"2025-04-15T09:58:35+00:00\",\"dateModified\":\"2026-03-04T15:36:51+00:00\",\"breadcrumb\":{\"@id\":\"https:\/\/xenonkungen.com\/produkt\/ledguardian-road-flare-signal-ta20\/#breadcrumb\"},\"inLanguage\":\"nb-NO\",\"potentialAction\":[{\"@type\":\"ReadAction\",\"target\":[\"https:\/\/xenonkungen.com\/produkt\/ledguardian-road-flare-signal-ta20\/\"]}]},{\"@type\":\"ImageObject\",\"inLanguage\":\"nb-NO\",\"@id\":\"https:\/\/xenonkungen.com\/produkt\/ledguardian-road-flare-signal-ta20\/#primaryimage\",\"url\":\"https:\/\/xenonkungen.com\/wp-content\/uploads\/2025\/04\/215221483-origpic-cffc5e.jpg\",\"contentUrl\":\"https:\/\/xenonkungen.com\/wp-content\/uploads\/2025\/04\/215221483-origpic-cffc5e.jpg\",\"width\":736,\"height\":770},{\"@type\":\"BreadcrumbList\",\"@id\":\"https:\/\/xenonkungen.com\/produkt\/ledguardian-road-flare-signal-ta20\/#breadcrumb\",\"itemListElement\":[{\"@type\":\"ListItem\",\"position\":1,\"name\":\"Hem\",\"item\":\"https:\/\/xenonkungen.com\/\"},{\"@type\":\"ListItem\",\"position\":2,\"name\":\"Shop\",\"item\":\"https:\/\/xenonkungen.com\/shop\/\"},{\"@type\":\"ListItem\",\"position\":3,\"name\":\"LEDguardian\u00ae ROAD FLARE Signal TA20\"}]},{\"@type\":\"WebSite\",\"@id\":\"https:\/\/xenonkungen.com\/#website\",\"url\":\"https:\/\/xenonkungen.com\/\",\"name\":\"Xenonkungen\",\"description\":\"\",\"potentialAction\":[{\"@type\":\"SearchAction\",\"target\":{\"@type\":\"EntryPoint\",\"urlTemplate\":\"https:\/\/xenonkungen.com\/?s={search_term_string}\"},\"query-input\":{\"@type\":\"PropertyValueSpecification\",\"valueRequired\":true,\"valueName\":\"search_term_string\"}}],\"inLanguage\":\"nb-NO\"}]}<\/script>\n<!-- \/ Yoast SEO plugin. -->","yoast_head_json":{"title":"LEDguardian\u00ae ROAD FLARE Signal TA20 \u2013 Xenon-kongen","robots":{"index":"index","follow":"follow","max-snippet":"max-snippet:-1","max-image-preview":"max-image-preview:large","max-video-preview":"max-video-preview:-1"},"canonical":"https:\/\/xenonkungen.com\/no\/produkt\/ledguardian-veisignal-ta20\/","og_locale":"nb_NO","og_type":"article","og_title":"LEDguardian\u00ae ROAD FLARE Signal TA20 - Xenonkungen","og_description":"Ljus \u00e4r s\u00e4kerhet, och med OSRAM f\u00e5r du den trygghet du beh\u00f6ver p\u00e5 v\u00e4gen. Oavsett om du k\u00f6r genom m\u00f6rka landskap eller i t\u00e4t trafik, \u00e4r det avg\u00f6rande att b\u00e5de se och bli sedd. OSRAM innovativa belysningsl\u00f6sningar garanterar inte bara optimal synlighet, utan ocks\u00e5 \u00f6kad s\u00e4kerhet f\u00f6r dig och dina medtrafikanter. Investera i kvalitet, investera i s\u00e4kerhet \u2013 v\u00e4lj OSRAM f\u00f6r att lysa upp v\u00e4gen och s\u00e4kerst\u00e4lla att du alltid \u00e4r synlig.","og_url":"https:\/\/xenonkungen.com\/no\/produkt\/ledguardian-veisignal-ta20\/","og_site_name":"Xenonkungen","article_modified_time":"2026-03-04T15:36:51+00:00","og_image":[{"width":736,"height":770,"url":"https:\/\/xenonkungen.com\/wp-content\/uploads\/2025\/04\/215221483-origpic-cffc5e.jpg","type":"image\/jpeg"}],"twitter_card":"summary_large_image","twitter_misc":{"Ansl. lesetid":"2 minutter"},"schema":{"@context":"https:\/\/schema.org","@graph":[{"@type":"WebPage","@id":"https:\/\/xenonkungen.com\/produkt\/ledguardian-road-flare-signal-ta20\/","url":"https:\/\/xenonkungen.com\/produkt\/ledguardian-road-flare-signal-ta20\/","name":"LEDguardian\u00ae ROAD FLARE Signal TA20 \u2013 Xenon-kongen","isPartOf":{"@id":"https:\/\/xenonkungen.com\/#website"},"primaryImageOfPage":{"@id":"https:\/\/xenonkungen.com\/produkt\/ledguardian-road-flare-signal-ta20\/#primaryimage"},"image":{"@id":"https:\/\/xenonkungen.com\/produkt\/ledguardian-road-flare-signal-ta20\/#primaryimage"},"thumbnailUrl":"https:\/\/xenonkungen.com\/wp-content\/uploads\/2025\/04\/215221483-origpic-cffc5e.jpg","datePublished":"2025-04-15T09:58:35+00:00","dateModified":"2026-03-04T15:36:51+00:00","breadcrumb":{"@id":"https:\/\/xenonkungen.com\/produkt\/ledguardian-road-flare-signal-ta20\/#breadcrumb"},"inLanguage":"nb-NO","potentialAction":[{"@type":"ReadAction","target":["https:\/\/xenonkungen.com\/produkt\/ledguardian-road-flare-signal-ta20\/"]}]},{"@type":"ImageObject","inLanguage":"nb-NO","@id":"https:\/\/xenonkungen.com\/produkt\/ledguardian-road-flare-signal-ta20\/#primaryimage","url":"https:\/\/xenonkungen.com\/wp-content\/uploads\/2025\/04\/215221483-origpic-cffc5e.jpg","contentUrl":"https:\/\/xenonkungen.com\/wp-content\/uploads\/2025\/04\/215221483-origpic-cffc5e.jpg","width":736,"height":770},{"@type":"BreadcrumbList","@id":"https:\/\/xenonkungen.com\/produkt\/ledguardian-road-flare-signal-ta20\/#breadcrumb","itemListElement":[{"@type":"ListItem","position":1,"name":"Hem","item":"https:\/\/xenonkungen.com\/"},{"@type":"ListItem","position":2,"name":"Shop","item":"https:\/\/xenonkungen.com\/shop\/"},{"@type":"ListItem","position":3,"name":"LEDguardian\u00ae ROAD FLARE Signal TA20"}]},{"@type":"WebSite","@id":"https:\/\/xenonkungen.com\/#website","url":"https:\/\/xenonkungen.com\/","name":"Xenonkungen","description":"","potentialAction":[{"@type":"SearchAction","target":{"@type":"EntryPoint","urlTemplate":"https:\/\/xenonkungen.com\/?s={search_term_string}"},"query-input":{"@type":"PropertyValueSpecification","valueRequired":true,"valueName":"search_term_string"}}],"inLanguage":"nb-NO"}]}},"taxonomy_info":{"product_brand":[{"value":108,"label":"OSRAM"}],"product_cat":[{"value":2554,"label":"Portabla varningsljus"},{"value":1061,"label":"Varningsljus"}],"pa_fargtemperatur":[{"value":1986,"label":"Amber 1900K"}],"pa_fuktskydd-varde-ipxx":[{"value":1318,"label":"IP54"}],"pa_storlek-mm":[{"value":1985,"label":"73x91x91"}],"pa_volt-v":[{"value":1987,"label":"5"}]},"featured_image_src_large":["https:\/\/xenonkungen.com\/wp-content\/uploads\/2025\/04\/215221483-origpic-cffc5e.jpg",736,770,false],"author_info":[],"comment_info":0,"_links":{"self":[{"href":"https:\/\/xenonkungen.com\/no\/wp-json\/wp\/v2\/product\/7686","targetHints":{"allow":["GET"]}}],"collection":[{"href":"https:\/\/xenonkungen.com\/no\/wp-json\/wp\/v2\/product"}],"about":[{"href":"https:\/\/xenonkungen.com\/no\/wp-json\/wp\/v2\/types\/product"}],"replies":[{"embeddable":true,"href":"https:\/\/xenonkungen.com\/no\/wp-json\/wp\/v2\/comments?post=7686"}],"wp:featuredmedia":[{"embeddable":true,"href":"https:\/\/xenonkungen.com\/no\/wp-json\/wp\/v2\/media\/7687"}],"wp:attachment":[{"href":"https:\/\/xenonkungen.com\/no\/wp-json\/wp\/v2\/media?parent=7686"}],"wp:term":[{"taxonomy":"anvandningsomrade","embeddable":true,"href":"https:\/\/xenonkungen.com\/no\/wp-json\/wp\/v2\/anvandningsomrade?post=7686"},{"taxonomy":"bilmarken","embeddable":true,"href":"https:\/\/xenonkungen.com\/no\/wp-json\/wp\/v2\/bilmarken?post=7686"},{"taxonomy":"product_brand","embeddable":true,"href":"https:\/\/xenonkungen.com\/no\/wp-json\/wp\/v2\/product_brand?post=7686"},{"taxonomy":"product_cat","embeddable":true,"href":"https:\/\/xenonkungen.com\/no\/wp-json\/wp\/v2\/product_cat?post=7686"},{"taxonomy":"product_tag","embeddable":true,"href":"https:\/\/xenonkungen.com\/no\/wp-json\/wp\/v2\/product_tag?post=7686"}],"curies":[{"name":"wp","href":"https:\/\/api.w.org\/{rel}","templated":true}]}}