{"id":7695,"date":"2025-04-15T09:58:35","date_gmt":"2025-04-15T09:58:35","guid":{"rendered":"https:\/\/xenonkungen.com\/product\/ledguardian-truck-flare-signal-ta19\/"},"modified":"2025-12-10T14:49:20","modified_gmt":"2025-12-10T13:49:20","slug":"ledguardian-lastebil-blusssignal-ta19","status":"publish","type":"product","link":"https:\/\/xenonkungen.com\/no\/produkt\/ledguardian-lastebil-blusssignal-ta19\/","title":{"rendered":"LEDguardian\u00ae TRUCK FLARE Signal TA19"},"content":{"rendered":"<section>\n<h1>Se og bli sett med OSRAM LEDguardian TRUCK FLARE Signal TA19 - For din sikkerhet p\u00e5 veien<\/h1>\n<p>N\u00e5r sikkerheten er viktigst, kan du stole p\u00e5 OSRAM LEDguardian TRUCK FLARE Signal TA19. Dette kraftige LED-varsellyset er din uunnv\u00e6rlige f\u00f8lgesvenn i n\u00f8dsituasjoner p\u00e5 veien. Med en tydelig oransje blinkende funksjon som er synlig p\u00e5 lang avstand, gj\u00f8r den deg synlig b\u00e5de dag og natt, og advarer effektivt andre trafikanter om en farlig situasjon.<\/p>\n<h3>Obligatorisk for tunge kj\u00f8ret\u00f8y - men anbefales for alle<\/h3>\n<p>OSRAM LEDguardian TRUCK FLARE Signal TA19 er p\u00e5krevd i tysk lov (\u00a753a StVZO) for alle kj\u00f8ret\u00f8y over 3,5 tonn, men vi anbefaler det p\u00e5 det sterkeste for alle kj\u00f8ret\u00f8y. \u00c5 v\u00e6re forberedt med riktig varslingsutstyr kan utgj\u00f8re forskjellen mellom en trygg situasjon og en farlig ulykke.<\/p>\n<h3>Designet for \u00e5 vare under alle forhold<\/h3>\n<p>Den kompakte og robuste utformingen gj\u00f8r TRUCK FLARE enkel \u00e5 oppbevare og sette opp ved behov. Med utfellbare, sklisikre f\u00f8tter kan den raskt plasseres ved varseltrekanten for \u00e5 markere faresonen tydelig. I tillegg er den grundig testet i v\u00e5rt sertifiserte laboratorium og er beskyttet mot vann, st\u00f8v og st\u00f8t med en IP54-klassifisering. Uansett v\u00e6r, TRUCK FLARE holder stand.<\/p>\n<h3>Allsidig bruk - mer enn bare varsellys<\/h3>\n<p>I tillegg til \u00e5 fungere som varsellampe, er TRUCK FLARE ogs\u00e5 en kraftig lommelykt. Med seks h\u00f8ytytende lysdioder og en lysstyrke p\u00e5 opptil 6000K er du ikke bare trygg - du kan ogs\u00e5 bruke den til \u00e5 lyse opp m\u00f8rke omr\u00e5der eller som inspeksjonslys om natten.<\/p>\n<h3>Klar til bruk - Batterier inkludert<\/h3>\n<p>OSRAM LEDguardian TRUCK FLARE er klar til bruk med en gang, takket v\u00e6re batteriene som f\u00f8lger med i pakken. Og med en driftstid p\u00e5 minst 15 timer kan du f\u00f8le deg trygg, selv i lengre n\u00f8dsituasjoner.<\/p>\n<h3>Velg sikkerhet - velg OSRAM LEDguardian TRUCK FLARE<\/h3>\n<p>Gi deg selv og dine medtrafikanter den ekstra sikkerheten som trengs i en n\u00f8dsituasjon. Med OSRAM LEDguardian TRUCK FLARE f\u00e5r du ikke bare et varsellys - du f\u00e5r en p\u00e5litelig sikkerhetsl\u00f8sning som varer i alle situasjoner.<\/p>\n<p>><img loading=\"lazy\" decoding=\"async\" src=\"https:\/\/cdn.abicart.com\/shop\/4404\/files\/Produkter\/Osram\/Web%20publishing-AM_Icon_Cool%20White.webp\" alt=\"\" width=\"84\" height=\"84\" \/> \u00a0 <img loading=\"lazy\" decoding=\"async\" src=\"https:\/\/cdn.abicart.com\/shop\/4404\/files\/Produkter\/Osram\/Web%20publishing-AM_Icon_IP54.webp\" alt=\"\" width=\"84\" height=\"84\" \/> \u00a0 <img loading=\"lazy\" decoding=\"async\" src=\"https:\/\/cdn.abicart.com\/shop\/4404\/files\/Produkter\/Osram\/Web%20publishing-AM_Icon_TA19_Certified.webp\" alt=\"\" width=\"84\" height=\"84\" \/> \u00a0 <img loading=\"lazy\" decoding=\"async\" src=\"https:\/\/cdn.abicart.com\/shop\/4404\/files\/Produkter\/Osram\/Web%20publishing-AM_Icon_2in1_amber.webp\" alt=\"\" width=\"84\" height=\"84\" \/> \u00a0 <img loading=\"lazy\" decoding=\"async\" src=\"https:\/\/cdn.abicart.com\/shop\/4404\/files\/Produkter\/Osram\/Web%20publishing-AM_Icon_4x%20AA%20Dry.webp\" alt=\"\" width=\"84\" height=\"84\" \/><\/p>\n<\/section>","protected":false},"excerpt":{"rendered":"<p>OSRAM LEDguardian TRUCK FLARE Signal TA19 er et kraftig LED-varsellys som gir \u00f8kt sikkerhet i n\u00f8dsituasjoner p\u00e5 veien. Med lang batterilevetid, robust design og h\u00f8y synlighet er det et p\u00e5litelig verkt\u00f8y for alle bileiere.<\/p>","protected":false},"featured_media":7696,"comment_status":"closed","ping_status":"closed","template":"","meta":{"_acf_changed":false,"_smort_price_nok":"600","_smort_price_dkk":"539","_smort_price_eur":"72.27","_smort_sale_price_nok":"600","_smort_sale_price_dkk":"","_smort_sale_price_eur":"51.04","smort_restorder":"","shipmondo_restorder":"","_kad_blocks_custom_css":"","_kad_blocks_head_custom_js":"","_kad_blocks_body_custom_js":"","_kad_blocks_footer_custom_js":"","smort_custom_pricelist_1":"508.8","smort_custom_pricelist_2":"445.2","smort_custom_pricelist_3":"413.4","smort_custom_pricelist_4":"636","smort_custom_pricelist_5":"445.2"},"anvandningsomrade":[],"bilmarken":[],"product_brand":[108],"product_cat":[2647,1320],"product_tag":[],"class_list":{"0":"post-7695","1":"product","2":"type-product","3":"status-publish","4":"has-post-thumbnail","6":"product_brand-osram","7":"product_cat-osram-ficklampor","8":"product_cat-ficklampor","9":"pa_fargtemperatur-2000-6000","10":"pa_fuktskydd-varde-ipxx-ip54","11":"pa_godkannande-ce","12":"pa_storlek-mm-91x43x236","14":"first","15":"instock","16":"sale","17":"taxable","18":"shipping-taxable","19":"purchasable","20":"product-type-simple"},"bundled_by":[],"bundle_stock_status":"instock","bundle_stock_quantity":2,"bundle_virtual":false,"bundle_layout":"","bundle_add_to_cart_form_location":"","bundle_editable_in_cart":false,"bundle_sold_individually_context":"","bundle_item_grouping":"","bundle_min_size":"","bundle_max_size":"","bundle_price":[],"bundled_items":[],"bundle_sell_ids":[],"acf":[],"yoast_head":"<!-- This site is optimized with the Yoast SEO plugin v27.0 - https:\/\/yoast.com\/product\/yoast-seo-wordpress\/ -->\n<title>LEDguardian\u00ae TRUCK FLARE Signal TA19 - Xenonkungen<\/title>\n<meta name=\"robots\" content=\"index, follow, max-snippet:-1, max-image-preview:large, max-video-preview:-1\" \/>\n<link rel=\"canonical\" href=\"https:\/\/xenonkungen.com\/no\/produkt\/ledguardian-lastebil-blusssignal-ta19\/\" \/>\n<meta property=\"og:locale\" content=\"nb_NO\" \/>\n<meta property=\"og:type\" content=\"article\" \/>\n<meta property=\"og:title\" content=\"LEDguardian\u00ae TRUCK FLARE Signal TA19 - Xenonkungen\" \/>\n<meta property=\"og:description\" content=\"OSRAM LEDguardian TRUCK FLARE Signal TA19 \u00e4r en kraftfull LED-varningslampa som ger \u00f6kad s\u00e4kerhet vid n\u00f6dsituationer p\u00e5 v\u00e4gen. Med l\u00e5ng batteritid, robust design och h\u00f6g synlighet, \u00e4r den ett p\u00e5litligt verktyg f\u00f6r alla fordons\u00e4gare.\" \/>\n<meta property=\"og:url\" content=\"https:\/\/xenonkungen.com\/no\/produkt\/ledguardian-lastebil-blusssignal-ta19\/\" \/>\n<meta property=\"og:site_name\" content=\"Xenonkungen\" \/>\n<meta property=\"article:modified_time\" content=\"2025-12-10T13:49:20+00:00\" \/>\n<meta property=\"og:image\" content=\"https:\/\/xenonkungen.com\/wp-content\/uploads\/2025\/04\/215900685-origpic-35924f.jpg\" \/>\n\t<meta property=\"og:image:width\" content=\"1024\" \/>\n\t<meta property=\"og:image:height\" content=\"1024\" \/>\n\t<meta property=\"og:image:type\" content=\"image\/jpeg\" \/>\n<meta name=\"twitter:card\" content=\"summary_large_image\" \/>\n<meta name=\"twitter:label1\" content=\"Ansl. lesetid\" \/>\n\t<meta name=\"twitter:data1\" content=\"2 minutter\" \/>\n<script type=\"application\/ld+json\" class=\"yoast-schema-graph\">{\"@context\":\"https:\/\/schema.org\",\"@graph\":[{\"@type\":\"WebPage\",\"@id\":\"https:\/\/xenonkungen.com\/produkt\/ledguardian-truck-flare-signal-ta19\/\",\"url\":\"https:\/\/xenonkungen.com\/produkt\/ledguardian-truck-flare-signal-ta19\/\",\"name\":\"LEDguardian\u00ae TRUCK FLARE Signal TA19 - Xenonkungen\",\"isPartOf\":{\"@id\":\"https:\/\/xenonkungen.com\/#website\"},\"primaryImageOfPage\":{\"@id\":\"https:\/\/xenonkungen.com\/produkt\/ledguardian-truck-flare-signal-ta19\/#primaryimage\"},\"image\":{\"@id\":\"https:\/\/xenonkungen.com\/produkt\/ledguardian-truck-flare-signal-ta19\/#primaryimage\"},\"thumbnailUrl\":\"https:\/\/xenonkungen.com\/wp-content\/uploads\/2025\/04\/215900685-origpic-35924f.jpg\",\"datePublished\":\"2025-04-15T09:58:35+00:00\",\"dateModified\":\"2025-12-10T13:49:20+00:00\",\"breadcrumb\":{\"@id\":\"https:\/\/xenonkungen.com\/produkt\/ledguardian-truck-flare-signal-ta19\/#breadcrumb\"},\"inLanguage\":\"nb-NO\",\"potentialAction\":[{\"@type\":\"ReadAction\",\"target\":[\"https:\/\/xenonkungen.com\/produkt\/ledguardian-truck-flare-signal-ta19\/\"]}]},{\"@type\":\"ImageObject\",\"inLanguage\":\"nb-NO\",\"@id\":\"https:\/\/xenonkungen.com\/produkt\/ledguardian-truck-flare-signal-ta19\/#primaryimage\",\"url\":\"https:\/\/xenonkungen.com\/wp-content\/uploads\/2025\/04\/215900685-origpic-35924f.jpg\",\"contentUrl\":\"https:\/\/xenonkungen.com\/wp-content\/uploads\/2025\/04\/215900685-origpic-35924f.jpg\",\"width\":1024,\"height\":1024},{\"@type\":\"BreadcrumbList\",\"@id\":\"https:\/\/xenonkungen.com\/produkt\/ledguardian-truck-flare-signal-ta19\/#breadcrumb\",\"itemListElement\":[{\"@type\":\"ListItem\",\"position\":1,\"name\":\"Hem\",\"item\":\"https:\/\/xenonkungen.com\/\"},{\"@type\":\"ListItem\",\"position\":2,\"name\":\"Shop\",\"item\":\"https:\/\/xenonkungen.com\/shop\/\"},{\"@type\":\"ListItem\",\"position\":3,\"name\":\"LEDguardian\u00ae TRUCK FLARE Signal TA19\"}]},{\"@type\":\"WebSite\",\"@id\":\"https:\/\/xenonkungen.com\/#website\",\"url\":\"https:\/\/xenonkungen.com\/\",\"name\":\"Xenonkungen\",\"description\":\"\",\"potentialAction\":[{\"@type\":\"SearchAction\",\"target\":{\"@type\":\"EntryPoint\",\"urlTemplate\":\"https:\/\/xenonkungen.com\/?s={search_term_string}\"},\"query-input\":{\"@type\":\"PropertyValueSpecification\",\"valueRequired\":true,\"valueName\":\"search_term_string\"}}],\"inLanguage\":\"nb-NO\"}]}<\/script>\n<!-- \/ Yoast SEO plugin. -->","yoast_head_json":{"title":"LEDguardian\u00ae TRUCK FLARE Signal TA19 \u2013 Xenon-kongen","robots":{"index":"index","follow":"follow","max-snippet":"max-snippet:-1","max-image-preview":"max-image-preview:large","max-video-preview":"max-video-preview:-1"},"canonical":"https:\/\/xenonkungen.com\/no\/produkt\/ledguardian-lastebil-blusssignal-ta19\/","og_locale":"nb_NO","og_type":"article","og_title":"LEDguardian\u00ae TRUCK FLARE Signal TA19 - Xenonkungen","og_description":"OSRAM LEDguardian TRUCK FLARE Signal TA19 \u00e4r en kraftfull LED-varningslampa som ger \u00f6kad s\u00e4kerhet vid n\u00f6dsituationer p\u00e5 v\u00e4gen. Med l\u00e5ng batteritid, robust design och h\u00f6g synlighet, \u00e4r den ett p\u00e5litligt verktyg f\u00f6r alla fordons\u00e4gare.","og_url":"https:\/\/xenonkungen.com\/no\/produkt\/ledguardian-lastebil-blusssignal-ta19\/","og_site_name":"Xenonkungen","article_modified_time":"2025-12-10T13:49:20+00:00","og_image":[{"width":1024,"height":1024,"url":"https:\/\/xenonkungen.com\/wp-content\/uploads\/2025\/04\/215900685-origpic-35924f.jpg","type":"image\/jpeg"}],"twitter_card":"summary_large_image","twitter_misc":{"Ansl. lesetid":"2 minutter"},"schema":{"@context":"https:\/\/schema.org","@graph":[{"@type":"WebPage","@id":"https:\/\/xenonkungen.com\/produkt\/ledguardian-truck-flare-signal-ta19\/","url":"https:\/\/xenonkungen.com\/produkt\/ledguardian-truck-flare-signal-ta19\/","name":"LEDguardian\u00ae TRUCK FLARE Signal TA19 \u2013 Xenon-kongen","isPartOf":{"@id":"https:\/\/xenonkungen.com\/#website"},"primaryImageOfPage":{"@id":"https:\/\/xenonkungen.com\/produkt\/ledguardian-truck-flare-signal-ta19\/#primaryimage"},"image":{"@id":"https:\/\/xenonkungen.com\/produkt\/ledguardian-truck-flare-signal-ta19\/#primaryimage"},"thumbnailUrl":"https:\/\/xenonkungen.com\/wp-content\/uploads\/2025\/04\/215900685-origpic-35924f.jpg","datePublished":"2025-04-15T09:58:35+00:00","dateModified":"2025-12-10T13:49:20+00:00","breadcrumb":{"@id":"https:\/\/xenonkungen.com\/produkt\/ledguardian-truck-flare-signal-ta19\/#breadcrumb"},"inLanguage":"nb-NO","potentialAction":[{"@type":"ReadAction","target":["https:\/\/xenonkungen.com\/produkt\/ledguardian-truck-flare-signal-ta19\/"]}]},{"@type":"ImageObject","inLanguage":"nb-NO","@id":"https:\/\/xenonkungen.com\/produkt\/ledguardian-truck-flare-signal-ta19\/#primaryimage","url":"https:\/\/xenonkungen.com\/wp-content\/uploads\/2025\/04\/215900685-origpic-35924f.jpg","contentUrl":"https:\/\/xenonkungen.com\/wp-content\/uploads\/2025\/04\/215900685-origpic-35924f.jpg","width":1024,"height":1024},{"@type":"BreadcrumbList","@id":"https:\/\/xenonkungen.com\/produkt\/ledguardian-truck-flare-signal-ta19\/#breadcrumb","itemListElement":[{"@type":"ListItem","position":1,"name":"Hem","item":"https:\/\/xenonkungen.com\/"},{"@type":"ListItem","position":2,"name":"Shop","item":"https:\/\/xenonkungen.com\/shop\/"},{"@type":"ListItem","position":3,"name":"LEDguardian\u00ae TRUCK FLARE Signal TA19"}]},{"@type":"WebSite","@id":"https:\/\/xenonkungen.com\/#website","url":"https:\/\/xenonkungen.com\/","name":"Xenonkungen","description":"","potentialAction":[{"@type":"SearchAction","target":{"@type":"EntryPoint","urlTemplate":"https:\/\/xenonkungen.com\/?s={search_term_string}"},"query-input":{"@type":"PropertyValueSpecification","valueRequired":true,"valueName":"search_term_string"}}],"inLanguage":"nb-NO"}]}},"taxonomy_info":{"product_brand":[{"value":108,"label":"OSRAM"}],"product_cat":[{"value":2647,"label":"Osram"},{"value":1320,"label":"Ficklampor"}],"pa_fargtemperatur":[{"value":1989,"label":"2000 , 6000"}],"pa_fuktskydd-varde-ipxx":[{"value":1318,"label":"IP54"}],"pa_godkannande":[{"value":794,"label":"CE"}],"pa_storlek-mm":[{"value":1988,"label":"91x43x236"}]},"featured_image_src_large":["https:\/\/xenonkungen.com\/wp-content\/uploads\/2025\/04\/215900685-origpic-35924f.jpg",1024,1024,false],"author_info":[],"comment_info":0,"_links":{"self":[{"href":"https:\/\/xenonkungen.com\/no\/wp-json\/wp\/v2\/product\/7695","targetHints":{"allow":["GET"]}}],"collection":[{"href":"https:\/\/xenonkungen.com\/no\/wp-json\/wp\/v2\/product"}],"about":[{"href":"https:\/\/xenonkungen.com\/no\/wp-json\/wp\/v2\/types\/product"}],"replies":[{"embeddable":true,"href":"https:\/\/xenonkungen.com\/no\/wp-json\/wp\/v2\/comments?post=7695"}],"wp:featuredmedia":[{"embeddable":true,"href":"https:\/\/xenonkungen.com\/no\/wp-json\/wp\/v2\/media\/7696"}],"wp:attachment":[{"href":"https:\/\/xenonkungen.com\/no\/wp-json\/wp\/v2\/media?parent=7695"}],"wp:term":[{"taxonomy":"anvandningsomrade","embeddable":true,"href":"https:\/\/xenonkungen.com\/no\/wp-json\/wp\/v2\/anvandningsomrade?post=7695"},{"taxonomy":"bilmarken","embeddable":true,"href":"https:\/\/xenonkungen.com\/no\/wp-json\/wp\/v2\/bilmarken?post=7695"},{"taxonomy":"product_brand","embeddable":true,"href":"https:\/\/xenonkungen.com\/no\/wp-json\/wp\/v2\/product_brand?post=7695"},{"taxonomy":"product_cat","embeddable":true,"href":"https:\/\/xenonkungen.com\/no\/wp-json\/wp\/v2\/product_cat?post=7695"},{"taxonomy":"product_tag","embeddable":true,"href":"https:\/\/xenonkungen.com\/no\/wp-json\/wp\/v2\/product_tag?post=7695"}],"curies":[{"name":"wp","href":"https:\/\/api.w.org\/{rel}","templated":true}]}}