{"id":7705,"date":"2025-04-15T09:58:35","date_gmt":"2025-04-15T09:58:35","guid":{"rendered":"https:\/\/xenonkungen.com\/product\/ledguardian-saver-light-v16-blixtljus-puck\/"},"modified":"2026-05-13T07:52:18","modified_gmt":"2026-05-13T06:52:18","slug":"ledguardian-saver-light-v16-lommelykt-puck","status":"publish","type":"product","link":"https:\/\/xenonkungen.com\/no\/produkt\/ledguardian-saver-light-v16-lommelykt-puck\/","title":{"rendered":"LEDguardian\u00ae Saver Light V16 | Lommelykt puck"},"content":{"rendered":"<h1>OSRAM LEDguardian\u00ae ROAD FLARE Signal V16<\/h1>\n<p>Et varsellys som er synlig p\u00e5 opptil 1000 meters avstand med 360 graders spredning.<\/p>\n<p>I en n\u00f8dsituasjon kan det \u00e5 v\u00e6re synlig v\u00e6re avgj\u00f8rende for b\u00e5de din egen og andre trafikanters sikkerhet. Som et supplement til varseltrekanten gir dette lyset andre bilister enda bedre tid til \u00e5 se hvor du befinner deg p\u00e5 veien. Lyset fungerer i henhold til V16-lysm\u00f8nsteret.<br \/>\nOsram Road Flare V16 monteres enkelt i taket ved hjelp av de innebygde magnetene.<\/p>\n<p>Enheten har et utskiftbart batteri. Det gj\u00f8r det enkelt \u00e5 skifte n\u00e5r batteriet er utladet. Husk \u00e5 funksjonsteste hver 3. m\u00e5ned.<\/p>","protected":false},"excerpt":{"rendered":"<p>Blitslyspuck fra Osram. Godkjent i henhold til de nye V16-reglene!<\/p>","protected":false},"featured_media":7706,"comment_status":"closed","ping_status":"closed","template":"","meta":{"_acf_changed":false,"_smort_price_nok":"315","_smort_price_dkk":"200","_smort_price_eur":"26.82","_smort_sale_price_nok":"","_smort_sale_price_dkk":"","_smort_sale_price_eur":"","smort_restorder":"","shipmondo_restorder":"","_kad_blocks_custom_css":"","_kad_blocks_head_custom_js":"","_kad_blocks_body_custom_js":"","_kad_blocks_footer_custom_js":"","smort_custom_pricelist_1":"188.8","smort_custom_pricelist_2":"165.2","smort_custom_pricelist_3":"153.04","smort_custom_pricelist_4":"236","smort_custom_pricelist_5":"165.2"},"anvandningsomrade":[],"bilmarken":[],"product_brand":[108],"product_cat":[3076,2554,1061],"product_tag":[],"class_list":{"0":"post-7705","1":"product","2":"type-product","3":"status-publish","4":"has-post-thumbnail","6":"product_brand-osram","7":"product_cat-rekommendationer","8":"product_cat-portabla-varningsljus","9":"product_cat-varningsljus","10":"pa_fargtemperatur-1991","11":"pa_fuktskydd-varde-ipxx-ip54","12":"pa_godkannande-ce","13":"pa_storlek-mm-83x57x83","14":"pa_volt-v-170","16":"first","17":"instock","18":"taxable","19":"shipping-taxable","20":"purchasable","21":"product-type-simple"},"bundled_by":[],"bundle_stock_status":"instock","bundle_stock_quantity":22,"bundle_virtual":false,"bundle_layout":"","bundle_add_to_cart_form_location":"","bundle_editable_in_cart":false,"bundle_sold_individually_context":"","bundle_item_grouping":"","bundle_min_size":"","bundle_max_size":"","bundle_price":[],"bundled_items":[],"bundle_sell_ids":[],"acf":[],"yoast_head":"<!-- This site is optimized with the Yoast SEO plugin v27.0 - https:\/\/yoast.com\/product\/yoast-seo-wordpress\/ -->\n<title>LEDguardian\u00ae Saver Light V16 | Blixtljus puck - Xenonkungen<\/title>\n<meta name=\"robots\" content=\"index, follow, max-snippet:-1, max-image-preview:large, max-video-preview:-1\" \/>\n<link rel=\"canonical\" href=\"https:\/\/xenonkungen.com\/no\/produkt\/ledguardian-saver-light-v16-lommelykt-puck\/\" \/>\n<meta property=\"og:locale\" content=\"nb_NO\" \/>\n<meta property=\"og:type\" content=\"article\" \/>\n<meta property=\"og:title\" content=\"LEDguardian\u00ae Saver Light V16 | Blixtljus puck - Xenonkungen\" \/>\n<meta property=\"og:description\" content=\"Blixtljuspuck fr\u00e5n Osram. Godk\u00e4nd enligt nya V16 reglerna!\" \/>\n<meta property=\"og:url\" content=\"https:\/\/xenonkungen.com\/no\/produkt\/ledguardian-saver-light-v16-lommelykt-puck\/\" \/>\n<meta property=\"og:site_name\" content=\"Xenonkungen\" \/>\n<meta property=\"article:modified_time\" content=\"2026-05-13T06:52:18+00:00\" \/>\n<meta property=\"og:image\" content=\"https:\/\/xenonkungen.com\/wp-content\/uploads\/2025\/04\/182438323-origpic-de0cba.jpg\" \/>\n\t<meta property=\"og:image:width\" content=\"900\" \/>\n\t<meta property=\"og:image:height\" content=\"900\" \/>\n\t<meta property=\"og:image:type\" content=\"image\/jpeg\" \/>\n<meta name=\"twitter:card\" content=\"summary_large_image\" \/>\n<meta name=\"twitter:label1\" content=\"Ansl. lesetid\" \/>\n\t<meta name=\"twitter:data1\" content=\"1 minutt\" \/>\n<script type=\"application\/ld+json\" class=\"yoast-schema-graph\">{\"@context\":\"https:\/\/schema.org\",\"@graph\":[{\"@type\":\"WebPage\",\"@id\":\"https:\/\/xenonkungen.com\/produkt\/ledguardian-saver-light-v16-blixtljus-puck\/\",\"url\":\"https:\/\/xenonkungen.com\/produkt\/ledguardian-saver-light-v16-blixtljus-puck\/\",\"name\":\"LEDguardian\u00ae Saver Light V16 | Blixtljus puck - Xenonkungen\",\"isPartOf\":{\"@id\":\"https:\/\/xenonkungen.com\/#website\"},\"primaryImageOfPage\":{\"@id\":\"https:\/\/xenonkungen.com\/produkt\/ledguardian-saver-light-v16-blixtljus-puck\/#primaryimage\"},\"image\":{\"@id\":\"https:\/\/xenonkungen.com\/produkt\/ledguardian-saver-light-v16-blixtljus-puck\/#primaryimage\"},\"thumbnailUrl\":\"https:\/\/xenonkungen.com\/wp-content\/uploads\/2025\/04\/182438323-origpic-de0cba.jpg\",\"datePublished\":\"2025-04-15T09:58:35+00:00\",\"dateModified\":\"2026-05-13T06:52:18+00:00\",\"breadcrumb\":{\"@id\":\"https:\/\/xenonkungen.com\/produkt\/ledguardian-saver-light-v16-blixtljus-puck\/#breadcrumb\"},\"inLanguage\":\"nb-NO\",\"potentialAction\":[{\"@type\":\"ReadAction\",\"target\":[\"https:\/\/xenonkungen.com\/produkt\/ledguardian-saver-light-v16-blixtljus-puck\/\"]}]},{\"@type\":\"ImageObject\",\"inLanguage\":\"nb-NO\",\"@id\":\"https:\/\/xenonkungen.com\/produkt\/ledguardian-saver-light-v16-blixtljus-puck\/#primaryimage\",\"url\":\"https:\/\/xenonkungen.com\/wp-content\/uploads\/2025\/04\/182438323-origpic-de0cba.jpg\",\"contentUrl\":\"https:\/\/xenonkungen.com\/wp-content\/uploads\/2025\/04\/182438323-origpic-de0cba.jpg\",\"width\":900,\"height\":900},{\"@type\":\"BreadcrumbList\",\"@id\":\"https:\/\/xenonkungen.com\/produkt\/ledguardian-saver-light-v16-blixtljus-puck\/#breadcrumb\",\"itemListElement\":[{\"@type\":\"ListItem\",\"position\":1,\"name\":\"Hem\",\"item\":\"https:\/\/xenonkungen.com\/\"},{\"@type\":\"ListItem\",\"position\":2,\"name\":\"Shop\",\"item\":\"https:\/\/xenonkungen.com\/shop\/\"},{\"@type\":\"ListItem\",\"position\":3,\"name\":\"LEDguardian\u00ae Saver Light V16 | Blixtljus puck\"}]},{\"@type\":\"WebSite\",\"@id\":\"https:\/\/xenonkungen.com\/#website\",\"url\":\"https:\/\/xenonkungen.com\/\",\"name\":\"Xenonkungen\",\"description\":\"\",\"potentialAction\":[{\"@type\":\"SearchAction\",\"target\":{\"@type\":\"EntryPoint\",\"urlTemplate\":\"https:\/\/xenonkungen.com\/?s={search_term_string}\"},\"query-input\":{\"@type\":\"PropertyValueSpecification\",\"valueRequired\":true,\"valueName\":\"search_term_string\"}}],\"inLanguage\":\"nb-NO\"}]}<\/script>\n<!-- \/ Yoast SEO plugin. -->","yoast_head_json":{"title":"LEDguardian\u00ae Saver Light V16 | Blitslyktpuck - Xenonkungen","robots":{"index":"index","follow":"follow","max-snippet":"max-snippet:-1","max-image-preview":"max-image-preview:large","max-video-preview":"max-video-preview:-1"},"canonical":"https:\/\/xenonkungen.com\/no\/produkt\/ledguardian-saver-light-v16-lommelykt-puck\/","og_locale":"nb_NO","og_type":"article","og_title":"LEDguardian\u00ae Saver Light V16 | Blixtljus puck - Xenonkungen","og_description":"Blixtljuspuck fr\u00e5n Osram. Godk\u00e4nd enligt nya V16 reglerna!","og_url":"https:\/\/xenonkungen.com\/no\/produkt\/ledguardian-saver-light-v16-lommelykt-puck\/","og_site_name":"Xenonkungen","article_modified_time":"2026-05-13T06:52:18+00:00","og_image":[{"width":900,"height":900,"url":"https:\/\/xenonkungen.com\/wp-content\/uploads\/2025\/04\/182438323-origpic-de0cba.jpg","type":"image\/jpeg"}],"twitter_card":"summary_large_image","twitter_misc":{"Ansl. lesetid":"1 minutt"},"schema":{"@context":"https:\/\/schema.org","@graph":[{"@type":"WebPage","@id":"https:\/\/xenonkungen.com\/produkt\/ledguardian-saver-light-v16-blixtljus-puck\/","url":"https:\/\/xenonkungen.com\/produkt\/ledguardian-saver-light-v16-blixtljus-puck\/","name":"LEDguardian\u00ae Saver Light V16 | Blitslyktpuck - Xenonkungen","isPartOf":{"@id":"https:\/\/xenonkungen.com\/#website"},"primaryImageOfPage":{"@id":"https:\/\/xenonkungen.com\/produkt\/ledguardian-saver-light-v16-blixtljus-puck\/#primaryimage"},"image":{"@id":"https:\/\/xenonkungen.com\/produkt\/ledguardian-saver-light-v16-blixtljus-puck\/#primaryimage"},"thumbnailUrl":"https:\/\/xenonkungen.com\/wp-content\/uploads\/2025\/04\/182438323-origpic-de0cba.jpg","datePublished":"2025-04-15T09:58:35+00:00","dateModified":"2026-05-13T06:52:18+00:00","breadcrumb":{"@id":"https:\/\/xenonkungen.com\/produkt\/ledguardian-saver-light-v16-blixtljus-puck\/#breadcrumb"},"inLanguage":"nb-NO","potentialAction":[{"@type":"ReadAction","target":["https:\/\/xenonkungen.com\/produkt\/ledguardian-saver-light-v16-blixtljus-puck\/"]}]},{"@type":"ImageObject","inLanguage":"nb-NO","@id":"https:\/\/xenonkungen.com\/produkt\/ledguardian-saver-light-v16-blixtljus-puck\/#primaryimage","url":"https:\/\/xenonkungen.com\/wp-content\/uploads\/2025\/04\/182438323-origpic-de0cba.jpg","contentUrl":"https:\/\/xenonkungen.com\/wp-content\/uploads\/2025\/04\/182438323-origpic-de0cba.jpg","width":900,"height":900},{"@type":"BreadcrumbList","@id":"https:\/\/xenonkungen.com\/produkt\/ledguardian-saver-light-v16-blixtljus-puck\/#breadcrumb","itemListElement":[{"@type":"ListItem","position":1,"name":"Hem","item":"https:\/\/xenonkungen.com\/"},{"@type":"ListItem","position":2,"name":"Shop","item":"https:\/\/xenonkungen.com\/shop\/"},{"@type":"ListItem","position":3,"name":"LEDguardian\u00ae Saver Light V16 | Blixtljus puck"}]},{"@type":"WebSite","@id":"https:\/\/xenonkungen.com\/#website","url":"https:\/\/xenonkungen.com\/","name":"Xenonkungen","description":"","potentialAction":[{"@type":"SearchAction","target":{"@type":"EntryPoint","urlTemplate":"https:\/\/xenonkungen.com\/?s={search_term_string}"},"query-input":{"@type":"PropertyValueSpecification","valueRequired":true,"valueName":"search_term_string"}}],"inLanguage":"nb-NO"}]}},"taxonomy_info":{"product_brand":[{"value":108,"label":"OSRAM"}],"product_cat":[{"value":3076,"label":"Rekommendationer"},{"value":2554,"label":"Portabla varningsljus"},{"value":1061,"label":"Varningsljus"}],"pa_fargtemperatur":[{"value":1991,"label":"2000"}],"pa_fuktskydd-varde-ipxx":[{"value":1318,"label":"IP54"}],"pa_godkannande":[{"value":794,"label":"CE"}],"pa_storlek-mm":[{"value":1990,"label":"83x57x83"}],"pa_volt-v":[{"value":170,"label":"9"}]},"featured_image_src_large":["https:\/\/xenonkungen.com\/wp-content\/uploads\/2025\/04\/182438323-origpic-de0cba.jpg",900,900,false],"author_info":[],"comment_info":5,"_links":{"self":[{"href":"https:\/\/xenonkungen.com\/no\/wp-json\/wp\/v2\/product\/7705","targetHints":{"allow":["GET"]}}],"collection":[{"href":"https:\/\/xenonkungen.com\/no\/wp-json\/wp\/v2\/product"}],"about":[{"href":"https:\/\/xenonkungen.com\/no\/wp-json\/wp\/v2\/types\/product"}],"replies":[{"embeddable":true,"href":"https:\/\/xenonkungen.com\/no\/wp-json\/wp\/v2\/comments?post=7705"}],"wp:featuredmedia":[{"embeddable":true,"href":"https:\/\/xenonkungen.com\/no\/wp-json\/wp\/v2\/media\/7706"}],"wp:attachment":[{"href":"https:\/\/xenonkungen.com\/no\/wp-json\/wp\/v2\/media?parent=7705"}],"wp:term":[{"taxonomy":"anvandningsomrade","embeddable":true,"href":"https:\/\/xenonkungen.com\/no\/wp-json\/wp\/v2\/anvandningsomrade?post=7705"},{"taxonomy":"bilmarken","embeddable":true,"href":"https:\/\/xenonkungen.com\/no\/wp-json\/wp\/v2\/bilmarken?post=7705"},{"taxonomy":"product_brand","embeddable":true,"href":"https:\/\/xenonkungen.com\/no\/wp-json\/wp\/v2\/product_brand?post=7705"},{"taxonomy":"product_cat","embeddable":true,"href":"https:\/\/xenonkungen.com\/no\/wp-json\/wp\/v2\/product_cat?post=7705"},{"taxonomy":"product_tag","embeddable":true,"href":"https:\/\/xenonkungen.com\/no\/wp-json\/wp\/v2\/product_tag?post=7705"}],"curies":[{"name":"wp","href":"https:\/\/api.w.org\/{rel}","templated":true}]}}