{"id":7733,"date":"2025-04-15T09:58:58","date_gmt":"2025-04-15T09:58:58","guid":{"rendered":"https:\/\/xenonkungen.com\/product\/ledriving-arbetsljus-cube-px1500-spot\/"},"modified":"2026-04-24T17:42:39","modified_gmt":"2026-04-24T16:42:39","slug":"led-arbeidslyskube-px1500-spot","status":"publish","type":"product","link":"https:\/\/xenonkungen.com\/no\/produkt\/led-arbeidslyskube-px1500-spot\/","title":{"rendered":"LEDriving\u00ae Arbeidslys Cube PX1500 Spot"},"content":{"rendered":"<h1>OSRAM LEDriving Professional Series PX: Profesjonelt lys for profesjonelt arbeid<\/h1>\n<h2>Belysning tilpasset alle profesjonelle oppgaver<\/h2>\n<p>Med OSRAM LEDriving Professional Series PX-arbeidslyskastere finner du n\u00f8yaktig den rette belysningen for en lang rekke profesjonelle oppgaver og bruksomr\u00e5der. De 16 forskjellige arbeidslysene i serien tilbyr fordeler som maksimal optisk effektivitet, praktisk bruk og jevn lysfordeling. Denne modulbaserte serien fokuserer p\u00e5 de mest kritiske aspektene ved arbeidsbelysning: belysning, ytelse, kvalitet, form, holdbarhet og funksjonalitet.<\/p>\n<h2>Sikkerhet og ytelse for arbeidet ditt<\/h2>\n<p>OSRAMs arbeidslys bidrar til tryggere arbeidsforhold for deg og dine kolleger. Hver lysfunksjon kan velges og prioriteres for \u00e5 passe til hvert enkelt bruksomr\u00e5de, noe som betyr at disse h\u00f8ytytende lampene kan tilby en komplett og kj\u00f8ret\u00f8yspesifikk belysningsl\u00f8sning som er perfekt skreddersydd til dine individuelle behov.<\/p>\n<h2>Universell bruk og varierte monteringsalternativer<\/h2>\n<p>Arbeidslyktene i Professional-serien passer til b\u00e5de 12 V- og 24 V-kj\u00f8ret\u00f8y, og er tilgjengelige i fire ulike lyskasterm\u00f8nstre (Flood, Spot, Wide, Ultra-Wide) og fire effektniv\u00e5er (1 500 lm, 2 500 lm, 3 500 lm, 4 500 lm). Med tre monteringsalternativer - direkte montering, fleksibel standardmontering og kraftig montering - og spesialdesignede monteringssett fra OSRAM, er installasjonen rask og enkel.<\/p>\n<h2>H\u00f8yeste beskyttelsesklasse og kvalitetsstandarder<\/h2>\n<p>OSRAM LEDriving Professional Series PX oppfyller de h\u00f8yeste IP- og IK-beskyttelsesklassene (IP6K8 og IP6K9K) samt CISPR25 klasse 5, noe som sikrer at de t\u00e5ler selv de t\u00f8ffeste arbeidsforholdene. De er designet for \u00e5 oppfylle de h\u00f8yeste OE-standardene og kravene i bilindustrien, og du kan stole p\u00e5 OSRAM n\u00e5r det gjelder dine behov for arbeidsbelysning.<\/p>","protected":false},"excerpt":{"rendered":"<p>OSRAM LEDriving Professional Series PX: Professionellt Ljus f\u00f6r Professionellt Arbete Belysning anpassad f\u00f6r alla yrkesm\u00e4ssiga arbetsuppgifter Med arbetsljusen i serien OSRAM LEDriving Professional Series PX, hittar du exakt r\u00e4tt belysning f\u00f6r ett brett utbud av yrkesm\u00e4ssiga arbetsuppgifter och till\u00e4mpningar. De 16 olika arbetsljusen i serien erbjuder f\u00f6rdelar som maximal optisk effektivitet, \u00e4ndam\u00e5lsenlighet och j\u00e4mn ljusf\u00f6rdelning. [&hellip;]<\/p>","protected":false},"featured_media":7734,"comment_status":"closed","ping_status":"open","template":"","meta":{"_acf_changed":false,"_smort_price_nok":"1431","_smort_price_dkk":"909","_smort_price_eur":"121.81","_smort_sale_price_nok":"","_smort_sale_price_dkk":"","_smort_sale_price_eur":"","smort_restorder":"","shipmondo_restorder":"","_kad_blocks_custom_css":"","_kad_blocks_head_custom_js":"","_kad_blocks_body_custom_js":"","_kad_blocks_footer_custom_js":"","smort_custom_pricelist_1":"857.6","smort_custom_pricelist_2":"804","smort_custom_pricelist_3":"763.8","smort_custom_pricelist_4":"1072","smort_custom_pricelist_5":"798.13"},"anvandningsomrade":[],"bilmarken":[],"product_brand":[108],"product_cat":[2639,508],"product_tag":[],"class_list":{"0":"post-7733","1":"product","2":"type-product","3":"status-publish","4":"has-post-thumbnail","6":"product_brand-osram","7":"product_cat-osram-ledriving-arbetsbelysning","8":"product_cat-arbetsbelysning","9":"pa_fargtemperatur-1428","10":"pa_fuktskydd-varde-ipxx-ip6k8-ip6k9k","11":"pa_godkannande-ece-r10-cispr25-class-5-fcc-part-15b","12":"pa_lampsockel-kontakt-dt","13":"pa_led-chips-effekt-w-510","14":"pa_ljusbild-spot","15":"pa_storlek-mm-68x113x117","16":"pa_volt-v-12-24","18":"first","19":"onbackorder","20":"taxable","21":"shipping-taxable","22":"purchasable","23":"product-type-simple"},"bundled_by":[],"bundle_stock_status":"onbackorder","bundle_stock_quantity":0,"bundle_virtual":false,"bundle_layout":"","bundle_add_to_cart_form_location":"","bundle_editable_in_cart":false,"bundle_sold_individually_context":"","bundle_item_grouping":"","bundle_min_size":"","bundle_max_size":"","bundle_price":[],"bundled_items":[],"bundle_sell_ids":[],"acf":[],"yoast_head":"<!-- This site is optimized with the Yoast SEO plugin v27.0 - https:\/\/yoast.com\/product\/yoast-seo-wordpress\/ -->\n<title>LEDriving\u00ae Arbetsljus Cube PX1500 Spot - Xenonkungen<\/title>\n<meta name=\"robots\" content=\"index, follow, max-snippet:-1, max-image-preview:large, max-video-preview:-1\" \/>\n<link rel=\"canonical\" href=\"https:\/\/xenonkungen.com\/no\/produkt\/led-arbeidslyskube-px1500-spot\/\" \/>\n<meta property=\"og:locale\" content=\"nb_NO\" \/>\n<meta property=\"og:type\" content=\"article\" \/>\n<meta property=\"og:title\" content=\"LEDriving\u00ae Arbetsljus Cube PX1500 Spot - Xenonkungen\" \/>\n<meta property=\"og:description\" content=\"OSRAM LEDriving Professional Series PX: Professionellt Ljus f\u00f6r Professionellt Arbete Belysning anpassad f\u00f6r alla yrkesm\u00e4ssiga arbetsuppgifter Med arbetsljusen i serien OSRAM LEDriving Professional Series PX, hittar du exakt r\u00e4tt belysning f\u00f6r ett brett utbud av yrkesm\u00e4ssiga arbetsuppgifter och till\u00e4mpningar. De 16 olika arbetsljusen i serien erbjuder f\u00f6rdelar som maximal optisk effektivitet, \u00e4ndam\u00e5lsenlighet och j\u00e4mn ljusf\u00f6rdelning. [&hellip;]\" \/>\n<meta property=\"og:url\" content=\"https:\/\/xenonkungen.com\/no\/produkt\/led-arbeidslyskube-px1500-spot\/\" \/>\n<meta property=\"og:site_name\" content=\"Xenonkungen\" \/>\n<meta property=\"article:modified_time\" content=\"2026-04-24T16:42:39+00:00\" \/>\n<meta property=\"og:image\" content=\"https:\/\/xenonkungen.com\/wp-content\/uploads\/2025\/04\/201830731-origpic-21878a.jpg\" \/>\n\t<meta property=\"og:image:width\" content=\"900\" \/>\n\t<meta property=\"og:image:height\" content=\"900\" \/>\n\t<meta property=\"og:image:type\" content=\"image\/jpeg\" \/>\n<meta name=\"twitter:card\" content=\"summary_large_image\" \/>\n<meta name=\"twitter:label1\" content=\"Ansl. lesetid\" \/>\n\t<meta name=\"twitter:data1\" content=\"1 minutt\" \/>\n<script type=\"application\/ld+json\" class=\"yoast-schema-graph\">{\"@context\":\"https:\/\/schema.org\",\"@graph\":[{\"@type\":\"WebPage\",\"@id\":\"https:\/\/xenonkungen.com\/produkt\/ledriving-arbetsljus-cube-px1500-spot\/\",\"url\":\"https:\/\/xenonkungen.com\/produkt\/ledriving-arbetsljus-cube-px1500-spot\/\",\"name\":\"LEDriving\u00ae Arbetsljus Cube PX1500 Spot - Xenonkungen\",\"isPartOf\":{\"@id\":\"https:\/\/xenonkungen.com\/#website\"},\"primaryImageOfPage\":{\"@id\":\"https:\/\/xenonkungen.com\/produkt\/ledriving-arbetsljus-cube-px1500-spot\/#primaryimage\"},\"image\":{\"@id\":\"https:\/\/xenonkungen.com\/produkt\/ledriving-arbetsljus-cube-px1500-spot\/#primaryimage\"},\"thumbnailUrl\":\"https:\/\/xenonkungen.com\/wp-content\/uploads\/2025\/04\/201830731-origpic-21878a.jpg\",\"datePublished\":\"2025-04-15T09:58:58+00:00\",\"dateModified\":\"2026-04-24T16:42:39+00:00\",\"breadcrumb\":{\"@id\":\"https:\/\/xenonkungen.com\/produkt\/ledriving-arbetsljus-cube-px1500-spot\/#breadcrumb\"},\"inLanguage\":\"nb-NO\",\"potentialAction\":[{\"@type\":\"ReadAction\",\"target\":[\"https:\/\/xenonkungen.com\/produkt\/ledriving-arbetsljus-cube-px1500-spot\/\"]}]},{\"@type\":\"ImageObject\",\"inLanguage\":\"nb-NO\",\"@id\":\"https:\/\/xenonkungen.com\/produkt\/ledriving-arbetsljus-cube-px1500-spot\/#primaryimage\",\"url\":\"https:\/\/xenonkungen.com\/wp-content\/uploads\/2025\/04\/201830731-origpic-21878a.jpg\",\"contentUrl\":\"https:\/\/xenonkungen.com\/wp-content\/uploads\/2025\/04\/201830731-origpic-21878a.jpg\",\"width\":900,\"height\":900},{\"@type\":\"BreadcrumbList\",\"@id\":\"https:\/\/xenonkungen.com\/produkt\/ledriving-arbetsljus-cube-px1500-spot\/#breadcrumb\",\"itemListElement\":[{\"@type\":\"ListItem\",\"position\":1,\"name\":\"Hem\",\"item\":\"https:\/\/xenonkungen.com\/\"},{\"@type\":\"ListItem\",\"position\":2,\"name\":\"Shop\",\"item\":\"https:\/\/xenonkungen.com\/shop\/\"},{\"@type\":\"ListItem\",\"position\":3,\"name\":\"LEDriving\u00ae Arbetsljus Cube PX1500 Spot\"}]},{\"@type\":\"WebSite\",\"@id\":\"https:\/\/xenonkungen.com\/#website\",\"url\":\"https:\/\/xenonkungen.com\/\",\"name\":\"Xenonkungen\",\"description\":\"\",\"potentialAction\":[{\"@type\":\"SearchAction\",\"target\":{\"@type\":\"EntryPoint\",\"urlTemplate\":\"https:\/\/xenonkungen.com\/?s={search_term_string}\"},\"query-input\":{\"@type\":\"PropertyValueSpecification\",\"valueRequired\":true,\"valueName\":\"search_term_string\"}}],\"inLanguage\":\"nb-NO\"}]}<\/script>\n<!-- \/ Yoast SEO plugin. -->","yoast_head_json":{"title":"LEDriving\u00ae Arbeidslyskube PX1500 Spot - Xenonkungen","robots":{"index":"index","follow":"follow","max-snippet":"max-snippet:-1","max-image-preview":"max-image-preview:large","max-video-preview":"max-video-preview:-1"},"canonical":"https:\/\/xenonkungen.com\/no\/produkt\/led-arbeidslyskube-px1500-spot\/","og_locale":"nb_NO","og_type":"article","og_title":"LEDriving\u00ae Arbetsljus Cube PX1500 Spot - Xenonkungen","og_description":"OSRAM LEDriving Professional Series PX: Professionellt Ljus f\u00f6r Professionellt Arbete Belysning anpassad f\u00f6r alla yrkesm\u00e4ssiga arbetsuppgifter Med arbetsljusen i serien OSRAM LEDriving Professional Series PX, hittar du exakt r\u00e4tt belysning f\u00f6r ett brett utbud av yrkesm\u00e4ssiga arbetsuppgifter och till\u00e4mpningar. De 16 olika arbetsljusen i serien erbjuder f\u00f6rdelar som maximal optisk effektivitet, \u00e4ndam\u00e5lsenlighet och j\u00e4mn ljusf\u00f6rdelning. [&hellip;]","og_url":"https:\/\/xenonkungen.com\/no\/produkt\/led-arbeidslyskube-px1500-spot\/","og_site_name":"Xenonkungen","article_modified_time":"2026-04-24T16:42:39+00:00","og_image":[{"width":900,"height":900,"url":"https:\/\/xenonkungen.com\/wp-content\/uploads\/2025\/04\/201830731-origpic-21878a.jpg","type":"image\/jpeg"}],"twitter_card":"summary_large_image","twitter_misc":{"Ansl. lesetid":"1 minutt"},"schema":{"@context":"https:\/\/schema.org","@graph":[{"@type":"WebPage","@id":"https:\/\/xenonkungen.com\/produkt\/ledriving-arbetsljus-cube-px1500-spot\/","url":"https:\/\/xenonkungen.com\/produkt\/ledriving-arbetsljus-cube-px1500-spot\/","name":"LEDriving\u00ae Arbeidslyskube PX1500 Spot - Xenonkungen","isPartOf":{"@id":"https:\/\/xenonkungen.com\/#website"},"primaryImageOfPage":{"@id":"https:\/\/xenonkungen.com\/produkt\/ledriving-arbetsljus-cube-px1500-spot\/#primaryimage"},"image":{"@id":"https:\/\/xenonkungen.com\/produkt\/ledriving-arbetsljus-cube-px1500-spot\/#primaryimage"},"thumbnailUrl":"https:\/\/xenonkungen.com\/wp-content\/uploads\/2025\/04\/201830731-origpic-21878a.jpg","datePublished":"2025-04-15T09:58:58+00:00","dateModified":"2026-04-24T16:42:39+00:00","breadcrumb":{"@id":"https:\/\/xenonkungen.com\/produkt\/ledriving-arbetsljus-cube-px1500-spot\/#breadcrumb"},"inLanguage":"nb-NO","potentialAction":[{"@type":"ReadAction","target":["https:\/\/xenonkungen.com\/produkt\/ledriving-arbetsljus-cube-px1500-spot\/"]}]},{"@type":"ImageObject","inLanguage":"nb-NO","@id":"https:\/\/xenonkungen.com\/produkt\/ledriving-arbetsljus-cube-px1500-spot\/#primaryimage","url":"https:\/\/xenonkungen.com\/wp-content\/uploads\/2025\/04\/201830731-origpic-21878a.jpg","contentUrl":"https:\/\/xenonkungen.com\/wp-content\/uploads\/2025\/04\/201830731-origpic-21878a.jpg","width":900,"height":900},{"@type":"BreadcrumbList","@id":"https:\/\/xenonkungen.com\/produkt\/ledriving-arbetsljus-cube-px1500-spot\/#breadcrumb","itemListElement":[{"@type":"ListItem","position":1,"name":"Hem","item":"https:\/\/xenonkungen.com\/"},{"@type":"ListItem","position":2,"name":"Shop","item":"https:\/\/xenonkungen.com\/shop\/"},{"@type":"ListItem","position":3,"name":"LEDriving\u00ae Arbetsljus Cube PX1500 Spot"}]},{"@type":"WebSite","@id":"https:\/\/xenonkungen.com\/#website","url":"https:\/\/xenonkungen.com\/","name":"Xenonkungen","description":"","potentialAction":[{"@type":"SearchAction","target":{"@type":"EntryPoint","urlTemplate":"https:\/\/xenonkungen.com\/?s={search_term_string}"},"query-input":{"@type":"PropertyValueSpecification","valueRequired":true,"valueName":"search_term_string"}}],"inLanguage":"nb-NO"}]}},"taxonomy_info":{"product_brand":[{"value":108,"label":"OSRAM"}],"product_cat":[{"value":2639,"label":"OSRAM Ledriving"},{"value":508,"label":"Arbetsbelysning"}],"pa_fargtemperatur":[{"value":1428,"label":"6000"}],"pa_fuktskydd-varde-ipxx":[{"value":1996,"label":"IP6K8 IP6K9K"}],"pa_godkannande":[{"value":1997,"label":"ECE R10\/CISPR25\/CLASS 5\/FCC part 15b"}],"pa_lampsockel-kontakt":[{"value":329,"label":"DT"}],"pa_led-chips-effekt-w":[{"value":510,"label":"15"}],"pa_ljusbild":[{"value":1177,"label":"Spot"}],"pa_storlek-mm":[{"value":1995,"label":"68x113x117"}],"pa_volt-v":[{"value":348,"label":"12, 24"}]},"featured_image_src_large":["https:\/\/xenonkungen.com\/wp-content\/uploads\/2025\/04\/201830731-origpic-21878a.jpg",900,900,false],"author_info":[],"comment_info":0,"_links":{"self":[{"href":"https:\/\/xenonkungen.com\/no\/wp-json\/wp\/v2\/product\/7733","targetHints":{"allow":["GET"]}}],"collection":[{"href":"https:\/\/xenonkungen.com\/no\/wp-json\/wp\/v2\/product"}],"about":[{"href":"https:\/\/xenonkungen.com\/no\/wp-json\/wp\/v2\/types\/product"}],"replies":[{"embeddable":true,"href":"https:\/\/xenonkungen.com\/no\/wp-json\/wp\/v2\/comments?post=7733"}],"wp:featuredmedia":[{"embeddable":true,"href":"https:\/\/xenonkungen.com\/no\/wp-json\/wp\/v2\/media\/7734"}],"wp:attachment":[{"href":"https:\/\/xenonkungen.com\/no\/wp-json\/wp\/v2\/media?parent=7733"}],"wp:term":[{"taxonomy":"anvandningsomrade","embeddable":true,"href":"https:\/\/xenonkungen.com\/no\/wp-json\/wp\/v2\/anvandningsomrade?post=7733"},{"taxonomy":"bilmarken","embeddable":true,"href":"https:\/\/xenonkungen.com\/no\/wp-json\/wp\/v2\/bilmarken?post=7733"},{"taxonomy":"product_brand","embeddable":true,"href":"https:\/\/xenonkungen.com\/no\/wp-json\/wp\/v2\/product_brand?post=7733"},{"taxonomy":"product_cat","embeddable":true,"href":"https:\/\/xenonkungen.com\/no\/wp-json\/wp\/v2\/product_cat?post=7733"},{"taxonomy":"product_tag","embeddable":true,"href":"https:\/\/xenonkungen.com\/no\/wp-json\/wp\/v2\/product_tag?post=7733"}],"curies":[{"name":"wp","href":"https:\/\/api.w.org\/{rel}","templated":true}]}}