{"id":8139,"date":"2025-04-15T10:03:44","date_gmt":"2025-04-15T10:03:44","guid":{"rendered":"https:\/\/xenonkungen.com\/product\/ledriving-dynamiska-spegelblinkers-bmw-1-serie-white\/"},"modified":"2026-04-11T01:31:58","modified_gmt":"2026-04-11T00:31:58","slug":"dynamiske-speilblinklys-i-led-lysene-til-bmw-1-serie-hvite","status":"publish","type":"product","link":"https:\/\/xenonkungen.com\/no\/produkt\/dynamiske-speilblinklys-i-led-lysene-til-bmw-1-serie-hvite\/","title":{"rendered":"LEDriving\u00ae Dynamiske speilblinklys - BMW 1-serie (HVIT)"},"content":{"rendered":"<p>OSRAM LEDriving dynamiske utvendige speilindikatorer <\/p>\n<p><strong>Innovativ og oppdatert<\/strong><\/p>\n<p>Drevet av v\u00e5r s\u00f8ken etter innovasjon og kvalitet, redefinerer vi bilbelysning fra OSRAM. Sammen med LEDriving dynamiske speilindikatorer har den omfattende OSRAM LED-portef\u00f8ljen f\u00e5tt en ytterligere oppgradering. Disse fullt dynamiske LED-speilindikatorene tilbyr en innovativ design som p\u00e5 imponerende vis utfyller ditt individuelle utseende. De er basert p\u00e5 innovative LED-er med h\u00f8y ytelse (opptil 200% mer lysstyrke) og imponerende h\u00f8y kontrast b\u00e5de dag og natt p\u00e5 grunn av det intense gule LED-lyset.) <\/p>\n<p>Takket v\u00e6re den nyeste lysstyringsteknologien gir de ogs\u00e5 en homogen lysfordeling over den belyste overflaten. Som et resultat av alle disse aspektene er det en mulighet for forbedret oppfatning av kj\u00f8ret\u00f8yet ditt av m\u00f8tende trafikk og dermed \u00f8kt sikkerhet i veitrafikken. (I tillegg gir OSRAM 5 \u00e5rs garanti3)<\/p>\n<p><strong>H\u00f8y kompatibilitet og spesialtilpasset design<\/strong><\/p>\n<p>Dynamiske LED-speilindikatorer kjennetegnes ikke bare av innovativ lysteknologi, men ogs\u00e5 av en h\u00f8y grad av kompatibilitet. De er derfor kompatible med en lang rekke bilmodeller. Du kan ogs\u00e5 velge mellom to varianter: BLACK EDITION eller WHITE EDITION - begge er designet for \u00e5 fremheve den individuelle stilen til mange biler p\u00e5 en effektiv m\u00e5te. Mens BLACK-utgaven imponerer med et tonet, svart design, har WHITE-utgaven et klart og hvitt design. Takket v\u00e6re de to ulike versjonene kan de dynamiske LED-speilindikatorene tilpasses perfekt til eksteri\u00f8ret p\u00e5 en lang rekke biler.<\/p>\n<p><strong>ECE-sertifisert og enkel konvertering<\/strong><\/p>\n<p>Det er n\u00e5 veldig enkelt \u00e5 fremheve kj\u00f8ret\u00f8yet helt lovlig, p\u00e5 en enkel og ekstremt elegant m\u00e5te med i\u00f8ynefallende aksenter med de nyeste innovasjonene fra OSRAM. I henhold til ECE-retningslinjene er de n\u00f8dvendige testene og godkjenningene utf\u00f8rt p\u00e5 LEDriving dynamiske speilindikatorer, noe som betyr at de er helt lovlige i veitrafikken, og det er ikke n\u00f8dvendig \u00e5 registrere dem i kj\u00f8ret\u00f8yets dokumenter. ECE-sertifisert i henhold til ECE R6\/R10.<br \/>Plug &amp; Play-teknologien sikrer en rask og ukomplisert installasjon av LEDriving dynamiske speilindikatorer, og eksisterende kabler trenger ikke \u00e5 byttes ut eller skades.<br \/>Testet OSRAM-kvalitet i henhold til DIN EN ISO\/IEC 17025<\/p>\n<p>LEDriving dynamisk speilindikator er testet i v\u00e5rt DIN-sertifiserte milj\u00f8simuleringslaboratorium for ekstreme ytre p\u00e5virkninger i form av vann, st\u00f8v, kalde og varme temperaturer, UV-lys og permanente vibrasjoner, og er validert med IP-beskyttelsesklasse IP6K9K.<\/p>\n<p><strong>Sl\u00e5 p\u00e5 WOW med OSRAM LEDriving dynamiske speilindikatorer<\/strong><\/p>\n<p>Hvit utgave<\/p>\n<p><strong>Egnet for<\/strong><\/p>\n<p>BMW 1-serie F20, F21, F52 (2011-<br \/>BMW 2-serie F22, F23 (2014-<br \/>BMW 3-serie F30, F31, F35, F34 (2011-2019)<br \/>BMW 4-serie F32, F33, F36 (2013-<br \/>BMW X1 E84 (2009-2015)<\/p>\n<p>Osram artikkelnummer: LEDDMI F20 BK S<\/p>\n<p><strong>Garanti 5 \u00e5r<\/strong><\/p>\n<p><iframe loading=\"lazy\" frameborder=\"0\" height=\"315\" allow=\"accelerometer; autoplay; encrypted-media; gyroscope; picture-in-picture\" src=\"https:\/\/www.youtube.com\/embed\/cUa8TbPyV_M\" width=\"560\" allowfullscreen=\"allowfullscreen\"><\/iframe><\/p>\n<p><iframe loading=\"lazy\" frameborder=\"0\" height=\"315\" allow=\"accelerometer; autoplay; encrypted-media; gyroscope; picture-in-picture\" src=\"https:\/\/www.youtube.com\/embed\/mfQBQt-UfmM\" width=\"560\" allowfullscreen=\"allowfullscreen\"><\/iframe><\/p>","protected":false},"excerpt":{"rendered":"<p>Dynamisk speilblinklys fra Osram! Gir bilen din et flottere utseende, samtidig som det \u00f8ker sikkerheten i trafikken!<\/p>","protected":false},"featured_media":8140,"comment_status":"closed","ping_status":"closed","template":"","meta":{"_acf_changed":false,"_smort_price_nok":"2446","_smort_price_dkk":"1554","_smort_price_eur":"208.17","_smort_sale_price_nok":"","_smort_sale_price_dkk":"","_smort_sale_price_eur":"","smort_restorder":"","shipmondo_restorder":"","_kad_blocks_custom_css":"","_kad_blocks_head_custom_js":"","_kad_blocks_body_custom_js":"","_kad_blocks_footer_custom_js":"","smort_custom_pricelist_1":"1465.6","smort_custom_pricelist_2":"1465.6","smort_custom_pricelist_3":"1392.32","smort_custom_pricelist_4":"1832","smort_custom_pricelist_5":"1465.6"},"anvandningsomrade":[],"bilmarken":[],"product_brand":[108],"product_cat":[2644,338],"product_tag":[],"class_list":{"0":"post-8139","1":"product","2":"type-product","3":"status-publish","4":"has-post-thumbnail","6":"product_brand-osram","7":"product_cat-dynamiska-spegelblinkers","8":"product_cat-diodlampor","9":"pa_fuktskydd-varde-ipxx-ip69","10":"pa_godkannande-ece-r7-ece-r10","11":"pa_lampsockel-kontakt-plug-and-play-pnp","12":"pa_volt-v-159","14":"first","15":"instock","16":"taxable","17":"shipping-taxable","18":"purchasable","19":"product-type-simple"},"bundled_by":[],"bundle_stock_status":"instock","bundle_stock_quantity":2,"bundle_virtual":false,"bundle_layout":"","bundle_add_to_cart_form_location":"","bundle_editable_in_cart":false,"bundle_sold_individually_context":"","bundle_item_grouping":"","bundle_min_size":"","bundle_max_size":"","bundle_price":[],"bundled_items":[],"bundle_sell_ids":[],"acf":[],"yoast_head":"<!-- This site is optimized with the Yoast SEO plugin v27.0 - https:\/\/yoast.com\/product\/yoast-seo-wordpress\/ -->\n<title>LEDriving\u00ae Dynamiska spegelblinkers - BMW 1-serie (WHITE) - Xenonkungen<\/title>\n<meta name=\"robots\" content=\"index, follow, max-snippet:-1, max-image-preview:large, max-video-preview:-1\" \/>\n<link rel=\"canonical\" href=\"https:\/\/xenonkungen.com\/no\/produkt\/dynamiske-speilblinklys-i-led-lysene-til-bmw-1-serie-hvite\/\" \/>\n<meta property=\"og:locale\" content=\"nb_NO\" \/>\n<meta property=\"og:type\" content=\"article\" \/>\n<meta property=\"og:title\" content=\"LEDriving\u00ae Dynamiska spegelblinkers - BMW 1-serie (WHITE) - Xenonkungen\" \/>\n<meta property=\"og:description\" content=\"Dynamisk Spegelblinkers ifr\u00e5n Osram! Ger er bil ett snyggare utseende, samtidigt som det h\u00f6jer s\u00e4kerheten i trafiken!\" \/>\n<meta property=\"og:url\" content=\"https:\/\/xenonkungen.com\/no\/produkt\/dynamiske-speilblinklys-i-led-lysene-til-bmw-1-serie-hvite\/\" \/>\n<meta property=\"og:site_name\" content=\"Xenonkungen\" \/>\n<meta property=\"article:modified_time\" content=\"2026-04-11T00:31:58+00:00\" \/>\n<meta property=\"og:image\" content=\"https:\/\/xenonkungen.com\/wp-content\/uploads\/2025\/04\/178097999-origpic-56523c.jpg\" \/>\n\t<meta property=\"og:image:width\" content=\"900\" \/>\n\t<meta property=\"og:image:height\" content=\"900\" \/>\n\t<meta property=\"og:image:type\" content=\"image\/jpeg\" \/>\n<meta name=\"twitter:card\" content=\"summary_large_image\" \/>\n<meta name=\"twitter:label1\" content=\"Ansl. lesetid\" \/>\n\t<meta name=\"twitter:data1\" content=\"2 minutter\" \/>\n<script type=\"application\/ld+json\" class=\"yoast-schema-graph\">{\"@context\":\"https:\/\/schema.org\",\"@graph\":[{\"@type\":\"WebPage\",\"@id\":\"https:\/\/xenonkungen.com\/produkt\/ledriving-dynamiska-spegelblinkers-bmw-1-serie-white\/\",\"url\":\"https:\/\/xenonkungen.com\/produkt\/ledriving-dynamiska-spegelblinkers-bmw-1-serie-white\/\",\"name\":\"LEDriving\u00ae Dynamiska spegelblinkers - BMW 1-serie (WHITE) - Xenonkungen\",\"isPartOf\":{\"@id\":\"https:\/\/xenonkungen.com\/#website\"},\"primaryImageOfPage\":{\"@id\":\"https:\/\/xenonkungen.com\/produkt\/ledriving-dynamiska-spegelblinkers-bmw-1-serie-white\/#primaryimage\"},\"image\":{\"@id\":\"https:\/\/xenonkungen.com\/produkt\/ledriving-dynamiska-spegelblinkers-bmw-1-serie-white\/#primaryimage\"},\"thumbnailUrl\":\"https:\/\/xenonkungen.com\/wp-content\/uploads\/2025\/04\/178097999-origpic-56523c.jpg\",\"datePublished\":\"2025-04-15T10:03:44+00:00\",\"dateModified\":\"2026-04-11T00:31:58+00:00\",\"breadcrumb\":{\"@id\":\"https:\/\/xenonkungen.com\/produkt\/ledriving-dynamiska-spegelblinkers-bmw-1-serie-white\/#breadcrumb\"},\"inLanguage\":\"nb-NO\",\"potentialAction\":[{\"@type\":\"ReadAction\",\"target\":[\"https:\/\/xenonkungen.com\/produkt\/ledriving-dynamiska-spegelblinkers-bmw-1-serie-white\/\"]}]},{\"@type\":\"ImageObject\",\"inLanguage\":\"nb-NO\",\"@id\":\"https:\/\/xenonkungen.com\/produkt\/ledriving-dynamiska-spegelblinkers-bmw-1-serie-white\/#primaryimage\",\"url\":\"https:\/\/xenonkungen.com\/wp-content\/uploads\/2025\/04\/178097999-origpic-56523c.jpg\",\"contentUrl\":\"https:\/\/xenonkungen.com\/wp-content\/uploads\/2025\/04\/178097999-origpic-56523c.jpg\",\"width\":900,\"height\":900},{\"@type\":\"BreadcrumbList\",\"@id\":\"https:\/\/xenonkungen.com\/produkt\/ledriving-dynamiska-spegelblinkers-bmw-1-serie-white\/#breadcrumb\",\"itemListElement\":[{\"@type\":\"ListItem\",\"position\":1,\"name\":\"Hem\",\"item\":\"https:\/\/xenonkungen.com\/\"},{\"@type\":\"ListItem\",\"position\":2,\"name\":\"Shop\",\"item\":\"https:\/\/xenonkungen.com\/shop\/\"},{\"@type\":\"ListItem\",\"position\":3,\"name\":\"LEDriving\u00ae Dynamiska spegelblinkers &#8211; BMW 1-serie (WHITE)\"}]},{\"@type\":\"WebSite\",\"@id\":\"https:\/\/xenonkungen.com\/#website\",\"url\":\"https:\/\/xenonkungen.com\/\",\"name\":\"Xenonkungen\",\"description\":\"\",\"potentialAction\":[{\"@type\":\"SearchAction\",\"target\":{\"@type\":\"EntryPoint\",\"urlTemplate\":\"https:\/\/xenonkungen.com\/?s={search_term_string}\"},\"query-input\":{\"@type\":\"PropertyValueSpecification\",\"valueRequired\":true,\"valueName\":\"search_term_string\"}}],\"inLanguage\":\"nb-NO\"}]}<\/script>\n<!-- \/ Yoast SEO plugin. -->","yoast_head_json":{"title":"LEDriving\u00ae dynamiske speilblinklys - BMW 1-serie (HVIT) - Xenonkungen","robots":{"index":"index","follow":"follow","max-snippet":"max-snippet:-1","max-image-preview":"max-image-preview:large","max-video-preview":"max-video-preview:-1"},"canonical":"https:\/\/xenonkungen.com\/no\/produkt\/dynamiske-speilblinklys-i-led-lysene-til-bmw-1-serie-hvite\/","og_locale":"nb_NO","og_type":"article","og_title":"LEDriving\u00ae Dynamiska spegelblinkers - BMW 1-serie (WHITE) - Xenonkungen","og_description":"Dynamisk Spegelblinkers ifr\u00e5n Osram! Ger er bil ett snyggare utseende, samtidigt som det h\u00f6jer s\u00e4kerheten i trafiken!","og_url":"https:\/\/xenonkungen.com\/no\/produkt\/dynamiske-speilblinklys-i-led-lysene-til-bmw-1-serie-hvite\/","og_site_name":"Xenonkungen","article_modified_time":"2026-04-11T00:31:58+00:00","og_image":[{"width":900,"height":900,"url":"https:\/\/xenonkungen.com\/wp-content\/uploads\/2025\/04\/178097999-origpic-56523c.jpg","type":"image\/jpeg"}],"twitter_card":"summary_large_image","twitter_misc":{"Ansl. lesetid":"2 minutter"},"schema":{"@context":"https:\/\/schema.org","@graph":[{"@type":"WebPage","@id":"https:\/\/xenonkungen.com\/produkt\/ledriving-dynamiska-spegelblinkers-bmw-1-serie-white\/","url":"https:\/\/xenonkungen.com\/produkt\/ledriving-dynamiska-spegelblinkers-bmw-1-serie-white\/","name":"LEDriving\u00ae dynamiske speilblinklys - BMW 1-serie (HVIT) - Xenonkungen","isPartOf":{"@id":"https:\/\/xenonkungen.com\/#website"},"primaryImageOfPage":{"@id":"https:\/\/xenonkungen.com\/produkt\/ledriving-dynamiska-spegelblinkers-bmw-1-serie-white\/#primaryimage"},"image":{"@id":"https:\/\/xenonkungen.com\/produkt\/ledriving-dynamiska-spegelblinkers-bmw-1-serie-white\/#primaryimage"},"thumbnailUrl":"https:\/\/xenonkungen.com\/wp-content\/uploads\/2025\/04\/178097999-origpic-56523c.jpg","datePublished":"2025-04-15T10:03:44+00:00","dateModified":"2026-04-11T00:31:58+00:00","breadcrumb":{"@id":"https:\/\/xenonkungen.com\/produkt\/ledriving-dynamiska-spegelblinkers-bmw-1-serie-white\/#breadcrumb"},"inLanguage":"nb-NO","potentialAction":[{"@type":"ReadAction","target":["https:\/\/xenonkungen.com\/produkt\/ledriving-dynamiska-spegelblinkers-bmw-1-serie-white\/"]}]},{"@type":"ImageObject","inLanguage":"nb-NO","@id":"https:\/\/xenonkungen.com\/produkt\/ledriving-dynamiska-spegelblinkers-bmw-1-serie-white\/#primaryimage","url":"https:\/\/xenonkungen.com\/wp-content\/uploads\/2025\/04\/178097999-origpic-56523c.jpg","contentUrl":"https:\/\/xenonkungen.com\/wp-content\/uploads\/2025\/04\/178097999-origpic-56523c.jpg","width":900,"height":900},{"@type":"BreadcrumbList","@id":"https:\/\/xenonkungen.com\/produkt\/ledriving-dynamiska-spegelblinkers-bmw-1-serie-white\/#breadcrumb","itemListElement":[{"@type":"ListItem","position":1,"name":"Hem","item":"https:\/\/xenonkungen.com\/"},{"@type":"ListItem","position":2,"name":"Shop","item":"https:\/\/xenonkungen.com\/shop\/"},{"@type":"ListItem","position":3,"name":"LEDriving\u00ae Dynamiska spegelblinkers &#8211; BMW 1-serie (WHITE)"}]},{"@type":"WebSite","@id":"https:\/\/xenonkungen.com\/#website","url":"https:\/\/xenonkungen.com\/","name":"Xenonkungen","description":"","potentialAction":[{"@type":"SearchAction","target":{"@type":"EntryPoint","urlTemplate":"https:\/\/xenonkungen.com\/?s={search_term_string}"},"query-input":{"@type":"PropertyValueSpecification","valueRequired":true,"valueName":"search_term_string"}}],"inLanguage":"nb-NO"}]}},"taxonomy_info":{"product_brand":[{"value":108,"label":"OSRAM"}],"product_cat":[{"value":2644,"label":"Dynamiska spegelblinkers"},{"value":338,"label":"Diodlampor"}],"pa_fuktskydd-varde-ipxx":[{"value":960,"label":"IP69"}],"pa_godkannande":[{"value":2033,"label":"ECE R7 , ECE R10"}],"pa_lampsockel-kontakt":[{"value":2032,"label":"Plug and Play (PnP)"}],"pa_volt-v":[{"value":159,"label":"12"}]},"featured_image_src_large":["https:\/\/xenonkungen.com\/wp-content\/uploads\/2025\/04\/178097999-origpic-56523c.jpg",900,900,false],"author_info":[],"comment_info":0,"_links":{"self":[{"href":"https:\/\/xenonkungen.com\/no\/wp-json\/wp\/v2\/product\/8139","targetHints":{"allow":["GET"]}}],"collection":[{"href":"https:\/\/xenonkungen.com\/no\/wp-json\/wp\/v2\/product"}],"about":[{"href":"https:\/\/xenonkungen.com\/no\/wp-json\/wp\/v2\/types\/product"}],"replies":[{"embeddable":true,"href":"https:\/\/xenonkungen.com\/no\/wp-json\/wp\/v2\/comments?post=8139"}],"wp:featuredmedia":[{"embeddable":true,"href":"https:\/\/xenonkungen.com\/no\/wp-json\/wp\/v2\/media\/8140"}],"wp:attachment":[{"href":"https:\/\/xenonkungen.com\/no\/wp-json\/wp\/v2\/media?parent=8139"}],"wp:term":[{"taxonomy":"anvandningsomrade","embeddable":true,"href":"https:\/\/xenonkungen.com\/no\/wp-json\/wp\/v2\/anvandningsomrade?post=8139"},{"taxonomy":"bilmarken","embeddable":true,"href":"https:\/\/xenonkungen.com\/no\/wp-json\/wp\/v2\/bilmarken?post=8139"},{"taxonomy":"product_brand","embeddable":true,"href":"https:\/\/xenonkungen.com\/no\/wp-json\/wp\/v2\/product_brand?post=8139"},{"taxonomy":"product_cat","embeddable":true,"href":"https:\/\/xenonkungen.com\/no\/wp-json\/wp\/v2\/product_cat?post=8139"},{"taxonomy":"product_tag","embeddable":true,"href":"https:\/\/xenonkungen.com\/no\/wp-json\/wp\/v2\/product_tag?post=8139"}],"curies":[{"name":"wp","href":"https:\/\/api.w.org\/{rel}","templated":true}]}}