{"id":8220,"date":"2025-04-15T10:04:53","date_gmt":"2025-04-15T10:04:53","guid":{"rendered":"https:\/\/xenonkungen.com\/product\/trailerkabel-5-5m\/"},"modified":"2025-12-10T14:49:38","modified_gmt":"2025-12-10T13:49:38","slug":"tilhengerkabel-55-m","status":"publish","type":"product","link":"https:\/\/xenonkungen.com\/no\/produkt\/tilhengerkabel-55-m\/","title":{"rendered":"Tilhengerkabel 5,5 m"},"content":{"rendered":"<h1>Tilhengerkabel for LED-lys: en effektiv tilkobling<\/h1>\n<p>Denne spesialdesignede tilhengerkabelen er utviklet for \u00e5 koble til LED-lys fra 100\/150-serien samt 200 Boat Trailer-lampesettet, og gir en p\u00e5litelig og effektiv lyskilde for tilhengeren din.<\/p>\n<h2>Spesifikasjoner:<\/h2>\n<ul>\n<li>Designet for: LED-lamper i 100\/150-serien og 200 Boat Trailer-lampesett.<\/li>\n<li>Plassering: Monteres p\u00e5 tilhengerens langside mellom tilhengerkontakt 5C81 og kabel for kortsiden serie 4Cxxxx.<\/li>\n<\/ul>","protected":false},"excerpt":{"rendered":"<p>Trailerkabel f\u00f6r LED-lampor: En Effektiv Anslutning Denna specialdesignade trailerkabel \u00e4r utformad f\u00f6r att ansluta LED-lampor fr\u00e5n serie 100\/150 samt 200 Boat Trailer lamp set och erbjuder en p\u00e5litlig och effektiv ljusk\u00e4lla f\u00f6r ditt sl\u00e4p. Specifikationer: Designad F\u00f6r: LED-lampor i serie 100\/150 samt 200 Boat Trailer lamp set. Placering: Installeras p\u00e5 sl\u00e4pets l\u00e5ngsida mellan Trailerkontakt 5C81 [&hellip;]<\/p>","protected":false},"featured_media":8221,"comment_status":"closed","ping_status":"open","template":"","meta":{"_acf_changed":false,"_smort_price_nok":"235","_smort_price_dkk":"149","_smort_price_eur":"20","_smort_sale_price_nok":"","_smort_sale_price_dkk":"","_smort_sale_price_eur":"","smort_restorder":"","shipmondo_restorder":"","_kad_blocks_custom_css":"","_kad_blocks_head_custom_js":"","_kad_blocks_body_custom_js":"","_kad_blocks_footer_custom_js":"","smort_custom_pricelist_1":"123.2","smort_custom_pricelist_2":"123.2","smort_custom_pricelist_3":"117.04","smort_custom_pricelist_4":"176","smort_custom_pricelist_5":"123.2"},"anvandningsomrade":[166,238,2816],"bilmarken":[],"product_brand":[1252],"product_cat":[2589],"product_tag":[],"class_list":{"0":"post-8220","1":"product","2":"type-product","3":"status-publish","4":"has-post-thumbnail","6":"anvandningsomrade-lastbil","7":"anvandningsomrade-slap","8":"anvandningsomrade-trailer","9":"product_brand-lea","10":"product_cat-kablar-slap","12":"first","13":"instock","14":"taxable","15":"shipping-taxable","16":"purchasable","17":"product-type-simple"},"bundled_by":[],"bundle_stock_status":"instock","bundle_stock_quantity":1,"bundle_virtual":false,"bundle_layout":"","bundle_add_to_cart_form_location":"","bundle_editable_in_cart":false,"bundle_sold_individually_context":"","bundle_item_grouping":"","bundle_min_size":"","bundle_max_size":"","bundle_price":[],"bundled_items":[],"bundle_sell_ids":[],"acf":[],"yoast_head":"<!-- This site is optimized with the Yoast SEO plugin v27.0 - https:\/\/yoast.com\/product\/yoast-seo-wordpress\/ -->\n<title>Trailerkabel 5.5m - Xenonkungen<\/title>\n<meta name=\"robots\" content=\"index, follow, max-snippet:-1, max-image-preview:large, max-video-preview:-1\" \/>\n<link rel=\"canonical\" href=\"https:\/\/xenonkungen.com\/no\/produkt\/tilhengerkabel-55-m\/\" \/>\n<meta property=\"og:locale\" content=\"nb_NO\" \/>\n<meta property=\"og:type\" content=\"article\" \/>\n<meta property=\"og:title\" content=\"Trailerkabel 5.5m - Xenonkungen\" \/>\n<meta property=\"og:description\" content=\"Trailerkabel f\u00f6r LED-lampor: En Effektiv Anslutning Denna specialdesignade trailerkabel \u00e4r utformad f\u00f6r att ansluta LED-lampor fr\u00e5n serie 100\/150 samt 200 Boat Trailer lamp set och erbjuder en p\u00e5litlig och effektiv ljusk\u00e4lla f\u00f6r ditt sl\u00e4p. Specifikationer: Designad F\u00f6r: LED-lampor i serie 100\/150 samt 200 Boat Trailer lamp set. Placering: Installeras p\u00e5 sl\u00e4pets l\u00e5ngsida mellan Trailerkontakt 5C81 [&hellip;]\" \/>\n<meta property=\"og:url\" content=\"https:\/\/xenonkungen.com\/no\/produkt\/tilhengerkabel-55-m\/\" \/>\n<meta property=\"og:site_name\" content=\"Xenonkungen\" \/>\n<meta property=\"article:modified_time\" content=\"2025-12-10T13:49:38+00:00\" \/>\n<meta property=\"og:image\" content=\"https:\/\/xenonkungen.com\/wp-content\/uploads\/2025\/04\/7383073-origpic-1cbe88.jpg\" \/>\n\t<meta property=\"og:image:width\" content=\"600\" \/>\n\t<meta property=\"og:image:height\" content=\"600\" \/>\n\t<meta property=\"og:image:type\" content=\"image\/jpeg\" \/>\n<meta name=\"twitter:card\" content=\"summary_large_image\" \/>\n<script type=\"application\/ld+json\" class=\"yoast-schema-graph\">{\"@context\":\"https:\/\/schema.org\",\"@graph\":[{\"@type\":\"WebPage\",\"@id\":\"https:\/\/xenonkungen.com\/en\/product\/trailerkabel-5-5m\/\",\"url\":\"https:\/\/xenonkungen.com\/en\/product\/trailerkabel-5-5m\/\",\"name\":\"Trailerkabel 5.5m - Xenonkungen\",\"isPartOf\":{\"@id\":\"https:\/\/xenonkungen.com\/#website\"},\"primaryImageOfPage\":{\"@id\":\"https:\/\/xenonkungen.com\/en\/product\/trailerkabel-5-5m\/#primaryimage\"},\"image\":{\"@id\":\"https:\/\/xenonkungen.com\/en\/product\/trailerkabel-5-5m\/#primaryimage\"},\"thumbnailUrl\":\"https:\/\/xenonkungen.com\/wp-content\/uploads\/2025\/04\/7383073-origpic-1cbe88.jpg\",\"datePublished\":\"2025-04-15T10:04:53+00:00\",\"dateModified\":\"2025-12-10T13:49:38+00:00\",\"breadcrumb\":{\"@id\":\"https:\/\/xenonkungen.com\/en\/product\/trailerkabel-5-5m\/#breadcrumb\"},\"inLanguage\":\"nb-NO\",\"potentialAction\":[{\"@type\":\"ReadAction\",\"target\":[\"https:\/\/xenonkungen.com\/en\/product\/trailerkabel-5-5m\/\"]}]},{\"@type\":\"ImageObject\",\"inLanguage\":\"nb-NO\",\"@id\":\"https:\/\/xenonkungen.com\/en\/product\/trailerkabel-5-5m\/#primaryimage\",\"url\":\"https:\/\/xenonkungen.com\/wp-content\/uploads\/2025\/04\/7383073-origpic-1cbe88.jpg\",\"contentUrl\":\"https:\/\/xenonkungen.com\/wp-content\/uploads\/2025\/04\/7383073-origpic-1cbe88.jpg\",\"width\":600,\"height\":600},{\"@type\":\"BreadcrumbList\",\"@id\":\"https:\/\/xenonkungen.com\/en\/product\/trailerkabel-5-5m\/#breadcrumb\",\"itemListElement\":[{\"@type\":\"ListItem\",\"position\":1,\"name\":\"Hem\",\"item\":\"https:\/\/xenonkungen.com\/\"},{\"@type\":\"ListItem\",\"position\":2,\"name\":\"Shop\",\"item\":\"https:\/\/xenonkungen.com\/shop\/\"},{\"@type\":\"ListItem\",\"position\":3,\"name\":\"Trailerkabel 5.5m\"}]},{\"@type\":\"WebSite\",\"@id\":\"https:\/\/xenonkungen.com\/#website\",\"url\":\"https:\/\/xenonkungen.com\/\",\"name\":\"Xenonkungen\",\"description\":\"\",\"potentialAction\":[{\"@type\":\"SearchAction\",\"target\":{\"@type\":\"EntryPoint\",\"urlTemplate\":\"https:\/\/xenonkungen.com\/?s={search_term_string}\"},\"query-input\":{\"@type\":\"PropertyValueSpecification\",\"valueRequired\":true,\"valueName\":\"search_term_string\"}}],\"inLanguage\":\"nb-NO\"}]}<\/script>\n<!-- \/ Yoast SEO plugin. -->","yoast_head_json":{"title":"Tilhengerkabel 5,5m - Xenon-kongen","robots":{"index":"index","follow":"follow","max-snippet":"max-snippet:-1","max-image-preview":"max-image-preview:large","max-video-preview":"max-video-preview:-1"},"canonical":"https:\/\/xenonkungen.com\/no\/produkt\/tilhengerkabel-55-m\/","og_locale":"nb_NO","og_type":"article","og_title":"Trailerkabel 5.5m - Xenonkungen","og_description":"Trailerkabel f\u00f6r LED-lampor: En Effektiv Anslutning Denna specialdesignade trailerkabel \u00e4r utformad f\u00f6r att ansluta LED-lampor fr\u00e5n serie 100\/150 samt 200 Boat Trailer lamp set och erbjuder en p\u00e5litlig och effektiv ljusk\u00e4lla f\u00f6r ditt sl\u00e4p. Specifikationer: Designad F\u00f6r: LED-lampor i serie 100\/150 samt 200 Boat Trailer lamp set. Placering: Installeras p\u00e5 sl\u00e4pets l\u00e5ngsida mellan Trailerkontakt 5C81 [&hellip;]","og_url":"https:\/\/xenonkungen.com\/no\/produkt\/tilhengerkabel-55-m\/","og_site_name":"Xenonkungen","article_modified_time":"2025-12-10T13:49:38+00:00","og_image":[{"width":600,"height":600,"url":"https:\/\/xenonkungen.com\/wp-content\/uploads\/2025\/04\/7383073-origpic-1cbe88.jpg","type":"image\/jpeg"}],"twitter_card":"summary_large_image","schema":{"@context":"https:\/\/schema.org","@graph":[{"@type":"WebPage","@id":"https:\/\/xenonkungen.com\/en\/product\/trailerkabel-5-5m\/","url":"https:\/\/xenonkungen.com\/en\/product\/trailerkabel-5-5m\/","name":"Tilhengerkabel 5,5m - Xenon-kongen","isPartOf":{"@id":"https:\/\/xenonkungen.com\/#website"},"primaryImageOfPage":{"@id":"https:\/\/xenonkungen.com\/en\/product\/trailerkabel-5-5m\/#primaryimage"},"image":{"@id":"https:\/\/xenonkungen.com\/en\/product\/trailerkabel-5-5m\/#primaryimage"},"thumbnailUrl":"https:\/\/xenonkungen.com\/wp-content\/uploads\/2025\/04\/7383073-origpic-1cbe88.jpg","datePublished":"2025-04-15T10:04:53+00:00","dateModified":"2025-12-10T13:49:38+00:00","breadcrumb":{"@id":"https:\/\/xenonkungen.com\/en\/product\/trailerkabel-5-5m\/#breadcrumb"},"inLanguage":"nb-NO","potentialAction":[{"@type":"ReadAction","target":["https:\/\/xenonkungen.com\/en\/product\/trailerkabel-5-5m\/"]}]},{"@type":"ImageObject","inLanguage":"nb-NO","@id":"https:\/\/xenonkungen.com\/en\/product\/trailerkabel-5-5m\/#primaryimage","url":"https:\/\/xenonkungen.com\/wp-content\/uploads\/2025\/04\/7383073-origpic-1cbe88.jpg","contentUrl":"https:\/\/xenonkungen.com\/wp-content\/uploads\/2025\/04\/7383073-origpic-1cbe88.jpg","width":600,"height":600},{"@type":"BreadcrumbList","@id":"https:\/\/xenonkungen.com\/en\/product\/trailerkabel-5-5m\/#breadcrumb","itemListElement":[{"@type":"ListItem","position":1,"name":"Hem","item":"https:\/\/xenonkungen.com\/"},{"@type":"ListItem","position":2,"name":"Shop","item":"https:\/\/xenonkungen.com\/shop\/"},{"@type":"ListItem","position":3,"name":"Trailerkabel 5.5m"}]},{"@type":"WebSite","@id":"https:\/\/xenonkungen.com\/#website","url":"https:\/\/xenonkungen.com\/","name":"Xenonkungen","description":"","potentialAction":[{"@type":"SearchAction","target":{"@type":"EntryPoint","urlTemplate":"https:\/\/xenonkungen.com\/?s={search_term_string}"},"query-input":{"@type":"PropertyValueSpecification","valueRequired":true,"valueName":"search_term_string"}}],"inLanguage":"nb-NO"}]}},"taxonomy_info":{"anvandningsomrade":[{"value":166,"label":"Lastbil"},{"value":238,"label":"SL\u00c4P"},{"value":2816,"label":"TRAILER"}],"product_brand":[{"value":1252,"label":"LEA"}],"product_cat":[{"value":2589,"label":"Kablar"}]},"featured_image_src_large":["https:\/\/xenonkungen.com\/wp-content\/uploads\/2025\/04\/7383073-origpic-1cbe88.jpg",600,600,false],"author_info":[],"comment_info":0,"_links":{"self":[{"href":"https:\/\/xenonkungen.com\/no\/wp-json\/wp\/v2\/product\/8220","targetHints":{"allow":["GET"]}}],"collection":[{"href":"https:\/\/xenonkungen.com\/no\/wp-json\/wp\/v2\/product"}],"about":[{"href":"https:\/\/xenonkungen.com\/no\/wp-json\/wp\/v2\/types\/product"}],"replies":[{"embeddable":true,"href":"https:\/\/xenonkungen.com\/no\/wp-json\/wp\/v2\/comments?post=8220"}],"wp:featuredmedia":[{"embeddable":true,"href":"https:\/\/xenonkungen.com\/no\/wp-json\/wp\/v2\/media\/8221"}],"wp:attachment":[{"href":"https:\/\/xenonkungen.com\/no\/wp-json\/wp\/v2\/media?parent=8220"}],"wp:term":[{"taxonomy":"anvandningsomrade","embeddable":true,"href":"https:\/\/xenonkungen.com\/no\/wp-json\/wp\/v2\/anvandningsomrade?post=8220"},{"taxonomy":"bilmarken","embeddable":true,"href":"https:\/\/xenonkungen.com\/no\/wp-json\/wp\/v2\/bilmarken?post=8220"},{"taxonomy":"product_brand","embeddable":true,"href":"https:\/\/xenonkungen.com\/no\/wp-json\/wp\/v2\/product_brand?post=8220"},{"taxonomy":"product_cat","embeddable":true,"href":"https:\/\/xenonkungen.com\/no\/wp-json\/wp\/v2\/product_cat?post=8220"},{"taxonomy":"product_tag","embeddable":true,"href":"https:\/\/xenonkungen.com\/no\/wp-json\/wp\/v2\/product_tag?post=8220"}],"curies":[{"name":"wp","href":"https:\/\/api.w.org\/{rel}","templated":true}]}}