{"id":8228,"date":"2025-04-15T10:04:57","date_gmt":"2025-04-15T10:04:57","guid":{"rendered":"https:\/\/xenonkungen.com\/product\/trailerkabel-8-0m\/"},"modified":"2025-12-10T14:49:38","modified_gmt":"2025-12-10T13:49:38","slug":"tilhengerkabel-80m","status":"publish","type":"product","link":"https:\/\/xenonkungen.com\/no\/produkt\/tilhengerkabel-80m\/","title":{"rendered":"Tilhengerkabel 8,0 m"},"content":{"rendered":"<h1>Tilhengerkabel for LED-lys: Serie 100\/150 og 200 b\u00e5thenger-sett<\/h1>\n<p>En spesialdesignet l\u00f8sning for \u00e5 koble til og optimalisere belysningssystemet p\u00e5 tilhengeren din med LED-lys fra 100\/150-serien og 200 Boat Trailer-settet.<\/p>\n<h2>Funksjoner og fordeler:<\/h2>\n<ul>\n<li><span class=\"highlight\">Kompatibilitet:<\/span> Tilpasset for LED-lamper fra 100\/150- og 200 Boat Trailer-serien.<\/li>\n<li><span class=\"highlight\">Optimalisert installasjon:<\/span> Designet for montering langs langsiden av tilhengeren for effektiv kabelh\u00e5ndtering.<\/li>\n<li><span class=\"highlight\">Stabil tilkobling:<\/span> Kobler tilhengerkontakt 5C81 med kabel for kortsideserie 4Cxxxx.<\/li>\n<li><span class=\"highlight\">Robust konstruksjon:<\/span> T\u00e5ler v\u00e6r og mekaniske p\u00e5kjenninger for langvarig bruk.<\/li>\n<\/ul>","protected":false},"excerpt":{"rendered":"<p>Trailerkabel f\u00f6r LED-lampor: Serie 100\/150 och 200 Boat Trailer Set En specialdesignad l\u00f6sning f\u00f6r att ansluta och optimera din sl\u00e4pvagns belysningssystem med LED-lampor fr\u00e5n serie 100\/150 och 200 Boat Trailer set. Funktioner och f\u00f6rdelar: Kompatibilitet: Anpassad f\u00f6r LED-lampor fr\u00e5n serie 100\/150 och 200 Boat Trailer. Optimerad Installation: Avsedd f\u00f6r montering l\u00e4ngs sl\u00e4pets l\u00e5ngsida f\u00f6r effektiv [&hellip;]<\/p>","protected":false},"featured_media":8229,"comment_status":"closed","ping_status":"open","template":"","meta":{"_acf_changed":false,"_smort_price_nok":"320","_smort_price_dkk":"204","_smort_price_eur":"27.27","_smort_sale_price_nok":"","_smort_sale_price_dkk":"","_smort_sale_price_eur":"","smort_restorder":"","shipmondo_restorder":"","_kad_blocks_custom_css":"","_kad_blocks_head_custom_js":"","_kad_blocks_body_custom_js":"","_kad_blocks_footer_custom_js":"","smort_custom_pricelist_1":"168","smort_custom_pricelist_2":"168","smort_custom_pricelist_3":"159.6","smort_custom_pricelist_4":"240","smort_custom_pricelist_5":"168"},"anvandningsomrade":[166,238,2816],"bilmarken":[],"product_brand":[1252],"product_cat":[2589],"product_tag":[],"class_list":{"0":"post-8228","1":"product","2":"type-product","3":"status-publish","4":"has-post-thumbnail","6":"anvandningsomrade-lastbil","7":"anvandningsomrade-slap","8":"anvandningsomrade-trailer","9":"product_brand-lea","10":"product_cat-kablar-slap","12":"first","13":"instock","14":"taxable","15":"shipping-taxable","16":"purchasable","17":"product-type-simple"},"bundled_by":[],"bundle_stock_status":"instock","bundle_stock_quantity":1,"bundle_virtual":false,"bundle_layout":"","bundle_add_to_cart_form_location":"","bundle_editable_in_cart":false,"bundle_sold_individually_context":"","bundle_item_grouping":"","bundle_min_size":"","bundle_max_size":"","bundle_price":[],"bundled_items":[],"bundle_sell_ids":[],"acf":[],"yoast_head":"<!-- This site is optimized with the Yoast SEO plugin v27.0 - https:\/\/yoast.com\/product\/yoast-seo-wordpress\/ -->\n<title>Trailerkabel 8.0m - Xenonkungen<\/title>\n<meta name=\"robots\" content=\"index, follow, max-snippet:-1, max-image-preview:large, max-video-preview:-1\" \/>\n<link rel=\"canonical\" href=\"https:\/\/xenonkungen.com\/no\/produkt\/tilhengerkabel-80m\/\" \/>\n<meta property=\"og:locale\" content=\"nb_NO\" \/>\n<meta property=\"og:type\" content=\"article\" \/>\n<meta property=\"og:title\" content=\"Trailerkabel 8.0m - Xenonkungen\" \/>\n<meta property=\"og:description\" content=\"Trailerkabel f\u00f6r LED-lampor: Serie 100\/150 och 200 Boat Trailer Set En specialdesignad l\u00f6sning f\u00f6r att ansluta och optimera din sl\u00e4pvagns belysningssystem med LED-lampor fr\u00e5n serie 100\/150 och 200 Boat Trailer set. Funktioner och f\u00f6rdelar: Kompatibilitet: Anpassad f\u00f6r LED-lampor fr\u00e5n serie 100\/150 och 200 Boat Trailer. Optimerad Installation: Avsedd f\u00f6r montering l\u00e4ngs sl\u00e4pets l\u00e5ngsida f\u00f6r effektiv [&hellip;]\" \/>\n<meta property=\"og:url\" content=\"https:\/\/xenonkungen.com\/no\/produkt\/tilhengerkabel-80m\/\" \/>\n<meta property=\"og:site_name\" content=\"Xenonkungen\" \/>\n<meta property=\"article:modified_time\" content=\"2025-12-10T13:49:38+00:00\" \/>\n<meta property=\"og:image\" content=\"https:\/\/xenonkungen.com\/wp-content\/uploads\/2025\/04\/177553589-origpic-2ca87d.jpg\" \/>\n\t<meta property=\"og:image:width\" content=\"800\" \/>\n\t<meta property=\"og:image:height\" content=\"800\" \/>\n\t<meta property=\"og:image:type\" content=\"image\/jpeg\" \/>\n<meta name=\"twitter:card\" content=\"summary_large_image\" \/>\n<script type=\"application\/ld+json\" class=\"yoast-schema-graph\">{\"@context\":\"https:\/\/schema.org\",\"@graph\":[{\"@type\":\"WebPage\",\"@id\":\"https:\/\/xenonkungen.com\/no\/produkt\/tilhengerkabel-80m\/\",\"url\":\"https:\/\/xenonkungen.com\/no\/produkt\/tilhengerkabel-80m\/\",\"name\":\"Trailerkabel 8.0m - Xenonkungen\",\"isPartOf\":{\"@id\":\"https:\/\/xenonkungen.com\/#website\"},\"primaryImageOfPage\":{\"@id\":\"https:\/\/xenonkungen.com\/no\/produkt\/tilhengerkabel-80m\/#primaryimage\"},\"image\":{\"@id\":\"https:\/\/xenonkungen.com\/no\/produkt\/tilhengerkabel-80m\/#primaryimage\"},\"thumbnailUrl\":\"https:\/\/xenonkungen.com\/wp-content\/uploads\/2025\/04\/177553589-origpic-2ca87d.jpg\",\"datePublished\":\"2025-04-15T10:04:57+00:00\",\"dateModified\":\"2025-12-10T13:49:38+00:00\",\"breadcrumb\":{\"@id\":\"https:\/\/xenonkungen.com\/no\/produkt\/tilhengerkabel-80m\/#breadcrumb\"},\"inLanguage\":\"nb-NO\",\"potentialAction\":[{\"@type\":\"ReadAction\",\"target\":[\"https:\/\/xenonkungen.com\/no\/produkt\/tilhengerkabel-80m\/\"]}]},{\"@type\":\"ImageObject\",\"inLanguage\":\"nb-NO\",\"@id\":\"https:\/\/xenonkungen.com\/no\/produkt\/tilhengerkabel-80m\/#primaryimage\",\"url\":\"https:\/\/xenonkungen.com\/wp-content\/uploads\/2025\/04\/177553589-origpic-2ca87d.jpg\",\"contentUrl\":\"https:\/\/xenonkungen.com\/wp-content\/uploads\/2025\/04\/177553589-origpic-2ca87d.jpg\",\"width\":800,\"height\":800},{\"@type\":\"BreadcrumbList\",\"@id\":\"https:\/\/xenonkungen.com\/no\/produkt\/tilhengerkabel-80m\/#breadcrumb\",\"itemListElement\":[{\"@type\":\"ListItem\",\"position\":1,\"name\":\"Hem\",\"item\":\"https:\/\/xenonkungen.com\/\"},{\"@type\":\"ListItem\",\"position\":2,\"name\":\"Shop\",\"item\":\"https:\/\/xenonkungen.com\/shop\/\"},{\"@type\":\"ListItem\",\"position\":3,\"name\":\"Trailerkabel 8.0m\"}]},{\"@type\":\"WebSite\",\"@id\":\"https:\/\/xenonkungen.com\/#website\",\"url\":\"https:\/\/xenonkungen.com\/\",\"name\":\"Xenonkungen\",\"description\":\"\",\"potentialAction\":[{\"@type\":\"SearchAction\",\"target\":{\"@type\":\"EntryPoint\",\"urlTemplate\":\"https:\/\/xenonkungen.com\/?s={search_term_string}\"},\"query-input\":{\"@type\":\"PropertyValueSpecification\",\"valueRequired\":true,\"valueName\":\"search_term_string\"}}],\"inLanguage\":\"nb-NO\"}]}<\/script>\n<!-- \/ Yoast SEO plugin. -->","yoast_head_json":{"title":"Tilhengerkabel 8,0m - Xenon-kongen","robots":{"index":"index","follow":"follow","max-snippet":"max-snippet:-1","max-image-preview":"max-image-preview:large","max-video-preview":"max-video-preview:-1"},"canonical":"https:\/\/xenonkungen.com\/no\/produkt\/tilhengerkabel-80m\/","og_locale":"nb_NO","og_type":"article","og_title":"Trailerkabel 8.0m - Xenonkungen","og_description":"Trailerkabel f\u00f6r LED-lampor: Serie 100\/150 och 200 Boat Trailer Set En specialdesignad l\u00f6sning f\u00f6r att ansluta och optimera din sl\u00e4pvagns belysningssystem med LED-lampor fr\u00e5n serie 100\/150 och 200 Boat Trailer set. Funktioner och f\u00f6rdelar: Kompatibilitet: Anpassad f\u00f6r LED-lampor fr\u00e5n serie 100\/150 och 200 Boat Trailer. Optimerad Installation: Avsedd f\u00f6r montering l\u00e4ngs sl\u00e4pets l\u00e5ngsida f\u00f6r effektiv [&hellip;]","og_url":"https:\/\/xenonkungen.com\/no\/produkt\/tilhengerkabel-80m\/","og_site_name":"Xenonkungen","article_modified_time":"2025-12-10T13:49:38+00:00","og_image":[{"width":800,"height":800,"url":"https:\/\/xenonkungen.com\/wp-content\/uploads\/2025\/04\/177553589-origpic-2ca87d.jpg","type":"image\/jpeg"}],"twitter_card":"summary_large_image","schema":{"@context":"https:\/\/schema.org","@graph":[{"@type":"WebPage","@id":"https:\/\/xenonkungen.com\/no\/produkt\/tilhengerkabel-80m\/","url":"https:\/\/xenonkungen.com\/no\/produkt\/tilhengerkabel-80m\/","name":"Tilhengerkabel 8,0m - Xenon-kongen","isPartOf":{"@id":"https:\/\/xenonkungen.com\/#website"},"primaryImageOfPage":{"@id":"https:\/\/xenonkungen.com\/no\/produkt\/tilhengerkabel-80m\/#primaryimage"},"image":{"@id":"https:\/\/xenonkungen.com\/no\/produkt\/tilhengerkabel-80m\/#primaryimage"},"thumbnailUrl":"https:\/\/xenonkungen.com\/wp-content\/uploads\/2025\/04\/177553589-origpic-2ca87d.jpg","datePublished":"2025-04-15T10:04:57+00:00","dateModified":"2025-12-10T13:49:38+00:00","breadcrumb":{"@id":"https:\/\/xenonkungen.com\/no\/produkt\/tilhengerkabel-80m\/#breadcrumb"},"inLanguage":"nb-NO","potentialAction":[{"@type":"ReadAction","target":["https:\/\/xenonkungen.com\/no\/produkt\/tilhengerkabel-80m\/"]}]},{"@type":"ImageObject","inLanguage":"nb-NO","@id":"https:\/\/xenonkungen.com\/no\/produkt\/tilhengerkabel-80m\/#primaryimage","url":"https:\/\/xenonkungen.com\/wp-content\/uploads\/2025\/04\/177553589-origpic-2ca87d.jpg","contentUrl":"https:\/\/xenonkungen.com\/wp-content\/uploads\/2025\/04\/177553589-origpic-2ca87d.jpg","width":800,"height":800},{"@type":"BreadcrumbList","@id":"https:\/\/xenonkungen.com\/no\/produkt\/tilhengerkabel-80m\/#breadcrumb","itemListElement":[{"@type":"ListItem","position":1,"name":"Hem","item":"https:\/\/xenonkungen.com\/"},{"@type":"ListItem","position":2,"name":"Shop","item":"https:\/\/xenonkungen.com\/shop\/"},{"@type":"ListItem","position":3,"name":"Trailerkabel 8.0m"}]},{"@type":"WebSite","@id":"https:\/\/xenonkungen.com\/#website","url":"https:\/\/xenonkungen.com\/","name":"Xenonkungen","description":"","potentialAction":[{"@type":"SearchAction","target":{"@type":"EntryPoint","urlTemplate":"https:\/\/xenonkungen.com\/?s={search_term_string}"},"query-input":{"@type":"PropertyValueSpecification","valueRequired":true,"valueName":"search_term_string"}}],"inLanguage":"nb-NO"}]}},"taxonomy_info":{"anvandningsomrade":[{"value":166,"label":"Lastbil"},{"value":238,"label":"SL\u00c4P"},{"value":2816,"label":"TRAILER"}],"product_brand":[{"value":1252,"label":"LEA"}],"product_cat":[{"value":2589,"label":"Kablar"}]},"featured_image_src_large":["https:\/\/xenonkungen.com\/wp-content\/uploads\/2025\/04\/177553589-origpic-2ca87d.jpg",800,800,false],"author_info":[],"comment_info":0,"_links":{"self":[{"href":"https:\/\/xenonkungen.com\/no\/wp-json\/wp\/v2\/product\/8228","targetHints":{"allow":["GET"]}}],"collection":[{"href":"https:\/\/xenonkungen.com\/no\/wp-json\/wp\/v2\/product"}],"about":[{"href":"https:\/\/xenonkungen.com\/no\/wp-json\/wp\/v2\/types\/product"}],"replies":[{"embeddable":true,"href":"https:\/\/xenonkungen.com\/no\/wp-json\/wp\/v2\/comments?post=8228"}],"wp:featuredmedia":[{"embeddable":true,"href":"https:\/\/xenonkungen.com\/no\/wp-json\/wp\/v2\/media\/8229"}],"wp:attachment":[{"href":"https:\/\/xenonkungen.com\/no\/wp-json\/wp\/v2\/media?parent=8228"}],"wp:term":[{"taxonomy":"anvandningsomrade","embeddable":true,"href":"https:\/\/xenonkungen.com\/no\/wp-json\/wp\/v2\/anvandningsomrade?post=8228"},{"taxonomy":"bilmarken","embeddable":true,"href":"https:\/\/xenonkungen.com\/no\/wp-json\/wp\/v2\/bilmarken?post=8228"},{"taxonomy":"product_brand","embeddable":true,"href":"https:\/\/xenonkungen.com\/no\/wp-json\/wp\/v2\/product_brand?post=8228"},{"taxonomy":"product_cat","embeddable":true,"href":"https:\/\/xenonkungen.com\/no\/wp-json\/wp\/v2\/product_cat?post=8228"},{"taxonomy":"product_tag","embeddable":true,"href":"https:\/\/xenonkungen.com\/no\/wp-json\/wp\/v2\/product_tag?post=8228"}],"curies":[{"name":"wp","href":"https:\/\/api.w.org\/{rel}","templated":true}]}}