{"id":8241,"date":"2025-04-15T10:05:03","date_gmt":"2025-04-15T10:05:03","guid":{"rendered":"https:\/\/xenonkungen.com\/product\/steg-lampa-kromgron\/"},"modified":"2026-04-11T00:50:42","modified_gmt":"2026-04-10T23:50:42","slug":"trinnlampe-krom-gronn","status":"publish","type":"product","link":"https:\/\/xenonkungen.com\/no\/produkt\/trinnlampe-krom-gronn\/","title":{"rendered":"Trinnlampe krom|gr\u00f8nn"},"content":{"rendered":"<h1>Elegant gr\u00f8nn kj\u00f8ret\u00f8ylampe<\/h1>\n<p>Denne stilige lampen er ideell for b\u00e5de innvendig og utvendig montering p\u00e5 kj\u00f8ret\u00f8y, og er designet for \u00e5 lyse opp mindre omr\u00e5der med et karakteristisk gr\u00f8nt lys. Lampen er konstruert med et forkrommet metallhus og en slitesterk linse av slagfast polykarbonat i en i\u00f8ynefallende gr\u00f8nn farge, og den kombinerer estetisk skj\u00f8nnhet med robusthet.<\/p>\n<h2>Spesifikasjoner:<\/h2>\n<ul>\n<li>Lysspredning: 120 grader<\/li>\n<li>Materiale: Forkrommet metallhus, slagfast polykarbonatlinse<\/li>\n<li>Farge: Gr\u00f8nn<\/li>\n<li>IP67-klassifisering: St\u00f8t- og vibrasjonsbestandig, helt vanntett<\/li>\n<li>Kortslutningsbeskyttet<\/li>\n<\/ul>\n<h2>Funksjoner og fordeler:<\/h2>\n<ul>\n<li>Moderne LED-teknologi s\u00f8rger for kraftig og energieffektiv belysning.<\/li>\n<li>Stilig og diskret design som fremhever kj\u00f8ret\u00f8yets utseende.<\/li>\n<li>Allsidige monteringsalternativer gj\u00f8r det mulig \u00e5 tilpasse den til ulike kj\u00f8ret\u00f8ytyper.<\/li>\n<li>Ideell for et bredt spekter av kj\u00f8ret\u00f8y, inkludert nyttekj\u00f8ret\u00f8y og fritidskj\u00f8ret\u00f8y, der det er behov for en karakteristisk og effektiv belysning.<\/li>\n<\/ul>","protected":false},"excerpt":{"rendered":"<p>Elegant Gr\u00f6n Fordonslampa Denna stiliga lampa \u00e4r idealisk f\u00f6r b\u00e5de inre och yttre montering p\u00e5 fordon, utformad f\u00f6r att effektivt belysa mindre omr\u00e5den med ett s\u00e4reget gr\u00f6nt sken. Konstruerad med ett krompl\u00e4terat metallhus och en h\u00e5llbar lins av slagt\u00e5lig polycarbonat i en i\u00f6gonfallande gr\u00f6n nyans, kombinerar denna lampa estetisk sk\u00f6nhet med robusthet. Specifikationer: Ljusspridning: 120 [&hellip;]<\/p>","protected":false},"featured_media":8242,"comment_status":"closed","ping_status":"open","template":"","meta":{"_acf_changed":false,"_smort_price_nok":"203","_smort_price_dkk":"129","_smort_price_eur":"17.27","_smort_sale_price_nok":"","_smort_sale_price_dkk":"","_smort_sale_price_eur":"","smort_restorder":"","shipmondo_restorder":"","_kad_blocks_custom_css":"","_kad_blocks_head_custom_js":"","_kad_blocks_body_custom_js":"","_kad_blocks_footer_custom_js":"","smort_custom_pricelist_1":"106.4","smort_custom_pricelist_2":"106.4","smort_custom_pricelist_3":"101.08","smort_custom_pricelist_4":"152","smort_custom_pricelist_5":"106.4"},"anvandningsomrade":[166,238,2816],"bilmarken":[],"product_brand":[1252],"product_cat":[2478,2814],"product_tag":[],"class_list":{"0":"post-8241","1":"product","2":"type-product","3":"status-publish","4":"has-post-thumbnail","6":"anvandningsomrade-lastbil","7":"anvandningsomrade-slap","8":"anvandningsomrade-trailer","9":"product_brand-lea","10":"product_cat-positionsljus-slap","11":"product_cat-steg","12":"pa_fuktskydd-varde-ipxx-ip67","13":"pa_storlek-mm-65x30x24","14":"pa_stromforbrukning-003a-138v","15":"pa_stromforbrukning-004a-28v","16":"pa_volt-v-12-24","18":"first","19":"onbackorder","20":"taxable","21":"shipping-taxable","22":"purchasable","23":"product-type-simple"},"bundled_by":[],"bundle_stock_status":"onbackorder","bundle_stock_quantity":0,"bundle_virtual":false,"bundle_layout":"","bundle_add_to_cart_form_location":"","bundle_editable_in_cart":false,"bundle_sold_individually_context":"","bundle_item_grouping":"","bundle_min_size":"","bundle_max_size":"","bundle_price":[],"bundled_items":[],"bundle_sell_ids":[],"acf":[],"yoast_head":"<!-- This site is optimized with the Yoast SEO plugin v27.0 - https:\/\/yoast.com\/product\/yoast-seo-wordpress\/ -->\n<title>Steg Lampa Krom|Gr\u00f6n - Xenonkungen<\/title>\n<meta name=\"robots\" content=\"index, follow, max-snippet:-1, max-image-preview:large, max-video-preview:-1\" \/>\n<link rel=\"canonical\" href=\"https:\/\/xenonkungen.com\/no\/produkt\/trinnlampe-krom-gronn\/\" \/>\n<meta property=\"og:locale\" content=\"nb_NO\" \/>\n<meta property=\"og:type\" content=\"article\" \/>\n<meta property=\"og:title\" content=\"Steg Lampa Krom|Gr\u00f6n - Xenonkungen\" \/>\n<meta property=\"og:description\" content=\"Elegant Gr\u00f6n Fordonslampa Denna stiliga lampa \u00e4r idealisk f\u00f6r b\u00e5de inre och yttre montering p\u00e5 fordon, utformad f\u00f6r att effektivt belysa mindre omr\u00e5den med ett s\u00e4reget gr\u00f6nt sken. Konstruerad med ett krompl\u00e4terat metallhus och en h\u00e5llbar lins av slagt\u00e5lig polycarbonat i en i\u00f6gonfallande gr\u00f6n nyans, kombinerar denna lampa estetisk sk\u00f6nhet med robusthet. Specifikationer: Ljusspridning: 120 [&hellip;]\" \/>\n<meta property=\"og:url\" content=\"https:\/\/xenonkungen.com\/no\/produkt\/trinnlampe-krom-gronn\/\" \/>\n<meta property=\"og:site_name\" content=\"Xenonkungen\" \/>\n<meta property=\"article:modified_time\" content=\"2026-04-10T23:50:42+00:00\" \/>\n<meta property=\"og:image\" content=\"https:\/\/xenonkungen.com\/wp-content\/uploads\/2025\/04\/7338613-origpic-661611.jpg\" \/>\n\t<meta property=\"og:image:width\" content=\"500\" \/>\n\t<meta property=\"og:image:height\" content=\"500\" \/>\n\t<meta property=\"og:image:type\" content=\"image\/jpeg\" \/>\n<meta name=\"twitter:card\" content=\"summary_large_image\" \/>\n<meta name=\"twitter:label1\" content=\"Ansl. lesetid\" \/>\n\t<meta name=\"twitter:data1\" content=\"1 minutt\" \/>\n<script type=\"application\/ld+json\" class=\"yoast-schema-graph\">{\"@context\":\"https:\/\/schema.org\",\"@graph\":[{\"@type\":\"WebPage\",\"@id\":\"https:\/\/xenonkungen.com\/dk\/vare\/steg-lampa-kromgron\/\",\"url\":\"https:\/\/xenonkungen.com\/dk\/vare\/steg-lampa-kromgron\/\",\"name\":\"Steg Lampa Krom|Gr\u00f6n - Xenonkungen\",\"isPartOf\":{\"@id\":\"https:\/\/xenonkungen.com\/#website\"},\"primaryImageOfPage\":{\"@id\":\"https:\/\/xenonkungen.com\/dk\/vare\/steg-lampa-kromgron\/#primaryimage\"},\"image\":{\"@id\":\"https:\/\/xenonkungen.com\/dk\/vare\/steg-lampa-kromgron\/#primaryimage\"},\"thumbnailUrl\":\"https:\/\/xenonkungen.com\/wp-content\/uploads\/2025\/04\/7338613-origpic-661611.jpg\",\"datePublished\":\"2025-04-15T10:05:03+00:00\",\"dateModified\":\"2026-04-10T23:50:42+00:00\",\"breadcrumb\":{\"@id\":\"https:\/\/xenonkungen.com\/dk\/vare\/steg-lampa-kromgron\/#breadcrumb\"},\"inLanguage\":\"nb-NO\",\"potentialAction\":[{\"@type\":\"ReadAction\",\"target\":[\"https:\/\/xenonkungen.com\/dk\/vare\/steg-lampa-kromgron\/\"]}]},{\"@type\":\"ImageObject\",\"inLanguage\":\"nb-NO\",\"@id\":\"https:\/\/xenonkungen.com\/dk\/vare\/steg-lampa-kromgron\/#primaryimage\",\"url\":\"https:\/\/xenonkungen.com\/wp-content\/uploads\/2025\/04\/7338613-origpic-661611.jpg\",\"contentUrl\":\"https:\/\/xenonkungen.com\/wp-content\/uploads\/2025\/04\/7338613-origpic-661611.jpg\",\"width\":500,\"height\":500},{\"@type\":\"BreadcrumbList\",\"@id\":\"https:\/\/xenonkungen.com\/dk\/vare\/steg-lampa-kromgron\/#breadcrumb\",\"itemListElement\":[{\"@type\":\"ListItem\",\"position\":1,\"name\":\"Hem\",\"item\":\"https:\/\/xenonkungen.com\/\"},{\"@type\":\"ListItem\",\"position\":2,\"name\":\"Shop\",\"item\":\"https:\/\/xenonkungen.com\/shop\/\"},{\"@type\":\"ListItem\",\"position\":3,\"name\":\"Steg Lampa Krom|Gr\u00f6n\"}]},{\"@type\":\"WebSite\",\"@id\":\"https:\/\/xenonkungen.com\/#website\",\"url\":\"https:\/\/xenonkungen.com\/\",\"name\":\"Xenonkungen\",\"description\":\"\",\"potentialAction\":[{\"@type\":\"SearchAction\",\"target\":{\"@type\":\"EntryPoint\",\"urlTemplate\":\"https:\/\/xenonkungen.com\/?s={search_term_string}\"},\"query-input\":{\"@type\":\"PropertyValueSpecification\",\"valueRequired\":true,\"valueName\":\"search_term_string\"}}],\"inLanguage\":\"nb-NO\"}]}<\/script>\n<!-- \/ Yoast SEO plugin. -->","yoast_head_json":{"title":"Steglampe Krom|Gr\u00f8nn - Xenonkungen","robots":{"index":"index","follow":"follow","max-snippet":"max-snippet:-1","max-image-preview":"max-image-preview:large","max-video-preview":"max-video-preview:-1"},"canonical":"https:\/\/xenonkungen.com\/no\/produkt\/trinnlampe-krom-gronn\/","og_locale":"nb_NO","og_type":"article","og_title":"Steg Lampa Krom|Gr\u00f6n - Xenonkungen","og_description":"Elegant Gr\u00f6n Fordonslampa Denna stiliga lampa \u00e4r idealisk f\u00f6r b\u00e5de inre och yttre montering p\u00e5 fordon, utformad f\u00f6r att effektivt belysa mindre omr\u00e5den med ett s\u00e4reget gr\u00f6nt sken. Konstruerad med ett krompl\u00e4terat metallhus och en h\u00e5llbar lins av slagt\u00e5lig polycarbonat i en i\u00f6gonfallande gr\u00f6n nyans, kombinerar denna lampa estetisk sk\u00f6nhet med robusthet. Specifikationer: Ljusspridning: 120 [&hellip;]","og_url":"https:\/\/xenonkungen.com\/no\/produkt\/trinnlampe-krom-gronn\/","og_site_name":"Xenonkungen","article_modified_time":"2026-04-10T23:50:42+00:00","og_image":[{"width":500,"height":500,"url":"https:\/\/xenonkungen.com\/wp-content\/uploads\/2025\/04\/7338613-origpic-661611.jpg","type":"image\/jpeg"}],"twitter_card":"summary_large_image","twitter_misc":{"Ansl. lesetid":"1 minutt"},"schema":{"@context":"https:\/\/schema.org","@graph":[{"@type":"WebPage","@id":"https:\/\/xenonkungen.com\/dk\/vare\/steg-lampa-kromgron\/","url":"https:\/\/xenonkungen.com\/dk\/vare\/steg-lampa-kromgron\/","name":"Steglampe Krom|Gr\u00f8nn - Xenonkungen","isPartOf":{"@id":"https:\/\/xenonkungen.com\/#website"},"primaryImageOfPage":{"@id":"https:\/\/xenonkungen.com\/dk\/vare\/steg-lampa-kromgron\/#primaryimage"},"image":{"@id":"https:\/\/xenonkungen.com\/dk\/vare\/steg-lampa-kromgron\/#primaryimage"},"thumbnailUrl":"https:\/\/xenonkungen.com\/wp-content\/uploads\/2025\/04\/7338613-origpic-661611.jpg","datePublished":"2025-04-15T10:05:03+00:00","dateModified":"2026-04-10T23:50:42+00:00","breadcrumb":{"@id":"https:\/\/xenonkungen.com\/dk\/vare\/steg-lampa-kromgron\/#breadcrumb"},"inLanguage":"nb-NO","potentialAction":[{"@type":"ReadAction","target":["https:\/\/xenonkungen.com\/dk\/vare\/steg-lampa-kromgron\/"]}]},{"@type":"ImageObject","inLanguage":"nb-NO","@id":"https:\/\/xenonkungen.com\/dk\/vare\/steg-lampa-kromgron\/#primaryimage","url":"https:\/\/xenonkungen.com\/wp-content\/uploads\/2025\/04\/7338613-origpic-661611.jpg","contentUrl":"https:\/\/xenonkungen.com\/wp-content\/uploads\/2025\/04\/7338613-origpic-661611.jpg","width":500,"height":500},{"@type":"BreadcrumbList","@id":"https:\/\/xenonkungen.com\/dk\/vare\/steg-lampa-kromgron\/#breadcrumb","itemListElement":[{"@type":"ListItem","position":1,"name":"Hem","item":"https:\/\/xenonkungen.com\/"},{"@type":"ListItem","position":2,"name":"Shop","item":"https:\/\/xenonkungen.com\/shop\/"},{"@type":"ListItem","position":3,"name":"Steg Lampa Krom|Gr\u00f6n"}]},{"@type":"WebSite","@id":"https:\/\/xenonkungen.com\/#website","url":"https:\/\/xenonkungen.com\/","name":"Xenonkungen","description":"","potentialAction":[{"@type":"SearchAction","target":{"@type":"EntryPoint","urlTemplate":"https:\/\/xenonkungen.com\/?s={search_term_string}"},"query-input":{"@type":"PropertyValueSpecification","valueRequired":true,"valueName":"search_term_string"}}],"inLanguage":"nb-NO"}]}},"taxonomy_info":{"anvandningsomrade":[{"value":166,"label":"Lastbil"},{"value":238,"label":"SL\u00c4P"},{"value":2816,"label":"TRAILER"}],"product_brand":[{"value":1252,"label":"LEA"}],"product_cat":[{"value":2478,"label":"Positionsljus"},{"value":2814,"label":"Steg"}],"pa_fuktskydd-varde-ipxx":[{"value":333,"label":"IP67"}],"pa_storlek-mm":[{"value":2049,"label":"65x30x24"}],"pa_stromforbrukning":[{"value":1829,"label":"0,03A @13,8V"},{"value":1872,"label":"0,04A @28V"}],"pa_volt-v":[{"value":348,"label":"12, 24"}]},"featured_image_src_large":["https:\/\/xenonkungen.com\/wp-content\/uploads\/2025\/04\/7338613-origpic-661611.jpg",500,500,false],"author_info":[],"comment_info":0,"_links":{"self":[{"href":"https:\/\/xenonkungen.com\/no\/wp-json\/wp\/v2\/product\/8241","targetHints":{"allow":["GET"]}}],"collection":[{"href":"https:\/\/xenonkungen.com\/no\/wp-json\/wp\/v2\/product"}],"about":[{"href":"https:\/\/xenonkungen.com\/no\/wp-json\/wp\/v2\/types\/product"}],"replies":[{"embeddable":true,"href":"https:\/\/xenonkungen.com\/no\/wp-json\/wp\/v2\/comments?post=8241"}],"wp:featuredmedia":[{"embeddable":true,"href":"https:\/\/xenonkungen.com\/no\/wp-json\/wp\/v2\/media\/8242"}],"wp:attachment":[{"href":"https:\/\/xenonkungen.com\/no\/wp-json\/wp\/v2\/media?parent=8241"}],"wp:term":[{"taxonomy":"anvandningsomrade","embeddable":true,"href":"https:\/\/xenonkungen.com\/no\/wp-json\/wp\/v2\/anvandningsomrade?post=8241"},{"taxonomy":"bilmarken","embeddable":true,"href":"https:\/\/xenonkungen.com\/no\/wp-json\/wp\/v2\/bilmarken?post=8241"},{"taxonomy":"product_brand","embeddable":true,"href":"https:\/\/xenonkungen.com\/no\/wp-json\/wp\/v2\/product_brand?post=8241"},{"taxonomy":"product_cat","embeddable":true,"href":"https:\/\/xenonkungen.com\/no\/wp-json\/wp\/v2\/product_cat?post=8241"},{"taxonomy":"product_tag","embeddable":true,"href":"https:\/\/xenonkungen.com\/no\/wp-json\/wp\/v2\/product_tag?post=8241"}],"curies":[{"name":"wp","href":"https:\/\/api.w.org\/{rel}","templated":true}]}}