{"id":8305,"date":"2025-04-15T10:05:32","date_gmt":"2025-04-15T10:05:32","guid":{"rendered":"https:\/\/xenonkungen.com\/product\/interiorlampa-o75mmchrome-12v\/"},"modified":"2026-04-11T00:51:53","modified_gmt":"2026-04-10T23:51:53","slug":"innvendig-lampe-75-mm-krom-12-v","status":"publish","type":"product","link":"https:\/\/xenonkungen.com\/no\/produkt\/innvendig-lampe-75-mm-krom-12-v\/","title":{"rendered":"Innvendig lys \u00d875mm|Krom - 12V"},"content":{"rendered":"<h1>LED Interi\u00f8rlys med kromramme<\/h1>\n<p>Oppdag en verden av lys med v\u00e5r LED-lampe for bilinteri\u00f8r. Lampen er utstyrt med en ramme i krom og en kj\u00f8lig, hvit LED med h\u00f8y lysstyrke, og gir et fluorescerende lys som er b\u00e5de energieffektivt og kraftig. Perfekt for \u00e5 forbedre atmosf\u00e6ren i bilen eller andre rom der du \u00f8nsker kvalitetsbelysning.<\/p>\n<h2>Funksjoner og egenskaper:<\/h2>\n<ul>\n<li>Elegant kromramme som tilf\u00f8rer en moderne estetikk til bilens interi\u00f8r.<\/li>\n<li>Kj\u00f8lig hvit LED-teknologi gir lys tilsvarende en 15 W gl\u00f8delampe.<\/li>\n<li>360 graders rundstr\u00e5lende design med slagfast polykarbonatlinse.<\/li>\n<li>Varmeabsorberende aluminiumsbase for optimal holdbarhet og ytelse.<\/li>\n<li>IP67-klassifisering sikrer motstand mot st\u00f8t, vibrasjoner og vann.<\/li>\n<li>Kortslutningsbeskyttelse for en trygg brukeropplevelse.<\/li>\n<\/ul>\n<h2>Bruksomr\u00e5der:<\/h2>\n<p>Denne allsidige lampen er ideell for bruk i en rekke kj\u00f8ret\u00f8y, inkludert biler, lastebiler, campingvogner og b\u00e5ter, samt for \u00e5 skape en innbydende atmosf\u00e6re p\u00e5 arbeidsplassen eller i hjemmet.<\/p>\n<h2>Installasjon:<\/h2>\n<p>Enkel \u00e5 montere og medf\u00f8lgende instruksjoner gj\u00f8r det enkelt for deg \u00e5 raskt oppgradere rommet ditt med v\u00e5r LED interi\u00f8rbelysning.<\/p>","protected":false},"excerpt":{"rendered":"<p>LED Interi\u00f6rlampa med Kromsarg Uppt\u00e4ck en v\u00e4rld av ljus med v\u00e5r LED interi\u00f6rlampa f\u00f6r fordon. Utrustad med en kromsarg och high brightness cool white LED, erbjuder denna lampa ett lysr\u00f6rsaktigt ljus som \u00e4r b\u00e5de energieffektivt och kraftfullt. Perfekt f\u00f6r att f\u00f6rh\u00f6ja atmosf\u00e4ren i ditt fordon eller andra utrymmen d\u00e4r kvalitetsbelysning \u00f6nskas. Funktioner och Egenskaper: Elegant [&hellip;]<\/p>","protected":false},"featured_media":8306,"comment_status":"closed","ping_status":"open","template":"","meta":{"_acf_changed":false,"_smort_price_nok":"310","_smort_price_dkk":"197","_smort_price_eur":"26.36","_smort_sale_price_nok":"","_smort_sale_price_dkk":"","_smort_sale_price_eur":"","smort_restorder":"","shipmondo_restorder":"","_kad_blocks_custom_css":"","_kad_blocks_head_custom_js":"","_kad_blocks_body_custom_js":"","_kad_blocks_footer_custom_js":"","smort_custom_pricelist_1":"162.4","smort_custom_pricelist_2":"162.4","smort_custom_pricelist_3":"154.28","smort_custom_pricelist_4":"232","smort_custom_pricelist_5":"162.4"},"anvandningsomrade":[166,238,2816],"bilmarken":[],"product_brand":[1252],"product_cat":[2586],"product_tag":[],"class_list":{"0":"post-8305","1":"product","2":"type-product","3":"status-publish","4":"has-post-thumbnail","6":"anvandningsomrade-lastbil","7":"anvandningsomrade-slap","8":"anvandningsomrade-trailer","9":"product_brand-lea","10":"product_cat-interiorbelysning-slap","11":"pa_fuktskydd-varde-ipxx-ip67","12":"pa_storlek-mm-75x17","13":"pa_stromforbrukning-024a-138v","14":"pa_volt-v-159","16":"first","17":"instock","18":"taxable","19":"shipping-taxable","20":"purchasable","21":"product-type-simple"},"bundled_by":[],"bundle_stock_status":"instock","bundle_stock_quantity":1,"bundle_virtual":false,"bundle_layout":"","bundle_add_to_cart_form_location":"","bundle_editable_in_cart":false,"bundle_sold_individually_context":"","bundle_item_grouping":"","bundle_min_size":"","bundle_max_size":"","bundle_price":[],"bundled_items":[],"bundle_sell_ids":[],"acf":[],"yoast_head":"<!-- This site is optimized with the Yoast SEO plugin v27.0 - https:\/\/yoast.com\/product\/yoast-seo-wordpress\/ -->\n<title>Interi\u00f6rlampa \u00d875mm|Chrome - 12V - Xenonkungen<\/title>\n<meta name=\"robots\" content=\"index, follow, max-snippet:-1, max-image-preview:large, max-video-preview:-1\" \/>\n<link rel=\"canonical\" href=\"https:\/\/xenonkungen.com\/no\/produkt\/innvendig-lampe-75-mm-krom-12-v\/\" \/>\n<meta property=\"og:locale\" content=\"nb_NO\" \/>\n<meta property=\"og:type\" content=\"article\" \/>\n<meta property=\"og:title\" content=\"Interi\u00f6rlampa \u00d875mm|Chrome - 12V - Xenonkungen\" \/>\n<meta property=\"og:description\" content=\"LED Interi\u00f6rlampa med Kromsarg Uppt\u00e4ck en v\u00e4rld av ljus med v\u00e5r LED interi\u00f6rlampa f\u00f6r fordon. Utrustad med en kromsarg och high brightness cool white LED, erbjuder denna lampa ett lysr\u00f6rsaktigt ljus som \u00e4r b\u00e5de energieffektivt och kraftfullt. Perfekt f\u00f6r att f\u00f6rh\u00f6ja atmosf\u00e4ren i ditt fordon eller andra utrymmen d\u00e4r kvalitetsbelysning \u00f6nskas. Funktioner och Egenskaper: Elegant [&hellip;]\" \/>\n<meta property=\"og:url\" content=\"https:\/\/xenonkungen.com\/no\/produkt\/innvendig-lampe-75-mm-krom-12-v\/\" \/>\n<meta property=\"og:site_name\" content=\"Xenonkungen\" \/>\n<meta property=\"article:modified_time\" content=\"2026-04-10T23:51:53+00:00\" \/>\n<meta property=\"og:image\" content=\"https:\/\/xenonkungen.com\/wp-content\/uploads\/2025\/04\/7337437-origpic-0682ba.jpg\" \/>\n\t<meta property=\"og:image:width\" content=\"600\" \/>\n\t<meta property=\"og:image:height\" content=\"600\" \/>\n\t<meta property=\"og:image:type\" content=\"image\/jpeg\" \/>\n<meta name=\"twitter:card\" content=\"summary_large_image\" \/>\n<meta name=\"twitter:label1\" content=\"Ansl. lesetid\" \/>\n\t<meta name=\"twitter:data1\" content=\"1 minutt\" \/>\n<script type=\"application\/ld+json\" class=\"yoast-schema-graph\">{\"@context\":\"https:\/\/schema.org\",\"@graph\":[{\"@type\":\"WebPage\",\"@id\":\"https:\/\/xenonkungen.com\/produkt\/interiorlampa-o75mmchrome-12v\/\",\"url\":\"https:\/\/xenonkungen.com\/produkt\/interiorlampa-o75mmchrome-12v\/\",\"name\":\"Interi\u00f6rlampa \u00d875mm|Chrome - 12V - Xenonkungen\",\"isPartOf\":{\"@id\":\"https:\/\/xenonkungen.com\/#website\"},\"primaryImageOfPage\":{\"@id\":\"https:\/\/xenonkungen.com\/produkt\/interiorlampa-o75mmchrome-12v\/#primaryimage\"},\"image\":{\"@id\":\"https:\/\/xenonkungen.com\/produkt\/interiorlampa-o75mmchrome-12v\/#primaryimage\"},\"thumbnailUrl\":\"https:\/\/xenonkungen.com\/wp-content\/uploads\/2025\/04\/7337437-origpic-0682ba.jpg\",\"datePublished\":\"2025-04-15T10:05:32+00:00\",\"dateModified\":\"2026-04-10T23:51:53+00:00\",\"breadcrumb\":{\"@id\":\"https:\/\/xenonkungen.com\/produkt\/interiorlampa-o75mmchrome-12v\/#breadcrumb\"},\"inLanguage\":\"nb-NO\",\"potentialAction\":[{\"@type\":\"ReadAction\",\"target\":[\"https:\/\/xenonkungen.com\/produkt\/interiorlampa-o75mmchrome-12v\/\"]}]},{\"@type\":\"ImageObject\",\"inLanguage\":\"nb-NO\",\"@id\":\"https:\/\/xenonkungen.com\/produkt\/interiorlampa-o75mmchrome-12v\/#primaryimage\",\"url\":\"https:\/\/xenonkungen.com\/wp-content\/uploads\/2025\/04\/7337437-origpic-0682ba.jpg\",\"contentUrl\":\"https:\/\/xenonkungen.com\/wp-content\/uploads\/2025\/04\/7337437-origpic-0682ba.jpg\",\"width\":600,\"height\":600},{\"@type\":\"BreadcrumbList\",\"@id\":\"https:\/\/xenonkungen.com\/produkt\/interiorlampa-o75mmchrome-12v\/#breadcrumb\",\"itemListElement\":[{\"@type\":\"ListItem\",\"position\":1,\"name\":\"Hem\",\"item\":\"https:\/\/xenonkungen.com\/\"},{\"@type\":\"ListItem\",\"position\":2,\"name\":\"Shop\",\"item\":\"https:\/\/xenonkungen.com\/shop\/\"},{\"@type\":\"ListItem\",\"position\":3,\"name\":\"Interi\u00f6rlampa \u00d875mm|Chrome &#8211; 12V\"}]},{\"@type\":\"WebSite\",\"@id\":\"https:\/\/xenonkungen.com\/#website\",\"url\":\"https:\/\/xenonkungen.com\/\",\"name\":\"Xenonkungen\",\"description\":\"\",\"potentialAction\":[{\"@type\":\"SearchAction\",\"target\":{\"@type\":\"EntryPoint\",\"urlTemplate\":\"https:\/\/xenonkungen.com\/?s={search_term_string}\"},\"query-input\":{\"@type\":\"PropertyValueSpecification\",\"valueRequired\":true,\"valueName\":\"search_term_string\"}}],\"inLanguage\":\"nb-NO\"}]}<\/script>\n<!-- \/ Yoast SEO plugin. -->","yoast_head_json":{"title":"Innvendig lampe \u00d875mm|Krom - 12V - Xenon king","robots":{"index":"index","follow":"follow","max-snippet":"max-snippet:-1","max-image-preview":"max-image-preview:large","max-video-preview":"max-video-preview:-1"},"canonical":"https:\/\/xenonkungen.com\/no\/produkt\/innvendig-lampe-75-mm-krom-12-v\/","og_locale":"nb_NO","og_type":"article","og_title":"Interi\u00f6rlampa \u00d875mm|Chrome - 12V - Xenonkungen","og_description":"LED Interi\u00f6rlampa med Kromsarg Uppt\u00e4ck en v\u00e4rld av ljus med v\u00e5r LED interi\u00f6rlampa f\u00f6r fordon. Utrustad med en kromsarg och high brightness cool white LED, erbjuder denna lampa ett lysr\u00f6rsaktigt ljus som \u00e4r b\u00e5de energieffektivt och kraftfullt. Perfekt f\u00f6r att f\u00f6rh\u00f6ja atmosf\u00e4ren i ditt fordon eller andra utrymmen d\u00e4r kvalitetsbelysning \u00f6nskas. Funktioner och Egenskaper: Elegant [&hellip;]","og_url":"https:\/\/xenonkungen.com\/no\/produkt\/innvendig-lampe-75-mm-krom-12-v\/","og_site_name":"Xenonkungen","article_modified_time":"2026-04-10T23:51:53+00:00","og_image":[{"width":600,"height":600,"url":"https:\/\/xenonkungen.com\/wp-content\/uploads\/2025\/04\/7337437-origpic-0682ba.jpg","type":"image\/jpeg"}],"twitter_card":"summary_large_image","twitter_misc":{"Ansl. lesetid":"1 minutt"},"schema":{"@context":"https:\/\/schema.org","@graph":[{"@type":"WebPage","@id":"https:\/\/xenonkungen.com\/produkt\/interiorlampa-o75mmchrome-12v\/","url":"https:\/\/xenonkungen.com\/produkt\/interiorlampa-o75mmchrome-12v\/","name":"Innvendig lampe \u00d875mm|Krom - 12V - Xenon king","isPartOf":{"@id":"https:\/\/xenonkungen.com\/#website"},"primaryImageOfPage":{"@id":"https:\/\/xenonkungen.com\/produkt\/interiorlampa-o75mmchrome-12v\/#primaryimage"},"image":{"@id":"https:\/\/xenonkungen.com\/produkt\/interiorlampa-o75mmchrome-12v\/#primaryimage"},"thumbnailUrl":"https:\/\/xenonkungen.com\/wp-content\/uploads\/2025\/04\/7337437-origpic-0682ba.jpg","datePublished":"2025-04-15T10:05:32+00:00","dateModified":"2026-04-10T23:51:53+00:00","breadcrumb":{"@id":"https:\/\/xenonkungen.com\/produkt\/interiorlampa-o75mmchrome-12v\/#breadcrumb"},"inLanguage":"nb-NO","potentialAction":[{"@type":"ReadAction","target":["https:\/\/xenonkungen.com\/produkt\/interiorlampa-o75mmchrome-12v\/"]}]},{"@type":"ImageObject","inLanguage":"nb-NO","@id":"https:\/\/xenonkungen.com\/produkt\/interiorlampa-o75mmchrome-12v\/#primaryimage","url":"https:\/\/xenonkungen.com\/wp-content\/uploads\/2025\/04\/7337437-origpic-0682ba.jpg","contentUrl":"https:\/\/xenonkungen.com\/wp-content\/uploads\/2025\/04\/7337437-origpic-0682ba.jpg","width":600,"height":600},{"@type":"BreadcrumbList","@id":"https:\/\/xenonkungen.com\/produkt\/interiorlampa-o75mmchrome-12v\/#breadcrumb","itemListElement":[{"@type":"ListItem","position":1,"name":"Hem","item":"https:\/\/xenonkungen.com\/"},{"@type":"ListItem","position":2,"name":"Shop","item":"https:\/\/xenonkungen.com\/shop\/"},{"@type":"ListItem","position":3,"name":"Interi\u00f6rlampa \u00d875mm|Chrome &#8211; 12V"}]},{"@type":"WebSite","@id":"https:\/\/xenonkungen.com\/#website","url":"https:\/\/xenonkungen.com\/","name":"Xenonkungen","description":"","potentialAction":[{"@type":"SearchAction","target":{"@type":"EntryPoint","urlTemplate":"https:\/\/xenonkungen.com\/?s={search_term_string}"},"query-input":{"@type":"PropertyValueSpecification","valueRequired":true,"valueName":"search_term_string"}}],"inLanguage":"nb-NO"}]}},"taxonomy_info":{"anvandningsomrade":[{"value":166,"label":"Lastbil"},{"value":238,"label":"SL\u00c4P"},{"value":2816,"label":"TRAILER"}],"product_brand":[{"value":1252,"label":"LEA"}],"product_cat":[{"value":2586,"label":"Interi\u00f6rbelysning"}],"pa_fuktskydd-varde-ipxx":[{"value":333,"label":"IP67"}],"pa_storlek-mm":[{"value":2056,"label":"75x17"}],"pa_stromforbrukning":[{"value":2057,"label":"0,24A @13,8V"}],"pa_volt-v":[{"value":159,"label":"12"}]},"featured_image_src_large":["https:\/\/xenonkungen.com\/wp-content\/uploads\/2025\/04\/7337437-origpic-0682ba.jpg",600,600,false],"author_info":[],"comment_info":0,"_links":{"self":[{"href":"https:\/\/xenonkungen.com\/no\/wp-json\/wp\/v2\/product\/8305","targetHints":{"allow":["GET"]}}],"collection":[{"href":"https:\/\/xenonkungen.com\/no\/wp-json\/wp\/v2\/product"}],"about":[{"href":"https:\/\/xenonkungen.com\/no\/wp-json\/wp\/v2\/types\/product"}],"replies":[{"embeddable":true,"href":"https:\/\/xenonkungen.com\/no\/wp-json\/wp\/v2\/comments?post=8305"}],"wp:featuredmedia":[{"embeddable":true,"href":"https:\/\/xenonkungen.com\/no\/wp-json\/wp\/v2\/media\/8306"}],"wp:attachment":[{"href":"https:\/\/xenonkungen.com\/no\/wp-json\/wp\/v2\/media?parent=8305"}],"wp:term":[{"taxonomy":"anvandningsomrade","embeddable":true,"href":"https:\/\/xenonkungen.com\/no\/wp-json\/wp\/v2\/anvandningsomrade?post=8305"},{"taxonomy":"bilmarken","embeddable":true,"href":"https:\/\/xenonkungen.com\/no\/wp-json\/wp\/v2\/bilmarken?post=8305"},{"taxonomy":"product_brand","embeddable":true,"href":"https:\/\/xenonkungen.com\/no\/wp-json\/wp\/v2\/product_brand?post=8305"},{"taxonomy":"product_cat","embeddable":true,"href":"https:\/\/xenonkungen.com\/no\/wp-json\/wp\/v2\/product_cat?post=8305"},{"taxonomy":"product_tag","embeddable":true,"href":"https:\/\/xenonkungen.com\/no\/wp-json\/wp\/v2\/product_tag?post=8305"}],"curies":[{"name":"wp","href":"https:\/\/api.w.org\/{rel}","templated":true}]}}