{"id":8312,"date":"2025-04-15T10:05:39","date_gmt":"2025-04-15T10:05:39","guid":{"rendered":"https:\/\/xenonkungen.com\/product\/interiorlampa-o75mmspecial-bla-vit\/"},"modified":"2026-04-11T00:52:03","modified_gmt":"2026-04-10T23:52:03","slug":"innvendig-lampe-o75mmspecial-svart-hvit","status":"publish","type":"product","link":"https:\/\/xenonkungen.com\/no\/produkt\/innvendig-lampe-o75mmspecial-svart-hvit\/","title":{"rendered":"Innvendig belysning \u00d875mm|Spesial bl\u00e5\/hvit"},"content":{"rendered":"<h1>75 mm rund LED innvendig dagslys - bl\u00e5\/hvit fargesynkronisering<\/h1>\n<p>Oppdag den ultimate l\u00f8sningen for tilpasset belysning med v\u00e5rt 75 mm runde innvendige LED-kj\u00f8relys. Med sin unike bl\u00e5\/hvite fargesynkronisering gir denne lykten en s\u00e6regen visuell effekt og er perfekt for alle som \u00f8nsker \u00e5 oppgradere bilen eller interi\u00f8rdesignprosjektet sitt.<\/p>\n<h2>Kjennetegn:<\/h2>\n<ul>\n<li>Fargesynkronisert belysning for en skreddersydd atmosf\u00e6re<\/li>\n<li>Avansert LED-teknologi for lyssterk og energieffektiv belysning<\/li>\n<li>St\u00f8t- og vibrasjonsbestandig for \u00f8kt holdbarhet<\/li>\n<li>IP67-klassifisering, full beskyttelse mot st\u00f8v- og vanninntrengning<\/li>\n<li>Kortslutningsbeskyttelse for sikker bruk<\/li>\n<li>Kompakt og diskret 75 mm design<\/li>\n<\/ul>\n<p>Denne lampen er ikke bare praktisk og holdbar, men ogs\u00e5 enkel \u00e5 installere og bruke, noe som gj\u00f8r den til et ideelt valg for b\u00e5de nybegynnere og erfarne brukere. Skap en unik og innbydende atmosf\u00e6re med v\u00e5r LED-dagslysbelysning i dag.<\/p>","protected":false},"excerpt":{"rendered":"<p>75mm Rund LED Interi\u00f6r Dagbelysning &#8211; Bl\u00e5\/Vit F\u00e4rgsynkning Uppt\u00e4ck den ultimata l\u00f6sningen f\u00f6r anpassad belysning med v\u00e5r 75mm runda LED interi\u00f6rdagbelysning. Utformad f\u00f6r att leverera en distinkt visuell effekt med sin unika bl\u00e5\/vita f\u00e4rgsynkning, \u00e4r denna lampa perfekt f\u00f6r alla som s\u00f6ker att uppgradera sitt fordon eller inredningsprojekt. Egenskaper: F\u00e4rgsynkad Belysning f\u00f6r en anpassad atmosf\u00e4r [&hellip;]<\/p>","protected":false},"featured_media":8313,"comment_status":"closed","ping_status":"open","template":"","meta":{"_acf_changed":false,"_smort_price_nok":"374","_smort_price_dkk":"237","_smort_price_eur":"31.82","_smort_sale_price_nok":"","_smort_sale_price_dkk":"","_smort_sale_price_eur":"","smort_restorder":"","shipmondo_restorder":"","_kad_blocks_custom_css":"","_kad_blocks_head_custom_js":"","_kad_blocks_body_custom_js":"","_kad_blocks_footer_custom_js":"","smort_custom_pricelist_1":"196","smort_custom_pricelist_2":"196","smort_custom_pricelist_3":"186.2","smort_custom_pricelist_4":"280","smort_custom_pricelist_5":"196"},"anvandningsomrade":[166,238,2816],"bilmarken":[],"product_brand":[1252],"product_cat":[2586],"product_tag":[],"class_list":{"0":"post-8312","1":"product","2":"type-product","3":"status-publish","4":"has-post-thumbnail","6":"anvandningsomrade-lastbil","7":"anvandningsomrade-slap","8":"anvandningsomrade-trailer","9":"product_brand-lea","10":"product_cat-interiorbelysning-slap","11":"pa_fuktskydd-varde-ipxx-ip67","12":"pa_storlek-mm-75x17","13":"pa_stromforbrukning-020a-138v","14":"pa_volt-v-159","16":"first","17":"onbackorder","18":"taxable","19":"shipping-taxable","20":"purchasable","21":"product-type-simple"},"bundled_by":[],"bundle_stock_status":"onbackorder","bundle_stock_quantity":0,"bundle_virtual":false,"bundle_layout":"","bundle_add_to_cart_form_location":"","bundle_editable_in_cart":false,"bundle_sold_individually_context":"","bundle_item_grouping":"","bundle_min_size":"","bundle_max_size":"","bundle_price":[],"bundled_items":[],"bundle_sell_ids":[],"acf":[],"yoast_head":"<!-- This site is optimized with the Yoast SEO plugin v27.0 - https:\/\/yoast.com\/product\/yoast-seo-wordpress\/ -->\n<title>Interi\u00f6rlampa \u00d875mm|Special Bl\u00e5\/Vit - Xenonkungen<\/title>\n<meta name=\"robots\" content=\"index, follow, max-snippet:-1, max-image-preview:large, max-video-preview:-1\" \/>\n<link rel=\"canonical\" href=\"https:\/\/xenonkungen.com\/no\/produkt\/innvendig-lampe-o75mmspecial-svart-hvit\/\" \/>\n<meta property=\"og:locale\" content=\"nb_NO\" \/>\n<meta property=\"og:type\" content=\"article\" \/>\n<meta property=\"og:title\" content=\"Interi\u00f6rlampa \u00d875mm|Special Bl\u00e5\/Vit - Xenonkungen\" \/>\n<meta property=\"og:description\" content=\"75mm Rund LED Interi\u00f6r Dagbelysning &#8211; Bl\u00e5\/Vit F\u00e4rgsynkning Uppt\u00e4ck den ultimata l\u00f6sningen f\u00f6r anpassad belysning med v\u00e5r 75mm runda LED interi\u00f6rdagbelysning. Utformad f\u00f6r att leverera en distinkt visuell effekt med sin unika bl\u00e5\/vita f\u00e4rgsynkning, \u00e4r denna lampa perfekt f\u00f6r alla som s\u00f6ker att uppgradera sitt fordon eller inredningsprojekt. Egenskaper: F\u00e4rgsynkad Belysning f\u00f6r en anpassad atmosf\u00e4r [&hellip;]\" \/>\n<meta property=\"og:url\" content=\"https:\/\/xenonkungen.com\/no\/produkt\/innvendig-lampe-o75mmspecial-svart-hvit\/\" \/>\n<meta property=\"og:site_name\" content=\"Xenonkungen\" \/>\n<meta property=\"article:modified_time\" content=\"2026-04-10T23:52:03+00:00\" \/>\n<meta property=\"og:image\" content=\"https:\/\/xenonkungen.com\/wp-content\/uploads\/2025\/04\/7524WB-800x800-1.jpg\" \/>\n\t<meta property=\"og:image:width\" content=\"800\" \/>\n\t<meta property=\"og:image:height\" content=\"800\" \/>\n\t<meta property=\"og:image:type\" content=\"image\/jpeg\" \/>\n<meta name=\"twitter:card\" content=\"summary_large_image\" \/>\n<meta name=\"twitter:label1\" content=\"Ansl. lesetid\" \/>\n\t<meta name=\"twitter:data1\" content=\"1 minutt\" \/>\n<script type=\"application\/ld+json\" class=\"yoast-schema-graph\">{\"@context\":\"https:\/\/schema.org\",\"@graph\":[{\"@type\":\"WebPage\",\"@id\":\"https:\/\/xenonkungen.com\/es\/producto\/interiorlampa-o75mmspecial-bla-vit\/\",\"url\":\"https:\/\/xenonkungen.com\/es\/producto\/interiorlampa-o75mmspecial-bla-vit\/\",\"name\":\"Interi\u00f6rlampa \u00d875mm|Special Bl\u00e5\/Vit - Xenonkungen\",\"isPartOf\":{\"@id\":\"https:\/\/xenonkungen.com\/#website\"},\"primaryImageOfPage\":{\"@id\":\"https:\/\/xenonkungen.com\/es\/producto\/interiorlampa-o75mmspecial-bla-vit\/#primaryimage\"},\"image\":{\"@id\":\"https:\/\/xenonkungen.com\/es\/producto\/interiorlampa-o75mmspecial-bla-vit\/#primaryimage\"},\"thumbnailUrl\":\"https:\/\/xenonkungen.com\/wp-content\/uploads\/2025\/04\/7524WB-800x800-1.jpg\",\"datePublished\":\"2025-04-15T10:05:39+00:00\",\"dateModified\":\"2026-04-10T23:52:03+00:00\",\"breadcrumb\":{\"@id\":\"https:\/\/xenonkungen.com\/es\/producto\/interiorlampa-o75mmspecial-bla-vit\/#breadcrumb\"},\"inLanguage\":\"nb-NO\",\"potentialAction\":[{\"@type\":\"ReadAction\",\"target\":[\"https:\/\/xenonkungen.com\/es\/producto\/interiorlampa-o75mmspecial-bla-vit\/\"]}]},{\"@type\":\"ImageObject\",\"inLanguage\":\"nb-NO\",\"@id\":\"https:\/\/xenonkungen.com\/es\/producto\/interiorlampa-o75mmspecial-bla-vit\/#primaryimage\",\"url\":\"https:\/\/xenonkungen.com\/wp-content\/uploads\/2025\/04\/7524WB-800x800-1.jpg\",\"contentUrl\":\"https:\/\/xenonkungen.com\/wp-content\/uploads\/2025\/04\/7524WB-800x800-1.jpg\",\"width\":800,\"height\":800},{\"@type\":\"BreadcrumbList\",\"@id\":\"https:\/\/xenonkungen.com\/es\/producto\/interiorlampa-o75mmspecial-bla-vit\/#breadcrumb\",\"itemListElement\":[{\"@type\":\"ListItem\",\"position\":1,\"name\":\"Hem\",\"item\":\"https:\/\/xenonkungen.com\/\"},{\"@type\":\"ListItem\",\"position\":2,\"name\":\"Shop\",\"item\":\"https:\/\/xenonkungen.com\/shop\/\"},{\"@type\":\"ListItem\",\"position\":3,\"name\":\"Interi\u00f6rlampa \u00d875mm|Special Bl\u00e5\/Vit\"}]},{\"@type\":\"WebSite\",\"@id\":\"https:\/\/xenonkungen.com\/#website\",\"url\":\"https:\/\/xenonkungen.com\/\",\"name\":\"Xenonkungen\",\"description\":\"\",\"potentialAction\":[{\"@type\":\"SearchAction\",\"target\":{\"@type\":\"EntryPoint\",\"urlTemplate\":\"https:\/\/xenonkungen.com\/?s={search_term_string}\"},\"query-input\":{\"@type\":\"PropertyValueSpecification\",\"valueRequired\":true,\"valueName\":\"search_term_string\"}}],\"inLanguage\":\"nb-NO\"}]}<\/script>\n<!-- \/ Yoast SEO plugin. -->","yoast_head_json":{"title":"Innvendig lampe \u00d875mm|Spesial Bl\u00e5\/Hvit - Xenonkungen","robots":{"index":"index","follow":"follow","max-snippet":"max-snippet:-1","max-image-preview":"max-image-preview:large","max-video-preview":"max-video-preview:-1"},"canonical":"https:\/\/xenonkungen.com\/no\/produkt\/innvendig-lampe-o75mmspecial-svart-hvit\/","og_locale":"nb_NO","og_type":"article","og_title":"Interi\u00f6rlampa \u00d875mm|Special Bl\u00e5\/Vit - Xenonkungen","og_description":"75mm Rund LED Interi\u00f6r Dagbelysning &#8211; Bl\u00e5\/Vit F\u00e4rgsynkning Uppt\u00e4ck den ultimata l\u00f6sningen f\u00f6r anpassad belysning med v\u00e5r 75mm runda LED interi\u00f6rdagbelysning. Utformad f\u00f6r att leverera en distinkt visuell effekt med sin unika bl\u00e5\/vita f\u00e4rgsynkning, \u00e4r denna lampa perfekt f\u00f6r alla som s\u00f6ker att uppgradera sitt fordon eller inredningsprojekt. Egenskaper: F\u00e4rgsynkad Belysning f\u00f6r en anpassad atmosf\u00e4r [&hellip;]","og_url":"https:\/\/xenonkungen.com\/no\/produkt\/innvendig-lampe-o75mmspecial-svart-hvit\/","og_site_name":"Xenonkungen","article_modified_time":"2026-04-10T23:52:03+00:00","og_image":[{"width":800,"height":800,"url":"https:\/\/xenonkungen.com\/wp-content\/uploads\/2025\/04\/7524WB-800x800-1.jpg","type":"image\/jpeg"}],"twitter_card":"summary_large_image","twitter_misc":{"Ansl. lesetid":"1 minutt"},"schema":{"@context":"https:\/\/schema.org","@graph":[{"@type":"WebPage","@id":"https:\/\/xenonkungen.com\/es\/producto\/interiorlampa-o75mmspecial-bla-vit\/","url":"https:\/\/xenonkungen.com\/es\/producto\/interiorlampa-o75mmspecial-bla-vit\/","name":"Innvendig lampe \u00d875mm|Spesial Bl\u00e5\/Hvit - Xenonkungen","isPartOf":{"@id":"https:\/\/xenonkungen.com\/#website"},"primaryImageOfPage":{"@id":"https:\/\/xenonkungen.com\/es\/producto\/interiorlampa-o75mmspecial-bla-vit\/#primaryimage"},"image":{"@id":"https:\/\/xenonkungen.com\/es\/producto\/interiorlampa-o75mmspecial-bla-vit\/#primaryimage"},"thumbnailUrl":"https:\/\/xenonkungen.com\/wp-content\/uploads\/2025\/04\/7524WB-800x800-1.jpg","datePublished":"2025-04-15T10:05:39+00:00","dateModified":"2026-04-10T23:52:03+00:00","breadcrumb":{"@id":"https:\/\/xenonkungen.com\/es\/producto\/interiorlampa-o75mmspecial-bla-vit\/#breadcrumb"},"inLanguage":"nb-NO","potentialAction":[{"@type":"ReadAction","target":["https:\/\/xenonkungen.com\/es\/producto\/interiorlampa-o75mmspecial-bla-vit\/"]}]},{"@type":"ImageObject","inLanguage":"nb-NO","@id":"https:\/\/xenonkungen.com\/es\/producto\/interiorlampa-o75mmspecial-bla-vit\/#primaryimage","url":"https:\/\/xenonkungen.com\/wp-content\/uploads\/2025\/04\/7524WB-800x800-1.jpg","contentUrl":"https:\/\/xenonkungen.com\/wp-content\/uploads\/2025\/04\/7524WB-800x800-1.jpg","width":800,"height":800},{"@type":"BreadcrumbList","@id":"https:\/\/xenonkungen.com\/es\/producto\/interiorlampa-o75mmspecial-bla-vit\/#breadcrumb","itemListElement":[{"@type":"ListItem","position":1,"name":"Hem","item":"https:\/\/xenonkungen.com\/"},{"@type":"ListItem","position":2,"name":"Shop","item":"https:\/\/xenonkungen.com\/shop\/"},{"@type":"ListItem","position":3,"name":"Interi\u00f6rlampa \u00d875mm|Special Bl\u00e5\/Vit"}]},{"@type":"WebSite","@id":"https:\/\/xenonkungen.com\/#website","url":"https:\/\/xenonkungen.com\/","name":"Xenonkungen","description":"","potentialAction":[{"@type":"SearchAction","target":{"@type":"EntryPoint","urlTemplate":"https:\/\/xenonkungen.com\/?s={search_term_string}"},"query-input":{"@type":"PropertyValueSpecification","valueRequired":true,"valueName":"search_term_string"}}],"inLanguage":"nb-NO"}]}},"taxonomy_info":{"anvandningsomrade":[{"value":166,"label":"Lastbil"},{"value":238,"label":"SL\u00c4P"},{"value":2816,"label":"TRAILER"}],"product_brand":[{"value":1252,"label":"LEA"}],"product_cat":[{"value":2586,"label":"Interi\u00f6rbelysning"}],"pa_fuktskydd-varde-ipxx":[{"value":333,"label":"IP67"}],"pa_storlek-mm":[{"value":2056,"label":"75x17"}],"pa_stromforbrukning":[{"value":2059,"label":"0,20A @13,8V"}],"pa_volt-v":[{"value":159,"label":"12"}]},"featured_image_src_large":["https:\/\/xenonkungen.com\/wp-content\/uploads\/2025\/04\/7524WB-800x800-1.jpg",800,800,false],"author_info":[],"comment_info":0,"_links":{"self":[{"href":"https:\/\/xenonkungen.com\/no\/wp-json\/wp\/v2\/product\/8312","targetHints":{"allow":["GET"]}}],"collection":[{"href":"https:\/\/xenonkungen.com\/no\/wp-json\/wp\/v2\/product"}],"about":[{"href":"https:\/\/xenonkungen.com\/no\/wp-json\/wp\/v2\/types\/product"}],"replies":[{"embeddable":true,"href":"https:\/\/xenonkungen.com\/no\/wp-json\/wp\/v2\/comments?post=8312"}],"wp:featuredmedia":[{"embeddable":true,"href":"https:\/\/xenonkungen.com\/no\/wp-json\/wp\/v2\/media\/8313"}],"wp:attachment":[{"href":"https:\/\/xenonkungen.com\/no\/wp-json\/wp\/v2\/media?parent=8312"}],"wp:term":[{"taxonomy":"anvandningsomrade","embeddable":true,"href":"https:\/\/xenonkungen.com\/no\/wp-json\/wp\/v2\/anvandningsomrade?post=8312"},{"taxonomy":"bilmarken","embeddable":true,"href":"https:\/\/xenonkungen.com\/no\/wp-json\/wp\/v2\/bilmarken?post=8312"},{"taxonomy":"product_brand","embeddable":true,"href":"https:\/\/xenonkungen.com\/no\/wp-json\/wp\/v2\/product_brand?post=8312"},{"taxonomy":"product_cat","embeddable":true,"href":"https:\/\/xenonkungen.com\/no\/wp-json\/wp\/v2\/product_cat?post=8312"},{"taxonomy":"product_tag","embeddable":true,"href":"https:\/\/xenonkungen.com\/no\/wp-json\/wp\/v2\/product_tag?post=8312"}],"curies":[{"name":"wp","href":"https:\/\/api.w.org\/{rel}","templated":true}]}}