{"id":8318,"date":"2025-04-15T10:05:39","date_gmt":"2025-04-15T10:05:39","guid":{"rendered":"https:\/\/xenonkungen.com\/product\/interiorlampa-o75mmfrost-24v\/"},"modified":"2026-04-11T00:52:12","modified_gmt":"2026-04-10T23:52:12","slug":"innvendig-lampe-o75mm-frost-24v","status":"publish","type":"product","link":"https:\/\/xenonkungen.com\/no\/produkt\/innvendig-lampe-o75mm-frost-24v\/","title":{"rendered":"Innvendig lys \u00d875mm|Frost - 24V"},"content":{"rendered":"<h1 class=\"title\">LED interi\u00f8rlys med kromramme og ugjennomsiktig linse for kj\u00f8ret\u00f8y<\/h1>\n<p class=\"description\">En moderne LED-interi\u00f8rlampe som kombinerer estetikk med ytelse. Med sin kromramme og ugjennomsiktige linse gir lampen et dempet, behagelig lys som tilsvarer lysstyrken til en 15 W halogenlampe. Lampen er designet for \u00e5 v\u00e6re b\u00e5de holdbar og energieffektiv, og er ideell for kj\u00f8ret\u00f8y og rom som krever p\u00e5litelig belysning.<\/p>\n<h2 class=\"subtitle\">Funksjoner og egenskaper:<\/h2>\n<li>Elegant kromramme og ugjennomsiktig linse for et sofistikert utseende.<\/li>\n<li>Kaldhvite LED-lamper med h\u00f8y lysstyrke for effektivt lysutbytte.<\/li>\n<li>360 graders lysspredning med slagfast polykarbonatlinse.<\/li>\n<li>IP67-klassifisering for vanntetthet og st\u00f8t- og vibrasjonsbestandig konstruksjon.<\/li>\n<li>Kortslutningsbeskyttet for ekstra sikkerhet.<\/li>\n<\/ul>\n<h2 class=\"subtitle\">Bruksomr\u00e5der:<\/h2>\n<p class=\"usage-text\">Ideell for belysning av kj\u00f8ret\u00f8y som biler, lastebiler, bobiler og b\u00e5ter, samt andre omr\u00e5der der det er behov for en diskret, men kraftig lyskilde.<\/p>\n<h2 class=\"subtitle\">Installasjon:<\/h2>\n<p class=\"installation-text\">Lampen er designet for enkel utenp\u00e5liggende montering, og kan raskt installeres for \u00e5 forbedre interi\u00f8ret med sitt stilige og funksjonelle lys.<\/p>","protected":false},"excerpt":{"rendered":"<p>LED Interi\u00f6rlampa med Kromsarg och Opaque Lins f\u00f6r Fordon En modern LED interi\u00f6rlampa som kombinerar estetik med prestanda. Med sin kromsarg och opaque lins erbjuder lampan ett d\u00e4mpat, behagligt ljus som motsvarar ljusstyrkan hos en 15W halogenlampa. Designad f\u00f6r att vara b\u00e5de h\u00e5llbar och energieffektiv, \u00e4r denna lampa idealisk f\u00f6r fordon och utrymmen som kr\u00e4ver [&hellip;]<\/p>","protected":false},"featured_media":8319,"comment_status":"closed","ping_status":"open","template":"","meta":{"_acf_changed":false,"_smort_price_nok":"406","_smort_price_dkk":"258","_smort_price_eur":"34.54","_smort_sale_price_nok":"","_smort_sale_price_dkk":"","_smort_sale_price_eur":"","smort_restorder":"","shipmondo_restorder":"","_kad_blocks_custom_css":"","_kad_blocks_head_custom_js":"","_kad_blocks_body_custom_js":"","_kad_blocks_footer_custom_js":"","smort_custom_pricelist_1":"212.8","smort_custom_pricelist_2":"212.8","smort_custom_pricelist_3":"202.16","smort_custom_pricelist_4":"304","smort_custom_pricelist_5":"212.8"},"anvandningsomrade":[166,238,2816],"bilmarken":[],"product_brand":[1252],"product_cat":[2586],"product_tag":[],"class_list":{"0":"post-8318","1":"product","2":"type-product","3":"status-publish","4":"has-post-thumbnail","6":"anvandningsomrade-lastbil","7":"anvandningsomrade-slap","8":"anvandningsomrade-trailer","9":"product_brand-lea","10":"product_cat-interiorbelysning-slap","11":"pa_fuktskydd-varde-ipxx-ip67","12":"pa_storlek-mm-75x17","13":"pa_stromforbrukning-013a-28v","14":"pa_volt-v-160","16":"first","17":"onbackorder","18":"taxable","19":"shipping-taxable","20":"purchasable","21":"product-type-simple"},"bundled_by":[],"bundle_stock_status":"onbackorder","bundle_stock_quantity":0,"bundle_virtual":false,"bundle_layout":"","bundle_add_to_cart_form_location":"","bundle_editable_in_cart":false,"bundle_sold_individually_context":"","bundle_item_grouping":"","bundle_min_size":"","bundle_max_size":"","bundle_price":[],"bundled_items":[],"bundle_sell_ids":[],"acf":[],"yoast_head":"<!-- This site is optimized with the Yoast SEO plugin v27.0 - https:\/\/yoast.com\/product\/yoast-seo-wordpress\/ -->\n<title>Interi\u00f6rlampa \u00d875mm|Frost - 24V - Xenonkungen<\/title>\n<meta name=\"robots\" content=\"index, follow, max-snippet:-1, max-image-preview:large, max-video-preview:-1\" \/>\n<link rel=\"canonical\" href=\"https:\/\/xenonkungen.com\/no\/produkt\/innvendig-lampe-o75mm-frost-24v\/\" \/>\n<meta property=\"og:locale\" content=\"nb_NO\" \/>\n<meta property=\"og:type\" content=\"article\" \/>\n<meta property=\"og:title\" content=\"Interi\u00f6rlampa \u00d875mm|Frost - 24V - Xenonkungen\" \/>\n<meta property=\"og:description\" content=\"LED Interi\u00f6rlampa med Kromsarg och Opaque Lins f\u00f6r Fordon En modern LED interi\u00f6rlampa som kombinerar estetik med prestanda. Med sin kromsarg och opaque lins erbjuder lampan ett d\u00e4mpat, behagligt ljus som motsvarar ljusstyrkan hos en 15W halogenlampa. Designad f\u00f6r att vara b\u00e5de h\u00e5llbar och energieffektiv, \u00e4r denna lampa idealisk f\u00f6r fordon och utrymmen som kr\u00e4ver [&hellip;]\" \/>\n<meta property=\"og:url\" content=\"https:\/\/xenonkungen.com\/no\/produkt\/innvendig-lampe-o75mm-frost-24v\/\" \/>\n<meta property=\"og:site_name\" content=\"Xenonkungen\" \/>\n<meta property=\"article:modified_time\" content=\"2026-04-10T23:52:12+00:00\" \/>\n<meta property=\"og:image\" content=\"https:\/\/xenonkungen.com\/wp-content\/uploads\/2025\/04\/7524_OPAQUE-800x800-2.jpg\" \/>\n\t<meta property=\"og:image:width\" content=\"800\" \/>\n\t<meta property=\"og:image:height\" content=\"800\" \/>\n\t<meta property=\"og:image:type\" content=\"image\/jpeg\" \/>\n<meta name=\"twitter:card\" content=\"summary_large_image\" \/>\n<meta name=\"twitter:label1\" content=\"Ansl. lesetid\" \/>\n\t<meta name=\"twitter:data1\" content=\"1 minutt\" \/>\n<script type=\"application\/ld+json\" class=\"yoast-schema-graph\">{\"@context\":\"https:\/\/schema.org\",\"@graph\":[{\"@type\":\"WebPage\",\"@id\":\"https:\/\/xenonkungen.com\/produkt\/interiorlampa-o75mmfrost-24v\/\",\"url\":\"https:\/\/xenonkungen.com\/produkt\/interiorlampa-o75mmfrost-24v\/\",\"name\":\"Interi\u00f6rlampa \u00d875mm|Frost - 24V - Xenonkungen\",\"isPartOf\":{\"@id\":\"https:\/\/xenonkungen.com\/#website\"},\"primaryImageOfPage\":{\"@id\":\"https:\/\/xenonkungen.com\/produkt\/interiorlampa-o75mmfrost-24v\/#primaryimage\"},\"image\":{\"@id\":\"https:\/\/xenonkungen.com\/produkt\/interiorlampa-o75mmfrost-24v\/#primaryimage\"},\"thumbnailUrl\":\"https:\/\/xenonkungen.com\/wp-content\/uploads\/2025\/04\/7524_OPAQUE-800x800-2.jpg\",\"datePublished\":\"2025-04-15T10:05:39+00:00\",\"dateModified\":\"2026-04-10T23:52:12+00:00\",\"breadcrumb\":{\"@id\":\"https:\/\/xenonkungen.com\/produkt\/interiorlampa-o75mmfrost-24v\/#breadcrumb\"},\"inLanguage\":\"nb-NO\",\"potentialAction\":[{\"@type\":\"ReadAction\",\"target\":[\"https:\/\/xenonkungen.com\/produkt\/interiorlampa-o75mmfrost-24v\/\"]}]},{\"@type\":\"ImageObject\",\"inLanguage\":\"nb-NO\",\"@id\":\"https:\/\/xenonkungen.com\/produkt\/interiorlampa-o75mmfrost-24v\/#primaryimage\",\"url\":\"https:\/\/xenonkungen.com\/wp-content\/uploads\/2025\/04\/7524_OPAQUE-800x800-2.jpg\",\"contentUrl\":\"https:\/\/xenonkungen.com\/wp-content\/uploads\/2025\/04\/7524_OPAQUE-800x800-2.jpg\",\"width\":800,\"height\":800},{\"@type\":\"BreadcrumbList\",\"@id\":\"https:\/\/xenonkungen.com\/produkt\/interiorlampa-o75mmfrost-24v\/#breadcrumb\",\"itemListElement\":[{\"@type\":\"ListItem\",\"position\":1,\"name\":\"Hem\",\"item\":\"https:\/\/xenonkungen.com\/\"},{\"@type\":\"ListItem\",\"position\":2,\"name\":\"Shop\",\"item\":\"https:\/\/xenonkungen.com\/shop\/\"},{\"@type\":\"ListItem\",\"position\":3,\"name\":\"Interi\u00f6rlampa \u00d875mm|Frost &#8211; 24V\"}]},{\"@type\":\"WebSite\",\"@id\":\"https:\/\/xenonkungen.com\/#website\",\"url\":\"https:\/\/xenonkungen.com\/\",\"name\":\"Xenonkungen\",\"description\":\"\",\"potentialAction\":[{\"@type\":\"SearchAction\",\"target\":{\"@type\":\"EntryPoint\",\"urlTemplate\":\"https:\/\/xenonkungen.com\/?s={search_term_string}\"},\"query-input\":{\"@type\":\"PropertyValueSpecification\",\"valueRequired\":true,\"valueName\":\"search_term_string\"}}],\"inLanguage\":\"nb-NO\"}]}<\/script>\n<!-- \/ Yoast SEO plugin. -->","yoast_head_json":{"title":"Innvendig lampe \u00d875mm|Frost - 24V - Xenon king","robots":{"index":"index","follow":"follow","max-snippet":"max-snippet:-1","max-image-preview":"max-image-preview:large","max-video-preview":"max-video-preview:-1"},"canonical":"https:\/\/xenonkungen.com\/no\/produkt\/innvendig-lampe-o75mm-frost-24v\/","og_locale":"nb_NO","og_type":"article","og_title":"Interi\u00f6rlampa \u00d875mm|Frost - 24V - Xenonkungen","og_description":"LED Interi\u00f6rlampa med Kromsarg och Opaque Lins f\u00f6r Fordon En modern LED interi\u00f6rlampa som kombinerar estetik med prestanda. Med sin kromsarg och opaque lins erbjuder lampan ett d\u00e4mpat, behagligt ljus som motsvarar ljusstyrkan hos en 15W halogenlampa. Designad f\u00f6r att vara b\u00e5de h\u00e5llbar och energieffektiv, \u00e4r denna lampa idealisk f\u00f6r fordon och utrymmen som kr\u00e4ver [&hellip;]","og_url":"https:\/\/xenonkungen.com\/no\/produkt\/innvendig-lampe-o75mm-frost-24v\/","og_site_name":"Xenonkungen","article_modified_time":"2026-04-10T23:52:12+00:00","og_image":[{"width":800,"height":800,"url":"https:\/\/xenonkungen.com\/wp-content\/uploads\/2025\/04\/7524_OPAQUE-800x800-2.jpg","type":"image\/jpeg"}],"twitter_card":"summary_large_image","twitter_misc":{"Ansl. lesetid":"1 minutt"},"schema":{"@context":"https:\/\/schema.org","@graph":[{"@type":"WebPage","@id":"https:\/\/xenonkungen.com\/produkt\/interiorlampa-o75mmfrost-24v\/","url":"https:\/\/xenonkungen.com\/produkt\/interiorlampa-o75mmfrost-24v\/","name":"Innvendig lampe \u00d875mm|Frost - 24V - Xenon king","isPartOf":{"@id":"https:\/\/xenonkungen.com\/#website"},"primaryImageOfPage":{"@id":"https:\/\/xenonkungen.com\/produkt\/interiorlampa-o75mmfrost-24v\/#primaryimage"},"image":{"@id":"https:\/\/xenonkungen.com\/produkt\/interiorlampa-o75mmfrost-24v\/#primaryimage"},"thumbnailUrl":"https:\/\/xenonkungen.com\/wp-content\/uploads\/2025\/04\/7524_OPAQUE-800x800-2.jpg","datePublished":"2025-04-15T10:05:39+00:00","dateModified":"2026-04-10T23:52:12+00:00","breadcrumb":{"@id":"https:\/\/xenonkungen.com\/produkt\/interiorlampa-o75mmfrost-24v\/#breadcrumb"},"inLanguage":"nb-NO","potentialAction":[{"@type":"ReadAction","target":["https:\/\/xenonkungen.com\/produkt\/interiorlampa-o75mmfrost-24v\/"]}]},{"@type":"ImageObject","inLanguage":"nb-NO","@id":"https:\/\/xenonkungen.com\/produkt\/interiorlampa-o75mmfrost-24v\/#primaryimage","url":"https:\/\/xenonkungen.com\/wp-content\/uploads\/2025\/04\/7524_OPAQUE-800x800-2.jpg","contentUrl":"https:\/\/xenonkungen.com\/wp-content\/uploads\/2025\/04\/7524_OPAQUE-800x800-2.jpg","width":800,"height":800},{"@type":"BreadcrumbList","@id":"https:\/\/xenonkungen.com\/produkt\/interiorlampa-o75mmfrost-24v\/#breadcrumb","itemListElement":[{"@type":"ListItem","position":1,"name":"Hem","item":"https:\/\/xenonkungen.com\/"},{"@type":"ListItem","position":2,"name":"Shop","item":"https:\/\/xenonkungen.com\/shop\/"},{"@type":"ListItem","position":3,"name":"Interi\u00f6rlampa \u00d875mm|Frost &#8211; 24V"}]},{"@type":"WebSite","@id":"https:\/\/xenonkungen.com\/#website","url":"https:\/\/xenonkungen.com\/","name":"Xenonkungen","description":"","potentialAction":[{"@type":"SearchAction","target":{"@type":"EntryPoint","urlTemplate":"https:\/\/xenonkungen.com\/?s={search_term_string}"},"query-input":{"@type":"PropertyValueSpecification","valueRequired":true,"valueName":"search_term_string"}}],"inLanguage":"nb-NO"}]}},"taxonomy_info":{"anvandningsomrade":[{"value":166,"label":"Lastbil"},{"value":238,"label":"SL\u00c4P"},{"value":2816,"label":"TRAILER"}],"product_brand":[{"value":1252,"label":"LEA"}],"product_cat":[{"value":2586,"label":"Interi\u00f6rbelysning"}],"pa_fuktskydd-varde-ipxx":[{"value":333,"label":"IP67"}],"pa_storlek-mm":[{"value":2056,"label":"75x17"}],"pa_stromforbrukning":[{"value":2060,"label":"0,13A @28V"}],"pa_volt-v":[{"value":160,"label":"24"}]},"featured_image_src_large":["https:\/\/xenonkungen.com\/wp-content\/uploads\/2025\/04\/7524_OPAQUE-800x800-2.jpg",800,800,false],"author_info":[],"comment_info":0,"_links":{"self":[{"href":"https:\/\/xenonkungen.com\/no\/wp-json\/wp\/v2\/product\/8318","targetHints":{"allow":["GET"]}}],"collection":[{"href":"https:\/\/xenonkungen.com\/no\/wp-json\/wp\/v2\/product"}],"about":[{"href":"https:\/\/xenonkungen.com\/no\/wp-json\/wp\/v2\/types\/product"}],"replies":[{"embeddable":true,"href":"https:\/\/xenonkungen.com\/no\/wp-json\/wp\/v2\/comments?post=8318"}],"wp:featuredmedia":[{"embeddable":true,"href":"https:\/\/xenonkungen.com\/no\/wp-json\/wp\/v2\/media\/8319"}],"wp:attachment":[{"href":"https:\/\/xenonkungen.com\/no\/wp-json\/wp\/v2\/media?parent=8318"}],"wp:term":[{"taxonomy":"anvandningsomrade","embeddable":true,"href":"https:\/\/xenonkungen.com\/no\/wp-json\/wp\/v2\/anvandningsomrade?post=8318"},{"taxonomy":"bilmarken","embeddable":true,"href":"https:\/\/xenonkungen.com\/no\/wp-json\/wp\/v2\/bilmarken?post=8318"},{"taxonomy":"product_brand","embeddable":true,"href":"https:\/\/xenonkungen.com\/no\/wp-json\/wp\/v2\/product_brand?post=8318"},{"taxonomy":"product_cat","embeddable":true,"href":"https:\/\/xenonkungen.com\/no\/wp-json\/wp\/v2\/product_cat?post=8318"},{"taxonomy":"product_tag","embeddable":true,"href":"https:\/\/xenonkungen.com\/no\/wp-json\/wp\/v2\/product_tag?post=8318"}],"curies":[{"name":"wp","href":"https:\/\/api.w.org\/{rel}","templated":true}]}}