{"id":8356,"date":"2025-04-15T10:06:00","date_gmt":"2025-04-15T10:06:00","guid":{"rendered":"https:\/\/xenonkungen.com\/product\/markeringsljus-2-led-rod-12-24v-2-pack\/"},"modified":"2026-04-11T00:52:38","modified_gmt":"2026-04-10T23:52:38","slug":"markeringslys-2-led-stang-12-24v-2-pakning","status":"publish","type":"product","link":"https:\/\/xenonkungen.com\/no\/produkt\/markeringslys-2-led-stang-12-24v-2-pakning\/","title":{"rendered":"Markeringslys 2-LED RED 12\/24V (2-pk)"},"content":{"rendered":"<h1>H\u00f8yintensitets r\u00f8dt LED-markeringslys for nyttekj\u00f8ret\u00f8y<\/h1>\n<p>Dette kraftige r\u00f8de LED-markeringslyset er utstyrt med to kraftige lysdioder som gir eksepsjonell lysstyrke og synlighet. Denne lykten er ideell som bakre markeringslys p\u00e5 nyttekj\u00f8ret\u00f8y, lastebiler, varebiler, tilhengere og ogs\u00e5 til hobbyprosjekter, og den er designet for \u00e5 forbedre sikkerheten og synligheten til kj\u00f8ret\u00f8yet ditt under alle forhold.<\/p>\n<h2>Spesifikasjoner<\/h2>\n<ul>\n<li>Lyskilde: 2 kraftige lysdioder for i\u00f8ynefallende lysstyrke<\/li>\n<li>Bruksomr\u00e5de: Ideell som bakre markeringslys for en lang rekke kj\u00f8ret\u00f8y<\/li>\n<li>Beskyttelse: IP67-klassifisering som sikrer st\u00f8t- og vibrasjonsmotstand og full nedsenkbarhet<\/li>\n<li>Konstruksjon: Robust og slitesterk design for langvarig ytelse<\/li>\n<\/ul>\n<h2>Funksjoner og fordeler<\/h2>\n<p>Dette r\u00f8de LED-markeringslyset er designet for \u00e5 oppfylle kravene til nyttekj\u00f8ret\u00f8y og entusiaster, og tilbyr en kombinasjon av ytelse, holdbarhet og estetikk. Den avanserte LED-teknologien s\u00f8rger for at lyset er sterkt og synlig selv p\u00e5 lange avstander, mens den IP67-klassifiserte konstruksjonen gir p\u00e5litelig beskyttelse mot de mest utfordrende v\u00e6rforholdene. Den enkle monteringsprosessen gj\u00f8r dette lyset til et praktisk valg for b\u00e5de profesjonelle og hobbybrukere som er p\u00e5 jakt etter en p\u00e5litelig l\u00f8sning for \u00e5 \u00f8ke sikkerheten og estetikken p\u00e5 kj\u00f8ret\u00f8yet.<\/p>\n<ul>\n<li>Eksepsjonell lysstyrke med to kraftige lysdioder<\/li>\n<li>Forbedret sikkerhet og sikt for alle typer kj\u00f8ret\u00f8y<\/li>\n<li>IP67-klassifisering for optimal beskyttelse mot vann og st\u00f8v<\/li>\n<li>Enkel montering p\u00e5 en rekke ulike kj\u00f8ret\u00f8y, fra nyttekj\u00f8ret\u00f8y til hobbyprosjekter<\/li>\n<li>Langvarig og p\u00e5litelig bruk under alle forhold<\/li>\n<\/ul>","protected":false},"excerpt":{"rendered":"<p>Volt: 12\/24V Multivolt<br \/>\nBeskyttelse mot fuktighet: IP67<br \/>\nGodkjenning: ECE R10, EMC<\/p>\n<p>Garanti: 5 \u00e5r<\/p>","protected":false},"featured_media":8357,"comment_status":"closed","ping_status":"open","template":"","meta":{"_acf_changed":false,"_smort_price_nok":"287","_smort_price_dkk":"183","_smort_price_eur":"24.45","_smort_sale_price_nok":"","_smort_sale_price_dkk":"","_smort_sale_price_eur":"","smort_restorder":"","shipmondo_restorder":"","_kad_blocks_custom_css":"","_kad_blocks_head_custom_js":"","_kad_blocks_body_custom_js":"","_kad_blocks_footer_custom_js":"","smort_custom_pricelist_1":"172.16","smort_custom_pricelist_2":"150.64","smort_custom_pricelist_3":"139.88","smort_custom_pricelist_4":"215.2","smort_custom_pricelist_5":"150.64"},"anvandningsomrade":[166,238,2816],"bilmarken":[],"product_brand":[1252],"product_cat":[2478],"product_tag":[],"class_list":{"0":"post-8356","1":"product","2":"type-product","3":"status-publish","4":"has-post-thumbnail","6":"anvandningsomrade-lastbil","7":"anvandningsomrade-slap","8":"anvandningsomrade-trailer","9":"product_brand-lea","10":"product_cat-positionsljus-slap","11":"pa_fuktskydd-varde-ipxx-ip67","12":"pa_godkannande-ece-r10-emc","13":"pa_storlek-mm-79x22x18","14":"pa_stromforbrukning-004a-138v","15":"pa_stromforbrukning-004a-28v","16":"pa_volt-v-12-24","18":"first","19":"onbackorder","20":"taxable","21":"shipping-taxable","22":"purchasable","23":"product-type-simple"},"bundled_by":[],"bundle_stock_status":"onbackorder","bundle_stock_quantity":0,"bundle_virtual":false,"bundle_layout":"","bundle_add_to_cart_form_location":"","bundle_editable_in_cart":false,"bundle_sold_individually_context":"","bundle_item_grouping":"","bundle_min_size":"","bundle_max_size":"","bundle_price":[],"bundled_items":[],"bundle_sell_ids":[],"acf":[],"yoast_head":"<!-- This site is optimized with the Yoast SEO plugin v27.0 - https:\/\/yoast.com\/product\/yoast-seo-wordpress\/ -->\n<title>Markeringsljus 2-LED R\u00d6D 12\/24V (2-pack) - Xenonkungen<\/title>\n<meta name=\"robots\" content=\"index, follow, max-snippet:-1, max-image-preview:large, max-video-preview:-1\" \/>\n<link rel=\"canonical\" href=\"https:\/\/xenonkungen.com\/no\/produkt\/markeringslys-2-led-stang-12-24v-2-pakning\/\" \/>\n<meta property=\"og:locale\" content=\"nb_NO\" \/>\n<meta property=\"og:type\" content=\"article\" \/>\n<meta property=\"og:title\" content=\"Markeringsljus 2-LED R\u00d6D 12\/24V (2-pack) - Xenonkungen\" \/>\n<meta property=\"og:description\" content=\"Volt: 12\/24V Multivolt Fuktskydd: IP67 Godk\u00e4nnande: ECE R10, EMC Garanti: 5 \u00e5r\" \/>\n<meta property=\"og:url\" content=\"https:\/\/xenonkungen.com\/no\/produkt\/markeringslys-2-led-stang-12-24v-2-pakning\/\" \/>\n<meta property=\"og:site_name\" content=\"Xenonkungen\" \/>\n<meta property=\"article:modified_time\" content=\"2026-04-10T23:52:38+00:00\" \/>\n<meta property=\"og:image\" content=\"https:\/\/xenonkungen.com\/wp-content\/uploads\/2025\/04\/177481439-origpic-e210af.jpg\" \/>\n\t<meta property=\"og:image:width\" content=\"800\" \/>\n\t<meta property=\"og:image:height\" content=\"800\" \/>\n\t<meta property=\"og:image:type\" content=\"image\/jpeg\" \/>\n<meta name=\"twitter:card\" content=\"summary_large_image\" \/>\n<meta name=\"twitter:label1\" content=\"Ansl. lesetid\" \/>\n\t<meta name=\"twitter:data1\" content=\"1 minutt\" \/>\n<script type=\"application\/ld+json\" class=\"yoast-schema-graph\">{\"@context\":\"https:\/\/schema.org\",\"@graph\":[{\"@type\":\"WebPage\",\"@id\":\"https:\/\/xenonkungen.com\/produkt\/markeringsljus-2-led-rod-12-24v-2-pack\/\",\"url\":\"https:\/\/xenonkungen.com\/produkt\/markeringsljus-2-led-rod-12-24v-2-pack\/\",\"name\":\"Markeringsljus 2-LED R\u00d6D 12\/24V (2-pack) - Xenonkungen\",\"isPartOf\":{\"@id\":\"https:\/\/xenonkungen.com\/#website\"},\"primaryImageOfPage\":{\"@id\":\"https:\/\/xenonkungen.com\/produkt\/markeringsljus-2-led-rod-12-24v-2-pack\/#primaryimage\"},\"image\":{\"@id\":\"https:\/\/xenonkungen.com\/produkt\/markeringsljus-2-led-rod-12-24v-2-pack\/#primaryimage\"},\"thumbnailUrl\":\"https:\/\/xenonkungen.com\/wp-content\/uploads\/2025\/04\/177481439-origpic-e210af.jpg\",\"datePublished\":\"2025-04-15T10:06:00+00:00\",\"dateModified\":\"2026-04-10T23:52:38+00:00\",\"breadcrumb\":{\"@id\":\"https:\/\/xenonkungen.com\/produkt\/markeringsljus-2-led-rod-12-24v-2-pack\/#breadcrumb\"},\"inLanguage\":\"nb-NO\",\"potentialAction\":[{\"@type\":\"ReadAction\",\"target\":[\"https:\/\/xenonkungen.com\/produkt\/markeringsljus-2-led-rod-12-24v-2-pack\/\"]}]},{\"@type\":\"ImageObject\",\"inLanguage\":\"nb-NO\",\"@id\":\"https:\/\/xenonkungen.com\/produkt\/markeringsljus-2-led-rod-12-24v-2-pack\/#primaryimage\",\"url\":\"https:\/\/xenonkungen.com\/wp-content\/uploads\/2025\/04\/177481439-origpic-e210af.jpg\",\"contentUrl\":\"https:\/\/xenonkungen.com\/wp-content\/uploads\/2025\/04\/177481439-origpic-e210af.jpg\",\"width\":800,\"height\":800},{\"@type\":\"BreadcrumbList\",\"@id\":\"https:\/\/xenonkungen.com\/produkt\/markeringsljus-2-led-rod-12-24v-2-pack\/#breadcrumb\",\"itemListElement\":[{\"@type\":\"ListItem\",\"position\":1,\"name\":\"Hem\",\"item\":\"https:\/\/xenonkungen.com\/\"},{\"@type\":\"ListItem\",\"position\":2,\"name\":\"Shop\",\"item\":\"https:\/\/xenonkungen.com\/shop\/\"},{\"@type\":\"ListItem\",\"position\":3,\"name\":\"Markeringsljus 2-LED R\u00d6D 12\/24V (2-pack)\"}]},{\"@type\":\"WebSite\",\"@id\":\"https:\/\/xenonkungen.com\/#website\",\"url\":\"https:\/\/xenonkungen.com\/\",\"name\":\"Xenonkungen\",\"description\":\"\",\"potentialAction\":[{\"@type\":\"SearchAction\",\"target\":{\"@type\":\"EntryPoint\",\"urlTemplate\":\"https:\/\/xenonkungen.com\/?s={search_term_string}\"},\"query-input\":{\"@type\":\"PropertyValueSpecification\",\"valueRequired\":true,\"valueName\":\"search_term_string\"}}],\"inLanguage\":\"nb-NO\"}]}<\/script>\n<!-- \/ Yoast SEO plugin. -->","yoast_head_json":{"title":"Markeringslys 2-LED R\u00d8D 12\/24V (2-pakning) - Xenonkungen","robots":{"index":"index","follow":"follow","max-snippet":"max-snippet:-1","max-image-preview":"max-image-preview:large","max-video-preview":"max-video-preview:-1"},"canonical":"https:\/\/xenonkungen.com\/no\/produkt\/markeringslys-2-led-stang-12-24v-2-pakning\/","og_locale":"nb_NO","og_type":"article","og_title":"Markeringsljus 2-LED R\u00d6D 12\/24V (2-pack) - Xenonkungen","og_description":"Volt: 12\/24V Multivolt Fuktskydd: IP67 Godk\u00e4nnande: ECE R10, EMC Garanti: 5 \u00e5r","og_url":"https:\/\/xenonkungen.com\/no\/produkt\/markeringslys-2-led-stang-12-24v-2-pakning\/","og_site_name":"Xenonkungen","article_modified_time":"2026-04-10T23:52:38+00:00","og_image":[{"width":800,"height":800,"url":"https:\/\/xenonkungen.com\/wp-content\/uploads\/2025\/04\/177481439-origpic-e210af.jpg","type":"image\/jpeg"}],"twitter_card":"summary_large_image","twitter_misc":{"Ansl. lesetid":"1 minutt"},"schema":{"@context":"https:\/\/schema.org","@graph":[{"@type":"WebPage","@id":"https:\/\/xenonkungen.com\/produkt\/markeringsljus-2-led-rod-12-24v-2-pack\/","url":"https:\/\/xenonkungen.com\/produkt\/markeringsljus-2-led-rod-12-24v-2-pack\/","name":"Markeringslys 2-LED R\u00d8D 12\/24V (2-pakning) - Xenonkungen","isPartOf":{"@id":"https:\/\/xenonkungen.com\/#website"},"primaryImageOfPage":{"@id":"https:\/\/xenonkungen.com\/produkt\/markeringsljus-2-led-rod-12-24v-2-pack\/#primaryimage"},"image":{"@id":"https:\/\/xenonkungen.com\/produkt\/markeringsljus-2-led-rod-12-24v-2-pack\/#primaryimage"},"thumbnailUrl":"https:\/\/xenonkungen.com\/wp-content\/uploads\/2025\/04\/177481439-origpic-e210af.jpg","datePublished":"2025-04-15T10:06:00+00:00","dateModified":"2026-04-10T23:52:38+00:00","breadcrumb":{"@id":"https:\/\/xenonkungen.com\/produkt\/markeringsljus-2-led-rod-12-24v-2-pack\/#breadcrumb"},"inLanguage":"nb-NO","potentialAction":[{"@type":"ReadAction","target":["https:\/\/xenonkungen.com\/produkt\/markeringsljus-2-led-rod-12-24v-2-pack\/"]}]},{"@type":"ImageObject","inLanguage":"nb-NO","@id":"https:\/\/xenonkungen.com\/produkt\/markeringsljus-2-led-rod-12-24v-2-pack\/#primaryimage","url":"https:\/\/xenonkungen.com\/wp-content\/uploads\/2025\/04\/177481439-origpic-e210af.jpg","contentUrl":"https:\/\/xenonkungen.com\/wp-content\/uploads\/2025\/04\/177481439-origpic-e210af.jpg","width":800,"height":800},{"@type":"BreadcrumbList","@id":"https:\/\/xenonkungen.com\/produkt\/markeringsljus-2-led-rod-12-24v-2-pack\/#breadcrumb","itemListElement":[{"@type":"ListItem","position":1,"name":"Hem","item":"https:\/\/xenonkungen.com\/"},{"@type":"ListItem","position":2,"name":"Shop","item":"https:\/\/xenonkungen.com\/shop\/"},{"@type":"ListItem","position":3,"name":"Markeringsljus 2-LED R\u00d6D 12\/24V (2-pack)"}]},{"@type":"WebSite","@id":"https:\/\/xenonkungen.com\/#website","url":"https:\/\/xenonkungen.com\/","name":"Xenonkungen","description":"","potentialAction":[{"@type":"SearchAction","target":{"@type":"EntryPoint","urlTemplate":"https:\/\/xenonkungen.com\/?s={search_term_string}"},"query-input":{"@type":"PropertyValueSpecification","valueRequired":true,"valueName":"search_term_string"}}],"inLanguage":"nb-NO"}]}},"taxonomy_info":{"anvandningsomrade":[{"value":166,"label":"Lastbil"},{"value":238,"label":"SL\u00c4P"},{"value":2816,"label":"TRAILER"}],"product_brand":[{"value":1252,"label":"LEA"}],"product_cat":[{"value":2478,"label":"Positionsljus"}],"pa_fuktskydd-varde-ipxx":[{"value":333,"label":"IP67"}],"pa_godkannande":[{"value":1306,"label":"ECE R10 (EMC)"}],"pa_storlek-mm":[{"value":2063,"label":"79x22x18"}],"pa_stromforbrukning":[{"value":1871,"label":"0,04A @13,8V"},{"value":1872,"label":"0,04A @28V"}],"pa_volt-v":[{"value":348,"label":"12, 24"}]},"featured_image_src_large":["https:\/\/xenonkungen.com\/wp-content\/uploads\/2025\/04\/177481439-origpic-e210af.jpg",800,800,false],"author_info":[],"comment_info":0,"_links":{"self":[{"href":"https:\/\/xenonkungen.com\/no\/wp-json\/wp\/v2\/product\/8356","targetHints":{"allow":["GET"]}}],"collection":[{"href":"https:\/\/xenonkungen.com\/no\/wp-json\/wp\/v2\/product"}],"about":[{"href":"https:\/\/xenonkungen.com\/no\/wp-json\/wp\/v2\/types\/product"}],"replies":[{"embeddable":true,"href":"https:\/\/xenonkungen.com\/no\/wp-json\/wp\/v2\/comments?post=8356"}],"wp:featuredmedia":[{"embeddable":true,"href":"https:\/\/xenonkungen.com\/no\/wp-json\/wp\/v2\/media\/8357"}],"wp:attachment":[{"href":"https:\/\/xenonkungen.com\/no\/wp-json\/wp\/v2\/media?parent=8356"}],"wp:term":[{"taxonomy":"anvandningsomrade","embeddable":true,"href":"https:\/\/xenonkungen.com\/no\/wp-json\/wp\/v2\/anvandningsomrade?post=8356"},{"taxonomy":"bilmarken","embeddable":true,"href":"https:\/\/xenonkungen.com\/no\/wp-json\/wp\/v2\/bilmarken?post=8356"},{"taxonomy":"product_brand","embeddable":true,"href":"https:\/\/xenonkungen.com\/no\/wp-json\/wp\/v2\/product_brand?post=8356"},{"taxonomy":"product_cat","embeddable":true,"href":"https:\/\/xenonkungen.com\/no\/wp-json\/wp\/v2\/product_cat?post=8356"},{"taxonomy":"product_tag","embeddable":true,"href":"https:\/\/xenonkungen.com\/no\/wp-json\/wp\/v2\/product_tag?post=8356"}],"curies":[{"name":"wp","href":"https:\/\/api.w.org\/{rel}","templated":true}]}}