{"id":8491,"date":"2025-04-15T10:07:05","date_gmt":"2025-04-15T10:07:05","guid":{"rendered":"https:\/\/xenonkungen.com\/product\/baklampa-kombi-81stim-12-24v-81x81mm\/"},"modified":"2026-04-11T00:55:19","modified_gmt":"2026-04-10T23:55:19","slug":"baklyskombinasjon-81stim-12-24v-81x81mm","status":"publish","type":"product","link":"https:\/\/xenonkungen.com\/no\/produkt\/baklyskombinasjon-81stim-12-24v-81x81mm\/","title":{"rendered":"Kombinert baklys 81STIM - 12\/24V (81x81mm)"},"content":{"rendered":"<h1>LED-kombinasjonslys: Din beste f\u00f8lgesvenn p\u00e5 veien<\/h1>\n<p>Velkommen til fremtidens bilbelysning! V\u00e5r LED-kombinasjonslykt i elegant, kompakt format er en game-changer for alle dine belysningsbehov. Ikke bare er den utrolig str\u00f8meffektiv, men den er ogs\u00e5 bygget for \u00e5 t\u00e5le tidens tann.<\/p>\n<h2>Robust design for alle situasjoner<\/h2>\n<p>G\u00e5r du i ulendt terreng eller kj\u00f8rer i vanskelige v\u00e6rforhold? Ingen grunn til bekymring! Lampehuset v\u00e5rt er ikke bare lekkasjetettet for \u00e5 hindre vanninntrengning, men det er ogs\u00e5 st\u00f8tsikkert. Uansett hvor eventyret ditt tar deg, kan du stole p\u00e5 at denne lampen lyser opp veien din.<\/p>\n<h2>Allsidig funksjon<\/h2>\n<p>Med tre innebygde lysfunksjoner - baklys, stopplys og blinklys - er dette alt du trenger for en trygg reise. Enten du bare kj\u00f8rer rundt i byen eller er p\u00e5 en lang biltur, vil disse funksjonene s\u00f8rge for at du er synlig og trygg.<\/p>\n<h2>Energieffektivitet fremfor alt<\/h2>\n<p>Med en driftsspenning p\u00e5 12\/24 V og et utrolig lavt str\u00f8mforbruk p\u00e5 13,8 V - 0,01 A for baklys, 0,22 A for stopplys og 0,19 A for blinklys - er dette et lys som ikke bare sparer batteriet ditt, men ogs\u00e5 milj\u00f8et. Kj\u00f8ret\u00f8yet ditt trekker mindre str\u00f8m, noe som gir lengre batterilevetid og mindre utslipp.<\/p>\n<h2>Dimensjoner og passform<\/h2>\n<p>Lampens dimensjoner, 81x81x20 mm, gj\u00f8r den ikke bare kompakt, men ogs\u00e5 enkel \u00e5 montere p\u00e5 nesten alle typer kj\u00f8ret\u00f8y.<\/p>\n<h2>Investerer i kvalitet<\/h2>\n<p>Vi har stor tro p\u00e5 kvaliteten p\u00e5 produktene v\u00e5re, og det er derfor vi tilbyr en utrolig 5-\u00e5rs garanti p\u00e5 denne LED-lyskasteren. Kj\u00f8r trygt, vel vitende om at vi st\u00e5r bak produktet v\u00e5rt.<\/p>\n<p><strong>I en verden der sikkerhet og b\u00e6rekraft g\u00e5r h\u00e5nd i h\u00e5nd, er v\u00e5r LED-kombinasjonslykt din beste f\u00f8lgesvenn p\u00e5 veien. Ikke vent, oppgrader belysningen din i dag!<\/strong><\/p>","protected":false},"excerpt":{"rendered":"<p>Baklykt Kombi 81STIM med 12\/24 volt i LED.<\/p>","protected":false},"featured_media":8492,"comment_status":"closed","ping_status":"open","template":"","meta":{"_acf_changed":false,"_smort_price_nok":"299","_smort_price_dkk":"190","_smort_price_eur":"25.45","_smort_sale_price_nok":"","_smort_sale_price_dkk":"","_smort_sale_price_eur":"","smort_restorder":"","shipmondo_restorder":"","_kad_blocks_custom_css":"","_kad_blocks_head_custom_js":"","_kad_blocks_body_custom_js":"","_kad_blocks_footer_custom_js":"","smort_custom_pricelist_1":"156.8","smort_custom_pricelist_2":"156.8","smort_custom_pricelist_3":"148.96","smort_custom_pricelist_4":"224","smort_custom_pricelist_5":"156.8"},"anvandningsomrade":[166,238,2816],"bilmarken":[],"product_brand":[1252],"product_cat":[2552],"product_tag":[],"class_list":{"0":"post-8491","1":"product","2":"type-product","3":"status-publish","4":"has-post-thumbnail","6":"anvandningsomrade-lastbil","7":"anvandningsomrade-slap","8":"anvandningsomrade-trailer","9":"product_brand-lea","10":"product_cat-bakljus-slap","11":"pa_fuktskydd-varde-ipxx-ip67","12":"pa_godkannande-ece-r10-r6-r7","13":"pa_storlek-mm-81x81x20","14":"pa_volt-v-12-24","16":"first","17":"instock","18":"taxable","19":"shipping-taxable","20":"purchasable","21":"product-type-simple"},"bundled_by":[],"bundle_stock_status":"instock","bundle_stock_quantity":1,"bundle_virtual":false,"bundle_layout":"","bundle_add_to_cart_form_location":"","bundle_editable_in_cart":false,"bundle_sold_individually_context":"","bundle_item_grouping":"","bundle_min_size":"","bundle_max_size":"","bundle_price":[],"bundled_items":[],"bundle_sell_ids":[],"acf":[],"yoast_head":"<!-- This site is optimized with the Yoast SEO plugin v27.0 - https:\/\/yoast.com\/product\/yoast-seo-wordpress\/ -->\n<title>Baklampa Kombi 81STIM - 12\/24V (81x81mm) - Xenonkungen<\/title>\n<meta name=\"robots\" content=\"index, follow, max-snippet:-1, max-image-preview:large, max-video-preview:-1\" \/>\n<link rel=\"canonical\" href=\"https:\/\/xenonkungen.com\/no\/produkt\/baklyskombinasjon-81stim-12-24v-81x81mm\/\" \/>\n<meta property=\"og:locale\" content=\"nb_NO\" \/>\n<meta property=\"og:type\" content=\"article\" \/>\n<meta property=\"og:title\" content=\"Baklampa Kombi 81STIM - 12\/24V (81x81mm) - Xenonkungen\" \/>\n<meta property=\"og:description\" content=\"Baklampa Kombi 81STIM med 12\/24 volt i LED.\" \/>\n<meta property=\"og:url\" content=\"https:\/\/xenonkungen.com\/no\/produkt\/baklyskombinasjon-81stim-12-24v-81x81mm\/\" \/>\n<meta property=\"og:site_name\" content=\"Xenonkungen\" \/>\n<meta property=\"article:modified_time\" content=\"2026-04-10T23:55:19+00:00\" \/>\n<meta property=\"og:image\" content=\"https:\/\/xenonkungen.com\/wp-content\/uploads\/2025\/04\/81STIM-800x800-1-1.jpg\" \/>\n\t<meta property=\"og:image:width\" content=\"800\" \/>\n\t<meta property=\"og:image:height\" content=\"800\" \/>\n\t<meta property=\"og:image:type\" content=\"image\/jpeg\" \/>\n<meta name=\"twitter:card\" content=\"summary_large_image\" \/>\n<meta name=\"twitter:label1\" content=\"Ansl. lesetid\" \/>\n\t<meta name=\"twitter:data1\" content=\"2 minutter\" \/>\n<script type=\"application\/ld+json\" class=\"yoast-schema-graph\">{\"@context\":\"https:\/\/schema.org\",\"@graph\":[{\"@type\":\"WebPage\",\"@id\":\"https:\/\/xenonkungen.com\/no\/produkt\/baklyskombinasjon-81stim-12-24v-81x81mm\/\",\"url\":\"https:\/\/xenonkungen.com\/no\/produkt\/baklyskombinasjon-81stim-12-24v-81x81mm\/\",\"name\":\"Baklampa Kombi 81STIM - 12\/24V (81x81mm) - Xenonkungen\",\"isPartOf\":{\"@id\":\"https:\/\/xenonkungen.com\/#website\"},\"primaryImageOfPage\":{\"@id\":\"https:\/\/xenonkungen.com\/no\/produkt\/baklyskombinasjon-81stim-12-24v-81x81mm\/#primaryimage\"},\"image\":{\"@id\":\"https:\/\/xenonkungen.com\/no\/produkt\/baklyskombinasjon-81stim-12-24v-81x81mm\/#primaryimage\"},\"thumbnailUrl\":\"https:\/\/xenonkungen.com\/wp-content\/uploads\/2025\/04\/81STIM-800x800-1-1.jpg\",\"datePublished\":\"2025-04-15T10:07:05+00:00\",\"dateModified\":\"2026-04-10T23:55:19+00:00\",\"breadcrumb\":{\"@id\":\"https:\/\/xenonkungen.com\/no\/produkt\/baklyskombinasjon-81stim-12-24v-81x81mm\/#breadcrumb\"},\"inLanguage\":\"nb-NO\",\"potentialAction\":[{\"@type\":\"ReadAction\",\"target\":[\"https:\/\/xenonkungen.com\/no\/produkt\/baklyskombinasjon-81stim-12-24v-81x81mm\/\"]}]},{\"@type\":\"ImageObject\",\"inLanguage\":\"nb-NO\",\"@id\":\"https:\/\/xenonkungen.com\/no\/produkt\/baklyskombinasjon-81stim-12-24v-81x81mm\/#primaryimage\",\"url\":\"https:\/\/xenonkungen.com\/wp-content\/uploads\/2025\/04\/81STIM-800x800-1-1.jpg\",\"contentUrl\":\"https:\/\/xenonkungen.com\/wp-content\/uploads\/2025\/04\/81STIM-800x800-1-1.jpg\",\"width\":800,\"height\":800},{\"@type\":\"BreadcrumbList\",\"@id\":\"https:\/\/xenonkungen.com\/no\/produkt\/baklyskombinasjon-81stim-12-24v-81x81mm\/#breadcrumb\",\"itemListElement\":[{\"@type\":\"ListItem\",\"position\":1,\"name\":\"Hem\",\"item\":\"https:\/\/xenonkungen.com\/\"},{\"@type\":\"ListItem\",\"position\":2,\"name\":\"Shop\",\"item\":\"https:\/\/xenonkungen.com\/shop\/\"},{\"@type\":\"ListItem\",\"position\":3,\"name\":\"Baklampa Kombi 81STIM &#8211; 12\/24V (81x81mm)\"}]},{\"@type\":\"WebSite\",\"@id\":\"https:\/\/xenonkungen.com\/#website\",\"url\":\"https:\/\/xenonkungen.com\/\",\"name\":\"Xenonkungen\",\"description\":\"\",\"potentialAction\":[{\"@type\":\"SearchAction\",\"target\":{\"@type\":\"EntryPoint\",\"urlTemplate\":\"https:\/\/xenonkungen.com\/?s={search_term_string}\"},\"query-input\":{\"@type\":\"PropertyValueSpecification\",\"valueRequired\":true,\"valueName\":\"search_term_string\"}}],\"inLanguage\":\"nb-NO\"}]}<\/script>\n<!-- \/ Yoast SEO plugin. -->","yoast_head_json":{"title":"Baklykt Kombi 81STIM - 12\/24V (81x81mm) - Xenonkongen","robots":{"index":"index","follow":"follow","max-snippet":"max-snippet:-1","max-image-preview":"max-image-preview:large","max-video-preview":"max-video-preview:-1"},"canonical":"https:\/\/xenonkungen.com\/no\/produkt\/baklyskombinasjon-81stim-12-24v-81x81mm\/","og_locale":"nb_NO","og_type":"article","og_title":"Baklampa Kombi 81STIM - 12\/24V (81x81mm) - Xenonkungen","og_description":"Baklampa Kombi 81STIM med 12\/24 volt i LED.","og_url":"https:\/\/xenonkungen.com\/no\/produkt\/baklyskombinasjon-81stim-12-24v-81x81mm\/","og_site_name":"Xenonkungen","article_modified_time":"2026-04-10T23:55:19+00:00","og_image":[{"width":800,"height":800,"url":"https:\/\/xenonkungen.com\/wp-content\/uploads\/2025\/04\/81STIM-800x800-1-1.jpg","type":"image\/jpeg"}],"twitter_card":"summary_large_image","twitter_misc":{"Ansl. lesetid":"2 minutter"},"schema":{"@context":"https:\/\/schema.org","@graph":[{"@type":"WebPage","@id":"https:\/\/xenonkungen.com\/no\/produkt\/baklyskombinasjon-81stim-12-24v-81x81mm\/","url":"https:\/\/xenonkungen.com\/no\/produkt\/baklyskombinasjon-81stim-12-24v-81x81mm\/","name":"Baklykt Kombi 81STIM - 12\/24V (81x81mm) - Xenonkongen","isPartOf":{"@id":"https:\/\/xenonkungen.com\/#website"},"primaryImageOfPage":{"@id":"https:\/\/xenonkungen.com\/no\/produkt\/baklyskombinasjon-81stim-12-24v-81x81mm\/#primaryimage"},"image":{"@id":"https:\/\/xenonkungen.com\/no\/produkt\/baklyskombinasjon-81stim-12-24v-81x81mm\/#primaryimage"},"thumbnailUrl":"https:\/\/xenonkungen.com\/wp-content\/uploads\/2025\/04\/81STIM-800x800-1-1.jpg","datePublished":"2025-04-15T10:07:05+00:00","dateModified":"2026-04-10T23:55:19+00:00","breadcrumb":{"@id":"https:\/\/xenonkungen.com\/no\/produkt\/baklyskombinasjon-81stim-12-24v-81x81mm\/#breadcrumb"},"inLanguage":"nb-NO","potentialAction":[{"@type":"ReadAction","target":["https:\/\/xenonkungen.com\/no\/produkt\/baklyskombinasjon-81stim-12-24v-81x81mm\/"]}]},{"@type":"ImageObject","inLanguage":"nb-NO","@id":"https:\/\/xenonkungen.com\/no\/produkt\/baklyskombinasjon-81stim-12-24v-81x81mm\/#primaryimage","url":"https:\/\/xenonkungen.com\/wp-content\/uploads\/2025\/04\/81STIM-800x800-1-1.jpg","contentUrl":"https:\/\/xenonkungen.com\/wp-content\/uploads\/2025\/04\/81STIM-800x800-1-1.jpg","width":800,"height":800},{"@type":"BreadcrumbList","@id":"https:\/\/xenonkungen.com\/no\/produkt\/baklyskombinasjon-81stim-12-24v-81x81mm\/#breadcrumb","itemListElement":[{"@type":"ListItem","position":1,"name":"Hem","item":"https:\/\/xenonkungen.com\/"},{"@type":"ListItem","position":2,"name":"Shop","item":"https:\/\/xenonkungen.com\/shop\/"},{"@type":"ListItem","position":3,"name":"Baklampa Kombi 81STIM &#8211; 12\/24V (81x81mm)"}]},{"@type":"WebSite","@id":"https:\/\/xenonkungen.com\/#website","url":"https:\/\/xenonkungen.com\/","name":"Xenonkungen","description":"","potentialAction":[{"@type":"SearchAction","target":{"@type":"EntryPoint","urlTemplate":"https:\/\/xenonkungen.com\/?s={search_term_string}"},"query-input":{"@type":"PropertyValueSpecification","valueRequired":true,"valueName":"search_term_string"}}],"inLanguage":"nb-NO"}]}},"taxonomy_info":{"anvandningsomrade":[{"value":166,"label":"Lastbil"},{"value":238,"label":"SL\u00c4P"},{"value":2816,"label":"TRAILER"}],"product_brand":[{"value":1252,"label":"LEA"}],"product_cat":[{"value":2552,"label":"Bakljus"}],"pa_fuktskydd-varde-ipxx":[{"value":333,"label":"IP67"}],"pa_godkannande":[{"value":2084,"label":"ECE, R10, R6, R7"}],"pa_storlek-mm":[{"value":2075,"label":"81x81x20"}],"pa_volt-v":[{"value":348,"label":"12, 24"}]},"featured_image_src_large":["https:\/\/xenonkungen.com\/wp-content\/uploads\/2025\/04\/81STIM-800x800-1-1.jpg",800,800,false],"author_info":[],"comment_info":0,"_links":{"self":[{"href":"https:\/\/xenonkungen.com\/no\/wp-json\/wp\/v2\/product\/8491","targetHints":{"allow":["GET"]}}],"collection":[{"href":"https:\/\/xenonkungen.com\/no\/wp-json\/wp\/v2\/product"}],"about":[{"href":"https:\/\/xenonkungen.com\/no\/wp-json\/wp\/v2\/types\/product"}],"replies":[{"embeddable":true,"href":"https:\/\/xenonkungen.com\/no\/wp-json\/wp\/v2\/comments?post=8491"}],"wp:featuredmedia":[{"embeddable":true,"href":"https:\/\/xenonkungen.com\/no\/wp-json\/wp\/v2\/media\/8492"}],"wp:attachment":[{"href":"https:\/\/xenonkungen.com\/no\/wp-json\/wp\/v2\/media?parent=8491"}],"wp:term":[{"taxonomy":"anvandningsomrade","embeddable":true,"href":"https:\/\/xenonkungen.com\/no\/wp-json\/wp\/v2\/anvandningsomrade?post=8491"},{"taxonomy":"bilmarken","embeddable":true,"href":"https:\/\/xenonkungen.com\/no\/wp-json\/wp\/v2\/bilmarken?post=8491"},{"taxonomy":"product_brand","embeddable":true,"href":"https:\/\/xenonkungen.com\/no\/wp-json\/wp\/v2\/product_brand?post=8491"},{"taxonomy":"product_cat","embeddable":true,"href":"https:\/\/xenonkungen.com\/no\/wp-json\/wp\/v2\/product_cat?post=8491"},{"taxonomy":"product_tag","embeddable":true,"href":"https:\/\/xenonkungen.com\/no\/wp-json\/wp\/v2\/product_tag?post=8491"}],"curies":[{"name":"wp","href":"https:\/\/api.w.org\/{rel}","templated":true}]}}