{"id":8534,"date":"2025-04-15T10:07:35","date_gmt":"2025-04-15T10:07:35","guid":{"rendered":"https:\/\/xenonkungen.com\/product\/blinkerslampa-95mm-orange\/"},"modified":"2026-04-11T00:55:55","modified_gmt":"2026-04-10T23:55:55","slug":"blinklyslampe-95-mm-oransje","status":"publish","type":"product","link":"https:\/\/xenonkungen.com\/no\/produkt\/blinklyslampe-95-mm-oransje\/","title":{"rendered":"Blinklys 95mm | Oransje"},"content":{"rendered":"<h1>Forbedre trafikksikkerheten med LED-baklys 95AM Amber<\/h1>\n<p>Innf\u00f8r den nyeste teknologien i bilen din med v\u00e5re LED-baklykter som er utstyrt med en oransjegul blinklysfunksjon med h\u00f8y ytelse. Denne avanserte belysningsl\u00f8sningen er ikke bare i\u00f8ynefallende, men ogs\u00e5 skreddersydd for \u00e5 \u00f8ke sikkerheten gjennom bedre synlighet og klarhet i trafikken.<\/p>\n<h2>N\u00f8kkelfunksjoner:<\/h2>\n<ul>\n<li><strong>Oransjegul blinklysfunksjon:<\/strong> Gir et tydelig signal til andre trafikanter, noe som reduserer risikoen for ulykker.<\/li>\n<li><strong>LED-teknologi:<\/strong> Overlegen ytelse med lang levetid og energieffektivitet.<\/li>\n<li><strong>Moderne design:<\/strong> Kombinerer funksjonalitet med et estetisk utseende som utfyller kj\u00f8ret\u00f8yets design.<\/li>\n<li><strong>Internasjonale sikkerhetsstandarder:<\/strong> Oppfyller strenge sikkerhetskrav for \u00e5 forbedre trafikksikkerheten.<\/li>\n<\/ul>\n<p>Ved \u00e5 montere LED-baklys med oransjegul blinklys 95AM Amber tar du et skritt i retning av \u00f8kt sikkerhet og synlighet p\u00e5 veien. Denne moderne og teknologisk avanserte l\u00f8sningen er ideell for alle som setter pris p\u00e5 b\u00e5de funksjon og form i bilen sin.<\/p>","protected":false},"excerpt":{"rendered":"<p>F\u00f6rb\u00e4ttra Trafiks\u00e4kerheten med LED Baklampa 95AM Amber Inf\u00f6r den senaste teknologin i ditt fordon med v\u00e5r LED baklampa utrustad med en h\u00f6gpresterande orangegul blinkersfunktion. Denna avancerade belysningsl\u00f6sning \u00e4r inte bara i\u00f6gonfallande utan ocks\u00e5 anpassad f\u00f6r att \u00f6ka s\u00e4kerheten genom b\u00e4ttre synlighet och tydlighet i trafiken. Viktiga Egenskaper: Orangegul Blinkersfunktion: Ger en klar och tydlig signal [&hellip;]<\/p>","protected":false},"featured_media":8535,"comment_status":"closed","ping_status":"open","template":"","meta":{"_acf_changed":false,"_smort_price_nok":"475","_smort_price_dkk":"302","_smort_price_eur":"40.45","_smort_sale_price_nok":"","_smort_sale_price_dkk":"","_smort_sale_price_eur":"","smort_restorder":"","shipmondo_restorder":"","_kad_blocks_custom_css":"","_kad_blocks_head_custom_js":"","_kad_blocks_body_custom_js":"","_kad_blocks_footer_custom_js":"","smort_custom_pricelist_1":"284.8","smort_custom_pricelist_2":"249.2","smort_custom_pricelist_3":"231.4","smort_custom_pricelist_4":"356","smort_custom_pricelist_5":"249.2"},"anvandningsomrade":[166,238,2816],"bilmarken":[],"product_brand":[1252],"product_cat":[2582],"product_tag":[],"class_list":{"0":"post-8534","1":"product","2":"type-product","3":"status-publish","4":"has-post-thumbnail","6":"anvandningsomrade-lastbil","7":"anvandningsomrade-slap","8":"anvandningsomrade-trailer","9":"product_brand-lea","10":"product_cat-blinkers-slap","11":"pa_fuktskydd-varde-ipxx-ip67","12":"pa_godkannande-ece-emc","13":"pa_storlek-mm-95x18","14":"pa_stromforbrukning-009a-28v","15":"pa_stromforbrukning-015a-138v","16":"pa_volt-v-12-24","18":"first","19":"onbackorder","20":"taxable","21":"shipping-taxable","22":"purchasable","23":"product-type-simple"},"bundled_by":[],"bundle_stock_status":"onbackorder","bundle_stock_quantity":0,"bundle_virtual":false,"bundle_layout":"","bundle_add_to_cart_form_location":"","bundle_editable_in_cart":false,"bundle_sold_individually_context":"","bundle_item_grouping":"","bundle_min_size":"","bundle_max_size":"","bundle_price":[],"bundled_items":[],"bundle_sell_ids":[],"acf":[],"yoast_head":"<!-- This site is optimized with the Yoast SEO plugin v27.0 - https:\/\/yoast.com\/product\/yoast-seo-wordpress\/ -->\n<title>Blinkerslampa 95mm | Orange - Xenonkungen<\/title>\n<meta name=\"robots\" content=\"index, follow, max-snippet:-1, max-image-preview:large, max-video-preview:-1\" \/>\n<link rel=\"canonical\" href=\"https:\/\/xenonkungen.com\/no\/produkt\/blinklyslampe-95-mm-oransje\/\" \/>\n<meta property=\"og:locale\" content=\"nb_NO\" \/>\n<meta property=\"og:type\" content=\"article\" \/>\n<meta property=\"og:title\" content=\"Blinkerslampa 95mm | Orange - Xenonkungen\" \/>\n<meta property=\"og:description\" content=\"F\u00f6rb\u00e4ttra Trafiks\u00e4kerheten med LED Baklampa 95AM Amber Inf\u00f6r den senaste teknologin i ditt fordon med v\u00e5r LED baklampa utrustad med en h\u00f6gpresterande orangegul blinkersfunktion. Denna avancerade belysningsl\u00f6sning \u00e4r inte bara i\u00f6gonfallande utan ocks\u00e5 anpassad f\u00f6r att \u00f6ka s\u00e4kerheten genom b\u00e4ttre synlighet och tydlighet i trafiken. Viktiga Egenskaper: Orangegul Blinkersfunktion: Ger en klar och tydlig signal [&hellip;]\" \/>\n<meta property=\"og:url\" content=\"https:\/\/xenonkungen.com\/no\/produkt\/blinklyslampe-95-mm-oransje\/\" \/>\n<meta property=\"og:site_name\" content=\"Xenonkungen\" \/>\n<meta property=\"article:modified_time\" content=\"2026-04-10T23:55:55+00:00\" \/>\n<meta property=\"og:image\" content=\"https:\/\/xenonkungen.com\/wp-content\/uploads\/2025\/04\/16129289-origpic-0cff60.jpg\" \/>\n\t<meta property=\"og:image:width\" content=\"600\" \/>\n\t<meta property=\"og:image:height\" content=\"600\" \/>\n\t<meta property=\"og:image:type\" content=\"image\/jpeg\" \/>\n<meta name=\"twitter:card\" content=\"summary_large_image\" \/>\n<meta name=\"twitter:label1\" content=\"Ansl. lesetid\" \/>\n\t<meta name=\"twitter:data1\" content=\"1 minutt\" \/>\n<script type=\"application\/ld+json\" class=\"yoast-schema-graph\">{\"@context\":\"https:\/\/schema.org\",\"@graph\":[{\"@type\":\"WebPage\",\"@id\":\"https:\/\/xenonkungen.com\/no\/produkt\/blinklyslampe-95-mm-oransje\/\",\"url\":\"https:\/\/xenonkungen.com\/no\/produkt\/blinklyslampe-95-mm-oransje\/\",\"name\":\"Blinkerslampa 95mm | Orange - Xenonkungen\",\"isPartOf\":{\"@id\":\"https:\/\/xenonkungen.com\/#website\"},\"primaryImageOfPage\":{\"@id\":\"https:\/\/xenonkungen.com\/no\/produkt\/blinklyslampe-95-mm-oransje\/#primaryimage\"},\"image\":{\"@id\":\"https:\/\/xenonkungen.com\/no\/produkt\/blinklyslampe-95-mm-oransje\/#primaryimage\"},\"thumbnailUrl\":\"https:\/\/xenonkungen.com\/wp-content\/uploads\/2025\/04\/16129289-origpic-0cff60.jpg\",\"datePublished\":\"2025-04-15T10:07:35+00:00\",\"dateModified\":\"2026-04-10T23:55:55+00:00\",\"breadcrumb\":{\"@id\":\"https:\/\/xenonkungen.com\/no\/produkt\/blinklyslampe-95-mm-oransje\/#breadcrumb\"},\"inLanguage\":\"nb-NO\",\"potentialAction\":[{\"@type\":\"ReadAction\",\"target\":[\"https:\/\/xenonkungen.com\/no\/produkt\/blinklyslampe-95-mm-oransje\/\"]}]},{\"@type\":\"ImageObject\",\"inLanguage\":\"nb-NO\",\"@id\":\"https:\/\/xenonkungen.com\/no\/produkt\/blinklyslampe-95-mm-oransje\/#primaryimage\",\"url\":\"https:\/\/xenonkungen.com\/wp-content\/uploads\/2025\/04\/16129289-origpic-0cff60.jpg\",\"contentUrl\":\"https:\/\/xenonkungen.com\/wp-content\/uploads\/2025\/04\/16129289-origpic-0cff60.jpg\",\"width\":600,\"height\":600},{\"@type\":\"BreadcrumbList\",\"@id\":\"https:\/\/xenonkungen.com\/no\/produkt\/blinklyslampe-95-mm-oransje\/#breadcrumb\",\"itemListElement\":[{\"@type\":\"ListItem\",\"position\":1,\"name\":\"Hem\",\"item\":\"https:\/\/xenonkungen.com\/\"},{\"@type\":\"ListItem\",\"position\":2,\"name\":\"Shop\",\"item\":\"https:\/\/xenonkungen.com\/shop\/\"},{\"@type\":\"ListItem\",\"position\":3,\"name\":\"Blinkerslampa 95mm | Orange\"}]},{\"@type\":\"WebSite\",\"@id\":\"https:\/\/xenonkungen.com\/#website\",\"url\":\"https:\/\/xenonkungen.com\/\",\"name\":\"Xenonkungen\",\"description\":\"\",\"potentialAction\":[{\"@type\":\"SearchAction\",\"target\":{\"@type\":\"EntryPoint\",\"urlTemplate\":\"https:\/\/xenonkungen.com\/?s={search_term_string}\"},\"query-input\":{\"@type\":\"PropertyValueSpecification\",\"valueRequired\":true,\"valueName\":\"search_term_string\"}}],\"inLanguage\":\"nb-NO\"}]}<\/script>\n<!-- \/ Yoast SEO plugin. -->","yoast_head_json":{"title":"Blinklyslampe 95 mm | Oransje - Xenon-kongen","robots":{"index":"index","follow":"follow","max-snippet":"max-snippet:-1","max-image-preview":"max-image-preview:large","max-video-preview":"max-video-preview:-1"},"canonical":"https:\/\/xenonkungen.com\/no\/produkt\/blinklyslampe-95-mm-oransje\/","og_locale":"nb_NO","og_type":"article","og_title":"Blinkerslampa 95mm | Orange - Xenonkungen","og_description":"F\u00f6rb\u00e4ttra Trafiks\u00e4kerheten med LED Baklampa 95AM Amber Inf\u00f6r den senaste teknologin i ditt fordon med v\u00e5r LED baklampa utrustad med en h\u00f6gpresterande orangegul blinkersfunktion. Denna avancerade belysningsl\u00f6sning \u00e4r inte bara i\u00f6gonfallande utan ocks\u00e5 anpassad f\u00f6r att \u00f6ka s\u00e4kerheten genom b\u00e4ttre synlighet och tydlighet i trafiken. Viktiga Egenskaper: Orangegul Blinkersfunktion: Ger en klar och tydlig signal [&hellip;]","og_url":"https:\/\/xenonkungen.com\/no\/produkt\/blinklyslampe-95-mm-oransje\/","og_site_name":"Xenonkungen","article_modified_time":"2026-04-10T23:55:55+00:00","og_image":[{"width":600,"height":600,"url":"https:\/\/xenonkungen.com\/wp-content\/uploads\/2025\/04\/16129289-origpic-0cff60.jpg","type":"image\/jpeg"}],"twitter_card":"summary_large_image","twitter_misc":{"Ansl. lesetid":"1 minutt"},"schema":{"@context":"https:\/\/schema.org","@graph":[{"@type":"WebPage","@id":"https:\/\/xenonkungen.com\/no\/produkt\/blinklyslampe-95-mm-oransje\/","url":"https:\/\/xenonkungen.com\/no\/produkt\/blinklyslampe-95-mm-oransje\/","name":"Blinklyslampe 95 mm | Oransje - Xenon-kongen","isPartOf":{"@id":"https:\/\/xenonkungen.com\/#website"},"primaryImageOfPage":{"@id":"https:\/\/xenonkungen.com\/no\/produkt\/blinklyslampe-95-mm-oransje\/#primaryimage"},"image":{"@id":"https:\/\/xenonkungen.com\/no\/produkt\/blinklyslampe-95-mm-oransje\/#primaryimage"},"thumbnailUrl":"https:\/\/xenonkungen.com\/wp-content\/uploads\/2025\/04\/16129289-origpic-0cff60.jpg","datePublished":"2025-04-15T10:07:35+00:00","dateModified":"2026-04-10T23:55:55+00:00","breadcrumb":{"@id":"https:\/\/xenonkungen.com\/no\/produkt\/blinklyslampe-95-mm-oransje\/#breadcrumb"},"inLanguage":"nb-NO","potentialAction":[{"@type":"ReadAction","target":["https:\/\/xenonkungen.com\/no\/produkt\/blinklyslampe-95-mm-oransje\/"]}]},{"@type":"ImageObject","inLanguage":"nb-NO","@id":"https:\/\/xenonkungen.com\/no\/produkt\/blinklyslampe-95-mm-oransje\/#primaryimage","url":"https:\/\/xenonkungen.com\/wp-content\/uploads\/2025\/04\/16129289-origpic-0cff60.jpg","contentUrl":"https:\/\/xenonkungen.com\/wp-content\/uploads\/2025\/04\/16129289-origpic-0cff60.jpg","width":600,"height":600},{"@type":"BreadcrumbList","@id":"https:\/\/xenonkungen.com\/no\/produkt\/blinklyslampe-95-mm-oransje\/#breadcrumb","itemListElement":[{"@type":"ListItem","position":1,"name":"Hem","item":"https:\/\/xenonkungen.com\/"},{"@type":"ListItem","position":2,"name":"Shop","item":"https:\/\/xenonkungen.com\/shop\/"},{"@type":"ListItem","position":3,"name":"Blinkerslampa 95mm | Orange"}]},{"@type":"WebSite","@id":"https:\/\/xenonkungen.com\/#website","url":"https:\/\/xenonkungen.com\/","name":"Xenonkungen","description":"","potentialAction":[{"@type":"SearchAction","target":{"@type":"EntryPoint","urlTemplate":"https:\/\/xenonkungen.com\/?s={search_term_string}"},"query-input":{"@type":"PropertyValueSpecification","valueRequired":true,"valueName":"search_term_string"}}],"inLanguage":"nb-NO"}]}},"taxonomy_info":{"anvandningsomrade":[{"value":166,"label":"Lastbil"},{"value":238,"label":"SL\u00c4P"},{"value":2816,"label":"TRAILER"}],"product_brand":[{"value":1252,"label":"LEA"}],"product_cat":[{"value":2582,"label":"Blinkers"}],"pa_fuktskydd-varde-ipxx":[{"value":333,"label":"IP67"}],"pa_godkannande":[{"value":1262,"label":"ECE, EMC"}],"pa_storlek-mm":[{"value":2098,"label":"95x18"}],"pa_stromforbrukning":[{"value":2099,"label":"0,09A @28V"},{"value":2058,"label":"0,15A @13,8V"}],"pa_volt-v":[{"value":348,"label":"12, 24"}]},"featured_image_src_large":["https:\/\/xenonkungen.com\/wp-content\/uploads\/2025\/04\/16129289-origpic-0cff60.jpg",600,600,false],"author_info":[],"comment_info":0,"_links":{"self":[{"href":"https:\/\/xenonkungen.com\/no\/wp-json\/wp\/v2\/product\/8534","targetHints":{"allow":["GET"]}}],"collection":[{"href":"https:\/\/xenonkungen.com\/no\/wp-json\/wp\/v2\/product"}],"about":[{"href":"https:\/\/xenonkungen.com\/no\/wp-json\/wp\/v2\/types\/product"}],"replies":[{"embeddable":true,"href":"https:\/\/xenonkungen.com\/no\/wp-json\/wp\/v2\/comments?post=8534"}],"wp:featuredmedia":[{"embeddable":true,"href":"https:\/\/xenonkungen.com\/no\/wp-json\/wp\/v2\/media\/8535"}],"wp:attachment":[{"href":"https:\/\/xenonkungen.com\/no\/wp-json\/wp\/v2\/media?parent=8534"}],"wp:term":[{"taxonomy":"anvandningsomrade","embeddable":true,"href":"https:\/\/xenonkungen.com\/no\/wp-json\/wp\/v2\/anvandningsomrade?post=8534"},{"taxonomy":"bilmarken","embeddable":true,"href":"https:\/\/xenonkungen.com\/no\/wp-json\/wp\/v2\/bilmarken?post=8534"},{"taxonomy":"product_brand","embeddable":true,"href":"https:\/\/xenonkungen.com\/no\/wp-json\/wp\/v2\/product_brand?post=8534"},{"taxonomy":"product_cat","embeddable":true,"href":"https:\/\/xenonkungen.com\/no\/wp-json\/wp\/v2\/product_cat?post=8534"},{"taxonomy":"product_tag","embeddable":true,"href":"https:\/\/xenonkungen.com\/no\/wp-json\/wp\/v2\/product_tag?post=8534"}],"curies":[{"name":"wp","href":"https:\/\/api.w.org\/{rel}","templated":true}]}}