{"id":8538,"date":"2025-04-15T10:07:35","date_gmt":"2025-04-15T10:07:35","guid":{"rendered":"https:\/\/xenonkungen.com\/product\/lampsarg-100mm-95-serie\/"},"modified":"2026-04-11T00:55:57","modified_gmt":"2026-04-10T23:55:57","slug":"lamperamme-100-mm-95-serien","status":"publish","type":"product","link":"https:\/\/xenonkungen.com\/no\/produkt\/lamperamme-100-mm-95-serien\/","title":{"rendered":"Lampesk\u00e6r 100 mm | 95-serien"},"content":{"rendered":"<h1>Forbedre baklyktene i 95-serien med slagfast, svart ABS-lampehus<\/h1>\n<p>Oppgrader og beskytt baklysene p\u00e5 din 95-serie med v\u00e5r h\u00f8ykvalitets lykteskjerm i slagfast, svart ABS-plast. Denne lyktestangen er designet for \u00e5 gi overlegen beskyttelse og et stilig utseende, og er det perfekte valget for \u00e5 sikre langvarig ytelse og estetisk harmoni p\u00e5 bilen din.<\/p>\n<h2>N\u00f8kkelfunksjoner:<\/h2>\n<ul>\n<li><strong>Slagfast materiale:<\/strong> Den er laget av ABS-plast av h\u00f8y kvalitet og gir eksepsjonell beskyttelse mot st\u00f8t og v\u00e6r.<\/li>\n<li><strong>Stilig design:<\/strong> Den svarte finishen fremhever kj\u00f8ret\u00f8yets estetikk og passer s\u00f8ml\u00f8st inn i ulike kj\u00f8ret\u00f8ydesign.<\/li>\n<li><strong>Enkel monteringsprosess:<\/strong> Designet for en problemfri installasjon som ikke krever avanserte verkt\u00f8y eller kompliserte prosedyrer.<\/li>\n<li><strong>Kompatibilitet:<\/strong> Perfekt tilpasset alle baklykter i 95-serien, noe som sikrer optimal passform og funksjon.<\/li>\n<\/ul>\n<p>Med v\u00e5r slagfaste, svarte ABS-lysb\u00f8yle f\u00e5r baklyktene dine ikke bare forsterket beskyttelse, men ogs\u00e5 en oppgradering av utseendet som forbedrer bilens generelle utseende. Invester i en langsiktig l\u00f8sning for \u00e5 beskytte og forskj\u00f8nne baklysene i 95-serien.<\/p>","protected":false},"excerpt":{"rendered":"<p>F\u00f6rst\u00e4rk dina 95-serie Baklampor med Slagt\u00e5lig Lampsarg i Svart ABS Uppgradera och skydda dina 95-serie baklampor med v\u00e5r h\u00f6gkvalitativa lampsarg tillverkad i slagt\u00e5lig svart ABS-plast. Designad f\u00f6r att erbjuda \u00f6verl\u00e4gsen skydd och ett stilrent utseende, \u00e4r denna lampsarg det perfekta valet f\u00f6r att s\u00e4kerst\u00e4lla l\u00e5ngvarig prestanda och estetisk harmoni p\u00e5 ditt fordon. Viktiga Egenskaper: Slagt\u00e5ligt [&hellip;]<\/p>","protected":false},"featured_media":8539,"comment_status":"closed","ping_status":"open","template":"","meta":{"_acf_changed":false,"_smort_price_nok":"53","_smort_price_dkk":"34","_smort_price_eur":"4.55","_smort_sale_price_nok":"","_smort_sale_price_dkk":"","_smort_sale_price_eur":"","smort_restorder":"","shipmondo_restorder":"","_kad_blocks_custom_css":"","_kad_blocks_head_custom_js":"","_kad_blocks_body_custom_js":"","_kad_blocks_footer_custom_js":"","smort_custom_pricelist_1":"28","smort_custom_pricelist_2":"28","smort_custom_pricelist_3":"26.6","smort_custom_pricelist_4":"40","smort_custom_pricelist_5":"28"},"anvandningsomrade":[166,238,2816],"bilmarken":[],"product_brand":[1252],"product_cat":[2583],"product_tag":[],"class_list":{"0":"post-8538","1":"product","2":"type-product","3":"status-publish","4":"has-post-thumbnail","6":"anvandningsomrade-lastbil","7":"anvandningsomrade-slap","8":"anvandningsomrade-trailer","9":"product_brand-lea","10":"product_cat-lampsarg-slap","12":"first","13":"instock","14":"taxable","15":"shipping-taxable","16":"purchasable","17":"product-type-simple"},"bundled_by":[],"bundle_stock_status":"instock","bundle_stock_quantity":2,"bundle_virtual":false,"bundle_layout":"","bundle_add_to_cart_form_location":"","bundle_editable_in_cart":false,"bundle_sold_individually_context":"","bundle_item_grouping":"","bundle_min_size":"","bundle_max_size":"","bundle_price":[],"bundled_items":[],"bundle_sell_ids":[],"acf":[],"yoast_head":"<!-- This site is optimized with the Yoast SEO plugin v27.0 - https:\/\/yoast.com\/product\/yoast-seo-wordpress\/ -->\n<title>Lampsarg 100mm | 95-serie - Xenonkungen<\/title>\n<meta name=\"robots\" content=\"index, follow, max-snippet:-1, max-image-preview:large, max-video-preview:-1\" \/>\n<link rel=\"canonical\" href=\"https:\/\/xenonkungen.com\/no\/produkt\/lamperamme-100-mm-95-serien\/\" \/>\n<meta property=\"og:locale\" content=\"nb_NO\" \/>\n<meta property=\"og:type\" content=\"article\" \/>\n<meta property=\"og:title\" content=\"Lampsarg 100mm | 95-serie - Xenonkungen\" \/>\n<meta property=\"og:description\" content=\"F\u00f6rst\u00e4rk dina 95-serie Baklampor med Slagt\u00e5lig Lampsarg i Svart ABS Uppgradera och skydda dina 95-serie baklampor med v\u00e5r h\u00f6gkvalitativa lampsarg tillverkad i slagt\u00e5lig svart ABS-plast. Designad f\u00f6r att erbjuda \u00f6verl\u00e4gsen skydd och ett stilrent utseende, \u00e4r denna lampsarg det perfekta valet f\u00f6r att s\u00e4kerst\u00e4lla l\u00e5ngvarig prestanda och estetisk harmoni p\u00e5 ditt fordon. Viktiga Egenskaper: Slagt\u00e5ligt [&hellip;]\" \/>\n<meta property=\"og:url\" content=\"https:\/\/xenonkungen.com\/no\/produkt\/lamperamme-100-mm-95-serien\/\" \/>\n<meta property=\"og:site_name\" content=\"Xenonkungen\" \/>\n<meta property=\"article:modified_time\" content=\"2026-04-10T23:55:57+00:00\" \/>\n<meta property=\"og:image\" content=\"https:\/\/xenonkungen.com\/wp-content\/uploads\/2025\/04\/16129441-origpic-4c23bc.jpg\" \/>\n\t<meta property=\"og:image:width\" content=\"600\" \/>\n\t<meta property=\"og:image:height\" content=\"600\" \/>\n\t<meta property=\"og:image:type\" content=\"image\/jpeg\" \/>\n<meta name=\"twitter:card\" content=\"summary_large_image\" \/>\n<meta name=\"twitter:label1\" content=\"Ansl. lesetid\" \/>\n\t<meta name=\"twitter:data1\" content=\"1 minutt\" \/>\n<script type=\"application\/ld+json\" class=\"yoast-schema-graph\">{\"@context\":\"https:\/\/schema.org\",\"@graph\":[{\"@type\":\"WebPage\",\"@id\":\"https:\/\/xenonkungen.com\/dk\/vare\/lampsarg-100mm-95-serie\/\",\"url\":\"https:\/\/xenonkungen.com\/dk\/vare\/lampsarg-100mm-95-serie\/\",\"name\":\"Lampsarg 100mm | 95-serie - Xenonkungen\",\"isPartOf\":{\"@id\":\"https:\/\/xenonkungen.com\/#website\"},\"primaryImageOfPage\":{\"@id\":\"https:\/\/xenonkungen.com\/dk\/vare\/lampsarg-100mm-95-serie\/#primaryimage\"},\"image\":{\"@id\":\"https:\/\/xenonkungen.com\/dk\/vare\/lampsarg-100mm-95-serie\/#primaryimage\"},\"thumbnailUrl\":\"https:\/\/xenonkungen.com\/wp-content\/uploads\/2025\/04\/16129441-origpic-4c23bc.jpg\",\"datePublished\":\"2025-04-15T10:07:35+00:00\",\"dateModified\":\"2026-04-10T23:55:57+00:00\",\"breadcrumb\":{\"@id\":\"https:\/\/xenonkungen.com\/dk\/vare\/lampsarg-100mm-95-serie\/#breadcrumb\"},\"inLanguage\":\"nb-NO\",\"potentialAction\":[{\"@type\":\"ReadAction\",\"target\":[\"https:\/\/xenonkungen.com\/dk\/vare\/lampsarg-100mm-95-serie\/\"]}]},{\"@type\":\"ImageObject\",\"inLanguage\":\"nb-NO\",\"@id\":\"https:\/\/xenonkungen.com\/dk\/vare\/lampsarg-100mm-95-serie\/#primaryimage\",\"url\":\"https:\/\/xenonkungen.com\/wp-content\/uploads\/2025\/04\/16129441-origpic-4c23bc.jpg\",\"contentUrl\":\"https:\/\/xenonkungen.com\/wp-content\/uploads\/2025\/04\/16129441-origpic-4c23bc.jpg\",\"width\":600,\"height\":600},{\"@type\":\"BreadcrumbList\",\"@id\":\"https:\/\/xenonkungen.com\/dk\/vare\/lampsarg-100mm-95-serie\/#breadcrumb\",\"itemListElement\":[{\"@type\":\"ListItem\",\"position\":1,\"name\":\"Hem\",\"item\":\"https:\/\/xenonkungen.com\/\"},{\"@type\":\"ListItem\",\"position\":2,\"name\":\"Shop\",\"item\":\"https:\/\/xenonkungen.com\/shop\/\"},{\"@type\":\"ListItem\",\"position\":3,\"name\":\"Lampsarg 100mm | 95-serie\"}]},{\"@type\":\"WebSite\",\"@id\":\"https:\/\/xenonkungen.com\/#website\",\"url\":\"https:\/\/xenonkungen.com\/\",\"name\":\"Xenonkungen\",\"description\":\"\",\"potentialAction\":[{\"@type\":\"SearchAction\",\"target\":{\"@type\":\"EntryPoint\",\"urlTemplate\":\"https:\/\/xenonkungen.com\/?s={search_term_string}\"},\"query-input\":{\"@type\":\"PropertyValueSpecification\",\"valueRequired\":true,\"valueName\":\"search_term_string\"}}],\"inLanguage\":\"nb-NO\"}]}<\/script>\n<!-- \/ Yoast SEO plugin. -->","yoast_head_json":{"title":"Lampekant 100 mm | 95-serien - Xenon-kongen","robots":{"index":"index","follow":"follow","max-snippet":"max-snippet:-1","max-image-preview":"max-image-preview:large","max-video-preview":"max-video-preview:-1"},"canonical":"https:\/\/xenonkungen.com\/no\/produkt\/lamperamme-100-mm-95-serien\/","og_locale":"nb_NO","og_type":"article","og_title":"Lampsarg 100mm | 95-serie - Xenonkungen","og_description":"F\u00f6rst\u00e4rk dina 95-serie Baklampor med Slagt\u00e5lig Lampsarg i Svart ABS Uppgradera och skydda dina 95-serie baklampor med v\u00e5r h\u00f6gkvalitativa lampsarg tillverkad i slagt\u00e5lig svart ABS-plast. Designad f\u00f6r att erbjuda \u00f6verl\u00e4gsen skydd och ett stilrent utseende, \u00e4r denna lampsarg det perfekta valet f\u00f6r att s\u00e4kerst\u00e4lla l\u00e5ngvarig prestanda och estetisk harmoni p\u00e5 ditt fordon. Viktiga Egenskaper: Slagt\u00e5ligt [&hellip;]","og_url":"https:\/\/xenonkungen.com\/no\/produkt\/lamperamme-100-mm-95-serien\/","og_site_name":"Xenonkungen","article_modified_time":"2026-04-10T23:55:57+00:00","og_image":[{"width":600,"height":600,"url":"https:\/\/xenonkungen.com\/wp-content\/uploads\/2025\/04\/16129441-origpic-4c23bc.jpg","type":"image\/jpeg"}],"twitter_card":"summary_large_image","twitter_misc":{"Ansl. lesetid":"1 minutt"},"schema":{"@context":"https:\/\/schema.org","@graph":[{"@type":"WebPage","@id":"https:\/\/xenonkungen.com\/dk\/vare\/lampsarg-100mm-95-serie\/","url":"https:\/\/xenonkungen.com\/dk\/vare\/lampsarg-100mm-95-serie\/","name":"Lampekant 100 mm | 95-serien - Xenon-kongen","isPartOf":{"@id":"https:\/\/xenonkungen.com\/#website"},"primaryImageOfPage":{"@id":"https:\/\/xenonkungen.com\/dk\/vare\/lampsarg-100mm-95-serie\/#primaryimage"},"image":{"@id":"https:\/\/xenonkungen.com\/dk\/vare\/lampsarg-100mm-95-serie\/#primaryimage"},"thumbnailUrl":"https:\/\/xenonkungen.com\/wp-content\/uploads\/2025\/04\/16129441-origpic-4c23bc.jpg","datePublished":"2025-04-15T10:07:35+00:00","dateModified":"2026-04-10T23:55:57+00:00","breadcrumb":{"@id":"https:\/\/xenonkungen.com\/dk\/vare\/lampsarg-100mm-95-serie\/#breadcrumb"},"inLanguage":"nb-NO","potentialAction":[{"@type":"ReadAction","target":["https:\/\/xenonkungen.com\/dk\/vare\/lampsarg-100mm-95-serie\/"]}]},{"@type":"ImageObject","inLanguage":"nb-NO","@id":"https:\/\/xenonkungen.com\/dk\/vare\/lampsarg-100mm-95-serie\/#primaryimage","url":"https:\/\/xenonkungen.com\/wp-content\/uploads\/2025\/04\/16129441-origpic-4c23bc.jpg","contentUrl":"https:\/\/xenonkungen.com\/wp-content\/uploads\/2025\/04\/16129441-origpic-4c23bc.jpg","width":600,"height":600},{"@type":"BreadcrumbList","@id":"https:\/\/xenonkungen.com\/dk\/vare\/lampsarg-100mm-95-serie\/#breadcrumb","itemListElement":[{"@type":"ListItem","position":1,"name":"Hem","item":"https:\/\/xenonkungen.com\/"},{"@type":"ListItem","position":2,"name":"Shop","item":"https:\/\/xenonkungen.com\/shop\/"},{"@type":"ListItem","position":3,"name":"Lampsarg 100mm | 95-serie"}]},{"@type":"WebSite","@id":"https:\/\/xenonkungen.com\/#website","url":"https:\/\/xenonkungen.com\/","name":"Xenonkungen","description":"","potentialAction":[{"@type":"SearchAction","target":{"@type":"EntryPoint","urlTemplate":"https:\/\/xenonkungen.com\/?s={search_term_string}"},"query-input":{"@type":"PropertyValueSpecification","valueRequired":true,"valueName":"search_term_string"}}],"inLanguage":"nb-NO"}]}},"taxonomy_info":{"anvandningsomrade":[{"value":166,"label":"Lastbil"},{"value":238,"label":"SL\u00c4P"},{"value":2816,"label":"TRAILER"}],"product_brand":[{"value":1252,"label":"LEA"}],"product_cat":[{"value":2583,"label":"Lampsarg"}]},"featured_image_src_large":["https:\/\/xenonkungen.com\/wp-content\/uploads\/2025\/04\/16129441-origpic-4c23bc.jpg",600,600,false],"author_info":[],"comment_info":0,"_links":{"self":[{"href":"https:\/\/xenonkungen.com\/no\/wp-json\/wp\/v2\/product\/8538","targetHints":{"allow":["GET"]}}],"collection":[{"href":"https:\/\/xenonkungen.com\/no\/wp-json\/wp\/v2\/product"}],"about":[{"href":"https:\/\/xenonkungen.com\/no\/wp-json\/wp\/v2\/types\/product"}],"replies":[{"embeddable":true,"href":"https:\/\/xenonkungen.com\/no\/wp-json\/wp\/v2\/comments?post=8538"}],"wp:featuredmedia":[{"embeddable":true,"href":"https:\/\/xenonkungen.com\/no\/wp-json\/wp\/v2\/media\/8539"}],"wp:attachment":[{"href":"https:\/\/xenonkungen.com\/no\/wp-json\/wp\/v2\/media?parent=8538"}],"wp:term":[{"taxonomy":"anvandningsomrade","embeddable":true,"href":"https:\/\/xenonkungen.com\/no\/wp-json\/wp\/v2\/anvandningsomrade?post=8538"},{"taxonomy":"bilmarken","embeddable":true,"href":"https:\/\/xenonkungen.com\/no\/wp-json\/wp\/v2\/bilmarken?post=8538"},{"taxonomy":"product_brand","embeddable":true,"href":"https:\/\/xenonkungen.com\/no\/wp-json\/wp\/v2\/product_brand?post=8538"},{"taxonomy":"product_cat","embeddable":true,"href":"https:\/\/xenonkungen.com\/no\/wp-json\/wp\/v2\/product_cat?post=8538"},{"taxonomy":"product_tag","embeddable":true,"href":"https:\/\/xenonkungen.com\/no\/wp-json\/wp\/v2\/product_tag?post=8538"}],"curies":[{"name":"wp","href":"https:\/\/api.w.org\/{rel}","templated":true}]}}