{"id":8705,"date":"2025-04-15T10:08:54","date_gmt":"2025-04-15T10:08:54","guid":{"rendered":"https:\/\/xenonkungen.com\/product\/dimljus-maxilamp-1xcfe\/"},"modified":"2026-04-24T17:21:44","modified_gmt":"2026-04-24T16:21:44","slug":"takelys-maxilamp-1xcfe","status":"publish","type":"product","link":"https:\/\/xenonkungen.com\/no\/produkt\/takelys-maxilamp-1xcfe\/","title":{"rendered":"T\u00e5kelys Maxilamp 1XCFE"},"content":{"rendered":"<h1>Baklys med t\u00e5kelysfunksjon - Maxilamp 1XCFE fra LED Autolamps<\/h1>\n<p>Maxilamp 1XCFE fra LED Autolamps er en innovativ baklykt med t\u00e5kelysfunksjon i 125 mm rund eurodesign, designet for \u00e5 oppfylle de h\u00f8yeste kravene til kj\u00f8ret\u00f8ysikkerhet og holdbarhet. Denne lampen er ikke bare en funksjonell del av kj\u00f8ret\u00f8yet ditt, men ogs\u00e5 en holdbar og effektiv lyskilde som er perfekt for varierende kj\u00f8reforhold.<\/p>\n<h2>Robust og slitesterk konstruksjon<\/h2>\n<p>Lampehuset er laget av slagfast akryl, og glasset er laget av polykarbonat, noe som gir h\u00f8y motstandskraft mot kjemikalier som finnes i rengj\u00f8ringsmidler. Denne robuste konstruksjonen sikrer at lampen er motstandsdyktig mot fysiske st\u00f8t og kjemisk korrosjon. I tillegg er lampen utstyrt med en utvidet UV-beskyttelse, noe som minimerer risikoen for aldring og sikrer at lampen beholder sin klarhet og funksjon over tid.<\/p>\n<h2>Helt nedsenkbar og slitesterk<\/h2>\n<p>Maxilamp 1XCFE er en fullt nedsenkbar baklykt som t\u00e5ler t\u00f8ffe v\u00e6rforhold og milj\u00f8er med h\u00f8y luftfuktighet. Konstruksjonen i rustfritt st\u00e5l sikrer lang levetid uten korrosjon. Lampen er ogs\u00e5 st\u00f8tbestandig, noe som gj\u00f8r den til en p\u00e5litelig lyskilde under t\u00f8ffe forhold. Den kraftige lysstyrken s\u00f8rger for utmerket synlighet i alle situasjoner.<\/p>\n<h2>Energisparende og effektiv<\/h2>\n<p>Ved en spenning p\u00e5 13,8 V bruker t\u00e5kelyset bare 0,38 A, og ved 28 V synker forbruket til 0,24 A. Dette lave str\u00f8mforbruket gj\u00f8r Maxilamp 1XCFE til et energieffektivt valg, noe som bidrar til redusert milj\u00f8p\u00e5virkning.<\/p>\n<h2>7 \u00e5rs garanti for kvalitet og p\u00e5litelighet<\/h2>\n<p>Vi st\u00e5r bak kvaliteten p\u00e5 Maxilamp 1XCFE og tilbyr derfor en gener\u00f8s garanti p\u00e5 7 \u00e5r. Denne garantien gjenspeiler v\u00e5r tillit til produktets holdbarhet og ytelse over tid. N\u00e5r du velger Maxilamp 1XCFE fra LED Autolamps, kan du v\u00e6re sikker p\u00e5 at du f\u00e5r en p\u00e5litelig lyskilde av h\u00f8y kvalitet som takler de krevende utfordringene p\u00e5 veien.<\/p>","protected":false},"excerpt":{"rendered":"<p>Baklampa med Dimljusfunktion &#8211; Maxilamp 1XCFE fr\u00e5n LED Autolamps V\u00e5r Maxilamp 1XCFE fr\u00e5n LED Autolamps \u00e4r en innovativ baklampa med dimljusfunktion i ett 125mm runt Euro-utf\u00f6rande, designad f\u00f6r att m\u00f6ta de h\u00f6gsta standarderna f\u00f6r fordonss\u00e4kerhet och h\u00e5llbarhet. Den h\u00e4r lampan \u00e4r inte bara en funktionell del av ditt fordon, utan ocks\u00e5 en h\u00e5llbar och effektiv [&hellip;]<\/p>","protected":false},"featured_media":8706,"comment_status":"closed","ping_status":"open","template":"","meta":{"_acf_changed":false,"_smort_price_nok":"748","_smort_price_dkk":"475","_smort_price_eur":"63.63","_smort_sale_price_nok":"","_smort_sale_price_dkk":"","_smort_sale_price_eur":"","smort_restorder":"","shipmondo_restorder":"","_kad_blocks_custom_css":"","_kad_blocks_head_custom_js":"","_kad_blocks_body_custom_js":"","_kad_blocks_footer_custom_js":"","smort_custom_pricelist_1":"392","smort_custom_pricelist_2":"392","smort_custom_pricelist_3":"372.4","smort_custom_pricelist_4":"560","smort_custom_pricelist_5":"392"},"anvandningsomrade":[166,238,2816],"bilmarken":[],"product_brand":[1252],"product_cat":[3047,2584],"product_tag":[],"class_list":{"0":"post-8705","1":"product","2":"type-product","3":"status-publish","4":"has-post-thumbnail","6":"anvandningsomrade-lastbil","7":"anvandningsomrade-slap","8":"anvandningsomrade-trailer","9":"product_brand-lea","10":"product_cat-bakljus-kombination-rund","11":"product_cat-dimljus-slap","12":"pa_fuktskydd-varde-ipxx-ip67","13":"pa_godkannande-ece-emc","14":"pa_storlek-mm-125x40","15":"pa_volt-v-12-24","17":"first","18":"instock","19":"taxable","20":"shipping-taxable","21":"purchasable","22":"product-type-simple"},"bundled_by":[],"bundle_stock_status":"instock","bundle_stock_quantity":2,"bundle_virtual":false,"bundle_layout":"","bundle_add_to_cart_form_location":"","bundle_editable_in_cart":false,"bundle_sold_individually_context":"","bundle_item_grouping":"","bundle_min_size":"","bundle_max_size":"","bundle_price":[],"bundled_items":[],"bundle_sell_ids":[],"acf":[],"yoast_head":"<!-- This site is optimized with the Yoast SEO plugin v27.0 - https:\/\/yoast.com\/product\/yoast-seo-wordpress\/ -->\n<title>Dimljus Maxilamp 1XCFE - Xenonkungen<\/title>\n<meta name=\"robots\" content=\"index, follow, max-snippet:-1, max-image-preview:large, max-video-preview:-1\" \/>\n<link rel=\"canonical\" href=\"https:\/\/xenonkungen.com\/no\/produkt\/takelys-maxilamp-1xcfe\/\" \/>\n<meta property=\"og:locale\" content=\"nb_NO\" \/>\n<meta property=\"og:type\" content=\"article\" \/>\n<meta property=\"og:title\" content=\"Dimljus Maxilamp 1XCFE - Xenonkungen\" \/>\n<meta property=\"og:description\" content=\"Baklampa med Dimljusfunktion &#8211; Maxilamp 1XCFE fr\u00e5n LED Autolamps V\u00e5r Maxilamp 1XCFE fr\u00e5n LED Autolamps \u00e4r en innovativ baklampa med dimljusfunktion i ett 125mm runt Euro-utf\u00f6rande, designad f\u00f6r att m\u00f6ta de h\u00f6gsta standarderna f\u00f6r fordonss\u00e4kerhet och h\u00e5llbarhet. Den h\u00e4r lampan \u00e4r inte bara en funktionell del av ditt fordon, utan ocks\u00e5 en h\u00e5llbar och effektiv [&hellip;]\" \/>\n<meta property=\"og:url\" content=\"https:\/\/xenonkungen.com\/no\/produkt\/takelys-maxilamp-1xcfe\/\" \/>\n<meta property=\"og:site_name\" content=\"Xenonkungen\" \/>\n<meta property=\"article:modified_time\" content=\"2026-04-24T16:21:44+00:00\" \/>\n<meta property=\"og:image\" content=\"https:\/\/xenonkungen.com\/wp-content\/uploads\/2025\/04\/8495227-origpic-a32477.jpg\" \/>\n\t<meta property=\"og:image:width\" content=\"700\" \/>\n\t<meta property=\"og:image:height\" content=\"700\" \/>\n\t<meta property=\"og:image:type\" content=\"image\/jpeg\" \/>\n<meta name=\"twitter:card\" content=\"summary_large_image\" \/>\n<meta name=\"twitter:label1\" content=\"Ansl. lesetid\" \/>\n\t<meta name=\"twitter:data1\" content=\"2 minutter\" \/>\n<script type=\"application\/ld+json\" class=\"yoast-schema-graph\">{\"@context\":\"https:\/\/schema.org\",\"@graph\":[{\"@type\":\"WebPage\",\"@id\":\"https:\/\/xenonkungen.com\/produkt\/dimljus-maxilamp-1xcfe\/\",\"url\":\"https:\/\/xenonkungen.com\/produkt\/dimljus-maxilamp-1xcfe\/\",\"name\":\"Dimljus Maxilamp 1XCFE - Xenonkungen\",\"isPartOf\":{\"@id\":\"https:\/\/xenonkungen.com\/#website\"},\"primaryImageOfPage\":{\"@id\":\"https:\/\/xenonkungen.com\/produkt\/dimljus-maxilamp-1xcfe\/#primaryimage\"},\"image\":{\"@id\":\"https:\/\/xenonkungen.com\/produkt\/dimljus-maxilamp-1xcfe\/#primaryimage\"},\"thumbnailUrl\":\"https:\/\/xenonkungen.com\/wp-content\/uploads\/2025\/04\/8495227-origpic-a32477.jpg\",\"datePublished\":\"2025-04-15T10:08:54+00:00\",\"dateModified\":\"2026-04-24T16:21:44+00:00\",\"breadcrumb\":{\"@id\":\"https:\/\/xenonkungen.com\/produkt\/dimljus-maxilamp-1xcfe\/#breadcrumb\"},\"inLanguage\":\"nb-NO\",\"potentialAction\":[{\"@type\":\"ReadAction\",\"target\":[\"https:\/\/xenonkungen.com\/produkt\/dimljus-maxilamp-1xcfe\/\"]}]},{\"@type\":\"ImageObject\",\"inLanguage\":\"nb-NO\",\"@id\":\"https:\/\/xenonkungen.com\/produkt\/dimljus-maxilamp-1xcfe\/#primaryimage\",\"url\":\"https:\/\/xenonkungen.com\/wp-content\/uploads\/2025\/04\/8495227-origpic-a32477.jpg\",\"contentUrl\":\"https:\/\/xenonkungen.com\/wp-content\/uploads\/2025\/04\/8495227-origpic-a32477.jpg\",\"width\":700,\"height\":700},{\"@type\":\"BreadcrumbList\",\"@id\":\"https:\/\/xenonkungen.com\/produkt\/dimljus-maxilamp-1xcfe\/#breadcrumb\",\"itemListElement\":[{\"@type\":\"ListItem\",\"position\":1,\"name\":\"Hem\",\"item\":\"https:\/\/xenonkungen.com\/\"},{\"@type\":\"ListItem\",\"position\":2,\"name\":\"Shop\",\"item\":\"https:\/\/xenonkungen.com\/shop\/\"},{\"@type\":\"ListItem\",\"position\":3,\"name\":\"Dimljus Maxilamp 1XCFE\"}]},{\"@type\":\"WebSite\",\"@id\":\"https:\/\/xenonkungen.com\/#website\",\"url\":\"https:\/\/xenonkungen.com\/\",\"name\":\"Xenonkungen\",\"description\":\"\",\"potentialAction\":[{\"@type\":\"SearchAction\",\"target\":{\"@type\":\"EntryPoint\",\"urlTemplate\":\"https:\/\/xenonkungen.com\/?s={search_term_string}\"},\"query-input\":{\"@type\":\"PropertyValueSpecification\",\"valueRequired\":true,\"valueName\":\"search_term_string\"}}],\"inLanguage\":\"nb-NO\"}]}<\/script>\n<!-- \/ Yoast SEO plugin. -->","yoast_head_json":{"title":"T\u00e5kelys Maxilamp 1XCFE - Xenonkungen","robots":{"index":"index","follow":"follow","max-snippet":"max-snippet:-1","max-image-preview":"max-image-preview:large","max-video-preview":"max-video-preview:-1"},"canonical":"https:\/\/xenonkungen.com\/no\/produkt\/takelys-maxilamp-1xcfe\/","og_locale":"nb_NO","og_type":"article","og_title":"Dimljus Maxilamp 1XCFE - Xenonkungen","og_description":"Baklampa med Dimljusfunktion &#8211; Maxilamp 1XCFE fr\u00e5n LED Autolamps V\u00e5r Maxilamp 1XCFE fr\u00e5n LED Autolamps \u00e4r en innovativ baklampa med dimljusfunktion i ett 125mm runt Euro-utf\u00f6rande, designad f\u00f6r att m\u00f6ta de h\u00f6gsta standarderna f\u00f6r fordonss\u00e4kerhet och h\u00e5llbarhet. Den h\u00e4r lampan \u00e4r inte bara en funktionell del av ditt fordon, utan ocks\u00e5 en h\u00e5llbar och effektiv [&hellip;]","og_url":"https:\/\/xenonkungen.com\/no\/produkt\/takelys-maxilamp-1xcfe\/","og_site_name":"Xenonkungen","article_modified_time":"2026-04-24T16:21:44+00:00","og_image":[{"width":700,"height":700,"url":"https:\/\/xenonkungen.com\/wp-content\/uploads\/2025\/04\/8495227-origpic-a32477.jpg","type":"image\/jpeg"}],"twitter_card":"summary_large_image","twitter_misc":{"Ansl. lesetid":"2 minutter"},"schema":{"@context":"https:\/\/schema.org","@graph":[{"@type":"WebPage","@id":"https:\/\/xenonkungen.com\/produkt\/dimljus-maxilamp-1xcfe\/","url":"https:\/\/xenonkungen.com\/produkt\/dimljus-maxilamp-1xcfe\/","name":"T\u00e5kelys Maxilamp 1XCFE - Xenonkungen","isPartOf":{"@id":"https:\/\/xenonkungen.com\/#website"},"primaryImageOfPage":{"@id":"https:\/\/xenonkungen.com\/produkt\/dimljus-maxilamp-1xcfe\/#primaryimage"},"image":{"@id":"https:\/\/xenonkungen.com\/produkt\/dimljus-maxilamp-1xcfe\/#primaryimage"},"thumbnailUrl":"https:\/\/xenonkungen.com\/wp-content\/uploads\/2025\/04\/8495227-origpic-a32477.jpg","datePublished":"2025-04-15T10:08:54+00:00","dateModified":"2026-04-24T16:21:44+00:00","breadcrumb":{"@id":"https:\/\/xenonkungen.com\/produkt\/dimljus-maxilamp-1xcfe\/#breadcrumb"},"inLanguage":"nb-NO","potentialAction":[{"@type":"ReadAction","target":["https:\/\/xenonkungen.com\/produkt\/dimljus-maxilamp-1xcfe\/"]}]},{"@type":"ImageObject","inLanguage":"nb-NO","@id":"https:\/\/xenonkungen.com\/produkt\/dimljus-maxilamp-1xcfe\/#primaryimage","url":"https:\/\/xenonkungen.com\/wp-content\/uploads\/2025\/04\/8495227-origpic-a32477.jpg","contentUrl":"https:\/\/xenonkungen.com\/wp-content\/uploads\/2025\/04\/8495227-origpic-a32477.jpg","width":700,"height":700},{"@type":"BreadcrumbList","@id":"https:\/\/xenonkungen.com\/produkt\/dimljus-maxilamp-1xcfe\/#breadcrumb","itemListElement":[{"@type":"ListItem","position":1,"name":"Hem","item":"https:\/\/xenonkungen.com\/"},{"@type":"ListItem","position":2,"name":"Shop","item":"https:\/\/xenonkungen.com\/shop\/"},{"@type":"ListItem","position":3,"name":"Dimljus Maxilamp 1XCFE"}]},{"@type":"WebSite","@id":"https:\/\/xenonkungen.com\/#website","url":"https:\/\/xenonkungen.com\/","name":"Xenonkungen","description":"","potentialAction":[{"@type":"SearchAction","target":{"@type":"EntryPoint","urlTemplate":"https:\/\/xenonkungen.com\/?s={search_term_string}"},"query-input":{"@type":"PropertyValueSpecification","valueRequired":true,"valueName":"search_term_string"}}],"inLanguage":"nb-NO"}]}},"taxonomy_info":{"anvandningsomrade":[{"value":166,"label":"Lastbil"},{"value":238,"label":"SL\u00c4P"},{"value":2816,"label":"TRAILER"}],"product_brand":[{"value":1252,"label":"LEA"}],"product_cat":[{"value":3047,"label":"Bakljus Kombination Rund"},{"value":2584,"label":"Dimljus"}],"pa_fuktskydd-varde-ipxx":[{"value":333,"label":"IP67"}],"pa_godkannande":[{"value":1262,"label":"ECE, EMC"}],"pa_storlek-mm":[{"value":2128,"label":"125x40"}],"pa_volt-v":[{"value":348,"label":"12, 24"}]},"featured_image_src_large":["https:\/\/xenonkungen.com\/wp-content\/uploads\/2025\/04\/8495227-origpic-a32477.jpg",700,700,false],"author_info":[],"comment_info":0,"_links":{"self":[{"href":"https:\/\/xenonkungen.com\/no\/wp-json\/wp\/v2\/product\/8705","targetHints":{"allow":["GET"]}}],"collection":[{"href":"https:\/\/xenonkungen.com\/no\/wp-json\/wp\/v2\/product"}],"about":[{"href":"https:\/\/xenonkungen.com\/no\/wp-json\/wp\/v2\/types\/product"}],"replies":[{"embeddable":true,"href":"https:\/\/xenonkungen.com\/no\/wp-json\/wp\/v2\/comments?post=8705"}],"wp:featuredmedia":[{"embeddable":true,"href":"https:\/\/xenonkungen.com\/no\/wp-json\/wp\/v2\/media\/8706"}],"wp:attachment":[{"href":"https:\/\/xenonkungen.com\/no\/wp-json\/wp\/v2\/media?parent=8705"}],"wp:term":[{"taxonomy":"anvandningsomrade","embeddable":true,"href":"https:\/\/xenonkungen.com\/no\/wp-json\/wp\/v2\/anvandningsomrade?post=8705"},{"taxonomy":"bilmarken","embeddable":true,"href":"https:\/\/xenonkungen.com\/no\/wp-json\/wp\/v2\/bilmarken?post=8705"},{"taxonomy":"product_brand","embeddable":true,"href":"https:\/\/xenonkungen.com\/no\/wp-json\/wp\/v2\/product_brand?post=8705"},{"taxonomy":"product_cat","embeddable":true,"href":"https:\/\/xenonkungen.com\/no\/wp-json\/wp\/v2\/product_cat?post=8705"},{"taxonomy":"product_tag","embeddable":true,"href":"https:\/\/xenonkungen.com\/no\/wp-json\/wp\/v2\/product_tag?post=8705"}],"curies":[{"name":"wp","href":"https:\/\/api.w.org\/{rel}","templated":true}]}}