{"id":8840,"date":"2025-04-15T10:10:17","date_gmt":"2025-04-15T10:10:17","guid":{"rendered":"https:\/\/xenonkungen.com\/product\/9006-night-breaker-laser\/"},"modified":"2026-04-11T01:28:52","modified_gmt":"2026-04-11T00:28:52","slug":"9006-nattbryterlaser","status":"publish","type":"product","link":"https:\/\/xenonkungen.com\/no\/produkt\/9006-nattbryterlaser\/","title":{"rendered":"9006 NIGHT BREAKER\u00ae LASER"},"content":{"rendered":"<p>NYTT! <br \/>Takket v\u00e6re en innovativ laserteknologi lyser disse lampene opptil 150% mer enn standard halogenlamper*.<\/p>\n<p>Kombinasjonen av en nyutviklet gl\u00f8detr\u00e5d fylt med ren xenongass gir lampen ekstra lysutbytte. Dette gir en rekkevidde p\u00e5 opptil 150 meter og opptil 20% hvitere lys sammenlignet med standardlamper.<\/p>\n<p>Mer lys og dermed bedre visibilitet betyr raskere deteksjon og reaksjon p\u00e5 trafikkhendelser.<\/p>\n<p>Lampehetter: <strong>HB4<\/strong>, 9006, P20D<br \/>Nominell effekt: 51W<br \/>Spenning: 12 V<\/p>\n<p>*) Sammenlignet med minimumskravene i ECE R112\/R37.<\/p>\n<p>Osram-artikkel: 9006NL-HCB<br \/>Produktkode: 4052899992153<br \/>Selges parvis i hard plastemballasje.<\/p>","protected":false},"excerpt":{"rendered":"<p>NYTT!<br \/>\nTakket v\u00e6re en innovativ laserteknologi lyser disse lampene opptil 150% mer enn standard halogenlamper*.<\/p>\n<p>Kombinasjonen av en nyutviklet gl\u00f8detr\u00e5d fylt med ren xenongass gir lampen ekstra lysutbytte. Dette gir en rekkevidde p\u00e5 opptil 150 meter og opptil 20% hvitere lys sammenlignet med standardlamper.<\/p>\n<p>Mer lys og dermed bedre visibilitet betyr raskere deteksjon og reaksjon p\u00e5 trafikkhendelser.<\/p>\n<p>Lampehetter: <b>HB4<\/b>, 9006, P22D<br \/>\nNominell effekt: 60W<br \/>\nSpenning: 12 V<\/p>\n<p>*) Sammenlignet med minimumskravene i ECE R112\/R37.<\/p>\n<p>Osram-artikkel: 9006NL-HCB<br \/>\nProduktkode: 4052899992153<br \/>\nSelges parvis i hard plastemballasje.<\/p>","protected":false},"featured_media":8841,"comment_status":"closed","ping_status":"open","template":"","meta":{"_acf_changed":false,"_smort_price_nok":"427","_smort_price_dkk":"271","_smort_price_eur":"36.36","_smort_sale_price_nok":"","_smort_sale_price_dkk":"","_smort_sale_price_eur":"","smort_restorder":"","shipmondo_restorder":"","_kad_blocks_custom_css":"","_kad_blocks_head_custom_js":"","_kad_blocks_body_custom_js":"","_kad_blocks_footer_custom_js":"","smort_custom_pricelist_1":"256","smort_custom_pricelist_2":"256","smort_custom_pricelist_3":"243.2","smort_custom_pricelist_4":"320","smort_custom_pricelist_5":"256"},"anvandningsomrade":[],"bilmarken":[],"product_brand":[108],"product_cat":[2543,733],"product_tag":[],"class_list":{"0":"post-8840","1":"product","2":"type-product","3":"status-publish","4":"has-post-thumbnail","6":"product_brand-osram","7":"product_cat-halogen-halvljus-helljus","8":"product_cat-halvljus-helljus","9":"pa_faktisk-effekts-forbrukning-846","10":"pa_lampsockel-kontakt-9006-hb4","11":"pa_volt-v-159","13":"first","14":"instock","15":"taxable","16":"shipping-taxable","17":"purchasable","18":"product-type-simple"},"bundled_by":[],"bundle_stock_status":"instock","bundle_stock_quantity":7,"bundle_virtual":false,"bundle_layout":"","bundle_add_to_cart_form_location":"","bundle_editable_in_cart":false,"bundle_sold_individually_context":"","bundle_item_grouping":"","bundle_min_size":"","bundle_max_size":"","bundle_price":[],"bundled_items":[],"bundle_sell_ids":[],"acf":[],"yoast_head":"<!-- This site is optimized with the Yoast SEO plugin v27.0 - https:\/\/yoast.com\/product\/yoast-seo-wordpress\/ -->\n<title>9006 NIGHT BREAKER\u00ae LASER - Xenonkungen<\/title>\n<meta name=\"robots\" content=\"index, follow, max-snippet:-1, max-image-preview:large, max-video-preview:-1\" \/>\n<link rel=\"canonical\" href=\"https:\/\/xenonkungen.com\/no\/produkt\/9006-nattbryterlaser\/\" \/>\n<meta property=\"og:locale\" content=\"nb_NO\" \/>\n<meta property=\"og:type\" content=\"article\" \/>\n<meta property=\"og:title\" content=\"9006 NIGHT BREAKER\u00ae LASER - Xenonkungen\" \/>\n<meta property=\"og:description\" content=\"NYHET! Tack vare en innovativ laserteknologi lyser dessa lampor upp till 150% mer \u00e4n standard halogenlampor*. Kombinationen av nyutvecklad gl\u00f6dtr\u00e5d fylld med ren xenongas ger lampan extra lyskraft. P\u00e5 s\u00e5 vis erh\u00e5lls upp till 150 meter r\u00e4ckvidd och upp till 20% vitare ljus j\u00e4mf\u00f6rt standardlampor. Mer ljus och d\u00e4rmed f\u00f6rb\u00e4ttrad visualitet medf\u00f6r snabbare uppt\u00e4ckt och reaktion av trafikh\u00e4ndelser. Lampsockel: HB4, 9006, P22D Nominell effekt: 60W Sp\u00e4nning: 12V *) J\u00e4mf\u00f6rt l\u00e4gsta krav enligt ECE R112\/R37. Osram artikel: 9006NL-HCB Produktkod: 4052899992153 S\u00e4ljes parvis i h\u00e5rdplastf\u00f6rpackning.\" \/>\n<meta property=\"og:url\" content=\"https:\/\/xenonkungen.com\/no\/produkt\/9006-nattbryterlaser\/\" \/>\n<meta property=\"og:site_name\" content=\"Xenonkungen\" \/>\n<meta property=\"article:modified_time\" content=\"2026-04-11T00:28:52+00:00\" \/>\n<meta property=\"og:image\" content=\"https:\/\/xenonkungen.com\/wp-content\/uploads\/2025\/04\/160730007-origpic-ce6c7b.jpg\" \/>\n\t<meta property=\"og:image:width\" content=\"600\" \/>\n\t<meta property=\"og:image:height\" content=\"600\" \/>\n\t<meta property=\"og:image:type\" content=\"image\/jpeg\" \/>\n<meta name=\"twitter:card\" content=\"summary_large_image\" \/>\n<script type=\"application\/ld+json\" class=\"yoast-schema-graph\">{\"@context\":\"https:\/\/schema.org\",\"@graph\":[{\"@type\":\"WebPage\",\"@id\":\"https:\/\/xenonkungen.com\/produkt\/9006-night-breaker-laser\/\",\"url\":\"https:\/\/xenonkungen.com\/produkt\/9006-night-breaker-laser\/\",\"name\":\"9006 NIGHT BREAKER\u00ae LASER - Xenonkungen\",\"isPartOf\":{\"@id\":\"https:\/\/xenonkungen.com\/#website\"},\"primaryImageOfPage\":{\"@id\":\"https:\/\/xenonkungen.com\/produkt\/9006-night-breaker-laser\/#primaryimage\"},\"image\":{\"@id\":\"https:\/\/xenonkungen.com\/produkt\/9006-night-breaker-laser\/#primaryimage\"},\"thumbnailUrl\":\"https:\/\/xenonkungen.com\/wp-content\/uploads\/2025\/04\/160730007-origpic-ce6c7b.jpg\",\"datePublished\":\"2025-04-15T10:10:17+00:00\",\"dateModified\":\"2026-04-11T00:28:52+00:00\",\"breadcrumb\":{\"@id\":\"https:\/\/xenonkungen.com\/produkt\/9006-night-breaker-laser\/#breadcrumb\"},\"inLanguage\":\"nb-NO\",\"potentialAction\":[{\"@type\":\"ReadAction\",\"target\":[\"https:\/\/xenonkungen.com\/produkt\/9006-night-breaker-laser\/\"]}]},{\"@type\":\"ImageObject\",\"inLanguage\":\"nb-NO\",\"@id\":\"https:\/\/xenonkungen.com\/produkt\/9006-night-breaker-laser\/#primaryimage\",\"url\":\"https:\/\/xenonkungen.com\/wp-content\/uploads\/2025\/04\/160730007-origpic-ce6c7b.jpg\",\"contentUrl\":\"https:\/\/xenonkungen.com\/wp-content\/uploads\/2025\/04\/160730007-origpic-ce6c7b.jpg\",\"width\":600,\"height\":600},{\"@type\":\"BreadcrumbList\",\"@id\":\"https:\/\/xenonkungen.com\/produkt\/9006-night-breaker-laser\/#breadcrumb\",\"itemListElement\":[{\"@type\":\"ListItem\",\"position\":1,\"name\":\"Hem\",\"item\":\"https:\/\/xenonkungen.com\/\"},{\"@type\":\"ListItem\",\"position\":2,\"name\":\"Shop\",\"item\":\"https:\/\/xenonkungen.com\/shop\/\"},{\"@type\":\"ListItem\",\"position\":3,\"name\":\"9006 NIGHT BREAKER\u00ae LASER\"}]},{\"@type\":\"WebSite\",\"@id\":\"https:\/\/xenonkungen.com\/#website\",\"url\":\"https:\/\/xenonkungen.com\/\",\"name\":\"Xenonkungen\",\"description\":\"\",\"potentialAction\":[{\"@type\":\"SearchAction\",\"target\":{\"@type\":\"EntryPoint\",\"urlTemplate\":\"https:\/\/xenonkungen.com\/?s={search_term_string}\"},\"query-input\":{\"@type\":\"PropertyValueSpecification\",\"valueRequired\":true,\"valueName\":\"search_term_string\"}}],\"inLanguage\":\"nb-NO\"}]}<\/script>\n<!-- \/ Yoast SEO plugin. -->","yoast_head_json":{"title":"9006 NIGHT BREAKER\u00ae LASER \u2013 Xenon-kongen","robots":{"index":"index","follow":"follow","max-snippet":"max-snippet:-1","max-image-preview":"max-image-preview:large","max-video-preview":"max-video-preview:-1"},"canonical":"https:\/\/xenonkungen.com\/no\/produkt\/9006-nattbryterlaser\/","og_locale":"nb_NO","og_type":"article","og_title":"9006 NIGHT BREAKER\u00ae LASER - Xenonkungen","og_description":"NYHET! Tack vare en innovativ laserteknologi lyser dessa lampor upp till 150% mer \u00e4n standard halogenlampor*. Kombinationen av nyutvecklad gl\u00f6dtr\u00e5d fylld med ren xenongas ger lampan extra lyskraft. P\u00e5 s\u00e5 vis erh\u00e5lls upp till 150 meter r\u00e4ckvidd och upp till 20% vitare ljus j\u00e4mf\u00f6rt standardlampor. Mer ljus och d\u00e4rmed f\u00f6rb\u00e4ttrad visualitet medf\u00f6r snabbare uppt\u00e4ckt och reaktion av trafikh\u00e4ndelser. Lampsockel: HB4, 9006, P22D Nominell effekt: 60W Sp\u00e4nning: 12V *) J\u00e4mf\u00f6rt l\u00e4gsta krav enligt ECE R112\/R37. Osram artikel: 9006NL-HCB Produktkod: 4052899992153 S\u00e4ljes parvis i h\u00e5rdplastf\u00f6rpackning.","og_url":"https:\/\/xenonkungen.com\/no\/produkt\/9006-nattbryterlaser\/","og_site_name":"Xenonkungen","article_modified_time":"2026-04-11T00:28:52+00:00","og_image":[{"width":600,"height":600,"url":"https:\/\/xenonkungen.com\/wp-content\/uploads\/2025\/04\/160730007-origpic-ce6c7b.jpg","type":"image\/jpeg"}],"twitter_card":"summary_large_image","schema":{"@context":"https:\/\/schema.org","@graph":[{"@type":"WebPage","@id":"https:\/\/xenonkungen.com\/produkt\/9006-night-breaker-laser\/","url":"https:\/\/xenonkungen.com\/produkt\/9006-night-breaker-laser\/","name":"9006 NIGHT BREAKER\u00ae LASER \u2013 Xenon-kongen","isPartOf":{"@id":"https:\/\/xenonkungen.com\/#website"},"primaryImageOfPage":{"@id":"https:\/\/xenonkungen.com\/produkt\/9006-night-breaker-laser\/#primaryimage"},"image":{"@id":"https:\/\/xenonkungen.com\/produkt\/9006-night-breaker-laser\/#primaryimage"},"thumbnailUrl":"https:\/\/xenonkungen.com\/wp-content\/uploads\/2025\/04\/160730007-origpic-ce6c7b.jpg","datePublished":"2025-04-15T10:10:17+00:00","dateModified":"2026-04-11T00:28:52+00:00","breadcrumb":{"@id":"https:\/\/xenonkungen.com\/produkt\/9006-night-breaker-laser\/#breadcrumb"},"inLanguage":"nb-NO","potentialAction":[{"@type":"ReadAction","target":["https:\/\/xenonkungen.com\/produkt\/9006-night-breaker-laser\/"]}]},{"@type":"ImageObject","inLanguage":"nb-NO","@id":"https:\/\/xenonkungen.com\/produkt\/9006-night-breaker-laser\/#primaryimage","url":"https:\/\/xenonkungen.com\/wp-content\/uploads\/2025\/04\/160730007-origpic-ce6c7b.jpg","contentUrl":"https:\/\/xenonkungen.com\/wp-content\/uploads\/2025\/04\/160730007-origpic-ce6c7b.jpg","width":600,"height":600},{"@type":"BreadcrumbList","@id":"https:\/\/xenonkungen.com\/produkt\/9006-night-breaker-laser\/#breadcrumb","itemListElement":[{"@type":"ListItem","position":1,"name":"Hem","item":"https:\/\/xenonkungen.com\/"},{"@type":"ListItem","position":2,"name":"Shop","item":"https:\/\/xenonkungen.com\/shop\/"},{"@type":"ListItem","position":3,"name":"9006 NIGHT BREAKER\u00ae LASER"}]},{"@type":"WebSite","@id":"https:\/\/xenonkungen.com\/#website","url":"https:\/\/xenonkungen.com\/","name":"Xenonkungen","description":"","potentialAction":[{"@type":"SearchAction","target":{"@type":"EntryPoint","urlTemplate":"https:\/\/xenonkungen.com\/?s={search_term_string}"},"query-input":{"@type":"PropertyValueSpecification","valueRequired":true,"valueName":"search_term_string"}}],"inLanguage":"nb-NO"}]}},"taxonomy_info":{"product_brand":[{"value":108,"label":"OSRAM"}],"product_cat":[{"value":2543,"label":"Halogen"},{"value":733,"label":"Halvljus \/ Helljus"}],"pa_faktisk-effekts-forbrukning":[{"value":846,"label":"51"}],"pa_lampsockel-kontakt":[{"value":326,"label":"9006 , HB4"}],"pa_volt-v":[{"value":159,"label":"12"}]},"featured_image_src_large":["https:\/\/xenonkungen.com\/wp-content\/uploads\/2025\/04\/160730007-origpic-ce6c7b.jpg",600,600,false],"author_info":[],"comment_info":0,"_links":{"self":[{"href":"https:\/\/xenonkungen.com\/no\/wp-json\/wp\/v2\/product\/8840","targetHints":{"allow":["GET"]}}],"collection":[{"href":"https:\/\/xenonkungen.com\/no\/wp-json\/wp\/v2\/product"}],"about":[{"href":"https:\/\/xenonkungen.com\/no\/wp-json\/wp\/v2\/types\/product"}],"replies":[{"embeddable":true,"href":"https:\/\/xenonkungen.com\/no\/wp-json\/wp\/v2\/comments?post=8840"}],"wp:featuredmedia":[{"embeddable":true,"href":"https:\/\/xenonkungen.com\/no\/wp-json\/wp\/v2\/media\/8841"}],"wp:attachment":[{"href":"https:\/\/xenonkungen.com\/no\/wp-json\/wp\/v2\/media?parent=8840"}],"wp:term":[{"taxonomy":"anvandningsomrade","embeddable":true,"href":"https:\/\/xenonkungen.com\/no\/wp-json\/wp\/v2\/anvandningsomrade?post=8840"},{"taxonomy":"bilmarken","embeddable":true,"href":"https:\/\/xenonkungen.com\/no\/wp-json\/wp\/v2\/bilmarken?post=8840"},{"taxonomy":"product_brand","embeddable":true,"href":"https:\/\/xenonkungen.com\/no\/wp-json\/wp\/v2\/product_brand?post=8840"},{"taxonomy":"product_cat","embeddable":true,"href":"https:\/\/xenonkungen.com\/no\/wp-json\/wp\/v2\/product_cat?post=8840"},{"taxonomy":"product_tag","embeddable":true,"href":"https:\/\/xenonkungen.com\/no\/wp-json\/wp\/v2\/product_tag?post=8840"}],"curies":[{"name":"wp","href":"https:\/\/api.w.org\/{rel}","templated":true}]}}