{"id":8890,"date":"2025-04-15T10:10:41","date_gmt":"2025-04-15T10:10:41","guid":{"rendered":"https:\/\/xenonkungen.com\/product\/tesla-obd2-adapter-model-3-2024-highland\/"},"modified":"2026-04-27T10:20:17","modified_gmt":"2026-04-27T09:20:17","slug":"tesla-obd2-adapter-modell-3-2024-highland","status":"publish","type":"product","link":"https:\/\/xenonkungen.com\/no\/produkt\/tesla-obd2-adapter-modell-3-2024-highland\/","title":{"rendered":"Tesla OBD2-adapter Model 3 2024 Highland"},"content":{"rendered":"<h3 data-start=\"169\" data-end=\"229\"><strong data-start=\"173\" data-end=\"229\">Tesla OBD2-adapter | Modell 3 (Highland 2024) | 20-pinners<\/strong><\/h3>\n<p data-start=\"231\" data-end=\"477\">Gi din Model 3 Highland OBD2-tilkoblingen den mangler!<br data-start=\"286\" data-end=\"289\" \/>Denne spesialtilpassede adapteren gj\u00f8r det mulig \u00e5 lese kj\u00f8ret\u00f8ydata og koble til utstyr som krever OBD2-kommunikasjon \u2013 raskt, enkelt og uten \u00e5 p\u00e5virke bilens originale ledninger.<\/p>\n<hr data-start=\"479\" data-end=\"482\" \/>\n<h4 data-start=\"484\" data-end=\"519\"><strong data-start=\"489\" data-end=\"519\">Optimaliser datainnsamlingen din<\/strong><\/h4>\n<p data-start=\"521\" data-end=\"639\">Adapteren lar deg bruke popul\u00e6re diagnostiske apper og maskinvare, for eksempel: <strong data-start=\"603\" data-end=\"620\">Skann Teslaen min<\/strong>, for \u00e5 overv\u00e5ke:<\/p>\n<ul data-start=\"641\" data-end=\"765\">\n<li data-start=\"641\" data-end=\"672\">\n<p data-start=\"643\" data-end=\"672\">Batteritilstand og ladestatus<\/p>\n<\/li>\n<li data-start=\"673\" data-end=\"693\">\n<p data-start=\"675\" data-end=\"693\">Temperaturverdier<\/p>\n<\/li>\n<li data-start=\"694\" data-end=\"720\">\n<p data-start=\"696\" data-end=\"720\">Motorens effektuttak<\/p>\n<\/li>\n<li data-start=\"721\" data-end=\"765\">\n<p data-start=\"723\" data-end=\"765\">Andre sanntidsdata fra bilens CAN-buss<\/p>\n<\/li>\n<\/ul>\n<hr data-start=\"767\" data-end=\"770\" \/>\n<h4 data-start=\"772\" data-end=\"811\"><strong data-start=\"777\" data-end=\"811\">Forberedt for kontrollstr\u00f8msystemer<\/strong><\/h4>\n<p data-start=\"813\" data-end=\"971\">Adapteren er ogs\u00e5 kompatibel med <strong data-start=\"845\" data-end=\"859\">XBB-systemet<\/strong>, som gj\u00f8r det mulig \u00e5 hente ut styresignaler for installasjon av for eksempel ekstra lys eller annet utstyr.<\/p>\n<hr data-start=\"973\" data-end=\"976\" \/>\n<h4 data-start=\"978\" data-end=\"1019\"><strong data-start=\"983\" data-end=\"1019\">Installasjon \u2013 enkel og sikker<\/strong><\/h4>\n<p data-start=\"1021\" data-end=\"1190\">Adapteren monteres mellom eksisterende kontakter i <strong data-start=\"1069\" data-end=\"1101\">A-stolpen p\u00e5 passasjersiden<\/strong>.<br data-start=\"1102\" data-end=\"1105\" \/>Det p\u00e5virker ikke bilens funksjoner og krever ingen modifikasjon av det originale ledningene.<\/p>\n<p data-start=\"1192\" data-end=\"1302\"><strong data-start=\"1195\" data-end=\"1204\">Tupp:<\/strong> La OBD2-porten v\u00e6re foran i kupeen hvis du \u00f8nsker rask tilgang til diagnoseverkt\u00f8y i fremtiden.<\/p>\n<hr data-start=\"1304\" data-end=\"1307\" \/>\n<h4 data-start=\"1309\" data-end=\"1344\"><strong data-start=\"1314\" data-end=\"1344\">Viktig f\u00f8r installasjon<\/strong><\/h4>\n<p data-start=\"1346\" data-end=\"1636\">For \u00e5 unng\u00e5 skade p\u00e5 kj\u00f8ret\u00f8yets elektronikk, m\u00e5 bilen v\u00e6re fullstendig str\u00f8ml\u00f8s f\u00f8r arbeidet starter.<br data-start=\"1445\" data-end=\"1448\" \/>Tesla g\u00e5r inn i hvilemodus etter ca. <strong data-start=\"1485\" data-end=\"1501\">8\u201310 minutter<\/strong> \u2013 vent p\u00e5 dette f\u00f8r du kobler fra noen kontakter.<br data-start=\"1548\" data-end=\"1551\" \/>Hvis du vil v\u00e6re ekstra sikker, kan du ogs\u00e5 koble fra <strong data-start=\"1600\" data-end=\"1614\">+12V-terminal<\/strong> under installasjonen.<\/p>\n<hr data-start=\"1638\" data-end=\"1641\" \/>\n<h4 data-start=\"1643\" data-end=\"1667\"><strong data-start=\"1648\" data-end=\"1667\">Produktoversikt<\/strong><\/h4>\n<ul data-start=\"1669\" data-end=\"1913\">\n<li data-start=\"1669\" data-end=\"1714\">\n<p data-start=\"1671\" data-end=\"1714\"><strong data-start=\"1671\" data-end=\"1682\">Passer til:<\/strong> Tesla Model 3 (Highland 2024)<\/p>\n<\/li>\n<li data-start=\"1715\" data-end=\"1780\">\n<p data-start=\"1717\" data-end=\"1780\"><strong data-start=\"1717\" data-end=\"1730\">Funksjon:<\/strong> Legger til en OBD2-port som mangler fra fabrikken<\/p>\n<\/li>\n<li data-start=\"1781\" data-end=\"1847\">\n<p data-start=\"1783\" data-end=\"1847\"><strong data-start=\"1783\" data-end=\"1797\">Beliggenhet:<\/strong> Mellom kontaktene i A-stolpen, passasjersiden<\/p>\n<\/li>\n<li data-start=\"1848\" data-end=\"1913\">\n<p data-start=\"1850\" data-end=\"1913\"><strong data-start=\"1850\" data-end=\"1865\">Bruk:<\/strong> Diagnostikk, datalogging, kontrollstr\u00f8mavlesning<\/p>\n<\/li>\n<\/ul>\n<hr data-start=\"1915\" data-end=\"1918\" \/>\n<p data-start=\"1920\" data-end=\"2085\">Denne adapteren er utformet for \u00e5 gi en <strong data-start=\"1960\" data-end=\"2002\">ren, trygg og fullstendig reversibel l\u00f8sning<\/strong> for de som \u00f8nsker \u00e5 utvide funksjonene i Model 3 uten \u00e5 p\u00e5virke det originale systemet.<\/p>","protected":false},"excerpt":{"rendered":"<p><strong data-start=\"119\" data-end=\"178\">Gi din Model 3 Highland OBD2-tilkoblingen den mangler!<\/strong><br data-start=\"178\" data-end=\"181\" \/>Denne spesialtilpassede adapteren gj\u00f8r det mulig \u00e5 lese kj\u00f8ret\u00f8ydata og koble til utstyr som krever OBD2-kommunikasjon \u2013 raskt, enkelt og uten \u00e5 p\u00e5virke bilens originale ledninger.<\/p>","protected":false},"featured_media":8891,"comment_status":"closed","ping_status":"closed","template":"","meta":{"_acf_changed":false,"_smort_price_nok":"315","_smort_price_dkk":"200","_smort_price_eur":"26.82","_smort_sale_price_nok":"","_smort_sale_price_dkk":"","_smort_sale_price_eur":"","smort_restorder":"","shipmondo_restorder":"","_kad_blocks_custom_css":"","_kad_blocks_head_custom_js":"","_kad_blocks_body_custom_js":"","_kad_blocks_footer_custom_js":"","smort_custom_pricelist_1":"188.8","smort_custom_pricelist_2":"141.6","smort_custom_pricelist_3":"129.8","smort_custom_pricelist_4":"295","smort_custom_pricelist_5":"141.6"},"anvandningsomrade":[167],"bilmarken":[290],"product_brand":[],"product_cat":[477],"product_tag":[],"class_list":{"0":"post-8890","1":"product","2":"type-product","3":"status-publish","4":"has-post-thumbnail","6":"anvandningsomrade-personbil","7":"bilmarken-tesla","8":"product_cat-canbus-emc","10":"first","11":"instock","12":"taxable","13":"shipping-taxable","14":"purchasable","15":"product-type-simple"},"bundled_by":[],"bundle_stock_status":"instock","bundle_stock_quantity":83,"bundle_virtual":false,"bundle_layout":"","bundle_add_to_cart_form_location":"","bundle_editable_in_cart":false,"bundle_sold_individually_context":"","bundle_item_grouping":"","bundle_min_size":"","bundle_max_size":"","bundle_price":[],"bundled_items":[],"bundle_sell_ids":[],"acf":[],"yoast_head":"<!-- This site is optimized with the Yoast SEO plugin v27.0 - https:\/\/yoast.com\/product\/yoast-seo-wordpress\/ -->\n<title>Tesla OBD2 Adapter Model 3 2024 Highland - Xenonkungen<\/title>\n<meta name=\"robots\" content=\"index, follow, max-snippet:-1, max-image-preview:large, max-video-preview:-1\" \/>\n<link rel=\"canonical\" href=\"https:\/\/xenonkungen.com\/no\/produkt\/tesla-obd2-adapter-modell-3-2024-highland\/\" \/>\n<meta property=\"og:locale\" content=\"nb_NO\" \/>\n<meta property=\"og:type\" content=\"article\" \/>\n<meta property=\"og:title\" content=\"Tesla OBD2 Adapter Model 3 2024 Highland - Xenonkungen\" \/>\n<meta property=\"og:description\" content=\"Ge din Model 3 Highland den OBD2-anslutning den saknar!Denna specialanpassade adapter g\u00f6r det m\u00f6jligt att l\u00e4sa fordonsdata och ansluta utrustning som kr\u00e4ver OBD2-kommunikation \u2013 snabbt, smidigt och helt utan att p\u00e5verka bilens originalkablage.\" \/>\n<meta property=\"og:url\" content=\"https:\/\/xenonkungen.com\/no\/produkt\/tesla-obd2-adapter-modell-3-2024-highland\/\" \/>\n<meta property=\"og:site_name\" content=\"Xenonkungen\" \/>\n<meta property=\"article:modified_time\" content=\"2026-04-27T09:20:17+00:00\" \/>\n<meta property=\"og:image\" content=\"https:\/\/xenonkungen.com\/wp-content\/uploads\/2025\/04\/SrycKL_w.png\" \/>\n\t<meta property=\"og:image:width\" content=\"1000\" \/>\n\t<meta property=\"og:image:height\" content=\"1000\" \/>\n\t<meta property=\"og:image:type\" content=\"image\/png\" \/>\n<meta name=\"twitter:card\" content=\"summary_large_image\" \/>\n<meta name=\"twitter:label1\" content=\"Ansl. lesetid\" \/>\n\t<meta name=\"twitter:data1\" content=\"2 minutter\" \/>\n<script type=\"application\/ld+json\" class=\"yoast-schema-graph\">{\"@context\":\"https:\/\/schema.org\",\"@graph\":[{\"@type\":\"WebPage\",\"@id\":\"https:\/\/xenonkungen.com\/produkt\/tesla-obd2-adapter-model-3-2024-highland\/\",\"url\":\"https:\/\/xenonkungen.com\/produkt\/tesla-obd2-adapter-model-3-2024-highland\/\",\"name\":\"Tesla OBD2 Adapter Model 3 2024 Highland - Xenonkungen\",\"isPartOf\":{\"@id\":\"https:\/\/xenonkungen.com\/#website\"},\"primaryImageOfPage\":{\"@id\":\"https:\/\/xenonkungen.com\/produkt\/tesla-obd2-adapter-model-3-2024-highland\/#primaryimage\"},\"image\":{\"@id\":\"https:\/\/xenonkungen.com\/produkt\/tesla-obd2-adapter-model-3-2024-highland\/#primaryimage\"},\"thumbnailUrl\":\"https:\/\/xenonkungen.com\/wp-content\/uploads\/2025\/04\/SrycKL_w.png\",\"datePublished\":\"2025-04-15T10:10:41+00:00\",\"dateModified\":\"2026-04-27T09:20:17+00:00\",\"breadcrumb\":{\"@id\":\"https:\/\/xenonkungen.com\/produkt\/tesla-obd2-adapter-model-3-2024-highland\/#breadcrumb\"},\"inLanguage\":\"nb-NO\",\"potentialAction\":[{\"@type\":\"ReadAction\",\"target\":[\"https:\/\/xenonkungen.com\/produkt\/tesla-obd2-adapter-model-3-2024-highland\/\"]}]},{\"@type\":\"ImageObject\",\"inLanguage\":\"nb-NO\",\"@id\":\"https:\/\/xenonkungen.com\/produkt\/tesla-obd2-adapter-model-3-2024-highland\/#primaryimage\",\"url\":\"https:\/\/xenonkungen.com\/wp-content\/uploads\/2025\/04\/SrycKL_w.png\",\"contentUrl\":\"https:\/\/xenonkungen.com\/wp-content\/uploads\/2025\/04\/SrycKL_w.png\",\"width\":1000,\"height\":1000},{\"@type\":\"BreadcrumbList\",\"@id\":\"https:\/\/xenonkungen.com\/produkt\/tesla-obd2-adapter-model-3-2024-highland\/#breadcrumb\",\"itemListElement\":[{\"@type\":\"ListItem\",\"position\":1,\"name\":\"Hem\",\"item\":\"https:\/\/xenonkungen.com\/\"},{\"@type\":\"ListItem\",\"position\":2,\"name\":\"Shop\",\"item\":\"https:\/\/xenonkungen.com\/shop\/\"},{\"@type\":\"ListItem\",\"position\":3,\"name\":\"Tesla OBD2 Adapter Model 3 2024 Highland\"}]},{\"@type\":\"WebSite\",\"@id\":\"https:\/\/xenonkungen.com\/#website\",\"url\":\"https:\/\/xenonkungen.com\/\",\"name\":\"Xenonkungen\",\"description\":\"\",\"potentialAction\":[{\"@type\":\"SearchAction\",\"target\":{\"@type\":\"EntryPoint\",\"urlTemplate\":\"https:\/\/xenonkungen.com\/?s={search_term_string}\"},\"query-input\":{\"@type\":\"PropertyValueSpecification\",\"valueRequired\":true,\"valueName\":\"search_term_string\"}}],\"inLanguage\":\"nb-NO\"}]}<\/script>\n<!-- \/ Yoast SEO plugin. -->","yoast_head_json":{"title":"Tesla OBD2-adapter modell 3 2024 Highland - Xenon-kongen","robots":{"index":"index","follow":"follow","max-snippet":"max-snippet:-1","max-image-preview":"max-image-preview:large","max-video-preview":"max-video-preview:-1"},"canonical":"https:\/\/xenonkungen.com\/no\/produkt\/tesla-obd2-adapter-modell-3-2024-highland\/","og_locale":"nb_NO","og_type":"article","og_title":"Tesla OBD2 Adapter Model 3 2024 Highland - Xenonkungen","og_description":"Ge din Model 3 Highland den OBD2-anslutning den saknar!Denna specialanpassade adapter g\u00f6r det m\u00f6jligt att l\u00e4sa fordonsdata och ansluta utrustning som kr\u00e4ver OBD2-kommunikation \u2013 snabbt, smidigt och helt utan att p\u00e5verka bilens originalkablage.","og_url":"https:\/\/xenonkungen.com\/no\/produkt\/tesla-obd2-adapter-modell-3-2024-highland\/","og_site_name":"Xenonkungen","article_modified_time":"2026-04-27T09:20:17+00:00","og_image":[{"width":1000,"height":1000,"url":"https:\/\/xenonkungen.com\/wp-content\/uploads\/2025\/04\/SrycKL_w.png","type":"image\/png"}],"twitter_card":"summary_large_image","twitter_misc":{"Ansl. lesetid":"2 minutter"},"schema":{"@context":"https:\/\/schema.org","@graph":[{"@type":"WebPage","@id":"https:\/\/xenonkungen.com\/produkt\/tesla-obd2-adapter-model-3-2024-highland\/","url":"https:\/\/xenonkungen.com\/produkt\/tesla-obd2-adapter-model-3-2024-highland\/","name":"Tesla OBD2-adapter modell 3 2024 Highland - Xenon-kongen","isPartOf":{"@id":"https:\/\/xenonkungen.com\/#website"},"primaryImageOfPage":{"@id":"https:\/\/xenonkungen.com\/produkt\/tesla-obd2-adapter-model-3-2024-highland\/#primaryimage"},"image":{"@id":"https:\/\/xenonkungen.com\/produkt\/tesla-obd2-adapter-model-3-2024-highland\/#primaryimage"},"thumbnailUrl":"https:\/\/xenonkungen.com\/wp-content\/uploads\/2025\/04\/SrycKL_w.png","datePublished":"2025-04-15T10:10:41+00:00","dateModified":"2026-04-27T09:20:17+00:00","breadcrumb":{"@id":"https:\/\/xenonkungen.com\/produkt\/tesla-obd2-adapter-model-3-2024-highland\/#breadcrumb"},"inLanguage":"nb-NO","potentialAction":[{"@type":"ReadAction","target":["https:\/\/xenonkungen.com\/produkt\/tesla-obd2-adapter-model-3-2024-highland\/"]}]},{"@type":"ImageObject","inLanguage":"nb-NO","@id":"https:\/\/xenonkungen.com\/produkt\/tesla-obd2-adapter-model-3-2024-highland\/#primaryimage","url":"https:\/\/xenonkungen.com\/wp-content\/uploads\/2025\/04\/SrycKL_w.png","contentUrl":"https:\/\/xenonkungen.com\/wp-content\/uploads\/2025\/04\/SrycKL_w.png","width":1000,"height":1000},{"@type":"BreadcrumbList","@id":"https:\/\/xenonkungen.com\/produkt\/tesla-obd2-adapter-model-3-2024-highland\/#breadcrumb","itemListElement":[{"@type":"ListItem","position":1,"name":"Hem","item":"https:\/\/xenonkungen.com\/"},{"@type":"ListItem","position":2,"name":"Shop","item":"https:\/\/xenonkungen.com\/shop\/"},{"@type":"ListItem","position":3,"name":"Tesla OBD2 Adapter Model 3 2024 Highland"}]},{"@type":"WebSite","@id":"https:\/\/xenonkungen.com\/#website","url":"https:\/\/xenonkungen.com\/","name":"Xenonkungen","description":"","potentialAction":[{"@type":"SearchAction","target":{"@type":"EntryPoint","urlTemplate":"https:\/\/xenonkungen.com\/?s={search_term_string}"},"query-input":{"@type":"PropertyValueSpecification","valueRequired":true,"valueName":"search_term_string"}}],"inLanguage":"nb-NO"}]}},"taxonomy_info":{"anvandningsomrade":[{"value":167,"label":"PERSONBIL"}],"bilmarken":[{"value":290,"label":"Tesla"}],"product_cat":[{"value":477,"label":"Canbus | EMC"}]},"featured_image_src_large":["https:\/\/xenonkungen.com\/wp-content\/uploads\/2025\/04\/SrycKL_w.png",1000,1000,false],"author_info":[],"comment_info":0,"_links":{"self":[{"href":"https:\/\/xenonkungen.com\/no\/wp-json\/wp\/v2\/product\/8890","targetHints":{"allow":["GET"]}}],"collection":[{"href":"https:\/\/xenonkungen.com\/no\/wp-json\/wp\/v2\/product"}],"about":[{"href":"https:\/\/xenonkungen.com\/no\/wp-json\/wp\/v2\/types\/product"}],"replies":[{"embeddable":true,"href":"https:\/\/xenonkungen.com\/no\/wp-json\/wp\/v2\/comments?post=8890"}],"wp:featuredmedia":[{"embeddable":true,"href":"https:\/\/xenonkungen.com\/no\/wp-json\/wp\/v2\/media\/8891"}],"wp:attachment":[{"href":"https:\/\/xenonkungen.com\/no\/wp-json\/wp\/v2\/media?parent=8890"}],"wp:term":[{"taxonomy":"anvandningsomrade","embeddable":true,"href":"https:\/\/xenonkungen.com\/no\/wp-json\/wp\/v2\/anvandningsomrade?post=8890"},{"taxonomy":"bilmarken","embeddable":true,"href":"https:\/\/xenonkungen.com\/no\/wp-json\/wp\/v2\/bilmarken?post=8890"},{"taxonomy":"product_brand","embeddable":true,"href":"https:\/\/xenonkungen.com\/no\/wp-json\/wp\/v2\/product_brand?post=8890"},{"taxonomy":"product_cat","embeddable":true,"href":"https:\/\/xenonkungen.com\/no\/wp-json\/wp\/v2\/product_cat?post=8890"},{"taxonomy":"product_tag","embeddable":true,"href":"https:\/\/xenonkungen.com\/no\/wp-json\/wp\/v2\/product_tag?post=8890"}],"curies":[{"name":"wp","href":"https:\/\/api.w.org\/{rel}","templated":true}]}}