{"id":8894,"date":"2025-04-15T10:10:49","date_gmt":"2025-04-15T10:10:49","guid":{"rendered":"https:\/\/xenonkungen.com\/product\/tesla-obd2-adapter-12pin-model-s-x-2012-2015\/"},"modified":"2026-04-29T08:41:10","modified_gmt":"2026-04-29T07:41:10","slug":"tesla-obd2-adapter-12-pinners-modell-sx-2012-2015","status":"publish","type":"product","link":"https:\/\/xenonkungen.com\/no\/produkt\/tesla-obd2-adapter-12-pinners-modell-sx-2012-2015\/","title":{"rendered":"Tesla OBD2-adapter 12PIN Model S | X | 2012-2015"},"content":{"rendered":"<h1>Tesla OBD2-adapter 12PIN Model S | X | 2012-2015 for XBB-dongle<\/h1>\n<p>Optimaliser Teslaen din med v\u00e5r <strong>Tesla OBD2-adapter 12PIN Model S | X | 2012-2015<\/strong>XBB Dongle er en uunnv\u00e6rlig f\u00f8lgesvenn til din XBB Dongle. Denne spesialtilpassede adapteren er skreddersydd for enkel tilkobling til XBB Dongle, og \u00e5pner d\u00f8ren til en verden av tilpasningsmuligheter for kj\u00f8ret\u00f8yet ditt.<\/p>\n<p>Bare koble adapteren til Teslaen din og bruk XBB Dongle til \u00e5 legge til ekstralys, LED-ramper, arbeidslys og mye mer. Denne adapteren er designet for enkelhet - det tar bare noen f\u00e5 \u00f8yeblikk \u00e5 installere den. Begynn med \u00e5 fjerne panelet mellom forsetene og baksetet, hvor du raskt finner kontakten til adapteren.<\/p>\n<p>Husk \u00e5 alltid s\u00f8rge for at Teslaen din er helt sl\u00e5tt av f\u00f8r du starter installasjonen, noe du gj\u00f8r under \"Sikkerhetsfanen\" p\u00e5 Tesla-skjermen. Med <strong>Tesla OBD2-adapter 12PIN Model S | X | 2012-2015<\/strong>Med en ny, avansert teknologi kan du ta bilen din til neste niv\u00e5 av teknologisk raffinement og tilpasning. Forvandle kj\u00f8reopplevelsen din i dag!<\/p>","protected":false},"excerpt":{"rendered":"<p>Adapter for \u00e5 koble XBB-donglen til Tesla Model S | X | 2012-2015<\/p>","protected":false},"featured_media":8895,"comment_status":"closed","ping_status":"open","template":"","meta":{"_acf_changed":false,"_smort_price_nok":"315","_smort_price_dkk":"200","_smort_price_eur":"26.82","_smort_sale_price_nok":"","_smort_sale_price_dkk":"","_smort_sale_price_eur":"","smort_restorder":"","shipmondo_restorder":"","_kad_blocks_custom_css":"","_kad_blocks_head_custom_js":"","_kad_blocks_body_custom_js":"","_kad_blocks_footer_custom_js":"","smort_custom_pricelist_1":"188.8","smort_custom_pricelist_2":"141.6","smort_custom_pricelist_3":"129.8","smort_custom_pricelist_4":"295","smort_custom_pricelist_5":"141.6"},"anvandningsomrade":[167],"bilmarken":[290],"product_brand":[],"product_cat":[477],"product_tag":[],"class_list":{"0":"post-8894","1":"product","2":"type-product","3":"status-publish","4":"has-post-thumbnail","6":"anvandningsomrade-personbil","7":"bilmarken-tesla","8":"product_cat-canbus-emc","10":"first","11":"instock","12":"taxable","13":"shipping-taxable","14":"purchasable","15":"product-type-simple"},"bundled_by":[],"bundle_stock_status":"instock","bundle_stock_quantity":92,"bundle_virtual":false,"bundle_layout":"","bundle_add_to_cart_form_location":"","bundle_editable_in_cart":false,"bundle_sold_individually_context":"","bundle_item_grouping":"","bundle_min_size":"","bundle_max_size":"","bundle_price":[],"bundled_items":[],"bundle_sell_ids":[],"acf":[],"yoast_head":"<!-- This site is optimized with the Yoast SEO plugin v27.0 - https:\/\/yoast.com\/product\/yoast-seo-wordpress\/ -->\n<title>Tesla OBD2 Adapter 12PIN Model S | X | 2012-2015 - Xenonkungen<\/title>\n<meta name=\"robots\" content=\"index, follow, max-snippet:-1, max-image-preview:large, max-video-preview:-1\" \/>\n<link rel=\"canonical\" href=\"https:\/\/xenonkungen.com\/no\/produkt\/tesla-obd2-adapter-12-pinners-modell-sx-2012-2015\/\" \/>\n<meta property=\"og:locale\" content=\"nb_NO\" \/>\n<meta property=\"og:type\" content=\"article\" \/>\n<meta property=\"og:title\" content=\"Tesla OBD2 Adapter 12PIN Model S | X | 2012-2015 - Xenonkungen\" \/>\n<meta property=\"og:description\" content=\"Adapter f\u00f6r att Koppla in XBB Dongle i din Tesla Model S | X | 2012-2015\" \/>\n<meta property=\"og:url\" content=\"https:\/\/xenonkungen.com\/no\/produkt\/tesla-obd2-adapter-12-pinners-modell-sx-2012-2015\/\" \/>\n<meta property=\"og:site_name\" content=\"Xenonkungen\" \/>\n<meta property=\"article:modified_time\" content=\"2026-04-29T07:41:10+00:00\" \/>\n<meta property=\"og:image\" content=\"https:\/\/xenonkungen.com\/wp-content\/uploads\/2025\/04\/erH3GPFw.png\" \/>\n\t<meta property=\"og:image:width\" content=\"1000\" \/>\n\t<meta property=\"og:image:height\" content=\"1000\" \/>\n\t<meta property=\"og:image:type\" content=\"image\/png\" \/>\n<meta name=\"twitter:card\" content=\"summary_large_image\" \/>\n<meta name=\"twitter:label1\" content=\"Ansl. lesetid\" \/>\n\t<meta name=\"twitter:data1\" content=\"1 minutt\" \/>\n<script type=\"application\/ld+json\" class=\"yoast-schema-graph\">{\"@context\":\"https:\/\/schema.org\",\"@graph\":[{\"@type\":\"WebPage\",\"@id\":\"https:\/\/xenonkungen.com\/produkt\/tesla-obd2-adapter-12pin-model-s-x-2012-2015\/\",\"url\":\"https:\/\/xenonkungen.com\/produkt\/tesla-obd2-adapter-12pin-model-s-x-2012-2015\/\",\"name\":\"Tesla OBD2 Adapter 12PIN Model S | X | 2012-2015 - Xenonkungen\",\"isPartOf\":{\"@id\":\"https:\/\/xenonkungen.com\/#website\"},\"primaryImageOfPage\":{\"@id\":\"https:\/\/xenonkungen.com\/produkt\/tesla-obd2-adapter-12pin-model-s-x-2012-2015\/#primaryimage\"},\"image\":{\"@id\":\"https:\/\/xenonkungen.com\/produkt\/tesla-obd2-adapter-12pin-model-s-x-2012-2015\/#primaryimage\"},\"thumbnailUrl\":\"https:\/\/xenonkungen.com\/wp-content\/uploads\/2025\/04\/erH3GPFw.png\",\"datePublished\":\"2025-04-15T10:10:49+00:00\",\"dateModified\":\"2026-04-29T07:41:10+00:00\",\"breadcrumb\":{\"@id\":\"https:\/\/xenonkungen.com\/produkt\/tesla-obd2-adapter-12pin-model-s-x-2012-2015\/#breadcrumb\"},\"inLanguage\":\"nb-NO\",\"potentialAction\":[{\"@type\":\"ReadAction\",\"target\":[\"https:\/\/xenonkungen.com\/produkt\/tesla-obd2-adapter-12pin-model-s-x-2012-2015\/\"]}]},{\"@type\":\"ImageObject\",\"inLanguage\":\"nb-NO\",\"@id\":\"https:\/\/xenonkungen.com\/produkt\/tesla-obd2-adapter-12pin-model-s-x-2012-2015\/#primaryimage\",\"url\":\"https:\/\/xenonkungen.com\/wp-content\/uploads\/2025\/04\/erH3GPFw.png\",\"contentUrl\":\"https:\/\/xenonkungen.com\/wp-content\/uploads\/2025\/04\/erH3GPFw.png\",\"width\":1000,\"height\":1000},{\"@type\":\"BreadcrumbList\",\"@id\":\"https:\/\/xenonkungen.com\/produkt\/tesla-obd2-adapter-12pin-model-s-x-2012-2015\/#breadcrumb\",\"itemListElement\":[{\"@type\":\"ListItem\",\"position\":1,\"name\":\"Hem\",\"item\":\"https:\/\/xenonkungen.com\/\"},{\"@type\":\"ListItem\",\"position\":2,\"name\":\"Shop\",\"item\":\"https:\/\/xenonkungen.com\/shop\/\"},{\"@type\":\"ListItem\",\"position\":3,\"name\":\"Tesla OBD2 Adapter 12PIN Model S | X | 2012-2015\"}]},{\"@type\":\"WebSite\",\"@id\":\"https:\/\/xenonkungen.com\/#website\",\"url\":\"https:\/\/xenonkungen.com\/\",\"name\":\"Xenonkungen\",\"description\":\"\",\"potentialAction\":[{\"@type\":\"SearchAction\",\"target\":{\"@type\":\"EntryPoint\",\"urlTemplate\":\"https:\/\/xenonkungen.com\/?s={search_term_string}\"},\"query-input\":{\"@type\":\"PropertyValueSpecification\",\"valueRequired\":true,\"valueName\":\"search_term_string\"}}],\"inLanguage\":\"nb-NO\"}]}<\/script>\n<!-- \/ Yoast SEO plugin. -->","yoast_head_json":{"title":"Tesla OBD2-adapter 12-pinners modell S | X | 2012-2015 - Xenon-kongen","robots":{"index":"index","follow":"follow","max-snippet":"max-snippet:-1","max-image-preview":"max-image-preview:large","max-video-preview":"max-video-preview:-1"},"canonical":"https:\/\/xenonkungen.com\/no\/produkt\/tesla-obd2-adapter-12-pinners-modell-sx-2012-2015\/","og_locale":"nb_NO","og_type":"article","og_title":"Tesla OBD2 Adapter 12PIN Model S | X | 2012-2015 - Xenonkungen","og_description":"Adapter f\u00f6r att Koppla in XBB Dongle i din Tesla Model S | X | 2012-2015","og_url":"https:\/\/xenonkungen.com\/no\/produkt\/tesla-obd2-adapter-12-pinners-modell-sx-2012-2015\/","og_site_name":"Xenonkungen","article_modified_time":"2026-04-29T07:41:10+00:00","og_image":[{"width":1000,"height":1000,"url":"https:\/\/xenonkungen.com\/wp-content\/uploads\/2025\/04\/erH3GPFw.png","type":"image\/png"}],"twitter_card":"summary_large_image","twitter_misc":{"Ansl. lesetid":"1 minutt"},"schema":{"@context":"https:\/\/schema.org","@graph":[{"@type":"WebPage","@id":"https:\/\/xenonkungen.com\/produkt\/tesla-obd2-adapter-12pin-model-s-x-2012-2015\/","url":"https:\/\/xenonkungen.com\/produkt\/tesla-obd2-adapter-12pin-model-s-x-2012-2015\/","name":"Tesla OBD2-adapter 12-pinners modell S | X | 2012-2015 - Xenon-kongen","isPartOf":{"@id":"https:\/\/xenonkungen.com\/#website"},"primaryImageOfPage":{"@id":"https:\/\/xenonkungen.com\/produkt\/tesla-obd2-adapter-12pin-model-s-x-2012-2015\/#primaryimage"},"image":{"@id":"https:\/\/xenonkungen.com\/produkt\/tesla-obd2-adapter-12pin-model-s-x-2012-2015\/#primaryimage"},"thumbnailUrl":"https:\/\/xenonkungen.com\/wp-content\/uploads\/2025\/04\/erH3GPFw.png","datePublished":"2025-04-15T10:10:49+00:00","dateModified":"2026-04-29T07:41:10+00:00","breadcrumb":{"@id":"https:\/\/xenonkungen.com\/produkt\/tesla-obd2-adapter-12pin-model-s-x-2012-2015\/#breadcrumb"},"inLanguage":"nb-NO","potentialAction":[{"@type":"ReadAction","target":["https:\/\/xenonkungen.com\/produkt\/tesla-obd2-adapter-12pin-model-s-x-2012-2015\/"]}]},{"@type":"ImageObject","inLanguage":"nb-NO","@id":"https:\/\/xenonkungen.com\/produkt\/tesla-obd2-adapter-12pin-model-s-x-2012-2015\/#primaryimage","url":"https:\/\/xenonkungen.com\/wp-content\/uploads\/2025\/04\/erH3GPFw.png","contentUrl":"https:\/\/xenonkungen.com\/wp-content\/uploads\/2025\/04\/erH3GPFw.png","width":1000,"height":1000},{"@type":"BreadcrumbList","@id":"https:\/\/xenonkungen.com\/produkt\/tesla-obd2-adapter-12pin-model-s-x-2012-2015\/#breadcrumb","itemListElement":[{"@type":"ListItem","position":1,"name":"Hem","item":"https:\/\/xenonkungen.com\/"},{"@type":"ListItem","position":2,"name":"Shop","item":"https:\/\/xenonkungen.com\/shop\/"},{"@type":"ListItem","position":3,"name":"Tesla OBD2 Adapter 12PIN Model S | X | 2012-2015"}]},{"@type":"WebSite","@id":"https:\/\/xenonkungen.com\/#website","url":"https:\/\/xenonkungen.com\/","name":"Xenonkungen","description":"","potentialAction":[{"@type":"SearchAction","target":{"@type":"EntryPoint","urlTemplate":"https:\/\/xenonkungen.com\/?s={search_term_string}"},"query-input":{"@type":"PropertyValueSpecification","valueRequired":true,"valueName":"search_term_string"}}],"inLanguage":"nb-NO"}]}},"taxonomy_info":{"anvandningsomrade":[{"value":167,"label":"PERSONBIL"}],"bilmarken":[{"value":290,"label":"Tesla"}],"product_cat":[{"value":477,"label":"Canbus | EMC"}]},"featured_image_src_large":["https:\/\/xenonkungen.com\/wp-content\/uploads\/2025\/04\/erH3GPFw.png",1000,1000,false],"author_info":[],"comment_info":0,"_links":{"self":[{"href":"https:\/\/xenonkungen.com\/no\/wp-json\/wp\/v2\/product\/8894","targetHints":{"allow":["GET"]}}],"collection":[{"href":"https:\/\/xenonkungen.com\/no\/wp-json\/wp\/v2\/product"}],"about":[{"href":"https:\/\/xenonkungen.com\/no\/wp-json\/wp\/v2\/types\/product"}],"replies":[{"embeddable":true,"href":"https:\/\/xenonkungen.com\/no\/wp-json\/wp\/v2\/comments?post=8894"}],"wp:featuredmedia":[{"embeddable":true,"href":"https:\/\/xenonkungen.com\/no\/wp-json\/wp\/v2\/media\/8895"}],"wp:attachment":[{"href":"https:\/\/xenonkungen.com\/no\/wp-json\/wp\/v2\/media?parent=8894"}],"wp:term":[{"taxonomy":"anvandningsomrade","embeddable":true,"href":"https:\/\/xenonkungen.com\/no\/wp-json\/wp\/v2\/anvandningsomrade?post=8894"},{"taxonomy":"bilmarken","embeddable":true,"href":"https:\/\/xenonkungen.com\/no\/wp-json\/wp\/v2\/bilmarken?post=8894"},{"taxonomy":"product_brand","embeddable":true,"href":"https:\/\/xenonkungen.com\/no\/wp-json\/wp\/v2\/product_brand?post=8894"},{"taxonomy":"product_cat","embeddable":true,"href":"https:\/\/xenonkungen.com\/no\/wp-json\/wp\/v2\/product_cat?post=8894"},{"taxonomy":"product_tag","embeddable":true,"href":"https:\/\/xenonkungen.com\/no\/wp-json\/wp\/v2\/product_tag?post=8894"}],"curies":[{"name":"wp","href":"https:\/\/api.w.org\/{rel}","templated":true}]}}