{"id":8944,"date":"2025-04-15T10:11:42","date_gmt":"2025-04-15T10:11:42","guid":{"rendered":"https:\/\/xenonkungen.com\/product\/dokumentbehallare-roll\/"},"modified":"2026-04-11T00:03:22","modified_gmt":"2026-04-10T23:03:22","slug":"dokumentbeholderrolle","status":"publish","type":"product","link":"https:\/\/xenonkungen.com\/no\/produkt\/dokumentbeholderrolle\/","title":{"rendered":"Dokumentbeholder ROLL"},"content":{"rendered":"<h1>Robust og vanntett dokumentholder for kj\u00f8ret\u00f8y<\/h1>\n<p>Hold viktige dokumenter beskyttet og lett tilgjengelig med v\u00e5r sylinderformede, vanntette dokumentholder i stilig svart utf\u00f8relse. Den er designet for enkel montering i bilen og tilbyr praktisk og sikker oppbevaring av registreringsbevis, serviceb\u00f8ker og andre viktige papirer.<\/p>\n<p>Denne dokumentholderen er laget av slitesterk termoplast, og er ikke bare b\u00e6rekraftig, men ogs\u00e5 milj\u00f8vennlig - etter endt livssyklus kan den resirkuleres og omproduseres til nye produkter. Perfekt for deg som \u00f8nsker \u00e5 kombinere funksjonalitet med b\u00e6rekraft!<\/p>","protected":false},"excerpt":{"rendered":"<p>Robust och vattent\u00e4t dokumenth\u00e5llare f\u00f6r fordon H\u00e5ll dina viktiga dokument skyddade och l\u00e4ttillg\u00e4ngliga med v\u00e5r cylindriska, vattent\u00e4ta dokumenth\u00e5llare i stilrent svart utf\u00f6rande. Designad f\u00f6r enkel montering i fordon, erbjuder den en praktisk och s\u00e4ker f\u00f6rvaring av registreringsbevis, serviceb\u00f6cker och andra viktiga papper. Tillverkad av slitstark termoplast, \u00e4r denna dokumenth\u00e5llare inte bara h\u00e5llbar utan ocks\u00e5 milj\u00f6v\u00e4nlig [&hellip;]<\/p>","protected":false},"featured_media":8945,"comment_status":"closed","ping_status":"open","template":"","meta":{"_acf_changed":false,"_smort_price_nok":"298","_smort_price_dkk":"189","_smort_price_eur":"25.36","_smort_sale_price_nok":"","_smort_sale_price_dkk":"","_smort_sale_price_eur":"","smort_restorder":"","shipmondo_restorder":"","_kad_blocks_custom_css":"","_kad_blocks_head_custom_js":"","_kad_blocks_body_custom_js":"","_kad_blocks_footer_custom_js":"","smort_custom_pricelist_1":"185.6","smort_custom_pricelist_2":"185.6","smort_custom_pricelist_3":"185.6","smort_custom_pricelist_4":"232","smort_custom_pricelist_5":"185.6"},"anvandningsomrade":[],"bilmarken":[],"product_brand":[2790],"product_cat":[16],"product_tag":[],"class_list":{"0":"post-8944","1":"product","2":"type-product","3":"status-publish","4":"has-post-thumbnail","6":"product_brand-abkati","7":"product_cat-uncategorized","9":"first","10":"onbackorder","11":"taxable","12":"shipping-taxable","13":"purchasable","14":"product-type-simple"},"bundled_by":[],"bundle_stock_status":"onbackorder","bundle_stock_quantity":0,"bundle_virtual":false,"bundle_layout":"","bundle_add_to_cart_form_location":"","bundle_editable_in_cart":false,"bundle_sold_individually_context":"","bundle_item_grouping":"","bundle_min_size":"","bundle_max_size":"","bundle_price":[],"bundled_items":[],"bundle_sell_ids":[],"acf":[],"yoast_head":"<!-- This site is optimized with the Yoast SEO plugin v27.0 - https:\/\/yoast.com\/product\/yoast-seo-wordpress\/ -->\n<title>Dokumentbeh\u00e5llare ROLL - Xenonkungen<\/title>\n<meta name=\"robots\" content=\"index, follow, max-snippet:-1, max-image-preview:large, max-video-preview:-1\" \/>\n<link rel=\"canonical\" href=\"https:\/\/xenonkungen.com\/no\/produkt\/dokumentbeholderrolle\/\" \/>\n<meta property=\"og:locale\" content=\"nb_NO\" \/>\n<meta property=\"og:type\" content=\"article\" \/>\n<meta property=\"og:title\" content=\"Dokumentbeh\u00e5llare ROLL - Xenonkungen\" \/>\n<meta property=\"og:description\" content=\"Robust och vattent\u00e4t dokumenth\u00e5llare f\u00f6r fordon H\u00e5ll dina viktiga dokument skyddade och l\u00e4ttillg\u00e4ngliga med v\u00e5r cylindriska, vattent\u00e4ta dokumenth\u00e5llare i stilrent svart utf\u00f6rande. Designad f\u00f6r enkel montering i fordon, erbjuder den en praktisk och s\u00e4ker f\u00f6rvaring av registreringsbevis, serviceb\u00f6cker och andra viktiga papper. Tillverkad av slitstark termoplast, \u00e4r denna dokumenth\u00e5llare inte bara h\u00e5llbar utan ocks\u00e5 milj\u00f6v\u00e4nlig [&hellip;]\" \/>\n<meta property=\"og:url\" content=\"https:\/\/xenonkungen.com\/no\/produkt\/dokumentbeholderrolle\/\" \/>\n<meta property=\"og:site_name\" content=\"Xenonkungen\" \/>\n<meta property=\"article:modified_time\" content=\"2026-04-10T23:03:22+00:00\" \/>\n<meta property=\"og:image\" content=\"https:\/\/xenonkungen.com\/wp-content\/uploads\/2025\/04\/2181550D.02.png\" \/>\n\t<meta property=\"og:image:width\" content=\"951\" \/>\n\t<meta property=\"og:image:height\" content=\"714\" \/>\n\t<meta property=\"og:image:type\" content=\"image\/png\" \/>\n<meta name=\"twitter:card\" content=\"summary_large_image\" \/>\n<script type=\"application\/ld+json\" class=\"yoast-schema-graph\">{\"@context\":\"https:\/\/schema.org\",\"@graph\":[{\"@type\":\"WebPage\",\"@id\":\"https:\/\/xenonkungen.com\/no\/produkt\/dokumentbeholderrolle\/\",\"url\":\"https:\/\/xenonkungen.com\/no\/produkt\/dokumentbeholderrolle\/\",\"name\":\"Dokumentbeh\u00e5llare ROLL - Xenonkungen\",\"isPartOf\":{\"@id\":\"https:\/\/xenonkungen.com\/#website\"},\"primaryImageOfPage\":{\"@id\":\"https:\/\/xenonkungen.com\/no\/produkt\/dokumentbeholderrolle\/#primaryimage\"},\"image\":{\"@id\":\"https:\/\/xenonkungen.com\/no\/produkt\/dokumentbeholderrolle\/#primaryimage\"},\"thumbnailUrl\":\"https:\/\/xenonkungen.com\/wp-content\/uploads\/2025\/04\/2181550D.02.png\",\"datePublished\":\"2025-04-15T10:11:42+00:00\",\"dateModified\":\"2026-04-10T23:03:22+00:00\",\"breadcrumb\":{\"@id\":\"https:\/\/xenonkungen.com\/no\/produkt\/dokumentbeholderrolle\/#breadcrumb\"},\"inLanguage\":\"nb-NO\",\"potentialAction\":[{\"@type\":\"ReadAction\",\"target\":[\"https:\/\/xenonkungen.com\/no\/produkt\/dokumentbeholderrolle\/\"]}]},{\"@type\":\"ImageObject\",\"inLanguage\":\"nb-NO\",\"@id\":\"https:\/\/xenonkungen.com\/no\/produkt\/dokumentbeholderrolle\/#primaryimage\",\"url\":\"https:\/\/xenonkungen.com\/wp-content\/uploads\/2025\/04\/2181550D.02.png\",\"contentUrl\":\"https:\/\/xenonkungen.com\/wp-content\/uploads\/2025\/04\/2181550D.02.png\",\"width\":951,\"height\":714},{\"@type\":\"BreadcrumbList\",\"@id\":\"https:\/\/xenonkungen.com\/no\/produkt\/dokumentbeholderrolle\/#breadcrumb\",\"itemListElement\":[{\"@type\":\"ListItem\",\"position\":1,\"name\":\"Hem\",\"item\":\"https:\/\/xenonkungen.com\/\"},{\"@type\":\"ListItem\",\"position\":2,\"name\":\"Shop\",\"item\":\"https:\/\/xenonkungen.com\/shop\/\"},{\"@type\":\"ListItem\",\"position\":3,\"name\":\"Dokumentbeh\u00e5llare ROLL\"}]},{\"@type\":\"WebSite\",\"@id\":\"https:\/\/xenonkungen.com\/#website\",\"url\":\"https:\/\/xenonkungen.com\/\",\"name\":\"Xenonkungen\",\"description\":\"\",\"potentialAction\":[{\"@type\":\"SearchAction\",\"target\":{\"@type\":\"EntryPoint\",\"urlTemplate\":\"https:\/\/xenonkungen.com\/?s={search_term_string}\"},\"query-input\":{\"@type\":\"PropertyValueSpecification\",\"valueRequired\":true,\"valueName\":\"search_term_string\"}}],\"inLanguage\":\"nb-NO\"}]}<\/script>\n<!-- \/ Yoast SEO plugin. -->","yoast_head_json":{"title":"Dokumentbeholder RULL - Xenonkungen","robots":{"index":"index","follow":"follow","max-snippet":"max-snippet:-1","max-image-preview":"max-image-preview:large","max-video-preview":"max-video-preview:-1"},"canonical":"https:\/\/xenonkungen.com\/no\/produkt\/dokumentbeholderrolle\/","og_locale":"nb_NO","og_type":"article","og_title":"Dokumentbeh\u00e5llare ROLL - Xenonkungen","og_description":"Robust och vattent\u00e4t dokumenth\u00e5llare f\u00f6r fordon H\u00e5ll dina viktiga dokument skyddade och l\u00e4ttillg\u00e4ngliga med v\u00e5r cylindriska, vattent\u00e4ta dokumenth\u00e5llare i stilrent svart utf\u00f6rande. Designad f\u00f6r enkel montering i fordon, erbjuder den en praktisk och s\u00e4ker f\u00f6rvaring av registreringsbevis, serviceb\u00f6cker och andra viktiga papper. Tillverkad av slitstark termoplast, \u00e4r denna dokumenth\u00e5llare inte bara h\u00e5llbar utan ocks\u00e5 milj\u00f6v\u00e4nlig [&hellip;]","og_url":"https:\/\/xenonkungen.com\/no\/produkt\/dokumentbeholderrolle\/","og_site_name":"Xenonkungen","article_modified_time":"2026-04-10T23:03:22+00:00","og_image":[{"width":951,"height":714,"url":"https:\/\/xenonkungen.com\/wp-content\/uploads\/2025\/04\/2181550D.02.png","type":"image\/png"}],"twitter_card":"summary_large_image","schema":{"@context":"https:\/\/schema.org","@graph":[{"@type":"WebPage","@id":"https:\/\/xenonkungen.com\/no\/produkt\/dokumentbeholderrolle\/","url":"https:\/\/xenonkungen.com\/no\/produkt\/dokumentbeholderrolle\/","name":"Dokumentbeholder RULL - Xenonkungen","isPartOf":{"@id":"https:\/\/xenonkungen.com\/#website"},"primaryImageOfPage":{"@id":"https:\/\/xenonkungen.com\/no\/produkt\/dokumentbeholderrolle\/#primaryimage"},"image":{"@id":"https:\/\/xenonkungen.com\/no\/produkt\/dokumentbeholderrolle\/#primaryimage"},"thumbnailUrl":"https:\/\/xenonkungen.com\/wp-content\/uploads\/2025\/04\/2181550D.02.png","datePublished":"2025-04-15T10:11:42+00:00","dateModified":"2026-04-10T23:03:22+00:00","breadcrumb":{"@id":"https:\/\/xenonkungen.com\/no\/produkt\/dokumentbeholderrolle\/#breadcrumb"},"inLanguage":"nb-NO","potentialAction":[{"@type":"ReadAction","target":["https:\/\/xenonkungen.com\/no\/produkt\/dokumentbeholderrolle\/"]}]},{"@type":"ImageObject","inLanguage":"nb-NO","@id":"https:\/\/xenonkungen.com\/no\/produkt\/dokumentbeholderrolle\/#primaryimage","url":"https:\/\/xenonkungen.com\/wp-content\/uploads\/2025\/04\/2181550D.02.png","contentUrl":"https:\/\/xenonkungen.com\/wp-content\/uploads\/2025\/04\/2181550D.02.png","width":951,"height":714},{"@type":"BreadcrumbList","@id":"https:\/\/xenonkungen.com\/no\/produkt\/dokumentbeholderrolle\/#breadcrumb","itemListElement":[{"@type":"ListItem","position":1,"name":"Hem","item":"https:\/\/xenonkungen.com\/"},{"@type":"ListItem","position":2,"name":"Shop","item":"https:\/\/xenonkungen.com\/shop\/"},{"@type":"ListItem","position":3,"name":"Dokumentbeh\u00e5llare ROLL"}]},{"@type":"WebSite","@id":"https:\/\/xenonkungen.com\/#website","url":"https:\/\/xenonkungen.com\/","name":"Xenonkungen","description":"","potentialAction":[{"@type":"SearchAction","target":{"@type":"EntryPoint","urlTemplate":"https:\/\/xenonkungen.com\/?s={search_term_string}"},"query-input":{"@type":"PropertyValueSpecification","valueRequired":true,"valueName":"search_term_string"}}],"inLanguage":"nb-NO"}]}},"taxonomy_info":{"product_brand":[{"value":2790,"label":"Abkati"}],"product_cat":[{"value":16,"label":"Uncategorized"}]},"featured_image_src_large":["https:\/\/xenonkungen.com\/wp-content\/uploads\/2025\/04\/2181550D.02.png",951,714,false],"author_info":[],"comment_info":0,"_links":{"self":[{"href":"https:\/\/xenonkungen.com\/no\/wp-json\/wp\/v2\/product\/8944","targetHints":{"allow":["GET"]}}],"collection":[{"href":"https:\/\/xenonkungen.com\/no\/wp-json\/wp\/v2\/product"}],"about":[{"href":"https:\/\/xenonkungen.com\/no\/wp-json\/wp\/v2\/types\/product"}],"replies":[{"embeddable":true,"href":"https:\/\/xenonkungen.com\/no\/wp-json\/wp\/v2\/comments?post=8944"}],"wp:featuredmedia":[{"embeddable":true,"href":"https:\/\/xenonkungen.com\/no\/wp-json\/wp\/v2\/media\/8945"}],"wp:attachment":[{"href":"https:\/\/xenonkungen.com\/no\/wp-json\/wp\/v2\/media?parent=8944"}],"wp:term":[{"taxonomy":"anvandningsomrade","embeddable":true,"href":"https:\/\/xenonkungen.com\/no\/wp-json\/wp\/v2\/anvandningsomrade?post=8944"},{"taxonomy":"bilmarken","embeddable":true,"href":"https:\/\/xenonkungen.com\/no\/wp-json\/wp\/v2\/bilmarken?post=8944"},{"taxonomy":"product_brand","embeddable":true,"href":"https:\/\/xenonkungen.com\/no\/wp-json\/wp\/v2\/product_brand?post=8944"},{"taxonomy":"product_cat","embeddable":true,"href":"https:\/\/xenonkungen.com\/no\/wp-json\/wp\/v2\/product_cat?post=8944"},{"taxonomy":"product_tag","embeddable":true,"href":"https:\/\/xenonkungen.com\/no\/wp-json\/wp\/v2\/product_tag?post=8944"}],"curies":[{"name":"wp","href":"https:\/\/api.w.org\/{rel}","templated":true}]}}