{"id":8946,"date":"2025-04-15T10:11:42","date_gmt":"2025-04-15T10:11:42","guid":{"rendered":"https:\/\/xenonkungen.com\/product\/atlas-extreme-2bt-universal-remote-controll\/"},"modified":"2026-04-26T13:38:19","modified_gmt":"2026-04-26T12:38:19","slug":"atlas-extreme-2bt-universalfjernkontroll","status":"publish","type":"product","link":"https:\/\/xenonkungen.com\/no\/produkt\/atlas-extreme-2bt-universalfjernkontroll\/","title":{"rendered":"Atlas Extreme 2BT Universal fjernkontroll"},"content":{"rendered":"<h2>Atlas Extreme - Universell kontroll for bakl\u00f8fter<\/h2>\n<p><strong>Robust, p\u00e5litelig og bygget for \u00e5 fungere under alle forhold.<\/strong><\/p>\n<p><strong>Atlas Extreme<\/strong> er den ultimate toknappskontrollen for bakl\u00f8ftere. Med en smart <strong>enkel tilkobling med ledning<\/strong> og inkluderte <strong>7-pinners kontakt (7N)<\/strong> Installasjonen er b\u00e5de rask og enkel - rett ut av esken.<\/p>\n<h3>Designet for de t\u00f8ffeste klimaer<\/h3>\n<p>Atlas Extreme er bygget for \u00e5 t\u00e5le alt, fra iskalde vintermorgener til glohete sommerdager. Med en <strong>temperaturbestandighet fra -40 \u00b0C til +90 \u00b0C<\/strong> og et slitesterkt kabinett laget av <strong>ABS-plast og gummi<\/strong> den leverer p\u00e5litelig ytelse \u00e5ret rundt.<\/p>\n<h3>Praktisk og sikker oppbevaring<\/h3>\n<p>Den <strong>integrerte magneter<\/strong> gj\u00f8r det enkelt \u00e5 oppbevare kontrollen direkte p\u00e5 kj\u00f8ret\u00f8yet - sterk, sikker og alltid innen rekkevidde.<\/p>\n<h3>Motstandsdyktig i t\u00f8ffe milj\u00f8er<\/h3>\n<ul>\n<li><strong>IP67-klassifisert<\/strong> - st\u00f8v- og vanntett<\/li>\n<li><strong>IK09 vibrasjonsbeskyttelse<\/strong> - t\u00e5ler st\u00f8t og r\u00f8ff h\u00e5ndtering<\/li>\n<li><strong>3,5 meter spiralkabel<\/strong> - gir fleksibel rekkevidde og reduserer floker<\/li>\n<\/ul>\n<p><strong>Atlas Extreme<\/strong> passer til de fleste biler og er et opplagt valg for deg som \u00f8nsker en p\u00e5litelig og brukervennlig baklukekontroll med ekstra lang levetid.<\/p>\n<p><strong>Bruksomr\u00e5der:<\/strong><\/p>\n<p>Svingkraner<br \/>Haleheiser<br \/>Heiser foran<br \/>L\u00f8ftekran<br \/>Skyttelkontroll<br \/>L\u00f8fting av taljer<br \/>Sakselifter<br \/>Heng kontrollstasjon 3-knapp<br \/>Man\u00f8vreringsenheter<br \/>Pendelaktuator<br \/>Kontrollstasjon<\/p>","protected":false},"excerpt":{"rendered":"<p>Atlas Extreme \u2013 Universell kontroll till bakgavellyft Robust, p\u00e5litlig och byggd f\u00f6r att prestera i alla f\u00f6rh\u00e5llanden. Atlas Extreme \u00e4r den ultimata tv\u00e5knappskontrollen f\u00f6r bakgavellyftar. Med en smart easy-wire-anslutning och inkluderad 7-polig kontakt (7N) \u00e4r installationen b\u00e5de snabb och smidig \u2013 direkt ur kartong. Designad f\u00f6r det tuffaste klimatet Fr\u00e5n iskalla vintermorgnar till stekheta sommardagar [&hellip;]<\/p>","protected":false},"featured_media":8947,"comment_status":"closed","ping_status":"open","template":"","meta":{"_acf_changed":false,"_smort_price_nok":"2238","_smort_price_dkk":"1422","_smort_price_eur":"190.45","_smort_sale_price_nok":"","_smort_sale_price_dkk":"","_smort_sale_price_eur":"","smort_restorder":"","shipmondo_restorder":"","_kad_blocks_custom_css":"","_kad_blocks_head_custom_js":"","_kad_blocks_body_custom_js":"","_kad_blocks_footer_custom_js":"","smort_custom_pricelist_1":"1340.8","smort_custom_pricelist_2":"1173.2","smort_custom_pricelist_3":"1089.4","smort_custom_pricelist_4":"1676","smort_custom_pricelist_5":"1173.2"},"anvandningsomrade":[],"bilmarken":[],"product_brand":[117],"product_cat":[3074,727],"product_tag":[],"class_list":{"0":"post-8946","1":"product","2":"type-product","3":"status-publish","4":"has-post-thumbnail","6":"product_brand-xenonkungen","7":"product_cat-universalfasten","8":"product_cat-tillbehor","9":"pa_fuktskydd-varde-ipxx-ip67","10":"pa_storlek-mm-1715x77x45","12":"first","13":"onbackorder","14":"taxable","15":"shipping-taxable","16":"purchasable","17":"product-type-simple"},"bundled_by":[],"bundle_stock_status":"onbackorder","bundle_stock_quantity":0,"bundle_virtual":false,"bundle_layout":"","bundle_add_to_cart_form_location":"","bundle_editable_in_cart":false,"bundle_sold_individually_context":"","bundle_item_grouping":"","bundle_min_size":"","bundle_max_size":"","bundle_price":[],"bundled_items":[],"bundle_sell_ids":[],"acf":[],"yoast_head":"<!-- This site is optimized with the Yoast SEO plugin v27.0 - https:\/\/yoast.com\/product\/yoast-seo-wordpress\/ -->\n<title>Atlas Extreme 2BT Universal Remote Controll - Xenonkungen<\/title>\n<meta name=\"robots\" content=\"index, follow, max-snippet:-1, max-image-preview:large, max-video-preview:-1\" \/>\n<link rel=\"canonical\" href=\"https:\/\/xenonkungen.com\/no\/produkt\/atlas-extreme-2bt-universalfjernkontroll\/\" \/>\n<meta property=\"og:locale\" content=\"nb_NO\" \/>\n<meta property=\"og:type\" content=\"article\" \/>\n<meta property=\"og:title\" content=\"Atlas Extreme 2BT Universal Remote Controll - Xenonkungen\" \/>\n<meta property=\"og:description\" content=\"Atlas Extreme \u2013 Universell kontroll till bakgavellyft Robust, p\u00e5litlig och byggd f\u00f6r att prestera i alla f\u00f6rh\u00e5llanden. Atlas Extreme \u00e4r den ultimata tv\u00e5knappskontrollen f\u00f6r bakgavellyftar. Med en smart easy-wire-anslutning och inkluderad 7-polig kontakt (7N) \u00e4r installationen b\u00e5de snabb och smidig \u2013 direkt ur kartong. Designad f\u00f6r det tuffaste klimatet Fr\u00e5n iskalla vintermorgnar till stekheta sommardagar [&hellip;]\" \/>\n<meta property=\"og:url\" content=\"https:\/\/xenonkungen.com\/no\/produkt\/atlas-extreme-2bt-universalfjernkontroll\/\" \/>\n<meta property=\"og:site_name\" content=\"Xenonkungen\" \/>\n<meta property=\"article:modified_time\" content=\"2026-04-26T12:38:19+00:00\" \/>\n<meta property=\"og:image\" content=\"https:\/\/xenonkungen.com\/wp-content\/uploads\/2025\/04\/E4000-800x800-1.jpg\" \/>\n\t<meta property=\"og:image:width\" content=\"800\" \/>\n\t<meta property=\"og:image:height\" content=\"800\" \/>\n\t<meta property=\"og:image:type\" content=\"image\/jpeg\" \/>\n<meta name=\"twitter:card\" content=\"summary_large_image\" \/>\n<meta name=\"twitter:label1\" content=\"Ansl. lesetid\" \/>\n\t<meta name=\"twitter:data1\" content=\"1 minutt\" \/>\n<script type=\"application\/ld+json\" class=\"yoast-schema-graph\">{\"@context\":\"https:\/\/schema.org\",\"@graph\":[{\"@type\":\"WebPage\",\"@id\":\"https:\/\/xenonkungen.com\/produkt\/atlas-extreme-2bt-universal-remote-controll\/\",\"url\":\"https:\/\/xenonkungen.com\/produkt\/atlas-extreme-2bt-universal-remote-controll\/\",\"name\":\"Atlas Extreme 2BT Universal Remote Controll - Xenonkungen\",\"isPartOf\":{\"@id\":\"https:\/\/xenonkungen.com\/#website\"},\"primaryImageOfPage\":{\"@id\":\"https:\/\/xenonkungen.com\/produkt\/atlas-extreme-2bt-universal-remote-controll\/#primaryimage\"},\"image\":{\"@id\":\"https:\/\/xenonkungen.com\/produkt\/atlas-extreme-2bt-universal-remote-controll\/#primaryimage\"},\"thumbnailUrl\":\"https:\/\/xenonkungen.com\/wp-content\/uploads\/2025\/04\/E4000-800x800-1.jpg\",\"datePublished\":\"2025-04-15T10:11:42+00:00\",\"dateModified\":\"2026-04-26T12:38:19+00:00\",\"breadcrumb\":{\"@id\":\"https:\/\/xenonkungen.com\/produkt\/atlas-extreme-2bt-universal-remote-controll\/#breadcrumb\"},\"inLanguage\":\"nb-NO\",\"potentialAction\":[{\"@type\":\"ReadAction\",\"target\":[\"https:\/\/xenonkungen.com\/produkt\/atlas-extreme-2bt-universal-remote-controll\/\"]}]},{\"@type\":\"ImageObject\",\"inLanguage\":\"nb-NO\",\"@id\":\"https:\/\/xenonkungen.com\/produkt\/atlas-extreme-2bt-universal-remote-controll\/#primaryimage\",\"url\":\"https:\/\/xenonkungen.com\/wp-content\/uploads\/2025\/04\/E4000-800x800-1.jpg\",\"contentUrl\":\"https:\/\/xenonkungen.com\/wp-content\/uploads\/2025\/04\/E4000-800x800-1.jpg\",\"width\":800,\"height\":800},{\"@type\":\"BreadcrumbList\",\"@id\":\"https:\/\/xenonkungen.com\/produkt\/atlas-extreme-2bt-universal-remote-controll\/#breadcrumb\",\"itemListElement\":[{\"@type\":\"ListItem\",\"position\":1,\"name\":\"Hem\",\"item\":\"https:\/\/xenonkungen.com\/\"},{\"@type\":\"ListItem\",\"position\":2,\"name\":\"Shop\",\"item\":\"https:\/\/xenonkungen.com\/shop\/\"},{\"@type\":\"ListItem\",\"position\":3,\"name\":\"Atlas Extreme 2BT Universal Remote Controll\"}]},{\"@type\":\"WebSite\",\"@id\":\"https:\/\/xenonkungen.com\/#website\",\"url\":\"https:\/\/xenonkungen.com\/\",\"name\":\"Xenonkungen\",\"description\":\"\",\"potentialAction\":[{\"@type\":\"SearchAction\",\"target\":{\"@type\":\"EntryPoint\",\"urlTemplate\":\"https:\/\/xenonkungen.com\/?s={search_term_string}\"},\"query-input\":{\"@type\":\"PropertyValueSpecification\",\"valueRequired\":true,\"valueName\":\"search_term_string\"}}],\"inLanguage\":\"nb-NO\"}]}<\/script>\n<!-- \/ Yoast SEO plugin. -->","yoast_head_json":{"title":"Atlas Extreme 2BT universalfjernkontroll \u2013 Xenon-kongen","robots":{"index":"index","follow":"follow","max-snippet":"max-snippet:-1","max-image-preview":"max-image-preview:large","max-video-preview":"max-video-preview:-1"},"canonical":"https:\/\/xenonkungen.com\/no\/produkt\/atlas-extreme-2bt-universalfjernkontroll\/","og_locale":"nb_NO","og_type":"article","og_title":"Atlas Extreme 2BT Universal Remote Controll - Xenonkungen","og_description":"Atlas Extreme \u2013 Universell kontroll till bakgavellyft Robust, p\u00e5litlig och byggd f\u00f6r att prestera i alla f\u00f6rh\u00e5llanden. Atlas Extreme \u00e4r den ultimata tv\u00e5knappskontrollen f\u00f6r bakgavellyftar. Med en smart easy-wire-anslutning och inkluderad 7-polig kontakt (7N) \u00e4r installationen b\u00e5de snabb och smidig \u2013 direkt ur kartong. Designad f\u00f6r det tuffaste klimatet Fr\u00e5n iskalla vintermorgnar till stekheta sommardagar [&hellip;]","og_url":"https:\/\/xenonkungen.com\/no\/produkt\/atlas-extreme-2bt-universalfjernkontroll\/","og_site_name":"Xenonkungen","article_modified_time":"2026-04-26T12:38:19+00:00","og_image":[{"width":800,"height":800,"url":"https:\/\/xenonkungen.com\/wp-content\/uploads\/2025\/04\/E4000-800x800-1.jpg","type":"image\/jpeg"}],"twitter_card":"summary_large_image","twitter_misc":{"Ansl. lesetid":"1 minutt"},"schema":{"@context":"https:\/\/schema.org","@graph":[{"@type":"WebPage","@id":"https:\/\/xenonkungen.com\/produkt\/atlas-extreme-2bt-universal-remote-controll\/","url":"https:\/\/xenonkungen.com\/produkt\/atlas-extreme-2bt-universal-remote-controll\/","name":"Atlas Extreme 2BT universalfjernkontroll \u2013 Xenon-kongen","isPartOf":{"@id":"https:\/\/xenonkungen.com\/#website"},"primaryImageOfPage":{"@id":"https:\/\/xenonkungen.com\/produkt\/atlas-extreme-2bt-universal-remote-controll\/#primaryimage"},"image":{"@id":"https:\/\/xenonkungen.com\/produkt\/atlas-extreme-2bt-universal-remote-controll\/#primaryimage"},"thumbnailUrl":"https:\/\/xenonkungen.com\/wp-content\/uploads\/2025\/04\/E4000-800x800-1.jpg","datePublished":"2025-04-15T10:11:42+00:00","dateModified":"2026-04-26T12:38:19+00:00","breadcrumb":{"@id":"https:\/\/xenonkungen.com\/produkt\/atlas-extreme-2bt-universal-remote-controll\/#breadcrumb"},"inLanguage":"nb-NO","potentialAction":[{"@type":"ReadAction","target":["https:\/\/xenonkungen.com\/produkt\/atlas-extreme-2bt-universal-remote-controll\/"]}]},{"@type":"ImageObject","inLanguage":"nb-NO","@id":"https:\/\/xenonkungen.com\/produkt\/atlas-extreme-2bt-universal-remote-controll\/#primaryimage","url":"https:\/\/xenonkungen.com\/wp-content\/uploads\/2025\/04\/E4000-800x800-1.jpg","contentUrl":"https:\/\/xenonkungen.com\/wp-content\/uploads\/2025\/04\/E4000-800x800-1.jpg","width":800,"height":800},{"@type":"BreadcrumbList","@id":"https:\/\/xenonkungen.com\/produkt\/atlas-extreme-2bt-universal-remote-controll\/#breadcrumb","itemListElement":[{"@type":"ListItem","position":1,"name":"Hem","item":"https:\/\/xenonkungen.com\/"},{"@type":"ListItem","position":2,"name":"Shop","item":"https:\/\/xenonkungen.com\/shop\/"},{"@type":"ListItem","position":3,"name":"Atlas Extreme 2BT Universal Remote Controll"}]},{"@type":"WebSite","@id":"https:\/\/xenonkungen.com\/#website","url":"https:\/\/xenonkungen.com\/","name":"Xenonkungen","description":"","potentialAction":[{"@type":"SearchAction","target":{"@type":"EntryPoint","urlTemplate":"https:\/\/xenonkungen.com\/?s={search_term_string}"},"query-input":{"@type":"PropertyValueSpecification","valueRequired":true,"valueName":"search_term_string"}}],"inLanguage":"nb-NO"}]}},"taxonomy_info":{"product_brand":[{"value":117,"label":"Xenonkungen"}],"product_cat":[{"value":3074,"label":"Universalf\u00e4sten"},{"value":727,"label":"Tillbeh\u00f6r"}],"pa_fuktskydd-varde-ipxx":[{"value":333,"label":"IP67"}],"pa_storlek-mm":[{"value":2156,"label":"171,5x77x45"}]},"featured_image_src_large":["https:\/\/xenonkungen.com\/wp-content\/uploads\/2025\/04\/E4000-800x800-1.jpg",800,800,false],"author_info":[],"comment_info":0,"_links":{"self":[{"href":"https:\/\/xenonkungen.com\/no\/wp-json\/wp\/v2\/product\/8946","targetHints":{"allow":["GET"]}}],"collection":[{"href":"https:\/\/xenonkungen.com\/no\/wp-json\/wp\/v2\/product"}],"about":[{"href":"https:\/\/xenonkungen.com\/no\/wp-json\/wp\/v2\/types\/product"}],"replies":[{"embeddable":true,"href":"https:\/\/xenonkungen.com\/no\/wp-json\/wp\/v2\/comments?post=8946"}],"wp:featuredmedia":[{"embeddable":true,"href":"https:\/\/xenonkungen.com\/no\/wp-json\/wp\/v2\/media\/8947"}],"wp:attachment":[{"href":"https:\/\/xenonkungen.com\/no\/wp-json\/wp\/v2\/media?parent=8946"}],"wp:term":[{"taxonomy":"anvandningsomrade","embeddable":true,"href":"https:\/\/xenonkungen.com\/no\/wp-json\/wp\/v2\/anvandningsomrade?post=8946"},{"taxonomy":"bilmarken","embeddable":true,"href":"https:\/\/xenonkungen.com\/no\/wp-json\/wp\/v2\/bilmarken?post=8946"},{"taxonomy":"product_brand","embeddable":true,"href":"https:\/\/xenonkungen.com\/no\/wp-json\/wp\/v2\/product_brand?post=8946"},{"taxonomy":"product_cat","embeddable":true,"href":"https:\/\/xenonkungen.com\/no\/wp-json\/wp\/v2\/product_cat?post=8946"},{"taxonomy":"product_tag","embeddable":true,"href":"https:\/\/xenonkungen.com\/no\/wp-json\/wp\/v2\/product_tag?post=8946"}],"curies":[{"name":"wp","href":"https:\/\/api.w.org\/{rel}","templated":true}]}}