{"id":9231,"date":"2025-05-20T07:50:25","date_gmt":"2025-05-20T07:50:25","guid":{"rendered":"https:\/\/xenonkungen.com\/product\/luxtar-stellar-white-rad4-canbus\/"},"modified":"2026-04-17T12:12:41","modified_gmt":"2026-04-17T11:12:41","slug":"luxtar-stellar-hvite-rad4-canbus","status":"publish","type":"product","link":"https:\/\/xenonkungen.com\/no\/produkt\/luxtar-stellar-hvite-rad4-canbus\/","title":{"rendered":"Luxtar Stellar White RAD4 &gt;&gt;CANBUS<<"},"content":{"rendered":"<h2>Luxtar Stellar White RAD4 CANBUS - Belysning i verdensklasse med smart teknologi<\/h2>\n<p>Oppdag en ny dimensjon av ekstra lys med <strong>Luxtar Stellar hvit RAD4 CANBUS<\/strong> - utviklet for dem som ikke g\u00e5r p\u00e5 kompromiss med ytelse, design eller sikkerhet. Med sine 20 kraftige Osram-dioder og en imponerende lysstr\u00f8m p\u00e5 <strong>12 200 lumen<\/strong> gj\u00f8r natt til dag og gir uovertruffen sikt p\u00e5 veien.<\/p>\n<ul>\n<li>Omfang: <strong>1 lux ved 790 m \/ R112: 1 lux ved 460 m<\/strong><\/li>\n<li><strong>12 200 faktiske lumen<\/strong> for overlegen lysstyrke<\/li>\n<li><strong>Boost-funksjon<\/strong> for ekstra lyskraft n\u00e5r det trengs<\/li>\n<li><strong>Dynamisk oppstartsfunksjon<\/strong> med justerbart hvitt eller oransje posisjonslys<\/li>\n<li>Uknuselig polykarbonatlinse for ekstrem holdbarhet<\/li>\n<li><strong>CANBUS-kompatibel<\/strong> for problemfri installasjon<\/li>\n<li><strong>E-autorisert<\/strong> og trygt \u00e5 bruke p\u00e5 veiene<\/li>\n<\/ul>\n<h3>Bredt og sterkt lys der du trenger det<\/h3>\n<p>Den sofistikerte <strong>Kj\u00f8rebjelkens lysbilde<\/strong> sprer lyset bredt ut over veien og lyser ogs\u00e5 opp veikantene, slik at du kan oppdage farer i god tid. Med en rekkevidde p\u00e5 opptil <strong>1 lux p\u00e5 790 meters h\u00f8yde<\/strong> og en velbalansert fargetemperatur p\u00e5 <strong>5500K<\/strong>Med den nye, komfortable belysningen f\u00e5r du en behagelig, sterk belysning som er sk\u00e5nsom for \u00f8ynene og perfekt for b\u00e5de kj\u00f8ring p\u00e5 vei og i terrenget.<\/p>\n<h3>Dynamisk eleganse<\/h3>\n<p>Med den unike <strong>Dynamiske oppstartsfunksjoner<\/strong> Luxtar Stellar White RAD4 byr p\u00e5 et spektakul\u00e6rt lysshow hver gang du starter bilen. Velg mellom en stilig <strong>hvitt posisjonslys<\/strong> eller en i\u00f8ynefallende <strong>oransje lys<\/strong>og gir bilen din et eksklusivt utseende. Den bakgrunnsbelyste reflektoren gir ogs\u00e5 et imponerende visuelt inntrykk b\u00e5de i m\u00f8rket og i dagslys.<\/p>\n<h3>Bygget for \u00e5 prestere - uansett v\u00e6r<\/h3>\n<p>Takket v\u00e6re <strong>uknuselige linser av polykarbonat<\/strong> og en glatt, rammel\u00f8s front, unng\u00e5r lampen at sn\u00f8 og is bygger seg opp, noe som sikrer optimal ytelse selv under t\u00f8ffe forhold. <strong>Boost-funksjoner<\/strong> gir ogs\u00e5 ekstra lysstyrke n\u00e5r det trengs, perfekt for de mest krevende kj\u00f8remilj\u00f8ene.<\/p>\n<h3>CANBUS-kompatibel og E-godkjent<\/h3>\n<p>Med <strong>CANBUS-teknologi<\/strong> integrert, unng\u00e5r du feilmeldinger og forstyrrelser i bilens elektroniske system, noe som gj\u00f8r installasjonen enkel og smidig. Lampen er <strong>E-autorisert<\/strong>noe som betyr at den er lovlig \u00e5 bruke p\u00e5 offentlig vei, og den leveres med <strong>3 \u00e5rs garanti<\/strong> for maksimal sikkerhet.<\/p>\n<p>For \u00e5 sikre optimal signaloverf\u00f8ring og ytelse anbefaler vi <strong>103179XR-DT Kabelsett<\/strong> til <strong>XBB Power Unit - DT<\/strong> som signalkabel. Dette kabelsettet av h\u00f8y kvalitet gir robuste og p\u00e5litelige tilkoblingsmuligheter, og er spesielt utviklet for \u00e5 oppfylle kravene i t\u00f8ffe milj\u00f8er.<\/p>\n<h2><a href=\"https:\/\/xenonkungen.com\/wp-content\/uploads\/2025\/10\/XBB-Canbus-over-15A-inkoppling.pdf\">Klikk her for \u00e5 se koblingsskjemaet, doble rel\u00e9koblingsnett med XBB\u00a0<\/a><\/h2>","protected":false},"excerpt":{"rendered":"<p>Oppdag det ultimate innen ekstralys med Luxtar Stellar White RAD4 CANBUS. Utstyrt med 20 kraftige Osram-dioder og 12 200 lumen for maksimal lysstyrke, tilbyr den overlegen ytelse, sikkerhet og stil - perfekt for alle veiforhold og milj\u00f8er.<\/p>","protected":false},"featured_media":9814,"comment_status":"closed","ping_status":"closed","template":"","meta":{"_acf_changed":false,"_smort_price_nok":"13346","_smort_price_dkk":"8479","_smort_price_eur":"1135.86","_smort_sale_price_nok":"","_smort_sale_price_dkk":"","_smort_sale_price_eur":"","smort_restorder":"","shipmondo_restorder":"","_kad_blocks_custom_css":"","_kad_blocks_head_custom_js":"","_kad_blocks_body_custom_js":"","_kad_blocks_footer_custom_js":"","smort_custom_pricelist_1":"7996.8","smort_custom_pricelist_2":"6997.2","smort_custom_pricelist_3":"6497.4","smort_custom_pricelist_4":"9996","smort_custom_pricelist_5":"6997.2"},"anvandningsomrade":[207,166,167,1915],"bilmarken":[168],"product_brand":[103],"product_cat":[2826,2820,1859],"product_tag":[2726],"class_list":{"0":"post-9231","1":"product","2":"type-product","3":"status-publish","4":"has-post-thumbnail","6":"anvandningsomrade-husbil","7":"anvandningsomrade-lastbil","8":"anvandningsomrade-personbil","9":"anvandningsomrade-skapbil","10":"bilmarken-alla","11":"product_brand-luxtar","12":"product_cat-luxtar","13":"product_cat-luxtar-paketlosningar","14":"product_cat-extraljuspaket","15":"product_tag-produktpaket","16":"pa_faktisk-effekts-forbrukning-175","17":"pa_fargtemperatur-1510","18":"pa_fuktskydd-varde-ipxx-ip68","19":"pa_godkannande-e-marked-r112-r10-r148-r149","20":"pa_lampsockel-kontakt-dt4","21":"pa_ljusbild-driving","22":"pa_storlek-mm-229x226x90","23":"pa_stromforbrukning-5a-24v","24":"pa_stromforbrukning-88a-137v","25":"pa_volt-v-9-12-24-32","27":"first","28":"onbackorder","29":"taxable","30":"shipping-taxable","31":"purchasable","32":"product-type-bundle"},"bundled_by":[],"bundle_stock_status":"instock","bundle_stock_quantity":"","bundle_virtual":false,"bundle_layout":"default","bundle_add_to_cart_form_location":"default","bundle_editable_in_cart":false,"bundle_sold_individually_context":"product","bundle_item_grouping":"parent","bundle_min_size":"","bundle_max_size":"","bundle_price":{"price":{"min":{"incl_tax":"13346.29","excl_tax":"10677.02917932"},"max":{"incl_tax":"13346.29","excl_tax":"10677.02917932"}},"regular_price":{"min":{"incl_tax":"13346.29","excl_tax":"10677.02917932"},"max":{"incl_tax":"13346.29","excl_tax":"10677.02917932"}}},"bundled_items":[{"bundled_item_id":61,"product_id":913,"menu_order":0,"quantity_min":1,"quantity_max":1,"quantity_default":1,"priced_individually":false,"shipped_individually":false,"override_title":false,"title":"Luxtar Stellar Dynamic 9\" hvit","override_description":false,"description":"","optional":false,"hide_thumbnail":false,"discount":"","override_variations":false,"allowed_variations":[],"override_default_variation_attributes":false,"default_variation_attributes":[],"single_product_visibility":"visible","cart_visibility":"visible","order_visibility":"visible","single_product_price_visibility":"visible","cart_price_visibility":"visible","order_price_visibility":"visible","stock_status":"on_backorder"},{"bundled_item_id":62,"product_id":1056,"menu_order":1,"quantity_min":1,"quantity_max":1,"quantity_default":1,"priced_individually":false,"shipped_individually":false,"override_title":false,"title":"Luxtar rel\u00e9kabelsett DT-4 X4 12V 80A rel\u00e9","override_description":false,"description":"","optional":false,"hide_thumbnail":false,"discount":"","override_variations":false,"allowed_variations":[],"override_default_variation_attributes":false,"default_variation_attributes":[],"single_product_visibility":"visible","cart_visibility":"visible","order_visibility":"visible","single_product_price_visibility":"visible","cart_price_visibility":"visible","order_price_visibility":"visible","stock_status":"in_stock"},{"bundled_item_id":63,"product_id":2718,"menu_order":2,"quantity_min":1,"quantity_max":1,"quantity_default":1,"priced_individually":false,"shipped_individually":false,"override_title":false,"title":"Ekstra lysbrakett for 4 x 225 mm|9\"","override_description":false,"description":"","optional":false,"hide_thumbnail":false,"discount":"","override_variations":false,"allowed_variations":[],"override_default_variation_attributes":false,"default_variation_attributes":[],"single_product_visibility":"visible","cart_visibility":"visible","order_visibility":"visible","single_product_price_visibility":"visible","cart_price_visibility":"visible","order_price_visibility":"visible","stock_status":"in_stock"},{"bundled_item_id":64,"product_id":1538,"menu_order":3,"quantity_min":1,"quantity_max":1,"quantity_default":1,"priced_individually":false,"shipped_individually":false,"override_title":false,"title":"XBB OBD-II-dongle + PowerUnit","override_description":false,"description":"","optional":false,"hide_thumbnail":false,"discount":"","override_variations":false,"allowed_variations":[],"override_default_variation_attributes":false,"default_variation_attributes":[],"single_product_visibility":"visible","cart_visibility":"visible","order_visibility":"visible","single_product_price_visibility":"visible","cart_price_visibility":"visible","order_price_visibility":"visible","stock_status":"on_backorder"},{"bundled_item_id":65,"product_id":2605,"menu_order":4,"quantity_min":1,"quantity_max":1,"quantity_default":1,"priced_individually":false,"shipped_individually":false,"override_title":false,"title":"Kabelsett for XBB Power Unit - DT","override_description":false,"description":"","optional":false,"hide_thumbnail":false,"discount":"","override_variations":false,"allowed_variations":[],"override_default_variation_attributes":false,"default_variation_attributes":[],"single_product_visibility":"visible","cart_visibility":"visible","order_visibility":"visible","single_product_price_visibility":"visible","cart_price_visibility":"visible","order_price_visibility":"visible","stock_status":"in_stock"}],"bundle_sell_ids":[],"acf":[],"yoast_head":"<!-- This site is optimized with the Yoast SEO plugin v27.0 - https:\/\/yoast.com\/product\/yoast-seo-wordpress\/ -->\n<title>Luxtar Stellar White RAD4 &gt;&gt;CANBUS<\/title>\n<meta name=\"robots\" content=\"index, follow, max-snippet:-1, max-image-preview:large, max-video-preview:-1\" \/>\n<link rel=\"canonical\" href=\"https:\/\/xenonkungen.com\/no\/produkt\/luxtar-stellar-hvite-rad4-canbus\/\" \/>\n<meta property=\"og:locale\" content=\"nb_NO\" \/>\n<meta property=\"og:type\" content=\"article\" \/>\n<meta property=\"og:title\" content=\"Luxtar Stellar White RAD4 &gt;&gt;CANBUS\" \/>\n<meta property=\"og:description\" content=\"Uppt\u00e4ck den ultimata extrabelysningen med Luxtar Stellar White RAD4 CANBUS. Utrustad med 20 kraftfulla Osram-dioder och 12 200 lumen f\u00f6r maximal ljusstyrka, erbjuder den \u00f6verl\u00e4gsen prestanda, s\u00e4kerhet och stil \u2013 perfekt f\u00f6r alla v\u00e4gf\u00f6rh\u00e5llanden och milj\u00f6er.\" \/>\n<meta property=\"og:url\" content=\"https:\/\/xenonkungen.com\/no\/produkt\/luxtar-stellar-hvite-rad4-canbus\/\" \/>\n<meta property=\"og:site_name\" content=\"Xenonkungen\" \/>\n<meta property=\"article:modified_time\" content=\"2026-04-17T11:12:41+00:00\" \/>\n<meta property=\"og:image\" content=\"https:\/\/xenonkungen.com\/wp-content\/uploads\/2025\/05\/XXC-Stellar4W-1-1024x1024.png\" \/>\n\t<meta property=\"og:image:width\" content=\"1024\" \/>\n\t<meta property=\"og:image:height\" content=\"1024\" \/>\n\t<meta property=\"og:image:type\" content=\"image\/png\" \/>\n<meta name=\"twitter:card\" content=\"summary_large_image\" \/>\n<meta name=\"twitter:label1\" content=\"Ansl. lesetid\" \/>\n\t<meta name=\"twitter:data1\" content=\"3 minutter\" \/>\n<script type=\"application\/ld+json\" class=\"yoast-schema-graph\">{\"@context\":\"https:\/\/schema.org\",\"@graph\":[{\"@type\":\"WebPage\",\"@id\":\"https:\/\/xenonkungen.com\/produkt\/luxtar-stellar-white-rad4-canbus\/\",\"url\":\"https:\/\/xenonkungen.com\/produkt\/luxtar-stellar-white-rad4-canbus\/\",\"name\":\"Luxtar Stellar White RAD4 >>CANBUS\",\"isPartOf\":{\"@id\":\"https:\/\/xenonkungen.com\/#website\"},\"primaryImageOfPage\":{\"@id\":\"https:\/\/xenonkungen.com\/produkt\/luxtar-stellar-white-rad4-canbus\/#primaryimage\"},\"image\":{\"@id\":\"https:\/\/xenonkungen.com\/produkt\/luxtar-stellar-white-rad4-canbus\/#primaryimage\"},\"thumbnailUrl\":\"https:\/\/xenonkungen.com\/wp-content\/uploads\/2025\/05\/XXC-Stellar4W-1.png\",\"datePublished\":\"2025-05-20T07:50:25+00:00\",\"dateModified\":\"2026-04-17T11:12:41+00:00\",\"breadcrumb\":{\"@id\":\"https:\/\/xenonkungen.com\/produkt\/luxtar-stellar-white-rad4-canbus\/#breadcrumb\"},\"inLanguage\":\"nb-NO\",\"potentialAction\":[{\"@type\":\"ReadAction\",\"target\":[\"https:\/\/xenonkungen.com\/produkt\/luxtar-stellar-white-rad4-canbus\/\"]}]},{\"@type\":\"ImageObject\",\"inLanguage\":\"nb-NO\",\"@id\":\"https:\/\/xenonkungen.com\/produkt\/luxtar-stellar-white-rad4-canbus\/#primaryimage\",\"url\":\"https:\/\/xenonkungen.com\/wp-content\/uploads\/2025\/05\/XXC-Stellar4W-1.png\",\"contentUrl\":\"https:\/\/xenonkungen.com\/wp-content\/uploads\/2025\/05\/XXC-Stellar4W-1.png\",\"width\":2000,\"height\":2000},{\"@type\":\"BreadcrumbList\",\"@id\":\"https:\/\/xenonkungen.com\/produkt\/luxtar-stellar-white-rad4-canbus\/#breadcrumb\",\"itemListElement\":[{\"@type\":\"ListItem\",\"position\":1,\"name\":\"Hem\",\"item\":\"https:\/\/xenonkungen.com\/\"},{\"@type\":\"ListItem\",\"position\":2,\"name\":\"Shop\",\"item\":\"https:\/\/xenonkungen.com\/shop\/\"},{\"@type\":\"ListItem\",\"position\":3,\"name\":\"Luxtar Stellar White RAD4 >>CANBUS\"}]},{\"@type\":\"WebSite\",\"@id\":\"https:\/\/xenonkungen.com\/#website\",\"url\":\"https:\/\/xenonkungen.com\/\",\"name\":\"Xenonkungen\",\"description\":\"\",\"potentialAction\":[{\"@type\":\"SearchAction\",\"target\":{\"@type\":\"EntryPoint\",\"urlTemplate\":\"https:\/\/xenonkungen.com\/?s={search_term_string}\"},\"query-input\":{\"@type\":\"PropertyValueSpecification\",\"valueRequired\":true,\"valueName\":\"search_term_string\"}}],\"inLanguage\":\"nb-NO\"}]}<\/script>\n<!-- \/ Yoast SEO plugin. -->","yoast_head_json":{"title":"Luxtar Stellar White RAD4 &gt;&gt;CANBUS","robots":{"index":"index","follow":"follow","max-snippet":"max-snippet:-1","max-image-preview":"max-image-preview:large","max-video-preview":"max-video-preview:-1"},"canonical":"https:\/\/xenonkungen.com\/no\/produkt\/luxtar-stellar-hvite-rad4-canbus\/","og_locale":"nb_NO","og_type":"article","og_title":"Luxtar Stellar White RAD4 >>CANBUS","og_description":"Uppt\u00e4ck den ultimata extrabelysningen med Luxtar Stellar White RAD4 CANBUS. Utrustad med 20 kraftfulla Osram-dioder och 12 200 lumen f\u00f6r maximal ljusstyrka, erbjuder den \u00f6verl\u00e4gsen prestanda, s\u00e4kerhet och stil \u2013 perfekt f\u00f6r alla v\u00e4gf\u00f6rh\u00e5llanden och milj\u00f6er.","og_url":"https:\/\/xenonkungen.com\/no\/produkt\/luxtar-stellar-hvite-rad4-canbus\/","og_site_name":"Xenonkungen","article_modified_time":"2026-04-17T11:12:41+00:00","og_image":[{"width":1024,"height":1024,"url":"https:\/\/xenonkungen.com\/wp-content\/uploads\/2025\/05\/XXC-Stellar4W-1-1024x1024.png","type":"image\/png"}],"twitter_card":"summary_large_image","twitter_misc":{"Ansl. lesetid":"3 minutter"},"schema":{"@context":"https:\/\/schema.org","@graph":[{"@type":"WebPage","@id":"https:\/\/xenonkungen.com\/produkt\/luxtar-stellar-white-rad4-canbus\/","url":"https:\/\/xenonkungen.com\/produkt\/luxtar-stellar-white-rad4-canbus\/","name":"Luxtar Stellar White RAD4 &gt;&gt;CANBUS","isPartOf":{"@id":"https:\/\/xenonkungen.com\/#website"},"primaryImageOfPage":{"@id":"https:\/\/xenonkungen.com\/produkt\/luxtar-stellar-white-rad4-canbus\/#primaryimage"},"image":{"@id":"https:\/\/xenonkungen.com\/produkt\/luxtar-stellar-white-rad4-canbus\/#primaryimage"},"thumbnailUrl":"https:\/\/xenonkungen.com\/wp-content\/uploads\/2025\/05\/XXC-Stellar4W-1.png","datePublished":"2025-05-20T07:50:25+00:00","dateModified":"2026-04-17T11:12:41+00:00","breadcrumb":{"@id":"https:\/\/xenonkungen.com\/produkt\/luxtar-stellar-white-rad4-canbus\/#breadcrumb"},"inLanguage":"nb-NO","potentialAction":[{"@type":"ReadAction","target":["https:\/\/xenonkungen.com\/produkt\/luxtar-stellar-white-rad4-canbus\/"]}]},{"@type":"ImageObject","inLanguage":"nb-NO","@id":"https:\/\/xenonkungen.com\/produkt\/luxtar-stellar-white-rad4-canbus\/#primaryimage","url":"https:\/\/xenonkungen.com\/wp-content\/uploads\/2025\/05\/XXC-Stellar4W-1.png","contentUrl":"https:\/\/xenonkungen.com\/wp-content\/uploads\/2025\/05\/XXC-Stellar4W-1.png","width":2000,"height":2000},{"@type":"BreadcrumbList","@id":"https:\/\/xenonkungen.com\/produkt\/luxtar-stellar-white-rad4-canbus\/#breadcrumb","itemListElement":[{"@type":"ListItem","position":1,"name":"Hem","item":"https:\/\/xenonkungen.com\/"},{"@type":"ListItem","position":2,"name":"Shop","item":"https:\/\/xenonkungen.com\/shop\/"},{"@type":"ListItem","position":3,"name":"Luxtar Stellar White RAD4 >>CANBUS"}]},{"@type":"WebSite","@id":"https:\/\/xenonkungen.com\/#website","url":"https:\/\/xenonkungen.com\/","name":"Xenonkungen","description":"","potentialAction":[{"@type":"SearchAction","target":{"@type":"EntryPoint","urlTemplate":"https:\/\/xenonkungen.com\/?s={search_term_string}"},"query-input":{"@type":"PropertyValueSpecification","valueRequired":true,"valueName":"search_term_string"}}],"inLanguage":"nb-NO"}]}},"taxonomy_info":{"anvandningsomrade":[{"value":207,"label":"Husbil"},{"value":166,"label":"Lastbil"},{"value":167,"label":"PERSONBIL"},{"value":1915,"label":"Sk\u00e5pbil"}],"bilmarken":[{"value":168,"label":"Alla"}],"product_brand":[{"value":103,"label":"LUXTAR"}],"product_cat":[{"value":2826,"label":"LUXTAR"},{"value":2820,"label":"Luxtar - Paketl\u00f6sningar"},{"value":1859,"label":"Extraljuspaket"}],"product_tag":[{"value":2726,"label":"produktpaket"}],"pa_faktisk-effekts-forbrukning":[{"value":175,"label":"120"}],"pa_fargtemperatur":[{"value":1510,"label":"5500"}],"pa_fuktskydd-varde-ipxx":[{"value":177,"label":"IP68"}],"pa_godkannande":[{"value":2187,"label":"E marked , R112 , R10 , R148 , R149"}],"pa_lampsockel-kontakt":[{"value":404,"label":"DT4"}],"pa_ljusbild":[{"value":178,"label":"Driving"}],"pa_storlek-mm":[{"value":2185,"label":"229x226x90"}],"pa_stromforbrukning":[{"value":180,"label":"5A @24V"},{"value":179,"label":"8,8A @13,7V"}],"pa_volt-v":[{"value":2186,"label":"9, 12, 24, 32"}]},"featured_image_src_large":["https:\/\/xenonkungen.com\/wp-content\/uploads\/2025\/05\/XXC-Stellar4W-1-1024x1024.png",1024,1024,true],"author_info":[],"comment_info":0,"_links":{"self":[{"href":"https:\/\/xenonkungen.com\/no\/wp-json\/wp\/v2\/product\/9231","targetHints":{"allow":["GET"]}}],"collection":[{"href":"https:\/\/xenonkungen.com\/no\/wp-json\/wp\/v2\/product"}],"about":[{"href":"https:\/\/xenonkungen.com\/no\/wp-json\/wp\/v2\/types\/product"}],"replies":[{"embeddable":true,"href":"https:\/\/xenonkungen.com\/no\/wp-json\/wp\/v2\/comments?post=9231"}],"wp:featuredmedia":[{"embeddable":true,"href":"https:\/\/xenonkungen.com\/no\/wp-json\/wp\/v2\/media\/9814"}],"wp:attachment":[{"href":"https:\/\/xenonkungen.com\/no\/wp-json\/wp\/v2\/media?parent=9231"}],"wp:term":[{"taxonomy":"anvandningsomrade","embeddable":true,"href":"https:\/\/xenonkungen.com\/no\/wp-json\/wp\/v2\/anvandningsomrade?post=9231"},{"taxonomy":"bilmarken","embeddable":true,"href":"https:\/\/xenonkungen.com\/no\/wp-json\/wp\/v2\/bilmarken?post=9231"},{"taxonomy":"product_brand","embeddable":true,"href":"https:\/\/xenonkungen.com\/no\/wp-json\/wp\/v2\/product_brand?post=9231"},{"taxonomy":"product_cat","embeddable":true,"href":"https:\/\/xenonkungen.com\/no\/wp-json\/wp\/v2\/product_cat?post=9231"},{"taxonomy":"product_tag","embeddable":true,"href":"https:\/\/xenonkungen.com\/no\/wp-json\/wp\/v2\/product_tag?post=9231"}],"curies":[{"name":"wp","href":"https:\/\/api.w.org\/{rel}","templated":true}]}}