{"id":9375,"date":"2025-05-20T07:56:30","date_gmt":"2025-05-20T07:56:30","guid":{"rendered":"https:\/\/xenonkungen.com\/product\/w-light-phoenix-w9-dark-rad3-yellow\/"},"modified":"2026-04-17T16:19:23","modified_gmt":"2026-04-17T15:19:23","slug":"w-lys-foniks-w9-mork-rad3-gul","status":"publish","type":"product","link":"https:\/\/xenonkungen.com\/no\/produkt\/w-lys-foniks-w9-mork-rad3-gul\/","title":{"rendered":"W-Light Phoenix W9 DARK RAD3 | Gul"},"content":{"rendered":"<h1>W-Light Phoenix W9 DARK RAD3 | Gul<\/h1>\n<p><strong>Opplev uovertruffen belysning med W-Light Phoenix W9 DARK RAD3 | Yellow<\/strong>Den ultimate l\u00f8sningen for bilbelysningen din. Denne pakken inneholder tre av W-Light W9 Phoenix 9 Dark Edition<strong> | Gul<\/strong> ekstra lys, kjent for sin imponerende ytelse og p\u00e5litelighet, noe som gj\u00f8r dette til det perfekte valget for rallyf\u00f8rere og offroad-entusiaster.<\/p>\n<h2>Kraftig og p\u00e5litelig belysning<\/h2>\n<p>Alle W9 Phoenix 9 Dark Edition<strong> | Gul<\/strong> lanternen tilbyr eksepsjonell belysning med 160 W og 12 300 lumen. Lyktene er utstyrt med 28 Osram LED-enheter av h\u00f8y kvalitet og har en imponerende rekkevidde p\u00e5 1 lux ved 1076 meter. Med <strong>hele pakken aktivert<\/strong>f\u00e5r du en total lysstyrke p\u00e5 utrolig <strong>36 900 lumen<\/strong>, perfekt for \u00e5 lyse opp veien foran deg under de mest krevende forhold.<\/p>\n<h2>Robust og tilpasningsdyktig<\/h2>\n<p>Lyktene leveres med en stabiliseringsbrakett og skruehull for stag, noe som sikrer at lykten holder seg godt p\u00e5 plass selv under t\u00f8ffe forhold. DT-kontakten gir en sikker og stabil tilkobling, noe som er avgj\u00f8rende i t\u00f8ffe rallymilj\u00f8er.<\/p>\n<h2>Komplett pakke for umiddelbar oppgradering<\/h2>\n<p>W-Light Phoenix W9 DARK RAD3<strong> | Gul<\/strong> inneholder alt du trenger for en komplett installasjon:<\/p>\n<ul>\n<li>3 x W9 Phoenix 9 Dark Edition<strong> | Gul<\/strong> Ekstralys<\/li>\n<li>kabling<\/li>\n<li>Innehaver<\/li>\n<li>XBB dongle + str\u00f8mforsyningsenhet<\/li>\n<\/ul>\n<h2>Garanti og support<\/h2>\n<p>Alle lamper i W-Light Phoenix W9 DARK RAD3<strong> | Gul<\/strong> er CE-merket og beskyttet mot EMC-forstyrrelser, og leveres med to \u00e5rs garanti, slik at du kan f\u00f8le deg trygg n\u00e5r du utstyrer kj\u00f8ret\u00f8yet ditt for eventyr.<\/p>\n<p><strong>Med W-Light Phoenix W9 DARK RAD3 | Yellow kan du stole p\u00e5 en uovertruffen belysningsl\u00f8sning som vil ta dine kj\u00f8reopplevelser om natten til et helt nytt niv\u00e5. Bestill pakken din i dag, og opplev forskjellen!<\/strong><\/p>","protected":false},"excerpt":{"rendered":"<p>Bildet av DT-ledningsnettet viser med 2 utganger, nytt bilde kommer snart<\/p>","protected":false},"featured_media":9932,"comment_status":"closed","ping_status":"closed","template":"","meta":{"_acf_changed":false,"_smort_price_nok":"6405","_smort_price_dkk":"5086","_smort_price_eur":"681.33","_smort_sale_price_nok":"6405","_smort_sale_price_dkk":"","_smort_sale_price_eur":"545.07","smort_restorder":"","shipmondo_restorder":"","_kad_blocks_custom_css":"","_kad_blocks_head_custom_js":"","_kad_blocks_body_custom_js":"","_kad_blocks_footer_custom_js":"","smort_custom_pricelist_1":"4796.8","smort_custom_pricelist_2":"4197.2","smort_custom_pricelist_3":"3897.4","smort_custom_pricelist_4":"5996","smort_custom_pricelist_5":"4197.2"},"anvandningsomrade":[207,166,167,1915],"bilmarken":[168],"product_brand":[114],"product_cat":[1859],"product_tag":[2726],"class_list":{"0":"post-9375","1":"product","2":"type-product","3":"status-publish","4":"has-post-thumbnail","6":"anvandningsomrade-husbil","7":"anvandningsomrade-lastbil","8":"anvandningsomrade-personbil","9":"anvandningsomrade-skapbil","10":"bilmarken-alla","11":"product_brand-w-light","12":"product_cat-extraljuspaket","13":"product_tag-produktpaket","14":"pa_fargtemperatur-yellow","15":"pa_fuktskydd-varde-ipxx-ip68","16":"pa_godkannande-ce","17":"pa_lampsockel-kontakt-dt","18":"pa_led-chips-effekt-w-703","19":"pa_ljusbild-spot","20":"pa_storlek-mm-2446x227x80","21":"pa_stromforbrukning-1097a137v","22":"pa_volt-v-9-12-24-32","24":"first","25":"onbackorder","26":"sale","27":"taxable","28":"shipping-taxable","29":"purchasable","30":"product-type-bundle"},"bundled_by":[],"bundle_stock_status":"instock","bundle_stock_quantity":"","bundle_virtual":false,"bundle_layout":"default","bundle_add_to_cart_form_location":"default","bundle_editable_in_cart":false,"bundle_sold_individually_context":"product","bundle_item_grouping":"parent","bundle_min_size":"","bundle_max_size":"","bundle_price":{"price":{"min":{"incl_tax":"6404.51","excl_tax":"5123.606799456"},"max":{"incl_tax":"6404.51","excl_tax":"5123.606799456"}},"regular_price":{"min":{"incl_tax":"8005.64","excl_tax":"6404.50849932"},"max":{"incl_tax":"8005.64","excl_tax":"6404.50849932"}}},"bundled_items":[{"bundled_item_id":178,"product_id":9716,"menu_order":0,"quantity_min":1,"quantity_max":1,"quantity_default":1,"priced_individually":false,"shipped_individually":false,"override_title":false,"title":"","override_description":false,"description":"","optional":false,"hide_thumbnail":false,"discount":null,"override_variations":false,"allowed_variations":[],"override_default_variation_attributes":false,"default_variation_attributes":[],"single_product_visibility":"visible","cart_visibility":"visible","order_visibility":"visible","single_product_price_visibility":"visible","cart_price_visibility":"visible","order_price_visibility":"visible","stock_status":"in_stock"},{"bundled_item_id":179,"product_id":2716,"menu_order":0,"quantity_min":1,"quantity_max":1,"quantity_default":1,"priced_individually":false,"shipped_individually":false,"override_title":false,"title":"","override_description":false,"description":"","optional":false,"hide_thumbnail":false,"discount":null,"override_variations":false,"allowed_variations":[],"override_default_variation_attributes":false,"default_variation_attributes":[],"single_product_visibility":"visible","cart_visibility":"visible","order_visibility":"visible","single_product_price_visibility":"visible","cart_price_visibility":"visible","order_price_visibility":"visible","stock_status":"on_backorder"},{"bundled_item_id":180,"product_id":1006,"menu_order":0,"quantity_min":1,"quantity_max":1,"quantity_default":1,"priced_individually":false,"shipped_individually":false,"override_title":false,"title":"","override_description":false,"description":"","optional":false,"hide_thumbnail":false,"discount":null,"override_variations":false,"allowed_variations":[],"override_default_variation_attributes":false,"default_variation_attributes":[],"single_product_visibility":"visible","cart_visibility":"visible","order_visibility":"visible","single_product_price_visibility":"visible","cart_price_visibility":"visible","order_price_visibility":"visible","stock_status":"in_stock"},{"bundled_item_id":181,"product_id":1538,"menu_order":0,"quantity_min":1,"quantity_max":1,"quantity_default":1,"priced_individually":false,"shipped_individually":false,"override_title":false,"title":"","override_description":false,"description":"","optional":false,"hide_thumbnail":false,"discount":null,"override_variations":false,"allowed_variations":[],"override_default_variation_attributes":false,"default_variation_attributes":[],"single_product_visibility":"visible","cart_visibility":"visible","order_visibility":"visible","single_product_price_visibility":"visible","cart_price_visibility":"visible","order_price_visibility":"visible","stock_status":"on_backorder"},{"bundled_item_id":182,"product_id":2603,"menu_order":0,"quantity_min":1,"quantity_max":1,"quantity_default":1,"priced_individually":false,"shipped_individually":false,"override_title":false,"title":"","override_description":false,"description":"","optional":false,"hide_thumbnail":false,"discount":null,"override_variations":false,"allowed_variations":[],"override_default_variation_attributes":false,"default_variation_attributes":[],"single_product_visibility":"visible","cart_visibility":"visible","order_visibility":"visible","single_product_price_visibility":"visible","cart_price_visibility":"visible","order_price_visibility":"visible","stock_status":"on_backorder"}],"bundle_sell_ids":[],"acf":[],"yoast_head":"<!-- This site is optimized with the Yoast SEO plugin v27.0 - https:\/\/yoast.com\/product\/yoast-seo-wordpress\/ -->\n<title>W-Light Phoenix W9 DARK RAD3 | Yellow - Xenonkungen<\/title>\n<meta name=\"robots\" content=\"index, follow, max-snippet:-1, max-image-preview:large, max-video-preview:-1\" \/>\n<link rel=\"canonical\" href=\"https:\/\/xenonkungen.com\/no\/produkt\/w-lys-foniks-w9-mork-rad3-gul\/\" \/>\n<meta property=\"og:locale\" content=\"nb_NO\" \/>\n<meta property=\"og:type\" content=\"article\" \/>\n<meta property=\"og:title\" content=\"W-Light Phoenix W9 DARK RAD3 | Yellow - Xenonkungen\" \/>\n<meta property=\"og:description\" content=\"Bilden p\u00e5 DT kablaget visar med 2 utg\u00e5ngar, ny bild kommer inom kort\" \/>\n<meta property=\"og:url\" content=\"https:\/\/xenonkungen.com\/no\/produkt\/w-lys-foniks-w9-mork-rad3-gul\/\" \/>\n<meta property=\"og:site_name\" content=\"Xenonkungen\" \/>\n<meta property=\"article:modified_time\" content=\"2026-04-17T15:19:23+00:00\" \/>\n<meta property=\"og:image\" content=\"https:\/\/xenonkungen.com\/wp-content\/uploads\/2025\/05\/W9-x3-1-1024x1024.png\" \/>\n\t<meta property=\"og:image:width\" content=\"1024\" \/>\n\t<meta property=\"og:image:height\" content=\"1024\" \/>\n\t<meta property=\"og:image:type\" content=\"image\/png\" \/>\n<meta name=\"twitter:card\" content=\"summary_large_image\" \/>\n<meta name=\"twitter:label1\" content=\"Ansl. lesetid\" \/>\n\t<meta name=\"twitter:data1\" content=\"1 minutt\" \/>\n<script type=\"application\/ld+json\" class=\"yoast-schema-graph\">{\"@context\":\"https:\/\/schema.org\",\"@graph\":[{\"@type\":\"WebPage\",\"@id\":\"https:\/\/xenonkungen.com\/produkt\/w-light-phoenix-w9-dark-rad3-yellow\/\",\"url\":\"https:\/\/xenonkungen.com\/produkt\/w-light-phoenix-w9-dark-rad3-yellow\/\",\"name\":\"W-Light Phoenix W9 DARK RAD3 | Yellow - Xenonkungen\",\"isPartOf\":{\"@id\":\"https:\/\/xenonkungen.com\/#website\"},\"primaryImageOfPage\":{\"@id\":\"https:\/\/xenonkungen.com\/produkt\/w-light-phoenix-w9-dark-rad3-yellow\/#primaryimage\"},\"image\":{\"@id\":\"https:\/\/xenonkungen.com\/produkt\/w-light-phoenix-w9-dark-rad3-yellow\/#primaryimage\"},\"thumbnailUrl\":\"https:\/\/xenonkungen.com\/wp-content\/uploads\/2025\/05\/W9-x3-1.png\",\"datePublished\":\"2025-05-20T07:56:30+00:00\",\"dateModified\":\"2026-04-17T15:19:23+00:00\",\"breadcrumb\":{\"@id\":\"https:\/\/xenonkungen.com\/produkt\/w-light-phoenix-w9-dark-rad3-yellow\/#breadcrumb\"},\"inLanguage\":\"nb-NO\",\"potentialAction\":[{\"@type\":\"ReadAction\",\"target\":[\"https:\/\/xenonkungen.com\/produkt\/w-light-phoenix-w9-dark-rad3-yellow\/\"]}]},{\"@type\":\"ImageObject\",\"inLanguage\":\"nb-NO\",\"@id\":\"https:\/\/xenonkungen.com\/produkt\/w-light-phoenix-w9-dark-rad3-yellow\/#primaryimage\",\"url\":\"https:\/\/xenonkungen.com\/wp-content\/uploads\/2025\/05\/W9-x3-1.png\",\"contentUrl\":\"https:\/\/xenonkungen.com\/wp-content\/uploads\/2025\/05\/W9-x3-1.png\",\"width\":2000,\"height\":2000},{\"@type\":\"BreadcrumbList\",\"@id\":\"https:\/\/xenonkungen.com\/produkt\/w-light-phoenix-w9-dark-rad3-yellow\/#breadcrumb\",\"itemListElement\":[{\"@type\":\"ListItem\",\"position\":1,\"name\":\"Hem\",\"item\":\"https:\/\/xenonkungen.com\/\"},{\"@type\":\"ListItem\",\"position\":2,\"name\":\"Shop\",\"item\":\"https:\/\/xenonkungen.com\/shop\/\"},{\"@type\":\"ListItem\",\"position\":3,\"name\":\"W-Light Phoenix W9 DARK RAD3 | Yellow\"}]},{\"@type\":\"WebSite\",\"@id\":\"https:\/\/xenonkungen.com\/#website\",\"url\":\"https:\/\/xenonkungen.com\/\",\"name\":\"Xenonkungen\",\"description\":\"\",\"potentialAction\":[{\"@type\":\"SearchAction\",\"target\":{\"@type\":\"EntryPoint\",\"urlTemplate\":\"https:\/\/xenonkungen.com\/?s={search_term_string}\"},\"query-input\":{\"@type\":\"PropertyValueSpecification\",\"valueRequired\":true,\"valueName\":\"search_term_string\"}}],\"inLanguage\":\"nb-NO\"}]}<\/script>\n<!-- \/ Yoast SEO plugin. -->","yoast_head_json":{"title":"W-Light Phoenix W9 DARK RAD3 | Gul - Xenon-kongen","robots":{"index":"index","follow":"follow","max-snippet":"max-snippet:-1","max-image-preview":"max-image-preview:large","max-video-preview":"max-video-preview:-1"},"canonical":"https:\/\/xenonkungen.com\/no\/produkt\/w-lys-foniks-w9-mork-rad3-gul\/","og_locale":"nb_NO","og_type":"article","og_title":"W-Light Phoenix W9 DARK RAD3 | Yellow - Xenonkungen","og_description":"Bilden p\u00e5 DT kablaget visar med 2 utg\u00e5ngar, ny bild kommer inom kort","og_url":"https:\/\/xenonkungen.com\/no\/produkt\/w-lys-foniks-w9-mork-rad3-gul\/","og_site_name":"Xenonkungen","article_modified_time":"2026-04-17T15:19:23+00:00","og_image":[{"width":1024,"height":1024,"url":"https:\/\/xenonkungen.com\/wp-content\/uploads\/2025\/05\/W9-x3-1-1024x1024.png","type":"image\/png"}],"twitter_card":"summary_large_image","twitter_misc":{"Ansl. lesetid":"1 minutt"},"schema":{"@context":"https:\/\/schema.org","@graph":[{"@type":"WebPage","@id":"https:\/\/xenonkungen.com\/produkt\/w-light-phoenix-w9-dark-rad3-yellow\/","url":"https:\/\/xenonkungen.com\/produkt\/w-light-phoenix-w9-dark-rad3-yellow\/","name":"W-Light Phoenix W9 DARK RAD3 | Gul - Xenon-kongen","isPartOf":{"@id":"https:\/\/xenonkungen.com\/#website"},"primaryImageOfPage":{"@id":"https:\/\/xenonkungen.com\/produkt\/w-light-phoenix-w9-dark-rad3-yellow\/#primaryimage"},"image":{"@id":"https:\/\/xenonkungen.com\/produkt\/w-light-phoenix-w9-dark-rad3-yellow\/#primaryimage"},"thumbnailUrl":"https:\/\/xenonkungen.com\/wp-content\/uploads\/2025\/05\/W9-x3-1.png","datePublished":"2025-05-20T07:56:30+00:00","dateModified":"2026-04-17T15:19:23+00:00","breadcrumb":{"@id":"https:\/\/xenonkungen.com\/produkt\/w-light-phoenix-w9-dark-rad3-yellow\/#breadcrumb"},"inLanguage":"nb-NO","potentialAction":[{"@type":"ReadAction","target":["https:\/\/xenonkungen.com\/produkt\/w-light-phoenix-w9-dark-rad3-yellow\/"]}]},{"@type":"ImageObject","inLanguage":"nb-NO","@id":"https:\/\/xenonkungen.com\/produkt\/w-light-phoenix-w9-dark-rad3-yellow\/#primaryimage","url":"https:\/\/xenonkungen.com\/wp-content\/uploads\/2025\/05\/W9-x3-1.png","contentUrl":"https:\/\/xenonkungen.com\/wp-content\/uploads\/2025\/05\/W9-x3-1.png","width":2000,"height":2000},{"@type":"BreadcrumbList","@id":"https:\/\/xenonkungen.com\/produkt\/w-light-phoenix-w9-dark-rad3-yellow\/#breadcrumb","itemListElement":[{"@type":"ListItem","position":1,"name":"Hem","item":"https:\/\/xenonkungen.com\/"},{"@type":"ListItem","position":2,"name":"Shop","item":"https:\/\/xenonkungen.com\/shop\/"},{"@type":"ListItem","position":3,"name":"W-Light Phoenix W9 DARK RAD3 | Yellow"}]},{"@type":"WebSite","@id":"https:\/\/xenonkungen.com\/#website","url":"https:\/\/xenonkungen.com\/","name":"Xenonkungen","description":"","potentialAction":[{"@type":"SearchAction","target":{"@type":"EntryPoint","urlTemplate":"https:\/\/xenonkungen.com\/?s={search_term_string}"},"query-input":{"@type":"PropertyValueSpecification","valueRequired":true,"valueName":"search_term_string"}}],"inLanguage":"nb-NO"}]}},"taxonomy_info":{"anvandningsomrade":[{"value":207,"label":"Husbil"},{"value":166,"label":"Lastbil"},{"value":167,"label":"PERSONBIL"},{"value":1915,"label":"Sk\u00e5pbil"}],"bilmarken":[{"value":168,"label":"Alla"}],"product_brand":[{"value":114,"label":"W-Light"}],"product_cat":[{"value":1859,"label":"Extraljuspaket"}],"product_tag":[{"value":2726,"label":"produktpaket"}],"pa_fargtemperatur":[{"value":1117,"label":"Yellow"}],"pa_fuktskydd-varde-ipxx":[{"value":177,"label":"IP68"}],"pa_godkannande":[{"value":794,"label":"CE"}],"pa_lampsockel-kontakt":[{"value":329,"label":"DT"}],"pa_led-chips-effekt-w":[{"value":703,"label":"160"}],"pa_ljusbild":[{"value":1177,"label":"Spot"}],"pa_storlek-mm":[{"value":1154,"label":"244,6x227x80"}],"pa_stromforbrukning":[{"value":1155,"label":"10,97A@13,7V"}],"pa_volt-v":[{"value":2186,"label":"9, 12, 24, 32"}]},"featured_image_src_large":["https:\/\/xenonkungen.com\/wp-content\/uploads\/2025\/05\/W9-x3-1-1024x1024.png",1024,1024,true],"author_info":[],"comment_info":0,"_links":{"self":[{"href":"https:\/\/xenonkungen.com\/no\/wp-json\/wp\/v2\/product\/9375","targetHints":{"allow":["GET"]}}],"collection":[{"href":"https:\/\/xenonkungen.com\/no\/wp-json\/wp\/v2\/product"}],"about":[{"href":"https:\/\/xenonkungen.com\/no\/wp-json\/wp\/v2\/types\/product"}],"replies":[{"embeddable":true,"href":"https:\/\/xenonkungen.com\/no\/wp-json\/wp\/v2\/comments?post=9375"}],"wp:featuredmedia":[{"embeddable":true,"href":"https:\/\/xenonkungen.com\/no\/wp-json\/wp\/v2\/media\/9932"}],"wp:attachment":[{"href":"https:\/\/xenonkungen.com\/no\/wp-json\/wp\/v2\/media?parent=9375"}],"wp:term":[{"taxonomy":"anvandningsomrade","embeddable":true,"href":"https:\/\/xenonkungen.com\/no\/wp-json\/wp\/v2\/anvandningsomrade?post=9375"},{"taxonomy":"bilmarken","embeddable":true,"href":"https:\/\/xenonkungen.com\/no\/wp-json\/wp\/v2\/bilmarken?post=9375"},{"taxonomy":"product_brand","embeddable":true,"href":"https:\/\/xenonkungen.com\/no\/wp-json\/wp\/v2\/product_brand?post=9375"},{"taxonomy":"product_cat","embeddable":true,"href":"https:\/\/xenonkungen.com\/no\/wp-json\/wp\/v2\/product_cat?post=9375"},{"taxonomy":"product_tag","embeddable":true,"href":"https:\/\/xenonkungen.com\/no\/wp-json\/wp\/v2\/product_tag?post=9375"}],"curies":[{"name":"wp","href":"https:\/\/api.w.org\/{rel}","templated":true}]}}