{"id":9433,"date":"2025-05-20T07:56:30","date_gmt":"2025-05-20T07:56:30","guid":{"rendered":"https:\/\/xenonkungen.com\/product\/ozz-xr2-9-black-rad5\/"},"modified":"2026-04-21T15:39:49","modified_gmt":"2026-04-21T14:39:49","slug":"ozz-xr2-9-svart-rad5","status":"publish","type":"product","link":"https:\/\/xenonkungen.com\/no\/produkt\/ozz-xr2-9-svart-rad5\/","title":{"rendered":"OZZ XR2 9\u2033 svart RAD5"},"content":{"rendered":"<h2><strong>Ekstra lyskaster OZZ 9\u2033 svart med ekstra lyktmontering Rallyfemma for 5 ekstra lykter - din ultimate lysoppgradering<\/strong><\/h2>\n<p>Ta kj\u00f8reopplevelsen til neste niv\u00e5 med OZZ 9\u2033 Black Extra Light Package med ekstra lyktmontering Rallyfemma for 5 ekstra lykter. Denne pakken er designet for \u00e5 gi deg optimal sikt og en stilig svart finish som ikke bare forbedrer sikkerheten din p\u00e5 veien, men som ogs\u00e5 forbedrer utseendet p\u00e5 bilen din.<\/p>\n<ul>\n<li>Rekkevidde: 1 lux @ R:112 480 m, Boost: 680 m<\/li>\n<li>Dynamisk oppstartslys: hvit\/oransje<\/li>\n<li>M\u00e5lte lumen: 10 600 lm<\/li>\n<li>Teoretisk lumen: 15 000 lm<\/li>\n<li>Fargetemperatur: 5000 K<\/li>\n<\/ul>\n<p><strong>Hovedfunksjoner:<\/strong><\/p>\n<ul>\n<li><strong>Maksimal belysning:<\/strong> Fem kraftige ekstralys gir uovertruffen sikt under alle forhold, noe som gj\u00f8r kj\u00f8returen tryggere og mer komfortabel.<\/li>\n<li><strong>Robust design:<\/strong> Den elegante, svarte designen kombinerer estetikk med slitestyrke, perfekt for b\u00e5de hverdagsbruk og t\u00f8ffere rallyforhold.<\/li>\n<li><strong>Enkel installasjon:<\/strong> Rallyfemma Auxiliary Light Mount gj\u00f8r monteringen enkel og lett, slik at du kan komme raskt i gang og nyte godt av bedre belysning.<\/li>\n<li><strong>Allsidig bruk:<\/strong> Ideell for alle typer kj\u00f8ret\u00f8y, fra personbiler til rallybiler, som krever ekstra lysstyrke og stil.<\/li>\n<\/ul>\n<p>Oppgrader bilen din med OZZ 9\u2033 Black Extra Light Kit og opplev forskjellen. Bestill n\u00e5 og kj\u00f8r med selvtillit, dag eller natt!<\/p>","protected":false},"excerpt":{"rendered":"<p>Oppdag OZZ 9\u2033 Black Extra Light Kit med Rallyfemma Extra Light Mount for 5 ekstra lykter! Maksimal synlighet og stil i en kraftig svart design. Perfekt for deg som \u00f8nsker \u00e5 kombinere overlegen ytelse og elegant estetikk p\u00e5 veien. Oppgrader i dag og kj\u00f8r tryggere!<\/p>","protected":false},"featured_media":9975,"comment_status":"closed","ping_status":"closed","template":"","meta":{"_acf_changed":false,"_smort_price_nok":"21357","_smort_price_dkk":"12214","_smort_price_eur":"1636.29","_smort_sale_price_nok":"","_smort_sale_price_dkk":"","_smort_sale_price_eur":"","smort_restorder":"","shipmondo_restorder":"","_kad_blocks_custom_css":"","_kad_blocks_head_custom_js":"","_kad_blocks_body_custom_js":"","_kad_blocks_footer_custom_js":"","smort_custom_pricelist_1":"12796.8","smort_custom_pricelist_2":"12796.8","smort_custom_pricelist_3":"12796.8","smort_custom_pricelist_4":"15996","smort_custom_pricelist_5":"12796.8"},"anvandningsomrade":[207,166,167,1915],"bilmarken":[168],"product_brand":[1051,109],"product_cat":[1859],"product_tag":[2734,2726],"class_list":{"0":"post-9433","1":"product","2":"type-product","3":"status-publish","4":"has-post-thumbnail","6":"anvandningsomrade-husbil","7":"anvandningsomrade-lastbil","8":"anvandningsomrade-personbil","9":"anvandningsomrade-skapbil","10":"bilmarken-alla","11":"product_brand-ozz","12":"product_brand-ozz-lights","13":"product_cat-extraljuspaket","14":"product_tag-ozz","15":"product_tag-produktpaket","16":"pa_fargtemperatur-5000k","17":"pa_fuktskydd-varde-ipxx-ip68-ip69k","18":"pa_godkannande-ece-emc-r10-r112-r7","19":"pa_lampsockel-kontakt-dt4","20":"pa_led-chips-effekt-w-130-134","21":"pa_ljusbild-driving","22":"pa_stromforbrukning-105a-12v","23":"pa_stromforbrukning-52a-24v","24":"pa_volt-v-10-12-24-32-36","26":"first","27":"onbackorder","28":"taxable","29":"shipping-taxable","30":"purchasable","31":"product-type-bundle"},"bundled_by":[],"bundle_stock_status":"instock","bundle_stock_quantity":"","bundle_virtual":false,"bundle_layout":"default","bundle_add_to_cart_form_location":"default","bundle_editable_in_cart":false,"bundle_sold_individually_context":"product","bundle_item_grouping":"parent","bundle_min_size":"","bundle_max_size":"","bundle_price":{"price":{"min":{"incl_tax":"21357.26","excl_tax":"17085.81019932"},"max":{"incl_tax":"21357.26","excl_tax":"17085.81019932"}},"regular_price":{"min":{"incl_tax":"21357.26","excl_tax":"17085.81019932"},"max":{"incl_tax":"21357.26","excl_tax":"17085.81019932"}}},"bundled_items":[{"bundled_item_id":216,"product_id":3244,"menu_order":0,"quantity_min":1,"quantity_max":1,"quantity_default":1,"priced_individually":false,"shipped_individually":false,"override_title":false,"title":"OZZ XR2 P9 Svart","override_description":false,"description":"","optional":false,"hide_thumbnail":false,"discount":"","override_variations":false,"allowed_variations":[],"override_default_variation_attributes":false,"default_variation_attributes":[],"single_product_visibility":"visible","cart_visibility":"visible","order_visibility":"visible","single_product_price_visibility":"visible","cart_price_visibility":"visible","order_price_visibility":"visible","stock_status":"in_stock"},{"bundled_item_id":217,"product_id":3205,"menu_order":1,"quantity_min":1,"quantity_max":1,"quantity_default":1,"priced_individually":false,"shipped_individually":false,"override_title":false,"title":"Rel\u00e9kabelsett 1. 4-polet DT 2m 80A Rel\u00e9 60A","override_description":false,"description":"","optional":false,"hide_thumbnail":false,"discount":"","override_variations":false,"allowed_variations":[],"override_default_variation_attributes":false,"default_variation_attributes":[],"single_product_visibility":"visible","cart_visibility":"visible","order_visibility":"visible","single_product_price_visibility":"visible","cart_price_visibility":"visible","order_price_visibility":"visible","stock_status":"in_stock"},{"bundled_item_id":218,"product_id":3194,"menu_order":2,"quantity_min":1,"quantity_max":1,"quantity_default":1,"priced_individually":false,"shipped_individually":false,"override_title":false,"title":"BriodLights kabelsett 4stk 4-pinners. DT 2m 80A rel\u00e9 60A OZZ","override_description":false,"description":"","optional":false,"hide_thumbnail":false,"discount":"","override_variations":false,"allowed_variations":[],"override_default_variation_attributes":false,"default_variation_attributes":[],"single_product_visibility":"visible","cart_visibility":"visible","order_visibility":"visible","single_product_price_visibility":"visible","cart_price_visibility":"visible","order_price_visibility":"visible","stock_status":"in_stock"},{"bundled_item_id":219,"product_id":2722,"menu_order":3,"quantity_min":1,"quantity_max":1,"quantity_default":1,"priced_individually":false,"shipped_individually":false,"override_title":false,"title":"Ekstra lysbrakett for 5 x 225 mm|9\" Rally-vippskive","override_description":false,"description":"","optional":false,"hide_thumbnail":false,"discount":"","override_variations":false,"allowed_variations":[],"override_default_variation_attributes":false,"default_variation_attributes":[],"single_product_visibility":"visible","cart_visibility":"visible","order_visibility":"visible","single_product_price_visibility":"visible","cart_price_visibility":"visible","order_price_visibility":"visible","stock_status":"in_stock"},{"bundled_item_id":220,"product_id":2720,"menu_order":4,"quantity_min":1,"quantity_max":1,"quantity_default":1,"priced_individually":false,"shipped_individually":false,"override_title":false,"title":"Ekstra lysholder Rund Svart","override_description":false,"description":"","optional":false,"hide_thumbnail":false,"discount":"","override_variations":false,"allowed_variations":[],"override_default_variation_attributes":false,"default_variation_attributes":[],"single_product_visibility":"visible","cart_visibility":"visible","order_visibility":"visible","single_product_price_visibility":"visible","cart_price_visibility":"visible","order_price_visibility":"visible","stock_status":"in_stock"}],"bundle_sell_ids":[],"acf":[],"yoast_head":"<!-- This site is optimized with the Yoast SEO plugin v27.0 - https:\/\/yoast.com\/product\/yoast-seo-wordpress\/ -->\n<title>OZZ XR2 9&quot; Black RAD5 - Xenonkungen<\/title>\n<meta name=\"robots\" content=\"index, follow, max-snippet:-1, max-image-preview:large, max-video-preview:-1\" \/>\n<link rel=\"canonical\" href=\"https:\/\/xenonkungen.com\/no\/produkt\/ozz-xr2-9-svart-rad5\/\" \/>\n<meta property=\"og:locale\" content=\"nb_NO\" \/>\n<meta property=\"og:type\" content=\"article\" \/>\n<meta property=\"og:title\" content=\"OZZ XR2 9&quot; Black RAD5 - Xenonkungen\" \/>\n<meta property=\"og:description\" content=\"Uppt\u00e4ck Extraljuspaket OZZ 9&quot; Black med Extraljusf\u00e4ste Rallyfemma f\u00f6r 5 Extraljus! Maximal sikt och stil i en kraftfull svart design. Perfekt f\u00f6r dig som vill kombinera \u00f6verl\u00e4gsen prestanda och elegant estetik p\u00e5 v\u00e4garna. Uppgradera idag och k\u00f6r s\u00e4krare!\" \/>\n<meta property=\"og:url\" content=\"https:\/\/xenonkungen.com\/no\/produkt\/ozz-xr2-9-svart-rad5\/\" \/>\n<meta property=\"og:site_name\" content=\"Xenonkungen\" \/>\n<meta property=\"article:modified_time\" content=\"2026-04-21T14:39:49+00:00\" \/>\n<meta property=\"og:image\" content=\"https:\/\/xenonkungen.com\/wp-content\/uploads\/2025\/05\/213773963-origpic-ba5fdd-1.png\" \/>\n\t<meta property=\"og:image:width\" content=\"951\" \/>\n\t<meta property=\"og:image:height\" content=\"1004\" \/>\n\t<meta property=\"og:image:type\" content=\"image\/png\" \/>\n<meta name=\"twitter:card\" content=\"summary_large_image\" \/>\n<meta name=\"twitter:label1\" content=\"Ansl. lesetid\" \/>\n\t<meta name=\"twitter:data1\" content=\"2 minutter\" \/>\n<script type=\"application\/ld+json\" class=\"yoast-schema-graph\">{\"@context\":\"https:\/\/schema.org\",\"@graph\":[{\"@type\":\"WebPage\",\"@id\":\"https:\/\/xenonkungen.com\/produkt\/ozz-xr2-9-black-rad5\/\",\"url\":\"https:\/\/xenonkungen.com\/produkt\/ozz-xr2-9-black-rad5\/\",\"name\":\"OZZ XR2 9\\\" Black RAD5 - Xenonkungen\",\"isPartOf\":{\"@id\":\"https:\/\/xenonkungen.com\/#website\"},\"primaryImageOfPage\":{\"@id\":\"https:\/\/xenonkungen.com\/produkt\/ozz-xr2-9-black-rad5\/#primaryimage\"},\"image\":{\"@id\":\"https:\/\/xenonkungen.com\/produkt\/ozz-xr2-9-black-rad5\/#primaryimage\"},\"thumbnailUrl\":\"https:\/\/xenonkungen.com\/wp-content\/uploads\/2025\/05\/213773963-origpic-ba5fdd-1.png\",\"datePublished\":\"2025-05-20T07:56:30+00:00\",\"dateModified\":\"2026-04-21T14:39:49+00:00\",\"breadcrumb\":{\"@id\":\"https:\/\/xenonkungen.com\/produkt\/ozz-xr2-9-black-rad5\/#breadcrumb\"},\"inLanguage\":\"nb-NO\",\"potentialAction\":[{\"@type\":\"ReadAction\",\"target\":[\"https:\/\/xenonkungen.com\/produkt\/ozz-xr2-9-black-rad5\/\"]}]},{\"@type\":\"ImageObject\",\"inLanguage\":\"nb-NO\",\"@id\":\"https:\/\/xenonkungen.com\/produkt\/ozz-xr2-9-black-rad5\/#primaryimage\",\"url\":\"https:\/\/xenonkungen.com\/wp-content\/uploads\/2025\/05\/213773963-origpic-ba5fdd-1.png\",\"contentUrl\":\"https:\/\/xenonkungen.com\/wp-content\/uploads\/2025\/05\/213773963-origpic-ba5fdd-1.png\",\"width\":951,\"height\":1004},{\"@type\":\"BreadcrumbList\",\"@id\":\"https:\/\/xenonkungen.com\/produkt\/ozz-xr2-9-black-rad5\/#breadcrumb\",\"itemListElement\":[{\"@type\":\"ListItem\",\"position\":1,\"name\":\"Hem\",\"item\":\"https:\/\/xenonkungen.com\/\"},{\"@type\":\"ListItem\",\"position\":2,\"name\":\"Shop\",\"item\":\"https:\/\/xenonkungen.com\/shop\/\"},{\"@type\":\"ListItem\",\"position\":3,\"name\":\"OZZ XR2 9&#8243; Black RAD5\"}]},{\"@type\":\"WebSite\",\"@id\":\"https:\/\/xenonkungen.com\/#website\",\"url\":\"https:\/\/xenonkungen.com\/\",\"name\":\"Xenonkungen\",\"description\":\"\",\"potentialAction\":[{\"@type\":\"SearchAction\",\"target\":{\"@type\":\"EntryPoint\",\"urlTemplate\":\"https:\/\/xenonkungen.com\/?s={search_term_string}\"},\"query-input\":{\"@type\":\"PropertyValueSpecification\",\"valueRequired\":true,\"valueName\":\"search_term_string\"}}],\"inLanguage\":\"nb-NO\"}]}<\/script>\n<!-- \/ Yoast SEO plugin. -->","yoast_head_json":{"title":"OZZ XR2 9&quot; svarte RAD5 \u2013 Xenon-kongen","robots":{"index":"index","follow":"follow","max-snippet":"max-snippet:-1","max-image-preview":"max-image-preview:large","max-video-preview":"max-video-preview:-1"},"canonical":"https:\/\/xenonkungen.com\/no\/produkt\/ozz-xr2-9-svart-rad5\/","og_locale":"nb_NO","og_type":"article","og_title":"OZZ XR2 9\" Black RAD5 - Xenonkungen","og_description":"Uppt\u00e4ck Extraljuspaket OZZ 9\" Black med Extraljusf\u00e4ste Rallyfemma f\u00f6r 5 Extraljus! Maximal sikt och stil i en kraftfull svart design. Perfekt f\u00f6r dig som vill kombinera \u00f6verl\u00e4gsen prestanda och elegant estetik p\u00e5 v\u00e4garna. Uppgradera idag och k\u00f6r s\u00e4krare!","og_url":"https:\/\/xenonkungen.com\/no\/produkt\/ozz-xr2-9-svart-rad5\/","og_site_name":"Xenonkungen","article_modified_time":"2026-04-21T14:39:49+00:00","og_image":[{"width":951,"height":1004,"url":"https:\/\/xenonkungen.com\/wp-content\/uploads\/2025\/05\/213773963-origpic-ba5fdd-1.png","type":"image\/png"}],"twitter_card":"summary_large_image","twitter_misc":{"Ansl. lesetid":"2 minutter"},"schema":{"@context":"https:\/\/schema.org","@graph":[{"@type":"WebPage","@id":"https:\/\/xenonkungen.com\/produkt\/ozz-xr2-9-black-rad5\/","url":"https:\/\/xenonkungen.com\/produkt\/ozz-xr2-9-black-rad5\/","name":"OZZ XR2 9&quot; svarte RAD5 \u2013 Xenon-kongen","isPartOf":{"@id":"https:\/\/xenonkungen.com\/#website"},"primaryImageOfPage":{"@id":"https:\/\/xenonkungen.com\/produkt\/ozz-xr2-9-black-rad5\/#primaryimage"},"image":{"@id":"https:\/\/xenonkungen.com\/produkt\/ozz-xr2-9-black-rad5\/#primaryimage"},"thumbnailUrl":"https:\/\/xenonkungen.com\/wp-content\/uploads\/2025\/05\/213773963-origpic-ba5fdd-1.png","datePublished":"2025-05-20T07:56:30+00:00","dateModified":"2026-04-21T14:39:49+00:00","breadcrumb":{"@id":"https:\/\/xenonkungen.com\/produkt\/ozz-xr2-9-black-rad5\/#breadcrumb"},"inLanguage":"nb-NO","potentialAction":[{"@type":"ReadAction","target":["https:\/\/xenonkungen.com\/produkt\/ozz-xr2-9-black-rad5\/"]}]},{"@type":"ImageObject","inLanguage":"nb-NO","@id":"https:\/\/xenonkungen.com\/produkt\/ozz-xr2-9-black-rad5\/#primaryimage","url":"https:\/\/xenonkungen.com\/wp-content\/uploads\/2025\/05\/213773963-origpic-ba5fdd-1.png","contentUrl":"https:\/\/xenonkungen.com\/wp-content\/uploads\/2025\/05\/213773963-origpic-ba5fdd-1.png","width":951,"height":1004},{"@type":"BreadcrumbList","@id":"https:\/\/xenonkungen.com\/produkt\/ozz-xr2-9-black-rad5\/#breadcrumb","itemListElement":[{"@type":"ListItem","position":1,"name":"Hem","item":"https:\/\/xenonkungen.com\/"},{"@type":"ListItem","position":2,"name":"Shop","item":"https:\/\/xenonkungen.com\/shop\/"},{"@type":"ListItem","position":3,"name":"OZZ XR2 9&#8243; Black RAD5"}]},{"@type":"WebSite","@id":"https:\/\/xenonkungen.com\/#website","url":"https:\/\/xenonkungen.com\/","name":"Xenonkungen","description":"","potentialAction":[{"@type":"SearchAction","target":{"@type":"EntryPoint","urlTemplate":"https:\/\/xenonkungen.com\/?s={search_term_string}"},"query-input":{"@type":"PropertyValueSpecification","valueRequired":true,"valueName":"search_term_string"}}],"inLanguage":"nb-NO"}]}},"taxonomy_info":{"anvandningsomrade":[{"value":207,"label":"Husbil"},{"value":166,"label":"Lastbil"},{"value":167,"label":"PERSONBIL"},{"value":1915,"label":"Sk\u00e5pbil"}],"bilmarken":[{"value":168,"label":"Alla"}],"product_brand":[{"value":1051,"label":"OZZ"},{"value":109,"label":"OZZ LIGHTS"}],"product_cat":[{"value":1859,"label":"Extraljuspaket"}],"product_tag":[{"value":2734,"label":"OZZ"},{"value":2726,"label":"produktpaket"}],"pa_fargtemperatur":[{"value":154,"label":"5000K"}],"pa_fuktskydd-varde-ipxx":[{"value":402,"label":"IP68. IP69K"}],"pa_godkannande":[{"value":1073,"label":"ECE, EMC, R10, R112, R7"}],"pa_lampsockel-kontakt":[{"value":404,"label":"DT4"}],"pa_led-chips-effekt-w":[{"value":1069,"label":"130, 134"}],"pa_ljusbild":[{"value":178,"label":"Driving"}],"pa_stromforbrukning":[{"value":2195,"label":"10,5A @ 12V"},{"value":317,"label":"5,2A @24V"}],"pa_volt-v":[{"value":2194,"label":"10, 12, 24, 32, 36"}]},"featured_image_src_large":["https:\/\/xenonkungen.com\/wp-content\/uploads\/2025\/05\/213773963-origpic-ba5fdd-1.png",951,1004,false],"author_info":[],"comment_info":0,"_links":{"self":[{"href":"https:\/\/xenonkungen.com\/no\/wp-json\/wp\/v2\/product\/9433","targetHints":{"allow":["GET"]}}],"collection":[{"href":"https:\/\/xenonkungen.com\/no\/wp-json\/wp\/v2\/product"}],"about":[{"href":"https:\/\/xenonkungen.com\/no\/wp-json\/wp\/v2\/types\/product"}],"replies":[{"embeddable":true,"href":"https:\/\/xenonkungen.com\/no\/wp-json\/wp\/v2\/comments?post=9433"}],"wp:featuredmedia":[{"embeddable":true,"href":"https:\/\/xenonkungen.com\/no\/wp-json\/wp\/v2\/media\/9975"}],"wp:attachment":[{"href":"https:\/\/xenonkungen.com\/no\/wp-json\/wp\/v2\/media?parent=9433"}],"wp:term":[{"taxonomy":"anvandningsomrade","embeddable":true,"href":"https:\/\/xenonkungen.com\/no\/wp-json\/wp\/v2\/anvandningsomrade?post=9433"},{"taxonomy":"bilmarken","embeddable":true,"href":"https:\/\/xenonkungen.com\/no\/wp-json\/wp\/v2\/bilmarken?post=9433"},{"taxonomy":"product_brand","embeddable":true,"href":"https:\/\/xenonkungen.com\/no\/wp-json\/wp\/v2\/product_brand?post=9433"},{"taxonomy":"product_cat","embeddable":true,"href":"https:\/\/xenonkungen.com\/no\/wp-json\/wp\/v2\/product_cat?post=9433"},{"taxonomy":"product_tag","embeddable":true,"href":"https:\/\/xenonkungen.com\/no\/wp-json\/wp\/v2\/product_tag?post=9433"}],"curies":[{"name":"wp","href":"https:\/\/api.w.org\/{rel}","templated":true}]}}