{"id":948,"date":"2025-04-15T09:36:16","date_gmt":"2025-04-15T09:36:16","guid":{"rendered":"https:\/\/xenonkungen.com\/product\/ledriving-hl-street-legal-h1-2\/"},"modified":"2026-03-04T17:03:09","modified_gmt":"2026-03-04T16:03:09","slug":"ledriving-hl-gatelovlig-h1-2","status":"publish","type":"product","link":"https:\/\/xenonkungen.com\/no\/produkt\/ledriving-hl-gatelovlig-h1-2\/","title":{"rendered":"LEDriving\u00ae HL Street Legal H1"},"content":{"rendered":"<header>\n<h1>OSRAM NIGHT BREAKER H1-LED - Banebrytende LED-teknologi for bilen din<\/h1>\n<\/header>\n<section>\n<h2>Oppdag fremtidens belysning<\/h2>\n<p>Oppgrader bilens n\u00e6r- og fjernlys med <strong>OSRAM NIGHT BREAKER H1-LED<\/strong>Markedets f\u00f8rste H1 LED-lampe med veigodkjenning! Gi bilen din et sterkt og kraftig hvitt lys med opptil 6000 Kelvin og \u00f8kt sikkerhet p\u00e5 veiene.<\/p>\n<\/section>\n<section>\n<h2>Fordeler med NIGHT BREAKER H1-LED<\/h2>\n<ul>\n<li><strong>Redusert blending:<\/strong> Opptil 40 % mindre blending for m\u00f8tende trafikk.<\/li>\n<li><strong>Energieffektivitet:<\/strong> Spar opptil 55 % energi sammenlignet med halogenlamper.<\/li>\n<li><strong>Lang levetid:<\/strong> Opptil 5 ganger lengre levetid takket v\u00e6re vibrasjonsbestandig design.<\/li>\n<li><strong>F\u00f8rerkort for bil:<\/strong> Fullt godkjent for bruk p\u00e5 offentlig vei.<\/li>\n<li><strong>Garanti:<\/strong> OSRAMs dedikerte garanti for kvalitet og holdbarhet.<\/li>\n<\/ul>\n<\/section>\n<section>\n<h2>Hvorfor velge LED?<\/h2>\n<p>Med LED-lys f\u00e5r du ikke bare en sterkere og mer holdbar lyskilde, men ogs\u00e5 et mer energieffektivt alternativ som sparer b\u00e5de energi og penger i det lange l\u00f8p. Gi bilen din et moderne og stilig preg med <strong>NATTBRYTER H1-LED<\/strong>og opplev kj\u00f8ring med en lysstyrke som tar deg videre.<\/p>\n<\/section>\n<footer><strong>Tekniske spesifikasjoner<\/strong>Lampehetter: <strong>H1 | CE-godkjent LED-lyskilde | lovlig ettermonteringslampe<\/strong><br \/>\nNominell wattstyrke: 16 W<br \/>\nLysstr\u00f8m: 1550 lm<br \/>\nFargetemperatur: 6 000 kelvin<br \/>\nLevetid Tc i timer: 2 500 timer<br \/>\nLevetid B3: 1 500 timer<br \/>\nTeknologi: <strong>LED<\/strong><br \/>\nGaranti: opptil 4 \u00e5r<\/p>\n<\/footer>\n<h2><a href=\"https:\/\/look.ams-osram.com\/m\/279bdebe1f871386\/original\/led-night-breaker-h7-vehicle-list-en.pdf\" target=\"_blank\" rel=\"noopener\">Se kompatible bilmodeller her<\/a><\/h2>","protected":false},"excerpt":{"rendered":"<p>Oppdag OSRAM NIGHT BREAKER H1-LED - markedets f\u00f8rste H1-LED-erstatningslykt som er godkjent for bruk p\u00e5 vei. Oppgrader bilens frontlykter med toppmoderne LED-teknologi som gir et sterkt, hvitt lys og opptil 55 % energibesparelser, med forbedret sikkerhet og opptil 5 ganger lengre levetid.<\/p>","protected":false},"featured_media":5839,"comment_status":"closed","ping_status":"closed","template":"","meta":{"_acf_changed":false,"_smort_price_nok":"1704","_smort_price_dkk":"1082","_smort_price_eur":"144.99","_smort_sale_price_nok":"","_smort_sale_price_dkk":"","_smort_sale_price_eur":"","smort_restorder":"","shipmondo_restorder":"","_kad_blocks_custom_css":"","_kad_blocks_head_custom_js":"","_kad_blocks_body_custom_js":"","_kad_blocks_footer_custom_js":"","smort_custom_pricelist_1":"1020.8","smort_custom_pricelist_2":"893.2","smort_custom_pricelist_3":"829.4","smort_custom_pricelist_4":"1276","smort_custom_pricelist_5":"893.2"},"anvandningsomrade":[167],"bilmarken":[208,240,194,241,242,195,243,209,244,245,246,247,248,210,249,196,250,251,252,253,197,211,254,212,255,256,257,258,259,213,260,261,198,262,263,264,265,266,267,199,268,269,270,271,200,272,273,274,215,275,276,277,278,201,279,202,280,281,216,282,203,283,284,285,286,204,217,218,287,288,289,290,219,205,169,291],"product_brand":[108],"product_cat":[16],"product_tag":[],"class_list":{"0":"post-948","1":"product","2":"type-product","3":"status-publish","4":"has-post-thumbnail","6":"anvandningsomrade-personbil","7":"bilmarken-abarth","8":"bilmarken-acura","9":"bilmarken-alfa-romeo","10":"bilmarken-alpina","11":"bilmarken-aston-martin","12":"bilmarken-audi","13":"bilmarken-bentley","14":"bilmarken-bmw","15":"bilmarken-bugatti","16":"bilmarken-buick","17":"bilmarken-cadillac","18":"bilmarken-chevrolet","19":"bilmarken-chrysler","20":"bilmarken-citroen","21":"bilmarken-cupra","22":"bilmarken-dacia","23":"bilmarken-daewoo","24":"bilmarken-daihatsu","25":"bilmarken-dodge","26":"bilmarken-ds","27":"bilmarken-ferrari","28":"bilmarken-fiat","29":"bilmarken-fisker","30":"bilmarken-ford","31":"bilmarken-geely","32":"bilmarken-genesis","33":"bilmarken-gmc","34":"bilmarken-honda","35":"bilmarken-hummer","36":"bilmarken-hyundai","37":"bilmarken-infiniti","38":"bilmarken-isuzu","39":"bilmarken-iveco","40":"bilmarken-jaguar","41":"bilmarken-jeep","42":"bilmarken-kia","43":"bilmarken-koenigsegg","44":"bilmarken-lada","45":"bilmarken-lamborghini","46":"bilmarken-lancia","47":"bilmarken-land-rover","48":"bilmarken-lexus","49":"bilmarken-lincoln","50":"bilmarken-lotus","51":"bilmarken-maserati","52":"bilmarken-maxus","53":"bilmarken-mazda","54":"bilmarken-mclaren","55":"bilmarken-mercedes-benz","56":"bilmarken-mg","57":"bilmarken-mini","58":"bilmarken-mitsubishi","59":"bilmarken-nissan","60":"bilmarken-opel","61":"bilmarken-pagani","62":"bilmarken-peugeot","63":"bilmarken-polestar","64":"bilmarken-pontiac","65":"bilmarken-porsche","66":"bilmarken-ram","67":"bilmarken-renault","68":"bilmarken-rivian","69":"bilmarken-rolls-royce","70":"bilmarken-rover","71":"bilmarken-saab","72":"bilmarken-seat","73":"bilmarken-skoda","74":"bilmarken-smart","75":"bilmarken-ssangyong","76":"bilmarken-subaru","77":"bilmarken-suzuki","78":"bilmarken-tesla","79":"bilmarken-toyota","80":"bilmarken-volkswagen","81":"bilmarken-volvo","82":"bilmarken-wiesmann","83":"product_brand-osram","84":"product_cat-uncategorized","85":"pa_faktisk-effekts-forbrukning-187","86":"pa_fargtemperatur-6000k","87":"pa_lampsockel-kontakt-h1","88":"pa_volt-v-159","90":"first","91":"instock","92":"taxable","93":"shipping-taxable","94":"purchasable","95":"product-type-simple"},"bundled_by":[],"bundle_stock_status":"instock","bundle_stock_quantity":5,"bundle_virtual":false,"bundle_layout":"","bundle_add_to_cart_form_location":"","bundle_editable_in_cart":false,"bundle_sold_individually_context":"","bundle_item_grouping":"","bundle_min_size":"","bundle_max_size":"","bundle_price":[],"bundled_items":[],"bundle_sell_ids":[],"acf":[],"yoast_head":"<!-- This site is optimized with the Yoast SEO plugin v27.0 - https:\/\/yoast.com\/product\/yoast-seo-wordpress\/ -->\n<title>LEDriving\u00ae HL Street Legal H1 - Xenonkungen<\/title>\n<meta name=\"robots\" content=\"index, follow, max-snippet:-1, max-image-preview:large, max-video-preview:-1\" \/>\n<link rel=\"canonical\" href=\"https:\/\/xenonkungen.com\/no\/produkt\/ledriving-hl-gatelovlig-h1-2\/\" \/>\n<meta property=\"og:locale\" content=\"nb_NO\" \/>\n<meta property=\"og:type\" content=\"article\" \/>\n<meta property=\"og:title\" content=\"LEDriving\u00ae HL Street Legal H1 - Xenonkungen\" \/>\n<meta property=\"og:description\" content=\"Uppt\u00e4ck OSRAM NIGHT BREAKER H1-LED \u2013 marknadens f\u00f6rsta v\u00e4ggodk\u00e4nda H1-LED ers\u00e4ttningslampa. Uppgradera dina fordons str\u00e5lkastare med toppmodern LED-teknik som ger ett klart, vitt ljus och upp till 55 % energibesparing, med f\u00f6rb\u00e4ttrad s\u00e4kerhet och upp till 5 g\u00e5nger l\u00e4ngre livsl\u00e4ngd.\" \/>\n<meta property=\"og:url\" content=\"https:\/\/xenonkungen.com\/no\/produkt\/ledriving-hl-gatelovlig-h1-2\/\" \/>\n<meta property=\"og:site_name\" content=\"Xenonkungen\" \/>\n<meta property=\"article:modified_time\" content=\"2026-03-04T16:03:09+00:00\" \/>\n<meta property=\"og:image\" content=\"https:\/\/xenonkungen.com\/wp-content\/uploads\/2025\/04\/215582877-origpic-66b86e.jpg\" \/>\n\t<meta property=\"og:image:width\" content=\"905\" \/>\n\t<meta property=\"og:image:height\" content=\"692\" \/>\n\t<meta property=\"og:image:type\" content=\"image\/jpeg\" \/>\n<meta name=\"twitter:card\" content=\"summary_large_image\" \/>\n<meta name=\"twitter:label1\" content=\"Ansl. lesetid\" \/>\n\t<meta name=\"twitter:data1\" content=\"2 minutter\" \/>\n<script type=\"application\/ld+json\" class=\"yoast-schema-graph\">{\"@context\":\"https:\/\/schema.org\",\"@graph\":[{\"@type\":\"WebPage\",\"@id\":\"https:\/\/xenonkungen.com\/produkt\/ledriving-hl-street-legal-h1-2\/\",\"url\":\"https:\/\/xenonkungen.com\/produkt\/ledriving-hl-street-legal-h1-2\/\",\"name\":\"LEDriving\u00ae HL Street Legal H1 - Xenonkungen\",\"isPartOf\":{\"@id\":\"https:\/\/xenonkungen.com\/#website\"},\"primaryImageOfPage\":{\"@id\":\"https:\/\/xenonkungen.com\/produkt\/ledriving-hl-street-legal-h1-2\/#primaryimage\"},\"image\":{\"@id\":\"https:\/\/xenonkungen.com\/produkt\/ledriving-hl-street-legal-h1-2\/#primaryimage\"},\"thumbnailUrl\":\"https:\/\/xenonkungen.com\/wp-content\/uploads\/2025\/04\/215582877-origpic-66b86e.jpg\",\"datePublished\":\"2025-04-15T09:36:16+00:00\",\"dateModified\":\"2026-03-04T16:03:09+00:00\",\"breadcrumb\":{\"@id\":\"https:\/\/xenonkungen.com\/produkt\/ledriving-hl-street-legal-h1-2\/#breadcrumb\"},\"inLanguage\":\"nb-NO\",\"potentialAction\":[{\"@type\":\"ReadAction\",\"target\":[\"https:\/\/xenonkungen.com\/produkt\/ledriving-hl-street-legal-h1-2\/\"]}]},{\"@type\":\"ImageObject\",\"inLanguage\":\"nb-NO\",\"@id\":\"https:\/\/xenonkungen.com\/produkt\/ledriving-hl-street-legal-h1-2\/#primaryimage\",\"url\":\"https:\/\/xenonkungen.com\/wp-content\/uploads\/2025\/04\/215582877-origpic-66b86e.jpg\",\"contentUrl\":\"https:\/\/xenonkungen.com\/wp-content\/uploads\/2025\/04\/215582877-origpic-66b86e.jpg\",\"width\":905,\"height\":692},{\"@type\":\"BreadcrumbList\",\"@id\":\"https:\/\/xenonkungen.com\/produkt\/ledriving-hl-street-legal-h1-2\/#breadcrumb\",\"itemListElement\":[{\"@type\":\"ListItem\",\"position\":1,\"name\":\"Hem\",\"item\":\"https:\/\/xenonkungen.com\/\"},{\"@type\":\"ListItem\",\"position\":2,\"name\":\"Shop\",\"item\":\"https:\/\/xenonkungen.com\/shop\/\"},{\"@type\":\"ListItem\",\"position\":3,\"name\":\"LEDriving\u00ae HL Street Legal H1\"}]},{\"@type\":\"WebSite\",\"@id\":\"https:\/\/xenonkungen.com\/#website\",\"url\":\"https:\/\/xenonkungen.com\/\",\"name\":\"Xenonkungen\",\"description\":\"\",\"potentialAction\":[{\"@type\":\"SearchAction\",\"target\":{\"@type\":\"EntryPoint\",\"urlTemplate\":\"https:\/\/xenonkungen.com\/?s={search_term_string}\"},\"query-input\":{\"@type\":\"PropertyValueSpecification\",\"valueRequired\":true,\"valueName\":\"search_term_string\"}}],\"inLanguage\":\"nb-NO\"}]}<\/script>\n<!-- \/ Yoast SEO plugin. -->","yoast_head_json":{"title":"LEDriving\u00ae HL Street Legal H1 \u2013 Xenon-kongen","robots":{"index":"index","follow":"follow","max-snippet":"max-snippet:-1","max-image-preview":"max-image-preview:large","max-video-preview":"max-video-preview:-1"},"canonical":"https:\/\/xenonkungen.com\/no\/produkt\/ledriving-hl-gatelovlig-h1-2\/","og_locale":"nb_NO","og_type":"article","og_title":"LEDriving\u00ae HL Street Legal H1 - Xenonkungen","og_description":"Uppt\u00e4ck OSRAM NIGHT BREAKER H1-LED \u2013 marknadens f\u00f6rsta v\u00e4ggodk\u00e4nda H1-LED ers\u00e4ttningslampa. Uppgradera dina fordons str\u00e5lkastare med toppmodern LED-teknik som ger ett klart, vitt ljus och upp till 55 % energibesparing, med f\u00f6rb\u00e4ttrad s\u00e4kerhet och upp till 5 g\u00e5nger l\u00e4ngre livsl\u00e4ngd.","og_url":"https:\/\/xenonkungen.com\/no\/produkt\/ledriving-hl-gatelovlig-h1-2\/","og_site_name":"Xenonkungen","article_modified_time":"2026-03-04T16:03:09+00:00","og_image":[{"width":905,"height":692,"url":"https:\/\/xenonkungen.com\/wp-content\/uploads\/2025\/04\/215582877-origpic-66b86e.jpg","type":"image\/jpeg"}],"twitter_card":"summary_large_image","twitter_misc":{"Ansl. lesetid":"2 minutter"},"schema":{"@context":"https:\/\/schema.org","@graph":[{"@type":"WebPage","@id":"https:\/\/xenonkungen.com\/produkt\/ledriving-hl-street-legal-h1-2\/","url":"https:\/\/xenonkungen.com\/produkt\/ledriving-hl-street-legal-h1-2\/","name":"LEDriving\u00ae HL Street Legal H1 \u2013 Xenon-kongen","isPartOf":{"@id":"https:\/\/xenonkungen.com\/#website"},"primaryImageOfPage":{"@id":"https:\/\/xenonkungen.com\/produkt\/ledriving-hl-street-legal-h1-2\/#primaryimage"},"image":{"@id":"https:\/\/xenonkungen.com\/produkt\/ledriving-hl-street-legal-h1-2\/#primaryimage"},"thumbnailUrl":"https:\/\/xenonkungen.com\/wp-content\/uploads\/2025\/04\/215582877-origpic-66b86e.jpg","datePublished":"2025-04-15T09:36:16+00:00","dateModified":"2026-03-04T16:03:09+00:00","breadcrumb":{"@id":"https:\/\/xenonkungen.com\/produkt\/ledriving-hl-street-legal-h1-2\/#breadcrumb"},"inLanguage":"nb-NO","potentialAction":[{"@type":"ReadAction","target":["https:\/\/xenonkungen.com\/produkt\/ledriving-hl-street-legal-h1-2\/"]}]},{"@type":"ImageObject","inLanguage":"nb-NO","@id":"https:\/\/xenonkungen.com\/produkt\/ledriving-hl-street-legal-h1-2\/#primaryimage","url":"https:\/\/xenonkungen.com\/wp-content\/uploads\/2025\/04\/215582877-origpic-66b86e.jpg","contentUrl":"https:\/\/xenonkungen.com\/wp-content\/uploads\/2025\/04\/215582877-origpic-66b86e.jpg","width":905,"height":692},{"@type":"BreadcrumbList","@id":"https:\/\/xenonkungen.com\/produkt\/ledriving-hl-street-legal-h1-2\/#breadcrumb","itemListElement":[{"@type":"ListItem","position":1,"name":"Hem","item":"https:\/\/xenonkungen.com\/"},{"@type":"ListItem","position":2,"name":"Shop","item":"https:\/\/xenonkungen.com\/shop\/"},{"@type":"ListItem","position":3,"name":"LEDriving\u00ae HL Street Legal H1"}]},{"@type":"WebSite","@id":"https:\/\/xenonkungen.com\/#website","url":"https:\/\/xenonkungen.com\/","name":"Xenonkungen","description":"","potentialAction":[{"@type":"SearchAction","target":{"@type":"EntryPoint","urlTemplate":"https:\/\/xenonkungen.com\/?s={search_term_string}"},"query-input":{"@type":"PropertyValueSpecification","valueRequired":true,"valueName":"search_term_string"}}],"inLanguage":"nb-NO"}]}},"taxonomy_info":{"anvandningsomrade":[{"value":167,"label":"PERSONBIL"}],"bilmarken":[{"value":208,"label":"Abarth"},{"value":240,"label":"Acura"},{"value":194,"label":"Alfa Romeo"},{"value":241,"label":"Alpina"},{"value":242,"label":"Aston Martin"},{"value":195,"label":"Audi"},{"value":243,"label":"Bentley"},{"value":209,"label":"BMW"},{"value":244,"label":"Bugatti"},{"value":245,"label":"Buick"},{"value":246,"label":"Cadillac"},{"value":247,"label":"Chevrolet"},{"value":248,"label":"Chrysler"},{"value":210,"label":"Citroen"},{"value":249,"label":"Cupra"},{"value":196,"label":"Dacia"},{"value":250,"label":"Daewoo"},{"value":251,"label":"Daihatsu"},{"value":252,"label":"Dodge"},{"value":253,"label":"DS"},{"value":197,"label":"Ferrari"},{"value":211,"label":"Fiat"},{"value":254,"label":"Fisker"},{"value":212,"label":"Ford"},{"value":255,"label":"Geely"},{"value":256,"label":"Genesis"},{"value":257,"label":"GMC"},{"value":258,"label":"Honda"},{"value":259,"label":"Hummer"},{"value":213,"label":"Hyundai"},{"value":260,"label":"Infiniti"},{"value":261,"label":"Isuzu"},{"value":198,"label":"Iveco"},{"value":262,"label":"Jaguar"},{"value":263,"label":"Jeep"},{"value":264,"label":"Kia"},{"value":265,"label":"Koenigsegg"},{"value":266,"label":"Lada"},{"value":267,"label":"Lamborghini"},{"value":199,"label":"Lancia"},{"value":268,"label":"Land Rover"},{"value":269,"label":"Lexus"},{"value":270,"label":"Lincoln"},{"value":271,"label":"Lotus"},{"value":200,"label":"Maserati"},{"value":272,"label":"Maxus"},{"value":273,"label":"Mazda"},{"value":274,"label":"McLaren"},{"value":215,"label":"Mercedes-Benz"},{"value":275,"label":"MG"},{"value":276,"label":"Mini"},{"value":277,"label":"Mitsubishi"},{"value":278,"label":"Nissan"},{"value":201,"label":"Opel"},{"value":279,"label":"Pagani"},{"value":202,"label":"Peugeot"},{"value":280,"label":"Polestar"},{"value":281,"label":"Pontiac"},{"value":216,"label":"Porsche"},{"value":282,"label":"RAM"},{"value":203,"label":"Renault"},{"value":283,"label":"Rivian"},{"value":284,"label":"Rolls-Royce"},{"value":285,"label":"Rover"},{"value":286,"label":"Saab"},{"value":204,"label":"Seat"},{"value":217,"label":"Skoda"},{"value":218,"label":"Smart"},{"value":287,"label":"SsangYong"},{"value":288,"label":"Subaru"},{"value":289,"label":"Suzuki"},{"value":290,"label":"Tesla"},{"value":219,"label":"Toyota"},{"value":205,"label":"Volkswagen"},{"value":169,"label":"volvo"},{"value":291,"label":"Wiesmann"}],"product_brand":[{"value":108,"label":"OSRAM"}],"product_cat":[{"value":16,"label":"Uncategorized"}],"pa_faktisk-effekts-forbrukning":[{"value":187,"label":"16"}],"pa_fargtemperatur":[{"value":188,"label":"6000K"}],"pa_lampsockel-kontakt":[{"value":336,"label":"H1"}],"pa_volt-v":[{"value":159,"label":"12"}]},"featured_image_src_large":["https:\/\/xenonkungen.com\/wp-content\/uploads\/2025\/04\/215582877-origpic-66b86e.jpg",905,692,false],"author_info":[],"comment_info":1,"_links":{"self":[{"href":"https:\/\/xenonkungen.com\/no\/wp-json\/wp\/v2\/product\/948","targetHints":{"allow":["GET"]}}],"collection":[{"href":"https:\/\/xenonkungen.com\/no\/wp-json\/wp\/v2\/product"}],"about":[{"href":"https:\/\/xenonkungen.com\/no\/wp-json\/wp\/v2\/types\/product"}],"replies":[{"embeddable":true,"href":"https:\/\/xenonkungen.com\/no\/wp-json\/wp\/v2\/comments?post=948"}],"wp:featuredmedia":[{"embeddable":true,"href":"https:\/\/xenonkungen.com\/no\/wp-json\/wp\/v2\/media\/5839"}],"wp:attachment":[{"href":"https:\/\/xenonkungen.com\/no\/wp-json\/wp\/v2\/media?parent=948"}],"wp:term":[{"taxonomy":"anvandningsomrade","embeddable":true,"href":"https:\/\/xenonkungen.com\/no\/wp-json\/wp\/v2\/anvandningsomrade?post=948"},{"taxonomy":"bilmarken","embeddable":true,"href":"https:\/\/xenonkungen.com\/no\/wp-json\/wp\/v2\/bilmarken?post=948"},{"taxonomy":"product_brand","embeddable":true,"href":"https:\/\/xenonkungen.com\/no\/wp-json\/wp\/v2\/product_brand?post=948"},{"taxonomy":"product_cat","embeddable":true,"href":"https:\/\/xenonkungen.com\/no\/wp-json\/wp\/v2\/product_cat?post=948"},{"taxonomy":"product_tag","embeddable":true,"href":"https:\/\/xenonkungen.com\/no\/wp-json\/wp\/v2\/product_tag?post=948"}],"curies":[{"name":"wp","href":"https:\/\/api.w.org\/{rel}","templated":true}]}}